{"id":140,"date":"2019-02-18T11:25:13","date_gmt":"2019-02-18T10:25:13","guid":{"rendered":"http:\/\/patrimoine-avesnois.fr\/censes\/?page_id=140"},"modified":"2019-02-18T11:25:13","modified_gmt":"2019-02-18T10:25:13","slug":"la-cense-de-labbaye-st-denis-en-seine-st-denis","status":"publish","type":"page","link":"https:\/\/patrimoine-avesnois.fr\/censes\/la-cense-de-labbaye-st-denis-en-seine-st-denis\/","title":{"rendered":"La cense de l\u2019abbaye St Denis (en Seine St Denis)"},"content":{"rendered":"\n<p class=\"has-text-color has-medium-font-size has-bright-red-color\"><strong>Wignehies<\/strong><\/p>\n\n\n\n<p>Pas de preuve \u00e0 ce jour de cense malgr\u00e9 le lieu-dit\n\u00ab&nbsp;La Cense&nbsp;\u00bb et le fait que les religieux de Saint-Denis y avait\nposs\u00e9d\u00e9 le moulin \u00e0 eau. Depuis le 24 ao\u00fbt 1753 Jean Baptiste Fontaine \u00e9tait le\npropri\u00e9taire de ce moulin \u00e0 titre d\u2019arrentement perp\u00e9tuel. On peut supposer que\nl\u2019abbaye de Saint-Denis ait pu passer un acte similaire concernant une cense.<\/p>\n","protected":false},"excerpt":{"rendered":"<p>Wignehies Pas de preuve \u00e0 ce jour de cense malgr\u00e9 le lieu-dit \u00ab&nbsp;La Cense&nbsp;\u00bb et le fait que les religieux de Saint-Denis y avait poss\u00e9d\u00e9 le moulin \u00e0 eau. Depuis le 24 ao\u00fbt 1753 Jean Baptiste Fontaine \u00e9tait le propri\u00e9taire de ce moulin \u00e0 titre d\u2019arrentement perp\u00e9tuel. On peut supposer que l\u2019abbaye de Saint-Denis ait &hellip; <a href=\"https:\/\/patrimoine-avesnois.fr\/censes\/la-cense-de-labbaye-st-denis-en-seine-st-denis\/\" class=\"more-link\">Continuer la lecture<span class=\"screen-reader-text\"> de &laquo;&nbsp;La cense de l\u2019abbaye St Denis (en Seine St Denis)&nbsp;&raquo;<\/span><\/a><\/p>\n","protected":false},"author":2,"featured_media":0,"parent":0,"menu_order":0,"comment_status":"closed","ping_status":"closed","template":"","meta":{"jetpack_post_was_ever_published":false,"footnotes":""},"class_list":["post-140","page","type-page","status-publish","hentry"],"jetpack_sharing_enabled":true,"jetpack_shortlink":"https:\/\/wp.me\/PaKSRG-2g","jetpack-related-posts":[],"_links":{"self":[{"href":"https:\/\/patrimoine-avesnois.fr\/censes\/wp-json\/wp\/v2\/pages\/140","targetHints":{"allow":["GET"]}}],"collection":[{"href":"https:\/\/patrimoine-avesnois.fr\/censes\/wp-json\/wp\/v2\/pages"}],"about":[{"href":"https:\/\/patrimoine-avesnois.fr\/censes\/wp-json\/wp\/v2\/types\/page"}],"author":[{"embeddable":true,"href":"https:\/\/patrimoine-avesnois.fr\/censes\/wp-json\/wp\/v2\/users\/2"}],"replies":[{"embeddable":true,"href":"https:\/\/patrimoine-avesnois.fr\/censes\/wp-json\/wp\/v2\/comments?post=140"}],"version-history":[{"count":1,"href":"https:\/\/patrimoine-avesnois.fr\/censes\/wp-json\/wp\/v2\/pages\/140\/revisions"}],"predecessor-version":[{"id":141,"href":"https:\/\/patrimoine-avesnois.fr\/censes\/wp-json\/wp\/v2\/pages\/140\/revisions\/141"}],"wp:attachment":[{"href":"https:\/\/patrimoine-avesnois.fr\/censes\/wp-json\/wp\/v2\/media?parent=140"}],"curies":[{"name":"wp","href":"https:\/\/api.w.org\/{rel}","templated":true}]}}