{"id":145,"date":"2019-02-18T11:34:39","date_gmt":"2019-02-18T10:34:39","guid":{"rendered":"http:\/\/patrimoine-avesnois.fr\/censes\/?page_id=145"},"modified":"2019-02-18T11:34:39","modified_gmt":"2019-02-18T10:34:39","slug":"la-cense-de-labbaye-de-vicoigne","status":"publish","type":"page","link":"https:\/\/patrimoine-avesnois.fr\/censes\/la-cense-de-labbaye-de-vicoigne\/","title":{"rendered":"La cense de l\u2019abbaye de Vicoigne"},"content":{"rendered":"\n<p class=\"has-text-color has-medium-font-size has-bright-red-color\">Salesches<\/p>\n\n\n\n<div class=\"wp-block-image\"><figure class=\"aligncenter\"><img data-recalc-dims=\"1\" loading=\"lazy\" decoding=\"async\" width=\"747\" height=\"498\" data-attachment-id=\"146\" data-permalink=\"https:\/\/patrimoine-avesnois.fr\/censes\/la-cense-de-labbaye-de-vicoigne\/capture-65\/\" data-orig-file=\"https:\/\/i0.wp.com\/patrimoine-avesnois.fr\/censes\/wp-content\/uploads\/2019\/02\/Capture-64.png?fit=747%2C498&amp;ssl=1\" data-orig-size=\"747,498\" data-comments-opened=\"1\" data-image-meta=\"{&quot;aperture&quot;:&quot;0&quot;,&quot;credit&quot;:&quot;&quot;,&quot;camera&quot;:&quot;&quot;,&quot;caption&quot;:&quot;&quot;,&quot;created_timestamp&quot;:&quot;0&quot;,&quot;copyright&quot;:&quot;&quot;,&quot;focal_length&quot;:&quot;0&quot;,&quot;iso&quot;:&quot;0&quot;,&quot;shutter_speed&quot;:&quot;0&quot;,&quot;title&quot;:&quot;&quot;,&quot;orientation&quot;:&quot;0&quot;}\" data-image-title=\"Capture\" data-image-description=\"\" data-image-caption=\"\" data-medium-file=\"https:\/\/i0.wp.com\/patrimoine-avesnois.fr\/censes\/wp-content\/uploads\/2019\/02\/Capture-64.png?fit=300%2C200&amp;ssl=1\" data-large-file=\"https:\/\/i0.wp.com\/patrimoine-avesnois.fr\/censes\/wp-content\/uploads\/2019\/02\/Capture-64.png?fit=747%2C498&amp;ssl=1\" src=\"https:\/\/i0.wp.com\/patrimoine-avesnois.fr\/censes\/wp-content\/uploads\/2019\/02\/Capture-64.png?resize=747%2C498\" alt=\"\" class=\"wp-image-146\" srcset=\"https:\/\/i0.wp.com\/patrimoine-avesnois.fr\/censes\/wp-content\/uploads\/2019\/02\/Capture-64.png?w=747&amp;ssl=1 747w, https:\/\/i0.wp.com\/patrimoine-avesnois.fr\/censes\/wp-content\/uploads\/2019\/02\/Capture-64.png?resize=300%2C200&amp;ssl=1 300w\" sizes=\"auto, (max-width: 747px) 85vw, 747px\" \/><\/figure><\/div>\n\n\n\n<div class=\"wp-block-image\"><figure class=\"aligncenter\"><img data-recalc-dims=\"1\" loading=\"lazy\" decoding=\"async\" width=\"777\" height=\"517\" data-attachment-id=\"147\" data-permalink=\"https:\/\/patrimoine-avesnois.fr\/censes\/la-cense-de-labbaye-de-vicoigne\/capture-66\/\" data-orig-file=\"https:\/\/i0.wp.com\/patrimoine-avesnois.fr\/censes\/wp-content\/uploads\/2019\/02\/Capture-65.png?fit=777%2C517&amp;ssl=1\" data-orig-size=\"777,517\" data-comments-opened=\"1\" data-image-meta=\"{&quot;aperture&quot;:&quot;0&quot;,&quot;credit&quot;:&quot;&quot;,&quot;camera&quot;:&quot;&quot;,&quot;caption&quot;:&quot;&quot;,&quot;created_timestamp&quot;:&quot;0&quot;,&quot;copyright&quot;:&quot;&quot;,&quot;focal_length&quot;:&quot;0&quot;,&quot;iso&quot;:&quot;0&quot;,&quot;shutter_speed&quot;:&quot;0&quot;,&quot;title&quot;:&quot;&quot;,&quot;orientation&quot;:&quot;0&quot;}\" data-image-title=\"Capture\" data-image-description=\"\" data-image-caption=\"\" data-medium-file=\"https:\/\/i0.wp.com\/patrimoine-avesnois.fr\/censes\/wp-content\/uploads\/2019\/02\/Capture-65.png?fit=300%2C200&amp;ssl=1\" data-large-file=\"https:\/\/i0.wp.com\/patrimoine-avesnois.fr\/censes\/wp-content\/uploads\/2019\/02\/Capture-65.png?fit=777%2C517&amp;ssl=1\" src=\"https:\/\/i0.wp.com\/patrimoine-avesnois.fr\/censes\/wp-content\/uploads\/2019\/02\/Capture-65.png?resize=777%2C517\" alt=\"\" class=\"wp-image-147\" srcset=\"https:\/\/i0.wp.com\/patrimoine-avesnois.fr\/censes\/wp-content\/uploads\/2019\/02\/Capture-65.png?w=777&amp;ssl=1 777w, https:\/\/i0.wp.com\/patrimoine-avesnois.fr\/censes\/wp-content\/uploads\/2019\/02\/Capture-65.png?resize=300%2C200&amp;ssl=1 300w, https:\/\/i0.wp.com\/patrimoine-avesnois.fr\/censes\/wp-content\/uploads\/2019\/02\/Capture-65.png?resize=768%2C511&amp;ssl=1 768w\" sizes=\"auto, (max-width: 777px) 85vw, 777px\" \/><figcaption>La cense du Maisnil<\/figcaption><\/figure><\/div>\n\n\n\n<p>La cense du Maisnil avait appartenu au XII e si\u00e8cle au comte\nBaudouin IV de Hainaut puis \u00e0 Gauthier de Bruay avant que Thierry de Buaz la\ndonn\u00e2t aux pr\u00e9montr\u00e9s de Vicogne, avec le moulin qui en d\u00e9pendait. En 1209, un\nconvers de Vicogne nomm\u00e9 Brice dirigeait cette exploitation avant qu\u2019elle fut\nconfi\u00e9e \u00e0 des la\u00efcs.<\/p>\n\n\n\n<p>La cense, de 74 muids vers 1146, de 88 muids vers 1169\ncouvrait en 1266 un total de cent six muids de terres, r\u00e9pandus sur plusieurs\nparoisses voisines ; il en fut ensuite d\u00e9tach\u00e9 un certain nombre de parcelles\nau profit d&rsquo;une autre cense des Pr\u00e9montr\u00e9s situ\u00e9e \u00e0 Beaudignies, car les baux\ndu Maisnil ne font mention, au XVIIIe si\u00e8cle, que de 82 muids et demi et cinq\nmencaud\u00e9es de p\u00e2tures. Ces terres avaient \u00e9t\u00e9 l&rsquo;objet d&rsquo;un \u00e9change, en 1219 par\ncession de parcelles, situ\u00e9es le long de la route de Beaudignies \u00e0 Vertigneul,\npr\u00e8s de la \u00ab&nbsp;Planque-\u00e0-pierre \u00bb, contre d&rsquo;autres de m\u00eame valeur, plus\nproches de la ferme de Sainte-Aldegonde \u00e0 Beaudignies. <\/p>\n\n\n\n<p>La cense, exempt\u00e9e de toutes corv\u00e9es en 1266 par la comtesse\nMarguerite de Hainaut, fut restaur\u00e9e dans ce privil\u00e8ge en 1316, par Guillaume\nIer de Hainaut, apr\u00e8s les agissements de son p\u00e8re Jean II d&rsquo;Avesnes. <\/p>\n\n\n\n<p>Elle fut d\u00e9truite pendant les repr\u00e9sailles de guerre de\n1340, fut reconstruite presque imm\u00e9diatement, et subit encore le contrecoup\nd&rsquo;\u00e9v\u00e9nements analogues, vers 1477. Elle payait alors au Tr\u00e9sor une rente\nannuelle de douze mencauds de bl\u00e9 et douze mencauds d\u2019avoine, d&rsquo;origine\ninconnue, et l&rsquo;acquittait encore au- Domaine du Roy, en 1748. <\/p>\n\n\n\n<p>Le Maisnil fut de nouveau ruin\u00e9, en 1653, et priv\u00e9 de ses\nbois de charpente et de ses ferrures pour les besoins d&rsquo;une d\u00e9fense improvis\u00e9e\ndans Le Quesnoy ; et avant la bataille de Denain, les fourragements de troupes\nmirent obstacle au payement du loyer, en 1713 et 1714, ind\u00e9pendamment de frais\nde r\u00e9parations de plus de 10.000\n livres ,qui furent ensuite n\u00e9cessaires. <\/p>\n\n\n\n<p>Le loyer du Maisnil \u00e9tait de 50 muids de bl\u00e9 (156\nhectolitres mesure de Valenciennes) en 1675 ; il fut major\u00e9 en 1737 et en 1748,\nde deux muids d&rsquo;orge, trois porcs gras, dix moutons, douze pots de vin (26 litres, 52), et 130 livres tournois\nHainaut, \u00e0 quoi s&rsquo;ajoutaient la charge de toutes redevances fiscales et\nl&rsquo;entretien des b\u00e2timents de terme, hors les cas de force majeure. <\/p>\n\n\n\n<p>Enfin, en 1783, le prix du bail fut port\u00e9 \u00e0 406 mencauds de\nbl\u00e9, faisant 50 muids, avec 8 mencauds d&rsquo;avoine, seize mencauds d&rsquo;orge, 400\nbottes de paille, dix moutons et trois porcs gras, le tout repr\u00e9sentant en\n1789, avec un payement suppl\u00e9mentaire de 800 livres, une somme\nglobale de 4322 livres\nFrance&nbsp;; mais entre les ann\u00e9es 1785 et 1787 il fut expos\u00e9 dans cette cense\npour 31656 livres\nde r\u00e9parations.<\/p>\n\n\n\n<p>Source du texte&nbsp;: \u00ab&nbsp;Salesches la cense\nMaisnil&nbsp;\u00bb par la Soci\u00e9t\u00e9 d\u2019\u00e9tudes de la Province de Cambrai&nbsp;Recueil\n29 L\u2019abbaye de Vicoigne (Pr\u00e9montr\u00e9s) II sa dotation 1129 1789 ED Lille\nSeptembre 1929&nbsp; <\/p>\n\n\n\n<p>Le Maisnil \u00e9tait occup\u00e9, en 1546 par la veuve Hermands et\nson gendre. <\/p>\n\n\n\n<p>En mars 1693 Nicolas Lasne et son \u00e9pouse marie de Haussy\noccupaient la ferme. En 1704, la cense et son locataire furent victimes du\npassage des gens de guerre. Emport\u00e9 par la spirale infernale de l\u2019endettement,\nle couple malgr\u00e9 la vente de biens propres se retrouva sur la paille (les\nann\u00e9es noires des fermiers du Hainaut. De l\u2019endettement \u00e0 la faillite&nbsp;:\nrevue belge de philosophie et d\u2019histoire Fulgence Delleaux 2007)&nbsp; <\/p>\n\n\n\n<p>La cense fut reprise en 1713 par Jean Plichon, domicili\u00e9\npr\u00e9c\u00e9demment \u00e0 Marly, pr\u00e8s de Valenciennes, et \u00e9poux de Barbe ou Anne-Pasques\nCarlier ; Andr\u00e9 Plichon, son fils, \u00e9poux d&rsquo;Anne-Marie Valiez, lui succ\u00e9da, et\nson petit-fils Pierre en passa bail, en 1783. <\/p>\n","protected":false},"excerpt":{"rendered":"<p>Salesches La cense du Maisnil avait appartenu au XII e si\u00e8cle au comte Baudouin IV de Hainaut puis \u00e0 Gauthier de Bruay avant que Thierry de Buaz la donn\u00e2t aux pr\u00e9montr\u00e9s de Vicogne, avec le moulin qui en d\u00e9pendait. En 1209, un convers de Vicogne nomm\u00e9 Brice dirigeait cette exploitation avant qu\u2019elle fut confi\u00e9e \u00e0 &hellip; <a href=\"https:\/\/patrimoine-avesnois.fr\/censes\/la-cense-de-labbaye-de-vicoigne\/\" class=\"more-link\">Continuer la lecture<span class=\"screen-reader-text\"> de &laquo;&nbsp;La cense de l\u2019abbaye de Vicoigne&nbsp;&raquo;<\/span><\/a><\/p>\n","protected":false},"author":2,"featured_media":0,"parent":0,"menu_order":0,"comment_status":"closed","ping_status":"closed","template":"","meta":{"jetpack_post_was_ever_published":false,"footnotes":""},"class_list":["post-145","page","type-page","status-publish","hentry"],"jetpack_sharing_enabled":true,"jetpack_shortlink":"https:\/\/wp.me\/PaKSRG-2l","jetpack-related-posts":[],"_links":{"self":[{"href":"https:\/\/patrimoine-avesnois.fr\/censes\/wp-json\/wp\/v2\/pages\/145","targetHints":{"allow":["GET"]}}],"collection":[{"href":"https:\/\/patrimoine-avesnois.fr\/censes\/wp-json\/wp\/v2\/pages"}],"about":[{"href":"https:\/\/patrimoine-avesnois.fr\/censes\/wp-json\/wp\/v2\/types\/page"}],"author":[{"embeddable":true,"href":"https:\/\/patrimoine-avesnois.fr\/censes\/wp-json\/wp\/v2\/users\/2"}],"replies":[{"embeddable":true,"href":"https:\/\/patrimoine-avesnois.fr\/censes\/wp-json\/wp\/v2\/comments?post=145"}],"version-history":[{"count":1,"href":"https:\/\/patrimoine-avesnois.fr\/censes\/wp-json\/wp\/v2\/pages\/145\/revisions"}],"predecessor-version":[{"id":148,"href":"https:\/\/patrimoine-avesnois.fr\/censes\/wp-json\/wp\/v2\/pages\/145\/revisions\/148"}],"wp:attachment":[{"href":"https:\/\/patrimoine-avesnois.fr\/censes\/wp-json\/wp\/v2\/media?parent=145"}],"curies":[{"name":"wp","href":"https:\/\/api.w.org\/{rel}","templated":true}]}}