{"id":152,"date":"2019-02-18T11:47:09","date_gmt":"2019-02-18T10:47:09","guid":{"rendered":"http:\/\/patrimoine-avesnois.fr\/censes\/?page_id=152"},"modified":"2019-02-18T13:19:04","modified_gmt":"2019-02-18T12:19:04","slug":"les-censes-du-chapitre-metropolitain-de-cambrai","status":"publish","type":"page","link":"https:\/\/patrimoine-avesnois.fr\/censes\/les-censes-du-chapitre-metropolitain-de-cambrai\/","title":{"rendered":"Les censes du Chapitre M\u00e9tropolitain de Cambrai"},"content":{"rendered":"\n<p>les censes de Maresches et de Villers-Pol relevaient du chapitre M\u00e9tropolitain de Cambrai. <\/p>\n\n\n\n<p class=\"has-text-color has-medium-font-size has-bright-red-color\">Maresches<\/p>\n\n\n\n<p>Le chapitre de Cambrai poss\u00e9dait de nombreuses terres \u00e0\nMaresches et ses biens vendus au profit de la Nation sous la r\u00e9volution\noccupaient 295 hectares\nsur les 478 que compte la commune (Les paysans du Nord pendant la r\u00e9volution\nfran\u00e7aise de Georges Lefebvre ed 1924 page 197). Parmi ces biens la cense de la\nCantaraine qui fut vendue le 24 janvier 1397 au Chapitre cath\u00e9dral de Cambrai\npar Jeanne Riche veuve&nbsp; de Jean Du Pont\nde Pierre, bourgeois et \u00e9picier de Valenciennes, d\u00e9c\u00e9d\u00e9 en d\u00e9cembre 1391 (acte\ndes terriers du chapitre de Cambrai \u00e0 Maresches, cath\u00e9drale carton 57 n\u00b0 2147&nbsp;;\nsource selon la revue historique \u00ab&nbsp;Moyen Age&nbsp;\u00bb Tome LXIX 4 e s\u00e9rie\ntome XVIII volume jubilaire 1888 1963 ed la Renaissance du livre).<\/p>\n\n\n\n<p>Elle \u00e9tait \u00e0 la fin du XVIII si\u00e8cle occup\u00e9e par Pierre Andr\u00e9\nAbraham (1737 1810). Son fr\u00e8re Placide occupait quant \u00e0 lui la cense Wult \u00e0\nVillers-Pol.<\/p>\n\n\n\n<p>Abraham \u00e9tait mari\u00e9 \u00e0 Marie Marguerite Claire R\u00e9gnier (1738 1793) dont les ascendants (elle avait pour p\u00e8re J\u00e9r\u00f4me et grand-p\u00e8re Claude) occupaient cette cense depuis au moins la fin du XVII si\u00e8cle. Je pense que cette cense \u00e9tait situ\u00e9e au carrefour de la route de Wult et du chemin de Pr\u00e9seau, \u00e0 proximit\u00e9 imm\u00e9diate du calvaire. <\/p>\n\n\n\n<div class=\"wp-block-image\"><figure class=\"aligncenter\"><img data-recalc-dims=\"1\" loading=\"lazy\" decoding=\"async\" width=\"777\" height=\"518\" data-attachment-id=\"153\" data-permalink=\"https:\/\/patrimoine-avesnois.fr\/censes\/les-censes-du-chapitre-metropolitain-de-cambrai\/capture-68\/\" data-orig-file=\"https:\/\/i0.wp.com\/patrimoine-avesnois.fr\/censes\/wp-content\/uploads\/2019\/02\/Capture-67.png?fit=777%2C518&amp;ssl=1\" data-orig-size=\"777,518\" data-comments-opened=\"1\" data-image-meta=\"{&quot;aperture&quot;:&quot;0&quot;,&quot;credit&quot;:&quot;&quot;,&quot;camera&quot;:&quot;&quot;,&quot;caption&quot;:&quot;&quot;,&quot;created_timestamp&quot;:&quot;0&quot;,&quot;copyright&quot;:&quot;&quot;,&quot;focal_length&quot;:&quot;0&quot;,&quot;iso&quot;:&quot;0&quot;,&quot;shutter_speed&quot;:&quot;0&quot;,&quot;title&quot;:&quot;&quot;,&quot;orientation&quot;:&quot;0&quot;}\" data-image-title=\"Capture\" data-image-description=\"\" data-image-caption=\"\" data-large-file=\"https:\/\/i0.wp.com\/patrimoine-avesnois.fr\/censes\/wp-content\/uploads\/2019\/02\/Capture-67.png?fit=777%2C518&amp;ssl=1\" src=\"https:\/\/i0.wp.com\/patrimoine-avesnois.fr\/censes\/wp-content\/uploads\/2019\/02\/Capture-67.png?resize=777%2C518\" alt=\"\" class=\"wp-image-153\" srcset=\"https:\/\/i0.wp.com\/patrimoine-avesnois.fr\/censes\/wp-content\/uploads\/2019\/02\/Capture-67.png?w=777&amp;ssl=1 777w, https:\/\/i0.wp.com\/patrimoine-avesnois.fr\/censes\/wp-content\/uploads\/2019\/02\/Capture-67.png?resize=300%2C200&amp;ssl=1 300w, https:\/\/i0.wp.com\/patrimoine-avesnois.fr\/censes\/wp-content\/uploads\/2019\/02\/Capture-67.png?resize=768%2C512&amp;ssl=1 768w\" sizes=\"auto, (max-width: 777px) 85vw, 777px\" \/><figcaption>Cense de la Cantaraine situ\u00e9e peut-\u00eatre au A 314 sur le cadastre de 1826<\/figcaption><\/figure><\/div>\n\n\n\n<p>Explications&nbsp;: Un des fils de Pierre Andr\u00e9 Abraham, Louis n\u00e9 le 30 ao\u00fbt 1768 est d\u00e9c\u00e9d\u00e9 le 23 octobre 1845, c\u00e9libataire, \u00ab&nbsp;rue du chemin de Pr\u00e9seau&nbsp;\u00bb. C\u2019est le seul b\u00e2timent au cadastre de 1826. Un <a href=\"https:\/\/www.google.fr\/maps\/@50.2952395,3.5762979,3a,75y,337.61h,88.93t\/data=!3m9!1e1!3m7!1sOqhROdsBTFoqDmAIex5FbQ!2e0!7i13312!8i6656!9m2!1b1!2i35\">lotissement<\/a> a remplac\u00e9 la ferme.<\/p>\n\n\n\n<p class=\"has-text-color has-medium-font-size has-bright-red-color\"><strong>Villers-Pol<\/strong><\/p>\n\n\n\n<div class=\"wp-block-image\"><figure class=\"aligncenter\"><img data-recalc-dims=\"1\" loading=\"lazy\" decoding=\"async\" width=\"772\" height=\"516\" data-attachment-id=\"154\" data-permalink=\"https:\/\/patrimoine-avesnois.fr\/censes\/les-censes-du-chapitre-metropolitain-de-cambrai\/capture-69\/\" data-orig-file=\"https:\/\/i0.wp.com\/patrimoine-avesnois.fr\/censes\/wp-content\/uploads\/2019\/02\/Capture-68.png?fit=772%2C516&amp;ssl=1\" data-orig-size=\"772,516\" data-comments-opened=\"1\" data-image-meta=\"{&quot;aperture&quot;:&quot;0&quot;,&quot;credit&quot;:&quot;&quot;,&quot;camera&quot;:&quot;&quot;,&quot;caption&quot;:&quot;&quot;,&quot;created_timestamp&quot;:&quot;0&quot;,&quot;copyright&quot;:&quot;&quot;,&quot;focal_length&quot;:&quot;0&quot;,&quot;iso&quot;:&quot;0&quot;,&quot;shutter_speed&quot;:&quot;0&quot;,&quot;title&quot;:&quot;&quot;,&quot;orientation&quot;:&quot;0&quot;}\" data-image-title=\"Capture\" data-image-description=\"\" data-image-caption=\"\" data-large-file=\"https:\/\/i0.wp.com\/patrimoine-avesnois.fr\/censes\/wp-content\/uploads\/2019\/02\/Capture-68.png?fit=772%2C516&amp;ssl=1\" src=\"https:\/\/i0.wp.com\/patrimoine-avesnois.fr\/censes\/wp-content\/uploads\/2019\/02\/Capture-68.png?resize=772%2C516\" alt=\"\" class=\"wp-image-154\" srcset=\"https:\/\/i0.wp.com\/patrimoine-avesnois.fr\/censes\/wp-content\/uploads\/2019\/02\/Capture-68.png?w=772&amp;ssl=1 772w, https:\/\/i0.wp.com\/patrimoine-avesnois.fr\/censes\/wp-content\/uploads\/2019\/02\/Capture-68.png?resize=300%2C201&amp;ssl=1 300w, https:\/\/i0.wp.com\/patrimoine-avesnois.fr\/censes\/wp-content\/uploads\/2019\/02\/Capture-68.png?resize=768%2C513&amp;ssl=1 768w\" sizes=\"auto, (max-width: 772px) 85vw, 772px\" \/><figcaption>La ferme de Wult<\/figcaption><\/figure><\/div>\n\n\n\n<p>La ferme de Wult fut comprise dans la donation de Liebert,\n\u00e9v\u00eaque de Cambrai, \u00e0 l\u2019\u00e9glise du Saint-S\u00e9pulcre en 1064.<\/p>\n\n\n\n<p>Le d\u00e9nombrement de cette propri\u00e9t\u00e9 est ainsi fait dans les\nlettres d\u2019engag\u00e8res donn\u00e9es par Philippe IV en 1631 : \u00ab&nbsp; la cense de Wult\ngisante entre les villes du Quesnoy et de Valenciennes, consistant en une\nmaison, thours, \u00e9tableries closes d\u2019eau, une grange, cenglier, colombier,\nviviers, douze mencaud\u00e9es de pr\u00e9, un muid de pasture et septante un muis de\nterres labourables, le tout en une partie, avec un terrage qui se l\u00e8ve au\nterroir de Villers Pol\u2026&nbsp;\u00bb (M\u00e9moire pour les abb\u00e9s et religieux de St\nS\u00e9pulcre \u00e0 cambrai in 4, 1759)<\/p>\n\n\n\n<p>En 1667, un passage de troupes sur les champs de Marie\nLasne, censi\u00e8re du chapitre Notre Dame \u00e0 Villers-Pol \u00ab&nbsp;avait emp\u00e9ch\u00e9 de\nlabourer et assemencer 15 mencaud\u00e9es de terres (5 ha) et le reste n\u2019ayant est\u00e9\nlabour\u00e9 et cultiv\u00e9 qu\u2019\u00e0 demie&nbsp;\u00bb (ADN 4 G 2442). Ces \u00e9pisodes de guerres devaient\nforcement mettre les censiers en situation financi\u00e8re d\u00e9licate.<\/p>\n","protected":false},"excerpt":{"rendered":"<p>les censes de Maresches et de Villers-Pol relevaient du chapitre M\u00e9tropolitain de Cambrai. Maresches Le chapitre de Cambrai poss\u00e9dait de nombreuses terres \u00e0 Maresches et ses biens vendus au profit de la Nation sous la r\u00e9volution occupaient 295 hectares sur les 478 que compte la commune (Les paysans du Nord pendant la r\u00e9volution fran\u00e7aise de &hellip; <a href=\"https:\/\/patrimoine-avesnois.fr\/censes\/les-censes-du-chapitre-metropolitain-de-cambrai\/\" class=\"more-link\">Continuer la lecture<span class=\"screen-reader-text\"> de &laquo;&nbsp;Les censes du Chapitre M\u00e9tropolitain de Cambrai&nbsp;&raquo;<\/span><\/a><\/p>\n","protected":false},"author":2,"featured_media":0,"parent":0,"menu_order":0,"comment_status":"closed","ping_status":"closed","template":"","meta":{"jetpack_post_was_ever_published":false,"footnotes":""},"class_list":["post-152","page","type-page","status-publish","hentry"],"jetpack_sharing_enabled":true,"jetpack_shortlink":"https:\/\/wp.me\/PaKSRG-2s","jetpack-related-posts":[],"_links":{"self":[{"href":"https:\/\/patrimoine-avesnois.fr\/censes\/wp-json\/wp\/v2\/pages\/152","targetHints":{"allow":["GET"]}}],"collection":[{"href":"https:\/\/patrimoine-avesnois.fr\/censes\/wp-json\/wp\/v2\/pages"}],"about":[{"href":"https:\/\/patrimoine-avesnois.fr\/censes\/wp-json\/wp\/v2\/types\/page"}],"author":[{"embeddable":true,"href":"https:\/\/patrimoine-avesnois.fr\/censes\/wp-json\/wp\/v2\/users\/2"}],"replies":[{"embeddable":true,"href":"https:\/\/patrimoine-avesnois.fr\/censes\/wp-json\/wp\/v2\/comments?post=152"}],"version-history":[{"count":2,"href":"https:\/\/patrimoine-avesnois.fr\/censes\/wp-json\/wp\/v2\/pages\/152\/revisions"}],"predecessor-version":[{"id":179,"href":"https:\/\/patrimoine-avesnois.fr\/censes\/wp-json\/wp\/v2\/pages\/152\/revisions\/179"}],"wp:attachment":[{"href":"https:\/\/patrimoine-avesnois.fr\/censes\/wp-json\/wp\/v2\/media?parent=152"}],"curies":[{"name":"wp","href":"https:\/\/api.w.org\/{rel}","templated":true}]}}