{"id":156,"date":"2019-02-18T11:59:18","date_gmt":"2019-02-18T10:59:18","guid":{"rendered":"http:\/\/patrimoine-avesnois.fr\/censes\/?page_id=156"},"modified":"2019-03-06T11:49:22","modified_gmt":"2019-03-06T10:49:22","slug":"les-censes-de-lordre-de-malte","status":"publish","type":"page","link":"https:\/\/patrimoine-avesnois.fr\/censes\/les-censes-de-lordre-de-malte\/","title":{"rendered":"Les censes de l\u2019ordre de Malte"},"content":{"rendered":"\n<p>Apr\u00e8s la suppression de l\u2019ordre des Templiers, en 1314, beaucoup de leurs biens pass\u00e8rent aux chevaliers de Rhodes, qui prient en 1530 le nom de chevaliers de Malte. Parmi ces biens se trouvent en Avesnois les censes de Dourlers,Frasnoy, Le Favril et Saint-Aubin.<\/p>\n\n\n\n<p class=\"has-text-color has-medium-font-size has-bright-red-color\"><strong>Dourlers<\/strong><\/p>\n\n\n\n<p>La Couture du Temple est une d\u00e9pendance de la ferme du Temple de Saint-Aubin. Elle fut ali\u00e9n\u00e9e en totalit\u00e9 au Sieur Robert de Dourlers en 1793. (ADN 1 Q 1184) <\/p>\n\n\n\n<p class=\"has-text-color has-medium-font-size has-bright-red-color\"><strong>Frasnoy<\/strong><\/p>\n\n\n\n<p>Un d\u00e9nomm\u00e9 Ducrocq acheta une ferme situ\u00e9e \u00e0 Frasnoy le &nbsp;4 Thermidor An 4 en tant que bien national. L\u2019adjudication pr\u00e9cisait que la ferme relevait des chevaliers de Malte (ADN 1 Q 16 \/ 772).<\/p>\n\n\n\n<p class=\"has-text-color has-medium-font-size has-bright-red-color\"><strong>Le Favril<\/strong><\/p>\n\n\n\n<div class=\"wp-block-image\"><figure class=\"aligncenter\"><img data-recalc-dims=\"1\" loading=\"lazy\" decoding=\"async\" width=\"720\" height=\"348\" data-attachment-id=\"157\" data-permalink=\"https:\/\/patrimoine-avesnois.fr\/censes\/les-censes-de-lordre-de-malte\/capture-70\/\" data-orig-file=\"https:\/\/i0.wp.com\/patrimoine-avesnois.fr\/censes\/wp-content\/uploads\/2019\/02\/Capture-69.png?fit=720%2C348&amp;ssl=1\" data-orig-size=\"720,348\" data-comments-opened=\"1\" data-image-meta=\"{&quot;aperture&quot;:&quot;0&quot;,&quot;credit&quot;:&quot;&quot;,&quot;camera&quot;:&quot;&quot;,&quot;caption&quot;:&quot;&quot;,&quot;created_timestamp&quot;:&quot;0&quot;,&quot;copyright&quot;:&quot;&quot;,&quot;focal_length&quot;:&quot;0&quot;,&quot;iso&quot;:&quot;0&quot;,&quot;shutter_speed&quot;:&quot;0&quot;,&quot;title&quot;:&quot;&quot;,&quot;orientation&quot;:&quot;0&quot;}\" data-image-title=\"Capture\" data-image-description=\"\" data-image-caption=\"\" data-medium-file=\"https:\/\/i0.wp.com\/patrimoine-avesnois.fr\/censes\/wp-content\/uploads\/2019\/02\/Capture-69.png?fit=300%2C145&amp;ssl=1\" data-large-file=\"https:\/\/i0.wp.com\/patrimoine-avesnois.fr\/censes\/wp-content\/uploads\/2019\/02\/Capture-69.png?fit=720%2C348&amp;ssl=1\" src=\"https:\/\/i0.wp.com\/patrimoine-avesnois.fr\/censes\/wp-content\/uploads\/2019\/02\/Capture-69.png?resize=720%2C348\" alt=\"\" class=\"wp-image-157\" srcset=\"https:\/\/i0.wp.com\/patrimoine-avesnois.fr\/censes\/wp-content\/uploads\/2019\/02\/Capture-69.png?w=720&amp;ssl=1 720w, https:\/\/i0.wp.com\/patrimoine-avesnois.fr\/censes\/wp-content\/uploads\/2019\/02\/Capture-69.png?resize=300%2C145&amp;ssl=1 300w\" sizes=\"auto, (max-width: 720px) 85vw, 720px\" \/><\/figure><\/div>\n\n\n\n<p>Au sud du Favril figurent sur la carte de Cassini (1758) \u00ab\u00a0Les\nCenses du Temple\u00a0\u00bb \u00e0 l&rsquo;est du Bois du Toillon. Les fermes du\nTemple-d&rsquo;en-Bas et du Temple-d&rsquo;en-Haut \u00e9voquent une appartenance templi\u00e8re.\nElles \u00e9taient des d\u00e9pendances de la commanderie de Saint-Aubin.<\/p>\n\n\n\n<p>Le 9 Pluvi\u00f4se An 5 les fermes d\u00e9pendant encore de l\u2019ordre de Malte furent achet\u00e9es par Eloi Gauguier (ADN 1 Q 83). <\/p>\n\n\n\n<p class=\"has-text-color has-medium-font-size has-bright-red-color\"><strong>Saint-Aubin<\/strong><\/p>\n\n\n\n<figure class=\"wp-block-image\"><img data-recalc-dims=\"1\" loading=\"lazy\" decoding=\"async\" width=\"774\" height=\"517\" data-attachment-id=\"158\" data-permalink=\"https:\/\/patrimoine-avesnois.fr\/censes\/les-censes-de-lordre-de-malte\/capture-71\/\" data-orig-file=\"https:\/\/i0.wp.com\/patrimoine-avesnois.fr\/censes\/wp-content\/uploads\/2019\/02\/Capture-70.png?fit=774%2C517&amp;ssl=1\" data-orig-size=\"774,517\" data-comments-opened=\"1\" data-image-meta=\"{&quot;aperture&quot;:&quot;0&quot;,&quot;credit&quot;:&quot;&quot;,&quot;camera&quot;:&quot;&quot;,&quot;caption&quot;:&quot;&quot;,&quot;created_timestamp&quot;:&quot;0&quot;,&quot;copyright&quot;:&quot;&quot;,&quot;focal_length&quot;:&quot;0&quot;,&quot;iso&quot;:&quot;0&quot;,&quot;shutter_speed&quot;:&quot;0&quot;,&quot;title&quot;:&quot;&quot;,&quot;orientation&quot;:&quot;0&quot;}\" data-image-title=\"Capture\" data-image-description=\"\" data-image-caption=\"\" data-medium-file=\"https:\/\/i0.wp.com\/patrimoine-avesnois.fr\/censes\/wp-content\/uploads\/2019\/02\/Capture-70.png?fit=300%2C200&amp;ssl=1\" data-large-file=\"https:\/\/i0.wp.com\/patrimoine-avesnois.fr\/censes\/wp-content\/uploads\/2019\/02\/Capture-70.png?fit=774%2C517&amp;ssl=1\" src=\"https:\/\/i0.wp.com\/patrimoine-avesnois.fr\/censes\/wp-content\/uploads\/2019\/02\/Capture-70.png?resize=774%2C517\" alt=\"\" class=\"wp-image-158\" srcset=\"https:\/\/i0.wp.com\/patrimoine-avesnois.fr\/censes\/wp-content\/uploads\/2019\/02\/Capture-70.png?w=774&amp;ssl=1 774w, https:\/\/i0.wp.com\/patrimoine-avesnois.fr\/censes\/wp-content\/uploads\/2019\/02\/Capture-70.png?resize=300%2C200&amp;ssl=1 300w, https:\/\/i0.wp.com\/patrimoine-avesnois.fr\/censes\/wp-content\/uploads\/2019\/02\/Capture-70.png?resize=768%2C513&amp;ssl=1 768w\" sizes=\"auto, (max-width: 774px) 85vw, 774px\" \/><figcaption>Localisation donn\u00e9e par Pierre Legrand du CHGB<\/figcaption><\/figure>\n\n\n\n<div class=\"wp-block-image\"><figure class=\"aligncenter\"><img data-recalc-dims=\"1\" loading=\"lazy\" decoding=\"async\" width=\"753\" height=\"502\" data-attachment-id=\"159\" data-permalink=\"https:\/\/patrimoine-avesnois.fr\/censes\/les-censes-de-lordre-de-malte\/capture-72\/\" data-orig-file=\"https:\/\/i0.wp.com\/patrimoine-avesnois.fr\/censes\/wp-content\/uploads\/2019\/02\/Capture-71.png?fit=753%2C502&amp;ssl=1\" data-orig-size=\"753,502\" data-comments-opened=\"1\" data-image-meta=\"{&quot;aperture&quot;:&quot;0&quot;,&quot;credit&quot;:&quot;&quot;,&quot;camera&quot;:&quot;&quot;,&quot;caption&quot;:&quot;&quot;,&quot;created_timestamp&quot;:&quot;0&quot;,&quot;copyright&quot;:&quot;&quot;,&quot;focal_length&quot;:&quot;0&quot;,&quot;iso&quot;:&quot;0&quot;,&quot;shutter_speed&quot;:&quot;0&quot;,&quot;title&quot;:&quot;&quot;,&quot;orientation&quot;:&quot;0&quot;}\" data-image-title=\"Capture\" data-image-description=\"\" data-image-caption=\"\" data-medium-file=\"https:\/\/i0.wp.com\/patrimoine-avesnois.fr\/censes\/wp-content\/uploads\/2019\/02\/Capture-71.png?fit=300%2C200&amp;ssl=1\" data-large-file=\"https:\/\/i0.wp.com\/patrimoine-avesnois.fr\/censes\/wp-content\/uploads\/2019\/02\/Capture-71.png?fit=753%2C502&amp;ssl=1\" src=\"https:\/\/i0.wp.com\/patrimoine-avesnois.fr\/censes\/wp-content\/uploads\/2019\/02\/Capture-71.png?resize=753%2C502\" alt=\"\" class=\"wp-image-159\" srcset=\"https:\/\/i0.wp.com\/patrimoine-avesnois.fr\/censes\/wp-content\/uploads\/2019\/02\/Capture-71.png?w=753&amp;ssl=1 753w, https:\/\/i0.wp.com\/patrimoine-avesnois.fr\/censes\/wp-content\/uploads\/2019\/02\/Capture-71.png?resize=300%2C200&amp;ssl=1 300w\" sizes=\"auto, (max-width: 753px) 85vw, 753px\" \/><\/figure><\/div>\n\n\n\n<div class=\"wp-block-image\"><figure class=\"aligncenter\"><img data-recalc-dims=\"1\" loading=\"lazy\" decoding=\"async\" width=\"671\" height=\"448\" data-attachment-id=\"160\" data-permalink=\"https:\/\/patrimoine-avesnois.fr\/censes\/les-censes-de-lordre-de-malte\/capture-73\/\" data-orig-file=\"https:\/\/i0.wp.com\/patrimoine-avesnois.fr\/censes\/wp-content\/uploads\/2019\/02\/Capture-72.png?fit=671%2C448&amp;ssl=1\" data-orig-size=\"671,448\" data-comments-opened=\"1\" data-image-meta=\"{&quot;aperture&quot;:&quot;0&quot;,&quot;credit&quot;:&quot;&quot;,&quot;camera&quot;:&quot;&quot;,&quot;caption&quot;:&quot;&quot;,&quot;created_timestamp&quot;:&quot;0&quot;,&quot;copyright&quot;:&quot;&quot;,&quot;focal_length&quot;:&quot;0&quot;,&quot;iso&quot;:&quot;0&quot;,&quot;shutter_speed&quot;:&quot;0&quot;,&quot;title&quot;:&quot;&quot;,&quot;orientation&quot;:&quot;0&quot;}\" data-image-title=\"Capture\" data-image-description=\"\" data-image-caption=\"\" data-medium-file=\"https:\/\/i0.wp.com\/patrimoine-avesnois.fr\/censes\/wp-content\/uploads\/2019\/02\/Capture-72.png?fit=300%2C200&amp;ssl=1\" data-large-file=\"https:\/\/i0.wp.com\/patrimoine-avesnois.fr\/censes\/wp-content\/uploads\/2019\/02\/Capture-72.png?fit=671%2C448&amp;ssl=1\" src=\"https:\/\/i0.wp.com\/patrimoine-avesnois.fr\/censes\/wp-content\/uploads\/2019\/02\/Capture-72.png?resize=671%2C448\" alt=\"\" class=\"wp-image-160\" srcset=\"https:\/\/i0.wp.com\/patrimoine-avesnois.fr\/censes\/wp-content\/uploads\/2019\/02\/Capture-72.png?w=671&amp;ssl=1 671w, https:\/\/i0.wp.com\/patrimoine-avesnois.fr\/censes\/wp-content\/uploads\/2019\/02\/Capture-72.png?resize=300%2C200&amp;ssl=1 300w\" sizes=\"auto, (max-width: 671px) 85vw, 671px\" \/><figcaption><a href=\"https:\/\/www.google.fr\/maps\/@50.1706576,3.9255996,3a,75y,338.92h,90.53t\/data=!3m6!1e1!3m4!1s3lspSGvQEnQHZCHtbZ1alA!2e0!7i13312!8i6656\">La cense du Temple<\/a> (au fond de la photo)<\/figcaption><\/figure><\/div>\n\n\n\n<p>La maison du Temple de Saint Aubin fut donn\u00e9e par un\nseigneur du nom de Wautier aux fr\u00e8res de la chevalerie du Temple en septembre\n1205. Au manoir d\u00e9pendait \u00ab&nbsp;le vivier neuf, toute la terre arable, ses\ncoutures de Dourlers, avec le droit de p\u00e2turage dans ses terres, ses bois\nexcept\u00e9s&nbsp;\u00bb.Quelques ann\u00e9es apr\u00e8s, Wautier ajouta \u00e0 cette\ndonation vingt muids de bois, \u00e0 la mesure d&rsquo;Avesnes, \u00e0 prendre \u00e0 l&rsquo;entr\u00e9e de sa\nfor\u00eat, pour tenir au bois de Guy, son fr\u00e8re, ainsi qu&rsquo;il r\u00e9sulte de ses lettres\ndu mois de Juillet 1247.<br>\nEn 1251, Bauduin d&rsquo;Avesnes, seigneur de Beaumont, et F\u00e9licit\u00e9, sa femme,\nexempt\u00e8rent et affranchirent de tout droit de tonlieu, les fr\u00e8res de la maison\nde la chevalerie du Temple de Saint-Aubin <br>\nLes Hospitaliers, en prenant possession de la maison de Saint-Aubin, y\ntrouv\u00e8rent \u00ab&nbsp;quarante muids de terre de peu de valeur, qu&rsquo;on appelait\n&nbsp;Riez&nbsp;; vingt-quatre journaux de pr\u00e9 qui rapportaient, ann\u00e9e commune,\n7 livres\n40 sols; une rente de quatre muids de bl\u00e9 sur les moulins de Saint-Aubin,\nrepr\u00e9sentant 4 livres\net 10 sols par an; ce qui donnait avec d&rsquo;autres cens et rentes, un revenu total\nde 37 livres\n6 sols&nbsp;\u00bb. (Les commanderies du Grand-Prieur\u00e9 de France \u2013\nEug\u00e8ne Mannier- Paris, Aubry et Dumoulin, 1872 Paris)<\/p>\n\n\n\n<p>Elle subit au cours des si\u00e8cles des transformations\nsuccessives convertissant cette maison seigneuriale en cense. En 1729, il est\nmentionn\u00e9 (ADN C 10426) que la Cense du Temple est une d\u00e9pendance de la\ncommanderie de Puiseux-en-Laonnois, actuel Puisieux, sur la commune de Chambry,\nau nord de Laon.&nbsp;Les Ravaux en furent les fermiers de p\u00e8re en\nfils. A la R\u00e9volution, la cense qui appartenait toujours aux chevaliers de Malte,\nfut d\u00e9clar\u00e9e bien national. Soumissionn\u00e9es par la commune de Saint-Aubin, les\npropri\u00e9t\u00e9s qui la composaient furent&nbsp;\naccord\u00e9es par l\u2019Assembl\u00e9e Nationale, le 6 janvier 1791, pour le prix de 13230 livres. Elles\nfurent ensuite revendues \u00e0 divers acqu\u00e9reurs.<\/p>\n\n\n\n<p>En 1912, le corps de b\u00e2timent de la ferme \u00e9tait d\u00e9crit avec\ndes murs en moellons d\u2019environ 1\n m\u00e8tre d\u2019\u00e9paisseur, un toit support\u00e9 par un\nencorbellement en pierres de taille et derri\u00e8re et faisant saillie une petite\ntourelle d\u2019environ 7 m\n50 de circonf\u00e9rence et de 10 m\n50 de haut.<\/p>\n","protected":false},"excerpt":{"rendered":"<p>Apr\u00e8s la suppression de l\u2019ordre des Templiers, en 1314, beaucoup de leurs biens pass\u00e8rent aux chevaliers de Rhodes, qui prient en 1530 le nom de chevaliers de Malte. Parmi ces biens se trouvent en Avesnois les censes de Dourlers,Frasnoy, Le Favril et Saint-Aubin. Dourlers La Couture du Temple est une d\u00e9pendance de la ferme du &hellip; <a href=\"https:\/\/patrimoine-avesnois.fr\/censes\/les-censes-de-lordre-de-malte\/\" class=\"more-link\">Continuer la lecture<span class=\"screen-reader-text\"> de &laquo;&nbsp;Les censes de l\u2019ordre de Malte&nbsp;&raquo;<\/span><\/a><\/p>\n","protected":false},"author":2,"featured_media":0,"parent":0,"menu_order":0,"comment_status":"closed","ping_status":"closed","template":"","meta":{"jetpack_post_was_ever_published":false,"footnotes":""},"class_list":["post-156","page","type-page","status-publish","hentry"],"jetpack_sharing_enabled":true,"jetpack_shortlink":"https:\/\/wp.me\/PaKSRG-2w","jetpack-related-posts":[],"_links":{"self":[{"href":"https:\/\/patrimoine-avesnois.fr\/censes\/wp-json\/wp\/v2\/pages\/156","targetHints":{"allow":["GET"]}}],"collection":[{"href":"https:\/\/patrimoine-avesnois.fr\/censes\/wp-json\/wp\/v2\/pages"}],"about":[{"href":"https:\/\/patrimoine-avesnois.fr\/censes\/wp-json\/wp\/v2\/types\/page"}],"author":[{"embeddable":true,"href":"https:\/\/patrimoine-avesnois.fr\/censes\/wp-json\/wp\/v2\/users\/2"}],"replies":[{"embeddable":true,"href":"https:\/\/patrimoine-avesnois.fr\/censes\/wp-json\/wp\/v2\/comments?post=156"}],"version-history":[{"count":3,"href":"https:\/\/patrimoine-avesnois.fr\/censes\/wp-json\/wp\/v2\/pages\/156\/revisions"}],"predecessor-version":[{"id":461,"href":"https:\/\/patrimoine-avesnois.fr\/censes\/wp-json\/wp\/v2\/pages\/156\/revisions\/461"}],"wp:attachment":[{"href":"https:\/\/patrimoine-avesnois.fr\/censes\/wp-json\/wp\/v2\/media?parent=156"}],"curies":[{"name":"wp","href":"https:\/\/api.w.org\/{rel}","templated":true}]}}