{"id":183,"date":"2019-02-18T14:02:59","date_gmt":"2019-02-18T13:02:59","guid":{"rendered":"http:\/\/patrimoine-avesnois.fr\/censes\/?page_id=183"},"modified":"2023-07-15T14:09:25","modified_gmt":"2023-07-15T12:09:25","slug":"les-censes-de-labbaye-daulne","status":"publish","type":"page","link":"https:\/\/patrimoine-avesnois.fr\/censes\/les-censes-de-labbaye-daulne\/","title":{"rendered":"Les censes de l\u2019abbaye d\u2019Aulne"},"content":{"rendered":"\n<p class=\"has-bright-red-color has-text-color has-medium-font-size\"><strong>Aibes<\/strong><\/p>\n\n\n\n<p><strong>La Ferme de Coulmie<\/strong><\/p>\n\n\n\n<p>L&rsquo;Abbaye d&rsquo;Aulne poss\u00e9dait \u00e0 Aibes des biens importants, et\nen particulier la ferme de Coulmie \u00e0 laquelle \u00e9taient annex\u00e9s un moulin et une\nbrasserie. Cette Abbaye y partageait le produit des d\u00eemes avec l&rsquo;Abbaye de\nLobbes et le Chapitre de Maubeuge. A cette paroisse se rattachait l\u2019\u00e9glise de\nQui\u00e9velon.<\/p>\n\n\n\n<p>En 1789,\n l&rsquo;Abb\u00e9 d&rsquo;Aulne fut envoy\u00e9 comme Seigneur de Coulmy aux\nEtats G\u00e9n\u00e9raux.<\/p>\n\n\n\n<p>Martin G\u00e9rard puis son fils Jean furent censiers de Coulmie entre 1660 et 1724. Philippe Fournier (1679 1743) les rempla\u00e7a puis son fils Nicolas Fournier (1714 1788).<\/p>\n\n\n\n<p>En 1815 la veuve de Josse Verstraete de Douai, Marie Scorssery, revendiqua la ferme nationale de Coulmie situ\u00e9e \u00e0 Aibes dont la vente faite \u00e0 son mari le 24 Pluviose An VI (ADN 1 Q 126) avait \u00e9t\u00e9 annul\u00e9e et ali\u00e9n\u00e9e en l&rsquo;An VIII \u00e0 Constantin Joseph Carton. (ADN 1 Q 1160). Carton \u00e9tait mari\u00e9 \u00e0 Catherine Dequesne et \u00e9tait Greffier en 1787 puis juge de paix \u00e0 Avesnes-sur-Helpe.<\/p>\n\n\n\n<p>N\u00e9 le 2 octobre 1757 \u00e0 Gravelines, d&rsquo;une famille de ma\u00eetre charpentier, R\u00e9my Josse d\u00e9c\u00e9da le 16 novembre 1812 \u00e0 Douai \u00e0 l&rsquo;\u00e2ge de 55 ans, \u00e9poux en quatri\u00e8me noce de Anne Marie Scorssery \u00e2g\u00e9e alors de 27 ans. Le mariage avait eu lieu le 30 Fructidor An XII \u00e0 Dunkerque (17 septembre 1804). Anne Marie Scorssery n\u00e9e le 30 mars 1785 \u00e0 Dunkerque \u00e9tait la fille de Henry Alexandre Scorssery, capitaine de navire commandant le corsaire l&rsquo;Ami des Lois de Dunkerque.<\/p>\n\n\n<div class=\"wp-block-image\">\n<figure class=\"aligncenter\"><img data-recalc-dims=\"1\" loading=\"lazy\" decoding=\"async\" width=\"714\" height=\"476\" data-attachment-id=\"184\" data-permalink=\"https:\/\/patrimoine-avesnois.fr\/censes\/les-censes-de-labbaye-daulne\/capture-85\/\" data-orig-file=\"https:\/\/i0.wp.com\/patrimoine-avesnois.fr\/censes\/wp-content\/uploads\/2019\/02\/Capture-84.png?fit=714%2C476&amp;ssl=1\" data-orig-size=\"714,476\" data-comments-opened=\"1\" data-image-meta=\"{&quot;aperture&quot;:&quot;0&quot;,&quot;credit&quot;:&quot;&quot;,&quot;camera&quot;:&quot;&quot;,&quot;caption&quot;:&quot;&quot;,&quot;created_timestamp&quot;:&quot;0&quot;,&quot;copyright&quot;:&quot;&quot;,&quot;focal_length&quot;:&quot;0&quot;,&quot;iso&quot;:&quot;0&quot;,&quot;shutter_speed&quot;:&quot;0&quot;,&quot;title&quot;:&quot;&quot;,&quot;orientation&quot;:&quot;0&quot;}\" data-image-title=\"Capture\" data-image-description=\"\" data-image-caption=\"\" data-medium-file=\"https:\/\/i0.wp.com\/patrimoine-avesnois.fr\/censes\/wp-content\/uploads\/2019\/02\/Capture-84.png?fit=300%2C200&amp;ssl=1\" data-large-file=\"https:\/\/i0.wp.com\/patrimoine-avesnois.fr\/censes\/wp-content\/uploads\/2019\/02\/Capture-84.png?fit=714%2C476&amp;ssl=1\" src=\"https:\/\/i0.wp.com\/patrimoine-avesnois.fr\/censes\/wp-content\/uploads\/2019\/02\/Capture-84.png?resize=714%2C476\" alt=\"\" class=\"wp-image-184\" srcset=\"https:\/\/i0.wp.com\/patrimoine-avesnois.fr\/censes\/wp-content\/uploads\/2019\/02\/Capture-84.png?w=714&amp;ssl=1 714w, https:\/\/i0.wp.com\/patrimoine-avesnois.fr\/censes\/wp-content\/uploads\/2019\/02\/Capture-84.png?resize=300%2C200&amp;ssl=1 300w\" sizes=\"auto, (max-width: 714px) 85vw, 714px\" \/><figcaption class=\"wp-element-caption\">La Ferme de Coulmie<\/figcaption><\/figure>\n<\/div>\n\n<div class=\"wp-block-image\">\n<figure class=\"aligncenter\"><img data-recalc-dims=\"1\" loading=\"lazy\" decoding=\"async\" width=\"766\" height=\"510\" data-attachment-id=\"185\" data-permalink=\"https:\/\/patrimoine-avesnois.fr\/censes\/les-censes-de-labbaye-daulne\/capture-86\/\" data-orig-file=\"https:\/\/i0.wp.com\/patrimoine-avesnois.fr\/censes\/wp-content\/uploads\/2019\/02\/Capture-85.png?fit=766%2C510&amp;ssl=1\" data-orig-size=\"766,510\" data-comments-opened=\"1\" data-image-meta=\"{&quot;aperture&quot;:&quot;0&quot;,&quot;credit&quot;:&quot;&quot;,&quot;camera&quot;:&quot;&quot;,&quot;caption&quot;:&quot;&quot;,&quot;created_timestamp&quot;:&quot;0&quot;,&quot;copyright&quot;:&quot;&quot;,&quot;focal_length&quot;:&quot;0&quot;,&quot;iso&quot;:&quot;0&quot;,&quot;shutter_speed&quot;:&quot;0&quot;,&quot;title&quot;:&quot;&quot;,&quot;orientation&quot;:&quot;0&quot;}\" data-image-title=\"Capture\" data-image-description=\"\" data-image-caption=\"\" data-medium-file=\"https:\/\/i0.wp.com\/patrimoine-avesnois.fr\/censes\/wp-content\/uploads\/2019\/02\/Capture-85.png?fit=300%2C200&amp;ssl=1\" data-large-file=\"https:\/\/i0.wp.com\/patrimoine-avesnois.fr\/censes\/wp-content\/uploads\/2019\/02\/Capture-85.png?fit=766%2C510&amp;ssl=1\" src=\"https:\/\/i0.wp.com\/patrimoine-avesnois.fr\/censes\/wp-content\/uploads\/2019\/02\/Capture-85.png?resize=766%2C510\" alt=\"\" class=\"wp-image-185\" srcset=\"https:\/\/i0.wp.com\/patrimoine-avesnois.fr\/censes\/wp-content\/uploads\/2019\/02\/Capture-85.png?w=766&amp;ssl=1 766w, https:\/\/i0.wp.com\/patrimoine-avesnois.fr\/censes\/wp-content\/uploads\/2019\/02\/Capture-85.png?resize=300%2C200&amp;ssl=1 300w\" sizes=\"auto, (max-width: 766px) 85vw, 766px\" \/><figcaption class=\"wp-element-caption\">La Ferme de Coulmie<\/figcaption><\/figure>\n<\/div>\n\n<div class=\"wp-block-image\">\n<figure class=\"aligncenter\"><img data-recalc-dims=\"1\" loading=\"lazy\" decoding=\"async\" width=\"674\" height=\"449\" data-attachment-id=\"186\" data-permalink=\"https:\/\/patrimoine-avesnois.fr\/censes\/les-censes-de-labbaye-daulne\/capture-87\/\" data-orig-file=\"https:\/\/i0.wp.com\/patrimoine-avesnois.fr\/censes\/wp-content\/uploads\/2019\/02\/Capture-86.png?fit=674%2C449&amp;ssl=1\" data-orig-size=\"674,449\" data-comments-opened=\"1\" data-image-meta=\"{&quot;aperture&quot;:&quot;0&quot;,&quot;credit&quot;:&quot;&quot;,&quot;camera&quot;:&quot;&quot;,&quot;caption&quot;:&quot;&quot;,&quot;created_timestamp&quot;:&quot;0&quot;,&quot;copyright&quot;:&quot;&quot;,&quot;focal_length&quot;:&quot;0&quot;,&quot;iso&quot;:&quot;0&quot;,&quot;shutter_speed&quot;:&quot;0&quot;,&quot;title&quot;:&quot;&quot;,&quot;orientation&quot;:&quot;0&quot;}\" data-image-title=\"Capture\" data-image-description=\"\" data-image-caption=\"\" data-medium-file=\"https:\/\/i0.wp.com\/patrimoine-avesnois.fr\/censes\/wp-content\/uploads\/2019\/02\/Capture-86.png?fit=300%2C200&amp;ssl=1\" data-large-file=\"https:\/\/i0.wp.com\/patrimoine-avesnois.fr\/censes\/wp-content\/uploads\/2019\/02\/Capture-86.png?fit=674%2C449&amp;ssl=1\" src=\"https:\/\/i0.wp.com\/patrimoine-avesnois.fr\/censes\/wp-content\/uploads\/2019\/02\/Capture-86.png?resize=674%2C449\" alt=\"\" class=\"wp-image-186\" srcset=\"https:\/\/i0.wp.com\/patrimoine-avesnois.fr\/censes\/wp-content\/uploads\/2019\/02\/Capture-86.png?w=674&amp;ssl=1 674w, https:\/\/i0.wp.com\/patrimoine-avesnois.fr\/censes\/wp-content\/uploads\/2019\/02\/Capture-86.png?resize=300%2C200&amp;ssl=1 300w\" sizes=\"auto, (max-width: 674px) 85vw, 674px\" \/><figcaption class=\"wp-element-caption\">La date de construction de 1723 figure sur l&rsquo;un des pignons du corps de logis<\/figcaption><\/figure>\n<\/div>\n\n\n<p><strong>La cense Le Mesnil<\/strong><\/p>\n\n\n\n<p>On trouve au sud-ouest du village une ferme qui a \u00e9t\u00e9 donn\u00e9e \u00e0 l\u2019Abbaye d&rsquo;Aulne&nbsp;par&nbsp;Jacques d\u2019Avesnes et qui, comme beaucoup d\u2019exploitations rurales isol\u00e9es, s\u2019appelait&nbsp;le Mesnil, du latin&nbsp;mansilum. Les b\u00e2timents de cette ferme, dont certains datent du douzi\u00e8me si\u00e8cle, existent toujours. Implant\u00e9s autour d&rsquo;une grande cour ferm\u00e9e rectangulaire, ils \u00e9taient jusqu&rsquo;en 1986 le si\u00e8ge d&rsquo;une importante exploitation agricole. Depuis, ils ont \u00e9t\u00e9 restaur\u00e9s et transform\u00e9s en centre d&rsquo;accueil (Wikip\u00e9dia). <\/p>\n\n\n\n<p>En 1815 un arr\u00eat\u00e9 rejeta la p\u00e9tition de Thomas Evrard, maire de Noyelles-sur-Sambre tendant \u00e0 faire comprendre dans son acquisition de la ferme du Mesnil \u00e0 Aibes des terres provenant de l&rsquo;abbaye d&rsquo;Aulne, entre autres celles dites la Couture Michel et la p\u00e2ture du bois ali\u00e9n\u00e9es au profit de l&rsquo;h\u00f4pital des quatre vingt (ADN 1 Q 1160).<\/p>\n\n\n<div class=\"wp-block-image\">\n<figure class=\"aligncenter\"><img data-recalc-dims=\"1\" loading=\"lazy\" decoding=\"async\" width=\"735\" height=\"490\" data-attachment-id=\"187\" data-permalink=\"https:\/\/patrimoine-avesnois.fr\/censes\/les-censes-de-labbaye-daulne\/capture-88\/\" data-orig-file=\"https:\/\/i0.wp.com\/patrimoine-avesnois.fr\/censes\/wp-content\/uploads\/2019\/02\/Capture-87.png?fit=735%2C490&amp;ssl=1\" data-orig-size=\"735,490\" data-comments-opened=\"1\" data-image-meta=\"{&quot;aperture&quot;:&quot;0&quot;,&quot;credit&quot;:&quot;&quot;,&quot;camera&quot;:&quot;&quot;,&quot;caption&quot;:&quot;&quot;,&quot;created_timestamp&quot;:&quot;0&quot;,&quot;copyright&quot;:&quot;&quot;,&quot;focal_length&quot;:&quot;0&quot;,&quot;iso&quot;:&quot;0&quot;,&quot;shutter_speed&quot;:&quot;0&quot;,&quot;title&quot;:&quot;&quot;,&quot;orientation&quot;:&quot;0&quot;}\" data-image-title=\"Capture\" data-image-description=\"\" data-image-caption=\"\" data-medium-file=\"https:\/\/i0.wp.com\/patrimoine-avesnois.fr\/censes\/wp-content\/uploads\/2019\/02\/Capture-87.png?fit=300%2C200&amp;ssl=1\" data-large-file=\"https:\/\/i0.wp.com\/patrimoine-avesnois.fr\/censes\/wp-content\/uploads\/2019\/02\/Capture-87.png?fit=735%2C490&amp;ssl=1\" src=\"https:\/\/i0.wp.com\/patrimoine-avesnois.fr\/censes\/wp-content\/uploads\/2019\/02\/Capture-87.png?resize=735%2C490\" alt=\"\" class=\"wp-image-187\" srcset=\"https:\/\/i0.wp.com\/patrimoine-avesnois.fr\/censes\/wp-content\/uploads\/2019\/02\/Capture-87.png?w=735&amp;ssl=1 735w, https:\/\/i0.wp.com\/patrimoine-avesnois.fr\/censes\/wp-content\/uploads\/2019\/02\/Capture-87.png?resize=300%2C200&amp;ssl=1 300w\" sizes=\"auto, (max-width: 735px) 85vw, 735px\" \/><figcaption class=\"wp-element-caption\">La cense Le Mesnil<\/figcaption><\/figure>\n<\/div>\n\n<div class=\"wp-block-image\">\n<figure class=\"aligncenter\"><img data-recalc-dims=\"1\" loading=\"lazy\" decoding=\"async\" width=\"770\" height=\"514\" data-attachment-id=\"188\" data-permalink=\"https:\/\/patrimoine-avesnois.fr\/censes\/les-censes-de-labbaye-daulne\/capture-89\/\" data-orig-file=\"https:\/\/i0.wp.com\/patrimoine-avesnois.fr\/censes\/wp-content\/uploads\/2019\/02\/Capture-88.png?fit=770%2C514&amp;ssl=1\" data-orig-size=\"770,514\" data-comments-opened=\"1\" data-image-meta=\"{&quot;aperture&quot;:&quot;0&quot;,&quot;credit&quot;:&quot;&quot;,&quot;camera&quot;:&quot;&quot;,&quot;caption&quot;:&quot;&quot;,&quot;created_timestamp&quot;:&quot;0&quot;,&quot;copyright&quot;:&quot;&quot;,&quot;focal_length&quot;:&quot;0&quot;,&quot;iso&quot;:&quot;0&quot;,&quot;shutter_speed&quot;:&quot;0&quot;,&quot;title&quot;:&quot;&quot;,&quot;orientation&quot;:&quot;0&quot;}\" data-image-title=\"Capture\" data-image-description=\"\" data-image-caption=\"\" data-medium-file=\"https:\/\/i0.wp.com\/patrimoine-avesnois.fr\/censes\/wp-content\/uploads\/2019\/02\/Capture-88.png?fit=300%2C200&amp;ssl=1\" data-large-file=\"https:\/\/i0.wp.com\/patrimoine-avesnois.fr\/censes\/wp-content\/uploads\/2019\/02\/Capture-88.png?fit=770%2C514&amp;ssl=1\" src=\"https:\/\/i0.wp.com\/patrimoine-avesnois.fr\/censes\/wp-content\/uploads\/2019\/02\/Capture-88.png?resize=770%2C514\" alt=\"\" class=\"wp-image-188\" srcset=\"https:\/\/i0.wp.com\/patrimoine-avesnois.fr\/censes\/wp-content\/uploads\/2019\/02\/Capture-88.png?w=770&amp;ssl=1 770w, https:\/\/i0.wp.com\/patrimoine-avesnois.fr\/censes\/wp-content\/uploads\/2019\/02\/Capture-88.png?resize=300%2C200&amp;ssl=1 300w, https:\/\/i0.wp.com\/patrimoine-avesnois.fr\/censes\/wp-content\/uploads\/2019\/02\/Capture-88.png?resize=768%2C513&amp;ssl=1 768w\" sizes=\"auto, (max-width: 770px) 85vw, 770px\" \/><figcaption class=\"wp-element-caption\">Int\u00e9rieur de la cense Le Mesnil<\/figcaption><\/figure>\n<\/div>\n\n<div class=\"wp-block-image\">\n<figure class=\"aligncenter\"><img data-recalc-dims=\"1\" loading=\"lazy\" decoding=\"async\" width=\"770\" height=\"512\" data-attachment-id=\"189\" data-permalink=\"https:\/\/patrimoine-avesnois.fr\/censes\/les-censes-de-labbaye-daulne\/capture-90\/\" data-orig-file=\"https:\/\/i0.wp.com\/patrimoine-avesnois.fr\/censes\/wp-content\/uploads\/2019\/02\/Capture-89.png?fit=770%2C512&amp;ssl=1\" data-orig-size=\"770,512\" data-comments-opened=\"1\" data-image-meta=\"{&quot;aperture&quot;:&quot;0&quot;,&quot;credit&quot;:&quot;&quot;,&quot;camera&quot;:&quot;&quot;,&quot;caption&quot;:&quot;&quot;,&quot;created_timestamp&quot;:&quot;0&quot;,&quot;copyright&quot;:&quot;&quot;,&quot;focal_length&quot;:&quot;0&quot;,&quot;iso&quot;:&quot;0&quot;,&quot;shutter_speed&quot;:&quot;0&quot;,&quot;title&quot;:&quot;&quot;,&quot;orientation&quot;:&quot;0&quot;}\" data-image-title=\"Capture\" data-image-description=\"\" data-image-caption=\"\" data-medium-file=\"https:\/\/i0.wp.com\/patrimoine-avesnois.fr\/censes\/wp-content\/uploads\/2019\/02\/Capture-89.png?fit=300%2C199&amp;ssl=1\" data-large-file=\"https:\/\/i0.wp.com\/patrimoine-avesnois.fr\/censes\/wp-content\/uploads\/2019\/02\/Capture-89.png?fit=770%2C512&amp;ssl=1\" src=\"https:\/\/i0.wp.com\/patrimoine-avesnois.fr\/censes\/wp-content\/uploads\/2019\/02\/Capture-89.png?resize=770%2C512\" alt=\"\" class=\"wp-image-189\" srcset=\"https:\/\/i0.wp.com\/patrimoine-avesnois.fr\/censes\/wp-content\/uploads\/2019\/02\/Capture-89.png?w=770&amp;ssl=1 770w, https:\/\/i0.wp.com\/patrimoine-avesnois.fr\/censes\/wp-content\/uploads\/2019\/02\/Capture-89.png?resize=300%2C199&amp;ssl=1 300w, https:\/\/i0.wp.com\/patrimoine-avesnois.fr\/censes\/wp-content\/uploads\/2019\/02\/Capture-89.png?resize=768%2C511&amp;ssl=1 768w\" sizes=\"auto, (max-width: 770px) 85vw, 770px\" \/><figcaption class=\"wp-element-caption\">La cense Le Mesnil<\/figcaption><\/figure>\n<\/div>\n\n<div class=\"wp-block-image\">\n<figure class=\"aligncenter\"><img data-recalc-dims=\"1\" loading=\"lazy\" decoding=\"async\" width=\"775\" height=\"517\" data-attachment-id=\"190\" data-permalink=\"https:\/\/patrimoine-avesnois.fr\/censes\/les-censes-de-labbaye-daulne\/capture-91\/\" data-orig-file=\"https:\/\/i0.wp.com\/patrimoine-avesnois.fr\/censes\/wp-content\/uploads\/2019\/02\/Capture-90.png?fit=775%2C517&amp;ssl=1\" data-orig-size=\"775,517\" data-comments-opened=\"1\" data-image-meta=\"{&quot;aperture&quot;:&quot;0&quot;,&quot;credit&quot;:&quot;&quot;,&quot;camera&quot;:&quot;&quot;,&quot;caption&quot;:&quot;&quot;,&quot;created_timestamp&quot;:&quot;0&quot;,&quot;copyright&quot;:&quot;&quot;,&quot;focal_length&quot;:&quot;0&quot;,&quot;iso&quot;:&quot;0&quot;,&quot;shutter_speed&quot;:&quot;0&quot;,&quot;title&quot;:&quot;&quot;,&quot;orientation&quot;:&quot;0&quot;}\" data-image-title=\"Capture\" data-image-description=\"\" data-image-caption=\"\" data-medium-file=\"https:\/\/i0.wp.com\/patrimoine-avesnois.fr\/censes\/wp-content\/uploads\/2019\/02\/Capture-90.png?fit=300%2C200&amp;ssl=1\" data-large-file=\"https:\/\/i0.wp.com\/patrimoine-avesnois.fr\/censes\/wp-content\/uploads\/2019\/02\/Capture-90.png?fit=775%2C517&amp;ssl=1\" src=\"https:\/\/i0.wp.com\/patrimoine-avesnois.fr\/censes\/wp-content\/uploads\/2019\/02\/Capture-90.png?resize=775%2C517\" alt=\"\" class=\"wp-image-190\" srcset=\"https:\/\/i0.wp.com\/patrimoine-avesnois.fr\/censes\/wp-content\/uploads\/2019\/02\/Capture-90.png?w=775&amp;ssl=1 775w, https:\/\/i0.wp.com\/patrimoine-avesnois.fr\/censes\/wp-content\/uploads\/2019\/02\/Capture-90.png?resize=300%2C200&amp;ssl=1 300w, https:\/\/i0.wp.com\/patrimoine-avesnois.fr\/censes\/wp-content\/uploads\/2019\/02\/Capture-90.png?resize=768%2C512&amp;ssl=1 768w\" sizes=\"auto, (max-width: 775px) 85vw, 775px\" \/><figcaption class=\"wp-element-caption\">Vue a\u00e9rienne de la cense Le Mesnil<\/figcaption><\/figure>\n<\/div>\n\n\n<p class=\"has-bright-red-color has-text-color has-medium-font-size\"><strong>B\u00e9relles<\/strong><\/p>\n\n\n<div class=\"wp-block-image\">\n<figure class=\"aligncenter\"><img data-recalc-dims=\"1\" loading=\"lazy\" decoding=\"async\" width=\"774\" height=\"515\" data-attachment-id=\"191\" data-permalink=\"https:\/\/patrimoine-avesnois.fr\/censes\/les-censes-de-labbaye-daulne\/capture-92\/\" data-orig-file=\"https:\/\/i0.wp.com\/patrimoine-avesnois.fr\/censes\/wp-content\/uploads\/2019\/02\/Capture-91.png?fit=774%2C515&amp;ssl=1\" data-orig-size=\"774,515\" data-comments-opened=\"1\" data-image-meta=\"{&quot;aperture&quot;:&quot;0&quot;,&quot;credit&quot;:&quot;&quot;,&quot;camera&quot;:&quot;&quot;,&quot;caption&quot;:&quot;&quot;,&quot;created_timestamp&quot;:&quot;0&quot;,&quot;copyright&quot;:&quot;&quot;,&quot;focal_length&quot;:&quot;0&quot;,&quot;iso&quot;:&quot;0&quot;,&quot;shutter_speed&quot;:&quot;0&quot;,&quot;title&quot;:&quot;&quot;,&quot;orientation&quot;:&quot;0&quot;}\" data-image-title=\"Capture\" data-image-description=\"\" data-image-caption=\"\" data-medium-file=\"https:\/\/i0.wp.com\/patrimoine-avesnois.fr\/censes\/wp-content\/uploads\/2019\/02\/Capture-91.png?fit=300%2C200&amp;ssl=1\" data-large-file=\"https:\/\/i0.wp.com\/patrimoine-avesnois.fr\/censes\/wp-content\/uploads\/2019\/02\/Capture-91.png?fit=774%2C515&amp;ssl=1\" src=\"https:\/\/i0.wp.com\/patrimoine-avesnois.fr\/censes\/wp-content\/uploads\/2019\/02\/Capture-91.png?resize=774%2C515\" alt=\"\" class=\"wp-image-191\" srcset=\"https:\/\/i0.wp.com\/patrimoine-avesnois.fr\/censes\/wp-content\/uploads\/2019\/02\/Capture-91.png?w=774&amp;ssl=1 774w, https:\/\/i0.wp.com\/patrimoine-avesnois.fr\/censes\/wp-content\/uploads\/2019\/02\/Capture-91.png?resize=300%2C200&amp;ssl=1 300w, https:\/\/i0.wp.com\/patrimoine-avesnois.fr\/censes\/wp-content\/uploads\/2019\/02\/Capture-91.png?resize=768%2C511&amp;ssl=1 768w\" sizes=\"auto, (max-width: 774px) 85vw, 774px\" \/><figcaption class=\"wp-element-caption\">La Ferme d&rsquo;En Bas<\/figcaption><\/figure>\n<\/div>\n\n<div class=\"wp-block-image\">\n<figure class=\"aligncenter\"><img data-recalc-dims=\"1\" loading=\"lazy\" decoding=\"async\" width=\"732\" height=\"488\" data-attachment-id=\"192\" data-permalink=\"https:\/\/patrimoine-avesnois.fr\/censes\/les-censes-de-labbaye-daulne\/capture-93\/\" data-orig-file=\"https:\/\/i0.wp.com\/patrimoine-avesnois.fr\/censes\/wp-content\/uploads\/2019\/02\/Capture-92.png?fit=732%2C488&amp;ssl=1\" data-orig-size=\"732,488\" data-comments-opened=\"1\" data-image-meta=\"{&quot;aperture&quot;:&quot;0&quot;,&quot;credit&quot;:&quot;&quot;,&quot;camera&quot;:&quot;&quot;,&quot;caption&quot;:&quot;&quot;,&quot;created_timestamp&quot;:&quot;0&quot;,&quot;copyright&quot;:&quot;&quot;,&quot;focal_length&quot;:&quot;0&quot;,&quot;iso&quot;:&quot;0&quot;,&quot;shutter_speed&quot;:&quot;0&quot;,&quot;title&quot;:&quot;&quot;,&quot;orientation&quot;:&quot;0&quot;}\" data-image-title=\"Capture\" data-image-description=\"\" data-image-caption=\"\" data-medium-file=\"https:\/\/i0.wp.com\/patrimoine-avesnois.fr\/censes\/wp-content\/uploads\/2019\/02\/Capture-92.png?fit=300%2C200&amp;ssl=1\" data-large-file=\"https:\/\/i0.wp.com\/patrimoine-avesnois.fr\/censes\/wp-content\/uploads\/2019\/02\/Capture-92.png?fit=732%2C488&amp;ssl=1\" src=\"https:\/\/i0.wp.com\/patrimoine-avesnois.fr\/censes\/wp-content\/uploads\/2019\/02\/Capture-92.png?resize=732%2C488\" alt=\"\" class=\"wp-image-192\" srcset=\"https:\/\/i0.wp.com\/patrimoine-avesnois.fr\/censes\/wp-content\/uploads\/2019\/02\/Capture-92.png?w=732&amp;ssl=1 732w, https:\/\/i0.wp.com\/patrimoine-avesnois.fr\/censes\/wp-content\/uploads\/2019\/02\/Capture-92.png?resize=300%2C200&amp;ssl=1 300w\" sizes=\"auto, (max-width: 732px) 85vw, 732px\" \/><figcaption class=\"wp-element-caption\"><a href=\"https:\/\/www.google.fr\/maps\/@50.2125796,4.0995715,3a,75y,333.73h,88.01t\/data=!3m6!1e1!3m4!1sNVPCcpiUbokDajQ9nJHjbg!2e0!7i13312!8i6656\">10 Route de Jeumont<\/a><\/figcaption><\/figure>\n<\/div>\n\n\n<p>A B\u00e9relles l\u2019abbaye d\u2019Aulne disposait d\u2019une ferme appel\u00e9e la ferme de la Brique avec 250 rasi\u00e8res de terre qui fut vendue comme bien national le 7 Vend\u00e9miaire An 6 \u00e0 Thomas Evrard (ADN 1 Q 122\/6099). Ce Thomas Evrard (1734 1844) originaire de Noyelles-sur-Sambre \u00e9tait mari\u00e9 \u00e0 Marie Joseph Philippe, fille de Louis et de Marie Jeanne Erraux. Cette derni\u00e8re \u00e9tait originaire de Dompierre et tr\u00e8s probablement parent\u00e9 aux Erraux que nous avons \u00e9voqu\u00e9s plus haut. <\/p>\n\n\n\n<p> Gachard, dans son inventaire des Cartes et plans des Archives du Royaume de Belgique, cite une \u00ab Carte figurative des terres, pros et bois d\u00e9pendants de la ferme de la Brique, situ\u00e9e \u00e0 B\u00e9relles et appartenant a l&rsquo;abbaye d&rsquo;Alne, dress\u00e9e par l&rsquo;arpenteur Fr. Lussier en 172o \u00bb.<\/p>\n\n\n\n<p class=\"has-bright-red-color has-text-color has-medium-font-size\"><strong>Dimechaux<\/strong><\/p>\n\n\n\n<p>Le 17 Niv\u00f4se An VIII une ferme \u00e0 Dimechaux ayant appartenu \u00e0 l&rsquo;Abbaye d&rsquo;Aulne fut adjug\u00e9e \u00e0 Constantin Carton (ADN 1 Q 128 Contrat N\u00b0 6393).<\/p>\n\n\n\n<p class=\"has-bright-red-color has-text-color has-medium-font-size\"><strong>Hestrud<\/strong><\/p>\n\n\n\n<p>L&rsquo;Abbaye d&rsquo;Aulne poss\u00e9dait \u00e0 Hestrud le bois de Nielles, une\nferme et des dimes (Bulletin de la Commission historique du d\u00e9partement du Nord\n1866)<\/p>\n","protected":false},"excerpt":{"rendered":"<p>Aibes La Ferme de Coulmie L&rsquo;Abbaye d&rsquo;Aulne poss\u00e9dait \u00e0 Aibes des biens importants, et en particulier la ferme de Coulmie \u00e0 laquelle \u00e9taient annex\u00e9s un moulin et une brasserie. Cette Abbaye y partageait le produit des d\u00eemes avec l&rsquo;Abbaye de Lobbes et le Chapitre de Maubeuge. A cette paroisse se rattachait l\u2019\u00e9glise de Qui\u00e9velon. En &hellip; <a href=\"https:\/\/patrimoine-avesnois.fr\/censes\/les-censes-de-labbaye-daulne\/\" class=\"more-link\">Continuer la lecture<span class=\"screen-reader-text\"> de &laquo;&nbsp;Les censes de l\u2019abbaye d\u2019Aulne&nbsp;&raquo;<\/span><\/a><\/p>\n","protected":false},"author":2,"featured_media":0,"parent":0,"menu_order":0,"comment_status":"closed","ping_status":"closed","template":"","meta":{"jetpack_post_was_ever_published":false,"footnotes":""},"class_list":["post-183","page","type-page","status-publish","hentry"],"jetpack_sharing_enabled":true,"jetpack_shortlink":"https:\/\/wp.me\/PaKSRG-2X","jetpack-related-posts":[],"_links":{"self":[{"href":"https:\/\/patrimoine-avesnois.fr\/censes\/wp-json\/wp\/v2\/pages\/183","targetHints":{"allow":["GET"]}}],"collection":[{"href":"https:\/\/patrimoine-avesnois.fr\/censes\/wp-json\/wp\/v2\/pages"}],"about":[{"href":"https:\/\/patrimoine-avesnois.fr\/censes\/wp-json\/wp\/v2\/types\/page"}],"author":[{"embeddable":true,"href":"https:\/\/patrimoine-avesnois.fr\/censes\/wp-json\/wp\/v2\/users\/2"}],"replies":[{"embeddable":true,"href":"https:\/\/patrimoine-avesnois.fr\/censes\/wp-json\/wp\/v2\/comments?post=183"}],"version-history":[{"count":10,"href":"https:\/\/patrimoine-avesnois.fr\/censes\/wp-json\/wp\/v2\/pages\/183\/revisions"}],"predecessor-version":[{"id":596,"href":"https:\/\/patrimoine-avesnois.fr\/censes\/wp-json\/wp\/v2\/pages\/183\/revisions\/596"}],"wp:attachment":[{"href":"https:\/\/patrimoine-avesnois.fr\/censes\/wp-json\/wp\/v2\/media?parent=183"}],"curies":[{"name":"wp","href":"https:\/\/api.w.org\/{rel}","templated":true}]}}