{"id":220,"date":"2019-02-19T12:20:05","date_gmt":"2019-02-19T11:20:05","guid":{"rendered":"http:\/\/patrimoine-avesnois.fr\/censes\/?page_id=220"},"modified":"2019-06-08T09:42:58","modified_gmt":"2019-06-08T07:42:58","slug":"les-censes-du-domaine-royal","status":"publish","type":"page","link":"https:\/\/patrimoine-avesnois.fr\/censes\/les-censes-du-domaine-royal\/","title":{"rendered":"Les censes du domaine royal"},"content":{"rendered":"\n<p>En tant que \u00ab&nbsp;seigneur supr\u00eame&nbsp;\u00bb, le Roi\ndisposait&nbsp; d\u2019un domaine qui d\u00e9signait, \u00e0\nla fois l\u2019ensemble des terres, des biens et des droits relevant directement de\nson pouvoir et \u00e0 la fois la totalit\u00e9 de ses revenus ordinaires en tant que\npropri\u00e9taire mais aussi en tant que souverain.<\/p>\n\n\n\n<p>En ce qui concerne l\u2019Avesnois, certains biens ayant relev\u00e9s\ndes comtes de Hainaut devinrent des domaines royaux, notamment la for\u00eat de\nMormal ou bien encore certains moulins.<\/p>\n\n\n\n<p>Cependant il n\u2019y a pas de sources qui permettent d\u2019identifier\nles censes qui furent incorpor\u00e9es au domaine royal. On ne peut qu\u2019\u00e9mettre des\nhypoth\u00e8ses en faisant un parall\u00e8le avec les moulins devenus royaux mais ne\nfaut-il pas parfois se d\u00e9fier des sources \u2026<\/p>\n\n\n\n<p class=\"has-text-color has-medium-font-size has-bright-red-color\"><strong>Landrecies<\/strong><\/p>\n\n\n\n<p>A l\u2019instar d\u2019un moulin \u00e0 vent appartenant au Roi mais dont\nle gouverneur en jouissait \u00e0 titre d\u2019arrentement, il dut avoir une cense qui\npassa dans l\u2019escarcelle du Roi Louis XIV.<\/p>\n\n\n\n<p>En effet ce moulin sur pivot \u00e9rig\u00e9 avant 1730 sur un bastion\nde la ville de Landrecies \u00e0 l\u2019occasion d\u2019un si\u00e8ge fut d\u00e9plac\u00e9 vers 1773 hors de\nla ville, sur une terre de la manse abbatiale de Fr\u00e9my, \u00e0 la condition qu\u2019\u00e0 la\nmort de l\u2019abb\u00e9 de Fesmy, ce moulin en revienne au Roi. Le d\u00e9c\u00e8s de l\u2019abb\u00e9 et\nl\u2019arr\u00eat du Conseil du 1<sup>er<\/sup> octobre 1779 remirent donc le moulin dans\nles mains du Roi (ADN C 16823). <\/p>\n\n\n\n<p class=\"has-text-color has-medium-font-size has-bright-red-color\"><strong>Le Quesnoy<\/strong><\/p>\n\n\n\n<p>Le Quesnoy poss\u00e9dait des moulins banaux qui faisaient partie\ndu domaine royal. On peut imaginer, que celui-ci devait \u00e9galement d\u00e9tenir des\ncenses. <\/p>\n\n\n\n<p class=\"has-text-color has-medium-font-size has-bright-red-color\"><strong>Jolimetz<\/strong><\/p>\n\n\n\n<p>Sur le territoire de Jolimetz, Le bois de la Clayelle fut\nd\u00e9frich\u00e9 en 1537. <\/p>\n\n\n\n<p>En 1684 la cense de la Clayelle appartenait au Roi (D\nMathieu \u00ab&nbsp;Histoire de la for\u00eat de Mormal et ses d\u00e9pendances&nbsp;\u00bb\nManuscrit d\u00e9pos\u00e9 aux ADN C 2852)&nbsp;: <\/p>\n\n\n\n<p>\u00ab&nbsp;Les terres de cette cense commencent et tiennent au\nPont \u00e0 vacques vis-\u00e0-vis des dites terres de Futoy de l\u2019abbaye d\u2019Anchin qui en\nest s\u00e9par\u00e9 par le grand chemin du dict pont \u00e0 vacques qui conduit au Locquignol\net \u00e0 Sassegnies, et s\u2019\u00e9tend jusques au bout de la chauss\u00e9e de l\u2019estang des\nCorbeaux, afferm\u00e9 \u00e0 Jacques de Rombies et \u00e0 trois mencaud\u00e9es de jardin qui ont\nest\u00e9 s\u00e9parez de la dicte forest et arrent\u00e9e pour vingt et un sols de vieille\nrente appartenant au Roy, vulgairement dict le pr\u00eat cornart laquelle cense\ncontient cent quatre vingt journeaux\u2026tenant au terroir de Jolimetz entour\u00e9e de\nhaies vives, ayant une fort bonne maison consistant en trois chambres basses,\nun fournil, cave, escuries estables \u00e0 vaches et \u00e0 porcqs, une bergerie et une\ngrange ferm\u00e9e de murailles de bricque, deux cours et deux jardins avec une\nbrasserie, laquelle bergerie il y a deux ans le fermier a faict convertir en\nune petite maison et une \u00e9curie autour de laquelle passe le ruisseau de la\nfontaine Marguerite\u2026&nbsp;\u00bb<\/p>\n\n\n\n<p>A partir de cette description et du plan cadastral de 1831, la cense royale pourrait correspondre sur ce cadastre au N\u00b0 1123 \u00e0 1135.<\/p>\n\n\n\n<div class=\"wp-block-image\"><figure class=\"aligncenter\"><img data-recalc-dims=\"1\" loading=\"lazy\" decoding=\"async\" width=\"766\" height=\"511\" data-attachment-id=\"221\" data-permalink=\"https:\/\/patrimoine-avesnois.fr\/censes\/les-censes-du-domaine-royal\/capture-115\/\" data-orig-file=\"https:\/\/i0.wp.com\/patrimoine-avesnois.fr\/censes\/wp-content\/uploads\/2019\/02\/Capture-114.png?fit=766%2C511&amp;ssl=1\" data-orig-size=\"766,511\" data-comments-opened=\"1\" data-image-meta=\"{&quot;aperture&quot;:&quot;0&quot;,&quot;credit&quot;:&quot;&quot;,&quot;camera&quot;:&quot;&quot;,&quot;caption&quot;:&quot;&quot;,&quot;created_timestamp&quot;:&quot;0&quot;,&quot;copyright&quot;:&quot;&quot;,&quot;focal_length&quot;:&quot;0&quot;,&quot;iso&quot;:&quot;0&quot;,&quot;shutter_speed&quot;:&quot;0&quot;,&quot;title&quot;:&quot;&quot;,&quot;orientation&quot;:&quot;0&quot;}\" data-image-title=\"Capture\" data-image-description=\"\" data-image-caption=\"\" data-medium-file=\"https:\/\/i0.wp.com\/patrimoine-avesnois.fr\/censes\/wp-content\/uploads\/2019\/02\/Capture-114.png?fit=300%2C200&amp;ssl=1\" data-large-file=\"https:\/\/i0.wp.com\/patrimoine-avesnois.fr\/censes\/wp-content\/uploads\/2019\/02\/Capture-114.png?fit=766%2C511&amp;ssl=1\" src=\"https:\/\/i0.wp.com\/patrimoine-avesnois.fr\/censes\/wp-content\/uploads\/2019\/02\/Capture-114.png?resize=766%2C511\" alt=\"\" class=\"wp-image-221\" srcset=\"https:\/\/i0.wp.com\/patrimoine-avesnois.fr\/censes\/wp-content\/uploads\/2019\/02\/Capture-114.png?w=766&amp;ssl=1 766w, https:\/\/i0.wp.com\/patrimoine-avesnois.fr\/censes\/wp-content\/uploads\/2019\/02\/Capture-114.png?resize=300%2C200&amp;ssl=1 300w\" sizes=\"auto, (max-width: 766px) 85vw, 766px\" \/><figcaption>Cadastre de 1831<\/figcaption><\/figure><\/div>\n\n\n\n<div class=\"wp-block-image\"><figure class=\"aligncenter\"><img data-recalc-dims=\"1\" loading=\"lazy\" decoding=\"async\" width=\"757\" height=\"505\" data-attachment-id=\"222\" data-permalink=\"https:\/\/patrimoine-avesnois.fr\/censes\/les-censes-du-domaine-royal\/capture-116\/\" data-orig-file=\"https:\/\/i0.wp.com\/patrimoine-avesnois.fr\/censes\/wp-content\/uploads\/2019\/02\/Capture-115.png?fit=757%2C505&amp;ssl=1\" data-orig-size=\"757,505\" data-comments-opened=\"1\" data-image-meta=\"{&quot;aperture&quot;:&quot;0&quot;,&quot;credit&quot;:&quot;&quot;,&quot;camera&quot;:&quot;&quot;,&quot;caption&quot;:&quot;&quot;,&quot;created_timestamp&quot;:&quot;0&quot;,&quot;copyright&quot;:&quot;&quot;,&quot;focal_length&quot;:&quot;0&quot;,&quot;iso&quot;:&quot;0&quot;,&quot;shutter_speed&quot;:&quot;0&quot;,&quot;title&quot;:&quot;&quot;,&quot;orientation&quot;:&quot;0&quot;}\" data-image-title=\"Capture\" data-image-description=\"\" data-image-caption=\"\" data-medium-file=\"https:\/\/i0.wp.com\/patrimoine-avesnois.fr\/censes\/wp-content\/uploads\/2019\/02\/Capture-115.png?fit=300%2C200&amp;ssl=1\" data-large-file=\"https:\/\/i0.wp.com\/patrimoine-avesnois.fr\/censes\/wp-content\/uploads\/2019\/02\/Capture-115.png?fit=757%2C505&amp;ssl=1\" src=\"https:\/\/i0.wp.com\/patrimoine-avesnois.fr\/censes\/wp-content\/uploads\/2019\/02\/Capture-115.png?resize=757%2C505\" alt=\"\" class=\"wp-image-222\" srcset=\"https:\/\/i0.wp.com\/patrimoine-avesnois.fr\/censes\/wp-content\/uploads\/2019\/02\/Capture-115.png?w=757&amp;ssl=1 757w, https:\/\/i0.wp.com\/patrimoine-avesnois.fr\/censes\/wp-content\/uploads\/2019\/02\/Capture-115.png?resize=300%2C200&amp;ssl=1 300w\" sizes=\"auto, (max-width: 757px) 85vw, 757px\" \/><figcaption><a href=\"https:\/\/www.google.fr\/maps\/place\/59530+Jolimetz\/@50.2254737,3.6759597,292a,35y,90h,45t\/data=!3m1!1e3!4m5!3m4!1s0x47c28a352728d7bf:0xc0c2e1ffbbf51ba6!8m2!3d50.2279399!4d3.676734\">Google Maps<\/a><\/figcaption><\/figure><\/div>\n\n\n\n<p>De nos jours la cense en tant que telle n\u2019existe plus mais\npourrait peut-\u00eatre \u00eatre localis\u00e9e \u00e0 l\u2019emplacement symbolis\u00e9 par le cercle rouge\nsur la photo Google Maps ci-dessus.<\/p>\n\n\n\n<p class=\"has-text-color has-medium-font-size has-bright-red-color\"><strong>Locquignol<\/strong><\/p>\n\n\n\n<p>L\u2019histoire de Locquignol est indissociable de celle de la\nfor\u00eat de Mormal, r\u00e9serve de chasse des comtes de Hainaut. Celle-ci \u00e9tait\nadministr\u00e9e non par la pr\u00e9v\u00f4t\u00e9 du Quesnoy mais par un bailli des bois jusqu\u2019au\nrattachement de la pr\u00e9v\u00f4t\u00e9 au royaume de France en 1659.<\/p>\n\n\n\n<p>Une ferme-manoir fortifi\u00e9e se situait pr\u00e8s de l\u2019\u00e9glise\nactuelle. Etait-elle l\u2019ancien relais de chasse des comtes ? Etait-elle la cense\nde la Motte appartenant au Roi, lequel la donna vers 1680 \u00e0 M. Tallon&nbsp;?\nCette ferme consistait \u00ab&nbsp;en une cuisine, deux chambres basses, deux\npetites garde-robes, un grenier au dessus, un garde manger ou d\u00e9pense, une\ncave, une brasserie et un lieu pour lavender, une grange et des \u00e9curies et\nestables pour les bestiaux et cochons, une grande cour et un jardin au dessus\ndu foss\u00e9 de la dite cense&nbsp;\u00bb (ADN C 2852).<\/p>\n\n\n\n<p>Quoiqu\u2019il en soit, elle &nbsp;fut presque enti\u00e8rement d\u00e9truite en\n1944.&nbsp;<\/p>\n\n\n\n<p class=\"has-text-color has-medium-font-size has-bright-red-color\"><strong>Orsinval<\/strong><\/p>\n\n\n\n<p>Le b\u00e2ti ancien est compos\u00e9 de quelques grandes fermes\u00a0dont la ferme de Quatre Vents et la ferme Boucher qui devaient probablement appartenir au domaine royal avant la R\u00e9volution<\/p>\n\n\n\n<p class=\"has-text-color has-bright-red-color\"><strong>Wallers-en-Fagne<\/strong><\/p>\n\n\n\n<p>Les registres d&rsquo;Etat Civil nous apportent la preuve de l&rsquo;existence de cinq fermes royales dans ce village :<\/p>\n\n\n\n<p> 1742  : Naissances chez : <\/p>\n\n\n\n<p>&#8211; Louis Baron, brigadier des emplois des fermes du Roy \u00e0 Wallers <\/p>\n\n\n\n<p>&#8211; Jean de Vignes, garde emplo\u00efes dans les fermes du Roy \u00e0 Wallers en Hainaut<\/p>\n\n\n\n<p>&#8211; Jean Joseph Breasse, garde emplo\u00efes dans les fermes du Roy dans la brigade de Wallers <\/p>\n\n\n\n<p>1751 :<\/p>\n\n\n\n<p> \u00ab Le quatorze de mars mil sept cent cinquante et un fut nez et baptisez Jean Joseph Breaces, fils de Jean Joseph Breaces, garde employez pour les fermes du Roy \u00e0 Wallers, et de Anne Marie Mencqez, sa l\u00e9gitime \u00e9pouse, les deux de la paroisse de Vaux auquel fut parrain Jean Joseph Zedon et marraine Marie C\u00e9lestine Revelart les deux de cette paroisse \u00bb <\/p>\n\n\n\n<p> 1754 <\/p>\n\n\n\n<p>Vivaient : <\/p>\n\n\n\n<p>&#8211; Pierre Joseph Paullet, sous brigadier dans La Brigade <strong>des Cinq grosses fermes du Roy \u00e9tablies \u00e0 Wallers. <\/strong><\/p>\n\n\n\n<p>&#8211; Jean Devignes, garde employez dans les 5 grosses fermes du Roy \u00e9tablies \u00e0 Wallers. <\/p>\n\n\n\n<p> 1755 <\/p>\n\n\n\n<p>Vivaient : <\/p>\n\n\n\n<p> &#8211; Jacques Tourn\u00fb, garde employez dans les 5 grosses fermes du Roy de R\u00e9sidence \u00e0 Wallers <\/p>\n\n\n\n<p>&#8211; Fran\u00e7ois Boulnoy, garde employez dans les 5 grosses fermes du Roy de R\u00e9sidence \u00e0 Wallers <\/p>\n\n\n\n<p>Sous-brigade \u00e9tablie \u00e0 Wallers pour d\u00e9fendre les int\u00e9r\u00eats de ces fermes. <\/p>\n","protected":false},"excerpt":{"rendered":"<p>En tant que \u00ab&nbsp;seigneur supr\u00eame&nbsp;\u00bb, le Roi disposait&nbsp; d\u2019un domaine qui d\u00e9signait, \u00e0 la fois l\u2019ensemble des terres, des biens et des droits relevant directement de son pouvoir et \u00e0 la fois la totalit\u00e9 de ses revenus ordinaires en tant que propri\u00e9taire mais aussi en tant que souverain. En ce qui concerne l\u2019Avesnois, certains biens &hellip; <a href=\"https:\/\/patrimoine-avesnois.fr\/censes\/les-censes-du-domaine-royal\/\" class=\"more-link\">Continuer la lecture<span class=\"screen-reader-text\"> de &laquo;&nbsp;Les censes du domaine royal&nbsp;&raquo;<\/span><\/a><\/p>\n","protected":false},"author":2,"featured_media":0,"parent":0,"menu_order":0,"comment_status":"closed","ping_status":"closed","template":"","meta":{"jetpack_post_was_ever_published":false,"footnotes":""},"class_list":["post-220","page","type-page","status-publish","hentry"],"jetpack_sharing_enabled":true,"jetpack_shortlink":"https:\/\/wp.me\/PaKSRG-3y","jetpack-related-posts":[],"_links":{"self":[{"href":"https:\/\/patrimoine-avesnois.fr\/censes\/wp-json\/wp\/v2\/pages\/220","targetHints":{"allow":["GET"]}}],"collection":[{"href":"https:\/\/patrimoine-avesnois.fr\/censes\/wp-json\/wp\/v2\/pages"}],"about":[{"href":"https:\/\/patrimoine-avesnois.fr\/censes\/wp-json\/wp\/v2\/types\/page"}],"author":[{"embeddable":true,"href":"https:\/\/patrimoine-avesnois.fr\/censes\/wp-json\/wp\/v2\/users\/2"}],"replies":[{"embeddable":true,"href":"https:\/\/patrimoine-avesnois.fr\/censes\/wp-json\/wp\/v2\/comments?post=220"}],"version-history":[{"count":2,"href":"https:\/\/patrimoine-avesnois.fr\/censes\/wp-json\/wp\/v2\/pages\/220\/revisions"}],"predecessor-version":[{"id":498,"href":"https:\/\/patrimoine-avesnois.fr\/censes\/wp-json\/wp\/v2\/pages\/220\/revisions\/498"}],"wp:attachment":[{"href":"https:\/\/patrimoine-avesnois.fr\/censes\/wp-json\/wp\/v2\/media?parent=220"}],"curies":[{"name":"wp","href":"https:\/\/api.w.org\/{rel}","templated":true}]}}