{"id":278,"date":"2019-02-20T10:57:04","date_gmt":"2019-02-20T09:57:04","guid":{"rendered":"http:\/\/patrimoine-avesnois.fr\/censes\/?page_id=278"},"modified":"2019-03-04T11:28:31","modified_gmt":"2019-03-04T10:28:31","slug":"les-censes-de-la-veuve-boursier","status":"publish","type":"page","link":"https:\/\/patrimoine-avesnois.fr\/censes\/les-censes-de-la-veuve-boursier\/","title":{"rendered":"Les censes de La Veuve Boursier"},"content":{"rendered":"\n<p class=\"has-text-color has-medium-font-size has-bright-red-color\"><strong>Ruesnes<\/strong><\/p>\n\n\n\n<div class=\"wp-block-image\"><figure class=\"aligncenter\"><img data-recalc-dims=\"1\" loading=\"lazy\" decoding=\"async\" width=\"768\" height=\"511\" data-attachment-id=\"279\" data-permalink=\"https:\/\/patrimoine-avesnois.fr\/censes\/les-censes-de-la-veuve-boursier\/capture-141\/\" data-orig-file=\"https:\/\/i0.wp.com\/patrimoine-avesnois.fr\/censes\/wp-content\/uploads\/2019\/02\/Capture-140.png?fit=768%2C511&amp;ssl=1\" data-orig-size=\"768,511\" data-comments-opened=\"1\" data-image-meta=\"{&quot;aperture&quot;:&quot;0&quot;,&quot;credit&quot;:&quot;&quot;,&quot;camera&quot;:&quot;&quot;,&quot;caption&quot;:&quot;&quot;,&quot;created_timestamp&quot;:&quot;0&quot;,&quot;copyright&quot;:&quot;&quot;,&quot;focal_length&quot;:&quot;0&quot;,&quot;iso&quot;:&quot;0&quot;,&quot;shutter_speed&quot;:&quot;0&quot;,&quot;title&quot;:&quot;&quot;,&quot;orientation&quot;:&quot;0&quot;}\" data-image-title=\"Capture\" data-image-description=\"\" data-image-caption=\"\" data-medium-file=\"https:\/\/i0.wp.com\/patrimoine-avesnois.fr\/censes\/wp-content\/uploads\/2019\/02\/Capture-140.png?fit=300%2C200&amp;ssl=1\" data-large-file=\"https:\/\/i0.wp.com\/patrimoine-avesnois.fr\/censes\/wp-content\/uploads\/2019\/02\/Capture-140.png?fit=768%2C511&amp;ssl=1\" src=\"https:\/\/i0.wp.com\/patrimoine-avesnois.fr\/censes\/wp-content\/uploads\/2019\/02\/Capture-140.png?resize=768%2C511\" alt=\"\" class=\"wp-image-279\" srcset=\"https:\/\/i0.wp.com\/patrimoine-avesnois.fr\/censes\/wp-content\/uploads\/2019\/02\/Capture-140.png?w=768&amp;ssl=1 768w, https:\/\/i0.wp.com\/patrimoine-avesnois.fr\/censes\/wp-content\/uploads\/2019\/02\/Capture-140.png?resize=300%2C200&amp;ssl=1 300w\" sizes=\"auto, (max-width: 768px) 85vw, 768px\" \/><\/figure><\/div>\n\n\n\n<div class=\"wp-block-image\"><figure class=\"aligncenter\"><img data-recalc-dims=\"1\" loading=\"lazy\" decoding=\"async\" width=\"812\" height=\"72\" data-attachment-id=\"280\" data-permalink=\"https:\/\/patrimoine-avesnois.fr\/censes\/les-censes-de-la-veuve-boursier\/capture-142\/\" data-orig-file=\"https:\/\/i0.wp.com\/patrimoine-avesnois.fr\/censes\/wp-content\/uploads\/2019\/02\/Capture-141.png?fit=812%2C72&amp;ssl=1\" data-orig-size=\"812,72\" data-comments-opened=\"1\" data-image-meta=\"{&quot;aperture&quot;:&quot;0&quot;,&quot;credit&quot;:&quot;&quot;,&quot;camera&quot;:&quot;&quot;,&quot;caption&quot;:&quot;&quot;,&quot;created_timestamp&quot;:&quot;0&quot;,&quot;copyright&quot;:&quot;&quot;,&quot;focal_length&quot;:&quot;0&quot;,&quot;iso&quot;:&quot;0&quot;,&quot;shutter_speed&quot;:&quot;0&quot;,&quot;title&quot;:&quot;&quot;,&quot;orientation&quot;:&quot;0&quot;}\" data-image-title=\"Capture\" data-image-description=\"\" data-image-caption=\"\" data-medium-file=\"https:\/\/i0.wp.com\/patrimoine-avesnois.fr\/censes\/wp-content\/uploads\/2019\/02\/Capture-141.png?fit=300%2C27&amp;ssl=1\" data-large-file=\"https:\/\/i0.wp.com\/patrimoine-avesnois.fr\/censes\/wp-content\/uploads\/2019\/02\/Capture-141.png?fit=812%2C72&amp;ssl=1\" src=\"https:\/\/i0.wp.com\/patrimoine-avesnois.fr\/censes\/wp-content\/uploads\/2019\/02\/Capture-141.png?resize=812%2C72\" alt=\"\" class=\"wp-image-280\" srcset=\"https:\/\/i0.wp.com\/patrimoine-avesnois.fr\/censes\/wp-content\/uploads\/2019\/02\/Capture-141.png?w=812&amp;ssl=1 812w, https:\/\/i0.wp.com\/patrimoine-avesnois.fr\/censes\/wp-content\/uploads\/2019\/02\/Capture-141.png?resize=300%2C27&amp;ssl=1 300w, https:\/\/i0.wp.com\/patrimoine-avesnois.fr\/censes\/wp-content\/uploads\/2019\/02\/Capture-141.png?resize=768%2C68&amp;ssl=1 768w\" sizes=\"auto, (max-width: 812px) 85vw, 812px\" \/><\/figure><\/div>\n\n\n\n<p>Pierre Joseph Boursier naquit vers 1755 \u00e0 Ruesnes. Il fut n\u00e9gociant, juge consul de Valenciennes, mari\u00e9 avec Reine Melchior Didier. Celle-ci, devenue veuve \u00e9migra \u00e0 la R\u00e9volution mais retrouva sa propri\u00e9t\u00e9 \u00e0 Ruesnes en 1796.<\/p>\n\n\n\n<p>Quant \u00e0 l&rsquo;acheteur, \u00ab\u00a0Cette m\u00eame famille Virnot appara\u00eet en bonne place sur le march\u00e9 des biens nationaux du Nord. Urbain Dominique Virnot, \u00e0 la fois salineur, n\u00e9gociant en \u00e9picerie et changeur, \u00e9galement consul de Lille, passe pour l&rsquo;un des principaux n\u00e9gociants de la place ; sa position lui permet de drainer les assignats de son entourage, et d&rsquo;en faire un habile usage. Il compte en effet parmi les tout premiers acqu\u00e9reurs de biens nationaux puisqu&rsquo;on retrouve sa trace d\u00e8s le 5 janvier 1791, lorsqu&rsquo;il ach\u00e8te 23 ha de labours, prairies et bois \u00e0 Mouchaux. Il poursuit ses achats en nom propre jusqu&rsquo;au 27 f\u00e9vrier 1793 et se trouve alors \u00e0 la t\u00eate de deux maisons \u00e0 Lille, et de 310 ha de terre. Il s&rsquo;agit de biens situ\u00e9s dans les districts de Lille (135 ha) et d&rsquo;Hazebrouck (176 ha), en g\u00e9n\u00e9ral des petites et moyennes pi\u00e8ces, organis\u00e9es autour de quelques tr\u00e8s belles exploita-tions\u00a0\u00bb. L&rsquo;exemple de ses acquisitions \u00e0 Renescure est \u00e0 cet \u00e9gard tr\u00e8s parlant : le 1&Prime; juin 1791, il est d\u00e9clar\u00e9 propri\u00e9taire de 133 ha de labours, pr\u00e9s et bois, pay\u00e9s 142 000 florins, puis attend le 20 d\u00e9cembre suivant pour y ajouter trois nouveaux hectares de labours et pr\u00e9s et surtout pr\u00e8s de 40 ha de bois. Apr\u00e8s sa mort survenue le 1&Prime; juin 1794 au Fort de Cond\u00e9 o\u00f9 il est retenu comme otage par les Autrichiens, sa veuve poursuit une politique d&rsquo;acquisition similaire, au nom de la communaut\u00e9 qu&rsquo;elle forme d\u00e9sormais avec ses enfants : le 28 thermidor an VI, elle ach\u00e8te une exploitation de 96 ha \u00e0 Ruesnes, avant d&rsquo;en faire la d\u00e9pendance du ch\u00e2teau, \u00ab tr\u00e8s bien et agr\u00e9ablement construit \u00bb, de la localit\u00e949. C&rsquo;est pour elle l&rsquo;occasion de se d\u00e9barrasser des derniers papiers admis en r\u00e8glement de biens nationaux, ces bons des deux tiers per\u00e7us en rem-boursement de l&#8217;emprunt forc\u00e9 de l&rsquo;an IV, compl\u00e9t\u00e9s par ceux de sa parent\u00e8le et des clients de la maison de commerce Virnot fr\u00e8res, jusqu&rsquo;\u00e0 concurrence de sa cr\u00e9ance de 1 301 000&Prime;.<\/p>\n\n\n\n<p>Source du texte :<a href=\"https:\/\/books.google.fr\/books?id=rKcICwAAQBAJ&amp;pg=PA187&amp;lpg=PA187&amp;dq=virnot+route+de+l%27argent&amp;source=bl&amp;ots=zyG30s6EWt&amp;sig=ACfU3U3_1A8tIMrnVuOZcLFCdP64wwzhWQ&amp;hl=fr&amp;sa=X&amp;ved=2ahUKEwiHw8mkoujgAhXcAWMBHXTvBEMQ6AEwAHoECAQQAQ#v=onepage&amp;q=virnot&amp;f=false\"> Les routes de l\u2019argent: R\u00e9seaux et flux financiers de Paris \u00e0\u00a0Hambourg (1789 1815) par Matthieu de Oliveira<\/a><\/p>\n\n\n\n<p class=\"has-text-color has-medium-font-size has-bright-red-color\"><strong>Robersart<\/strong><\/p>\n\n\n\n<p>La veuve Boursier poss\u00e9dait un moulin qui fut vendu le 8 Germinal An 7 (28 mars 1799) \u00e0 Charles Guyot. Un autre acte du 23 novembre 1807 concerne la vente du moulin \u00e0 Boursier, le bien \u00e9tant donc revenu \u00e0 la famille (ADN 1 Q 1001). Il n\u2019y a \u00e0 priori trace de cense leur appartenant. Il faudrait cependant consulter la succession de Reine Melchior Didier en date du 14 septembre 1809 (ADN&nbsp; 3 Q 406 \/ 10).<\/p>\n","protected":false},"excerpt":{"rendered":"<p>Ruesnes Pierre Joseph Boursier naquit vers 1755 \u00e0 Ruesnes. Il fut n\u00e9gociant, juge consul de Valenciennes, mari\u00e9 avec Reine Melchior Didier. Celle-ci, devenue veuve \u00e9migra \u00e0 la R\u00e9volution mais retrouva sa propri\u00e9t\u00e9 \u00e0 Ruesnes en 1796. Quant \u00e0 l&rsquo;acheteur, \u00ab\u00a0Cette m\u00eame famille Virnot appara\u00eet en bonne place sur le march\u00e9 des biens nationaux du Nord. &hellip; <a href=\"https:\/\/patrimoine-avesnois.fr\/censes\/les-censes-de-la-veuve-boursier\/\" class=\"more-link\">Continuer la lecture<span class=\"screen-reader-text\"> de &laquo;&nbsp;Les censes de La Veuve Boursier&nbsp;&raquo;<\/span><\/a><\/p>\n","protected":false},"author":2,"featured_media":0,"parent":0,"menu_order":0,"comment_status":"closed","ping_status":"closed","template":"","meta":{"jetpack_post_was_ever_published":false,"footnotes":""},"class_list":["post-278","page","type-page","status-publish","hentry"],"jetpack_sharing_enabled":true,"jetpack_shortlink":"https:\/\/wp.me\/PaKSRG-4u","jetpack-related-posts":[],"_links":{"self":[{"href":"https:\/\/patrimoine-avesnois.fr\/censes\/wp-json\/wp\/v2\/pages\/278","targetHints":{"allow":["GET"]}}],"collection":[{"href":"https:\/\/patrimoine-avesnois.fr\/censes\/wp-json\/wp\/v2\/pages"}],"about":[{"href":"https:\/\/patrimoine-avesnois.fr\/censes\/wp-json\/wp\/v2\/types\/page"}],"author":[{"embeddable":true,"href":"https:\/\/patrimoine-avesnois.fr\/censes\/wp-json\/wp\/v2\/users\/2"}],"replies":[{"embeddable":true,"href":"https:\/\/patrimoine-avesnois.fr\/censes\/wp-json\/wp\/v2\/comments?post=278"}],"version-history":[{"count":3,"href":"https:\/\/patrimoine-avesnois.fr\/censes\/wp-json\/wp\/v2\/pages\/278\/revisions"}],"predecessor-version":[{"id":428,"href":"https:\/\/patrimoine-avesnois.fr\/censes\/wp-json\/wp\/v2\/pages\/278\/revisions\/428"}],"wp:attachment":[{"href":"https:\/\/patrimoine-avesnois.fr\/censes\/wp-json\/wp\/v2\/media?parent=278"}],"curies":[{"name":"wp","href":"https:\/\/api.w.org\/{rel}","templated":true}]}}