{"id":288,"date":"2019-02-20T11:07:05","date_gmt":"2019-02-20T10:07:05","guid":{"rendered":"http:\/\/patrimoine-avesnois.fr\/censes\/?page_id=288"},"modified":"2020-08-05T09:12:06","modified_gmt":"2020-08-05T07:12:06","slug":"la-cense-de-lignol","status":"publish","type":"page","link":"https:\/\/patrimoine-avesnois.fr\/censes\/la-cense-de-lignol\/","title":{"rendered":"La cense de Lignol"},"content":{"rendered":"\n<p class=\"has-text-color has-medium-font-size has-bright-red-color\"><strong>Vieux-Mesnil<\/strong><\/p>\n\n\n\n<div class=\"wp-block-image\"><figure class=\"aligncenter\"><img data-recalc-dims=\"1\" loading=\"lazy\" decoding=\"async\" width=\"819\" height=\"57\" data-attachment-id=\"289\" data-permalink=\"https:\/\/patrimoine-avesnois.fr\/censes\/la-cense-de-lignol\/capture-145\/\" data-orig-file=\"https:\/\/i0.wp.com\/patrimoine-avesnois.fr\/censes\/wp-content\/uploads\/2019\/02\/Capture-144.png?fit=819%2C57&amp;ssl=1\" data-orig-size=\"819,57\" data-comments-opened=\"1\" data-image-meta=\"{&quot;aperture&quot;:&quot;0&quot;,&quot;credit&quot;:&quot;&quot;,&quot;camera&quot;:&quot;&quot;,&quot;caption&quot;:&quot;&quot;,&quot;created_timestamp&quot;:&quot;0&quot;,&quot;copyright&quot;:&quot;&quot;,&quot;focal_length&quot;:&quot;0&quot;,&quot;iso&quot;:&quot;0&quot;,&quot;shutter_speed&quot;:&quot;0&quot;,&quot;title&quot;:&quot;&quot;,&quot;orientation&quot;:&quot;0&quot;}\" data-image-title=\"Capture\" data-image-description=\"\" data-image-caption=\"\" data-large-file=\"https:\/\/i0.wp.com\/patrimoine-avesnois.fr\/censes\/wp-content\/uploads\/2019\/02\/Capture-144.png?fit=819%2C57&amp;ssl=1\" src=\"https:\/\/i0.wp.com\/patrimoine-avesnois.fr\/censes\/wp-content\/uploads\/2019\/02\/Capture-144.png?resize=819%2C57\" alt=\"\" class=\"wp-image-289\" srcset=\"https:\/\/i0.wp.com\/patrimoine-avesnois.fr\/censes\/wp-content\/uploads\/2019\/02\/Capture-144.png?w=819&amp;ssl=1 819w, https:\/\/i0.wp.com\/patrimoine-avesnois.fr\/censes\/wp-content\/uploads\/2019\/02\/Capture-144.png?resize=300%2C21&amp;ssl=1 300w, https:\/\/i0.wp.com\/patrimoine-avesnois.fr\/censes\/wp-content\/uploads\/2019\/02\/Capture-144.png?resize=768%2C53&amp;ssl=1 768w\" sizes=\"auto, (max-width: 819px) 85vw, 819px\" \/><\/figure><\/div>\n\n\n\n<p>Lignol \u00e9tait chanoinesse de Maubeuge. Elle figure dans <a href=\"https:\/\/books.google.fr\/books?id=JI9Mwtg-LUAC&amp;pg=PA173&amp;lpg=PA173&amp;dq=%C3%A9migr%C3%A9s+Bousies&amp;source=bl&amp;ots=vXV_-LaoMT&amp;sig=ACfU3U2vOVNg8IkA7pR-oRrQ1PF6MUaUOg&amp;hl=fr&amp;sa=X&amp;ved=2ahUKEwjb-r7PgNngAhVFzRoKHckXAwAQ6AEwAHoECAoQAQ#v=onepage&amp;q=172&amp;f=false\">la liste g\u00e9n\u00e9rale par ordre alphab\u00e9tique des \u00e9migr\u00e9s de toute la R\u00e9publique<\/a> : Page 172 et 173<\/p>\n\n\n\n<p>Marie Louise Cicercule Lignol \u00e9tait n\u00e9e \u00e0 Maubeuge le 21 Mai 1729, fille de Fran\u00e7ois, bourgeois et syndic de cette ville et de No\u00eblle Paltrin. Elle demanda la radiation de la liste des \u00e9migr\u00e9s (Archives Nationales <a rel=\"noreferrer noopener\" href=\"https:\/\/www.siv.archives-nationales.culture.gouv.fr\/siv\/rechercheconsultation\/consultation\/ir\/consultationIR.action?irId=FRAN_IR_054792&amp;udId=c-8aaiv4yrj--1hip5p2amvwj8&amp;details=true&amp;gotoArchivesNums=false&amp;auSeinIR=true&amp;fullText=LIGNOL&amp;optionFullText=ET\" target=\"_blank\">C\u00f4tes F\/7\/5434<\/a> ). <\/p>\n","protected":false},"excerpt":{"rendered":"<p>Vieux-Mesnil Lignol \u00e9tait chanoinesse de Maubeuge. Elle figure dans la liste g\u00e9n\u00e9rale par ordre alphab\u00e9tique des \u00e9migr\u00e9s de toute la R\u00e9publique : Page 172 et 173 Marie Louise Cicercule Lignol \u00e9tait n\u00e9e \u00e0 Maubeuge le 21 Mai 1729, fille de Fran\u00e7ois, bourgeois et syndic de cette ville et de No\u00eblle Paltrin. Elle demanda la radiation &hellip; <a href=\"https:\/\/patrimoine-avesnois.fr\/censes\/la-cense-de-lignol\/\" class=\"more-link\">Continuer la lecture<span class=\"screen-reader-text\"> de &laquo;&nbsp;La cense de Lignol&nbsp;&raquo;<\/span><\/a><\/p>\n","protected":false},"author":2,"featured_media":0,"parent":0,"menu_order":0,"comment_status":"closed","ping_status":"closed","template":"","meta":{"jetpack_post_was_ever_published":false,"footnotes":""},"class_list":["post-288","page","type-page","status-publish","hentry"],"jetpack_sharing_enabled":true,"jetpack_shortlink":"https:\/\/wp.me\/PaKSRG-4E","jetpack-related-posts":[],"_links":{"self":[{"href":"https:\/\/patrimoine-avesnois.fr\/censes\/wp-json\/wp\/v2\/pages\/288","targetHints":{"allow":["GET"]}}],"collection":[{"href":"https:\/\/patrimoine-avesnois.fr\/censes\/wp-json\/wp\/v2\/pages"}],"about":[{"href":"https:\/\/patrimoine-avesnois.fr\/censes\/wp-json\/wp\/v2\/types\/page"}],"author":[{"embeddable":true,"href":"https:\/\/patrimoine-avesnois.fr\/censes\/wp-json\/wp\/v2\/users\/2"}],"replies":[{"embeddable":true,"href":"https:\/\/patrimoine-avesnois.fr\/censes\/wp-json\/wp\/v2\/comments?post=288"}],"version-history":[{"count":7,"href":"https:\/\/patrimoine-avesnois.fr\/censes\/wp-json\/wp\/v2\/pages\/288\/revisions"}],"predecessor-version":[{"id":524,"href":"https:\/\/patrimoine-avesnois.fr\/censes\/wp-json\/wp\/v2\/pages\/288\/revisions\/524"}],"wp:attachment":[{"href":"https:\/\/patrimoine-avesnois.fr\/censes\/wp-json\/wp\/v2\/media?parent=288"}],"curies":[{"name":"wp","href":"https:\/\/api.w.org\/{rel}","templated":true}]}}