{"id":330,"date":"2019-02-20T11:46:54","date_gmt":"2019-02-20T10:46:54","guid":{"rendered":"http:\/\/patrimoine-avesnois.fr\/censes\/?page_id=330"},"modified":"2019-02-25T09:49:09","modified_gmt":"2019-02-25T08:49:09","slug":"la-cense-de-de-lattre","status":"publish","type":"page","link":"https:\/\/patrimoine-avesnois.fr\/censes\/la-cense-de-de-lattre\/","title":{"rendered":"La cense de De Lattre"},"content":{"rendered":"\n<p class=\"has-text-color has-medium-font-size has-bright-red-color\"><strong>Vieux-Mesnil<\/strong><\/p>\n\n\n\n<p>La cense des Ecralies qui n\u2019existe plus aujourd\u2019hui \u00e9tait\n\u00ab&nbsp;un fief qui comprenait 8 bonniers et demi de bois (bois Galant) maison,\ngrange, \u00e9table, assises sur 4 rasi\u00e8res et demi\u2026&nbsp;\u00bb. (Minon fr\u00e8res&nbsp;:\nHautmont et son abbaye page 449) <\/p>\n\n\n\n<p>Elle appartenait en 1773 \u00e0 De Lattre seigneur de Feignies. Elle fut ensuite vendue \u00e0 Louis Joseph Vautier, ma\u00eetre de forges \u00e0 Maubeuge. <\/p>\n\n\n\n<p> Le vicomte Florent Maximilien Joseph De Lattre, n\u00e9 en 1747 \u00e0 Feignies, <br> fils de Roger Florent De Lattre de Feignies et d&rsquo;Alexandrine Le Vaillant,<br> fut officier des gardes Wallonnes du roi d&rsquo;Espagne (1762), lieutenant-<br> colonel au service d&rsquo;Espagne. Il \u00e9pousa le 03 10 1804 \u00e0 Ayette sa cousine <br> Amable Eug\u00e9nie Guislaine De Lattre de Neuville n\u00e9e \u00e0 Ayette en 1775. <br> Il devint maire d&rsquo;Ayette. Il habita en Catalogne. Il d\u00e9c\u00e9da \u00e0 Arras le 12 06 1831. <\/p>\n","protected":false},"excerpt":{"rendered":"<p>Vieux-Mesnil La cense des Ecralies qui n\u2019existe plus aujourd\u2019hui \u00e9tait \u00ab&nbsp;un fief qui comprenait 8 bonniers et demi de bois (bois Galant) maison, grange, \u00e9table, assises sur 4 rasi\u00e8res et demi\u2026&nbsp;\u00bb. (Minon fr\u00e8res&nbsp;: Hautmont et son abbaye page 449) Elle appartenait en 1773 \u00e0 De Lattre seigneur de Feignies. Elle fut ensuite vendue \u00e0 Louis &hellip; <a href=\"https:\/\/patrimoine-avesnois.fr\/censes\/la-cense-de-de-lattre\/\" class=\"more-link\">Continuer la lecture<span class=\"screen-reader-text\"> de &laquo;&nbsp;La cense de De Lattre&nbsp;&raquo;<\/span><\/a><\/p>\n","protected":false},"author":2,"featured_media":0,"parent":0,"menu_order":0,"comment_status":"closed","ping_status":"closed","template":"","meta":{"jetpack_post_was_ever_published":false,"footnotes":""},"class_list":["post-330","page","type-page","status-publish","hentry"],"jetpack_sharing_enabled":true,"jetpack_shortlink":"https:\/\/wp.me\/PaKSRG-5k","jetpack-related-posts":[],"_links":{"self":[{"href":"https:\/\/patrimoine-avesnois.fr\/censes\/wp-json\/wp\/v2\/pages\/330","targetHints":{"allow":["GET"]}}],"collection":[{"href":"https:\/\/patrimoine-avesnois.fr\/censes\/wp-json\/wp\/v2\/pages"}],"about":[{"href":"https:\/\/patrimoine-avesnois.fr\/censes\/wp-json\/wp\/v2\/types\/page"}],"author":[{"embeddable":true,"href":"https:\/\/patrimoine-avesnois.fr\/censes\/wp-json\/wp\/v2\/users\/2"}],"replies":[{"embeddable":true,"href":"https:\/\/patrimoine-avesnois.fr\/censes\/wp-json\/wp\/v2\/comments?post=330"}],"version-history":[{"count":6,"href":"https:\/\/patrimoine-avesnois.fr\/censes\/wp-json\/wp\/v2\/pages\/330\/revisions"}],"predecessor-version":[{"id":361,"href":"https:\/\/patrimoine-avesnois.fr\/censes\/wp-json\/wp\/v2\/pages\/330\/revisions\/361"}],"wp:attachment":[{"href":"https:\/\/patrimoine-avesnois.fr\/censes\/wp-json\/wp\/v2\/media?parent=330"}],"curies":[{"name":"wp","href":"https:\/\/api.w.org\/{rel}","templated":true}]}}