{"id":13236,"date":"2021-06-02T10:19:46","date_gmt":"2021-06-02T08:19:46","guid":{"rendered":"http:\/\/patrimoine-avesnois.fr\/chemin\/?page_id=13236"},"modified":"2023-06-14T17:31:58","modified_gmt":"2023-06-14T15:31:58","slug":"un-gisement-unique-dans-le-sous-sol-de-lavesnois","status":"publish","type":"page","link":"https:\/\/patrimoine-avesnois.fr\/chemin\/un-gisement-unique-dans-le-sous-sol-de-lavesnois\/","title":{"rendered":"Un gisement unique dans le sous-sol de l&rsquo;Avesnois"},"content":{"rendered":"\n<p>Vers l&rsquo;an 1770 des cendres fossiles dites cendres noires de Picardie furent extraites dans l&rsquo;Aisne aux environs de La F\u00e8re (entre Suzy et Cessi\u00e8res) dans le but d&rsquo;\u00eatre utilis\u00e9es comme stimulant agricole. En effet ces terres sulfureuses expos\u00e9es pendant une quinzaine de jours \u00e0 l&rsquo;air libre s&rsquo;\u00e9chauffaient puis s&rsquo;enflammaient et se convertissaient en une cendre rouge qui \u00e9tait reconnue comme une tr\u00e8s bonne fumure pour les prairies. Elles trouv\u00e8rent tr\u00e8s vite des acheteurs car elles co\u00fbtaient moins cher que la chaux.<\/p>\n\n\n\n<p>De plus ces cendres \u00e9taient vendues \u00e0 un prix d&rsquo;1\/6 par rapport \u00e0 celles des cendres blanches de Hollande dites \u00abcendres de mer\u00bb. Cette modicit\u00e9 du prix entra\u00eena tr\u00e8s vite une g\u00e9n\u00e9ralisation de leur usage. Le succ\u00e8s fut si grand que l&rsquo;on multiplia les recherches de cendres fossiles dans l&rsquo;Aisne mais aussi en Picardie, en Cambr\u00e9sis et en Hainaut. Pourtant un seul village poss\u00e9da des terrains pr\u00e9sentant une certaine analogie avec ceux des environs de La F\u00e8re: Sars-Poteries.<\/p>\n\n\n\n<p>On d\u00e9couvrit en effet en 1777 dans ce petit village situ\u00e9 \u00e0 5 km \u00e0 l&rsquo;Ouest de Solre-le-Ch\u00e2teau son chef-lieu de canton et \u00e0 9 km au Nord Est d&rsquo;Avesnes-sur-Helpe son chef-lieu d&rsquo;arrondissement une couche de cendres v\u00e9g\u00e9tatives \u00e0 peu pr\u00e8s semblable \u00e0 celle des cendres de La F\u00e8re. Elle \u00e9tait situ\u00e9e \u00e0 la \u00abFache\u00bb dans le bois de la \u00abQueue de Sars\u00bb, et \u00e9tait orient\u00e9e Nord-Est Sud-Ouest. Elle mesurait environ 1 km de long sur 200 m de large et \u00e9tait interrompue de-ci de-l\u00e0 par des bancs d&rsquo;argile, de sable et de terre de potasse, cette derni\u00e8re \u00e9tant utilis\u00e9e par les potiers. Elle se divisait en plusieurs filons d&rsquo;une \u00e9paisseur variant de 4 \u00e0 10 m environ.<\/p>\n\n\n\n<p>La difficult\u00e9 de son extraction r\u00e9sida dans le fait que les eaux au dessous de la couche s&rsquo;introduisaient instantan\u00e9ment dans la fosse que l&rsquo;on creusait. Pourtant son exploitation commen\u00e7a en 1777, ann\u00e9e de leur d\u00e9couverte et ne fut interrompue que pendant 2 ans durant l&rsquo;invasion des troupes ennemies.<\/p>\n\n\n\n<p>Ce gisement d&rsquo;environ 2 hectares fut partag\u00e9 entre Nicolas LENOIR de Felleries et Louis PICAVET de Sars-Poteries. Il donna lieu \u00e0 un proc\u00e8s entre Monsieur RINCHEVAL propri\u00e9taire \u00e0 Sars et le Seigneur de Sars. Celui-ci en 1777 conc\u00e9da le monopole de l&rsquo;extraction des cendres \u00e0 une compagnie et quelque temps apr\u00e8s le Duc d&rsquo;Orl\u00e9ans fit de m\u00eame. Le roi lui m\u00eame s&rsquo;attribua le droit d&rsquo;autoriser l&rsquo;extraction ne laissant au seigneur que le droit utile. M RINCHEVAL, professeur distingu\u00e9 d&rsquo;une chaire d&rsquo;\u00e9loquence \u00e0 Douai contesta ce monopole et le Conseil du Roi lui accorda en 1781 la permission d&rsquo;extraire les cendres sur sa propre terre.<\/p>\n\n\n\n<p>La couche exploit\u00e9e par Nicolas LENOIR qui p\u00e9n\u00e9trait jusqu&rsquo;au milieu des bois de Sars au lieu-dit \u00abLa Chevauchoire\u00bb \u00e9tait tr\u00e8s abondante contrairement \u00e0 celle de Louis PICAVET qui fut \u00e9puis\u00e9e en peu de temps. Ces exploitants extrayaient annuellement 400 voitures de cendres, chaque voiture \u00e0 4 chevaux contenait 70 cuvelles remplies d&rsquo;un pied-cube de cendres (environ 28 litres) au poids de 50 livres l&rsquo;une (environ 22 kg). En 1777 la cuvelle se vendait 12 centimes et demi sur place et 25 centimes en 1789. Ainsi \u00e0 cette date l&rsquo;exploitation annuelle de cendres fossiles \u00e0 Sars-Poteries portait sur 784 m\u00e8tres cubes, pesant 62O tonnes et donnait un revenu de 7000 francs.<\/p>\n\n\n\n<p>L&rsquo;exploitation devint consid\u00e9rable puisqu&rsquo;en 1791 un citoyen de Solre-Libre demandait \u00e0 l&rsquo;administration sup\u00e9rieure l&rsquo;autorisation de continuer exclusivement l&rsquo;exploitation pendant 5 ans dans la for\u00eat du Duc d&rsquo;Orl\u00e9ans o\u00f9 la veine se prolongeait. Il apportait un cautionnement de 50 000 francs et s&rsquo;engageait \u00e0 fournir des cendres noires au prix de 3 sols (15 centimes) la cuvelle alors que les cendres de mer se vendaient alors 1 franc \u00e0 Saint-Amand, Douai et Cambrai.<\/p>\n\n\n\n<p>Cependant les \u00e9tats du Cambr\u00e9sis ordonn\u00e8rent, probablement \u00e0 la demande des marchands de cendres de mer, l&rsquo;analyse des deux types de cendres. Le r\u00e9sultat fut \u00e0 l&rsquo;avantage de ces derni\u00e8res m\u00eame si les cendres noires qui contenaient une partie consid\u00e9rable de vitriol et une autre partie de houille \u00e9taient plus fertilisantes. On inf\u00e9ra en effet que les cendres noires \u00e0 force de les utiliser devraient alt\u00e9rer les principes productifs de la terre au point que les animaux et notamment les chevaux nourris sur les prairies amend\u00e9es avec ces cendres pourraient en perdre la vue. Les cendres de mer au contraire furent reconnues contenir un sel bienfaisant.<\/p>\n\n\n\n<p>Ce r\u00e9sultat dut frapper de d\u00e9faveur les cendres avesnoises mais la diff\u00e9rence \u00e9norme de prix d&rsquo;achat a soutenu leur r\u00e9putation et maintenu leur exploitation longtemps encore car en 1804 leur extraction se poursuivait sans interruption et leur emploi \u00e9tait exclusif sur les prairies artificielles des communes qui formaient auparavant les cantons de Maubeuge, Prisches et Avesnes.<\/p>\n\n\n\n<p>Sources: <\/p>\n\n\n\n<p>Les paysans du Nord pendant la R\u00e9volution G Lef\u00e8vre<\/p>\n\n\n\n<p>Annuaire Statistique du D\u00e9partement du Nord Tome 1 p 179 p 409 Dieudonn\u00e9<\/p>\n\n\n\n<p>Voir l&rsquo;\u00e9tude sur les \u00ab&nbsp;<a rel=\"noreferrer noopener\" href=\"http:\/\/www.histoireaisne.fr\/memoires_numerises\/chapitres\/tome_40\/Tome_040_page_081.pdf\" target=\"_blank\">Cendri\u00e8res et usines vitrioliques dans le d\u00e9partement de l\u2019Aisne 1753-1914&nbsp;<\/a>\u00bb <\/p>\n\n\n\n<div class=\"wp-block-image\"><figure class=\"aligncenter size-large\"><img data-recalc-dims=\"1\" loading=\"lazy\" decoding=\"async\" width=\"688\" height=\"537\" data-attachment-id=\"13241\" data-permalink=\"https:\/\/patrimoine-avesnois.fr\/chemin\/un-gisement-unique-dans-le-sous-sol-de-lavesnois\/image-2-8\/\" data-orig-file=\"https:\/\/i0.wp.com\/patrimoine-avesnois.fr\/chemin\/wp-content\/uploads\/2021\/06\/image-2.png?fit=688%2C537&amp;ssl=1\" data-orig-size=\"688,537\" data-comments-opened=\"1\" data-image-meta=\"{&quot;aperture&quot;:&quot;0&quot;,&quot;credit&quot;:&quot;&quot;,&quot;camera&quot;:&quot;&quot;,&quot;caption&quot;:&quot;&quot;,&quot;created_timestamp&quot;:&quot;0&quot;,&quot;copyright&quot;:&quot;&quot;,&quot;focal_length&quot;:&quot;0&quot;,&quot;iso&quot;:&quot;0&quot;,&quot;shutter_speed&quot;:&quot;0&quot;,&quot;title&quot;:&quot;&quot;,&quot;orientation&quot;:&quot;0&quot;}\" data-image-title=\"image-2\" data-image-description=\"\" data-image-caption=\"\" data-large-file=\"https:\/\/i0.wp.com\/patrimoine-avesnois.fr\/chemin\/wp-content\/uploads\/2021\/06\/image-2.png?fit=688%2C537&amp;ssl=1\" src=\"https:\/\/i0.wp.com\/patrimoine-avesnois.fr\/chemin\/wp-content\/uploads\/2021\/06\/image-2.png?resize=688%2C537\" alt=\"\" class=\"wp-image-13241\" srcset=\"https:\/\/i0.wp.com\/patrimoine-avesnois.fr\/chemin\/wp-content\/uploads\/2021\/06\/image-2.png?w=688&amp;ssl=1 688w, https:\/\/i0.wp.com\/patrimoine-avesnois.fr\/chemin\/wp-content\/uploads\/2021\/06\/image-2.png?resize=300%2C234&amp;ssl=1 300w\" sizes=\"auto, (max-width: 688px) 85vw, 688px\" \/><\/figure><\/div>\n","protected":false},"excerpt":{"rendered":"<p>Vers l&rsquo;an 1770 des cendres fossiles dites cendres noires de Picardie furent extraites dans l&rsquo;Aisne aux environs de La F\u00e8re (entre Suzy et Cessi\u00e8res) dans le but d&rsquo;\u00eatre utilis\u00e9es comme stimulant agricole. En effet ces terres sulfureuses expos\u00e9es pendant une quinzaine de jours \u00e0 l&rsquo;air libre s&rsquo;\u00e9chauffaient puis s&rsquo;enflammaient et se convertissaient en une cendre &hellip; <a href=\"https:\/\/patrimoine-avesnois.fr\/chemin\/un-gisement-unique-dans-le-sous-sol-de-lavesnois\/\" class=\"more-link\">Continuer la lecture<span class=\"screen-reader-text\"> de &laquo;&nbsp;Un gisement unique dans le sous-sol de l&rsquo;Avesnois&nbsp;&raquo;<\/span><\/a><\/p>\n","protected":false},"author":2,"featured_media":0,"parent":0,"menu_order":0,"comment_status":"closed","ping_status":"closed","template":"","meta":{"jetpack_post_was_ever_published":false,"footnotes":""},"class_list":["post-13236","page","type-page","status-publish","hentry"],"jetpack_sharing_enabled":true,"jetpack_shortlink":"https:\/\/wp.me\/PaOEkN-3ru","jetpack-related-posts":[],"_links":{"self":[{"href":"https:\/\/patrimoine-avesnois.fr\/chemin\/wp-json\/wp\/v2\/pages\/13236","targetHints":{"allow":["GET"]}}],"collection":[{"href":"https:\/\/patrimoine-avesnois.fr\/chemin\/wp-json\/wp\/v2\/pages"}],"about":[{"href":"https:\/\/patrimoine-avesnois.fr\/chemin\/wp-json\/wp\/v2\/types\/page"}],"author":[{"embeddable":true,"href":"https:\/\/patrimoine-avesnois.fr\/chemin\/wp-json\/wp\/v2\/users\/2"}],"replies":[{"embeddable":true,"href":"https:\/\/patrimoine-avesnois.fr\/chemin\/wp-json\/wp\/v2\/comments?post=13236"}],"version-history":[{"count":0,"href":"https:\/\/patrimoine-avesnois.fr\/chemin\/wp-json\/wp\/v2\/pages\/13236\/revisions"}],"wp:attachment":[{"href":"https:\/\/patrimoine-avesnois.fr\/chemin\/wp-json\/wp\/v2\/media?parent=13236"}],"curies":[{"name":"wp","href":"https:\/\/api.w.org\/{rel}","templated":true}]}}