{"id":156,"date":"2019-03-21T12:24:43","date_gmt":"2019-03-21T11:24:43","guid":{"rendered":"http:\/\/patrimoine-avesnois.fr\/chemin\/?page_id=156"},"modified":"2023-06-30T16:12:11","modified_gmt":"2023-06-30T14:12:11","slug":"bachant","status":"publish","type":"page","link":"https:\/\/patrimoine-avesnois.fr\/chemin\/bachant\/","title":{"rendered":"Bachant"},"content":{"rendered":"<div class=\"wp-block-image\">\n<figure class=\"aligncenter\"><img data-recalc-dims=\"1\" loading=\"lazy\" decoding=\"async\" width=\"815\" height=\"611\" data-attachment-id=\"157\" data-permalink=\"https:\/\/patrimoine-avesnois.fr\/chemin\/bachant\/capture-5\/\" data-orig-file=\"https:\/\/i0.wp.com\/patrimoine-avesnois.fr\/chemin\/wp-content\/uploads\/2019\/03\/Capture-4.png?fit=815%2C611&amp;ssl=1\" data-orig-size=\"815,611\" data-comments-opened=\"1\" data-image-meta=\"{&quot;aperture&quot;:&quot;0&quot;,&quot;credit&quot;:&quot;&quot;,&quot;camera&quot;:&quot;&quot;,&quot;caption&quot;:&quot;&quot;,&quot;created_timestamp&quot;:&quot;0&quot;,&quot;copyright&quot;:&quot;&quot;,&quot;focal_length&quot;:&quot;0&quot;,&quot;iso&quot;:&quot;0&quot;,&quot;shutter_speed&quot;:&quot;0&quot;,&quot;title&quot;:&quot;&quot;,&quot;orientation&quot;:&quot;0&quot;}\" data-image-title=\"Capture\" data-image-description=\"\" data-image-caption=\"\" data-large-file=\"https:\/\/i0.wp.com\/patrimoine-avesnois.fr\/chemin\/wp-content\/uploads\/2019\/03\/Capture-4.png?fit=815%2C611&amp;ssl=1\" src=\"https:\/\/i0.wp.com\/patrimoine-avesnois.fr\/chemin\/wp-content\/uploads\/2019\/03\/Capture-4.png?resize=815%2C611\" alt=\"\" class=\"wp-image-157\" srcset=\"https:\/\/i0.wp.com\/patrimoine-avesnois.fr\/chemin\/wp-content\/uploads\/2019\/03\/Capture-4.png?w=815&amp;ssl=1 815w, https:\/\/i0.wp.com\/patrimoine-avesnois.fr\/chemin\/wp-content\/uploads\/2019\/03\/Capture-4.png?resize=300%2C225&amp;ssl=1 300w, https:\/\/i0.wp.com\/patrimoine-avesnois.fr\/chemin\/wp-content\/uploads\/2019\/03\/Capture-4.png?resize=768%2C576&amp;ssl=1 768w\" sizes=\"auto, (max-width: 815px) 85vw, 815px\" \/><figcaption class=\"wp-element-caption\">Vue a\u00e9rienne de Bachant<\/figcaption><\/figure>\n<\/div>\n\n\n<p> Bachant doit son origine \u00e0 Estr\u00e9es (Strata), qui, au XIIe si\u00e8cle, \u00e9tait une localit\u00e9 assez importante, puisque ce hameau, en 1186, comptait comme paroisse du d\u00e9canat d&rsquo;Avesnes, et que son \u00e9glise conserva Bachant comme annexe jusqu&rsquo;au XVIIIe si\u00e8cle.<br>La seigneurie de Bachant d\u00e9pendit d&rsquo;abord de celle de Berlaimont; elle fut ensuite c\u00e9d\u00e9e aux seigneurs de la Puissance, dont les familles Masselot, du Buisson et Dumont de Gages furent propri\u00e9taires. Source : Bulletin de la Commision Historique du d\u00e9partement du Nord Tome IX Lille 1866.<\/p>\n\n\n\n<p>L&rsquo;\u00e9glise St G\u00e9ry  accompagn\u00e9e de deux marronniers g\u00e9ants se situe au milieu d&rsquo;un vaste espace verdoyant. Elle a \u00e9t\u00e9 remani\u00e9e en 1718 et son clocher r\u00e9\u00e9difi\u00e9 en 1832.  Entre 1883 et 1885 on proc\u00e9da \u00e0 la restauration de la tour et du clocher. Au cours de la guerre 1914-18, les Allemands se saisirent, pour la fondre, de la grosse cloche Justine, qui avait \u00e9t\u00e9 offerte en 1824 par le marquis et la marquise des Gages (leur vieux ch\u00e2teau, dit de La Puissance, \u00e9tait d\u00e9moli depuis 1787).<\/p>\n\n\n<div class=\"wp-block-image\">\n<figure class=\"aligncenter\"><img data-recalc-dims=\"1\" loading=\"lazy\" decoding=\"async\" width=\"450\" height=\"600\" data-attachment-id=\"158\" data-permalink=\"https:\/\/patrimoine-avesnois.fr\/chemin\/bachant\/450px-bachant_nord_fr_eglise_exterieur\/\" data-orig-file=\"https:\/\/i0.wp.com\/patrimoine-avesnois.fr\/chemin\/wp-content\/uploads\/2019\/03\/450px-Bachant_Nord_Fr_%C3%A9glise_exterieur.jpg?fit=450%2C600&amp;ssl=1\" data-orig-size=\"450,600\" data-comments-opened=\"1\" data-image-meta=\"{&quot;aperture&quot;:&quot;0&quot;,&quot;credit&quot;:&quot;&quot;,&quot;camera&quot;:&quot;&quot;,&quot;caption&quot;:&quot;&quot;,&quot;created_timestamp&quot;:&quot;1553166442&quot;,&quot;copyright&quot;:&quot;&quot;,&quot;focal_length&quot;:&quot;0&quot;,&quot;iso&quot;:&quot;0&quot;,&quot;shutter_speed&quot;:&quot;0&quot;,&quot;title&quot;:&quot;&quot;,&quot;orientation&quot;:&quot;1&quot;}\" data-image-title=\"450px-Bachant_(Nord,_Fr)_\u00e9glise,_exterieur\" data-image-description=\"\" data-image-caption=\"\" data-large-file=\"https:\/\/i0.wp.com\/patrimoine-avesnois.fr\/chemin\/wp-content\/uploads\/2019\/03\/450px-Bachant_Nord_Fr_%C3%A9glise_exterieur.jpg?fit=450%2C600&amp;ssl=1\" src=\"https:\/\/i0.wp.com\/patrimoine-avesnois.fr\/chemin\/wp-content\/uploads\/2019\/03\/450px-Bachant_Nord_Fr_%C3%A9glise_exterieur.jpg?resize=450%2C600\" alt=\"\" class=\"wp-image-158\" srcset=\"https:\/\/i0.wp.com\/patrimoine-avesnois.fr\/chemin\/wp-content\/uploads\/2019\/03\/450px-Bachant_Nord_Fr_%C3%A9glise_exterieur.jpg?w=450&amp;ssl=1 450w, https:\/\/i0.wp.com\/patrimoine-avesnois.fr\/chemin\/wp-content\/uploads\/2019\/03\/450px-Bachant_Nord_Fr_%C3%A9glise_exterieur.jpg?resize=225%2C300&amp;ssl=1 225w\" sizes=\"auto, (max-width: 450px) 85vw, 450px\" \/><figcaption class=\"wp-element-caption\">L&rsquo;\u00e9glise de Bachant et son clocher inclin\u00e9 Photo Havang<\/figcaption><\/figure>\n<\/div>\n\n\n<p>On peut notamment admirer dans le transept, \u00e0 gauche le monument comm\u00e9moratif de J Blancpain  mort en 1425 et de sa femme Bat\u00e9iotte n\u00e9e Jeunesse d\u00e9c\u00e9d\u00e9e en 1434  et \u00e0 droite une dalle fun\u00e9raire pour Catherine Jamelon de 1600 (MH). Figure \u00e9galement un tr\u00e8s joli monument aux morts :<\/p>\n\n\n\n<figure class=\"wp-block-image\"><img data-recalc-dims=\"1\" loading=\"lazy\" decoding=\"async\" width=\"800\" height=\"600\" data-attachment-id=\"160\" data-permalink=\"https:\/\/patrimoine-avesnois.fr\/chemin\/bachant\/800px-bachant_nord_fr_eglise_pieta_monument_aux_morts\/\" data-orig-file=\"https:\/\/i0.wp.com\/patrimoine-avesnois.fr\/chemin\/wp-content\/uploads\/2019\/03\/800px-Bachant_Nord_Fr_%C3%A9glise_piet%C3%A0_monument_aux_morts.jpg?fit=800%2C600&amp;ssl=1\" data-orig-size=\"800,600\" data-comments-opened=\"1\" data-image-meta=\"{&quot;aperture&quot;:&quot;0&quot;,&quot;credit&quot;:&quot;&quot;,&quot;camera&quot;:&quot;&quot;,&quot;caption&quot;:&quot;&quot;,&quot;created_timestamp&quot;:&quot;0&quot;,&quot;copyright&quot;:&quot;&quot;,&quot;focal_length&quot;:&quot;0&quot;,&quot;iso&quot;:&quot;0&quot;,&quot;shutter_speed&quot;:&quot;0&quot;,&quot;title&quot;:&quot;&quot;,&quot;orientation&quot;:&quot;0&quot;}\" data-image-title=\"800px-Bachant_(Nord,_Fr)_\u00e9glise,_piet\u00e0_monument_aux_morts\" data-image-description=\"\" data-image-caption=\"\" data-large-file=\"https:\/\/i0.wp.com\/patrimoine-avesnois.fr\/chemin\/wp-content\/uploads\/2019\/03\/800px-Bachant_Nord_Fr_%C3%A9glise_piet%C3%A0_monument_aux_morts.jpg?fit=800%2C600&amp;ssl=1\" src=\"https:\/\/i0.wp.com\/patrimoine-avesnois.fr\/chemin\/wp-content\/uploads\/2019\/03\/800px-Bachant_Nord_Fr_%C3%A9glise_piet%C3%A0_monument_aux_morts.jpg?resize=800%2C600\" alt=\"\" class=\"wp-image-160\" srcset=\"https:\/\/i0.wp.com\/patrimoine-avesnois.fr\/chemin\/wp-content\/uploads\/2019\/03\/800px-Bachant_Nord_Fr_%C3%A9glise_piet%C3%A0_monument_aux_morts.jpg?w=800&amp;ssl=1 800w, https:\/\/i0.wp.com\/patrimoine-avesnois.fr\/chemin\/wp-content\/uploads\/2019\/03\/800px-Bachant_Nord_Fr_%C3%A9glise_piet%C3%A0_monument_aux_morts.jpg?resize=300%2C225&amp;ssl=1 300w, https:\/\/i0.wp.com\/patrimoine-avesnois.fr\/chemin\/wp-content\/uploads\/2019\/03\/800px-Bachant_Nord_Fr_%C3%A9glise_piet%C3%A0_monument_aux_morts.jpg?resize=768%2C576&amp;ssl=1 768w\" sizes=\"auto, (max-width: 800px) 85vw, 800px\" \/><figcaption class=\"wp-element-caption\">Monument aux Morts dans l&rsquo;\u00e9glise Photo Havang<\/figcaption><\/figure>\n\n\n\n<p> Quant au monument communal il se dresse sur la Place depuis 1921 :<\/p>\n\n\n<div class=\"wp-block-image\">\n<figure class=\"aligncenter\"><img loading=\"lazy\" decoding=\"async\" width=\"1280\" height=\"960\" data-attachment-id=\"162\" data-permalink=\"https:\/\/patrimoine-avesnois.fr\/chemin\/bachant\/1280px-bachant_nord_fr_monument_aux_morts-2\/\" data-orig-file=\"https:\/\/i0.wp.com\/patrimoine-avesnois.fr\/chemin\/wp-content\/uploads\/2019\/03\/1280px-Bachant_Nord_Fr_monument_aux_morts-1.jpg?fit=1280%2C960&amp;ssl=1\" data-orig-size=\"1280,960\" data-comments-opened=\"1\" data-image-meta=\"{&quot;aperture&quot;:&quot;0&quot;,&quot;credit&quot;:&quot;&quot;,&quot;camera&quot;:&quot;&quot;,&quot;caption&quot;:&quot;&quot;,&quot;created_timestamp&quot;:&quot;1553166485&quot;,&quot;copyright&quot;:&quot;&quot;,&quot;focal_length&quot;:&quot;0&quot;,&quot;iso&quot;:&quot;0&quot;,&quot;shutter_speed&quot;:&quot;0&quot;,&quot;title&quot;:&quot;&quot;,&quot;orientation&quot;:&quot;1&quot;}\" data-image-title=\"1280px-Bachant_(Nord,_Fr)_monument_aux_morts\" data-image-description=\"\" data-image-caption=\"\" data-large-file=\"https:\/\/i0.wp.com\/patrimoine-avesnois.fr\/chemin\/wp-content\/uploads\/2019\/03\/1280px-Bachant_Nord_Fr_monument_aux_morts-1.jpg?fit=840%2C630&amp;ssl=1\" src=\"https:\/\/i1.wp.com\/patrimoine-avesnois.fr\/chemin\/wp-content\/uploads\/2019\/03\/1280px-Bachant_Nord_Fr_monument_aux_morts-1.jpg?fit=840%2C630\" alt=\"\" class=\"wp-image-162\" srcset=\"https:\/\/i0.wp.com\/patrimoine-avesnois.fr\/chemin\/wp-content\/uploads\/2019\/03\/1280px-Bachant_Nord_Fr_monument_aux_morts-1.jpg?w=1280&amp;ssl=1 1280w, https:\/\/i0.wp.com\/patrimoine-avesnois.fr\/chemin\/wp-content\/uploads\/2019\/03\/1280px-Bachant_Nord_Fr_monument_aux_morts-1.jpg?resize=300%2C225&amp;ssl=1 300w, https:\/\/i0.wp.com\/patrimoine-avesnois.fr\/chemin\/wp-content\/uploads\/2019\/03\/1280px-Bachant_Nord_Fr_monument_aux_morts-1.jpg?resize=768%2C576&amp;ssl=1 768w, https:\/\/i0.wp.com\/patrimoine-avesnois.fr\/chemin\/wp-content\/uploads\/2019\/03\/1280px-Bachant_Nord_Fr_monument_aux_morts-1.jpg?resize=1024%2C768&amp;ssl=1 1024w, https:\/\/i0.wp.com\/patrimoine-avesnois.fr\/chemin\/wp-content\/uploads\/2019\/03\/1280px-Bachant_Nord_Fr_monument_aux_morts-1.jpg?resize=1200%2C900&amp;ssl=1 1200w\" sizes=\"auto, (max-width: 709px) 85vw, (max-width: 909px) 67vw, (max-width: 1362px) 62vw, 840px\" \/><figcaption class=\"wp-element-caption\"><a href=\"https:\/\/monumentsmorts.univ-lille.fr\/monument\/59\/bachant-place\/\" target=\"_blank\" rel=\"noreferrer noopener\">Le Monument aux Morts de Bachant<\/a><\/figcaption><\/figure>\n<\/div>\n\n<div class=\"wp-block-image\">\n<figure class=\"aligncenter\"><img loading=\"lazy\" decoding=\"async\" width=\"1280\" height=\"960\" data-attachment-id=\"163\" data-permalink=\"https:\/\/patrimoine-avesnois.fr\/chemin\/bachant\/1280px-bachant_nord_fr_mairie\/\" data-orig-file=\"https:\/\/i0.wp.com\/patrimoine-avesnois.fr\/chemin\/wp-content\/uploads\/2019\/03\/1280px-Bachant_Nord_Fr_mairie.jpg?fit=1280%2C960&amp;ssl=1\" data-orig-size=\"1280,960\" data-comments-opened=\"1\" data-image-meta=\"{&quot;aperture&quot;:&quot;0&quot;,&quot;credit&quot;:&quot;&quot;,&quot;camera&quot;:&quot;&quot;,&quot;caption&quot;:&quot;&quot;,&quot;created_timestamp&quot;:&quot;1553166551&quot;,&quot;copyright&quot;:&quot;&quot;,&quot;focal_length&quot;:&quot;0&quot;,&quot;iso&quot;:&quot;0&quot;,&quot;shutter_speed&quot;:&quot;0&quot;,&quot;title&quot;:&quot;&quot;,&quot;orientation&quot;:&quot;1&quot;}\" data-image-title=\"1280px-Bachant_(Nord,_Fr)_mairie\" data-image-description=\"\" data-image-caption=\"\" data-large-file=\"https:\/\/i0.wp.com\/patrimoine-avesnois.fr\/chemin\/wp-content\/uploads\/2019\/03\/1280px-Bachant_Nord_Fr_mairie.jpg?fit=840%2C630&amp;ssl=1\" src=\"https:\/\/i0.wp.com\/patrimoine-avesnois.fr\/chemin\/wp-content\/uploads\/2019\/03\/1280px-Bachant_Nord_Fr_mairie.jpg?fit=840%2C630\" alt=\"\" class=\"wp-image-163\" srcset=\"https:\/\/i0.wp.com\/patrimoine-avesnois.fr\/chemin\/wp-content\/uploads\/2019\/03\/1280px-Bachant_Nord_Fr_mairie.jpg?w=1280&amp;ssl=1 1280w, https:\/\/i0.wp.com\/patrimoine-avesnois.fr\/chemin\/wp-content\/uploads\/2019\/03\/1280px-Bachant_Nord_Fr_mairie.jpg?resize=300%2C225&amp;ssl=1 300w, https:\/\/i0.wp.com\/patrimoine-avesnois.fr\/chemin\/wp-content\/uploads\/2019\/03\/1280px-Bachant_Nord_Fr_mairie.jpg?resize=768%2C576&amp;ssl=1 768w, https:\/\/i0.wp.com\/patrimoine-avesnois.fr\/chemin\/wp-content\/uploads\/2019\/03\/1280px-Bachant_Nord_Fr_mairie.jpg?resize=1024%2C768&amp;ssl=1 1024w, https:\/\/i0.wp.com\/patrimoine-avesnois.fr\/chemin\/wp-content\/uploads\/2019\/03\/1280px-Bachant_Nord_Fr_mairie.jpg?resize=1200%2C900&amp;ssl=1 1200w\" sizes=\"auto, (max-width: 709px) 85vw, (max-width: 909px) 67vw, (max-width: 1362px) 62vw, 840px\" \/><figcaption class=\"wp-element-caption\">La Mairie de Bachant. Voir <a rel=\"noreferrer noopener\" href=\"http:\/\/www.mairie-bachant.fr\/la-commune\/le-patrimoine\/\" target=\"_blank\">son site<\/a> Photo Havang<\/figcaption><\/figure>\n<\/div>\n\n\n<p>Un calvaire est \u00e0 d\u00e9couvrir \u00e0 l\u2019intersection de la rue du Bondieu et de la route d\u00e9partementale de Landrecies \u00e0 Maubeuge :<\/p>\n\n\n<div class=\"wp-block-image\">\n<figure class=\"aligncenter\"><img loading=\"lazy\" decoding=\"async\" width=\"1200\" height=\"1600\" data-attachment-id=\"164\" data-permalink=\"https:\/\/patrimoine-avesnois.fr\/chemin\/bachant\/img_1681-2\/\" data-orig-file=\"https:\/\/i0.wp.com\/patrimoine-avesnois.fr\/chemin\/wp-content\/uploads\/2019\/03\/IMG_1681-2.jpg?fit=1200%2C1600&amp;ssl=1\" data-orig-size=\"1200,1600\" data-comments-opened=\"1\" data-image-meta=\"{&quot;aperture&quot;:&quot;2.2&quot;,&quot;credit&quot;:&quot;&quot;,&quot;camera&quot;:&quot;iPhone SE&quot;,&quot;caption&quot;:&quot;&quot;,&quot;created_timestamp&quot;:&quot;1498412058&quot;,&quot;copyright&quot;:&quot;&quot;,&quot;focal_length&quot;:&quot;4.15&quot;,&quot;iso&quot;:&quot;25&quot;,&quot;shutter_speed&quot;:&quot;0.0072463768115942&quot;,&quot;title&quot;:&quot;&quot;,&quot;orientation&quot;:&quot;1&quot;}\" data-image-title=\"IMG_1681-2\" data-image-description=\"\" data-image-caption=\"\" data-large-file=\"https:\/\/i0.wp.com\/patrimoine-avesnois.fr\/chemin\/wp-content\/uploads\/2019\/03\/IMG_1681-2.jpg?fit=768%2C1024&amp;ssl=1\" src=\"https:\/\/i0.wp.com\/patrimoine-avesnois.fr\/chemin\/wp-content\/uploads\/2019\/03\/IMG_1681-2.jpg?fit=768%2C1024\" alt=\"\" class=\"wp-image-164\" srcset=\"https:\/\/i0.wp.com\/patrimoine-avesnois.fr\/chemin\/wp-content\/uploads\/2019\/03\/IMG_1681-2.jpg?w=1200&amp;ssl=1 1200w, https:\/\/i0.wp.com\/patrimoine-avesnois.fr\/chemin\/wp-content\/uploads\/2019\/03\/IMG_1681-2.jpg?resize=225%2C300&amp;ssl=1 225w, https:\/\/i0.wp.com\/patrimoine-avesnois.fr\/chemin\/wp-content\/uploads\/2019\/03\/IMG_1681-2.jpg?resize=768%2C1024&amp;ssl=1 768w\" sizes=\"auto, (max-width: 709px) 85vw, (max-width: 909px) 67vw, (max-width: 1362px) 62vw, 840px\" \/><figcaption class=\"wp-element-caption\">Plus de pr\u00e9cisions sur mon site <a href=\"http:\/\/www.calvaires-avesnois.fr\/bachant\/\" target=\"_blank\" rel=\"noreferrer noopener\">Nos calvaires en Avesnois<\/a><\/figcaption><\/figure>\n<\/div>\n\n\n<p> <\/p>\n\n\n<div class=\"wp-block-image\">\n<figure class=\"aligncenter\"><img data-recalc-dims=\"1\" height=\"574\" width=\"840\" decoding=\"async\" src=\"https:\/\/i0.wp.com\/oratoiresetchapelles-avesnois.fr\/wp-content\/uploads\/2017\/06\/Capture-Copie-6-1024x700.png?resize=840%2C574\" alt=\"Capture - Copie\"\/><\/figure>\n<\/div>\n\n\n<p>Partez \u00e0 la d\u00e9couverte des <a href=\"http:\/\/oratoiresetchapelles-avesnois.fr\/bachant\/\" target=\"_blank\" rel=\"noreferrer noopener\">4 oratoires et des 2 chapelles<\/a> de la commune.<\/p>\n\n\n\n<figure class=\"wp-block-image\"><img decoding=\"async\" src=\"https:\/\/i0.wp.com\/kiosques-avesnois.fr\/wp-content\/uploads\/2017\/11\/Bachant.jpg?resize=840%2C548\" alt=\"\" class=\"wp-image-33\"\/><figcaption class=\"wp-element-caption\">Kiosque de Bachant sur la gauche de la photo prise en 1902<\/figcaption><\/figure>\n\n\n\n<p>Kiosque \u00e0 danser circulaire \u00e9rig\u00e9 en 1860 sur la Place de l\u2019\u00c9glise, sa v\u00e9tust\u00e9 le fit dispara\u00eetre en 1948.<\/p>\n\n\n\n<p>Sur cette carte postale de 1902 : \u00e0 gauche , la maison blanche abrite les habitations de L\u00e9on Sohier et Marguerite Cation ; la forte construction suivante est la ferme Deghilage. A droite de l&rsquo;\u00e9glise, la ferme Bayart et l&rsquo;estaminet tenu par le brasseur Lefebvre. En 1902, El\u00e9onor Bayart est maire depuis 1896.<\/p>\n\n\n\n<p>Cense de la Puissance :<\/p>\n\n\n<div class=\"wp-block-image\">\n<figure class=\"aligncenter\"><img decoding=\"async\" src=\"https:\/\/i2.wp.com\/patrimoine-avesnois.fr\/censes\/wp-content\/uploads\/2019\/02\/Capture-128.png?w=840\" alt=\"\"\/><\/figure>\n<\/div>\n\n\n<p>Jusqu\u2019en 1822, le village de Bachant poss\u00e9da un ch\u00e2teau fort, appel\u00e9 ch\u00e2teau de la Puissance, nom qui lui viendrait de la premi\u00e8re famille \u00e0 l\u2019origine de la forteresse, la famille de la Puissance qui le b\u00e2tit au XI e si\u00e8cle.Les marquis de Gages furent par la suite les barons de la Puissance, avant que le ch\u00e2teau ne devienne la propri\u00e9t\u00e9 de la famille de N\u00e9donchel.  <br>A l\u2019endroit de la forteresse, il reste une ferme portant le nom de ferme de la Puissance qui par sa taille est l\u2019une des plus grandes fermes de l\u2019arrondissement. Elle conserve notamment un beau porche de pierres. <\/p>\n\n\n\n<p>L&rsquo;industrie \u00e0 Bachant se regroupait autour de l&rsquo;exploitation de quatre carri\u00e8res de marbre et de pierres \u00e0 b\u00e2tir qui extrayaient des vari\u00e9t\u00e9s de marbre Ste-Anne. <br>Il exista \u00e0 Bachant un four \u00e0 chaux, une brasserie et 2 fabriques de bonneterie.<\/p>\n\n\n<div class=\"wp-block-image\">\n<figure class=\"aligncenter\"><img data-recalc-dims=\"1\" loading=\"lazy\" decoding=\"async\" width=\"800\" height=\"600\" data-attachment-id=\"166\" data-permalink=\"https:\/\/patrimoine-avesnois.fr\/chemin\/bachant\/800px-bachant141006\/\" data-orig-file=\"https:\/\/i0.wp.com\/patrimoine-avesnois.fr\/chemin\/wp-content\/uploads\/2019\/03\/800px-Bachant141006.jpg?fit=800%2C600&amp;ssl=1\" data-orig-size=\"800,600\" data-comments-opened=\"1\" data-image-meta=\"{&quot;aperture&quot;:&quot;0&quot;,&quot;credit&quot;:&quot;&quot;,&quot;camera&quot;:&quot;&quot;,&quot;caption&quot;:&quot;&quot;,&quot;created_timestamp&quot;:&quot;0&quot;,&quot;copyright&quot;:&quot;&quot;,&quot;focal_length&quot;:&quot;0&quot;,&quot;iso&quot;:&quot;0&quot;,&quot;shutter_speed&quot;:&quot;0&quot;,&quot;title&quot;:&quot;&quot;,&quot;orientation&quot;:&quot;0&quot;}\" data-image-title=\"800px-Bachant141006\" data-image-description=\"\" data-image-caption=\"\" data-large-file=\"https:\/\/i0.wp.com\/patrimoine-avesnois.fr\/chemin\/wp-content\/uploads\/2019\/03\/800px-Bachant141006.jpg?fit=800%2C600&amp;ssl=1\" src=\"https:\/\/i0.wp.com\/patrimoine-avesnois.fr\/chemin\/wp-content\/uploads\/2019\/03\/800px-Bachant141006.jpg?resize=800%2C600\" alt=\"\" class=\"wp-image-166\" srcset=\"https:\/\/i0.wp.com\/patrimoine-avesnois.fr\/chemin\/wp-content\/uploads\/2019\/03\/800px-Bachant141006.jpg?w=800&amp;ssl=1 800w, https:\/\/i0.wp.com\/patrimoine-avesnois.fr\/chemin\/wp-content\/uploads\/2019\/03\/800px-Bachant141006.jpg?resize=300%2C225&amp;ssl=1 300w, https:\/\/i0.wp.com\/patrimoine-avesnois.fr\/chemin\/wp-content\/uploads\/2019\/03\/800px-Bachant141006.jpg?resize=768%2C576&amp;ssl=1 768w\" sizes=\"auto, (max-width: 800px) 85vw, 800px\" \/><figcaption class=\"wp-element-caption\">Les bords de la Sambre \u00e0 Bachant<\/figcaption><\/figure>\n<\/div>","protected":false},"excerpt":{"rendered":"<p>Bachant doit son origine \u00e0 Estr\u00e9es (Strata), qui, au XIIe si\u00e8cle, \u00e9tait une localit\u00e9 assez importante, puisque ce hameau, en 1186, comptait comme paroisse du d\u00e9canat d&rsquo;Avesnes, et que son \u00e9glise conserva Bachant comme annexe jusqu&rsquo;au XVIIIe si\u00e8cle.La seigneurie de Bachant d\u00e9pendit d&rsquo;abord de celle de Berlaimont; elle fut ensuite c\u00e9d\u00e9e aux seigneurs de la &hellip; <a href=\"https:\/\/patrimoine-avesnois.fr\/chemin\/bachant\/\" class=\"more-link\">Continuer la lecture<span class=\"screen-reader-text\"> de &laquo;&nbsp;Bachant&nbsp;&raquo;<\/span><\/a><\/p>\n","protected":false},"author":2,"featured_media":0,"parent":0,"menu_order":0,"comment_status":"closed","ping_status":"closed","template":"","meta":{"jetpack_post_was_ever_published":false,"footnotes":""},"class_list":["post-156","page","type-page","status-publish","hentry"],"jetpack_sharing_enabled":true,"jetpack_shortlink":"https:\/\/wp.me\/PaOEkN-2w","jetpack-related-posts":[],"_links":{"self":[{"href":"https:\/\/patrimoine-avesnois.fr\/chemin\/wp-json\/wp\/v2\/pages\/156","targetHints":{"allow":["GET"]}}],"collection":[{"href":"https:\/\/patrimoine-avesnois.fr\/chemin\/wp-json\/wp\/v2\/pages"}],"about":[{"href":"https:\/\/patrimoine-avesnois.fr\/chemin\/wp-json\/wp\/v2\/types\/page"}],"author":[{"embeddable":true,"href":"https:\/\/patrimoine-avesnois.fr\/chemin\/wp-json\/wp\/v2\/users\/2"}],"replies":[{"embeddable":true,"href":"https:\/\/patrimoine-avesnois.fr\/chemin\/wp-json\/wp\/v2\/comments?post=156"}],"version-history":[{"count":0,"href":"https:\/\/patrimoine-avesnois.fr\/chemin\/wp-json\/wp\/v2\/pages\/156\/revisions"}],"wp:attachment":[{"href":"https:\/\/patrimoine-avesnois.fr\/chemin\/wp-json\/wp\/v2\/media?parent=156"}],"curies":[{"name":"wp","href":"https:\/\/api.w.org\/{rel}","templated":true}]}}