{"id":1623,"date":"2019-04-19T11:04:41","date_gmt":"2019-04-19T09:04:41","guid":{"rendered":"http:\/\/patrimoine-avesnois.fr\/chemin\/?page_id=1623"},"modified":"2025-06-16T17:19:05","modified_gmt":"2025-06-16T15:19:05","slug":"fontaine-au-bois","status":"publish","type":"page","link":"https:\/\/patrimoine-avesnois.fr\/chemin\/fontaine-au-bois\/","title":{"rendered":"Fontaine-au-Bois"},"content":{"rendered":"<div class=\"wp-block-image\">\n<figure class=\"aligncenter is-resized\"><img data-recalc-dims=\"1\" loading=\"lazy\" decoding=\"async\" width=\"779\" height=\"584\" data-attachment-id=\"1624\" data-permalink=\"https:\/\/patrimoine-avesnois.fr\/chemin\/fontaine-au-bois\/attachment\/003\/\" data-orig-file=\"https:\/\/i0.wp.com\/patrimoine-avesnois.fr\/chemin\/wp-content\/uploads\/2019\/04\/003.jpg?fit=779%2C584&amp;ssl=1\" data-orig-size=\"779,584\" data-comments-opened=\"1\" data-image-meta=\"{&quot;aperture&quot;:&quot;0&quot;,&quot;credit&quot;:&quot;CARRE&quot;,&quot;camera&quot;:&quot;&quot;,&quot;caption&quot;:&quot;&quot;,&quot;created_timestamp&quot;:&quot;1555666288&quot;,&quot;copyright&quot;:&quot;&quot;,&quot;focal_length&quot;:&quot;0&quot;,&quot;iso&quot;:&quot;0&quot;,&quot;shutter_speed&quot;:&quot;0&quot;,&quot;title&quot;:&quot;&quot;,&quot;orientation&quot;:&quot;0&quot;}\" data-image-title=\"003\" data-image-description=\"\" data-image-caption=\"\" data-large-file=\"https:\/\/i0.wp.com\/patrimoine-avesnois.fr\/chemin\/wp-content\/uploads\/2019\/04\/003.jpg?fit=779%2C584&amp;ssl=1\" src=\"https:\/\/i0.wp.com\/patrimoine-avesnois.fr\/chemin\/wp-content\/uploads\/2019\/04\/003.jpg?resize=779%2C584\" alt=\"\" class=\"wp-image-1624\" style=\"width:840px;height:630px\" srcset=\"https:\/\/i0.wp.com\/patrimoine-avesnois.fr\/chemin\/wp-content\/uploads\/2019\/04\/003.jpg?w=779&amp;ssl=1 779w, https:\/\/i0.wp.com\/patrimoine-avesnois.fr\/chemin\/wp-content\/uploads\/2019\/04\/003.jpg?resize=300%2C225&amp;ssl=1 300w, https:\/\/i0.wp.com\/patrimoine-avesnois.fr\/chemin\/wp-content\/uploads\/2019\/04\/003.jpg?resize=768%2C576&amp;ssl=1 768w\" sizes=\"auto, (max-width: 779px) 85vw, 779px\" \/><figcaption class=\"wp-element-caption\">Fontaine-au-Bois : son \u00e9glise situ\u00e9e le long  le long de la route d\u00e9partementale  43 reliant Landrecies et Bousies. Village entre la for\u00eat de Mormal et le bois L\u2019Ev\u00eaque. <\/figcaption><\/figure>\n<\/div>\n\n\n<p><br>Les premi\u00e8res populations fontagnardes stables se sont install\u00e9es sur ce qui est aujourd&rsquo;hui le hameau de Malgarni, \u00e0 l&rsquo;\u00e9poque m\u00e9rovingienne&nbsp;: Malgarni s&rsquo;appelait alors Wattignies ou encore Fontanae (\u00ab\u00a0les fontaines\u00a0\u00bb en latin), nom qui subsista et qui s&rsquo;appliqua ensuite au village entier. Vers les ann\u00e9es 770-780, Fontaine devint une d\u00e9pendance d&rsquo;un noble landrecien nomm\u00e9 Aldebert. \u00c0 sa mort, c&rsquo;est son fils Rodin qui h\u00e9rita de Fontaine-au-Bois. Or, ce m\u00eame Rodin fut nomm\u00e9 chef de la toute nouvelle abbaye de Maroilles par Charlemagne&nbsp;et donc Fontaine-au-Bois devint la propri\u00e9t\u00e9 de l&rsquo;abbaye pendant quelques si\u00e8cles. L&rsquo;histoire de Fontaine fut ensuite marqu\u00e9e par la vive querelle qui opposa l&rsquo;abbaye de Maroilles \u00e0 l&rsquo;abbaye du Cateau. Cette derni\u00e8re, en effet, poss\u00e9dait la \u00ab\u00a0terre de Saint-Andr\u00e9\u00a0\u00bb, une petite partie du hameau de Wattignies, et cherchait \u00e0 prendre possession de tout le village. En 1248, le conflit fut r\u00e9gl\u00e9 par Jean d&rsquo;Avesnes&nbsp;: celui-ci donna raison \u00e0 l&rsquo;abbaye de Maroilles et \u00e0 son repr\u00e9sentant sur place, le seigneur Wautier de Bousies. Ce village a subi toutes les cons\u00e9quences des si\u00e8ges de Landrecies, dont il \u00e9tait l&rsquo;une des d\u00e9fenses avanc\u00e9es. En 1793 et 1794, il y eut des combats violents entre les troupes fran\u00e7aises et autrichiennes, ce qui amena la destruction compl\u00e8te du village. La situation militaire de Fontaine-au-Bois explique donc que son \u00e9glise fut fortifi\u00e9e.<\/p>\n\n\n<div class=\"wp-block-image\">\n<figure class=\"aligncenter is-resized\"><img decoding=\"async\" src=\"https:\/\/upload.wikimedia.org\/wikipedia\/commons\/thumb\/3\/3f\/Fontaine_au_bois.jpg\/1280px-Fontaine_au_bois.jpg\" alt=\"Fontaine-au-Bois\" style=\"width:640px;height:480px\"\/><figcaption class=\"wp-element-caption\">Eglise fortifi\u00e9e de Fontaine-au-Bois.<br>De l&rsquo;\u00e9glise fortifi\u00e9e, d\u00e9di\u00e9e \u00e0 Saint R\u00e9my, il n\u2019en subsiste que la tour, perc\u00e9e de meurtri\u00e8res, tandis que le cimeti\u00e8re qui l\u2019entourait et lui aussi fortifi\u00e9, a aujourd\u2019hui disparu. <br>Photo sous licence <em>CC BY-SA 3.0, <a href=\"https:\/\/commons.wikimedia.org\/w\/index.php?curid=3302492\" target=\"_blank\" rel=\"noreferrer noopener\">https:\/\/commons.wikimedia.org\/w\/index.php?curid=3302492<\/a><\/em><\/figcaption><\/figure>\n<\/div>\n\n<div class=\"wp-block-image\">\n<figure class=\"aligncenter is-resized\"><img decoding=\"async\" src=\"https:\/\/upload.wikimedia.org\/wikipedia\/commons\/thumb\/1\/11\/Fontaine-au-Bois_%28Nord%2C_Fr%29%2C_%C3%A9glise%2C_vue_lat%C3%A9rale.jpg\/1280px-Fontaine-au-Bois_%28Nord%2C_Fr%29%2C_%C3%A9glise%2C_vue_lat%C3%A9rale.jpg\" alt=\"\" style=\"width:640px;height:480px\"\/><figcaption class=\"wp-element-caption\">L&rsquo;\u00e9glise st R\u00e9my de Fontaine-au-Bois : <\/figcaption><\/figure>\n<\/div>\n\n\n<p>Les fortifications sont bas\u00e9es sur ce donjon construit en moellons de gr\u00e9, sans fen\u00eatres, et qui \u00e0 l\u2019origine n\u2019aurait pas comport\u00e9 de porte. En effet sur la fa\u00e7ade une date indiquant 1807 semblerait \u00eatre l\u2019ann\u00e9e o\u00f9 la porte fut perc\u00e9e.<\/p>\n\n\n<div class=\"wp-block-image\">\n<figure class=\"aligncenter\"><img decoding=\"async\" data-attachment-id=\"45\" data-permalink=\"https:\/\/patrimoine-avesnois.fr\/chemin\/amfroipret\/capture1-2\/\" data-orig-file=\"https:\/\/i0.wp.com\/patrimoine-avesnois.fr\/chemin\/wp-content\/uploads\/2019\/03\/Capture1-1.png?fit=524%2C692&amp;ssl=1\" data-orig-size=\"524,692\" data-comments-opened=\"1\" data-image-meta=\"{&quot;aperture&quot;:&quot;0&quot;,&quot;credit&quot;:&quot;&quot;,&quot;camera&quot;:&quot;&quot;,&quot;caption&quot;:&quot;&quot;,&quot;created_timestamp&quot;:&quot;0&quot;,&quot;copyright&quot;:&quot;&quot;,&quot;focal_length&quot;:&quot;0&quot;,&quot;iso&quot;:&quot;0&quot;,&quot;shutter_speed&quot;:&quot;0&quot;,&quot;title&quot;:&quot;&quot;,&quot;orientation&quot;:&quot;0&quot;}\" data-image-title=\"Capture1\" data-image-description=\"\" data-image-caption=\"\" data-large-file=\"https:\/\/i0.wp.com\/patrimoine-avesnois.fr\/chemin\/wp-content\/uploads\/2019\/03\/Capture1-1.png?fit=524%2C692&amp;ssl=1\" src=\"https:\/\/i2.wp.com\/patrimoine-avesnois.fr\/eglisesfortifiees\/wp-content\/uploads\/2018\/08\/Capture.png?resize=450%2C643\" alt=\"\" class=\"wp-image-45\"\/><figcaption class=\"wp-element-caption\">Album de Cro\u00ff<\/figcaption><\/figure>\n<\/div>\n\n\n<p>L\u2019\u00e9glise de Fontaine-au-Bois d\u00e9pendait de l\u2019abbaye Saint Andr\u00e9 de Le Cateau. Elle est visible dans les albums de Cro\u00ff et appara\u00eet avec son tr\u00e8s important clocher-donjon muni de contreforts. L\u2019\u00e9glise \u00e9tait ceintur\u00e9e par un cimeti\u00e8re fortifi\u00e9 avec \u00e0 chaque angle une tour circulaire coiff\u00e9e en poivri\u00e8re.<\/p>\n\n\n<div class=\"wp-block-image\">\n<figure class=\"aligncenter is-resized\"><img decoding=\"async\" src=\"https:\/\/upload.wikimedia.org\/wikipedia\/commons\/thumb\/1\/12\/Fontaine-aux-Bois_%28Nord%2C_Fr%29_mairie-%C3%A9cole.jpg\/800px-Fontaine-aux-Bois_%28Nord%2C_Fr%29_mairie-%C3%A9cole.jpg\" alt=\"Fichier:Fontaine-aux-Bois (Nord, Fr) mairie-\u00e9cole.jpg\" style=\"width:600px;height:450px\"\/><figcaption class=\"wp-element-caption\"><strong><em>L&rsquo;ancienne Mairie mise en vente en 2013<\/em><\/strong> Photo 2011 Havang<\/figcaption><\/figure>\n<\/div>\n\n<div class=\"wp-block-image\">\n<figure class=\"aligncenter size-large is-resized\"><img data-recalc-dims=\"1\" loading=\"lazy\" decoding=\"async\" width=\"840\" height=\"632\" data-attachment-id=\"16984\" data-permalink=\"https:\/\/patrimoine-avesnois.fr\/chemin\/fontaine-au-bois\/mairie-5-2\/\" data-orig-file=\"https:\/\/i0.wp.com\/patrimoine-avesnois.fr\/chemin\/wp-content\/uploads\/2021\/12\/Mairie-5.jpg?fit=921%2C693&amp;ssl=1\" data-orig-size=\"921,693\" data-comments-opened=\"1\" data-image-meta=\"{&quot;aperture&quot;:&quot;0&quot;,&quot;credit&quot;:&quot;CARRE&quot;,&quot;camera&quot;:&quot;&quot;,&quot;caption&quot;:&quot;&quot;,&quot;created_timestamp&quot;:&quot;1640974925&quot;,&quot;copyright&quot;:&quot;&quot;,&quot;focal_length&quot;:&quot;0&quot;,&quot;iso&quot;:&quot;0&quot;,&quot;shutter_speed&quot;:&quot;0&quot;,&quot;title&quot;:&quot;&quot;,&quot;orientation&quot;:&quot;1&quot;}\" data-image-title=\"Mairie-5\" data-image-description=\"\" data-image-caption=\"\" data-large-file=\"https:\/\/i0.wp.com\/patrimoine-avesnois.fr\/chemin\/wp-content\/uploads\/2021\/12\/Mairie-5.jpg?fit=840%2C632&amp;ssl=1\" src=\"https:\/\/i0.wp.com\/patrimoine-avesnois.fr\/chemin\/wp-content\/uploads\/2021\/12\/Mairie-5.jpg?resize=840%2C632\" alt=\"\" class=\"wp-image-16984\" style=\"width:691px;height:520px\" srcset=\"https:\/\/i0.wp.com\/patrimoine-avesnois.fr\/chemin\/wp-content\/uploads\/2021\/12\/Mairie-5.jpg?w=921&amp;ssl=1 921w, https:\/\/i0.wp.com\/patrimoine-avesnois.fr\/chemin\/wp-content\/uploads\/2021\/12\/Mairie-5.jpg?resize=300%2C226&amp;ssl=1 300w, https:\/\/i0.wp.com\/patrimoine-avesnois.fr\/chemin\/wp-content\/uploads\/2021\/12\/Mairie-5.jpg?resize=768%2C578&amp;ssl=1 768w\" sizes=\"auto, (max-width: 709px) 85vw, (max-width: 909px) 67vw, (max-width: 1362px) 62vw, 840px\" \/><figcaption class=\"wp-element-caption\">La Mairie actuelle <a rel=\"noreferrer noopener\" href=\"https:\/\/www.google.fr\/maps\/@50.1407578,3.6485789,3a,90y,40.92h,83.04t\/data=!3m6!1e1!3m4!1sktqb-dwYGlAEYcAi4T1NkA!2e0!7i16384!8i8192\" target=\"_blank\">Rue de Landrecies<\/a> Photo 09\/2019<\/figcaption><\/figure>\n<\/div>\n\n<div class=\"wp-block-image\">\n<figure class=\"aligncenter size-full is-resized\"><img data-recalc-dims=\"1\" loading=\"lazy\" decoding=\"async\" width=\"453\" height=\"685\" data-attachment-id=\"21650\" data-permalink=\"https:\/\/patrimoine-avesnois.fr\/chemin\/fontaine-au-bois\/image-2016\/\" data-orig-file=\"https:\/\/i0.wp.com\/patrimoine-avesnois.fr\/chemin\/wp-content\/uploads\/2025\/06\/image.png?fit=453%2C685&amp;ssl=1\" data-orig-size=\"453,685\" data-comments-opened=\"1\" data-image-meta=\"{&quot;aperture&quot;:&quot;0&quot;,&quot;credit&quot;:&quot;&quot;,&quot;camera&quot;:&quot;&quot;,&quot;caption&quot;:&quot;&quot;,&quot;created_timestamp&quot;:&quot;0&quot;,&quot;copyright&quot;:&quot;&quot;,&quot;focal_length&quot;:&quot;0&quot;,&quot;iso&quot;:&quot;0&quot;,&quot;shutter_speed&quot;:&quot;0&quot;,&quot;title&quot;:&quot;&quot;,&quot;orientation&quot;:&quot;0&quot;}\" data-image-title=\"image\" data-image-description=\"\" data-image-caption=\"\" data-large-file=\"https:\/\/i0.wp.com\/patrimoine-avesnois.fr\/chemin\/wp-content\/uploads\/2025\/06\/image.png?fit=453%2C685&amp;ssl=1\" src=\"https:\/\/i0.wp.com\/patrimoine-avesnois.fr\/chemin\/wp-content\/uploads\/2025\/06\/image.png?resize=453%2C685&#038;ssl=1\" alt=\"\" class=\"wp-image-21650\" style=\"width:443px;height:auto\" srcset=\"https:\/\/i0.wp.com\/patrimoine-avesnois.fr\/chemin\/wp-content\/uploads\/2025\/06\/image.png?w=453&amp;ssl=1 453w, https:\/\/i0.wp.com\/patrimoine-avesnois.fr\/chemin\/wp-content\/uploads\/2025\/06\/image.png?resize=198%2C300&amp;ssl=1 198w\" sizes=\"auto, (max-width: 453px) 85vw, 453px\" \/><figcaption class=\"wp-element-caption\">Inauguration du Keighley Hall le samedi 21 juin 2025<\/figcaption><\/figure>\n<\/div>\n\n\n<div data-wp-interactive=\"core\/file\" class=\"wp-block-file\"><object data-wp-bind--hidden=\"!state.hasPdfPreview\" hidden class=\"wp-block-file__embed\" data=\"https:\/\/patrimoine-avesnois.fr\/chemin\/wp-content\/uploads\/2025\/06\/KEIGHLEY-HALL.pdf\" type=\"application\/pdf\" style=\"width:100%;height:600px\" aria-label=\"Contenu embarqu\u00e9 KEIGHLEY HALL.\"><\/object><a id=\"wp-block-file--media-fcca1bde-f638-4821-b1c0-2a97a7eef2ae\" href=\"https:\/\/patrimoine-avesnois.fr\/chemin\/wp-content\/uploads\/2025\/06\/KEIGHLEY-HALL.pdf\">KEIGHLEY HALL<\/a><a href=\"https:\/\/patrimoine-avesnois.fr\/chemin\/wp-content\/uploads\/2025\/06\/KEIGHLEY-HALL.pdf\" class=\"wp-block-file__button wp-element-button\" download aria-describedby=\"wp-block-file--media-fcca1bde-f638-4821-b1c0-2a97a7eef2ae\">T\u00e9l\u00e9charger<\/a><\/div>\n\n\n<div class=\"wp-block-image\">\n<figure class=\"aligncenter is-resized\"><img decoding=\"async\" src=\"https:\/\/upload.wikimedia.org\/wikipedia\/commons\/thumb\/c\/ce\/Fontaine-au-Bois_%28Nord%2C_Fr%29_monument_aux_morts.jpg\/800px-Fontaine-au-Bois_%28Nord%2C_Fr%29_monument_aux_morts.jpg\" alt=\"\" style=\"width:400px;height:534px\"\/><figcaption class=\"wp-element-caption\">le Monument aux Morts de Fontaine-au-Bois,  \u00e9rig\u00e9 en 1926 au pied de l&rsquo;\u00e9glise en l&rsquo;honneur des Fontagnards tomb\u00e9s lors de la premi\u00e8re guerre mondiale. Photo Havang<\/figcaption><\/figure>\n<\/div>\n\n<div class=\"wp-block-image\">\n<figure class=\"aligncenter is-resized\"><img decoding=\"async\" src=\"https:\/\/upload.wikimedia.org\/wikipedia\/commons\/thumb\/2\/2e\/Fontaine-au-Bois_%28Nord%2C_Fr%29_lavoir.jpg\/1280px-Fontaine-au-Bois_%28Nord%2C_Fr%29_lavoir.jpg\" alt=\"\" style=\"width:640px;height:480px\"\/><figcaption class=\"wp-element-caption\">Le Lavoir  de Fontaine-au-Bois:  <br>un lavoir existe \u00e0 cet emplacement depuis le&nbsp;<abbr title=\"15\u1d49 si\u00e8cle\">xv<sup>e<\/sup><\/abbr>&nbsp;si\u00e8cle, et on peut le reconna\u00eetre sur un dessin de Fontaine-au Bois datant de 1598. <\/figcaption><\/figure>\n<\/div>\n\n\n<p>Ensemble source-lavoir, r\u00e9cemment restaur\u00e9, dont s\u2019\u00e9coule l\u2019Hirondelle en direction de Bousies.<\/p>\n\n\n<div class=\"wp-block-image\">\n<figure class=\"aligncenter is-resized\"><img decoding=\"async\" src=\"https:\/\/upload.wikimedia.org\/wikipedia\/commons\/thumb\/d\/d9\/Fontaine-aux-Bois_%28Nord%2C_Fr%29_kiosque_%C3%A0_musique.jpg\/1280px-Fontaine-aux-Bois_%28Nord%2C_Fr%29_kiosque_%C3%A0_musique.jpg\" alt=\"\" style=\"width:640px;height:480px\"\/><figcaption class=\"wp-element-caption\">Le Kiosque de concert de Fontaine-au-Bois<\/figcaption><\/figure>\n<\/div>\n\n\n<p> Le kiosque de concert fut inaugur\u00e9 le 21 juin 2011 &nbsp;par M. Jean-Luc P\u00e9rat, d\u00e9put\u00e9 et M. Jean-Pierre Abraham, maire de Fontaine-au-Bois. Terrassement effectu\u00e9 par Yves Carpentier, ma\u00e7onnerie par Christophe Delfosse, ferronnerie par Jean Pierre Bisiaux et couverture par Dominique Leclercq. (Source&nbsp;: 2c2m) <\/p>\n\n\n<div class=\"wp-block-image\">\n<figure class=\"aligncenter\"><img decoding=\"async\" src=\"http:\/\/i2.wp.com\/www.calvaires-avesnois.fr\/wp-content\/uploads\/2016\/09\/IMG_1294-1.jpg?resize=450%2C600\" alt=\"Calvaire de Fontaine-au-Bois.  Route de Landrecies\" class=\"wp-image-1510\"\/><figcaption class=\"wp-element-caption\">Calvaire de Fontaine-au-Bois. Route de Landrecies<\/figcaption><\/figure>\n<\/div>\n\n\n<p>Calvaire \u00e9rig\u00e9 \u00e0 priori apr\u00e8s 1933.<\/p>\n\n\n<div class=\"wp-block-image\">\n<figure class=\"aligncenter is-resized\"><img data-recalc-dims=\"1\" loading=\"lazy\" decoding=\"async\" width=\"560\" height=\"753\" data-attachment-id=\"1628\" data-permalink=\"https:\/\/patrimoine-avesnois.fr\/chemin\/fontaine-au-bois\/image-366\/\" data-orig-file=\"https:\/\/i0.wp.com\/patrimoine-avesnois.fr\/chemin\/wp-content\/uploads\/2019\/04\/image-344.png?fit=560%2C753&amp;ssl=1\" data-orig-size=\"560,753\" data-comments-opened=\"1\" data-image-meta=\"{&quot;aperture&quot;:&quot;0&quot;,&quot;credit&quot;:&quot;&quot;,&quot;camera&quot;:&quot;&quot;,&quot;caption&quot;:&quot;&quot;,&quot;created_timestamp&quot;:&quot;0&quot;,&quot;copyright&quot;:&quot;&quot;,&quot;focal_length&quot;:&quot;0&quot;,&quot;iso&quot;:&quot;0&quot;,&quot;shutter_speed&quot;:&quot;0&quot;,&quot;title&quot;:&quot;&quot;,&quot;orientation&quot;:&quot;0&quot;}\" data-image-title=\"image\" data-image-description=\"\" data-image-caption=\"\" data-large-file=\"https:\/\/i0.wp.com\/patrimoine-avesnois.fr\/chemin\/wp-content\/uploads\/2019\/04\/image-344.png?fit=560%2C753&amp;ssl=1\" src=\"https:\/\/i0.wp.com\/patrimoine-avesnois.fr\/chemin\/wp-content\/uploads\/2019\/04\/image-344.png?resize=560%2C753\" alt=\"\" class=\"wp-image-1628\" style=\"width:500px;height:675px\" srcset=\"https:\/\/i0.wp.com\/patrimoine-avesnois.fr\/chemin\/wp-content\/uploads\/2019\/04\/image-344.png?w=560&amp;ssl=1 560w, https:\/\/i0.wp.com\/patrimoine-avesnois.fr\/chemin\/wp-content\/uploads\/2019\/04\/image-344.png?resize=223%2C300&amp;ssl=1 223w\" sizes=\"auto, (max-width: 560px) 85vw, 560px\" \/><figcaption class=\"wp-element-caption\"><a href=\"http:\/\/oratoiresetchapelles-avesnois.fr\/fontaine-au-bois\/\" target=\"_blank\" rel=\"noreferrer noopener\" aria-label=\"Oratoires de Fontaine-au-Bois (opens in a new tab)\">Oratoires de Fontaine-au-Bois<\/a><\/figcaption><\/figure>\n<\/div>\n\n<div class=\"wp-block-image\">\n<figure class=\"aligncenter is-resized\"><img decoding=\"async\" src=\"https:\/\/upload.wikimedia.org\/wikipedia\/commons\/thumb\/8\/8c\/Fontaine-au-Bois_%28Nord%2C_Fr%29_Communal_cemetery_war_graves_CWGC.jpg\/1280px-Fontaine-au-Bois_%28Nord%2C_Fr%29_Communal_cemetery_war_graves_CWGC.jpg\" alt=\"\" style=\"width:640px;height:480px\"\/><figcaption class=\"wp-element-caption\"> La section britannique du cimeti\u00e8re communal <\/figcaption><\/figure>\n<\/div>\n\n<div class=\"wp-block-image\">\n<figure class=\"aligncenter is-resized\"><img decoding=\"async\" src=\"https:\/\/upload.wikimedia.org\/wikipedia\/commons\/thumb\/a\/a4\/Fontaine-aux-Bois_%28Nord%2C_Fr%29_Cross_Roads_Cemetery_CWGC.jpg\/1280px-Fontaine-aux-Bois_%28Nord%2C_Fr%29_Cross_Roads_Cemetery_CWGC.jpg\" alt=\"\" style=\"width:640px;height:480px\"\/><figcaption class=\"wp-element-caption\"> Le Cross Roads Cemetery <\/figcaption><\/figure>\n<\/div>\n\n\n<p>Les  cimeti\u00e8res britanniques&nbsp;:&nbsp;<a href=\"https:\/\/fr.wikipedia.org\/wiki\/Fontaine-au-Bois_Communal_Cemetery\" target=\"_blank\" rel=\"noreferrer noopener\">un premier cimeti\u00e8re<\/a>&nbsp;situ\u00e9 dans la ruelle Hainaut \u00e0 l&rsquo;int\u00e9rieur du cimeti\u00e8re communal, est constitu\u00e9 de 95 tombes. Un autre,&nbsp;<a href=\"https:\/\/fr.wikipedia.org\/wiki\/Cross_Roads_Cemetery,_Fontaine-au-Bois\" target=\"_blank\" rel=\"noreferrer noopener\">Cross Roads Cemetery<\/a>, abrite plus de&nbsp;750 corps&nbsp;de jeunes Britanniques tu\u00e9s lors des combats violents qui eurent lieu en 1918 pour la prise de contr\u00f4le de Landrecies et de la for\u00eat de Mormal.<\/p>\n\n\n\n<p class=\"has-text-align-center\">***<\/p>\n\n\n<div class=\"wp-block-image\">\n<figure class=\"aligncenter is-resized\"><img data-recalc-dims=\"1\" loading=\"lazy\" decoding=\"async\" width=\"840\" height=\"865\" data-attachment-id=\"1644\" data-permalink=\"https:\/\/patrimoine-avesnois.fr\/chemin\/fontaine-au-bois\/image-368\/\" data-orig-file=\"https:\/\/i0.wp.com\/patrimoine-avesnois.fr\/chemin\/wp-content\/uploads\/2019\/04\/image-346.png?fit=846%2C871&amp;ssl=1\" data-orig-size=\"846,871\" data-comments-opened=\"1\" data-image-meta=\"{&quot;aperture&quot;:&quot;0&quot;,&quot;credit&quot;:&quot;&quot;,&quot;camera&quot;:&quot;&quot;,&quot;caption&quot;:&quot;&quot;,&quot;created_timestamp&quot;:&quot;0&quot;,&quot;copyright&quot;:&quot;&quot;,&quot;focal_length&quot;:&quot;0&quot;,&quot;iso&quot;:&quot;0&quot;,&quot;shutter_speed&quot;:&quot;0&quot;,&quot;title&quot;:&quot;&quot;,&quot;orientation&quot;:&quot;0&quot;}\" data-image-title=\"image\" data-image-description=\"\" data-image-caption=\"\" data-large-file=\"https:\/\/i0.wp.com\/patrimoine-avesnois.fr\/chemin\/wp-content\/uploads\/2019\/04\/image-346.png?fit=840%2C865&amp;ssl=1\" src=\"https:\/\/i0.wp.com\/patrimoine-avesnois.fr\/chemin\/wp-content\/uploads\/2019\/04\/image-346.png?resize=840%2C865\" alt=\"\" class=\"wp-image-1644\" style=\"width:588px;height:605px\" srcset=\"https:\/\/i0.wp.com\/patrimoine-avesnois.fr\/chemin\/wp-content\/uploads\/2019\/04\/image-346.png?w=846&amp;ssl=1 846w, https:\/\/i0.wp.com\/patrimoine-avesnois.fr\/chemin\/wp-content\/uploads\/2019\/04\/image-346.png?resize=291%2C300&amp;ssl=1 291w, https:\/\/i0.wp.com\/patrimoine-avesnois.fr\/chemin\/wp-content\/uploads\/2019\/04\/image-346.png?resize=768%2C791&amp;ssl=1 768w\" sizes=\"auto, (max-width: 709px) 85vw, (max-width: 909px) 67vw, (max-width: 1362px) 62vw, 840px\" \/><figcaption class=\"wp-element-caption\"><a href=\"http:\/\/lesbrasseriesdelavesnois.fr\/c_l_fontaine.html\" target=\"_blank\" rel=\"noreferrer noopener\" aria-label=\"Les brasseries de l'Avesnois (opens in a new tab)\">Les brasseries de l&rsquo;Avesnois<\/a><\/figcaption><\/figure>\n<\/div>\n\n\n<p>Sur le plan \u00e9conomique et social, il est \u00e0 noter une vie associative et un secteur&nbsp; artisanal tr\u00e8s actifs. Si le nombre d\u2019exploitations agricoles a chut\u00e9 \u00e0 moins d\u2019une dizaine (contre 41 en 1950) et s\u2019il ne reste qu\u2019un seul estaminet contre 27 en 1900, on constate un tr\u00e8s fort d\u00e9veloppement r\u00e9cent des constructions et r\u00e9novations d\u2019habitations. Preuve de la qualit\u00e9 de vie que propose Fontaine-au-Bois. r\u00e9dacteur : <a rel=\"noreferrer noopener\" href=\"https:\/\/fr.wikipedia.org\/wiki\/Jean-Marie_Leblanc\" target=\"_blank\">Jean Marie Leblanc<\/a>, natif du village et ancien directeur du Tour de France de 1989 \u00e0 2006. <\/p>\n\n\n\n<p class=\"has-text-align-center\">***<\/p>\n\n\n\n<p class=\"has-text-align-left\">Petites routes de campagne, chemins empierr\u00e9s et de terre, vous entra\u00eenent \u00e0 la d\u00e9couverte du bocage et de la lisi\u00e8re foresti\u00e8re. <br>Un circuit permanent de VTT et randonn\u00e9e p\u00e9destre d\u00e9partemental a d\u2019ailleurs \u00e9t\u00e9 labellis\u00e9 et la Randonn\u00e9e du Bocage, organis\u00e9e par le Club VTT Nature, principale manifestation locale, rassemble plus de 1000 participants chaque ann\u00e9e au mois de mars.<\/p>\n\n\n\n<p><\/p>\n\n\n<div class=\"wp-block-image\">\n<figure class=\"aligncenter is-resized\"><img data-recalc-dims=\"1\" loading=\"lazy\" decoding=\"async\" width=\"747\" height=\"560\" data-attachment-id=\"1630\" data-permalink=\"https:\/\/patrimoine-avesnois.fr\/chemin\/fontaine-au-bois\/image-367\/\" data-orig-file=\"https:\/\/i0.wp.com\/patrimoine-avesnois.fr\/chemin\/wp-content\/uploads\/2019\/04\/image-345.png?fit=747%2C560&amp;ssl=1\" data-orig-size=\"747,560\" data-comments-opened=\"1\" data-image-meta=\"{&quot;aperture&quot;:&quot;0&quot;,&quot;credit&quot;:&quot;&quot;,&quot;camera&quot;:&quot;&quot;,&quot;caption&quot;:&quot;&quot;,&quot;created_timestamp&quot;:&quot;0&quot;,&quot;copyright&quot;:&quot;&quot;,&quot;focal_length&quot;:&quot;0&quot;,&quot;iso&quot;:&quot;0&quot;,&quot;shutter_speed&quot;:&quot;0&quot;,&quot;title&quot;:&quot;&quot;,&quot;orientation&quot;:&quot;0&quot;}\" data-image-title=\"image\" data-image-description=\"\" data-image-caption=\"\" data-large-file=\"https:\/\/i0.wp.com\/patrimoine-avesnois.fr\/chemin\/wp-content\/uploads\/2019\/04\/image-345.png?fit=747%2C560&amp;ssl=1\" src=\"https:\/\/i0.wp.com\/patrimoine-avesnois.fr\/chemin\/wp-content\/uploads\/2019\/04\/image-345.png?resize=747%2C560\" alt=\"\" class=\"wp-image-1630\" style=\"width:643px;height:482px\" srcset=\"https:\/\/i0.wp.com\/patrimoine-avesnois.fr\/chemin\/wp-content\/uploads\/2019\/04\/image-345.png?w=747&amp;ssl=1 747w, https:\/\/i0.wp.com\/patrimoine-avesnois.fr\/chemin\/wp-content\/uploads\/2019\/04\/image-345.png?resize=300%2C225&amp;ssl=1 300w\" sizes=\"auto, (max-width: 747px) 85vw, 747px\" \/><figcaption class=\"wp-element-caption\">Photo en 2015 par Sebastien du CRF Ferriere la Grande . <br><em>En 2018 a eu lieu la vingt deuxi\u00e8me Randonn\u00e9e du Bocage.<\/em> Elle a \u00e9t\u00e9 annul\u00e9e en 2019 en raison du vent.<\/figcaption><\/figure>\n<\/div>\n\n\n<p><\/p>\n","protected":false},"excerpt":{"rendered":"<p>Les premi\u00e8res populations fontagnardes stables se sont install\u00e9es sur ce qui est aujourd&rsquo;hui le hameau de Malgarni, \u00e0 l&rsquo;\u00e9poque m\u00e9rovingienne&nbsp;: Malgarni s&rsquo;appelait alors Wattignies ou encore Fontanae (\u00ab\u00a0les fontaines\u00a0\u00bb en latin), nom qui subsista et qui s&rsquo;appliqua ensuite au village entier. Vers les ann\u00e9es 770-780, Fontaine devint une d\u00e9pendance d&rsquo;un noble landrecien nomm\u00e9 Aldebert. \u00c0 &hellip; <a href=\"https:\/\/patrimoine-avesnois.fr\/chemin\/fontaine-au-bois\/\" class=\"more-link\">Continuer la lecture<span class=\"screen-reader-text\"> de &laquo;&nbsp;Fontaine-au-Bois&nbsp;&raquo;<\/span><\/a><\/p>\n","protected":false},"author":2,"featured_media":0,"parent":0,"menu_order":0,"comment_status":"closed","ping_status":"closed","template":"","meta":{"jetpack_post_was_ever_published":false,"footnotes":""},"class_list":["post-1623","page","type-page","status-publish","hentry"],"jetpack_sharing_enabled":true,"jetpack_shortlink":"https:\/\/wp.me\/PaOEkN-qb","jetpack-related-posts":[],"_links":{"self":[{"href":"https:\/\/patrimoine-avesnois.fr\/chemin\/wp-json\/wp\/v2\/pages\/1623","targetHints":{"allow":["GET"]}}],"collection":[{"href":"https:\/\/patrimoine-avesnois.fr\/chemin\/wp-json\/wp\/v2\/pages"}],"about":[{"href":"https:\/\/patrimoine-avesnois.fr\/chemin\/wp-json\/wp\/v2\/types\/page"}],"author":[{"embeddable":true,"href":"https:\/\/patrimoine-avesnois.fr\/chemin\/wp-json\/wp\/v2\/users\/2"}],"replies":[{"embeddable":true,"href":"https:\/\/patrimoine-avesnois.fr\/chemin\/wp-json\/wp\/v2\/comments?post=1623"}],"version-history":[{"count":0,"href":"https:\/\/patrimoine-avesnois.fr\/chemin\/wp-json\/wp\/v2\/pages\/1623\/revisions"}],"wp:attachment":[{"href":"https:\/\/patrimoine-avesnois.fr\/chemin\/wp-json\/wp\/v2\/media?parent=1623"}],"curies":[{"name":"wp","href":"https:\/\/api.w.org\/{rel}","templated":true}]}}