{"id":1647,"date":"2019-04-19T14:54:45","date_gmt":"2019-04-19T12:54:45","guid":{"rendered":"http:\/\/patrimoine-avesnois.fr\/chemin\/?page_id=1647"},"modified":"2021-12-31T18:52:44","modified_gmt":"2021-12-31T17:52:44","slug":"forest-en-cambresis","status":"publish","type":"page","link":"https:\/\/patrimoine-avesnois.fr\/chemin\/forest-en-cambresis\/","title":{"rendered":"Forest-en-Cambr\u00e9sis"},"content":{"rendered":"\n<div class=\"wp-block-image\"><figure class=\"aligncenter\"><img loading=\"lazy\" decoding=\"async\" width=\"1386\" height=\"968\" data-attachment-id=\"1648\" data-permalink=\"https:\/\/patrimoine-avesnois.fr\/chemin\/forest-en-cambresis\/726_001\/\" data-orig-file=\"https:\/\/i0.wp.com\/patrimoine-avesnois.fr\/chemin\/wp-content\/uploads\/2019\/04\/726_001.jpg?fit=1386%2C968&amp;ssl=1\" data-orig-size=\"1386,968\" data-comments-opened=\"1\" data-image-meta=\"{&quot;aperture&quot;:&quot;0&quot;,&quot;credit&quot;:&quot;&quot;,&quot;camera&quot;:&quot;&quot;,&quot;caption&quot;:&quot;&quot;,&quot;created_timestamp&quot;:&quot;1555683066&quot;,&quot;copyright&quot;:&quot;&quot;,&quot;focal_length&quot;:&quot;0&quot;,&quot;iso&quot;:&quot;0&quot;,&quot;shutter_speed&quot;:&quot;0&quot;,&quot;title&quot;:&quot;&quot;,&quot;orientation&quot;:&quot;0&quot;}\" data-image-title=\"726_001\" data-image-description=\"\" data-image-caption=\"\" data-large-file=\"https:\/\/i0.wp.com\/patrimoine-avesnois.fr\/chemin\/wp-content\/uploads\/2019\/04\/726_001.jpg?fit=840%2C587&amp;ssl=1\" src=\"https:\/\/i2.wp.com\/patrimoine-avesnois.fr\/chemin\/wp-content\/uploads\/2019\/04\/726_001.jpg?fit=840%2C587\" alt=\"\" class=\"wp-image-1648\" srcset=\"https:\/\/i0.wp.com\/patrimoine-avesnois.fr\/chemin\/wp-content\/uploads\/2019\/04\/726_001.jpg?w=1386&amp;ssl=1 1386w, https:\/\/i0.wp.com\/patrimoine-avesnois.fr\/chemin\/wp-content\/uploads\/2019\/04\/726_001.jpg?resize=300%2C210&amp;ssl=1 300w, https:\/\/i0.wp.com\/patrimoine-avesnois.fr\/chemin\/wp-content\/uploads\/2019\/04\/726_001.jpg?resize=768%2C536&amp;ssl=1 768w, https:\/\/i0.wp.com\/patrimoine-avesnois.fr\/chemin\/wp-content\/uploads\/2019\/04\/726_001.jpg?resize=1024%2C715&amp;ssl=1 1024w, https:\/\/i0.wp.com\/patrimoine-avesnois.fr\/chemin\/wp-content\/uploads\/2019\/04\/726_001.jpg?resize=1200%2C838&amp;ssl=1 1200w\" sizes=\"auto, (max-width: 709px) 85vw, (max-width: 909px) 67vw, (max-width: 1362px) 62vw, 840px\" \/><figcaption>Vue a\u00e9rienne de Forest-en-Cambr\u00e9sis<\/figcaption><\/figure><\/div>\n\n\n\n<p>Il n&rsquo;y a pas de for\u00eat \u00e0 Forest. C&rsquo;est que primitivement \u00ab\u00a0forest\u00a0\u00bb veut dire \u00a0\u00bb ce qui est r\u00e9serv\u00e9, ce qui est dehors (fors). C&rsquo;\u00e9tait donc un territoire r\u00e9serv\u00e9 \u00e0 la chasse des souverains ou des seigneurs. Par une charte de 1180, le monast\u00e8re de Saint-Denis donna au comte de Hainaut tous les biens qu&rsquo;il poss\u00e9dait dans le voisinage de Solesmes, pour y b\u00e2tir un village du nom de Forest, exempt de la loi du Quesnoy. L&rsquo;origine confirme donc ici l\u2019\u00e9tymologie. Il s&rsquo;agit donc d&rsquo;une ville neuve o\u00f9 il y avait \u00e0 essarter. La situation du village sur la route de Bavay \u00e0 Vermand, lui a valu bien des ravages. en 1914 la commune fut enti\u00e8rement d\u00e9truite. Lire <em><a href=\"https:\/\/gallica.bnf.fr\/ark:\/12148\/bpt6k5455276q.r=Mormal.langFR\" target=\"_blank\" rel=\"noreferrer noopener\">Histoire de Forest (arrondissement d&rsquo;Avesnes) \/ par l&rsquo;abb\u00e9 S. Poulet, cur\u00e9 de cette paroisse<\/a><\/em> <\/p>\n\n\n\n<div class=\"wp-block-image\"><figure class=\"aligncenter is-resized\"><img loading=\"lazy\" decoding=\"async\" src=\"https:\/\/upload.wikimedia.org\/wikipedia\/commons\/thumb\/d\/d8\/Forest_en_cambresis.jpg\/1280px-Forest_en_cambresis.jpg\" alt=\"Forest-en-Cambr\u00c3\u00a9sis\" width=\"640\" height=\"480\"\/><figcaption>L &lsquo;\u00e9glise Saint-Denis de Forest en Cambr\u00e9sis <a href=\"https:\/\/commons.wikimedia.org\/wiki\/File:Forest_en_cambresis.jpg\" target=\"_blank\" rel=\"noreferrer noopener\" aria-label=\"Wikimedia (opens in a new tab)\">Wikimedia<\/a><\/figcaption><\/figure><\/div>\n\n\n\n<div class=\"wp-block-image\"><figure class=\"aligncenter is-resized\"><img loading=\"lazy\" decoding=\"async\" src=\"https:\/\/upload.wikimedia.org\/wikipedia\/commons\/thumb\/2\/2a\/Forest-en-Cambr%C3%A9sis_%28Nord%2C_Fr%29_%C3%A9glise%2C_vue_lat%C3%A9rale.jpg\/1280px-Forest-en-Cambr%C3%A9sis_%28Nord%2C_Fr%29_%C3%A9glise%2C_vue_lat%C3%A9rale.jpg\" alt=\"\" width=\"640\" height=\"480\"\/><figcaption> Sa construction a d\u00e9but\u00e9 en 1929. L&rsquo;ancienne \u00e9glise avait \u00e9t\u00e9 d\u00e9molie en 1918 car les Allemands l&rsquo;avaient fait sauter \u00e0 cause de son clocher gr\u00e2ce auquel on avait une formidable vue des environs. <\/figcaption><\/figure><\/div>\n\n\n\n<div class=\"wp-block-image\"><figure class=\"aligncenter\"><img decoding=\"async\" src=\"https:\/\/upload.wikimedia.org\/wikipedia\/commons\/thumb\/4\/4e\/Forest-en-Cambr%C3%A9sis_%28Nord%2C_Fr%29_%C3%A9glise%2C_chevet.jpg\/450px-Forest-en-Cambr%C3%A9sis_%28Nord%2C_Fr%29_%C3%A9glise%2C_chevet.jpg\" alt=\"Fichier: Forest-en-Cambr\u00c3\u00a9sis (Nord, Fr) \u00c3\u00a9glise, chevet.jpg\"\/><figcaption>chevet<\/figcaption><\/figure><\/div>\n\n\n\n<div class=\"wp-block-image\"><figure class=\"aligncenter\"><img decoding=\"async\" src=\"https:\/\/upload.wikimedia.org\/wikipedia\/commons\/thumb\/3\/3b\/Forest-en-Cambr%C3%A9sis_%28Nord%2C_Fr%29_%C3%A9glise_mon_aux_morts_piet%C3%A1.jpg\/450px-Forest-en-Cambr%C3%A9sis_%28Nord%2C_Fr%29_%C3%A9glise_mon_aux_morts_piet%C3%A1.jpg\" alt=\"Fichier: Forest-en-Cambr\u00c3\u0083\u00c2\u00a9sis (Nord, Fr) \u00c3\u0083\u00c2\u00a9glise mon aux morts piet\u00c3\u0083\u00c2\u00a1.jpg\"\/><figcaption><em>Monument aux Morts pi\u00e9ta <\/em><\/figcaption><\/figure><\/div>\n\n\n\n<p>Il y avait encore avant la seconde guerre mondiale deux tours de garde, en bordure de la chauss\u00e9e, pr\u00e8s de l&rsquo;\u00e9glise, vestiges d&rsquo;anciennes fortifications : lire le magazine \u00a0\u00bb <a rel=\"noreferrer noopener\" aria-label=\"Jadis en Cambr\u00e9sis (opens in a new tab)\" href=\"https:\/\/fr.wikipedia.org\/wiki\/Forest-en-Cambr%C3%A9sis\" target=\"_blank\">Jadis en Cambr\u00e9sis<\/a> \u00ab\u00a0de mai 1978 concernant le Fort. L&rsquo;une d&rsquo;entre elles a \u00e9t\u00e9 restaur\u00e9e en 2012 :<\/p>\n\n\n\n<div class=\"wp-block-image\"><figure class=\"aligncenter is-resized\"><img data-recalc-dims=\"1\" loading=\"lazy\" decoding=\"async\" data-attachment-id=\"1667\" data-permalink=\"https:\/\/patrimoine-avesnois.fr\/chemin\/forest-en-cambresis\/142_005\/\" data-orig-file=\"https:\/\/i0.wp.com\/patrimoine-avesnois.fr\/chemin\/wp-content\/uploads\/2019\/04\/142_005.jpg?fit=445%2C287&amp;ssl=1\" data-orig-size=\"445,287\" data-comments-opened=\"1\" data-image-meta=\"{&quot;aperture&quot;:&quot;0&quot;,&quot;credit&quot;:&quot;CARRE&quot;,&quot;camera&quot;:&quot;&quot;,&quot;caption&quot;:&quot;&quot;,&quot;created_timestamp&quot;:&quot;1555687275&quot;,&quot;copyright&quot;:&quot;&quot;,&quot;focal_length&quot;:&quot;0&quot;,&quot;iso&quot;:&quot;0&quot;,&quot;shutter_speed&quot;:&quot;0&quot;,&quot;title&quot;:&quot;&quot;,&quot;orientation&quot;:&quot;0&quot;}\" data-image-title=\"142_005\" data-image-description=\"\" data-image-caption=\"\" data-large-file=\"https:\/\/i0.wp.com\/patrimoine-avesnois.fr\/chemin\/wp-content\/uploads\/2019\/04\/142_005.jpg?fit=445%2C287&amp;ssl=1\" src=\"https:\/\/i0.wp.com\/patrimoine-avesnois.fr\/chemin\/wp-content\/uploads\/2019\/04\/142_005.jpg?resize=638%2C412\" alt=\"\" class=\"wp-image-1667\" width=\"638\" height=\"412\" srcset=\"https:\/\/i0.wp.com\/patrimoine-avesnois.fr\/chemin\/wp-content\/uploads\/2019\/04\/142_005.jpg?w=445&amp;ssl=1 445w, https:\/\/i0.wp.com\/patrimoine-avesnois.fr\/chemin\/wp-content\/uploads\/2019\/04\/142_005.jpg?resize=300%2C193&amp;ssl=1 300w\" sizes=\"auto, (max-width: 638px) 85vw, 638px\" \/><figcaption>L&rsquo;abreuvoir et la tourette en 1905 : <a rel=\"noreferrer noopener\" aria-label=\"dernier vestige du fort de Forest (opens in a new tab)\" href=\"http:\/\/www.forest-cis.fr\/Forest_Tourette.html\" target=\"_blank\">dernier vestige du fort de Forest<\/a> <\/figcaption><\/figure><\/div>\n\n\n\n<div class=\"wp-block-image\"><figure class=\"aligncenter is-resized\"><img data-recalc-dims=\"1\" loading=\"lazy\" decoding=\"async\" src=\"https:\/\/i0.wp.com\/www.forest-cis.fr\/images\/Forest_travaux_index.jpg?resize=600%2C483\" alt=\"\" width=\"600\" height=\"483\"\/><figcaption>L&rsquo;\u00e9glise et la tourette<\/figcaption><\/figure><\/div>\n\n\n\n<div class=\"wp-block-image\"><figure class=\"aligncenter is-resized\"><img data-recalc-dims=\"1\" loading=\"lazy\" decoding=\"async\" data-attachment-id=\"1659\" data-permalink=\"https:\/\/patrimoine-avesnois.fr\/chemin\/forest-en-cambresis\/image-372\/\" data-orig-file=\"https:\/\/i0.wp.com\/patrimoine-avesnois.fr\/chemin\/wp-content\/uploads\/2019\/04\/image-350.png?fit=1013%2C731&amp;ssl=1\" data-orig-size=\"1013,731\" data-comments-opened=\"1\" data-image-meta=\"{&quot;aperture&quot;:&quot;0&quot;,&quot;credit&quot;:&quot;&quot;,&quot;camera&quot;:&quot;&quot;,&quot;caption&quot;:&quot;&quot;,&quot;created_timestamp&quot;:&quot;0&quot;,&quot;copyright&quot;:&quot;&quot;,&quot;focal_length&quot;:&quot;0&quot;,&quot;iso&quot;:&quot;0&quot;,&quot;shutter_speed&quot;:&quot;0&quot;,&quot;title&quot;:&quot;&quot;,&quot;orientation&quot;:&quot;0&quot;}\" data-image-title=\"image\" data-image-description=\"\" data-image-caption=\"\" data-large-file=\"https:\/\/i0.wp.com\/patrimoine-avesnois.fr\/chemin\/wp-content\/uploads\/2019\/04\/image-350.png?fit=840%2C606&amp;ssl=1\" src=\"https:\/\/i0.wp.com\/patrimoine-avesnois.fr\/chemin\/wp-content\/uploads\/2019\/04\/image-350.png?resize=760%2C548\" alt=\"\" class=\"wp-image-1659\" width=\"760\" height=\"548\" srcset=\"https:\/\/i0.wp.com\/patrimoine-avesnois.fr\/chemin\/wp-content\/uploads\/2019\/04\/image-350.png?w=1013&amp;ssl=1 1013w, https:\/\/i0.wp.com\/patrimoine-avesnois.fr\/chemin\/wp-content\/uploads\/2019\/04\/image-350.png?resize=300%2C216&amp;ssl=1 300w, https:\/\/i0.wp.com\/patrimoine-avesnois.fr\/chemin\/wp-content\/uploads\/2019\/04\/image-350.png?resize=768%2C554&amp;ssl=1 768w\" sizes=\"auto, (max-width: 760px) 85vw, 760px\" \/><figcaption>Voir le <a href=\"http:\/\/www.forest-cis.fr\/presse\/21012_Forest_tour_31_08_12_08.pdf\" target=\"_blank\" rel=\"noreferrer noopener\" aria-label=\"site de la Mairie (opens in a new tab)\">site de la Mairie<\/a><\/figcaption><\/figure><\/div>\n\n\n\n<div class=\"wp-block-image\"><figure class=\"aligncenter is-resized\"><img loading=\"lazy\" decoding=\"async\" src=\"https:\/\/upload.wikimedia.org\/wikipedia\/commons\/thumb\/e\/e5\/Forest-en-Cambr%C3%A9sis_%28Nord%2C_Fr%29_monument_aux_morts.jpg\/1280px-Forest-en-Cambr%C3%A9sis_%28Nord%2C_Fr%29_monument_aux_morts.jpg\" alt=\"\" width=\"640\" height=\"480\"\/><figcaption>le Monument aux Morts <a rel=\"noreferrer noopener\" aria-label=\"Universit\u00e9 Lille 3 (opens in a new tab)\" href=\"https:\/\/monumentsmorts.univ-lille.fr\/monument\/293\/forestencambresis-cimetierecommunal\/\" target=\"_blank\">Universit\u00e9 Lille 3<\/a> Photo Havang<\/figcaption><\/figure><\/div>\n\n\n\n<div class=\"wp-block-image\"><figure class=\"aligncenter is-resized\"><img loading=\"lazy\" decoding=\"async\" data-attachment-id=\"1666\" data-permalink=\"https:\/\/patrimoine-avesnois.fr\/chemin\/forest-en-cambresis\/142_001\/\" data-orig-file=\"https:\/\/i0.wp.com\/patrimoine-avesnois.fr\/chemin\/wp-content\/uploads\/2019\/04\/142_001.jpg?fit=1481%2C1000&amp;ssl=1\" data-orig-size=\"1481,1000\" data-comments-opened=\"1\" data-image-meta=\"{&quot;aperture&quot;:&quot;0&quot;,&quot;credit&quot;:&quot;&quot;,&quot;camera&quot;:&quot;&quot;,&quot;caption&quot;:&quot;&quot;,&quot;created_timestamp&quot;:&quot;1555687314&quot;,&quot;copyright&quot;:&quot;&quot;,&quot;focal_length&quot;:&quot;0&quot;,&quot;iso&quot;:&quot;0&quot;,&quot;shutter_speed&quot;:&quot;0&quot;,&quot;title&quot;:&quot;&quot;,&quot;orientation&quot;:&quot;0&quot;}\" data-image-title=\"142_001\" data-image-description=\"\" data-image-caption=\"\" data-large-file=\"https:\/\/i0.wp.com\/patrimoine-avesnois.fr\/chemin\/wp-content\/uploads\/2019\/04\/142_001.jpg?fit=840%2C567&amp;ssl=1\" src=\"https:\/\/i0.wp.com\/patrimoine-avesnois.fr\/chemin\/wp-content\/uploads\/2019\/04\/142_001.jpg?fit=840%2C567\" alt=\"\" class=\"wp-image-1666\" width=\"665\" height=\"449\" srcset=\"https:\/\/i0.wp.com\/patrimoine-avesnois.fr\/chemin\/wp-content\/uploads\/2019\/04\/142_001.jpg?w=1481&amp;ssl=1 1481w, https:\/\/i0.wp.com\/patrimoine-avesnois.fr\/chemin\/wp-content\/uploads\/2019\/04\/142_001.jpg?resize=300%2C203&amp;ssl=1 300w, https:\/\/i0.wp.com\/patrimoine-avesnois.fr\/chemin\/wp-content\/uploads\/2019\/04\/142_001.jpg?resize=768%2C519&amp;ssl=1 768w, https:\/\/i0.wp.com\/patrimoine-avesnois.fr\/chemin\/wp-content\/uploads\/2019\/04\/142_001.jpg?resize=1024%2C691&amp;ssl=1 1024w, https:\/\/i0.wp.com\/patrimoine-avesnois.fr\/chemin\/wp-content\/uploads\/2019\/04\/142_001.jpg?resize=1200%2C810&amp;ssl=1 1200w\" sizes=\"auto, (max-width: 665px) 85vw, 665px\" \/><figcaption>Mairie et \u00e9cole<\/figcaption><\/figure><\/div>\n\n\n\n<div class=\"wp-block-image\"><figure class=\"aligncenter is-resized\"><img loading=\"lazy\" decoding=\"async\" src=\"https:\/\/upload.wikimedia.org\/wikipedia\/commons\/thumb\/d\/dc\/Forest-en-Cambr%C3%A9sis_%28Nord%2C_Fr%29_mairie-%C3%A9cole.jpg\/1280px-Forest-en-Cambr%C3%A9sis_%28Nord%2C_Fr%29_mairie-%C3%A9cole.jpg\" alt=\"\" width=\"692\" height=\"519\"\/><figcaption>La Mairie Ecole Photo Havang de 2011 Voir l&rsquo;excellent <a href=\"http:\/\/www.forest-cis.fr\/index.htm\" target=\"_blank\" rel=\"noreferrer noopener\">site de la Mairie <\/a><\/figcaption><\/figure><\/div>\n\n\n\n<div class=\"wp-block-image\"><figure class=\"aligncenter is-resized\"><img data-recalc-dims=\"1\" loading=\"lazy\" decoding=\"async\" data-attachment-id=\"1661\" data-permalink=\"https:\/\/patrimoine-avesnois.fr\/chemin\/forest-en-cambresis\/image-373\/\" data-orig-file=\"https:\/\/i0.wp.com\/patrimoine-avesnois.fr\/chemin\/wp-content\/uploads\/2019\/04\/image-351.png?fit=809%2C819&amp;ssl=1\" data-orig-size=\"809,819\" data-comments-opened=\"1\" data-image-meta=\"{&quot;aperture&quot;:&quot;0&quot;,&quot;credit&quot;:&quot;&quot;,&quot;camera&quot;:&quot;&quot;,&quot;caption&quot;:&quot;&quot;,&quot;created_timestamp&quot;:&quot;0&quot;,&quot;copyright&quot;:&quot;&quot;,&quot;focal_length&quot;:&quot;0&quot;,&quot;iso&quot;:&quot;0&quot;,&quot;shutter_speed&quot;:&quot;0&quot;,&quot;title&quot;:&quot;&quot;,&quot;orientation&quot;:&quot;0&quot;}\" data-image-title=\"image\" data-image-description=\"\" data-image-caption=\"\" data-large-file=\"https:\/\/i0.wp.com\/patrimoine-avesnois.fr\/chemin\/wp-content\/uploads\/2019\/04\/image-351.png?fit=809%2C819&amp;ssl=1\" src=\"https:\/\/i0.wp.com\/patrimoine-avesnois.fr\/chemin\/wp-content\/uploads\/2019\/04\/image-351.png?resize=607%2C614\" alt=\"\" class=\"wp-image-1661\" width=\"607\" height=\"614\" srcset=\"https:\/\/i0.wp.com\/patrimoine-avesnois.fr\/chemin\/wp-content\/uploads\/2019\/04\/image-351.png?w=809&amp;ssl=1 809w, https:\/\/i0.wp.com\/patrimoine-avesnois.fr\/chemin\/wp-content\/uploads\/2019\/04\/image-351.png?resize=296%2C300&amp;ssl=1 296w, https:\/\/i0.wp.com\/patrimoine-avesnois.fr\/chemin\/wp-content\/uploads\/2019\/04\/image-351.png?resize=768%2C777&amp;ssl=1 768w\" sizes=\"auto, (max-width: 607px) 85vw, 607px\" \/><figcaption>Square L\u00e9on Henniaux .Inauguration en mai 2013.<\/figcaption><\/figure><\/div>\n\n\n\n<div class=\"wp-block-image\"><figure class=\"aligncenter is-resized\"><img loading=\"lazy\" decoding=\"async\" src=\"https:\/\/upload.wikimedia.org\/wikipedia\/commons\/thumb\/e\/e8\/Forest-en-Cambr%C3%A9sis_%28Nord%2C_Fr%29_calvaire_D932.jpg\/800px-Forest-en-Cambr%C3%A9sis_%28Nord%2C_Fr%29_calvaire_D932.jpg\" alt=\"\" width=\"400\" height=\"534\"\/><figcaption>Le calvaire<\/figcaption><\/figure><\/div>\n\n\n\n<p>En 1932 Mr et Mme Pruvot Henniaux L\u00e9once Germaine,&nbsp; cultivateur et marchand de bestiaux rue du Cateau en sont propri\u00e9taires. Le calvaire provient des arri\u00e8res grands-parents de L\u00e9once : Aim\u00e9 Pruvot 1827 1875, cabaretier et son \u00e9pouse Victoire Legrand 1823 1903 l\u2019ont fait \u00e9riger en 1863. <\/p>\n\n\n\n<div class=\"wp-block-image\"><figure class=\"aligncenter is-resized\"><img data-recalc-dims=\"1\" loading=\"lazy\" decoding=\"async\" data-attachment-id=\"1652\" data-permalink=\"https:\/\/patrimoine-avesnois.fr\/chemin\/forest-en-cambresis\/image-369\/\" data-orig-file=\"https:\/\/i0.wp.com\/patrimoine-avesnois.fr\/chemin\/wp-content\/uploads\/2019\/04\/image-347.png?fit=636%2C822&amp;ssl=1\" data-orig-size=\"636,822\" data-comments-opened=\"1\" data-image-meta=\"{&quot;aperture&quot;:&quot;0&quot;,&quot;credit&quot;:&quot;&quot;,&quot;camera&quot;:&quot;&quot;,&quot;caption&quot;:&quot;&quot;,&quot;created_timestamp&quot;:&quot;0&quot;,&quot;copyright&quot;:&quot;&quot;,&quot;focal_length&quot;:&quot;0&quot;,&quot;iso&quot;:&quot;0&quot;,&quot;shutter_speed&quot;:&quot;0&quot;,&quot;title&quot;:&quot;&quot;,&quot;orientation&quot;:&quot;0&quot;}\" data-image-title=\"image\" data-image-description=\"\" data-image-caption=\"\" data-large-file=\"https:\/\/i0.wp.com\/patrimoine-avesnois.fr\/chemin\/wp-content\/uploads\/2019\/04\/image-347.png?fit=636%2C822&amp;ssl=1\" src=\"https:\/\/i0.wp.com\/patrimoine-avesnois.fr\/chemin\/wp-content\/uploads\/2019\/04\/image-347.png?resize=477%2C617\" alt=\"\" class=\"wp-image-1652\" width=\"477\" height=\"617\" srcset=\"https:\/\/i0.wp.com\/patrimoine-avesnois.fr\/chemin\/wp-content\/uploads\/2019\/04\/image-347.png?w=636&amp;ssl=1 636w, https:\/\/i0.wp.com\/patrimoine-avesnois.fr\/chemin\/wp-content\/uploads\/2019\/04\/image-347.png?resize=232%2C300&amp;ssl=1 232w\" sizes=\"auto, (max-width: 477px) 85vw, 477px\" \/><figcaption>2 oratoires et 1 chapelles : voir <a href=\"http:\/\/oratoiresetchapelles-avesnois.fr\/forest-en-cambresis\/\" target=\"_blank\" rel=\"noreferrer noopener\" aria-label=\"mon site (opens in a new tab)\">mon site<\/a><\/figcaption><\/figure><\/div>\n\n\n\n<div class=\"wp-block-image\"><figure class=\"aligncenter is-resized\"><img loading=\"lazy\" decoding=\"async\" src=\"https:\/\/upload.wikimedia.org\/wikipedia\/commons\/thumb\/6\/67\/Forest-en-Cambr%C3%A9sis_%28Nord%2C_Fr%29_cimeti%C3%A8re%2C_tombes_de_guerre_CWGC.jpg\/1280px-Forest-en-Cambr%C3%A9sis_%28Nord%2C_Fr%29_cimeti%C3%A8re%2C_tombes_de_guerre_CWGC.jpg\" alt=\"\" width=\"640\" height=\"480\"\/><figcaption>La section militaire 1918 du cimeti\u00e8re communal  avec 121 tombes de soldats morts \u00e0 la lib\u00e9ration, octobre-novembre 1918 Photo Havang<\/figcaption><\/figure><\/div>\n\n\n\n<p class=\"has-text-align-center\">***<\/p>\n\n\n\n<p>Ancien moulin :<\/p>\n\n\n\n<p>Long de 9,6 km, le ruisseau de Richemont prend sa source au Pommereuil et se jette dans la Selle \u00e0 Montay. Il longe l\u2019extr\u00e9mit\u00e9 sud du territoire de Forest-en-Cambr\u00e9sis o\u00f9 un moulin exista entre 1820 et 1920. Voir mon site <a rel=\"noreferrer noopener\" aria-label=\"Moulins en Avesnois au fil de l'eau (opens in a new tab)\" href=\"http:\/\/www.moulins-avesnois.fr\/le-ruisseau-de-richemont-et-le-moulin-forest-en-cambresis\/\" target=\"_blank\">Moulins en Avesnois au fil de l&rsquo;eau<\/a><\/p>\n\n\n\n<p>Anciennes brasseries :<\/p>\n\n\n\n<p>2 brasseries en 1905 : l&rsquo;une au nom de Sim\u00e9on Danjou mari\u00e9 \u00e0 Laetitia Lacomblez et l&rsquo;autre au nom d&rsquo;Achille  Payen mari\u00e9 \u00e0 Adolphine Sard.<\/p>\n\n\n\n<p class=\"has-text-align-center\">***<\/p>\n\n\n\n<div class=\"wp-block-image\"><figure class=\"aligncenter size-large is-resized\"><img data-recalc-dims=\"1\" loading=\"lazy\" decoding=\"async\" data-attachment-id=\"16987\" data-permalink=\"https:\/\/patrimoine-avesnois.fr\/chemin\/forest-en-cambresis\/image-115-8\/\" data-orig-file=\"https:\/\/i0.wp.com\/patrimoine-avesnois.fr\/chemin\/wp-content\/uploads\/2021\/12\/image-115.png?fit=762%2C842&amp;ssl=1\" data-orig-size=\"762,842\" data-comments-opened=\"1\" data-image-meta=\"{&quot;aperture&quot;:&quot;0&quot;,&quot;credit&quot;:&quot;&quot;,&quot;camera&quot;:&quot;&quot;,&quot;caption&quot;:&quot;&quot;,&quot;created_timestamp&quot;:&quot;0&quot;,&quot;copyright&quot;:&quot;&quot;,&quot;focal_length&quot;:&quot;0&quot;,&quot;iso&quot;:&quot;0&quot;,&quot;shutter_speed&quot;:&quot;0&quot;,&quot;title&quot;:&quot;&quot;,&quot;orientation&quot;:&quot;0&quot;}\" data-image-title=\"image-115\" data-image-description=\"\" data-image-caption=\"\" data-large-file=\"https:\/\/i0.wp.com\/patrimoine-avesnois.fr\/chemin\/wp-content\/uploads\/2021\/12\/image-115.png?fit=762%2C842&amp;ssl=1\" src=\"https:\/\/i0.wp.com\/patrimoine-avesnois.fr\/chemin\/wp-content\/uploads\/2021\/12\/image-115.png?resize=502%2C555\" alt=\"\" class=\"wp-image-16987\" width=\"502\" height=\"555\" srcset=\"https:\/\/i0.wp.com\/patrimoine-avesnois.fr\/chemin\/wp-content\/uploads\/2021\/12\/image-115.png?w=762&amp;ssl=1 762w, https:\/\/i0.wp.com\/patrimoine-avesnois.fr\/chemin\/wp-content\/uploads\/2021\/12\/image-115.png?resize=271%2C300&amp;ssl=1 271w\" sizes=\"auto, (max-width: 502px) 85vw, 502px\" \/><figcaption>C\u00e9ramique sur le mur de la Mairie<\/figcaption><\/figure><\/div>\n","protected":false},"excerpt":{"rendered":"<p>Il n&rsquo;y a pas de for\u00eat \u00e0 Forest. C&rsquo;est que primitivement \u00ab\u00a0forest\u00a0\u00bb veut dire \u00a0\u00bb ce qui est r\u00e9serv\u00e9, ce qui est dehors (fors). C&rsquo;\u00e9tait donc un territoire r\u00e9serv\u00e9 \u00e0 la chasse des souverains ou des seigneurs. Par une charte de 1180, le monast\u00e8re de Saint-Denis donna au comte de Hainaut tous les biens qu&rsquo;il &hellip; <a href=\"https:\/\/patrimoine-avesnois.fr\/chemin\/forest-en-cambresis\/\" class=\"more-link\">Continuer la lecture<span class=\"screen-reader-text\"> de &laquo;&nbsp;Forest-en-Cambr\u00e9sis&nbsp;&raquo;<\/span><\/a><\/p>\n","protected":false},"author":2,"featured_media":0,"parent":0,"menu_order":0,"comment_status":"closed","ping_status":"closed","template":"","meta":{"jetpack_post_was_ever_published":false,"footnotes":""},"class_list":["post-1647","page","type-page","status-publish","hentry"],"jetpack_sharing_enabled":true,"jetpack_shortlink":"https:\/\/wp.me\/PaOEkN-qz","jetpack-related-posts":[],"_links":{"self":[{"href":"https:\/\/patrimoine-avesnois.fr\/chemin\/wp-json\/wp\/v2\/pages\/1647","targetHints":{"allow":["GET"]}}],"collection":[{"href":"https:\/\/patrimoine-avesnois.fr\/chemin\/wp-json\/wp\/v2\/pages"}],"about":[{"href":"https:\/\/patrimoine-avesnois.fr\/chemin\/wp-json\/wp\/v2\/types\/page"}],"author":[{"embeddable":true,"href":"https:\/\/patrimoine-avesnois.fr\/chemin\/wp-json\/wp\/v2\/users\/2"}],"replies":[{"embeddable":true,"href":"https:\/\/patrimoine-avesnois.fr\/chemin\/wp-json\/wp\/v2\/comments?post=1647"}],"version-history":[{"count":0,"href":"https:\/\/patrimoine-avesnois.fr\/chemin\/wp-json\/wp\/v2\/pages\/1647\/revisions"}],"wp:attachment":[{"href":"https:\/\/patrimoine-avesnois.fr\/chemin\/wp-json\/wp\/v2\/media?parent=1647"}],"curies":[{"name":"wp","href":"https:\/\/api.w.org\/{rel}","templated":true}]}}