{"id":190,"date":"2019-03-22T11:16:52","date_gmt":"2019-03-22T10:16:52","guid":{"rendered":"http:\/\/patrimoine-avesnois.fr\/chemin\/?page_id=190"},"modified":"2021-12-28T20:11:38","modified_gmt":"2021-12-28T19:11:38","slug":"bas-lieu","status":"publish","type":"page","link":"https:\/\/patrimoine-avesnois.fr\/chemin\/bas-lieu\/","title":{"rendered":"Bas-Lieu"},"content":{"rendered":"\n<div class=\"wp-block-image\"><figure class=\"aligncenter\"><img data-recalc-dims=\"1\" loading=\"lazy\" decoding=\"async\" width=\"759\" height=\"569\" data-attachment-id=\"191\" data-permalink=\"https:\/\/patrimoine-avesnois.fr\/chemin\/bas-lieu\/capture-7\/\" data-orig-file=\"https:\/\/i0.wp.com\/patrimoine-avesnois.fr\/chemin\/wp-content\/uploads\/2019\/03\/Capture-6.png?fit=759%2C569&amp;ssl=1\" data-orig-size=\"759,569\" data-comments-opened=\"1\" data-image-meta=\"{&quot;aperture&quot;:&quot;0&quot;,&quot;credit&quot;:&quot;&quot;,&quot;camera&quot;:&quot;&quot;,&quot;caption&quot;:&quot;&quot;,&quot;created_timestamp&quot;:&quot;0&quot;,&quot;copyright&quot;:&quot;&quot;,&quot;focal_length&quot;:&quot;0&quot;,&quot;iso&quot;:&quot;0&quot;,&quot;shutter_speed&quot;:&quot;0&quot;,&quot;title&quot;:&quot;&quot;,&quot;orientation&quot;:&quot;0&quot;}\" data-image-title=\"Capture\" data-image-description=\"\" data-image-caption=\"\" data-large-file=\"https:\/\/i0.wp.com\/patrimoine-avesnois.fr\/chemin\/wp-content\/uploads\/2019\/03\/Capture-6.png?fit=759%2C569&amp;ssl=1\" src=\"https:\/\/i0.wp.com\/patrimoine-avesnois.fr\/chemin\/wp-content\/uploads\/2019\/03\/Capture-6.png?resize=759%2C569\" alt=\"\" class=\"wp-image-191\" srcset=\"https:\/\/i0.wp.com\/patrimoine-avesnois.fr\/chemin\/wp-content\/uploads\/2019\/03\/Capture-6.png?w=759&amp;ssl=1 759w, https:\/\/i0.wp.com\/patrimoine-avesnois.fr\/chemin\/wp-content\/uploads\/2019\/03\/Capture-6.png?resize=300%2C225&amp;ssl=1 300w\" sizes=\"auto, (max-width: 759px) 85vw, 759px\" \/><\/figure><\/div>\n\n\n\n<p>C&rsquo;est la banlieue basse d&rsquo;Avesnes. La commune porta d&rsquo;ailleurs ce nom jusqu&rsquo;\u00e0 la R\u00e9volution. A cette \u00e9poque  le bois appel\u00e9 la Haie d&rsquo;Avesnes  couvrait la plus grande partie de son territoire. <\/p>\n\n\n\n<p>Cette commune a la particularit\u00e9 de ne pas disposer de cimeti\u00e8re, ni d&rsquo;\u00e9glise.<\/p>\n\n\n\n<div class=\"wp-block-image\"><figure class=\"aligncenter\"><img data-recalc-dims=\"1\" decoding=\"async\" src=\"https:\/\/i0.wp.com\/oratoiresetchapelles-avesnois.fr\/wp-content\/uploads\/2017\/09\/Capture.png?w=840\" alt=\"Carte \u00c3\u00a0 partir de Mappy\"\/><\/figure><\/div>\n\n\n\n<ul class=\"wp-block-list\"><li><a href=\"http:\/\/oratoiresetchapelles-avesnois.fr\/bas-lieu\/\" target=\"_blank\" rel=\"noreferrer noopener\">6 oratoires et 2 chapelles<\/a> :  <br>Saint-Li\u00e9nard (1696), Saint-Antoine-de-Padoue (1717) Notre-Dame-des-Afflig\u00e9s (1765), Sainte P\u00e9tronille (1830); Notre Dame-de-Walcourt, un oratoire de 1870, 1 chapelle Notre-Dame-du-Bois, et 1 chapelle Evrard Bricart.<\/li><li>1 Monument aux Morts.<\/li><\/ul>\n\n\n\n<div class=\"wp-block-image\"><figure class=\"aligncenter\"><img data-recalc-dims=\"1\" loading=\"lazy\" decoding=\"async\" width=\"840\" height=\"525\" data-attachment-id=\"193\" data-permalink=\"https:\/\/patrimoine-avesnois.fr\/chemin\/bas-lieu\/453_001\/\" data-orig-file=\"https:\/\/i0.wp.com\/patrimoine-avesnois.fr\/chemin\/wp-content\/uploads\/2019\/03\/453_001.jpg?fit=995%2C622&amp;ssl=1\" data-orig-size=\"995,622\" data-comments-opened=\"1\" data-image-meta=\"{&quot;aperture&quot;:&quot;0&quot;,&quot;credit&quot;:&quot;&quot;,&quot;camera&quot;:&quot;&quot;,&quot;caption&quot;:&quot;&quot;,&quot;created_timestamp&quot;:&quot;1553250278&quot;,&quot;copyright&quot;:&quot;&quot;,&quot;focal_length&quot;:&quot;0&quot;,&quot;iso&quot;:&quot;0&quot;,&quot;shutter_speed&quot;:&quot;0&quot;,&quot;title&quot;:&quot;&quot;,&quot;orientation&quot;:&quot;1&quot;}\" data-image-title=\"453_001\" data-image-description=\"\" data-image-caption=\"\" data-large-file=\"https:\/\/i0.wp.com\/patrimoine-avesnois.fr\/chemin\/wp-content\/uploads\/2019\/03\/453_001.jpg?fit=840%2C525&amp;ssl=1\" src=\"https:\/\/i0.wp.com\/patrimoine-avesnois.fr\/chemin\/wp-content\/uploads\/2019\/03\/453_001.jpg?resize=840%2C525\" alt=\"\" class=\"wp-image-193\" srcset=\"https:\/\/i0.wp.com\/patrimoine-avesnois.fr\/chemin\/wp-content\/uploads\/2019\/03\/453_001.jpg?w=995&amp;ssl=1 995w, https:\/\/i0.wp.com\/patrimoine-avesnois.fr\/chemin\/wp-content\/uploads\/2019\/03\/453_001.jpg?resize=300%2C188&amp;ssl=1 300w, https:\/\/i0.wp.com\/patrimoine-avesnois.fr\/chemin\/wp-content\/uploads\/2019\/03\/453_001.jpg?resize=768%2C480&amp;ssl=1 768w\" sizes=\"auto, (max-width: 709px) 85vw, (max-width: 909px) 67vw, (max-width: 1362px) 62vw, 840px\" \/><figcaption>Bas-Lieu 1923<\/figcaption><\/figure><\/div>\n\n\n\n<p>La grand-route pav\u00e9e Maubeuge-Avesnes traverse alors tout le village ; Au fond de la place communale, on remarque \u2014 difficilement il est vrai \u2014 un kiosque \u00e0 danser, en fer forg\u00e9, de forme rectangulaire et \u00e0 huit pieds. On voit aussi des bornes en pierre grise : elles avaient servi \u00e0 d\u00e9limiter la place et, jusqu&rsquo;en 1930, vingt-huit d&rsquo;entre elles surv\u00e9curent. Le b\u00e2timent mairie-\u00e9cole (\u00e0 droite.) a \u00e9t\u00e9 construit en 1888-89, mais en 1834 la commune avait d\u00e9j\u00e0 b\u00e2ti une \u00e9cole pour filles et gar\u00e7ons, dont il ne demeure aujourd&rsquo;hui aucune trace.<\/p>\n\n\n\n<div class=\"wp-block-image\"><figure class=\"aligncenter\"><img data-recalc-dims=\"1\" loading=\"lazy\" decoding=\"async\" width=\"449\" height=\"599\" data-attachment-id=\"192\" data-permalink=\"https:\/\/patrimoine-avesnois.fr\/chemin\/bas-lieu\/450px-bas-lieu_nord_fr_monument_aux_morts\/\" data-orig-file=\"https:\/\/i0.wp.com\/patrimoine-avesnois.fr\/chemin\/wp-content\/uploads\/2019\/03\/450px-Bas-Lieu_Nord_Fr_monument_aux_morts.jpg?fit=449%2C599&amp;ssl=1\" data-orig-size=\"449,599\" data-comments-opened=\"1\" data-image-meta=\"{&quot;aperture&quot;:&quot;0&quot;,&quot;credit&quot;:&quot;&quot;,&quot;camera&quot;:&quot;&quot;,&quot;caption&quot;:&quot;&quot;,&quot;created_timestamp&quot;:&quot;1553251774&quot;,&quot;copyright&quot;:&quot;&quot;,&quot;focal_length&quot;:&quot;0&quot;,&quot;iso&quot;:&quot;0&quot;,&quot;shutter_speed&quot;:&quot;0&quot;,&quot;title&quot;:&quot;&quot;,&quot;orientation&quot;:&quot;1&quot;}\" data-image-title=\"450px-Bas-Lieu_(Nord,_Fr)_monument_aux_morts\" data-image-description=\"\" data-image-caption=\"\" data-large-file=\"https:\/\/i0.wp.com\/patrimoine-avesnois.fr\/chemin\/wp-content\/uploads\/2019\/03\/450px-Bas-Lieu_Nord_Fr_monument_aux_morts.jpg?fit=449%2C599&amp;ssl=1\" src=\"https:\/\/i0.wp.com\/patrimoine-avesnois.fr\/chemin\/wp-content\/uploads\/2019\/03\/450px-Bas-Lieu_Nord_Fr_monument_aux_morts.jpg?resize=449%2C599\" alt=\"\" class=\"wp-image-192\" srcset=\"https:\/\/i0.wp.com\/patrimoine-avesnois.fr\/chemin\/wp-content\/uploads\/2019\/03\/450px-Bas-Lieu_Nord_Fr_monument_aux_morts.jpg?w=449&amp;ssl=1 449w, https:\/\/i0.wp.com\/patrimoine-avesnois.fr\/chemin\/wp-content\/uploads\/2019\/03\/450px-Bas-Lieu_Nord_Fr_monument_aux_morts.jpg?resize=225%2C300&amp;ssl=1 225w\" sizes=\"auto, (max-width: 449px) 85vw, 449px\" \/><figcaption>Le Monument aux Morts de Bas-lieu Photo Havang<\/figcaption><\/figure><\/div>\n\n\n\n<p>Le monument aux morts de la guerre 1914-18 a \u00e9t\u00e9 inaugur\u00e9 le 3 juillet 1921, M. Desormeaux \u00e9tant maire, avec b\u00e9n\u00e9diction par le cur\u00e9-doyen d&rsquo;Avesnes \u00e0 9 heures, et c\u00e9r\u00e9monie officielle \u00e0 17 heures, la messe pour les douze soldats tu\u00e9s et les trois victimes civiles ayant eu lieu le lundi 27 juin \u00e0 la coll\u00e9giale d&rsquo;Avesnes, puisque Bas-Lieu, comme Haut-Lieu, n&rsquo;a pas d&rsquo;\u00e9glise<\/p>\n\n\n\n<p>Ob\u00e9lisque de pierre avec un d\u00e9cor en bronze et sur les faces lat\u00e9rales les noms des poilus de Bas-Lieu Sur la face principale du c\u00e9notaphe, une \u00e9p\u00e9e est accroch\u00e9e \u00e0 une gerbe compos\u00e9e d&rsquo;une branche de ch\u00eane et d&rsquo;une branche d&rsquo;olivier Le monument est haut d&rsquo;environ 3 m\u00e8tres. Il est entour\u00e9 de lourdes cha\u00eenes en fonte et de quatre colonnettes de pierre. Description suppl\u00e9mentaire, inscriptions pr\u00e9sentes sur le monument, les noms des morts sur le <a href=\"https:\/\/monumentsmorts.univ-lille.fr\/monument\/71\/bas-lieu-place\/?elm=55\" target=\"_blank\" rel=\"noreferrer noopener\">site de l&rsquo;universit\u00e9 de Lille<\/a>. <\/p>\n\n\n\n<ul class=\"wp-block-list\"><li>1 Kiosque \u00e0 musique, type kiosque \u00e0 danser.<\/li><\/ul>\n\n\n\n<div class=\"wp-block-image\"><figure class=\"aligncenter\"><img decoding=\"async\" data-attachment-id=\"185\" data-permalink=\"https:\/\/patrimoine-avesnois.fr\/chemin\/baives\/rnr121-four_chaux_baives_048_20080424_jaj-jpg\/\" data-orig-file=\"https:\/\/i0.wp.com\/patrimoine-avesnois.fr\/chemin\/wp-content\/uploads\/2019\/03\/rnr121-four_chaux_baives_048_20080424_jaj.jpg.jpg?fit=800%2C600&amp;ssl=1\" data-orig-size=\"800,600\" data-comments-opened=\"1\" data-image-meta=\"{&quot;aperture&quot;:&quot;0&quot;,&quot;credit&quot;:&quot;&quot;,&quot;camera&quot;:&quot;&quot;,&quot;caption&quot;:&quot;&quot;,&quot;created_timestamp&quot;:&quot;0&quot;,&quot;copyright&quot;:&quot;&quot;,&quot;focal_length&quot;:&quot;0&quot;,&quot;iso&quot;:&quot;0&quot;,&quot;shutter_speed&quot;:&quot;0&quot;,&quot;title&quot;:&quot;&quot;,&quot;orientation&quot;:&quot;0&quot;}\" data-image-title=\"rnr121-four_chaux_baives_048_20080424_jaj.jpg\" data-image-description=\"\" data-image-caption=\"\" data-large-file=\"https:\/\/i0.wp.com\/patrimoine-avesnois.fr\/chemin\/wp-content\/uploads\/2019\/03\/rnr121-four_chaux_baives_048_20080424_jaj.jpg.jpg?fit=800%2C600&amp;ssl=1\" src=\"https:\/\/i0.wp.com\/kiosques-avesnois.fr\/wp-content\/uploads\/2017\/11\/Bas-Lieu-05.jpg?resize=762%2C575\" alt=\"\" class=\"wp-image-185\"\/><figcaption>Le Kiosque de Bas-Lieu 2016<\/figcaption><\/figure><\/div>\n\n\n\n<p>Le nouveau kiosque con\u00e7u par les Ferronneries avesnoises est un kiosque rectangulaire \u00e0 4 pieds en acier galvanis\u00e9 \u00e0 chaud \u00e0 Honnechy (Cambraisis). Il a co\u00fbt\u00e9 14 756\u20ac (\u00e9clairage compris).<br>Le nouveau kiosque a \u00e9t\u00e9 inaugur\u00e9 le 21 juin 2016.<\/p>\n\n\n\n<p><strong>Le Pass\u00e9 historique de Bas-Lieu :<\/strong><\/p>\n\n\n\n<p>Son histoire se confond avec celle d&rsquo;Avesnes. Aux Trois-Paves, sur l&rsquo;ancienne route de Maubeuge, se trouvait la Cense a Longe, disparue aujourd&rsquo;hui. Elle fut le quartier g\u00e9n\u00e9ral de Jourdan et Carnot pendant la bataille de Wattignies. La table de marbre sur laquelle ils firent leurs plans se trouve au mus\u00e9e Villien a Avesnes.<\/p>\n\n\n\n<p> Avant d&rsquo;arriver aux Trois-Paves, sur la droite en direction de Maubeuge, se trouve l&rsquo;ancien domaine de La Jonqui\u00e8re, qui appartenait sous l&rsquo;Empire \u00e0 une famille de magistrats d&rsquo;Avesnes, les Marit. Ce domaine renfermait un cimeti\u00e8re priv\u00e9 o\u00f9 les familles aristocratiques, qui s\u2019\u00e9taient s\u00e9par\u00e9es de l&rsquo;Eglise, se faisaient enterrer. Gossuin y avait fait pr\u00e9parer son tombeau, mais il fut enterr\u00e9 au P\u00e8re Lachaise en avril 1816 et ce fut son coeur qui fut  d\u00e9pos\u00e9 \u00e0 La Jonquiere, avant d\u2019\u00eatre transf\u00e9r\u00e9 dans le hall du mus\u00e9e Villiens.  L&rsquo;ensemble du monument fun\u00e9raire de La Jonqui\u00e8re a \u00e9t\u00e9 transport\u00e9 \u00e9galement dans le hall du mus\u00e9e. <\/p>\n\n\n\n<p>Source du Texte : \u00ab\u00a0en flanant dans l&rsquo;avesnois\u00a0\u00bb de Jean Mossay.<\/p>\n\n\n\n<p>3 briqueteries et 3 brasseries ont exist\u00e9 \u00e0 Bas-Lieu : la brasserie Renouard de 1890 \u00e0 1902-la brasserie Bonnevie de 1890 \u00e0 1914 devenue apr\u00e8s la premi\u00e8re guerre mondiale jusqu&rsquo;en 1940 la brasserie Dindin et enfin la brasserie Broez (1902 1920) dite brasserie Lorraine avant sa disparition en 1940.<\/p>\n\n\n\n<div class=\"wp-block-image\"><figure class=\"aligncenter\"><img data-recalc-dims=\"1\" loading=\"lazy\" decoding=\"async\" width=\"566\" height=\"425\" data-attachment-id=\"197\" data-permalink=\"https:\/\/patrimoine-avesnois.fr\/chemin\/bas-lieu\/capture-1png\/\" data-orig-file=\"https:\/\/i0.wp.com\/patrimoine-avesnois.fr\/chemin\/wp-content\/uploads\/2019\/03\/Capture.1PNG.png?fit=566%2C425&amp;ssl=1\" data-orig-size=\"566,425\" data-comments-opened=\"1\" data-image-meta=\"{&quot;aperture&quot;:&quot;0&quot;,&quot;credit&quot;:&quot;&quot;,&quot;camera&quot;:&quot;&quot;,&quot;caption&quot;:&quot;&quot;,&quot;created_timestamp&quot;:&quot;0&quot;,&quot;copyright&quot;:&quot;&quot;,&quot;focal_length&quot;:&quot;0&quot;,&quot;iso&quot;:&quot;0&quot;,&quot;shutter_speed&quot;:&quot;0&quot;,&quot;title&quot;:&quot;&quot;,&quot;orientation&quot;:&quot;0&quot;}\" data-image-title=\"Capture.1PNG\" data-image-description=\"\" data-image-caption=\"\" data-large-file=\"https:\/\/i0.wp.com\/patrimoine-avesnois.fr\/chemin\/wp-content\/uploads\/2019\/03\/Capture.1PNG.png?fit=566%2C425&amp;ssl=1\" src=\"https:\/\/i0.wp.com\/patrimoine-avesnois.fr\/chemin\/wp-content\/uploads\/2019\/03\/Capture.1PNG.png?resize=566%2C425\" alt=\"\" class=\"wp-image-197\" srcset=\"https:\/\/i0.wp.com\/patrimoine-avesnois.fr\/chemin\/wp-content\/uploads\/2019\/03\/Capture.1PNG.png?w=566&amp;ssl=1 566w, https:\/\/i0.wp.com\/patrimoine-avesnois.fr\/chemin\/wp-content\/uploads\/2019\/03\/Capture.1PNG.png?resize=300%2C225&amp;ssl=1 300w\" sizes=\"auto, (max-width: 566px) 85vw, 566px\" \/><\/figure><\/div>\n\n\n\n<p> &nbsp; <\/p>\n","protected":false},"excerpt":{"rendered":"<p>C&rsquo;est la banlieue basse d&rsquo;Avesnes. La commune porta d&rsquo;ailleurs ce nom jusqu&rsquo;\u00e0 la R\u00e9volution. A cette \u00e9poque le bois appel\u00e9 la Haie d&rsquo;Avesnes couvrait la plus grande partie de son territoire. Cette commune a la particularit\u00e9 de ne pas disposer de cimeti\u00e8re, ni d&rsquo;\u00e9glise. 6 oratoires et 2 chapelles : Saint-Li\u00e9nard (1696), Saint-Antoine-de-Padoue (1717) Notre-Dame-des-Afflig\u00e9s &hellip; <a href=\"https:\/\/patrimoine-avesnois.fr\/chemin\/bas-lieu\/\" class=\"more-link\">Continuer la lecture<span class=\"screen-reader-text\"> de &laquo;&nbsp;Bas-Lieu&nbsp;&raquo;<\/span><\/a><\/p>\n","protected":false},"author":2,"featured_media":0,"parent":0,"menu_order":0,"comment_status":"closed","ping_status":"closed","template":"","meta":{"jetpack_post_was_ever_published":false,"footnotes":""},"class_list":["post-190","page","type-page","status-publish","hentry"],"jetpack_sharing_enabled":true,"jetpack_shortlink":"https:\/\/wp.me\/PaOEkN-34","jetpack-related-posts":[],"_links":{"self":[{"href":"https:\/\/patrimoine-avesnois.fr\/chemin\/wp-json\/wp\/v2\/pages\/190","targetHints":{"allow":["GET"]}}],"collection":[{"href":"https:\/\/patrimoine-avesnois.fr\/chemin\/wp-json\/wp\/v2\/pages"}],"about":[{"href":"https:\/\/patrimoine-avesnois.fr\/chemin\/wp-json\/wp\/v2\/types\/page"}],"author":[{"embeddable":true,"href":"https:\/\/patrimoine-avesnois.fr\/chemin\/wp-json\/wp\/v2\/users\/2"}],"replies":[{"embeddable":true,"href":"https:\/\/patrimoine-avesnois.fr\/chemin\/wp-json\/wp\/v2\/comments?post=190"}],"version-history":[{"count":0,"href":"https:\/\/patrimoine-avesnois.fr\/chemin\/wp-json\/wp\/v2\/pages\/190\/revisions"}],"wp:attachment":[{"href":"https:\/\/patrimoine-avesnois.fr\/chemin\/wp-json\/wp\/v2\/media?parent=190"}],"curies":[{"name":"wp","href":"https:\/\/api.w.org\/{rel}","templated":true}]}}