{"id":19103,"date":"2023-07-20T13:52:42","date_gmt":"2023-07-20T11:52:42","guid":{"rendered":"https:\/\/patrimoine-avesnois.fr\/chemin\/?page_id=19103"},"modified":"2023-07-30T13:58:22","modified_gmt":"2023-07-30T11:58:22","slug":"le-trait-du-nord-un-patrimoine-vivant-a-preserver","status":"publish","type":"page","link":"https:\/\/patrimoine-avesnois.fr\/chemin\/le-trait-du-nord-un-patrimoine-vivant-a-preserver\/","title":{"rendered":"Le Trait du Nord, un patrimoine vivant \u00e0 pr\u00e9server"},"content":{"rendered":"\n<p>Sans avoir la pr\u00e9tention de faire un historique complet de la question, je voudrais cependant retracer tout d&rsquo;abord, en quelques lignes, l&rsquo;histoire de la race chevaline \u00ab\u00a0Le Trait du Nord\u00a0\u00bb dans ses origines. Apr\u00e8s ce pr\u00e9ambule indispensable, je me propose ensuite de mettre en avant son prestigieux  prototype et ses remarquables aptitudes qui font de lui un cheval d&rsquo;excellence, s\u00e9lectionn\u00e9 initialement pour aider l\u2019Homme dans le travail de la terre ou dans les mines pour les petits mod\u00e8les. Je voudrais enfin et surtout attirer l&rsquo;attention sur l&rsquo;immense danger qui p\u00e8se sur cette race de cheval d&rsquo;exception consid\u00e9r\u00e9e de nos jours menac\u00e9e d&rsquo;extinction.<\/p>\n\n\n\n<p class=\"has-bright-red-color has-text-color has-medium-font-size\"><strong>Histoire<\/strong><\/p>\n\n\n<div class=\"wp-block-image\">\n<figure class=\"aligncenter size-full is-resized\"><img data-recalc-dims=\"1\" loading=\"lazy\" decoding=\"async\" data-attachment-id=\"19111\" data-permalink=\"https:\/\/patrimoine-avesnois.fr\/chemin\/le-trait-du-nord-un-patrimoine-vivant-a-preserver\/capture-12-11\/\" data-orig-file=\"https:\/\/i0.wp.com\/patrimoine-avesnois.fr\/chemin\/wp-content\/uploads\/2023\/07\/Capture-12.jpg?fit=770%2C561&amp;ssl=1\" data-orig-size=\"770,561\" data-comments-opened=\"1\" data-image-meta=\"{&quot;aperture&quot;:&quot;0&quot;,&quot;credit&quot;:&quot;CARRE&quot;,&quot;camera&quot;:&quot;&quot;,&quot;caption&quot;:&quot;&quot;,&quot;created_timestamp&quot;:&quot;1689795313&quot;,&quot;copyright&quot;:&quot;&quot;,&quot;focal_length&quot;:&quot;0&quot;,&quot;iso&quot;:&quot;0&quot;,&quot;shutter_speed&quot;:&quot;0&quot;,&quot;title&quot;:&quot;&quot;,&quot;orientation&quot;:&quot;0&quot;}\" data-image-title=\"Capture-12\" data-image-description=\"\" data-image-caption=\"\" data-large-file=\"https:\/\/i0.wp.com\/patrimoine-avesnois.fr\/chemin\/wp-content\/uploads\/2023\/07\/Capture-12.jpg?fit=770%2C561&amp;ssl=1\" src=\"https:\/\/i0.wp.com\/patrimoine-avesnois.fr\/chemin\/wp-content\/uploads\/2023\/07\/Capture-12.jpg?resize=600%2C437&#038;ssl=1\" alt=\"\" class=\"wp-image-19111\" width=\"600\" height=\"437\" srcset=\"https:\/\/i0.wp.com\/patrimoine-avesnois.fr\/chemin\/wp-content\/uploads\/2023\/07\/Capture-12.jpg?w=770&amp;ssl=1 770w, https:\/\/i0.wp.com\/patrimoine-avesnois.fr\/chemin\/wp-content\/uploads\/2023\/07\/Capture-12.jpg?resize=300%2C219&amp;ssl=1 300w, https:\/\/i0.wp.com\/patrimoine-avesnois.fr\/chemin\/wp-content\/uploads\/2023\/07\/Capture-12.jpg?resize=768%2C560&amp;ssl=1 768w\" sizes=\"auto, (max-width: 600px) 85vw, 600px\" \/><figcaption class=\"wp-element-caption\">Cheval de Trait du Nord : \u00ab\u00a0Beau-Type\u00a0\u00bb remarquable \u00e9talon vers 1930 appartenant au s\u00e9nateur M. Emile Davaine et \u00e0 M. Pierre Debuchy<\/figcaption><\/figure>\n<\/div>\n\n\n<p class=\"has-bright-blue-color has-text-color\"><strong>Origine :<\/strong><\/p>\n\n\n\n<p>Le Cheval de trait du Nord est le cousin germain du Cheval de trait Belge. Tous deux ont \u00e0 leur origine le Cheval Belge primitif, qui, \u00e0 l&rsquo;\u00e9poque quaternaire, habitait le bassin sup\u00e9rieur de la Meuse, sur la r\u00e9gion du plateau du Condroz parcouru par la Lesse et s&rsquo;\u00e9tendant de Dinan \u00e0 Li\u00e8ge, le long de la rive droite de la Meuse, sur une largeur moyenne de 40 km. De ce type pr\u00e9historique, un rameau a travers\u00e9 la Meuse et a p\u00e9n\u00e9tr\u00e9 vers l&rsquo;Ouest, dans les plaines limoneuses de la Belgique, et devint la sous-race Braban\u00e7onne. Une autre extension oppos\u00e9e se dirigeant vers l&rsquo;Est, sur les massifs \u00e9lev\u00e9s de l&rsquo;Ardenne, au climat rude, au sol schisteux et pauvre ne donnant que de pr\u00e9caires conditions d&rsquo;existence, a donn\u00e9 naissance \u00e0 la sous-race Ardennaise-Belge. Enfin une partie de cette population rest\u00e9e sur place a fourni la sous-race Condrozienne, interm\u00e9diaire entre les deux pr\u00e9c\u00e9dentes. C&rsquo;est l&rsquo;ensemble de ces vari\u00e9t\u00e9s qui peuplait le Nord de la France et la Belgique et dont une branche a fourni le Cheval de trait du Nord. Quelques heureux croisements avec le Boulonnais ont transpos\u00e9 chez celui-ci de la masse, de l&rsquo;os et accru chez le Cheval de Trait du Nord l&rsquo;influx nerveux et la distinction. Cependant pour arriver \u00e0 un tel r\u00e9sultat les \u00e9leveurs du Nord ont du faire preuve de beaucoup d&rsquo;opini\u00e2tret\u00e9.<\/p>\n\n\n\n<p class=\"has-bright-blue-color has-text-color\"><strong>La pers\u00e9v\u00e9rance, secret de la r\u00e9ussite :<\/strong><\/p>\n\n\n\n<p>Par leurs propres moyens, sans encouragements ni aide de l&rsquo;administration des haras, les \u00e9leveurs du Nord, sous la direction d&rsquo;hommes comp\u00e9tents ont s\u00e9lectionn\u00e9 et fix\u00e9 une merveilleuse race de gros trait r\u00e9pondant aux besoins de la culture de notre r\u00e9gion. Pourtant la cause \u00e9tait loin d&rsquo;\u00eatre gagn\u00e9e. Rappelons les faits. <\/p>\n\n\n\n<p>Dans ces r\u00e9gions, \u00e0 savoir le Brabant, l&rsquo;Ardenne et le Condroz, l&rsquo;introduction d&rsquo;\u00e9talons \u00e9trangers l\u00e9gers, haut mont\u00e9s et \u00e9troits de poitrine : Hoslteinois, Napolitains et Danois ou Orientaux, a eu une r\u00e9percussion n\u00e9faste sur l&rsquo;\u00e9levage chevalin, et l&rsquo;\u00e9volution de la race chevaline belge fut arr\u00eat\u00e9e et, comme l&rsquo;a dit le professeur Leyder, \u00ab menac\u00e9e d&rsquo;un \u00e9tat de stagnation fatale \u00bb.<\/p>\n\n\n\n<p>D\u00e8s 1864, les \u00e9leveurs belges ont r\u00e9agi vigoureusement contre ce n\u00e9faste \u00e9tat de choses. Il n&rsquo;en fut pas de m\u00eame pour le Nord de la France, o\u00f9 les Officiers de remonte et des Haras avaient un pouvoir absolu sur notre production chevaline. Ceux-ci, suivant leurs inclinations personnelles d&rsquo;ailleurs, d\u00e9nu\u00e9es de toute logique, pr\u00e9f\u00e9raient les Chevaux l\u00e9gers, aux lignes \u00e9l\u00e9gantes. Cela leur \u00e9tait d&rsquo;autant plus facile que le jury \u00e9tait ainsi compos\u00e9 : le directeur de d\u00e9p\u00f4t d&rsquo;\u00c9talons de Compi\u00e8gne ou son d\u00e9l\u00e9gu\u00e9, dont la voix \u00e9tait pr\u00e9pond\u00e9rante, un officier de remonte, le Directeur d\u00e9partemental des services v\u00e9t\u00e9rinaires et un membre civil. Les 2 premiers avaient donc toujours la majorit\u00e9. Ainsi pour une subvention de 2.000 fr, alors que celle vot\u00e9e annuellement par le Conseil g\u00e9n\u00e9ral du Nord d\u00e9passait 10 000 fr, l&rsquo;Administration des Haras agissait contre l&rsquo;int\u00e9r\u00eat g\u00e9n\u00e9ral. En 1902, le\u00a0Conseil\u00a0g\u00e9n\u00e9ral augmenta la subvention d&rsquo;une somme \u00e9gale \u00e0 celle de la subvention minist\u00e9rielle, avec pri\u00e8re, pour celle-ci, de la reporter sur les Chevaux de demi-sang, et d\u00e9cida que les jurys seraient uniquement form\u00e9s avec les commissions hippiques et agricoles de chaque arrondissement. Les Officiers de remonte et des haras \u00e9taient donc exclus. C&rsquo;est \u00e0 partir de cette date que l&rsquo;\u00e9levage chevalin allait pouvoir se pratiquer librement suivant le but et le d\u00e9sir des \u00c9leveurs. Ceux-ci ayant bien tous les m\u00eames id\u00e9es, mais isol\u00e9es, n&rsquo;avaient aucune force agissante. C&rsquo;est alors que M. <strong>Monsarrat<\/strong> prit en Mai 1902 la direction des Services v\u00e9t\u00e9rinaires du Nord. Il intervint aupr\u00e8s de la Soci\u00e9t\u00e9 des agriculteurs du Nord et, le 5 Ao\u00fbt 1903, en accord avec M. Emile Davaine, devenu par la suite s\u00e9nateur, pr\u00e9senta le projet de cr\u00e9ation d&rsquo;un Stud-Book du Cheval de gros trait du Nord, qui fut accept\u00e9 et auquel de nombreux \u00c9leveurs adh\u00e9r\u00e8rent. Ainsi l&rsquo;\u00e9levage du Cheval de trait du Nord \u00e9tait dans une excellente voie, et les incessants efforts des dirigeants du Stud-Book lui pr\u00e9paraient un avenir certain. On sentait encore que l&rsquo;Administration des Haras \u00e9tait hostile \u00e0 la reconnaissance de la race de Trait du Nord et, en 1910, au Concours central, elle la rangea avec la race Ardennaise avec la mention type du Nord et ayant plus de 1 m. 60. Or, le Cheval du trait du Nord avait une taille standard oscillant autour de 1 m. 60 en plus ou en moins. Ce n&rsquo;est qu&rsquo;en 1913 que la race fut reconnue officiellement et constitua au Concours central un groupe distinct. L&rsquo;essor de cette race fut entrav\u00e9 par la guerre, et l&rsquo;invasion de toutes ces r\u00e9gions d&rsquo;\u00e9levage mit fin aux esp\u00e9rances qui r\u00e9pondaient enfin aux incessants efforts du Stud-Book. Quelques reproducteurs inscrits avant 1914 ayant \u00e9t\u00e9 \u00e9vacu\u00e9s avant l&rsquo;invasion permirent, d\u00e8s 1919, l&rsquo;ouverture d&rsquo;un nouveau livre g\u00e9n\u00e9alogique. Les r\u00e9cup\u00e9rations effectu\u00e9es en pays rh\u00e9nans en particulier en augment\u00e8rent encore les effectifs, et les achats d&rsquo;Etalons en Belgique firent que, en 1923, 1739 sujets \u00e9taient inscrits, dont 325 \u00c9talons, 1.260 Juments et 154 produits. Les concours r\u00e9gionaux se multipli\u00e8rent, et l&rsquo;\u00e9levage devint florissant.<\/p>\n\n\n\n<p>L&rsquo;obtention du Cheval de trait du Nord et surtout sa reconnaissance officielle est donc un bel exemple de solidarit\u00e9 et de coop\u00e9ration. Ce n&rsquo;est qu&rsquo;\u00e0 la suite de luttes et d&rsquo;efforts pers\u00e9v\u00e9rants que les \u00e9leveurs sous l&rsquo;\u00e9gide de la \u00ab\u00a0Soci\u00e9t\u00e9 des Agriculteurs du Nord\u00a0\u00bb avec l&rsquo;aide des Pr\u00e9sidents successifs de cette Soci\u00e9t\u00e9 : Emile Davaine, S\u00e9nateur et Ernest Macarez, D\u00e9put\u00e9, parvinrent \u00e0 pr\u00e9senter leur race dans les Concours, m\u00eame apr\u00e8s la cr\u00e9ation du Stud-Book, sous le nom de race de Trait du Nord.<\/p>\n\n\n\n<p class=\"has-bright-red-color has-text-color has-medium-font-size\"><strong>Perfections g\u00e9n\u00e9rales et Aptitudes<\/strong><\/p>\n\n\n<div class=\"wp-block-image\">\n<figure class=\"aligncenter size-full is-resized\"><img data-recalc-dims=\"1\" loading=\"lazy\" decoding=\"async\" data-attachment-id=\"19107\" data-permalink=\"https:\/\/patrimoine-avesnois.fr\/chemin\/le-trait-du-nord-un-patrimoine-vivant-a-preserver\/capture-11-13\/\" data-orig-file=\"https:\/\/i0.wp.com\/patrimoine-avesnois.fr\/chemin\/wp-content\/uploads\/2023\/07\/Capture-11.jpg?fit=818%2C496&amp;ssl=1\" data-orig-size=\"818,496\" data-comments-opened=\"1\" data-image-meta=\"{&quot;aperture&quot;:&quot;0&quot;,&quot;credit&quot;:&quot;CARRE&quot;,&quot;camera&quot;:&quot;&quot;,&quot;caption&quot;:&quot;&quot;,&quot;created_timestamp&quot;:&quot;1689794209&quot;,&quot;copyright&quot;:&quot;&quot;,&quot;focal_length&quot;:&quot;0&quot;,&quot;iso&quot;:&quot;0&quot;,&quot;shutter_speed&quot;:&quot;0&quot;,&quot;title&quot;:&quot;&quot;,&quot;orientation&quot;:&quot;0&quot;}\" data-image-title=\"Capture-11\" data-image-description=\"\" data-image-caption=\"\" data-large-file=\"https:\/\/i0.wp.com\/patrimoine-avesnois.fr\/chemin\/wp-content\/uploads\/2023\/07\/Capture-11.jpg?fit=818%2C496&amp;ssl=1\" src=\"https:\/\/i0.wp.com\/patrimoine-avesnois.fr\/chemin\/wp-content\/uploads\/2023\/07\/Capture-11.jpg?resize=600%2C363&#038;ssl=1\" alt=\"\" class=\"wp-image-19107\" width=\"600\" height=\"363\" srcset=\"https:\/\/i0.wp.com\/patrimoine-avesnois.fr\/chemin\/wp-content\/uploads\/2023\/07\/Capture-11.jpg?w=818&amp;ssl=1 818w, https:\/\/i0.wp.com\/patrimoine-avesnois.fr\/chemin\/wp-content\/uploads\/2023\/07\/Capture-11.jpg?resize=300%2C182&amp;ssl=1 300w, https:\/\/i0.wp.com\/patrimoine-avesnois.fr\/chemin\/wp-content\/uploads\/2023\/07\/Capture-11.jpg?resize=768%2C466&amp;ssl=1 768w\" sizes=\"auto, (max-width: 600px) 85vw, 600px\" \/><figcaption class=\"wp-element-caption\">Beaux sp\u00e9cimens de la race<\/figcaption><\/figure>\n<\/div>\n\n\n<p class=\"has-bright-blue-color has-text-color\"><strong>Aspect g\u00e9n\u00e9ral parfait :<\/strong><\/p>\n\n\n\n<p>Le Cheval de trait du Nord, trapu, massif, est form\u00e9 par des masses musculaires tr\u00e8s d\u00e9velopp\u00e9es port\u00e9es par un squelette puissant. <\/p>\n\n\n\n<p>T\u00eate : petite, quelquefois un peu forte, mais toujours expressive, \u00e9nergique et bien attach\u00e9e ; Front : plat ; \u0152il : un peu petit, vif, abrit\u00e9 dans des arcades orbitaires saillantes ; Chanfrein : droit, parfois l\u00e9g\u00e8rement d\u00e9prim\u00e9 ; L\u00e8vres : bien appliqu\u00e9es l&rsquo;une contre l&rsquo;autre ; Ganaches : s\u00e8ches et nettes ;. Oreilles : courtes, bien port\u00e9es, tr\u00e8s mobiles; <\/p>\n\n\n\n<p>Encolure : courte, puissante, garnie de crins assez fins et abondants ; Garrot : appara\u00eet un , peu bas, car g\u00e9n\u00e9ralement fondu dans les masses musculaires voisines ; Dos : court et droit; Rein : court et large ; Croupe : large, puissamment muscl\u00e9e, d&rsquo;obliquit\u00e9 moyenne ; Queue : bien implant\u00e9e pourvue de crins assez fins ; Poitrine : profonde, bien descendue, avec passage de sangle irr\u00e9prochable; Poitrail : large, avec des pectoraux d\u00e9velopp\u00e9s au maximum; Flanc : court, bien harmonis\u00e9 avec les r\u00e9gions qu&rsquo;il relie.<\/p>\n\n\n\n<p>Membres : tr\u00e8s muscl\u00e9s ; Articulations : nettes, s\u00e8ches, bien d\u00e9velopp\u00e9es dans tous leurs diam\u00e8tres; Canons : courts, tr\u00e8s gros ; Tendons : nets et secs, d\u00e9pourvus de fanons ou garnis de fanons peu d\u00e9velopp\u00e9s ; Paturons : larges et courts ; Pieds : bien conform\u00e9s ; Talons : hauts ; Fourchette : large et \u00e9paisse ; Sole : bien excav\u00e9e ; Cornes : tr\u00e8s r\u00e9sistantes.<\/p>\n\n\n\n<p>Robe : baie, alezane, aub\u00e8re ou rouanne. Les robes grise ou noire se font de plus en plus rares.<\/p>\n\n\n\n<p>Allures : bien \u00e9quilibr\u00e9es au pas et au trot, fournissent des foul\u00e9es tout \u00e0 fait remarquables. Taille : oscille autour de 1 m.\u00a065\u00a0pour les \u00c9talons et de 1 m. 60 pour les Juments. Le poids varie de 800 \u00e0 1.000 kg., quelquefois plus.<\/p>\n\n\n\n<p class=\"has-bright-blue-color has-text-color\"><strong>Aptitudes remarquables : <\/strong><\/p>\n\n\n\n<p>Comme son standard l&rsquo;indique la conformation du Cheval de trait du Nord est identique \u00e0 celle du Cheval de Trait Belge. Cela tient, d&rsquo;une part, aux m\u00eames origines qu&rsquo;ils ont l&rsquo;un et l&rsquo;autre et, d&rsquo;autre part, \u00e0 la m\u00eame nature et fertilit\u00e9 du sol sur lequel ils sont \u00e9lev\u00e9s. De plus, les nombreux \u00e9changes d&rsquo;\u00c9talons et de produits de ces deux races entre la Belgique et le Nord de la France en accusent l&rsquo;\u00e9troite parent\u00e9. Toutefois, l&rsquo;allaitement maternel plus prolong\u00e9, compl\u00e9t\u00e9 souvent avec du lait de vache, l&rsquo;avoine qu&rsquo;il re\u00e7oit en abondance, en font un animal robuste, rustique, \u00e9nergique et poss\u00e9dant un influx nerveux sup\u00e9rieur \u00e0 celui du Cheval Belge. A 18 mois, son d\u00e9veloppement physique est tr\u00e8s avanc\u00e9, et il commence \u00e0 travailler quelques heures par jour attel\u00e9 en compagnie de chevaux adultes. Son rendement augmente rapidement et, lorsqu&rsquo;il est en \u00e2ge d&rsquo;\u00eatre vendu, il a d\u00e9j\u00e0 pay\u00e9 presque en totalit\u00e9 son \u00e9levage. Doux, maniable, courageux et dur \u00e0 la fatigue, c&rsquo;est un, admirable moteur de trait lent qui, au pas, est capable d\u00e9 tirer les charges les plus lourdes. Il convient parfaitement dans toutes les r\u00e9gions de grosse culture, o\u00f9, \u00e0 l&rsquo;Automne, les charrois de betteraves n\u00e9cessitent des animaux puissamment, muscl\u00e9s. C&rsquo;est le cas pour la r\u00e9gion du Nord de la France, o\u00f9 l&rsquo;on peut voir notamment deux chevaux arracher litt\u00e9ralement de lourds chariots de betteraves et les mener jusqu&rsquo;\u00e0 la gare, souvent sur des routes, pav\u00e9es tr\u00e8s dures. En r\u00e9sum\u00e9, c&rsquo;est le moteur id\u00e9al, pour les contr\u00e9es o\u00f9 la nature du sol exige pour son travail une traction puissante.<\/p>\n\n\n\n<p class=\"has-bright-blue-color has-text-color\"><strong>Les premiers effectifs inscrits. <\/strong><\/p>\n\n\n\n<p>Avant la guerre seul le d\u00e9partement du Nord \u00e9tait soumis au Stud-Book, et 280 \u00c9talons, 1101 Juments et 482 produits \u00e9taient inscrits. En 1924, apr\u00e8s la r\u00e9ouverture du Livre g\u00e9n\u00e9alogique et les efforts incessants de reconstitution, 251 \u00c9talons, 1640 Juments et 92 produits y figuraient et se r\u00e9partissaient ainsi : d\u00e9partement du Nord, 183 \u00c9talons et 905 Juments; autres d\u00e9partements : 68 \u00c9talons et 135 Juments. En 1929, on compte 122 \u00c9talons, 4468 Juments et 1342 produits.<\/p>\n\n\n\n<p class=\"has-bright-blue-color has-text-color\"><strong>Sujets d&rsquo;\u00e9lite des ann\u00e9es 1930. <\/strong><\/p>\n\n\n\n<p>Les nombreux concours ont mis en valeur quelques sujets remarquables, dont un des plus anciens est Beau-Type, \u00e0 MM. Emile Davaine, et Pierre-Debuchy, et qui fut l&rsquo;origine de toute une lign\u00e9e d&rsquo;excellents Chevaux : Socrate et Ay Garibaldi, \u00e0 M. Leleu Cr\u00e9pin; Labori, \u00e0 M. Henri Deghilage; Prima, \u00e0 M.Gustave Bruniaux; P\u00e8re-la-Victoire et son fils, Bel-Ami, \u00e0 M. E.et G. Macarez; Bel-Ami, \u00e0 peine \u00e2g\u00e9 de 2 ans, mesurait d\u00e9j\u00e0 30 cm de tour de canon, preuve d&rsquo;un squelette puissant; Conqu\u00e9rant, fr\u00e8re du fameux champion belge Albion d&rsquo;Hor, \u00e0 M. Gabet.<\/p>\n\n\n\n<p class=\"has-bright-red-color has-text-color has-medium-font-size\"><strong>En danger d&rsquo;extinction<\/strong><\/p>\n\n\n<div class=\"wp-block-image\">\n<figure class=\"aligncenter size-full is-resized\"><img data-recalc-dims=\"1\" loading=\"lazy\" decoding=\"async\" data-attachment-id=\"19105\" data-permalink=\"https:\/\/patrimoine-avesnois.fr\/chemin\/le-trait-du-nord-un-patrimoine-vivant-a-preserver\/capture-9-11\/\" data-orig-file=\"https:\/\/i0.wp.com\/patrimoine-avesnois.fr\/chemin\/wp-content\/uploads\/2023\/07\/Capture-9.jpg?fit=595%2C533&amp;ssl=1\" data-orig-size=\"595,533\" data-comments-opened=\"1\" data-image-meta=\"{&quot;aperture&quot;:&quot;0&quot;,&quot;credit&quot;:&quot;CARRE&quot;,&quot;camera&quot;:&quot;&quot;,&quot;caption&quot;:&quot;&quot;,&quot;created_timestamp&quot;:&quot;1689792259&quot;,&quot;copyright&quot;:&quot;&quot;,&quot;focal_length&quot;:&quot;0&quot;,&quot;iso&quot;:&quot;0&quot;,&quot;shutter_speed&quot;:&quot;0&quot;,&quot;title&quot;:&quot;&quot;,&quot;orientation&quot;:&quot;0&quot;}\" data-image-title=\"Capture-9\" data-image-description=\"\" data-image-caption=\"\" data-large-file=\"https:\/\/i0.wp.com\/patrimoine-avesnois.fr\/chemin\/wp-content\/uploads\/2023\/07\/Capture-9.jpg?fit=595%2C533&amp;ssl=1\" src=\"https:\/\/i0.wp.com\/patrimoine-avesnois.fr\/chemin\/wp-content\/uploads\/2023\/07\/Capture-9.jpg?resize=405%2C363&#038;ssl=1\" alt=\"\" class=\"wp-image-19105\" width=\"405\" height=\"363\" srcset=\"https:\/\/i0.wp.com\/patrimoine-avesnois.fr\/chemin\/wp-content\/uploads\/2023\/07\/Capture-9.jpg?w=595&amp;ssl=1 595w, https:\/\/i0.wp.com\/patrimoine-avesnois.fr\/chemin\/wp-content\/uploads\/2023\/07\/Capture-9.jpg?resize=300%2C269&amp;ssl=1 300w\" sizes=\"auto, (max-width: 405px) 85vw, 405px\" \/><\/figure>\n<\/div>\n\n\n<p class=\"has-bright-blue-color has-text-color\"><strong>Evolution de l&rsquo;usage du cheval \u00ab\u00a0lourd\u00a0\u00bb<\/strong><\/p>\n\n\n\n<p>Malheureusement, l&rsquo;arriv\u00e9e au sommet de cet \u00e9levage co\u00efncide avec la pouss\u00e9e de la m\u00e9canisation et de la motorisation agricoles. De 1938 \u00e0 1968, les statistiques officielles montrent qu&rsquo;en France 1942 milliers de chevaux de tous \u00e2ges ont disparu, dont 1599 milliers de chevaux adultes (de trois ans et plus, poulini\u00e8res comprises). Au cours de cette p\u00e9riode, l&rsquo;effectif des chevaux s&rsquo;est donc r\u00e9duit au tiers de l&rsquo;effectif initial, cependant que le parc de tracteurs s&rsquo;est multipli\u00e9 par 35 \u00e0 36 : en moyenne 30 tracteurs ont \u00e9t\u00e9 substitu\u00e9s \u00e0 45 chevaux.<\/p>\n\n\n\n<p>Afin d&rsquo;acheter des tracteurs et du mat\u00e9riel m\u00e9canique, les sujets d&rsquo;\u00e9levage<br>sauv\u00e9s ont \u00e9t\u00e9 vendus pour la boucherie. On a non seulement vendu des g\u00e9niteurs, mais des poulains et des pouliches au lieu de les s\u00e9lectionner, de les soigner, de les \u00e9lever. Probablement, faut-il trouver l\u00e0 l&rsquo;une des causes de l&rsquo;insuffisance num\u00e9rique actuelle d&rsquo;\u00e9talons.<\/p>\n\n\n\n<p class=\"has-bright-blue-color has-text-color\"><strong>Plan de sauvegarde Urgence<\/strong><\/p>\n\n\n\n<p>L&rsquo;hippophagie\u00a0permet \u00e0 ce cheval de subsister dans les\u00a0ann\u00e9es 1970, avant le renouveau de l&rsquo;attelage de loisir et de travail. Les associations d&rsquo;\u00e9leveurs et d&rsquo;utilisateurs de ce cheval, comme le syndicat d&rsquo;\u00e9levage du cheval trait du Nord, organisent en effet sa reconversion dans l&rsquo;\u00e9quitation de travail telle que le\u00a0d\u00e9bardage, et dans les\u00a0loisirs \u00e9questres\u00a0tels que l&rsquo;attelage. N\u00e9anmoins ce cheval embl\u00e9matique de la r\u00e9gion\u00a0poss\u00e8de l&rsquo;un des plus faibles effectifs parmi les neuf races de chevaux de trait fran\u00e7ais. Un plan de sauvegarde entre la r\u00e9gion et le syndicat de la race a vu le jour en\u00a02010\u00a0; il a permis d&rsquo;augmenter le nombre de naissances pour 2014. Cependant en\u00a02018, on compte 7 \u00e9talons trait du Nord en activit\u00e9, contre 13 en 2013 et 17 en\u00a02007. Ce faible nombre d&rsquo;\u00e9talons reproducteurs expose dangereusement la race \u00e0 une\u00a0consanguinit\u00e9\u00a0qui ne cesse d&rsquo;augmenter. Toujours en 2018, 112 juments trait du Nord ont \u00e9t\u00e9 saillies contre 171 en 2013  et 204 en 2012. On d\u00e9nombre 70 naissances en 2022, 76 immatriculations enregistr\u00e9es en 2017 (87 en 2016). Le nombre d&rsquo;\u00e9leveurs de trait du Nord est pass\u00e9 de 150\u00a0\u00e0 125 en\u00a02002, puis \u00e0 92 en\u00a02007\u00a0, 87 en\u00a02013 et 66 en 2023.<\/p>\n\n\n\n<p>En 2023, le Trait du Nord reste consid\u00e9r\u00e9 par l&rsquo;Institut national de recherche pour l&rsquo;agriculture, l&rsquo;alimentation et l&rsquo;environnement&nbsp;(INRAE) comme une race chevaline fran\u00e7aise menac\u00e9e d&rsquo;extinction. Puisse Le syndicat d&rsquo;\u00e9levage du Cheval Trait du Nord&nbsp;sauvegarder ce cheval embl\u00e9matique de notre r\u00e9gion.<\/p>\n\n\n\n<p><strong>Sources :<\/strong><\/p>\n\n\n\n<p>La Vie \u00e0 la campagne : travaux, produits, plaisirs Revue pratique publi\u00e9e sous la direction de M Maumen\u00e9 Num\u00e9ro exceptionnel <a href=\"https:\/\/gallica.bnf.fr\/ark:\/12148\/bpt6k5654195w\/f17.item.r=cheval%20trait%20du%20nord%20monsarrat\" data-type=\"URL\" data-id=\"https:\/\/gallica.bnf.fr\/ark:\/12148\/bpt6k5654195w\/f17.item.r=cheval%20trait%20du%20nord%20monsarrat\" target=\"_blank\" rel=\"noreferrer noopener\">15\/10\/1930<\/a> Volume LXV<\/p>\n\n\n\n<p>L&rsquo;\u00e9levage du \u00abcheval lourd\u00bb dans la r\u00e9gion Nord-Pas-de-Calais, son \u00e9volution G. Moine Hommes et Terres du Nord&nbsp;&nbsp;Ann\u00e9e 1976 Collection <a href=\"https:\/\/www.persee.fr\/doc\/htn_0018-439x_1976_num_2_1_1528\" data-type=\"URL\" data-id=\"https:\/\/www.persee.fr\/doc\/htn_0018-439x_1976_num_2_1_1528\" target=\"_blank\" rel=\"noreferrer noopener\">Pers\u00e9e<\/a><\/p>\n\n\n\n<p>Trait du Nord <a href=\"https:\/\/fr.wikipedia.org\/wiki\/Trait_du_Nord\" data-type=\"URL\" data-id=\"https:\/\/fr.wikipedia.org\/wiki\/Trait_du_Nord\" target=\"_blank\" rel=\"noreferrer noopener\">Wikipedia<\/a><\/p>\n\n\n\n<p>Trait du Nord <a href=\"https:\/\/www.trait-du-nord.com\/\" data-type=\"URL\" data-id=\"https:\/\/www.trait-du-nord.com\/\" target=\"_blank\" rel=\"noreferrer noopener\">Association<\/a><\/p>\n\n\n\n<p>Trait du Nord \u00e9quip\u00e9dia <a href=\"https:\/\/equipedia.ifce.fr\/elevage-et-entretien\/race-et-robe\/races-dequides-et-stud-book\/trait-du-nord\" data-type=\"URL\" data-id=\"https:\/\/equipedia.ifce.fr\/elevage-et-entretien\/race-et-robe\/races-dequides-et-stud-book\/trait-du-nord\" target=\"_blank\" rel=\"noreferrer noopener\">IFCE<\/a><\/p>\n\n\n\n<p>Annuaire des \u00e9talons Trait du Nord 2023 &#8211;<a href=\"https:\/\/www.enrx.fr\/wp-content\/uploads\/2023\/02\/Annaire-des-etalons-Trait-du-Nord-2023.pdf\" data-type=\"URL\" data-id=\"https:\/\/www.enrx.fr\/wp-content\/uploads\/2023\/02\/Annaire-des-etalons-Trait-du-Nord-2023.pdf\" target=\"_blank\" rel=\"noreferrer noopener\">31 \u00e8 \u00e9dition<\/a><\/p>\n\n\n\n<p> <\/p>\n","protected":false},"excerpt":{"rendered":"<p>Sans avoir la pr\u00e9tention de faire un historique complet de la question, je voudrais cependant retracer tout d&rsquo;abord, en quelques lignes, l&rsquo;histoire de la race chevaline \u00ab\u00a0Le Trait du Nord\u00a0\u00bb dans ses origines. Apr\u00e8s ce pr\u00e9ambule indispensable, je me propose ensuite de mettre en avant son prestigieux prototype et ses remarquables aptitudes qui font de &hellip; <a href=\"https:\/\/patrimoine-avesnois.fr\/chemin\/le-trait-du-nord-un-patrimoine-vivant-a-preserver\/\" class=\"more-link\">Continuer la lecture<span class=\"screen-reader-text\"> de &laquo;&nbsp;Le Trait du Nord, un patrimoine vivant \u00e0 pr\u00e9server&nbsp;&raquo;<\/span><\/a><\/p>\n","protected":false},"author":2,"featured_media":0,"parent":0,"menu_order":0,"comment_status":"closed","ping_status":"closed","template":"","meta":{"jetpack_post_was_ever_published":false,"footnotes":""},"class_list":["post-19103","page","type-page","status-publish","hentry"],"jetpack_sharing_enabled":true,"jetpack_shortlink":"https:\/\/wp.me\/PaOEkN-4Y7","jetpack-related-posts":[],"_links":{"self":[{"href":"https:\/\/patrimoine-avesnois.fr\/chemin\/wp-json\/wp\/v2\/pages\/19103","targetHints":{"allow":["GET"]}}],"collection":[{"href":"https:\/\/patrimoine-avesnois.fr\/chemin\/wp-json\/wp\/v2\/pages"}],"about":[{"href":"https:\/\/patrimoine-avesnois.fr\/chemin\/wp-json\/wp\/v2\/types\/page"}],"author":[{"embeddable":true,"href":"https:\/\/patrimoine-avesnois.fr\/chemin\/wp-json\/wp\/v2\/users\/2"}],"replies":[{"embeddable":true,"href":"https:\/\/patrimoine-avesnois.fr\/chemin\/wp-json\/wp\/v2\/comments?post=19103"}],"version-history":[{"count":0,"href":"https:\/\/patrimoine-avesnois.fr\/chemin\/wp-json\/wp\/v2\/pages\/19103\/revisions"}],"wp:attachment":[{"href":"https:\/\/patrimoine-avesnois.fr\/chemin\/wp-json\/wp\/v2\/media?parent=19103"}],"curies":[{"name":"wp","href":"https:\/\/api.w.org\/{rel}","templated":true}]}}