{"id":232,"date":"2019-03-25T10:59:35","date_gmt":"2019-03-25T09:59:35","guid":{"rendered":"http:\/\/patrimoine-avesnois.fr\/chemin\/?page_id=232"},"modified":"2021-12-28T20:27:38","modified_gmt":"2021-12-28T19:27:38","slug":"beaudignies","status":"publish","type":"page","link":"https:\/\/patrimoine-avesnois.fr\/chemin\/beaudignies\/","title":{"rendered":"Beaudignies"},"content":{"rendered":"\n<div class=\"wp-block-image\"><figure class=\"aligncenter\"><img data-recalc-dims=\"1\" loading=\"lazy\" decoding=\"async\" width=\"808\" height=\"606\" data-attachment-id=\"233\" data-permalink=\"https:\/\/patrimoine-avesnois.fr\/chemin\/beaudignies\/268_001\/\" data-orig-file=\"https:\/\/i0.wp.com\/patrimoine-avesnois.fr\/chemin\/wp-content\/uploads\/2019\/03\/268_001.jpg?fit=808%2C606&amp;ssl=1\" data-orig-size=\"808,606\" data-comments-opened=\"1\" data-image-meta=\"{&quot;aperture&quot;:&quot;0&quot;,&quot;credit&quot;:&quot;&quot;,&quot;camera&quot;:&quot;&quot;,&quot;caption&quot;:&quot;&quot;,&quot;created_timestamp&quot;:&quot;1553505916&quot;,&quot;copyright&quot;:&quot;&quot;,&quot;focal_length&quot;:&quot;0&quot;,&quot;iso&quot;:&quot;0&quot;,&quot;shutter_speed&quot;:&quot;0&quot;,&quot;title&quot;:&quot;&quot;,&quot;orientation&quot;:&quot;1&quot;}\" data-image-title=\"268_001\" data-image-description=\"\" data-image-caption=\"\" data-large-file=\"https:\/\/i0.wp.com\/patrimoine-avesnois.fr\/chemin\/wp-content\/uploads\/2019\/03\/268_001.jpg?fit=808%2C606&amp;ssl=1\" src=\"https:\/\/i0.wp.com\/patrimoine-avesnois.fr\/chemin\/wp-content\/uploads\/2019\/03\/268_001.jpg?resize=808%2C606\" alt=\"\" class=\"wp-image-233\" srcset=\"https:\/\/i0.wp.com\/patrimoine-avesnois.fr\/chemin\/wp-content\/uploads\/2019\/03\/268_001.jpg?w=808&amp;ssl=1 808w, https:\/\/i0.wp.com\/patrimoine-avesnois.fr\/chemin\/wp-content\/uploads\/2019\/03\/268_001.jpg?resize=300%2C225&amp;ssl=1 300w, https:\/\/i0.wp.com\/patrimoine-avesnois.fr\/chemin\/wp-content\/uploads\/2019\/03\/268_001.jpg?resize=768%2C576&amp;ssl=1 768w\" sizes=\"auto, (max-width: 808px) 85vw, 808px\" \/><figcaption>Vue a\u00e9rienne de Beaudignies<\/figcaption><\/figure><\/div>\n\n\n\n<p>L\u2019abbaye de Maroilles poss\u00e9dait \u00e0 Beaudignies un four banal, une brasserie un moulin, des courtils ainsi que des terres.  Le village \u00e9tait le si\u00e8ge d&rsquo;une seigneurie importante qui appartenait \u00e0 l&rsquo;illustre famille de Carondelet.  <br>En effet propri\u00e9t\u00e9 d\u2019Antoine Gongnies seigneur de Vendegies-au-Bois, gouverneur de Bruxelles et du Quesnoy, dans la seconde moiti\u00e9 du XVIe si\u00e8cle, la seigneurie passa par le mariage de sa fille Michelle de Gongnies avec Ferry de Carondelet \u00e0 la famille de ce dernier qui la conserva pendant plus de deux cents ans.&nbsp;Le dernier seigneur du lieu, Charles de Carondelet de Beaudignies, revenu apr\u00e8s la tourmente r\u00e9volutionnaire, devient maire du Quesnoy sous l\u2019Empire.&nbsp; <\/p>\n\n\n\n<div class=\"wp-block-image\"><figure class=\"aligncenter\"><img data-recalc-dims=\"1\" loading=\"lazy\" decoding=\"async\" width=\"450\" height=\"600\" data-attachment-id=\"234\" data-permalink=\"https:\/\/patrimoine-avesnois.fr\/chemin\/beaudignies\/450px-beaudignies_nord_fr_eglise_vue_semi-laterale\/\" data-orig-file=\"https:\/\/i0.wp.com\/patrimoine-avesnois.fr\/chemin\/wp-content\/uploads\/2019\/03\/450px-Beaudignies_Nord_Fr_%C3%A9glise_vue_semi-lat%C3%A9rale.jpg?fit=450%2C600&amp;ssl=1\" data-orig-size=\"450,600\" data-comments-opened=\"1\" data-image-meta=\"{&quot;aperture&quot;:&quot;0&quot;,&quot;credit&quot;:&quot;&quot;,&quot;camera&quot;:&quot;&quot;,&quot;caption&quot;:&quot;&quot;,&quot;created_timestamp&quot;:&quot;0&quot;,&quot;copyright&quot;:&quot;&quot;,&quot;focal_length&quot;:&quot;0&quot;,&quot;iso&quot;:&quot;0&quot;,&quot;shutter_speed&quot;:&quot;0&quot;,&quot;title&quot;:&quot;&quot;,&quot;orientation&quot;:&quot;0&quot;}\" data-image-title=\"450px-Beaudignies_Nord_Fr_\u00e9glise_vue_semi-lat\u00e9rale\" data-image-description=\"\" data-image-caption=\"\" data-large-file=\"https:\/\/i0.wp.com\/patrimoine-avesnois.fr\/chemin\/wp-content\/uploads\/2019\/03\/450px-Beaudignies_Nord_Fr_%C3%A9glise_vue_semi-lat%C3%A9rale.jpg?fit=450%2C600&amp;ssl=1\" src=\"https:\/\/i0.wp.com\/patrimoine-avesnois.fr\/chemin\/wp-content\/uploads\/2019\/03\/450px-Beaudignies_Nord_Fr_%C3%A9glise_vue_semi-lat%C3%A9rale.jpg?resize=450%2C600\" alt=\"\" class=\"wp-image-234\" srcset=\"https:\/\/i0.wp.com\/patrimoine-avesnois.fr\/chemin\/wp-content\/uploads\/2019\/03\/450px-Beaudignies_Nord_Fr_%C3%A9glise_vue_semi-lat%C3%A9rale.jpg?w=450&amp;ssl=1 450w, https:\/\/i0.wp.com\/patrimoine-avesnois.fr\/chemin\/wp-content\/uploads\/2019\/03\/450px-Beaudignies_Nord_Fr_%C3%A9glise_vue_semi-lat%C3%A9rale.jpg?resize=225%2C300&amp;ssl=1 225w\" sizes=\"auto, (max-width: 450px) 85vw, 450px\" \/><figcaption><a href=\"http:\/\/patrimoine-avesnois.fr\/eglisesfortifiees\/leglise-de-beaudignies\/\" target=\"_blank\" rel=\"noreferrer noopener\">L&rsquo;\u00e9glise de Beaudignies<\/a><\/figcaption><\/figure><\/div>\n\n\n\n<p>Reconstruite en 1825, elle a gard\u00e9 son donjon, flanqu\u00e9 d&rsquo;une tourelle ronde \u00e0 meurtri\u00e8res.<\/p>\n\n\n\n<div class=\"wp-block-image\"><figure class=\"aligncenter\"><img data-recalc-dims=\"1\" height=\"609\" width=\"840\" decoding=\"async\" src=\"https:\/\/i0.wp.com\/oratoiresetchapelles-avesnois.fr\/wp-content\/uploads\/2017\/04\/Capturer-11-1024x743.png?resize=840%2C609\" alt=\"Capturer\"\/><figcaption>7 chapelles et 2 oratoires : voir mon site<a href=\"http:\/\/oratoiresetchapelles-avesnois.fr\/beaudignies\/\" target=\"_blank\" rel=\"noreferrer noopener\"> http:\/\/oratoiresetchapelles-avesnois.fr\/beaudignies\/<\/a><\/figcaption><\/figure><\/div>\n\n\n\n<div class=\"wp-block-image\"><figure class=\"aligncenter\"><img decoding=\"async\" src=\"http:\/\/i1.wp.com\/www.calvaires-avesnois.fr\/wp-content\/uploads\/2016\/09\/IMG_5072.jpg?resize=840%2C630\" alt=\"\"\/><figcaption>Le calvaire de Beaudignies : voir mon site <a href=\"http:\/\/www.calvaires-avesnois.fr\/beaudignies\/\" target=\"_blank\" rel=\"noreferrer noopener\">http:\/\/www.calvaires-avesnois.fr\/beaudignies\/<\/a><\/figcaption><\/figure><\/div>\n\n\n\n<div class=\"wp-block-image\"><figure class=\"aligncenter\"><img decoding=\"async\" src=\"https:\/\/i2.wp.com\/patrimoine-avesnois.fr\/chemin\/wp-content\/uploads\/2019\/03\/800px-Beaudignies_Nord_Fr_monument_aux_morts.jpg?fit=768%2C1024\" alt=\"L\u00e2\u0080\u0099attribut alt de cette image est vide, son nom de fichier est 800px-Beaudignies_Nord_Fr_monument_aux_morts.jpg.\"\/><figcaption>Le Monument aux Morts de Beaudignies : voir le site<a href=\"https:\/\/monumentsmorts.univ-lille.fr\/monument\/77\/beaudignies-presdeleglise\/\" target=\"_blank\" rel=\"noreferrer noopener\"> https:\/\/monumentsmorts.univ-lille.fr\/monument\/77\/beaudignies-presdeleglise\/<\/a><\/figcaption><\/figure><\/div>\n\n\n\n<div class=\"wp-block-image\"><figure class=\"aligncenter\"><img data-recalc-dims=\"1\" loading=\"lazy\" decoding=\"async\" width=\"840\" height=\"631\" data-attachment-id=\"235\" data-permalink=\"https:\/\/patrimoine-avesnois.fr\/chemin\/beaudignies\/beaudignies\/\" data-orig-file=\"https:\/\/i0.wp.com\/patrimoine-avesnois.fr\/chemin\/wp-content\/uploads\/2019\/03\/Beaudignies.jpg?fit=865%2C650&amp;ssl=1\" data-orig-size=\"865,650\" data-comments-opened=\"1\" data-image-meta=\"{&quot;aperture&quot;:&quot;0&quot;,&quot;credit&quot;:&quot;CARRE&quot;,&quot;camera&quot;:&quot;&quot;,&quot;caption&quot;:&quot;&quot;,&quot;created_timestamp&quot;:&quot;1512390926&quot;,&quot;copyright&quot;:&quot;&quot;,&quot;focal_length&quot;:&quot;0&quot;,&quot;iso&quot;:&quot;0&quot;,&quot;shutter_speed&quot;:&quot;0&quot;,&quot;title&quot;:&quot;&quot;,&quot;orientation&quot;:&quot;1&quot;}\" data-image-title=\"Beaudignies\" data-image-description=\"\" data-image-caption=\"\" data-large-file=\"https:\/\/i0.wp.com\/patrimoine-avesnois.fr\/chemin\/wp-content\/uploads\/2019\/03\/Beaudignies.jpg?fit=840%2C631&amp;ssl=1\" src=\"https:\/\/i0.wp.com\/patrimoine-avesnois.fr\/chemin\/wp-content\/uploads\/2019\/03\/Beaudignies.jpg?resize=840%2C631\" alt=\"\" class=\"wp-image-235\" srcset=\"https:\/\/i0.wp.com\/patrimoine-avesnois.fr\/chemin\/wp-content\/uploads\/2019\/03\/Beaudignies.jpg?w=865&amp;ssl=1 865w, https:\/\/i0.wp.com\/patrimoine-avesnois.fr\/chemin\/wp-content\/uploads\/2019\/03\/Beaudignies.jpg?resize=300%2C225&amp;ssl=1 300w, https:\/\/i0.wp.com\/patrimoine-avesnois.fr\/chemin\/wp-content\/uploads\/2019\/03\/Beaudignies.jpg?resize=768%2C577&amp;ssl=1 768w\" sizes=\"auto, (max-width: 709px) 85vw, (max-width: 909px) 67vw, (max-width: 1362px) 62vw, 840px\" \/><figcaption>L&rsquo;ancien moulin de Beaudignies : voir mon site <a href=\"http:\/\/www.moulins-avesnois.fr\/le-ruisseau-saint-georges-et-ses-moulins\/\" target=\"_blank\" rel=\"noreferrer noopener\">http:\/\/www.moulins-avesnois.fr\/le-ruisseau-saint-georges-et-ses-moulins\/<\/a><\/figcaption><\/figure><\/div>\n\n\n\n<div class=\"wp-block-image\"><figure class=\"aligncenter\"><img data-recalc-dims=\"1\" loading=\"lazy\" decoding=\"async\" width=\"654\" height=\"492\" data-attachment-id=\"237\" data-permalink=\"https:\/\/patrimoine-avesnois.fr\/chemin\/beaudignies\/capture1-9\/\" data-orig-file=\"https:\/\/i0.wp.com\/patrimoine-avesnois.fr\/chemin\/wp-content\/uploads\/2019\/03\/Capture1-8.png?fit=654%2C492&amp;ssl=1\" data-orig-size=\"654,492\" data-comments-opened=\"1\" data-image-meta=\"{&quot;aperture&quot;:&quot;0&quot;,&quot;credit&quot;:&quot;&quot;,&quot;camera&quot;:&quot;&quot;,&quot;caption&quot;:&quot;&quot;,&quot;created_timestamp&quot;:&quot;0&quot;,&quot;copyright&quot;:&quot;&quot;,&quot;focal_length&quot;:&quot;0&quot;,&quot;iso&quot;:&quot;0&quot;,&quot;shutter_speed&quot;:&quot;0&quot;,&quot;title&quot;:&quot;&quot;,&quot;orientation&quot;:&quot;0&quot;}\" data-image-title=\"Capture1\" data-image-description=\"\" data-image-caption=\"\" data-large-file=\"https:\/\/i0.wp.com\/patrimoine-avesnois.fr\/chemin\/wp-content\/uploads\/2019\/03\/Capture1-8.png?fit=654%2C492&amp;ssl=1\" src=\"https:\/\/i0.wp.com\/patrimoine-avesnois.fr\/chemin\/wp-content\/uploads\/2019\/03\/Capture1-8.png?resize=654%2C492\" alt=\"\" class=\"wp-image-237\" srcset=\"https:\/\/i0.wp.com\/patrimoine-avesnois.fr\/chemin\/wp-content\/uploads\/2019\/03\/Capture1-8.png?w=654&amp;ssl=1 654w, https:\/\/i0.wp.com\/patrimoine-avesnois.fr\/chemin\/wp-content\/uploads\/2019\/03\/Capture1-8.png?resize=300%2C226&amp;ssl=1 300w\" sizes=\"auto, (max-width: 654px) 85vw, 654px\" \/><figcaption>Ferme fortifi\u00e9e \u00e9lev\u00e9e par l&rsquo;abbaye de Maroilles. Pigeonnier Porche de 1838. <a href=\"https:\/\/www.google.com\/maps\/@50.2175558,3.5741279,3a,60y,285.98h,92.86t\/data=!3m6!1e1!3m4!1slIGPgo8vJQ0Qzi2QvsmL-A!2e0!7i13312!8i6656\" target=\"_blank\" rel=\"noreferrer noopener\">Hameau Pont \u00e0 Pierres<\/a><\/figcaption><\/figure><\/div>\n\n\n\n<p><strong>Le Pass\u00e9 de Beaudignies :<\/strong><\/p>\n\n\n\n<p> L\u2019\u00e9glise fortifi\u00e9e du village et le ch\u00e2teau des seigneurs de Beaudignies, implant\u00e9s d\u00e8s le Moyen-Age, furent soumis \u00e0 diverses reconstructions : l\u2019\u00e9glise, en grande partie reconstruite au XIXe si\u00e8cle, est dot\u00e9e d&rsquo;une tour massive dont le soubassement en gr\u00e8s semble plus ancien ; le ch\u00e2teau, reb\u00e2ti en 1780, pr\u00e9sente un appareillage en brique et pierre et une toiture \u00e0 pans bris\u00e9s. <\/p>\n\n\n\n<div class=\"wp-block-image\"><figure class=\"aligncenter\"><img loading=\"lazy\" decoding=\"async\" width=\"2168\" height=\"1368\" data-attachment-id=\"239\" data-permalink=\"https:\/\/patrimoine-avesnois.fr\/chemin\/beaudignies\/normal\/\" data-orig-file=\"https:\/\/i0.wp.com\/patrimoine-avesnois.fr\/chemin\/wp-content\/uploads\/2019\/03\/normal.jpg?fit=2168%2C1368&amp;ssl=1\" data-orig-size=\"2168,1368\" data-comments-opened=\"1\" data-image-meta=\"{&quot;aperture&quot;:&quot;0&quot;,&quot;credit&quot;:&quot;&quot;,&quot;camera&quot;:&quot;&quot;,&quot;caption&quot;:&quot;&quot;,&quot;created_timestamp&quot;:&quot;0&quot;,&quot;copyright&quot;:&quot;&quot;,&quot;focal_length&quot;:&quot;0&quot;,&quot;iso&quot;:&quot;0&quot;,&quot;shutter_speed&quot;:&quot;0&quot;,&quot;title&quot;:&quot;&quot;,&quot;orientation&quot;:&quot;0&quot;}\" data-image-title=\"normal\" data-image-description=\"\" data-image-caption=\"\" data-large-file=\"https:\/\/i0.wp.com\/patrimoine-avesnois.fr\/chemin\/wp-content\/uploads\/2019\/03\/normal.jpg?fit=840%2C530&amp;ssl=1\" src=\"https:\/\/i2.wp.com\/patrimoine-avesnois.fr\/chemin\/wp-content\/uploads\/2019\/03\/normal.jpg?fit=840%2C530\" alt=\"\" class=\"wp-image-239\" srcset=\"https:\/\/i0.wp.com\/patrimoine-avesnois.fr\/chemin\/wp-content\/uploads\/2019\/03\/normal.jpg?w=2168&amp;ssl=1 2168w, https:\/\/i0.wp.com\/patrimoine-avesnois.fr\/chemin\/wp-content\/uploads\/2019\/03\/normal.jpg?resize=300%2C189&amp;ssl=1 300w, https:\/\/i0.wp.com\/patrimoine-avesnois.fr\/chemin\/wp-content\/uploads\/2019\/03\/normal.jpg?resize=768%2C485&amp;ssl=1 768w, https:\/\/i0.wp.com\/patrimoine-avesnois.fr\/chemin\/wp-content\/uploads\/2019\/03\/normal.jpg?resize=1024%2C646&amp;ssl=1 1024w, https:\/\/i0.wp.com\/patrimoine-avesnois.fr\/chemin\/wp-content\/uploads\/2019\/03\/normal.jpg?resize=1200%2C757&amp;ssl=1 1200w, https:\/\/i0.wp.com\/patrimoine-avesnois.fr\/chemin\/wp-content\/uploads\/2019\/03\/normal.jpg?w=1680 1680w\" sizes=\"auto, (max-width: 709px) 85vw, (max-width: 909px) 67vw, (max-width: 1362px) 62vw, 840px\" \/><\/figure><\/div>\n\n\n\n<p>Le village fut le si\u00e8ge au cours du XIXe si\u00e8cle d&rsquo;une industrie diversifi\u00e9e : sept carri\u00e8res de gr\u00e8s et de silex, cinq moulins \u00e0 eau, trois brasseries (Auguste Boez 1890 1902- Caffiau 1902 1914-Crampon 1890-1910 devenue la brasserie du Marais rue de Solesmes 1910 1939), une fabrique de broches pour filature, des fours \u00e0 chaux et une sucrerie cr\u00e9\u00e9e le 13 mars 1882 et dissoute le 1er mars 1909. <a href=\"http:\/\/www.culture.fr\/collections\/resultats?keywords=beaudignies&amp;sel_search_mode=tous_les_termes&amp;sel_filter_ortho=sel_filter_ortho&amp;sel_filter_syn=sel_filter_syn&amp;filter_date_debut=&amp;filter_date_fin=&amp;filter_date_fixe=&amp;bases%5B%5D=arcade&amp;bases%5B%5D=branly&amp;bases%5B%5D=enluminures&amp;bases%5B%5D=histoire_image&amp;bases%5B%5D=louvre_atlas&amp;bases%5B%5D=merimee&amp;bases%5B%5D=mnr&amp;bases%5B%5D=portethno&amp;bases%5B%5D=rmn&amp;bases%5B%5D=ulysse&amp;bases%5B%5D=phocem&amp;bases%5B%5D=gallica&amp;bases%5B%5D=ad_somme&amp;bases%5B%5D=roc_aux_sorciers&amp;bases%5B%5D=o\">Base<\/a><a href=\"http:\/\/www2.culture.gouv.fr\/public\/mistral\/mersri_fr?ACTION=CHERCHER&amp;FIELD_1=REF&amp;VALUE_1=IA59002867\" target=\"_blank\" rel=\"noreferrer noopener\"> M\u00e9rim\u00e9e<\/a><\/p>\n\n\n\n<p class=\"has-text-align-center has-medium-font-size\"><strong>***<\/strong><\/p>\n\n\n\n<div class=\"wp-block-image\"><figure class=\"aligncenter\"><img data-recalc-dims=\"1\" loading=\"lazy\" decoding=\"async\" width=\"840\" height=\"569\" data-attachment-id=\"240\" data-permalink=\"https:\/\/patrimoine-avesnois.fr\/chemin\/beaudignies\/beaudignies-1\/\" data-orig-file=\"https:\/\/i0.wp.com\/patrimoine-avesnois.fr\/chemin\/wp-content\/uploads\/2019\/03\/beaudignies-1.jpg?fit=960%2C650&amp;ssl=1\" data-orig-size=\"960,650\" data-comments-opened=\"1\" data-image-meta=\"{&quot;aperture&quot;:&quot;0&quot;,&quot;credit&quot;:&quot;&quot;,&quot;camera&quot;:&quot;&quot;,&quot;caption&quot;:&quot;&quot;,&quot;created_timestamp&quot;:&quot;0&quot;,&quot;copyright&quot;:&quot;&quot;,&quot;focal_length&quot;:&quot;0&quot;,&quot;iso&quot;:&quot;0&quot;,&quot;shutter_speed&quot;:&quot;0&quot;,&quot;title&quot;:&quot;&quot;,&quot;orientation&quot;:&quot;0&quot;}\" data-image-title=\"beaudignies (1)\" data-image-description=\"\" data-image-caption=\"\" data-large-file=\"https:\/\/i0.wp.com\/patrimoine-avesnois.fr\/chemin\/wp-content\/uploads\/2019\/03\/beaudignies-1.jpg?fit=840%2C569&amp;ssl=1\" src=\"https:\/\/i0.wp.com\/patrimoine-avesnois.fr\/chemin\/wp-content\/uploads\/2019\/03\/beaudignies-1.jpg?resize=840%2C569\" alt=\"\" class=\"wp-image-240\" srcset=\"https:\/\/i0.wp.com\/patrimoine-avesnois.fr\/chemin\/wp-content\/uploads\/2019\/03\/beaudignies-1.jpg?w=960&amp;ssl=1 960w, https:\/\/i0.wp.com\/patrimoine-avesnois.fr\/chemin\/wp-content\/uploads\/2019\/03\/beaudignies-1.jpg?resize=300%2C203&amp;ssl=1 300w, https:\/\/i0.wp.com\/patrimoine-avesnois.fr\/chemin\/wp-content\/uploads\/2019\/03\/beaudignies-1.jpg?resize=768%2C520&amp;ssl=1 768w\" sizes=\"auto, (max-width: 709px) 85vw, (max-width: 909px) 67vw, (max-width: 1362px) 62vw, 840px\" \/><figcaption>Les Vergers de Beaudignies de Mr et Mme Lecerf : 15 rue du Quesnoy. Voir les sites <a href=\"http:\/\/lesvergersdebeaudignies.com\/les-vergers.html\" target=\"_blank\" rel=\"noreferrer noopener\">http:\/\/lesvergersdebeaudignies.com\/les-vergers.html <\/a><br><br><a href=\"http:\/\/www.tourisme-avesnois.com\/sejourner\/gastronomie\/produits-du-terroir\/482115-les-vergers-de-beaudignies\" target=\"_blank\" rel=\"noreferrer noopener\">http:\/\/www.tourisme-avesnois.com\/sejourner\/gastronomie\/produits-du-terroir\/482115-les-vergers-de-beaudignies<\/a><\/figcaption><\/figure><\/div>\n\n\n\n<p><\/p>\n","protected":false},"excerpt":{"rendered":"<p>L\u2019abbaye de Maroilles poss\u00e9dait \u00e0 Beaudignies un four banal, une brasserie un moulin, des courtils ainsi que des terres. Le village \u00e9tait le si\u00e8ge d&rsquo;une seigneurie importante qui appartenait \u00e0 l&rsquo;illustre famille de Carondelet. En effet propri\u00e9t\u00e9 d\u2019Antoine Gongnies seigneur de Vendegies-au-Bois, gouverneur de Bruxelles et du Quesnoy, dans la seconde moiti\u00e9 du XVIe si\u00e8cle, &hellip; <a href=\"https:\/\/patrimoine-avesnois.fr\/chemin\/beaudignies\/\" class=\"more-link\">Continuer la lecture<span class=\"screen-reader-text\"> de &laquo;&nbsp;Beaudignies&nbsp;&raquo;<\/span><\/a><\/p>\n","protected":false},"author":2,"featured_media":0,"parent":0,"menu_order":0,"comment_status":"closed","ping_status":"closed","template":"","meta":{"jetpack_post_was_ever_published":false,"footnotes":""},"class_list":["post-232","page","type-page","status-publish","hentry"],"jetpack_sharing_enabled":true,"jetpack_shortlink":"https:\/\/wp.me\/PaOEkN-3K","jetpack-related-posts":[],"_links":{"self":[{"href":"https:\/\/patrimoine-avesnois.fr\/chemin\/wp-json\/wp\/v2\/pages\/232","targetHints":{"allow":["GET"]}}],"collection":[{"href":"https:\/\/patrimoine-avesnois.fr\/chemin\/wp-json\/wp\/v2\/pages"}],"about":[{"href":"https:\/\/patrimoine-avesnois.fr\/chemin\/wp-json\/wp\/v2\/types\/page"}],"author":[{"embeddable":true,"href":"https:\/\/patrimoine-avesnois.fr\/chemin\/wp-json\/wp\/v2\/users\/2"}],"replies":[{"embeddable":true,"href":"https:\/\/patrimoine-avesnois.fr\/chemin\/wp-json\/wp\/v2\/comments?post=232"}],"version-history":[{"count":0,"href":"https:\/\/patrimoine-avesnois.fr\/chemin\/wp-json\/wp\/v2\/pages\/232\/revisions"}],"wp:attachment":[{"href":"https:\/\/patrimoine-avesnois.fr\/chemin\/wp-json\/wp\/v2\/media?parent=232"}],"curies":[{"name":"wp","href":"https:\/\/api.w.org\/{rel}","templated":true}]}}