{"id":2648,"date":"2019-05-02T12:40:29","date_gmt":"2019-05-02T10:40:29","guid":{"rendered":"http:\/\/patrimoine-avesnois.fr\/chemin\/?page_id=2648"},"modified":"2019-05-02T13:26:35","modified_gmt":"2019-05-02T11:26:35","slug":"hestrud","status":"publish","type":"page","link":"https:\/\/patrimoine-avesnois.fr\/chemin\/hestrud\/","title":{"rendered":"Hestrud"},"content":{"rendered":"\n<figure class=\"wp-block-image is-resized\"><img data-recalc-dims=\"1\" loading=\"lazy\" decoding=\"async\" data-attachment-id=\"2650\" data-permalink=\"https:\/\/patrimoine-avesnois.fr\/chemin\/hestrud\/708_001\/\" data-orig-file=\"https:\/\/i0.wp.com\/patrimoine-avesnois.fr\/chemin\/wp-content\/uploads\/2019\/05\/708_001.jpg?fit=982%2C629&amp;ssl=1\" data-orig-size=\"982,629\" data-comments-opened=\"1\" data-image-meta=\"{&quot;aperture&quot;:&quot;0&quot;,&quot;credit&quot;:&quot;&quot;,&quot;camera&quot;:&quot;&quot;,&quot;caption&quot;:&quot;&quot;,&quot;created_timestamp&quot;:&quot;1556796680&quot;,&quot;copyright&quot;:&quot;&quot;,&quot;focal_length&quot;:&quot;0&quot;,&quot;iso&quot;:&quot;0&quot;,&quot;shutter_speed&quot;:&quot;0&quot;,&quot;title&quot;:&quot;&quot;,&quot;orientation&quot;:&quot;0&quot;}\" data-image-title=\"708_001\" data-image-description=\"\" data-image-caption=\"\" data-large-file=\"https:\/\/i0.wp.com\/patrimoine-avesnois.fr\/chemin\/wp-content\/uploads\/2019\/05\/708_001.jpg?fit=840%2C538&amp;ssl=1\" src=\"https:\/\/i0.wp.com\/patrimoine-avesnois.fr\/chemin\/wp-content\/uploads\/2019\/05\/708_001.jpg?resize=737%2C472\" alt=\"\" class=\"wp-image-2650\" width=\"737\" height=\"472\" srcset=\"https:\/\/i0.wp.com\/patrimoine-avesnois.fr\/chemin\/wp-content\/uploads\/2019\/05\/708_001.jpg?w=982&amp;ssl=1 982w, https:\/\/i0.wp.com\/patrimoine-avesnois.fr\/chemin\/wp-content\/uploads\/2019\/05\/708_001.jpg?resize=300%2C192&amp;ssl=1 300w, https:\/\/i0.wp.com\/patrimoine-avesnois.fr\/chemin\/wp-content\/uploads\/2019\/05\/708_001.jpg?resize=768%2C492&amp;ssl=1 768w\" sizes=\"auto, (max-width: 737px) 85vw, 737px\" \/><figcaption>Hestrud en 1909<\/figcaption><\/figure>\n\n\n\n<figure class=\"wp-block-image is-resized\"><img data-recalc-dims=\"1\" loading=\"lazy\" decoding=\"async\" data-attachment-id=\"2651\" data-permalink=\"https:\/\/patrimoine-avesnois.fr\/chemin\/hestrud\/181_001-2\/\" data-orig-file=\"https:\/\/i0.wp.com\/patrimoine-avesnois.fr\/chemin\/wp-content\/uploads\/2019\/05\/181_001.jpg?fit=873%2C523&amp;ssl=1\" data-orig-size=\"873,523\" data-comments-opened=\"1\" data-image-meta=\"{&quot;aperture&quot;:&quot;0&quot;,&quot;credit&quot;:&quot;&quot;,&quot;camera&quot;:&quot;&quot;,&quot;caption&quot;:&quot;&quot;,&quot;created_timestamp&quot;:&quot;1556796418&quot;,&quot;copyright&quot;:&quot;&quot;,&quot;focal_length&quot;:&quot;0&quot;,&quot;iso&quot;:&quot;0&quot;,&quot;shutter_speed&quot;:&quot;0&quot;,&quot;title&quot;:&quot;&quot;,&quot;orientation&quot;:&quot;0&quot;}\" data-image-title=\"181_001\" data-image-description=\"\" data-image-caption=\"\" data-large-file=\"https:\/\/i0.wp.com\/patrimoine-avesnois.fr\/chemin\/wp-content\/uploads\/2019\/05\/181_001.jpg?fit=840%2C503&amp;ssl=1\" src=\"https:\/\/i0.wp.com\/patrimoine-avesnois.fr\/chemin\/wp-content\/uploads\/2019\/05\/181_001.jpg?resize=737%2C442\" alt=\"\" class=\"wp-image-2651\" width=\"737\" height=\"442\" srcset=\"https:\/\/i0.wp.com\/patrimoine-avesnois.fr\/chemin\/wp-content\/uploads\/2019\/05\/181_001.jpg?w=873&amp;ssl=1 873w, https:\/\/i0.wp.com\/patrimoine-avesnois.fr\/chemin\/wp-content\/uploads\/2019\/05\/181_001.jpg?resize=300%2C180&amp;ssl=1 300w, https:\/\/i0.wp.com\/patrimoine-avesnois.fr\/chemin\/wp-content\/uploads\/2019\/05\/181_001.jpg?resize=768%2C460&amp;ssl=1 768w\" sizes=\"auto, (max-width: 737px) 85vw, 737px\" \/><figcaption>Hestrud vers 1950<\/figcaption><\/figure>\n\n\n\n<p>Hestrud, accroch\u00e9 au flanc d\u2019une colline, est un village charmant de la fronti\u00e8re. <\/p>\n\n\n\n<p>Au XII e si\u00e8cle, Hestrud \u00e9tait le fief de la prairie de Barben\u00e7on et relevait de la seigneurie de Jeumont. Au XV e\u00a0si\u00e8cle, il passa entre les mains de l&rsquo;illustre famille de Ligne. Il fut de nombreuses fois ravag\u00e9 par les guerres.<\/p>\n\n\n\n<p>Monographie d&rsquo;Hestrud : cliquer<a rel=\"noreferrer noopener\" aria-label=\" ici (opens in a new tab)\" href=\"http:\/\/www.hestrud.fr\/si-hestrud-metait-conte.html\" target=\"_blank\"> ici<\/a><\/p>\n\n\n\n<div class=\"wp-block-image\"><figure class=\"aligncenter is-resized\"><img loading=\"lazy\" decoding=\"async\" src=\"https:\/\/upload.wikimedia.org\/wikipedia\/commons\/thumb\/4\/49\/Eglise_hestrud_2.JPG\/800px-Eglise_hestrud_2.JPG\" alt=\"\" width=\"500\" height=\"668\"\/><figcaption>L&rsquo;\u00c9glise Saint Romain d&rsquo;Hestrud<\/figcaption><\/figure><\/div>\n\n\n\n<div class=\"wp-block-image\"><figure class=\"aligncenter is-resized\"><img loading=\"lazy\" decoding=\"async\" data-attachment-id=\"2654\" data-permalink=\"https:\/\/patrimoine-avesnois.fr\/chemin\/hestrud\/788_001-1\/\" data-orig-file=\"https:\/\/i0.wp.com\/patrimoine-avesnois.fr\/chemin\/wp-content\/uploads\/2019\/05\/788_001-1.jpg?fit=1533%2C985&amp;ssl=1\" data-orig-size=\"1533,985\" data-comments-opened=\"1\" data-image-meta=\"{&quot;aperture&quot;:&quot;0&quot;,&quot;credit&quot;:&quot;&quot;,&quot;camera&quot;:&quot;&quot;,&quot;caption&quot;:&quot;&quot;,&quot;created_timestamp&quot;:&quot;1556796520&quot;,&quot;copyright&quot;:&quot;&quot;,&quot;focal_length&quot;:&quot;0&quot;,&quot;iso&quot;:&quot;0&quot;,&quot;shutter_speed&quot;:&quot;0&quot;,&quot;title&quot;:&quot;&quot;,&quot;orientation&quot;:&quot;0&quot;}\" data-image-title=\"788_001 (1)\" data-image-description=\"\" data-image-caption=\"\" data-large-file=\"https:\/\/i0.wp.com\/patrimoine-avesnois.fr\/chemin\/wp-content\/uploads\/2019\/05\/788_001-1.jpg?fit=840%2C540&amp;ssl=1\" src=\"https:\/\/i1.wp.com\/patrimoine-avesnois.fr\/chemin\/wp-content\/uploads\/2019\/05\/788_001-1.jpg?fit=840%2C540\" alt=\"\" class=\"wp-image-2654\" width=\"640\" height=\"410\" srcset=\"https:\/\/i0.wp.com\/patrimoine-avesnois.fr\/chemin\/wp-content\/uploads\/2019\/05\/788_001-1.jpg?w=1533&amp;ssl=1 1533w, https:\/\/i0.wp.com\/patrimoine-avesnois.fr\/chemin\/wp-content\/uploads\/2019\/05\/788_001-1.jpg?resize=300%2C193&amp;ssl=1 300w, https:\/\/i0.wp.com\/patrimoine-avesnois.fr\/chemin\/wp-content\/uploads\/2019\/05\/788_001-1.jpg?resize=768%2C493&amp;ssl=1 768w, https:\/\/i0.wp.com\/patrimoine-avesnois.fr\/chemin\/wp-content\/uploads\/2019\/05\/788_001-1.jpg?resize=1024%2C658&amp;ssl=1 1024w, https:\/\/i0.wp.com\/patrimoine-avesnois.fr\/chemin\/wp-content\/uploads\/2019\/05\/788_001-1.jpg?resize=1200%2C771&amp;ssl=1 1200w\" sizes=\"auto, (max-width: 640px) 85vw, 640px\" \/><\/figure><\/div>\n\n\n\n<div class=\"wp-block-image\"><figure class=\"aligncenter is-resized\"><img loading=\"lazy\" decoding=\"async\" src=\"https:\/\/upload.wikimedia.org\/wikipedia\/commons\/thumb\/b\/b0\/Eglise_hestrud1.JPG\/1280px-Eglise_hestrud1.JPG\" alt=\"Hestrud\" width=\"640\" height=\"480\"\/><figcaption>L&rsquo;\u00e9glise et le monument aux Morts<\/figcaption><\/figure><\/div>\n\n\n\n<div class=\"wp-block-image\"><figure class=\"aligncenter is-resized\"><img data-recalc-dims=\"1\" loading=\"lazy\" decoding=\"async\" data-attachment-id=\"2656\" data-permalink=\"https:\/\/patrimoine-avesnois.fr\/chemin\/hestrud\/vitrail\/\" data-orig-file=\"https:\/\/i0.wp.com\/patrimoine-avesnois.fr\/chemin\/wp-content\/uploads\/2019\/05\/Vitrail.jpg?fit=435%2C737&amp;ssl=1\" data-orig-size=\"435,737\" data-comments-opened=\"1\" data-image-meta=\"{&quot;aperture&quot;:&quot;0&quot;,&quot;credit&quot;:&quot;CARRE&quot;,&quot;camera&quot;:&quot;&quot;,&quot;caption&quot;:&quot;&quot;,&quot;created_timestamp&quot;:&quot;1556798505&quot;,&quot;copyright&quot;:&quot;&quot;,&quot;focal_length&quot;:&quot;0&quot;,&quot;iso&quot;:&quot;0&quot;,&quot;shutter_speed&quot;:&quot;0&quot;,&quot;title&quot;:&quot;&quot;,&quot;orientation&quot;:&quot;0&quot;}\" data-image-title=\"Vitrail\" data-image-description=\"\" data-image-caption=\"\" data-large-file=\"https:\/\/i0.wp.com\/patrimoine-avesnois.fr\/chemin\/wp-content\/uploads\/2019\/05\/Vitrail.jpg?fit=435%2C737&amp;ssl=1\" src=\"https:\/\/i0.wp.com\/patrimoine-avesnois.fr\/chemin\/wp-content\/uploads\/2019\/05\/Vitrail.jpg?resize=470%2C796\" alt=\"\" class=\"wp-image-2656\" width=\"470\" height=\"796\" srcset=\"https:\/\/i0.wp.com\/patrimoine-avesnois.fr\/chemin\/wp-content\/uploads\/2019\/05\/Vitrail.jpg?w=435&amp;ssl=1 435w, https:\/\/i0.wp.com\/patrimoine-avesnois.fr\/chemin\/wp-content\/uploads\/2019\/05\/Vitrail.jpg?resize=177%2C300&amp;ssl=1 177w\" sizes=\"auto, (max-width: 470px) 85vw, 470px\" \/><figcaption>Vitrail du XVI e si\u00e8cle<\/figcaption><\/figure><\/div>\n\n\n\n<p>Ce que contient l&rsquo;\u00e9glise de plus pr\u00e9cieux est \u00e0 coup s\u00fbr un vitrail du XVI e si\u00e8cle, repr\u00e9sentant l\u2019Annonciation (MH). <br>On remarque aussi, sur la vo\u00fbte, devant le ch\u0153ur, un beau calvaire du XVI e\u00a0si\u00e8cle. Enfin, on voit encore dans la nef \u00e0 droite une vo\u00fbte de bois avec t\u00eates de poutres sculpt\u00e9es, des XV e ou du XVI e\u00a0si\u00e8cle.<\/p>\n\n\n\n<div class=\"wp-block-image\"><figure class=\"aligncenter is-resized\"><img loading=\"lazy\" decoding=\"async\" src=\"https:\/\/upload.wikimedia.org\/wikipedia\/commons\/thumb\/d\/de\/Mairie_hestrud.JPG\/1280px-Mairie_hestrud.JPG\" alt=\"\" width=\"640\" height=\"480\"\/><figcaption>La Mairie <a href=\"http:\/\/www.hestrud.fr\/\" target=\"_blank\" rel=\"noreferrer noopener\" aria-label=\"Son site (opens in a new tab)\">Son site<\/a><\/figcaption><\/figure><\/div>\n\n\n\n<div class=\"wp-block-image\"><figure class=\"aligncenter is-resized\"><img loading=\"lazy\" decoding=\"async\" src=\"https:\/\/upload.wikimedia.org\/wikipedia\/commons\/thumb\/5\/56\/Mom_hestrud.JPG\/800px-Mom_hestrud.JPG\" alt=\"\" width=\"400\" height=\"534\"\/><figcaption>Le Monument aux Morts<\/figcaption><\/figure><\/div>\n\n\n\n<div class=\"wp-block-image\"><figure class=\"aligncenter is-resized\"><img loading=\"lazy\" decoding=\"async\" src=\"https:\/\/upload.wikimedia.org\/wikipedia\/commons\/thumb\/2\/2e\/Kiosque_hestrud.JPG\/1280px-Kiosque_hestrud.JPG\" alt=\"\" width=\"640\" height=\"480\"\/><figcaption>Le Kiosque restaur\u00e9 en 2000<\/figcaption><\/figure><\/div>\n\n\n\n<div class=\"wp-block-jetpack-slideshow aligncenter\" data-effect=\"slide\"><div class=\"wp-block-jetpack-slideshow_container swiper-container\"><ul class=\"wp-block-jetpack-slideshow_swiper-wrappper swiper-wrapper\"><li class=\"wp-block-jetpack-slideshow_slide swiper-slide\"><figure><img data-recalc-dims=\"1\" loading=\"lazy\" decoding=\"async\" width=\"548\" height=\"1024\" alt=\"\" class=\"wp-block-jetpack-slideshow_image wp-image-2676\" data-id=\"2676\" src=\"https:\/\/i0.wp.com\/patrimoine-avesnois.fr\/chemin\/wp-content\/uploads\/2019\/05\/3.Hestrud-ND-de-Tongre-1758-rue-de-Cousolre-1.jpg?resize=548%2C1024\" srcset=\"https:\/\/i0.wp.com\/patrimoine-avesnois.fr\/chemin\/wp-content\/uploads\/2019\/05\/3.Hestrud-ND-de-Tongre-1758-rue-de-Cousolre-1.jpg?w=548&amp;ssl=1 548w, https:\/\/i0.wp.com\/patrimoine-avesnois.fr\/chemin\/wp-content\/uploads\/2019\/05\/3.Hestrud-ND-de-Tongre-1758-rue-de-Cousolre-1.jpg?resize=161%2C300&amp;ssl=1 161w\" sizes=\"(max-width: 548px) 85vw, 548px\" \/><\/figure><\/li><li class=\"wp-block-jetpack-slideshow_slide swiper-slide\"><figure><img data-recalc-dims=\"1\" loading=\"lazy\" decoding=\"async\" width=\"768\" height=\"1024\" alt=\"\" class=\"wp-block-jetpack-slideshow_image wp-image-2677\" data-id=\"2677\" src=\"https:\/\/i0.wp.com\/patrimoine-avesnois.fr\/chemin\/wp-content\/uploads\/2019\/05\/5.Hestrud-ND-de-Walcourt-1826-rue-de-Beaumont.jpg?resize=768%2C1024\" srcset=\"https:\/\/i0.wp.com\/patrimoine-avesnois.fr\/chemin\/wp-content\/uploads\/2019\/05\/5.Hestrud-ND-de-Walcourt-1826-rue-de-Beaumont.jpg?w=768&amp;ssl=1 768w, https:\/\/i0.wp.com\/patrimoine-avesnois.fr\/chemin\/wp-content\/uploads\/2019\/05\/5.Hestrud-ND-de-Walcourt-1826-rue-de-Beaumont.jpg?resize=225%2C300&amp;ssl=1 225w\" sizes=\"(max-width: 768px) 85vw, 768px\" \/><\/figure><\/li><li class=\"wp-block-jetpack-slideshow_slide swiper-slide\"><figure><img data-recalc-dims=\"1\" loading=\"lazy\" decoding=\"async\" width=\"768\" height=\"1024\" alt=\"\" class=\"wp-block-jetpack-slideshow_image wp-image-2678\" data-id=\"2678\" src=\"https:\/\/i0.wp.com\/patrimoine-avesnois.fr\/chemin\/wp-content\/uploads\/2019\/05\/1.Hestrud-St-Hubert-St-Donat-1847.jpg?resize=768%2C1024\" srcset=\"https:\/\/i0.wp.com\/patrimoine-avesnois.fr\/chemin\/wp-content\/uploads\/2019\/05\/1.Hestrud-St-Hubert-St-Donat-1847.jpg?w=768&amp;ssl=1 768w, https:\/\/i0.wp.com\/patrimoine-avesnois.fr\/chemin\/wp-content\/uploads\/2019\/05\/1.Hestrud-St-Hubert-St-Donat-1847.jpg?resize=225%2C300&amp;ssl=1 225w\" sizes=\"(max-width: 768px) 85vw, 768px\" \/><\/figure><\/li><li class=\"wp-block-jetpack-slideshow_slide swiper-slide\"><figure><img data-recalc-dims=\"1\" loading=\"lazy\" decoding=\"async\" width=\"768\" height=\"1024\" alt=\"\" class=\"wp-block-jetpack-slideshow_image wp-image-2679\" data-id=\"2679\" src=\"https:\/\/i0.wp.com\/patrimoine-avesnois.fr\/chemin\/wp-content\/uploads\/2019\/05\/7.Hestrud-ND-de-Gr%C3%A2ce-1880-rue-de-Beaumont.jpg?resize=768%2C1024\" srcset=\"https:\/\/i0.wp.com\/patrimoine-avesnois.fr\/chemin\/wp-content\/uploads\/2019\/05\/7.Hestrud-ND-de-Gr%C3%A2ce-1880-rue-de-Beaumont.jpg?w=768&amp;ssl=1 768w, https:\/\/i0.wp.com\/patrimoine-avesnois.fr\/chemin\/wp-content\/uploads\/2019\/05\/7.Hestrud-ND-de-Gr%C3%A2ce-1880-rue-de-Beaumont.jpg?resize=225%2C300&amp;ssl=1 225w\" sizes=\"(max-width: 768px) 85vw, 768px\" \/><\/figure><\/li><li class=\"wp-block-jetpack-slideshow_slide swiper-slide\"><figure><img data-recalc-dims=\"1\" loading=\"lazy\" decoding=\"async\" width=\"768\" height=\"1024\" alt=\"\" class=\"wp-block-jetpack-slideshow_image wp-image-2680\" data-id=\"2680\" src=\"https:\/\/i0.wp.com\/patrimoine-avesnois.fr\/chemin\/wp-content\/uploads\/2019\/05\/6.Hestrud-d%C3%A9di%C3%A9-%C3%A0-la-Vierge-rue-de-Beaumont.jpg?resize=768%2C1024\" srcset=\"https:\/\/i0.wp.com\/patrimoine-avesnois.fr\/chemin\/wp-content\/uploads\/2019\/05\/6.Hestrud-d%C3%A9di%C3%A9-%C3%A0-la-Vierge-rue-de-Beaumont.jpg?w=768&amp;ssl=1 768w, https:\/\/i0.wp.com\/patrimoine-avesnois.fr\/chemin\/wp-content\/uploads\/2019\/05\/6.Hestrud-d%C3%A9di%C3%A9-%C3%A0-la-Vierge-rue-de-Beaumont.jpg?resize=225%2C300&amp;ssl=1 225w\" sizes=\"(max-width: 768px) 85vw, 768px\" \/><\/figure><\/li><li class=\"wp-block-jetpack-slideshow_slide swiper-slide\"><figure><img data-recalc-dims=\"1\" loading=\"lazy\" decoding=\"async\" width=\"596\" height=\"766\" alt=\"\" class=\"wp-block-jetpack-slideshow_image wp-image-2681\" data-id=\"2681\" src=\"https:\/\/i0.wp.com\/patrimoine-avesnois.fr\/chemin\/wp-content\/uploads\/2019\/05\/3.Hestrud-Grotte-%C3%A0-la-Vierge-Copie.jpg?resize=596%2C766\" srcset=\"https:\/\/i0.wp.com\/patrimoine-avesnois.fr\/chemin\/wp-content\/uploads\/2019\/05\/3.Hestrud-Grotte-%C3%A0-la-Vierge-Copie.jpg?w=596&amp;ssl=1 596w, https:\/\/i0.wp.com\/patrimoine-avesnois.fr\/chemin\/wp-content\/uploads\/2019\/05\/3.Hestrud-Grotte-%C3%A0-la-Vierge-Copie.jpg?resize=233%2C300&amp;ssl=1 233w\" sizes=\"(max-width: 596px) 85vw, 596px\" \/><\/figure><\/li><\/ul><a class=\"wp-block-jetpack-slideshow_button-prev swiper-button-prev swiper-button-white\" role=\"button\"><\/a><a class=\"wp-block-jetpack-slideshow_button-next swiper-button-next swiper-button-white\" role=\"button\"><\/a><a aria-label=\"Pause Slideshow\" class=\"wp-block-jetpack-slideshow_button-pause\" role=\"button\"><\/a><div class=\"wp-block-jetpack-slideshow_pagination swiper-pagination swiper-pagination-white\"><\/div><\/div><\/div>\n\n\n\n<p><a href=\"http:\/\/oratoiresetchapelles-avesnois.fr\/hestrud\/\" target=\"_blank\" rel=\"noreferrer noopener\" aria-label=\"5 oratoires et 1 chapelle grotte (opens in a new tab)\">5 oratoires et 1 chapelle grotte<\/a><\/p>\n\n\n\n<div class=\"wp-block-image\"><figure class=\"aligncenter is-resized\"><img loading=\"lazy\" decoding=\"async\" src=\"https:\/\/upload.wikimedia.org\/wikipedia\/commons\/thumb\/1\/1f\/Napoleon_a_hestrud.JPG\/1280px-Napoleon_a_hestrud.JPG\" alt=\"\" width=\"640\" height=\"480\"\/><figcaption> L&rsquo;abreuvoir de l&#8217;empereur <\/figcaption><\/figure><\/div>\n\n\n\n<div class=\"wp-block-image\"><figure class=\"aligncenter is-resized\"><img data-recalc-dims=\"1\" loading=\"lazy\" decoding=\"async\" src=\"https:\/\/i0.wp.com\/utel-maubeuge.fr\/images\/Randonnees\/2017\/2017.03.29.Hestrud\/IMG_1347--0.jpg?resize=600%2C450&#038;ssl=1\" alt=\"\" width=\"600\" height=\"450\"\/><figcaption> \u00ab Ici Napol\u00e9on fit boire son cheval le 14 juin 1815. Un petit gar\u00e7on du village lui dit n\u2019allez pas par l\u00e0 Monsieur \u00bb <\/figcaption><\/figure><\/div>\n\n\n\n<p>Le 14 juin 1815, Napol\u00e9on, se rendant \u00e0 Waterloo, traverse le village. Tandis que son cheval est abreuv\u00e9 dans la Thure, l\u2019empereur interpelle un jeune gar\u00e7on, lui demandant s\u2019il reconna\u00eet celui qui lui parle. Le gamin acquiesce, ajoutant\u00a0: \u00ab\u00a0Vous croyez la victoire toujours attach\u00e9e \u00e0 vos pas mais elle passe et dispara\u00eet comme l\u2019eau de ce ruisseau. \u00c0 votre place, je resterais tranquillement chez moi car demain votre \u00e9toile aura s\u00fbrement p\u00e2li\u00a0\u00bb.<\/p>\n\n\n\n<p><a href=\"http:\/\/www.hestrud.fr\/la-commemoration-du-passage-de-napoleon-2016.html\" target=\"_blank\" rel=\"noreferrer noopener\" aria-label=\"Comm\u00e9moration en 2016 du passage de Napol\u00e9on. (opens in a new tab)\">Comm\u00e9moration en 2016 du passage de Napol\u00e9on.<\/a><\/p>\n\n\n\n<div class=\"wp-block-image\"><figure class=\"aligncenter is-resized\"><img loading=\"lazy\" decoding=\"async\" data-attachment-id=\"2658\" data-permalink=\"https:\/\/patrimoine-avesnois.fr\/chemin\/hestrud\/621_001\/\" data-orig-file=\"https:\/\/i0.wp.com\/patrimoine-avesnois.fr\/chemin\/wp-content\/uploads\/2019\/05\/621_001.jpg?fit=1379%2C884&amp;ssl=1\" data-orig-size=\"1379,884\" data-comments-opened=\"1\" data-image-meta=\"{&quot;aperture&quot;:&quot;0&quot;,&quot;credit&quot;:&quot;&quot;,&quot;camera&quot;:&quot;&quot;,&quot;caption&quot;:&quot;&quot;,&quot;created_timestamp&quot;:&quot;1556796468&quot;,&quot;copyright&quot;:&quot;&quot;,&quot;focal_length&quot;:&quot;0&quot;,&quot;iso&quot;:&quot;0&quot;,&quot;shutter_speed&quot;:&quot;0&quot;,&quot;title&quot;:&quot;&quot;,&quot;orientation&quot;:&quot;0&quot;}\" data-image-title=\"621_001\" data-image-description=\"\" data-image-caption=\"\" data-large-file=\"https:\/\/i0.wp.com\/patrimoine-avesnois.fr\/chemin\/wp-content\/uploads\/2019\/05\/621_001.jpg?fit=840%2C538&amp;ssl=1\" src=\"https:\/\/i1.wp.com\/patrimoine-avesnois.fr\/chemin\/wp-content\/uploads\/2019\/05\/621_001.jpg?fit=840%2C538\" alt=\"\" class=\"wp-image-2658\" width=\"640\" height=\"410\" srcset=\"https:\/\/i0.wp.com\/patrimoine-avesnois.fr\/chemin\/wp-content\/uploads\/2019\/05\/621_001.jpg?w=1379&amp;ssl=1 1379w, https:\/\/i0.wp.com\/patrimoine-avesnois.fr\/chemin\/wp-content\/uploads\/2019\/05\/621_001.jpg?resize=300%2C192&amp;ssl=1 300w, https:\/\/i0.wp.com\/patrimoine-avesnois.fr\/chemin\/wp-content\/uploads\/2019\/05\/621_001.jpg?resize=768%2C492&amp;ssl=1 768w, https:\/\/i0.wp.com\/patrimoine-avesnois.fr\/chemin\/wp-content\/uploads\/2019\/05\/621_001.jpg?resize=1024%2C656&amp;ssl=1 1024w, https:\/\/i0.wp.com\/patrimoine-avesnois.fr\/chemin\/wp-content\/uploads\/2019\/05\/621_001.jpg?resize=1200%2C769&amp;ssl=1 1200w\" sizes=\"auto, (max-width: 640px) 85vw, 640px\" \/><figcaption>Poste fronti\u00e8re<\/figcaption><\/figure><\/div>\n\n\n\n<div class=\"wp-block-image\"><figure class=\"aligncenter is-resized\"><img data-recalc-dims=\"1\" loading=\"lazy\" decoding=\"async\" data-attachment-id=\"2659\" data-permalink=\"https:\/\/patrimoine-avesnois.fr\/chemin\/hestrud\/586_001\/\" data-orig-file=\"https:\/\/i0.wp.com\/patrimoine-avesnois.fr\/chemin\/wp-content\/uploads\/2019\/05\/586_001.jpg?fit=991%2C662&amp;ssl=1\" data-orig-size=\"991,662\" data-comments-opened=\"1\" data-image-meta=\"{&quot;aperture&quot;:&quot;0&quot;,&quot;credit&quot;:&quot;&quot;,&quot;camera&quot;:&quot;&quot;,&quot;caption&quot;:&quot;&quot;,&quot;created_timestamp&quot;:&quot;1556796610&quot;,&quot;copyright&quot;:&quot;&quot;,&quot;focal_length&quot;:&quot;0&quot;,&quot;iso&quot;:&quot;0&quot;,&quot;shutter_speed&quot;:&quot;0&quot;,&quot;title&quot;:&quot;&quot;,&quot;orientation&quot;:&quot;0&quot;}\" data-image-title=\"586_001\" data-image-description=\"\" data-image-caption=\"\" data-large-file=\"https:\/\/i0.wp.com\/patrimoine-avesnois.fr\/chemin\/wp-content\/uploads\/2019\/05\/586_001.jpg?fit=840%2C561&amp;ssl=1\" src=\"https:\/\/i0.wp.com\/patrimoine-avesnois.fr\/chemin\/wp-content\/uploads\/2019\/05\/586_001.jpg?resize=640%2C426\" alt=\"\" class=\"wp-image-2659\" width=\"640\" height=\"426\"\/><figcaption>La Douane dans les ann\u00e9es 1965<\/figcaption><\/figure><\/div>\n\n\n\n<div class=\"wp-block-image\"><figure class=\"aligncenter is-resized\"><img loading=\"lazy\" decoding=\"async\" src=\"https:\/\/upload.wikimedia.org\/wikipedia\/commons\/thumb\/c\/ca\/Musee_hestrud.JPG\/1280px-Musee_hestrud.JPG\" alt=\"\" width=\"640\" height=\"480\"\/><figcaption>Le Mus\u00e9e de la Douane Voir <a href=\"http:\/\/www.hestrud.fr\/le-musee-de-la-douane.html\" target=\"_blank\" rel=\"noreferrer noopener\" aria-label=\"ce site (opens in a new tab)\">ce site<\/a><\/figcaption><\/figure><\/div>\n\n\n\n<p>\u00c0 Hestrud, le mus\u00e9e de la douane raconte la saga de la fronti\u00e8re disparue.<\/p>\n\n\n\n<p>LA VALLEE DE LA THURE<\/p>\n\n\n\n<p>La route d\u2019Hestrud \u00e0 Cousolre suit d\u2019abord la rive \u00e0 gauche, puis la rive droite de la petite rivi\u00e8re, la Thure, au courant rapide.<\/p>\n\n\n\n<p>Sur une distance de 6 km, route et rivi\u00e8re serpentent de concert, dans une vall\u00e9e encaiss\u00e9e, o\u00f9 il n\u2019y a point de maison et o\u00f9 l\u2019\u0153il ne d\u00e9couvre que de fra\u00eeches taches de verdure encadr\u00e9es par les escarpements de schistes.<\/p>\n\n\n\n<p>C&rsquo;est l&rsquo;une des routes les plus pittoresques de la r\u00e9gion : il y a des sous-bois ravissants, quelques prairies au bord des eaux vives, un petit \u00e9tang, en un mot un coin tranquille dans cette vall\u00e9e tr\u00e8s pittoresque.<\/p>\n\n\n\n<p>Voir <a href=\"http:\/\/www.hestrud.fr\/randonnees-a-hestrud.html\" target=\"_blank\" rel=\"noreferrer noopener\" aria-label=\"ici (opens in a new tab)\">ici<\/a> les randonn\u00e9es \u00e0 Hestrud.<\/p>\n\n\n\n<div class=\"wp-block-image\"><figure class=\"aligncenter\"><img loading=\"lazy\" decoding=\"async\" width=\"1248\" height=\"642\" data-attachment-id=\"2664\" data-permalink=\"https:\/\/patrimoine-avesnois.fr\/chemin\/hestrud\/image-484\/\" data-orig-file=\"https:\/\/i0.wp.com\/patrimoine-avesnois.fr\/chemin\/wp-content\/uploads\/2019\/05\/image-11.png?fit=1248%2C642&amp;ssl=1\" data-orig-size=\"1248,642\" data-comments-opened=\"1\" data-image-meta=\"{&quot;aperture&quot;:&quot;0&quot;,&quot;credit&quot;:&quot;&quot;,&quot;camera&quot;:&quot;&quot;,&quot;caption&quot;:&quot;&quot;,&quot;created_timestamp&quot;:&quot;0&quot;,&quot;copyright&quot;:&quot;&quot;,&quot;focal_length&quot;:&quot;0&quot;,&quot;iso&quot;:&quot;0&quot;,&quot;shutter_speed&quot;:&quot;0&quot;,&quot;title&quot;:&quot;&quot;,&quot;orientation&quot;:&quot;0&quot;}\" data-image-title=\"image\" data-image-description=\"\" data-image-caption=\"\" data-large-file=\"https:\/\/i0.wp.com\/patrimoine-avesnois.fr\/chemin\/wp-content\/uploads\/2019\/05\/image-11.png?fit=840%2C432&amp;ssl=1\" src=\"https:\/\/i0.wp.com\/patrimoine-avesnois.fr\/chemin\/wp-content\/uploads\/2019\/05\/image-11.png?fit=840%2C432\" alt=\"\" class=\"wp-image-2664\" srcset=\"https:\/\/i0.wp.com\/patrimoine-avesnois.fr\/chemin\/wp-content\/uploads\/2019\/05\/image-11.png?w=1248&amp;ssl=1 1248w, https:\/\/i0.wp.com\/patrimoine-avesnois.fr\/chemin\/wp-content\/uploads\/2019\/05\/image-11.png?resize=300%2C154&amp;ssl=1 300w, https:\/\/i0.wp.com\/patrimoine-avesnois.fr\/chemin\/wp-content\/uploads\/2019\/05\/image-11.png?resize=768%2C395&amp;ssl=1 768w, https:\/\/i0.wp.com\/patrimoine-avesnois.fr\/chemin\/wp-content\/uploads\/2019\/05\/image-11.png?resize=1024%2C527&amp;ssl=1 1024w, https:\/\/i0.wp.com\/patrimoine-avesnois.fr\/chemin\/wp-content\/uploads\/2019\/05\/image-11.png?resize=1200%2C617&amp;ssl=1 1200w\" sizes=\"auto, (max-width: 709px) 85vw, (max-width: 909px) 67vw, (max-width: 1362px) 62vw, 840px\" \/><figcaption>Panorama \u00e0 Hestrud <br>Voir <a rel=\"noreferrer noopener\" aria-label=\"la vid\u00e9o (opens in a new tab)\" href=\"https:\/\/www.youtube.com\/watch?v=eO25X8WL6nQ\" target=\"_blank\">la vid\u00e9o<\/a><br><a href=\"https:\/\/www.youtube.com\/watch?v=eO25X8WL6nQ\"><\/a><\/figcaption><\/figure><\/div>\n\n\n\n<p><\/p>\n","protected":false},"excerpt":{"rendered":"<p>Hestrud, accroch\u00e9 au flanc d\u2019une colline, est un village charmant de la fronti\u00e8re. Au XII e si\u00e8cle, Hestrud \u00e9tait le fief de la prairie de Barben\u00e7on et relevait de la seigneurie de Jeumont. Au XV e\u00a0si\u00e8cle, il passa entre les mains de l&rsquo;illustre famille de Ligne. Il fut de nombreuses fois ravag\u00e9 par les guerres. &hellip; <a href=\"https:\/\/patrimoine-avesnois.fr\/chemin\/hestrud\/\" class=\"more-link\">Continuer la lecture<span class=\"screen-reader-text\"> de &laquo;&nbsp;Hestrud&nbsp;&raquo;<\/span><\/a><\/p>\n","protected":false},"author":2,"featured_media":0,"parent":0,"menu_order":0,"comment_status":"closed","ping_status":"closed","template":"","meta":{"jetpack_post_was_ever_published":false,"footnotes":""},"class_list":["post-2648","page","type-page","status-publish","hentry"],"jetpack_sharing_enabled":true,"jetpack_shortlink":"https:\/\/wp.me\/PaOEkN-GI","jetpack-related-posts":[],"_links":{"self":[{"href":"https:\/\/patrimoine-avesnois.fr\/chemin\/wp-json\/wp\/v2\/pages\/2648","targetHints":{"allow":["GET"]}}],"collection":[{"href":"https:\/\/patrimoine-avesnois.fr\/chemin\/wp-json\/wp\/v2\/pages"}],"about":[{"href":"https:\/\/patrimoine-avesnois.fr\/chemin\/wp-json\/wp\/v2\/types\/page"}],"author":[{"embeddable":true,"href":"https:\/\/patrimoine-avesnois.fr\/chemin\/wp-json\/wp\/v2\/users\/2"}],"replies":[{"embeddable":true,"href":"https:\/\/patrimoine-avesnois.fr\/chemin\/wp-json\/wp\/v2\/comments?post=2648"}],"version-history":[{"count":0,"href":"https:\/\/patrimoine-avesnois.fr\/chemin\/wp-json\/wp\/v2\/pages\/2648\/revisions"}],"wp:attachment":[{"href":"https:\/\/patrimoine-avesnois.fr\/chemin\/wp-json\/wp\/v2\/media?parent=2648"}],"curies":[{"name":"wp","href":"https:\/\/api.w.org\/{rel}","templated":true}]}}