{"id":404,"date":"2019-03-29T21:07:16","date_gmt":"2019-03-29T20:07:16","guid":{"rendered":"http:\/\/patrimoine-avesnois.fr\/chemin\/?page_id=404"},"modified":"2021-12-28T22:21:03","modified_gmt":"2021-12-28T21:21:03","slug":"bersillies","status":"publish","type":"page","link":"https:\/\/patrimoine-avesnois.fr\/chemin\/bersillies\/","title":{"rendered":"Bersillies"},"content":{"rendered":"\n<div class=\"wp-block-image\"><figure class=\"aligncenter is-resized\"><img data-recalc-dims=\"1\" loading=\"lazy\" decoding=\"async\" data-attachment-id=\"405\" data-permalink=\"https:\/\/patrimoine-avesnois.fr\/chemin\/bersillies\/capture-19\/\" data-orig-file=\"https:\/\/i0.wp.com\/patrimoine-avesnois.fr\/chemin\/wp-content\/uploads\/2019\/03\/Capture-18.png?fit=963%2C722&amp;ssl=1\" data-orig-size=\"963,722\" data-comments-opened=\"1\" data-image-meta=\"{&quot;aperture&quot;:&quot;0&quot;,&quot;credit&quot;:&quot;&quot;,&quot;camera&quot;:&quot;&quot;,&quot;caption&quot;:&quot;&quot;,&quot;created_timestamp&quot;:&quot;0&quot;,&quot;copyright&quot;:&quot;&quot;,&quot;focal_length&quot;:&quot;0&quot;,&quot;iso&quot;:&quot;0&quot;,&quot;shutter_speed&quot;:&quot;0&quot;,&quot;title&quot;:&quot;&quot;,&quot;orientation&quot;:&quot;0&quot;}\" data-image-title=\"Capture\" data-image-description=\"\" data-image-caption=\"\" data-large-file=\"https:\/\/i0.wp.com\/patrimoine-avesnois.fr\/chemin\/wp-content\/uploads\/2019\/03\/Capture-18.png?fit=840%2C630&amp;ssl=1\" src=\"https:\/\/i0.wp.com\/patrimoine-avesnois.fr\/chemin\/wp-content\/uploads\/2019\/03\/Capture-18.png?resize=598%2C448\" alt=\"\" class=\"wp-image-405\" width=\"598\" height=\"448\" srcset=\"https:\/\/i0.wp.com\/patrimoine-avesnois.fr\/chemin\/wp-content\/uploads\/2019\/03\/Capture-18.png?w=963&amp;ssl=1 963w, https:\/\/i0.wp.com\/patrimoine-avesnois.fr\/chemin\/wp-content\/uploads\/2019\/03\/Capture-18.png?resize=300%2C225&amp;ssl=1 300w, https:\/\/i0.wp.com\/patrimoine-avesnois.fr\/chemin\/wp-content\/uploads\/2019\/03\/Capture-18.png?resize=768%2C576&amp;ssl=1 768w\" sizes=\"auto, (max-width: 598px) 85vw, 598px\" \/><\/figure><\/div>\n\n\n\n<p>Bersillies appartint de tout temps, avec ses d\u00e9pendances, au chapitre de Sainte Aldegonde , qui y poss\u00e9dait des rentes, des revenus, et la plupart des droits seigneuriaux. L&rsquo;\u00e9glise est d&rsquo;ailleurs d\u00e9di\u00e9e \u00e0 la sainte patronne de Maubeuge. <br>Le village a \u00e9t\u00e9 d\u00e9vast\u00e9 en 1554 par les troupes de&nbsp;<a href=\"https:\/\/fr.wikipedia.org\/wiki\/Henri_II_(roi_de_France)\" target=\"_blank\" rel=\"noreferrer noopener\">Henri II<\/a>, marchant sur Maubeuge. De cette ann\u00e9e date le d\u00e9but de la construction de l&rsquo;actuelle \u00e9glise,b\u00e2tie sur un tertre ceint de murs.<\/p>\n\n\n\n<div class=\"wp-block-image\"><figure class=\"aligncenter\"><img decoding=\"async\" src=\"https:\/\/i0.wp.com\/patrimoine-avesnois.fr\/eglisesfortifiees\/wp-content\/uploads\/2018\/08\/Bersillies.jpg?resize=450%2C600\" alt=\"\"\/><figcaption>L&rsquo;\u00e9glise de Bersillies<\/figcaption><\/figure><\/div>\n\n\n\n<p>On acc\u00e8de \u00e0 l&rsquo;\u00e9glise \u00e9difi\u00e9e vers 1554 et reconstruite en 1700 par une s\u00e9rie d&rsquo;escaliers qui d\u00e9bouchent derri\u00e8re l&rsquo;abside, orn\u00e9e ext\u00e9rieurement d&rsquo;un calvaire. Elle poss\u00e8de une belle dalle fun\u00e9raire avec Christ en croix du XVI e si\u00e8cle (MH).<\/p>\n\n\n\n<div class=\"wp-block-image\"><figure class=\"aligncenter\"><img data-recalc-dims=\"1\" loading=\"lazy\" decoding=\"async\" width=\"428\" height=\"571\" data-attachment-id=\"406\" data-permalink=\"https:\/\/patrimoine-avesnois.fr\/chemin\/bersillies\/capture1-13\/\" data-orig-file=\"https:\/\/i0.wp.com\/patrimoine-avesnois.fr\/chemin\/wp-content\/uploads\/2019\/03\/Capture1-12.png?fit=428%2C571&amp;ssl=1\" data-orig-size=\"428,571\" data-comments-opened=\"1\" data-image-meta=\"{&quot;aperture&quot;:&quot;0&quot;,&quot;credit&quot;:&quot;&quot;,&quot;camera&quot;:&quot;&quot;,&quot;caption&quot;:&quot;&quot;,&quot;created_timestamp&quot;:&quot;0&quot;,&quot;copyright&quot;:&quot;&quot;,&quot;focal_length&quot;:&quot;0&quot;,&quot;iso&quot;:&quot;0&quot;,&quot;shutter_speed&quot;:&quot;0&quot;,&quot;title&quot;:&quot;&quot;,&quot;orientation&quot;:&quot;0&quot;}\" data-image-title=\"Capture1\" data-image-description=\"\" data-image-caption=\"\" data-large-file=\"https:\/\/i0.wp.com\/patrimoine-avesnois.fr\/chemin\/wp-content\/uploads\/2019\/03\/Capture1-12.png?fit=428%2C571&amp;ssl=1\" src=\"https:\/\/i0.wp.com\/patrimoine-avesnois.fr\/chemin\/wp-content\/uploads\/2019\/03\/Capture1-12.png?resize=428%2C571\" alt=\"\" class=\"wp-image-406\" srcset=\"https:\/\/i0.wp.com\/patrimoine-avesnois.fr\/chemin\/wp-content\/uploads\/2019\/03\/Capture1-12.png?w=428&amp;ssl=1 428w, https:\/\/i0.wp.com\/patrimoine-avesnois.fr\/chemin\/wp-content\/uploads\/2019\/03\/Capture1-12.png?resize=225%2C300&amp;ssl=1 225w\" sizes=\"auto, (max-width: 428px) 85vw, 428px\" \/><figcaption>Dalle fun\u00e9raire inscrite aux Monuments Historiques<\/figcaption><\/figure><\/div>\n\n\n\n<p>L&rsquo;\u00e9glise a \u00e9t\u00e9 restaur\u00e9e en 2010 :<\/p>\n\n\n\n<p>\u00a0\u00bb Tous les habitants de la Commune de Bersillies, faisant partie des douze clochers qui composent la Paroisse de Sainte Aldegonde en Val de Sambre, se souviennent de ce mercredi 18 juin 2008 17 h 22, jour de l\u2019inauguration du nouveau clocher de l\u2019\u00e9glise.C\u2019\u00e9tait en pr\u00e9sence de Marie-Paule ROUSSELLE Maire de BERSILLIES, du cur\u00e9 et doyen de la Paroisse Sainte Aldegonde, de Bernard BIZOUX Pr\u00e9sident de l\u2019Association pour la sauvegarde de l\u2019\u00e9glise Sainte Aldegonde, des responsables des entreprises et des habitants venus nombreux f\u00eater l\u2019\u00e9v\u00e8nement.Au cours des discours, il f\u00fbt \u00e9voqu\u00e9 que plusieurs suites seraient entreprises pour continuer l\u2019\u0153uvre de restauration de l\u2019\u00e9difice.Au d\u00e9but de cette ann\u00e9e 2010, une deuxi\u00e8me tranche de restauration de l\u2019\u00e9glise touche \u00e0 sa fin. Elle est une fois de plus la preuve du dynamisme qui motive l\u2019Association pour la sauvegarde de l\u2019\u00e9glise Sainte Aldegonde de Bersillies avec la collaboration et le concours pr\u00e9cieux de la Municipalit\u00e9. Une inauguration se profile bient\u00f4t \u00e0 l\u2019horizon 2010. J.Y. BO\u00cbZ . Voir le site <a href=\"https:\/\/www.sainte-aldegonde.com\/restauration-eglise-bersillies.html\" target=\"_blank\" rel=\"noreferrer noopener\">Sainte Aldegonde en Val de Sambre<\/a> avec de nombreuses photos de la restauration de l&rsquo;\u00e9difice religieux.<\/p>\n\n\n\n<p>Une seule chapelle est visible sur la commune :<\/p>\n\n\n\n<div class=\"wp-block-image\"><figure class=\"aligncenter is-resized\"><img data-recalc-dims=\"1\" loading=\"lazy\" decoding=\"async\" src=\"https:\/\/i0.wp.com\/oratoiresetchapelles-avesnois.fr\/wp-content\/uploads\/2016\/10\/800px-Bersillies_Nord_Fr_chapelle_N.D._de_Bon_Secours_rue_de_la_Chapelle-768x1024.jpg?resize=412%2C549\" alt=\"Notre Dame de Bon Secours\" class=\"wp-image-981\" width=\"412\" height=\"549\"\/><figcaption>Notre Dame de Bon Secours. Photo Wikip\u00e9dia Auteur Havang<\/figcaption><\/figure><\/div>\n\n\n\n<p>Chapelle construite par Jean Baptiste Loiseau.<\/p>\n\n\n\n<div class=\"wp-block-image\"><figure class=\"aligncenter is-resized\"><img loading=\"lazy\" decoding=\"async\" src=\"https:\/\/upload.wikimedia.org\/wikipedia\/commons\/thumb\/1\/17\/Bersillies_%28Nord%2C_Fr%29_monument_aux_morts.JPG\/800px-Bersillies_%28Nord%2C_Fr%29_monument_aux_morts.JPG\" alt=\"\" width=\"412\" height=\"550\"\/><figcaption><a href=\"https:\/\/monumentsmorts.univ-lille.fr\/monument\/95\/bersillies-place\/\" target=\"_blank\" rel=\"noreferrer noopener\">Le Monument aux Morts <\/a><\/figcaption><\/figure><\/div>\n\n\n\n<div class=\"wp-block-image\"><figure class=\"aligncenter is-resized\"><img loading=\"lazy\" decoding=\"async\" src=\"https:\/\/i1.wp.com\/kiosques-avesnois.fr\/wp-content\/uploads\/2017\/11\/Bersillies.jpg?resize=500%2C766\" alt=\"\" class=\"wp-image-36\" width=\"375\" height=\"575\"\/><figcaption>Monument aux Morts et Kiosque de Bersillies<\/figcaption><\/figure><\/div>\n\n\n\n<p>Kiosque \u00e0 danser cylindrique sur pied unique situ\u00e9 derri\u00e8re le Monument aux Morts. Sa d\u00e9t\u00e9rioration le condamna \u00e0 dispara\u00eetre de la Place de la Salle des F\u00eates entre 1955 et 1960.<\/p>\n\n\n\n<div class=\"wp-block-image\"><figure class=\"aligncenter is-resized\"><img loading=\"lazy\" decoding=\"async\" src=\"https:\/\/upload.wikimedia.org\/wikipedia\/commons\/thumb\/a\/ac\/Bersillies_%28Nord%2C_Fr%29_mairie.JPG\/1280px-Bersillies_%28Nord%2C_Fr%29_mairie.JPG\" alt=\"Bersillies\" width=\"640\" height=\"480\"\/><figcaption>La Mairie de Bersillies Photo Havang<\/figcaption><\/figure><\/div>\n\n\n\n<p><strong>s<\/strong><\/p>\n\n\n\n<div class=\"wp-block-image\"><figure class=\"aligncenter is-resized\"><img loading=\"lazy\" decoding=\"async\" data-attachment-id=\"207\" data-permalink=\"https:\/\/patrimoine-avesnois.fr\/chemin\/bavay\/capture3-6\/\" data-orig-file=\"https:\/\/i0.wp.com\/patrimoine-avesnois.fr\/chemin\/wp-content\/uploads\/2019\/03\/Capture3-5.png?fit=871%2C653&amp;ssl=1\" data-orig-size=\"871,653\" data-comments-opened=\"1\" data-image-meta=\"{&quot;aperture&quot;:&quot;0&quot;,&quot;credit&quot;:&quot;&quot;,&quot;camera&quot;:&quot;&quot;,&quot;caption&quot;:&quot;&quot;,&quot;created_timestamp&quot;:&quot;0&quot;,&quot;copyright&quot;:&quot;&quot;,&quot;focal_length&quot;:&quot;0&quot;,&quot;iso&quot;:&quot;0&quot;,&quot;shutter_speed&quot;:&quot;0&quot;,&quot;title&quot;:&quot;&quot;,&quot;orientation&quot;:&quot;0&quot;}\" data-image-title=\"Capture3\" data-image-description=\"\" data-image-caption=\"\" data-large-file=\"https:\/\/i0.wp.com\/patrimoine-avesnois.fr\/chemin\/wp-content\/uploads\/2019\/03\/Capture3-5.png?fit=840%2C630&amp;ssl=1\" src=\"https:\/\/i0.wp.com\/patrimoine-avesnois.fr\/censes\/wp-content\/uploads\/2019\/02\/Capture-103.png?w=840\" alt=\"\" class=\"wp-image-207\" width=\"579\" height=\"387\"\/><figcaption><a href=\"https:\/\/www.google.fr\/maps\/place\/59600+Bersillies\/@50.328698,3.9955501,505m\/data=!3m1!1e3!4m5!3m4!1s0x47c2424caeb008dd:0x549db1ad05c62ac6!8m2!3d50.321742!4d4.005085\" target=\"_blank\" rel=\"noreferrer noopener\">Ferme du Sart<\/a><\/figcaption><\/figure><\/div>\n\n\n\n<p>La ferme du Sart appartenait au XVIII e si\u00e8cle au chapitre de Sainte-Aldegonde. Elle fut vendue comme bien national. C\u2019est pr\u00e8s de cette ferme que commen\u00e7a le fameux combat qui, le 13 juin 1792, se termina au hameau de la Glisuelle. Nestor Mairiau \u00e9tait le fermier de la cense du Sart. Fran\u00e7ois Maurice Nestor Mairiau naquit le 5 Janvier 1740 \u00e0 Rousies, \u00e0 la cense de la Genette. Il \u00e9tait fils de Marcel Fran\u00e7ois et de Catherine Dusart.<\/p>\n\n\n\n<p>Il \u00e9pousa le 27 janvier 1768, \u00e0 Mairieux, Marie Th\u00e9r\u00e8se Rammery, \u00e2g\u00e9e de 35 ans, \u00ab&nbsp;fermi\u00e8re au Sart&nbsp;\u00bb, fille de Jean Pierre et de Marie Th\u00e9r\u00e8se Moreau, dont il aura quatre enfants n\u00e9s \u00e0 Mairieux: Nestor Fran\u00e7ois, n\u00e9 le 5 janvier 1770, Marie Th\u00e9r\u00e8se Norbertine, n\u00e9e le 9 d\u00e9cembre 1771, Aldegonde Joseph, n\u00e9e le 7 juin 1774, et Marie Philippine Louise, n\u00e9e le 25 mars 1777. Par son mariage, Nestor devint donc censier du Sart. Il prit parti pour la R\u00e9volution et devint colonel du 10e r\u00e9giment de hussards cr\u00e9\u00e9 le 4 juin 1793. Il d\u00e9c\u00e9da le 11 Janvier 1816 \u00e0 Valenciennes.<\/p>\n\n\n\n<p>Un proc\u00e8s verbal d\u2019adjudication en date du 24 thermidor an IV (11 ao\u00fbt 1796) indique que C\u00e9lestine Derbaix s\u2019est rendue propri\u00e9taire de la ferme \u00e0 Bersillies Mairieux et Bettignies provenant du Chapitre Ste Aldegonde de Maubeuge.&nbsp;<a href=\"https:\/\/gw.geneanet.org\/linowagner?lang=fr&amp;pz=robert+jean+joseph&amp;nz=wagner&amp;p=celestine+henriette+joseph&amp;n=derbaix\" target=\"_blank\" rel=\"noreferrer noopener\">C\u00e9lestine Derbay<\/a>&nbsp;n\u00e9e en 1765 \u00e0 Havay (Belgique) et d\u00e9c\u00e9d\u00e9e le 29 janvier 1830 \u00e0 Maubeuge \u00e9tait \u00ab&nbsp;fille de Notre Dame \u00e0 Mons&nbsp;\u00bb, couvent ferm\u00e9 \u00e0 la R\u00e9volution fran\u00e7aise,devenue prison puis d\u00e9p\u00f4t de mendicit\u00e9.<\/p>\n\n\n\n<p><\/p>\n\n\n\n<div class=\"wp-block-image\"><figure class=\"aligncenter is-resized\"><img data-recalc-dims=\"1\" loading=\"lazy\" decoding=\"async\" data-attachment-id=\"429\" data-permalink=\"https:\/\/patrimoine-avesnois.fr\/chemin\/bettrechies\/416_001\/\" data-orig-file=\"https:\/\/i0.wp.com\/patrimoine-avesnois.fr\/chemin\/wp-content\/uploads\/2019\/03\/416_001.jpg?fit=1047%2C686&amp;ssl=1\" data-orig-size=\"1047,686\" data-comments-opened=\"1\" data-image-meta=\"{&quot;aperture&quot;:&quot;0&quot;,&quot;credit&quot;:&quot;&quot;,&quot;camera&quot;:&quot;&quot;,&quot;caption&quot;:&quot;&quot;,&quot;created_timestamp&quot;:&quot;1553940662&quot;,&quot;copyright&quot;:&quot;&quot;,&quot;focal_length&quot;:&quot;0&quot;,&quot;iso&quot;:&quot;0&quot;,&quot;shutter_speed&quot;:&quot;0&quot;,&quot;title&quot;:&quot;&quot;,&quot;orientation&quot;:&quot;1&quot;}\" data-image-title=\"416_001\" data-image-description=\"\" data-image-caption=\"\" data-large-file=\"https:\/\/i0.wp.com\/patrimoine-avesnois.fr\/chemin\/wp-content\/uploads\/2019\/03\/416_001.jpg?fit=840%2C550&amp;ssl=1\" src=\"https:\/\/i0.wp.com\/www.moulins-avesnois.fr\/wp-content\/uploads\/2018\/01\/Bersillies.jpg?resize=547%2C435\" alt=\"\" class=\"wp-image-429\" width=\"547\" height=\"435\"\/><figcaption>Le moulin de Bersillies<\/figcaption><\/figure><\/div>\n\n\n\n<p>Bersillies n\u2019a compt\u00e9 qu\u2019un seul moulin \u00e0 eau qui appartenait avant 1789 au Coll\u00e8ge de Maubeuge. Il \u00e9tait \u00e0 deux tournants et \u00e9rig\u00e9 sur 1 hectare 19 ares 12 centiares. Mis en vente aux ench\u00e8res en 1799 le citoyen Claro de Douai l\u2019acquit pour la somme de 300.500 francs apr\u00e8s 53 feux. Le locataire et meunier Jean Baptiste Wattremez mari\u00e9 \u00e0 Maxellence Lecouvet en devint imm\u00e9diatement le propri\u00e9taire, Claro n\u2019ayant servi que d\u2019interm\u00e9diaire. Le moulin fit l\u2019objet en 1812 d\u2019un arr\u00eat\u00e9 pr\u00e9fectoral qui fixa la hauteur des vannes de d\u00e9charge et du point d\u2019eau. Au d\u00e9c\u00e8s en 1823 de Jean Baptiste ses enfants h\u00e9rit\u00e8rent du moulin. Son fils Alexandre y \u00e9tait meunier en 1827. Une de ses s\u0153urs Marie Th\u00e9r\u00e8se y d\u00e9c\u00e9da en 1864 tandis que son \u00e9poux Ferdinand Hannecart l\u2019avait entre temps en 1857 mis en vente. Il \u00e9tait &nbsp;\u00ab&nbsp;mont\u00e9 \u00e0 l\u2019anglaise, compos\u00e9 de deux paires de meules, nettoyage, rouets en fonte, le tout nouvellement restaur\u00e9&nbsp;\u00bb. Il fut de nouveau mis en vente \u00e0 plusieurs reprises en 1867 par suite d\u2019un proc\u00e8s de saisie immobili\u00e8re contre \u00ab&nbsp;Florent Hannecart, propri\u00e9taire et meunier, et la dame Uranie Wattremez son \u00e9pouse&nbsp;\u00bb. Celle-ci \u00e9tait la petite fille de Jean Baptiste et donc la ni\u00e8ce de Marie Th\u00e9r\u00e8se. Quant \u00e0 Florent il \u00e9tait le neveu de Ferdinand.<\/p>\n\n\n\n<p>Ce fut finalement le notaire Jean Baptiste Bottieau qui l\u2019acquit alors que Joseph Prosper Hug\u00e9 mari\u00e9 \u00e0 Marie Philippe Descamps l\u2019occupait en tant que meunier. En 1872 et 1873 plusieurs riverains se plaignirent de la trop haute tenue des eaux du moulin. Une enqu\u00eate conclut \u00e0 la construction d\u2019un d\u00e9versoir et \u00e0 la n\u00e9cessit\u00e9 de travaux, lesquels en 1882 n\u2019\u00e9taient pas encore ex\u00e9cut\u00e9s. Depuis le 18 juillet 1876, Fran\u00e7ois Delevacque s\u2019\u00e9tait rendu acqu\u00e9reur de l\u2019usine qui avait trois paires de meules. Il s\u2019\u00e9tait mari\u00e9 l\u2019ann\u00e9e pr\u00e9c\u00e9dente avec Maria C\u00e9lina Louise Balleux \u00e0 Saint Aubin o\u00f9 il \u00e9tait meunier. Il avait pour t\u00e9moins ses fr\u00e8res L\u00e9on 32 ans \u00e9galement meunier \u00e0 Saint Aubin&nbsp; mari\u00e9 \u00e0 Amandine Olivier et Augustin 37 ans meunier \u00e0 Taisni\u00e8res en Thi\u00e9rache (cette branche ira s\u2019installer \u00e0 St R\u00e9my Chauss\u00e9e comme meunier avec ses fils Augustin \u00b0 1869 Taisni\u00e8res et Paul \u00b0 1877 Taisni\u00e8res).<\/p>\n\n\n\n<p>Maria mourut en 1917 et Fran\u00e7ois en 1937. Les b\u00e2timents furent alors convertis en habitation, encore existante de nos jours.<\/p>\n\n\n\n<p><\/p>\n\n\n\n<div class=\"wp-block-image\"><figure class=\"aligncenter\"><img data-recalc-dims=\"1\" loading=\"lazy\" decoding=\"async\" width=\"619\" height=\"404\" data-attachment-id=\"408\" data-permalink=\"https:\/\/patrimoine-avesnois.fr\/chemin\/bersillies\/image-10\/\" data-orig-file=\"https:\/\/i0.wp.com\/patrimoine-avesnois.fr\/chemin\/wp-content\/uploads\/2019\/03\/image-9.png?fit=619%2C404&amp;ssl=1\" data-orig-size=\"619,404\" data-comments-opened=\"1\" data-image-meta=\"{&quot;aperture&quot;:&quot;0&quot;,&quot;credit&quot;:&quot;&quot;,&quot;camera&quot;:&quot;&quot;,&quot;caption&quot;:&quot;&quot;,&quot;created_timestamp&quot;:&quot;0&quot;,&quot;copyright&quot;:&quot;&quot;,&quot;focal_length&quot;:&quot;0&quot;,&quot;iso&quot;:&quot;0&quot;,&quot;shutter_speed&quot;:&quot;0&quot;,&quot;title&quot;:&quot;&quot;,&quot;orientation&quot;:&quot;0&quot;}\" data-image-title=\"image\" data-image-description=\"\" data-image-caption=\"\" data-large-file=\"https:\/\/i0.wp.com\/patrimoine-avesnois.fr\/chemin\/wp-content\/uploads\/2019\/03\/image-9.png?fit=619%2C404&amp;ssl=1\" src=\"https:\/\/i0.wp.com\/patrimoine-avesnois.fr\/chemin\/wp-content\/uploads\/2019\/03\/image-9.png?resize=619%2C404\" alt=\"\" class=\"wp-image-408\" srcset=\"https:\/\/i0.wp.com\/patrimoine-avesnois.fr\/chemin\/wp-content\/uploads\/2019\/03\/image-9.png?w=619&amp;ssl=1 619w, https:\/\/i0.wp.com\/patrimoine-avesnois.fr\/chemin\/wp-content\/uploads\/2019\/03\/image-9.png?resize=300%2C196&amp;ssl=1 300w\" sizes=\"auto, (max-width: 619px) 85vw, 619px\" \/><figcaption> <br><em>Le Fort de Bersillies. <\/em><br><em>Voir le site  <\/em><a href=\"https:\/\/wikimaginot.eu\/V70_construction_detail.php?id=10501\" target=\"_blank\" rel=\"noreferrer noopener\">https:\/\/wikimaginot.eu\/V70_construction_detail.php?id=10501<\/a><em> <\/em> <\/figcaption><\/figure><\/div>\n\n\n\n<p>Pendant les deux guerres mondiales, Bersillies fait partie de la ligne de d\u00e9fense autour de Maubeuge. Au d\u00e9but du 1<sup>er<\/sup>&nbsp;conflit mondial, Bersillies se trouve sous le feu ennemi et occup\u00e9. Le fort dut \u00eatre \u00e9vacu\u00e9 par ordre le 6 septembre 1914, apr\u00e8s un si\u00e8ge de 9 jours qui avait an\u00e9anti toutes ses d\u00e9fenses. En 1940 il avait \u00e9t\u00e9 modernis\u00e9, avec deux blocs reli\u00e9s par une galerie sout\u00e9rraine. Le 22 mai, lors de la premi\u00e8re journ\u00e9s de bombardement, un obus d\u00e9truit les bouches d&rsquo;\u00e9vacuation des gaz. Le lendemain le fort doit capituler suite \u00e0 l&rsquo;assaut des chars. Les victimes de ce conflit ont \u00e9t\u00e9 transf\u00e9r\u00e9es \u00e0 la n\u00e9cropole d\u2019Assevent. <\/p>\n\n\n\n<div class=\"wp-block-image\"><figure class=\"aligncenter size-large is-resized\"><img data-recalc-dims=\"1\" loading=\"lazy\" decoding=\"async\" data-attachment-id=\"16792\" data-permalink=\"https:\/\/patrimoine-avesnois.fr\/chemin\/bersillies\/image-89-8\/\" data-orig-file=\"https:\/\/i0.wp.com\/patrimoine-avesnois.fr\/chemin\/wp-content\/uploads\/2021\/12\/image-89.png?fit=615%2C427&amp;ssl=1\" data-orig-size=\"615,427\" data-comments-opened=\"1\" data-image-meta=\"{&quot;aperture&quot;:&quot;0&quot;,&quot;credit&quot;:&quot;&quot;,&quot;camera&quot;:&quot;&quot;,&quot;caption&quot;:&quot;&quot;,&quot;created_timestamp&quot;:&quot;0&quot;,&quot;copyright&quot;:&quot;&quot;,&quot;focal_length&quot;:&quot;0&quot;,&quot;iso&quot;:&quot;0&quot;,&quot;shutter_speed&quot;:&quot;0&quot;,&quot;title&quot;:&quot;&quot;,&quot;orientation&quot;:&quot;0&quot;}\" data-image-title=\"image-89\" data-image-description=\"\" data-image-caption=\"\" data-large-file=\"https:\/\/i0.wp.com\/patrimoine-avesnois.fr\/chemin\/wp-content\/uploads\/2021\/12\/image-89.png?fit=615%2C427&amp;ssl=1\" src=\"https:\/\/i0.wp.com\/patrimoine-avesnois.fr\/chemin\/wp-content\/uploads\/2021\/12\/image-89.png?resize=642%2C446\" alt=\"\" class=\"wp-image-16792\" width=\"642\" height=\"446\" srcset=\"https:\/\/i0.wp.com\/patrimoine-avesnois.fr\/chemin\/wp-content\/uploads\/2021\/12\/image-89.png?w=615&amp;ssl=1 615w, https:\/\/i0.wp.com\/patrimoine-avesnois.fr\/chemin\/wp-content\/uploads\/2021\/12\/image-89.png?resize=300%2C208&amp;ssl=1 300w\" sizes=\"auto, (max-width: 642px) 85vw, 642px\" \/><\/figure><\/div>\n","protected":false},"excerpt":{"rendered":"<p>Bersillies appartint de tout temps, avec ses d\u00e9pendances, au chapitre de Sainte Aldegonde , qui y poss\u00e9dait des rentes, des revenus, et la plupart des droits seigneuriaux. L&rsquo;\u00e9glise est d&rsquo;ailleurs d\u00e9di\u00e9e \u00e0 la sainte patronne de Maubeuge. Le village a \u00e9t\u00e9 d\u00e9vast\u00e9 en 1554 par les troupes de&nbsp;Henri II, marchant sur Maubeuge. De cette ann\u00e9e &hellip; <a href=\"https:\/\/patrimoine-avesnois.fr\/chemin\/bersillies\/\" class=\"more-link\">Continuer la lecture<span class=\"screen-reader-text\"> de &laquo;&nbsp;Bersillies&nbsp;&raquo;<\/span><\/a><\/p>\n","protected":false},"author":2,"featured_media":0,"parent":0,"menu_order":0,"comment_status":"closed","ping_status":"closed","template":"","meta":{"jetpack_post_was_ever_published":false,"footnotes":""},"class_list":["post-404","page","type-page","status-publish","hentry"],"jetpack_sharing_enabled":true,"jetpack_shortlink":"https:\/\/wp.me\/PaOEkN-6w","jetpack-related-posts":[],"_links":{"self":[{"href":"https:\/\/patrimoine-avesnois.fr\/chemin\/wp-json\/wp\/v2\/pages\/404","targetHints":{"allow":["GET"]}}],"collection":[{"href":"https:\/\/patrimoine-avesnois.fr\/chemin\/wp-json\/wp\/v2\/pages"}],"about":[{"href":"https:\/\/patrimoine-avesnois.fr\/chemin\/wp-json\/wp\/v2\/types\/page"}],"author":[{"embeddable":true,"href":"https:\/\/patrimoine-avesnois.fr\/chemin\/wp-json\/wp\/v2\/users\/2"}],"replies":[{"embeddable":true,"href":"https:\/\/patrimoine-avesnois.fr\/chemin\/wp-json\/wp\/v2\/comments?post=404"}],"version-history":[{"count":0,"href":"https:\/\/patrimoine-avesnois.fr\/chemin\/wp-json\/wp\/v2\/pages\/404\/revisions"}],"wp:attachment":[{"href":"https:\/\/patrimoine-avesnois.fr\/chemin\/wp-json\/wp\/v2\/media?parent=404"}],"curies":[{"name":"wp","href":"https:\/\/api.w.org\/{rel}","templated":true}]}}