{"id":410,"date":"2019-03-29T22:15:26","date_gmt":"2019-03-29T21:15:26","guid":{"rendered":"http:\/\/patrimoine-avesnois.fr\/chemin\/?page_id=410"},"modified":"2019-03-29T22:39:33","modified_gmt":"2019-03-29T21:39:33","slug":"bettignies","status":"publish","type":"page","link":"https:\/\/patrimoine-avesnois.fr\/chemin\/bettignies\/","title":{"rendered":"Bettignies"},"content":{"rendered":"\n<div class=\"wp-block-image\"><figure class=\"aligncenter is-resized\"><img data-recalc-dims=\"1\" loading=\"lazy\" decoding=\"async\" data-attachment-id=\"411\" data-permalink=\"https:\/\/patrimoine-avesnois.fr\/chemin\/bettignies\/384_001\/\" data-orig-file=\"https:\/\/i0.wp.com\/patrimoine-avesnois.fr\/chemin\/wp-content\/uploads\/2019\/03\/384_001.jpg?fit=509%2C334&amp;ssl=1\" data-orig-size=\"509,334\" data-comments-opened=\"1\" data-image-meta=\"{&quot;aperture&quot;:&quot;0&quot;,&quot;credit&quot;:&quot;&quot;,&quot;camera&quot;:&quot;&quot;,&quot;caption&quot;:&quot;&quot;,&quot;created_timestamp&quot;:&quot;1553894774&quot;,&quot;copyright&quot;:&quot;&quot;,&quot;focal_length&quot;:&quot;0&quot;,&quot;iso&quot;:&quot;0&quot;,&quot;shutter_speed&quot;:&quot;0&quot;,&quot;title&quot;:&quot;&quot;,&quot;orientation&quot;:&quot;1&quot;}\" data-image-title=\"384_001\" data-image-description=\"\" data-image-caption=\"\" data-large-file=\"https:\/\/i0.wp.com\/patrimoine-avesnois.fr\/chemin\/wp-content\/uploads\/2019\/03\/384_001.jpg?fit=509%2C334&amp;ssl=1\" src=\"https:\/\/i0.wp.com\/patrimoine-avesnois.fr\/chemin\/wp-content\/uploads\/2019\/03\/384_001.jpg?resize=593%2C389\" alt=\"\" class=\"wp-image-411\" width=\"593\" height=\"389\" srcset=\"https:\/\/i0.wp.com\/patrimoine-avesnois.fr\/chemin\/wp-content\/uploads\/2019\/03\/384_001.jpg?w=509&amp;ssl=1 509w, https:\/\/i0.wp.com\/patrimoine-avesnois.fr\/chemin\/wp-content\/uploads\/2019\/03\/384_001.jpg?resize=300%2C197&amp;ssl=1 300w\" sizes=\"auto, (max-width: 593px) 85vw, 593px\" \/><figcaption>La douane en 1906<\/figcaption><\/figure><\/div>\n\n\n\n<figure class=\"wp-block-image\"><img loading=\"lazy\" decoding=\"async\" width=\"1512\" height=\"996\" data-attachment-id=\"412\" data-permalink=\"https:\/\/patrimoine-avesnois.fr\/chemin\/bettignies\/047_001\/\" data-orig-file=\"https:\/\/i0.wp.com\/patrimoine-avesnois.fr\/chemin\/wp-content\/uploads\/2019\/03\/047_001.jpg?fit=1512%2C996&amp;ssl=1\" data-orig-size=\"1512,996\" data-comments-opened=\"1\" data-image-meta=\"{&quot;aperture&quot;:&quot;0&quot;,&quot;credit&quot;:&quot;&quot;,&quot;camera&quot;:&quot;&quot;,&quot;caption&quot;:&quot;&quot;,&quot;created_timestamp&quot;:&quot;1553894753&quot;,&quot;copyright&quot;:&quot;&quot;,&quot;focal_length&quot;:&quot;0&quot;,&quot;iso&quot;:&quot;0&quot;,&quot;shutter_speed&quot;:&quot;0&quot;,&quot;title&quot;:&quot;&quot;,&quot;orientation&quot;:&quot;1&quot;}\" data-image-title=\"047_001\" data-image-description=\"\" data-image-caption=\"\" data-large-file=\"https:\/\/i0.wp.com\/patrimoine-avesnois.fr\/chemin\/wp-content\/uploads\/2019\/03\/047_001.jpg?fit=840%2C554&amp;ssl=1\" src=\"https:\/\/i2.wp.com\/patrimoine-avesnois.fr\/chemin\/wp-content\/uploads\/2019\/03\/047_001.jpg?fit=840%2C554\" alt=\"\" class=\"wp-image-412\" srcset=\"https:\/\/i0.wp.com\/patrimoine-avesnois.fr\/chemin\/wp-content\/uploads\/2019\/03\/047_001.jpg?w=1512&amp;ssl=1 1512w, https:\/\/i0.wp.com\/patrimoine-avesnois.fr\/chemin\/wp-content\/uploads\/2019\/03\/047_001.jpg?resize=300%2C198&amp;ssl=1 300w, https:\/\/i0.wp.com\/patrimoine-avesnois.fr\/chemin\/wp-content\/uploads\/2019\/03\/047_001.jpg?resize=768%2C506&amp;ssl=1 768w, https:\/\/i0.wp.com\/patrimoine-avesnois.fr\/chemin\/wp-content\/uploads\/2019\/03\/047_001.jpg?resize=1024%2C675&amp;ssl=1 1024w, https:\/\/i0.wp.com\/patrimoine-avesnois.fr\/chemin\/wp-content\/uploads\/2019\/03\/047_001.jpg?resize=1200%2C790&amp;ssl=1 1200w\" sizes=\"auto, (max-width: 709px) 85vw, (max-width: 909px) 67vw, (max-width: 1362px) 62vw, 840px\" \/><figcaption>La douane dans les ann\u00e9es 1940<\/figcaption><\/figure>\n\n\n\n<figure class=\"wp-block-image\"><img loading=\"lazy\" decoding=\"async\" width=\"1567\" height=\"1003\" data-attachment-id=\"413\" data-permalink=\"https:\/\/patrimoine-avesnois.fr\/chemin\/bettignies\/007_001\/\" data-orig-file=\"https:\/\/i0.wp.com\/patrimoine-avesnois.fr\/chemin\/wp-content\/uploads\/2019\/03\/007_001.jpg?fit=1567%2C1003&amp;ssl=1\" data-orig-size=\"1567,1003\" data-comments-opened=\"1\" data-image-meta=\"{&quot;aperture&quot;:&quot;0&quot;,&quot;credit&quot;:&quot;&quot;,&quot;camera&quot;:&quot;&quot;,&quot;caption&quot;:&quot;&quot;,&quot;created_timestamp&quot;:&quot;1553894292&quot;,&quot;copyright&quot;:&quot;&quot;,&quot;focal_length&quot;:&quot;0&quot;,&quot;iso&quot;:&quot;0&quot;,&quot;shutter_speed&quot;:&quot;0&quot;,&quot;title&quot;:&quot;&quot;,&quot;orientation&quot;:&quot;1&quot;}\" data-image-title=\"007_001\" data-image-description=\"\" data-image-caption=\"\" data-large-file=\"https:\/\/i0.wp.com\/patrimoine-avesnois.fr\/chemin\/wp-content\/uploads\/2019\/03\/007_001.jpg?fit=840%2C537&amp;ssl=1\" src=\"https:\/\/i2.wp.com\/patrimoine-avesnois.fr\/chemin\/wp-content\/uploads\/2019\/03\/007_001.jpg?fit=840%2C537\" alt=\"\" class=\"wp-image-413\" srcset=\"https:\/\/i0.wp.com\/patrimoine-avesnois.fr\/chemin\/wp-content\/uploads\/2019\/03\/007_001.jpg?w=1567&amp;ssl=1 1567w, https:\/\/i0.wp.com\/patrimoine-avesnois.fr\/chemin\/wp-content\/uploads\/2019\/03\/007_001.jpg?resize=300%2C192&amp;ssl=1 300w, https:\/\/i0.wp.com\/patrimoine-avesnois.fr\/chemin\/wp-content\/uploads\/2019\/03\/007_001.jpg?resize=768%2C492&amp;ssl=1 768w, https:\/\/i0.wp.com\/patrimoine-avesnois.fr\/chemin\/wp-content\/uploads\/2019\/03\/007_001.jpg?resize=1024%2C655&amp;ssl=1 1024w, https:\/\/i0.wp.com\/patrimoine-avesnois.fr\/chemin\/wp-content\/uploads\/2019\/03\/007_001.jpg?resize=1200%2C768&amp;ssl=1 1200w\" sizes=\"auto, (max-width: 709px) 85vw, (max-width: 909px) 67vw, (max-width: 1362px) 62vw, 840px\" \/><figcaption>La douane dans les ann\u00e9es 1960. Guinguettes, dancings et restaurants autour des bureaux de douane.<\/figcaption><\/figure>\n\n\n\n<p>Bettignies \u00e9tait un petit village de douaniers, \u00e0 la fronti\u00e8re sur la route Paris Bruxelles. <\/p>\n\n\n\n<div class=\"wp-block-image\"><figure class=\"aligncenter\"><img loading=\"lazy\" decoding=\"async\" width=\"1279\" height=\"959\" data-attachment-id=\"414\" data-permalink=\"https:\/\/patrimoine-avesnois.fr\/chemin\/bettignies\/1280px-eglisebettignies120507_9\/\" data-orig-file=\"https:\/\/i0.wp.com\/patrimoine-avesnois.fr\/chemin\/wp-content\/uploads\/2019\/03\/1280px-%C3%89gliseBettignies120507_9.jpg?fit=1279%2C959&amp;ssl=1\" data-orig-size=\"1279,959\" data-comments-opened=\"1\" data-image-meta=\"{&quot;aperture&quot;:&quot;0&quot;,&quot;credit&quot;:&quot;&quot;,&quot;camera&quot;:&quot;&quot;,&quot;caption&quot;:&quot;&quot;,&quot;created_timestamp&quot;:&quot;1553895528&quot;,&quot;copyright&quot;:&quot;&quot;,&quot;focal_length&quot;:&quot;0&quot;,&quot;iso&quot;:&quot;0&quot;,&quot;shutter_speed&quot;:&quot;0&quot;,&quot;title&quot;:&quot;&quot;,&quot;orientation&quot;:&quot;1&quot;}\" data-image-title=\"1280px-\u00c9gliseBettignies120507_(9)\" data-image-description=\"\" data-image-caption=\"\" data-large-file=\"https:\/\/i0.wp.com\/patrimoine-avesnois.fr\/chemin\/wp-content\/uploads\/2019\/03\/1280px-%C3%89gliseBettignies120507_9.jpg?fit=840%2C630&amp;ssl=1\" src=\"https:\/\/i2.wp.com\/patrimoine-avesnois.fr\/chemin\/wp-content\/uploads\/2019\/03\/1280px-\u00c9gliseBettignies120507_9.jpg?fit=840%2C630\" alt=\"\" class=\"wp-image-414\" srcset=\"https:\/\/i0.wp.com\/patrimoine-avesnois.fr\/chemin\/wp-content\/uploads\/2019\/03\/1280px-%C3%89gliseBettignies120507_9.jpg?w=1279&amp;ssl=1 1279w, https:\/\/i0.wp.com\/patrimoine-avesnois.fr\/chemin\/wp-content\/uploads\/2019\/03\/1280px-%C3%89gliseBettignies120507_9.jpg?resize=300%2C225&amp;ssl=1 300w, https:\/\/i0.wp.com\/patrimoine-avesnois.fr\/chemin\/wp-content\/uploads\/2019\/03\/1280px-%C3%89gliseBettignies120507_9.jpg?resize=768%2C576&amp;ssl=1 768w, https:\/\/i0.wp.com\/patrimoine-avesnois.fr\/chemin\/wp-content\/uploads\/2019\/03\/1280px-%C3%89gliseBettignies120507_9.jpg?resize=1024%2C768&amp;ssl=1 1024w, https:\/\/i0.wp.com\/patrimoine-avesnois.fr\/chemin\/wp-content\/uploads\/2019\/03\/1280px-%C3%89gliseBettignies120507_9.jpg?resize=1200%2C900&amp;ssl=1 1200w\" sizes=\"auto, (max-width: 709px) 85vw, (max-width: 909px) 67vw, (max-width: 1362px) 62vw, 840px\" \/><figcaption>L&rsquo;\u00e9glise de Bettignies<\/figcaption><\/figure><\/div>\n\n\n\n<p> Au&nbsp;XII e si\u00e8cle<abbr title=\"12\u1d49 si\u00e8cle\"><sup>e<\/sup><\/abbr>&nbsp;si\u00e8cle, Bettignies poss\u00e9dait d\u00e9j\u00e0 une \u00e9glise d\u00e9di\u00e9e \u00e0 Saint-Nicolas. Elle relevait du chapitre Saint-Germain \u00e0 Mons. Le pape&nbsp;<a href=\"https:\/\/fr.wikipedia.org\/wiki\/Lucius_III\">Lucius III<\/a>&nbsp;a fait mention de ce village en f\u00e9vrier 1181. Il a accord\u00e9 aux chanoines de Saint-Germain la protection des biens qu&rsquo;il poss\u00e9dait. Bettignies, vu son peu d&rsquo;importance, n&rsquo;avait ni cur\u00e9 ni instituteur. L&rsquo;\u00e9glise est petite mais elle est suffisante pour le nombre d&rsquo;habitants. Autrefois, elle se trouvait pr\u00e8s de la ferme du ch\u00e2teau. Elle fut souvent prise pour une cabane lorsqu&rsquo;elle \u00e9tait couverte d&rsquo;un toit de chaume. Mais aujourd&rsquo;hui cette \u00e9glise a fait place \u00e0 une autre, construite en face de la mairie en 1879, suite aux nombreuses destructions dues aux guerres. <\/p>\n\n\n\n<p>En effet,  Bettignies a souvent souffert du passage des arm\u00e9es. En 1694, le village fut compl\u00e8tement ruin\u00e9 lors des tentatives du&nbsp;<a href=\"https:\/\/fr.wikipedia.org\/wiki\/Prince_d%27Orange\">Prince d&rsquo;Orange<\/a>&nbsp;contre le&nbsp;<a href=\"https:\/\/fr.wikipedia.org\/wiki\/Fran%C3%A7ois-Henri_de_Montmorency-Luxembourg\">Mar\u00e9chal de Luxembourg<\/a>&nbsp;et la ville de&nbsp;<a href=\"https:\/\/fr.wikipedia.org\/wiki\/Maubeuge\">Maubeuge<\/a>. En 1792, l&rsquo;avant-garde du g\u00e9n\u00e9ral&nbsp;<a href=\"https:\/\/fr.wikipedia.org\/wiki\/Gilbert_du_Motier_de_La_Fayette\">La Fayette<\/a>&nbsp;a camp\u00e9 \u00e0 Bettignies pour le combat de&nbsp;<a href=\"https:\/\/fr.wikipedia.org\/w\/index.php?title=La_Griso%C3%ABlle&amp;action=edit&amp;redlink=1\">la Griso\u00eblle<\/a>&nbsp;\u00e0&nbsp;<a href=\"https:\/\/fr.wikipedia.org\/wiki\/Mairieux\">Mairieux<\/a>. Bettignies fut saccag\u00e9 par les Autrichiens et fut abandonn\u00e9 par ses habitants. Ces Autrichiens sont revenus l&rsquo;ann\u00e9e suivante pour la bataille de&nbsp;<a href=\"https:\/\/fr.wikipedia.org\/wiki\/Bataille_de_Jemappes\">Jemmapes<\/a>&nbsp;(<a href=\"https:\/\/fr.wikipedia.org\/wiki\/Belgique\">Belgique<\/a>) et form\u00e8rent diff\u00e9rents camps sur la plaine de Bettignies et sur celles de&nbsp;<a href=\"https:\/\/fr.wikipedia.org\/wiki\/Grand-Reng\">Grand-Reng<\/a>&nbsp;(village belge) et&nbsp;<a href=\"https:\/\/fr.wikipedia.org\/wiki\/Villers-Sire-Nicole\">Villers-Sire-Nicole<\/a>&nbsp;(village proche de Bettignies). Ces camps sont renforc\u00e9s en 1794 et furent lev\u00e9s. Le g\u00e9n\u00e9ral&nbsp;<a href=\"https:\/\/fr.wikipedia.org\/wiki\/Jean-Baptiste_Kl%C3%A9ber\">Kl\u00e9ber<\/a>&nbsp;pendant une de ces tentatives, favorisa leur mouvement par une marche pour que l&rsquo;ennemi parte. Ce fut couronn\u00e9 de succ\u00e8s. Au&nbsp;<a href=\"https:\/\/fr.wikipedia.org\/w\/index.php?title=Bois-Bourdon&amp;action=edit&amp;redlink=1\">Bois-Bourdon<\/a>, au croisement de la route de Mons et la&nbsp;<a href=\"https:\/\/fr.wikipedia.org\/wiki\/Chauss%C3%A9e_Brunehaut\">chauss\u00e9e Brunehaut<\/a>&nbsp;se rattache une anecdote historique. Le 10 novembre 1815, le g\u00e9n\u00e9ral&nbsp;<a href=\"https:\/\/fr.wikipedia.org\/wiki\/Gebhard_Leberecht_von_Bl%C3%BCcher\">Bl\u00fccher<\/a>&nbsp;passe \u00e0&nbsp;<a href=\"https:\/\/fr.wikipedia.org\/wiki\/Maubeuge\">Maubeuge<\/a>. Il demande un guide pour l&rsquo;amener \u00e0 la chauss\u00e9e Brunehaut pour qu&rsquo;il puisse aller \u00e0&nbsp;<a href=\"https:\/\/fr.wikipedia.org\/wiki\/Tongres\">Tongres<\/a>&nbsp;puis en&nbsp;<a href=\"https:\/\/fr.wikipedia.org\/wiki\/Allemagne\">Allemagne<\/a>. C&rsquo;est Fran\u00e7ois-Joseph Moreau qui a d\u00fb l&#8217;emmener. Au&nbsp;<a href=\"https:\/\/fr.wikipedia.org\/w\/index.php?title=Bois-Bourdon&amp;action=edit&amp;redlink=1\">Bois-Bourdon<\/a>, Bl\u00fccher lui dit en remerciement&nbsp;: \u00ab&nbsp;Je voudrais que tu fusses le dernier Fran\u00e7ais et je te br\u00fblerais la cervelle&nbsp;\u00bb. En 1918, les Allemands sont pass\u00e9s \u00e0 Bettignies pour regagner l&rsquo;<a href=\"https:\/\/fr.wikipedia.org\/wiki\/Allemagne\">Allemagne<\/a>. Ils ont incendi\u00e9 l&rsquo;\u00e9glise, la mairie (\u00e0 l&rsquo;\u00e9tage), plusieurs fermes et plusieurs maisons du village. Ils y sont repass\u00e9s quelques ann\u00e9es plus tard, en 1940. Source : Wikip\u00e9dia<\/p>\n\n\n\n<p>Il y avait \u00e0 l&rsquo;est de l&rsquo;\u00e9glise un ch\u00e2teau qui a \u00e9t\u00e9 ruin\u00e9 pendant les guerres de Louis XIV et n&rsquo;a jamais \u00e9t\u00e9 reconstruit. Les biens du ch\u00e2teau appartenaient au comte de Vanderbuch, descendant d&rsquo;illustres seigneurs au service des comtes de Flandre et des souverains des Pays-Bas.<\/p>\n\n\n\n<div class=\"wp-block-image\"><figure class=\"aligncenter\"><img loading=\"lazy\" decoding=\"async\" width=\"1280\" height=\"960\" data-attachment-id=\"415\" data-permalink=\"https:\/\/patrimoine-avesnois.fr\/chemin\/bettignies\/image-11\/\" data-orig-file=\"https:\/\/i0.wp.com\/patrimoine-avesnois.fr\/chemin\/wp-content\/uploads\/2019\/03\/image-10.png?fit=1280%2C960&amp;ssl=1\" data-orig-size=\"1280,960\" data-comments-opened=\"1\" data-image-meta=\"{&quot;aperture&quot;:&quot;0&quot;,&quot;credit&quot;:&quot;&quot;,&quot;camera&quot;:&quot;&quot;,&quot;caption&quot;:&quot;&quot;,&quot;created_timestamp&quot;:&quot;0&quot;,&quot;copyright&quot;:&quot;&quot;,&quot;focal_length&quot;:&quot;0&quot;,&quot;iso&quot;:&quot;0&quot;,&quot;shutter_speed&quot;:&quot;0&quot;,&quot;title&quot;:&quot;&quot;,&quot;orientation&quot;:&quot;0&quot;}\" data-image-title=\"image\" data-image-description=\"\" data-image-caption=\"\" data-large-file=\"https:\/\/i0.wp.com\/patrimoine-avesnois.fr\/chemin\/wp-content\/uploads\/2019\/03\/image-10.png?fit=840%2C630&amp;ssl=1\" src=\"https:\/\/i2.wp.com\/patrimoine-avesnois.fr\/chemin\/wp-content\/uploads\/2019\/03\/image-10.png?fit=840%2C630\" alt=\"\" class=\"wp-image-415\" srcset=\"https:\/\/i0.wp.com\/patrimoine-avesnois.fr\/chemin\/wp-content\/uploads\/2019\/03\/image-10.png?w=1280&amp;ssl=1 1280w, https:\/\/i0.wp.com\/patrimoine-avesnois.fr\/chemin\/wp-content\/uploads\/2019\/03\/image-10.png?resize=300%2C225&amp;ssl=1 300w, https:\/\/i0.wp.com\/patrimoine-avesnois.fr\/chemin\/wp-content\/uploads\/2019\/03\/image-10.png?resize=768%2C576&amp;ssl=1 768w, https:\/\/i0.wp.com\/patrimoine-avesnois.fr\/chemin\/wp-content\/uploads\/2019\/03\/image-10.png?resize=1024%2C768&amp;ssl=1 1024w, https:\/\/i0.wp.com\/patrimoine-avesnois.fr\/chemin\/wp-content\/uploads\/2019\/03\/image-10.png?resize=1200%2C900&amp;ssl=1 1200w\" sizes=\"auto, (max-width: 709px) 85vw, (max-width: 909px) 67vw, (max-width: 1362px) 62vw, 840px\" \/><figcaption>Mairie Ecole<\/figcaption><\/figure><\/div>\n\n\n\n<figure class=\"wp-block-image\"><img loading=\"lazy\" decoding=\"async\" width=\"800\" height=\"1067\" data-attachment-id=\"416\" data-permalink=\"https:\/\/patrimoine-avesnois.fr\/chemin\/bettignies\/800px-bettignies_nord_fr_monument_aux_morts\/\" data-orig-file=\"https:\/\/i0.wp.com\/patrimoine-avesnois.fr\/chemin\/wp-content\/uploads\/2019\/03\/800px-Bettignies_Nord_Fr_monument_aux_morts.jpg?fit=800%2C1067&amp;ssl=1\" data-orig-size=\"800,1067\" data-comments-opened=\"1\" data-image-meta=\"{&quot;aperture&quot;:&quot;0&quot;,&quot;credit&quot;:&quot;&quot;,&quot;camera&quot;:&quot;&quot;,&quot;caption&quot;:&quot;&quot;,&quot;created_timestamp&quot;:&quot;0&quot;,&quot;copyright&quot;:&quot;&quot;,&quot;focal_length&quot;:&quot;0&quot;,&quot;iso&quot;:&quot;0&quot;,&quot;shutter_speed&quot;:&quot;0&quot;,&quot;title&quot;:&quot;&quot;,&quot;orientation&quot;:&quot;0&quot;}\" data-image-title=\"800px-Bettignies_(Nord,_Fr)_monument_aux_morts\" data-image-description=\"\" data-image-caption=\"\" data-large-file=\"https:\/\/i0.wp.com\/patrimoine-avesnois.fr\/chemin\/wp-content\/uploads\/2019\/03\/800px-Bettignies_Nord_Fr_monument_aux_morts.jpg?fit=768%2C1024&amp;ssl=1\" src=\"https:\/\/i2.wp.com\/patrimoine-avesnois.fr\/chemin\/wp-content\/uploads\/2019\/03\/800px-Bettignies_Nord_Fr_monument_aux_morts.jpg?fit=768%2C1024\" alt=\"\" class=\"wp-image-416\" srcset=\"https:\/\/i0.wp.com\/patrimoine-avesnois.fr\/chemin\/wp-content\/uploads\/2019\/03\/800px-Bettignies_Nord_Fr_monument_aux_morts.jpg?w=800&amp;ssl=1 800w, https:\/\/i0.wp.com\/patrimoine-avesnois.fr\/chemin\/wp-content\/uploads\/2019\/03\/800px-Bettignies_Nord_Fr_monument_aux_morts.jpg?resize=225%2C300&amp;ssl=1 225w, https:\/\/i0.wp.com\/patrimoine-avesnois.fr\/chemin\/wp-content\/uploads\/2019\/03\/800px-Bettignies_Nord_Fr_monument_aux_morts.jpg?resize=768%2C1024&amp;ssl=1 768w\" sizes=\"auto, (max-width: 800px) 85vw, 800px\" \/><figcaption><a href=\"https:\/\/monumentsmorts.univ-lille.fr\/monument\/898\/bettignies-presdeleglise\/?elm=1\">Le Monument aux Morts <\/a><\/figcaption><\/figure>\n\n\n\n<div class=\"wp-block-image\"><figure class=\"aligncenter\"><img data-recalc-dims=\"1\" height=\"1024\" width=\"768\" decoding=\"async\" src=\"https:\/\/i0.wp.com\/oratoiresetchapelles-avesnois.fr\/wp-content\/uploads\/2016\/10\/Bettignies_Nord_Fr_chapelle_chemin_de_la_cure-768x1024.jpg?resize=768%2C1024\" alt=\"\" class=\"wp-image-1181\"\/><figcaption>Chapelle localis\u00e9e <a href=\"https:\/\/www.google.fr\/maps\/@50.3344244,3.9762376,3a,75y,8.93h,90.25t\/data=!3m6!1e1!3m4!1s8uM_qJm0by1K2c21m5VWYw!2e0!7i13312!8i6656?hl=fr\">rue de la Cure<\/a><\/figcaption><\/figure><\/div>\n\n\n\n<p>La fa\u00e7ade de cette unique chapelle sur Bettignies est recouverte de cr\u00e9pi. La porte m\u00e9tallique peinte en rouge dispose de deux vantaux et sa partie sup\u00e9rieure est doubl\u00e9e d\u2019une vitre derri\u00e8re les entrelacs de ferronnerie. Une croix en relief s\u2019affiche en haut du pignon compos\u00e9 de bordures de rives en t\u00f4le zingu\u00e9e.<\/p>\n\n\n\n<p>Une terre appel\u00e9e Pierre-Fontaine, situ\u00e9e \u00e0 l&rsquo;extr\u00e9mit\u00e9 sud-ouest du territoire de Bettignies, a \u00e9t\u00e9 la propri\u00e9t\u00e9 de plusieurs seigneurs&nbsp;: Wuillaume de Parfontaine (homme du comte de Hainaut), Nicaise de Pierre-Fontaine et Jean de Betegnies (t\u00e9moin dans un jugement \u00e0 Bavay en 1181 par le comte de Hainaut). Ils apparaissent dans plusieurs titres de la m\u00eame \u00e9poque. Dans \u00ab&nbsp;Histoire du Camnbr\u00e9sis&nbsp;\u00bb, Carpentier parle d&rsquo;un Monseigneur Baudouin de Parfontaine, chevalier du Hainaut en 1288. En 1345, Jean de Perfontaine, fils de Gilles de Perfontaine (chevalier), \u00e9tait devenu grand bailli du Hainaut. Cette maison a \u00e9t\u00e9 pendant longtemps importante. L&rsquo;ancien ch\u00e2teau de Pierre-Fontaine a disparu. Il ne reste que la ferme. <\/p>\n\n\n\n<div class=\"wp-block-image\"><figure class=\"aligncenter\"><img data-recalc-dims=\"1\" loading=\"lazy\" decoding=\"async\" width=\"758\" height=\"568\" data-attachment-id=\"417\" data-permalink=\"https:\/\/patrimoine-avesnois.fr\/chemin\/bettignies\/image-12\/\" data-orig-file=\"https:\/\/i0.wp.com\/patrimoine-avesnois.fr\/chemin\/wp-content\/uploads\/2019\/03\/image-11.png?fit=758%2C568&amp;ssl=1\" data-orig-size=\"758,568\" data-comments-opened=\"1\" data-image-meta=\"{&quot;aperture&quot;:&quot;0&quot;,&quot;credit&quot;:&quot;&quot;,&quot;camera&quot;:&quot;&quot;,&quot;caption&quot;:&quot;&quot;,&quot;created_timestamp&quot;:&quot;0&quot;,&quot;copyright&quot;:&quot;&quot;,&quot;focal_length&quot;:&quot;0&quot;,&quot;iso&quot;:&quot;0&quot;,&quot;shutter_speed&quot;:&quot;0&quot;,&quot;title&quot;:&quot;&quot;,&quot;orientation&quot;:&quot;0&quot;}\" data-image-title=\"image\" data-image-description=\"\" data-image-caption=\"\" data-large-file=\"https:\/\/i0.wp.com\/patrimoine-avesnois.fr\/chemin\/wp-content\/uploads\/2019\/03\/image-11.png?fit=758%2C568&amp;ssl=1\" src=\"https:\/\/i0.wp.com\/patrimoine-avesnois.fr\/chemin\/wp-content\/uploads\/2019\/03\/image-11.png?resize=758%2C568\" alt=\"\" class=\"wp-image-417\" srcset=\"https:\/\/i0.wp.com\/patrimoine-avesnois.fr\/chemin\/wp-content\/uploads\/2019\/03\/image-11.png?w=758&amp;ssl=1 758w, https:\/\/i0.wp.com\/patrimoine-avesnois.fr\/chemin\/wp-content\/uploads\/2019\/03\/image-11.png?resize=300%2C225&amp;ssl=1 300w\" sizes=\"auto, (max-width: 758px) 85vw, 758px\" \/><figcaption><a href=\"https:\/\/www.google.com\/maps\/@50.328518,3.9490787,3a,90y,99.88h,75.09t\/data=!3m6!1e1!3m4!1sDy42PRfQ6C5ZrJyvR1rzeA!2e0!7i13312!8i6656\">La ferme de Pierre-Fontaine<\/a><\/figcaption><\/figure><\/div>\n\n\n\n<div class=\"wp-block-image\"><figure class=\"aligncenter\"><img data-recalc-dims=\"1\" loading=\"lazy\" decoding=\"async\" width=\"840\" height=\"543\" data-attachment-id=\"420\" data-permalink=\"https:\/\/patrimoine-avesnois.fr\/chemin\/bettignies\/image-13\/\" data-orig-file=\"https:\/\/i0.wp.com\/patrimoine-avesnois.fr\/chemin\/wp-content\/uploads\/2019\/03\/image-12.png?fit=915%2C591&amp;ssl=1\" data-orig-size=\"915,591\" data-comments-opened=\"1\" data-image-meta=\"{&quot;aperture&quot;:&quot;0&quot;,&quot;credit&quot;:&quot;&quot;,&quot;camera&quot;:&quot;&quot;,&quot;caption&quot;:&quot;&quot;,&quot;created_timestamp&quot;:&quot;0&quot;,&quot;copyright&quot;:&quot;&quot;,&quot;focal_length&quot;:&quot;0&quot;,&quot;iso&quot;:&quot;0&quot;,&quot;shutter_speed&quot;:&quot;0&quot;,&quot;title&quot;:&quot;&quot;,&quot;orientation&quot;:&quot;0&quot;}\" data-image-title=\"image\" data-image-description=\"\" data-image-caption=\"\" data-large-file=\"https:\/\/i0.wp.com\/patrimoine-avesnois.fr\/chemin\/wp-content\/uploads\/2019\/03\/image-12.png?fit=840%2C543&amp;ssl=1\" src=\"https:\/\/i0.wp.com\/patrimoine-avesnois.fr\/chemin\/wp-content\/uploads\/2019\/03\/image-12.png?resize=840%2C543\" alt=\"\" class=\"wp-image-420\" srcset=\"https:\/\/i0.wp.com\/patrimoine-avesnois.fr\/chemin\/wp-content\/uploads\/2019\/03\/image-12.png?w=915&amp;ssl=1 915w, https:\/\/i0.wp.com\/patrimoine-avesnois.fr\/chemin\/wp-content\/uploads\/2019\/03\/image-12.png?resize=300%2C194&amp;ssl=1 300w, https:\/\/i0.wp.com\/patrimoine-avesnois.fr\/chemin\/wp-content\/uploads\/2019\/03\/image-12.png?resize=768%2C496&amp;ssl=1 768w\" sizes=\"auto, (max-width: 709px) 85vw, (max-width: 909px) 67vw, (max-width: 1362px) 62vw, 840px\" \/><figcaption>La ferme de Pierre-Fontaine<\/figcaption><\/figure><\/div>\n","protected":false},"excerpt":{"rendered":"<p>Bettignies \u00e9tait un petit village de douaniers, \u00e0 la fronti\u00e8re sur la route Paris Bruxelles. Au&nbsp;XII e si\u00e8clee&nbsp;si\u00e8cle, Bettignies poss\u00e9dait d\u00e9j\u00e0 une \u00e9glise d\u00e9di\u00e9e \u00e0 Saint-Nicolas. Elle relevait du chapitre Saint-Germain \u00e0 Mons. Le pape&nbsp;Lucius III&nbsp;a fait mention de ce village en f\u00e9vrier 1181. Il a accord\u00e9 aux chanoines de Saint-Germain la protection des biens &hellip; <a href=\"https:\/\/patrimoine-avesnois.fr\/chemin\/bettignies\/\" class=\"more-link\">Continuer la lecture<span class=\"screen-reader-text\"> de &laquo;&nbsp;Bettignies&nbsp;&raquo;<\/span><\/a><\/p>\n","protected":false},"author":2,"featured_media":0,"parent":0,"menu_order":0,"comment_status":"closed","ping_status":"closed","template":"","meta":{"jetpack_post_was_ever_published":false,"footnotes":""},"class_list":["post-410","page","type-page","status-publish","hentry"],"jetpack_sharing_enabled":true,"jetpack_shortlink":"https:\/\/wp.me\/PaOEkN-6C","jetpack-related-posts":[],"_links":{"self":[{"href":"https:\/\/patrimoine-avesnois.fr\/chemin\/wp-json\/wp\/v2\/pages\/410","targetHints":{"allow":["GET"]}}],"collection":[{"href":"https:\/\/patrimoine-avesnois.fr\/chemin\/wp-json\/wp\/v2\/pages"}],"about":[{"href":"https:\/\/patrimoine-avesnois.fr\/chemin\/wp-json\/wp\/v2\/types\/page"}],"author":[{"embeddable":true,"href":"https:\/\/patrimoine-avesnois.fr\/chemin\/wp-json\/wp\/v2\/users\/2"}],"replies":[{"embeddable":true,"href":"https:\/\/patrimoine-avesnois.fr\/chemin\/wp-json\/wp\/v2\/comments?post=410"}],"version-history":[{"count":0,"href":"https:\/\/patrimoine-avesnois.fr\/chemin\/wp-json\/wp\/v2\/pages\/410\/revisions"}],"wp:attachment":[{"href":"https:\/\/patrimoine-avesnois.fr\/chemin\/wp-json\/wp\/v2\/media?parent=410"}],"curies":[{"name":"wp","href":"https:\/\/api.w.org\/{rel}","templated":true}]}}