{"id":4186,"date":"2019-05-20T19:23:46","date_gmt":"2019-05-20T17:23:46","guid":{"rendered":"http:\/\/patrimoine-avesnois.fr\/chemin\/?page_id=4186"},"modified":"2022-01-04T15:26:10","modified_gmt":"2022-01-04T14:26:10","slug":"neuf-mesnil","status":"publish","type":"page","link":"https:\/\/patrimoine-avesnois.fr\/chemin\/neuf-mesnil\/","title":{"rendered":"Neuf-Mesnil"},"content":{"rendered":"\n<div class=\"wp-block-image\"><figure class=\"aligncenter\"><img data-recalc-dims=\"1\" loading=\"lazy\" decoding=\"async\" width=\"840\" height=\"540\" data-attachment-id=\"4187\" data-permalink=\"https:\/\/patrimoine-avesnois.fr\/chemin\/neuf-mesnil\/163_001\/\" data-orig-file=\"https:\/\/i0.wp.com\/patrimoine-avesnois.fr\/chemin\/wp-content\/uploads\/2019\/05\/163_001.jpg?fit=938%2C603&amp;ssl=1\" data-orig-size=\"938,603\" data-comments-opened=\"1\" data-image-meta=\"{&quot;aperture&quot;:&quot;0&quot;,&quot;credit&quot;:&quot;&quot;,&quot;camera&quot;:&quot;&quot;,&quot;caption&quot;:&quot;&quot;,&quot;created_timestamp&quot;:&quot;1558377314&quot;,&quot;copyright&quot;:&quot;&quot;,&quot;focal_length&quot;:&quot;0&quot;,&quot;iso&quot;:&quot;0&quot;,&quot;shutter_speed&quot;:&quot;0&quot;,&quot;title&quot;:&quot;&quot;,&quot;orientation&quot;:&quot;1&quot;}\" data-image-title=\"163_001\" data-image-description=\"\" data-image-caption=\"\" data-large-file=\"https:\/\/i0.wp.com\/patrimoine-avesnois.fr\/chemin\/wp-content\/uploads\/2019\/05\/163_001.jpg?fit=840%2C540&amp;ssl=1\" src=\"https:\/\/i0.wp.com\/patrimoine-avesnois.fr\/chemin\/wp-content\/uploads\/2019\/05\/163_001.jpg?resize=840%2C540\" alt=\"\" class=\"wp-image-4187\" srcset=\"https:\/\/i0.wp.com\/patrimoine-avesnois.fr\/chemin\/wp-content\/uploads\/2019\/05\/163_001.jpg?w=938&amp;ssl=1 938w, https:\/\/i0.wp.com\/patrimoine-avesnois.fr\/chemin\/wp-content\/uploads\/2019\/05\/163_001.jpg?resize=300%2C193&amp;ssl=1 300w, https:\/\/i0.wp.com\/patrimoine-avesnois.fr\/chemin\/wp-content\/uploads\/2019\/05\/163_001.jpg?resize=768%2C494&amp;ssl=1 768w\" sizes=\"auto, (max-width: 709px) 85vw, (max-width: 909px) 67vw, (max-width: 1362px) 62vw, 840px\" \/><figcaption>L&rsquo;\u00e9glise et la route de Feignies<\/figcaption><\/figure><\/div>\n\n\n\n<p>Neuf-Mesnil tient son nom d\u2019une ferme qui fut le noyau primitif du village.<\/p>\n\n\n\n<p>La paroisse de Neuf-Mesnil existait d\u00e9j\u00e0 au XII e si\u00e8cle. Les chanoinesses et les S\u0153urs noires de Maubeuge s&rsquo;y partageaient la d\u00eeme. L&rsquo;\u00e9glise remonte \u00e0 cette p\u00e9riode, mais elle n&rsquo;a conserv\u00e9 de l&rsquo;\u00e9poque que des substructions et des colonnes. Elle a \u00e9t\u00e9 si souvent remani\u00e9e que m\u00eame son orientation a \u00e9t\u00e9 chang\u00e9e.<\/p>\n\n\n\n<div class=\"wp-block-image\"><figure class=\"aligncenter is-resized\"><img data-recalc-dims=\"1\" loading=\"lazy\" decoding=\"async\" data-attachment-id=\"4188\" data-permalink=\"https:\/\/patrimoine-avesnois.fr\/chemin\/neuf-mesnil\/186_001\/\" data-orig-file=\"https:\/\/i0.wp.com\/patrimoine-avesnois.fr\/chemin\/wp-content\/uploads\/2019\/05\/186_001.jpg?fit=429%2C571&amp;ssl=1\" data-orig-size=\"429,571\" data-comments-opened=\"1\" data-image-meta=\"{&quot;aperture&quot;:&quot;0&quot;,&quot;credit&quot;:&quot;&quot;,&quot;camera&quot;:&quot;&quot;,&quot;caption&quot;:&quot;&quot;,&quot;created_timestamp&quot;:&quot;1558377154&quot;,&quot;copyright&quot;:&quot;&quot;,&quot;focal_length&quot;:&quot;0&quot;,&quot;iso&quot;:&quot;0&quot;,&quot;shutter_speed&quot;:&quot;0&quot;,&quot;title&quot;:&quot;&quot;,&quot;orientation&quot;:&quot;0&quot;}\" data-image-title=\"186_001\" data-image-description=\"\" data-image-caption=\"\" data-large-file=\"https:\/\/i0.wp.com\/patrimoine-avesnois.fr\/chemin\/wp-content\/uploads\/2019\/05\/186_001.jpg?fit=429%2C571&amp;ssl=1\" src=\"https:\/\/i0.wp.com\/patrimoine-avesnois.fr\/chemin\/wp-content\/uploads\/2019\/05\/186_001.jpg?resize=460%2C611\" alt=\"\" class=\"wp-image-4188\" width=\"460\" height=\"611\" srcset=\"https:\/\/i0.wp.com\/patrimoine-avesnois.fr\/chemin\/wp-content\/uploads\/2019\/05\/186_001.jpg?w=429&amp;ssl=1 429w, https:\/\/i0.wp.com\/patrimoine-avesnois.fr\/chemin\/wp-content\/uploads\/2019\/05\/186_001.jpg?resize=225%2C300&amp;ssl=1 225w\" sizes=\"auto, (max-width: 460px) 85vw, 460px\" \/><figcaption>L&rsquo;\u00e9glise de Neuf-Mesnil<\/figcaption><\/figure><\/div>\n\n\n\n<div class=\"wp-block-image\"><figure class=\"aligncenter is-resized\"><img loading=\"lazy\" decoding=\"async\" src=\"https:\/\/upload.wikimedia.org\/wikipedia\/commons\/thumb\/1\/15\/Neuf-Mesnil_%28Nord%2C_Fr%29_%C3%A9glise%2C_fa%C3%A7ade.JPG\/800px-Neuf-Mesnil_%28Nord%2C_Fr%29_%C3%A9glise%2C_fa%C3%A7ade.JPG\" alt=\"\" width=\"460\" height=\"612\"\/><figcaption> L&rsquo;\u00e9glise Saint-Nicolas du\u00a0XII e<abbr title=\"12\u1d49 si\u00e8cle\">\u00a0si\u00e8cle, restaur\u00e9e vers 1884-85. <\/figcaption><\/figure><\/div>\n\n\n\n<div class=\"wp-block-image\"><figure class=\"aligncenter is-resized\"><img loading=\"lazy\" decoding=\"async\" src=\"https:\/\/upload.wikimedia.org\/wikipedia\/commons\/thumb\/5\/54\/Neuf-Mesnil_%28Nord%2C_Fr%29_%C3%A9glise%2C_vue_lat%C3%A9rale.JPG\/450px-Neuf-Mesnil_%28Nord%2C_Fr%29_%C3%A9glise%2C_vue_lat%C3%A9rale.JPG\" alt=\"Fichier:Neuf-Mesnil (Nord, Fr) \u00c3\u00a9glise, vue lat\u00c3\u00a9rale.JPG\" width=\"460\" height=\"612\"\/><\/figure><\/div>\n\n\n\n<div class=\"wp-block-image\"><figure class=\"aligncenter\"><img data-recalc-dims=\"1\" decoding=\"async\" src=\"https:\/\/i0.wp.com\/agglo-maubeugevaldesambre.fr\/wp-content\/uploads\/2018\/11\/neuf_mesnil_eglise_interieur.jpg?w=840&#038;ssl=1\" alt=\"\"\/><figcaption>Int\u00e9rieur<\/figcaption><\/figure><\/div>\n\n\n\n<div class=\"wp-block-image\"><figure class=\"aligncenter is-resized\"><img loading=\"lazy\" decoding=\"async\" src=\"https:\/\/upload.wikimedia.org\/wikipedia\/commons\/thumb\/3\/31\/Neuf-Mesnil_%28Nord%2C_Fr%29_mairie.JPG\/800px-Neuf-Mesnil_%28Nord%2C_Fr%29_mairie.JPG\" alt=\"Neuf-Mesnil\" width=\"560\" height=\"748\"\/><figcaption>La Mairie de 1892<\/figcaption><\/figure><\/div>\n\n\n\n<div class=\"wp-block-image\"><figure class=\"aligncenter is-resized\"><img data-recalc-dims=\"1\" loading=\"lazy\" decoding=\"async\" src=\"https:\/\/i0.wp.com\/www.webcimetiere.net\/Communes\/59\/Neuf-Mesnil\/img\/stockage\/monument-aux-morts\/MON-MOR-01.JPG?resize=752%2C500&#038;ssl=1\" alt=\"MON-MOR-01\" width=\"752\" height=\"500\"\/><figcaption>Le Monument aux Morts de Neuf-Mesnil<\/figcaption><\/figure><\/div>\n\n\n\n<div class=\"wp-block-image\"><figure class=\"aligncenter is-resized\"><img loading=\"lazy\" decoding=\"async\" src=\"https:\/\/upload.wikimedia.org\/wikipedia\/commons\/thumb\/9\/9a\/Neuf-Mesnil_%28Nord%2C_Fr%29_monument_aux_morts.JPG\/800px-Neuf-Mesnil_%28Nord%2C_Fr%29_monument_aux_morts.JPG\" alt=\"\" width=\"560\" height=\"746\"\/><figcaption>Le Monument aux Morts.<a href=\"https:\/\/monumentsmorts.univ-lille.fr\/monument\/519\/neuf-mesnil-place\/\" target=\"_blank\" rel=\"noreferrer noopener\" aria-label=\" Universit\u00e9 Lille 3 (opens in a new tab)\"> Universit\u00e9 Lille 3<\/a><\/figcaption><\/figure><\/div>\n\n\n\n<div class=\"wp-block-image\"><figure class=\"aligncenter is-resized\"><img loading=\"lazy\" decoding=\"async\" src=\"https:\/\/upload.wikimedia.org\/wikipedia\/commons\/thumb\/e\/e6\/Neuf-Mesnil_%28Nord%2C_Fr%29_croix_de_chemin.JPG\/800px-Neuf-Mesnil_%28Nord%2C_Fr%29_croix_de_chemin.JPG\" alt=\"\" width=\"558\" height=\"718\"\/><figcaption>Le Calvaire en 2011<\/figcaption><\/figure><\/div>\n\n\n\n<p> <\/p>\n\n\n\n<div class=\"wp-block-image\"><figure class=\"aligncenter is-resized\"><img loading=\"lazy\" decoding=\"async\" data-attachment-id=\"1474\" data-permalink=\"https:\/\/patrimoine-avesnois.fr\/chemin\/ferriere-la-petite\/image-329\/\" data-orig-file=\"https:\/\/i0.wp.com\/patrimoine-avesnois.fr\/chemin\/wp-content\/uploads\/2019\/04\/image-307.png?fit=1064%2C691&amp;ssl=1\" data-orig-size=\"1064,691\" data-comments-opened=\"1\" data-image-meta=\"{&quot;aperture&quot;:&quot;0&quot;,&quot;credit&quot;:&quot;&quot;,&quot;camera&quot;:&quot;&quot;,&quot;caption&quot;:&quot;&quot;,&quot;created_timestamp&quot;:&quot;0&quot;,&quot;copyright&quot;:&quot;&quot;,&quot;focal_length&quot;:&quot;0&quot;,&quot;iso&quot;:&quot;0&quot;,&quot;shutter_speed&quot;:&quot;0&quot;,&quot;title&quot;:&quot;&quot;,&quot;orientation&quot;:&quot;0&quot;}\" data-image-title=\"image\" data-image-description=\"\" data-image-caption=\"\" data-large-file=\"https:\/\/i0.wp.com\/patrimoine-avesnois.fr\/chemin\/wp-content\/uploads\/2019\/04\/image-307.png?fit=840%2C546&amp;ssl=1\" src=\"http:\/\/i2.wp.com\/www.calvaires-avesnois.fr\/wp-content\/uploads\/2016\/09\/3.Neuf-Mesnil-calvaire-rue-Honor%C3%A9-Lespilette.jpg?resize=520%2C693\" alt=\"calvaire rue Honor\u00e9 Lespilette\" class=\"wp-image-1474\" width=\"558\" height=\"742\"\/><figcaption>Calvaire rue Honor\u00e9 Lespilette &nbsp;Photo Mai 2017<\/figcaption><\/figure><\/div>\n\n\n\n<p>Ce calvaire est d\u00e9tenu en 1925 par Mr L\u00e9on BOURGEOIS entrepreneur de ma\u00e7onnerie au village&nbsp;de Neuf- Mesnil mari\u00e9 en 1904 \u00e0 Hautmont avec Emilie VOUCHE.<\/p>\n\n\n\n<div class=\"wp-block-image\"><figure class=\"aligncenter is-resized\"><img loading=\"lazy\" decoding=\"async\" src=\"https:\/\/upload.wikimedia.org\/wikipedia\/commons\/thumb\/d\/dc\/Neuf-Mesnil_%28Nord%2C_Fr%29_chapelle_Marie%2C_ext%C3%A9rieur.JPG\/800px-Neuf-Mesnil_%28Nord%2C_Fr%29_chapelle_Marie%2C_ext%C3%A9rieur.JPG\" alt=\"\" width=\"540\" height=\"722\"\/><figcaption>Chapelle Marie<\/figcaption><\/figure><\/div>\n\n\n\n<div class=\"wp-block-image\"><figure class=\"aligncenter is-resized\"><img data-recalc-dims=\"1\" loading=\"lazy\" decoding=\"async\" src=\"https:\/\/i0.wp.com\/www.communes.com\/images\/thumbs\/nord-pas-de-calais\/nord\/neuf-mesnil_59330\/730x328\/neuf-mesnil_110318.jpg?resize=574%2C429&#038;ssl=1\" alt=\"Neuf-Mesnil (59330) chapelle Marie, int\u00c3\u00a9rieur\" width=\"574\" height=\"429\"\/><figcaption>Int\u00e9rieur de la chapelle<\/figcaption><\/figure><\/div>\n\n\n\n<div class=\"wp-block-image\"><figure class=\"aligncenter is-resized\"><img loading=\"lazy\" decoding=\"async\" src=\"https:\/\/upload.wikimedia.org\/wikipedia\/commons\/thumb\/1\/1d\/Neuf-Mesnil_%28Nord%2C_Fr%29_grotte_de_Lourdes.JPG\/1280px-Neuf-Mesnil_%28Nord%2C_Fr%29_grotte_de_Lourdes.JPG\" alt=\"\" width=\"640\" height=\"480\"\/><figcaption>Grotte de Lourdes<\/figcaption><\/figure><\/div>\n\n\n\n<div class=\"wp-block-image\"><figure class=\"aligncenter is-resized\"><img loading=\"lazy\" decoding=\"async\" data-attachment-id=\"4192\" data-permalink=\"https:\/\/patrimoine-avesnois.fr\/chemin\/neuf-mesnil\/346_001\/\" data-orig-file=\"https:\/\/i0.wp.com\/patrimoine-avesnois.fr\/chemin\/wp-content\/uploads\/2019\/05\/346_001.jpg?fit=1434%2C898&amp;ssl=1\" data-orig-size=\"1434,898\" data-comments-opened=\"1\" data-image-meta=\"{&quot;aperture&quot;:&quot;0&quot;,&quot;credit&quot;:&quot;&quot;,&quot;camera&quot;:&quot;&quot;,&quot;caption&quot;:&quot;&quot;,&quot;created_timestamp&quot;:&quot;1558379130&quot;,&quot;copyright&quot;:&quot;&quot;,&quot;focal_length&quot;:&quot;0&quot;,&quot;iso&quot;:&quot;0&quot;,&quot;shutter_speed&quot;:&quot;0&quot;,&quot;title&quot;:&quot;&quot;,&quot;orientation&quot;:&quot;0&quot;}\" data-image-title=\"346_001\" data-image-description=\"\" data-image-caption=\"\" data-large-file=\"https:\/\/i0.wp.com\/patrimoine-avesnois.fr\/chemin\/wp-content\/uploads\/2019\/05\/346_001.jpg?fit=840%2C526&amp;ssl=1\" src=\"https:\/\/i1.wp.com\/patrimoine-avesnois.fr\/chemin\/wp-content\/uploads\/2019\/05\/346_001.jpg?fit=840%2C526\" alt=\"\" class=\"wp-image-4192\" width=\"692\" height=\"434\" srcset=\"https:\/\/i0.wp.com\/patrimoine-avesnois.fr\/chemin\/wp-content\/uploads\/2019\/05\/346_001.jpg?w=1434&amp;ssl=1 1434w, https:\/\/i0.wp.com\/patrimoine-avesnois.fr\/chemin\/wp-content\/uploads\/2019\/05\/346_001.jpg?resize=300%2C188&amp;ssl=1 300w, https:\/\/i0.wp.com\/patrimoine-avesnois.fr\/chemin\/wp-content\/uploads\/2019\/05\/346_001.jpg?resize=768%2C481&amp;ssl=1 768w, https:\/\/i0.wp.com\/patrimoine-avesnois.fr\/chemin\/wp-content\/uploads\/2019\/05\/346_001.jpg?resize=1024%2C641&amp;ssl=1 1024w, https:\/\/i0.wp.com\/patrimoine-avesnois.fr\/chemin\/wp-content\/uploads\/2019\/05\/346_001.jpg?resize=1200%2C751&amp;ssl=1 1200w\" sizes=\"auto, (max-width: 692px) 85vw, 692px\" \/><\/figure><\/div>\n\n\n\n<div class=\"wp-block-image\"><figure class=\"aligncenter is-resized\"><img loading=\"lazy\" decoding=\"async\" src=\"https:\/\/upload.wikimedia.org\/wikipedia\/commons\/thumb\/8\/81\/Neuf-Mesnil_%28Nord%2C_Fr%29_kiosque_%C3%A0_musique.JPG\/800px-Neuf-Mesnil_%28Nord%2C_Fr%29_kiosque_%C3%A0_musique.JPG\" alt=\"\" width=\"540\" height=\"720\"\/><figcaption>Le Kiosque \u00e0 musique<\/figcaption><\/figure><\/div>\n\n\n\n<div class=\"wp-block-image\"><figure class=\"aligncenter is-resized\"><img data-recalc-dims=\"1\" loading=\"lazy\" decoding=\"async\" src=\"https:\/\/i0.wp.com\/e-monumen.net\/wp-content\/uploads\/Neuf-Mesnil-pompe-01-638x850.jpg?resize=479%2C638&#038;ssl=1\" alt=\"\" width=\"479\" height=\"638\"\/><figcaption>Pompe \u00e0 bras<\/figcaption><\/figure><\/div>\n\n\n\n<div class=\"wp-block-image\"><figure class=\"aligncenter is-resized\"><img data-recalc-dims=\"1\" loading=\"lazy\" decoding=\"async\" data-attachment-id=\"4212\" data-permalink=\"https:\/\/patrimoine-avesnois.fr\/chemin\/neuf-mesnil\/capture-74\/\" data-orig-file=\"https:\/\/i0.wp.com\/patrimoine-avesnois.fr\/chemin\/wp-content\/uploads\/2019\/05\/Capture-32.jpg?fit=833%2C625&amp;ssl=1\" data-orig-size=\"833,625\" data-comments-opened=\"1\" data-image-meta=\"{&quot;aperture&quot;:&quot;0&quot;,&quot;credit&quot;:&quot;CARRE&quot;,&quot;camera&quot;:&quot;&quot;,&quot;caption&quot;:&quot;&quot;,&quot;created_timestamp&quot;:&quot;1558385795&quot;,&quot;copyright&quot;:&quot;&quot;,&quot;focal_length&quot;:&quot;0&quot;,&quot;iso&quot;:&quot;0&quot;,&quot;shutter_speed&quot;:&quot;0&quot;,&quot;title&quot;:&quot;&quot;,&quot;orientation&quot;:&quot;0&quot;}\" data-image-title=\"Capture\" data-image-description=\"\" data-image-caption=\"\" data-large-file=\"https:\/\/i0.wp.com\/patrimoine-avesnois.fr\/chemin\/wp-content\/uploads\/2019\/05\/Capture-32.jpg?fit=833%2C625&amp;ssl=1\" src=\"https:\/\/i0.wp.com\/patrimoine-avesnois.fr\/chemin\/wp-content\/uploads\/2019\/05\/Capture-32.jpg?resize=625%2C469\" alt=\"\" class=\"wp-image-4212\" width=\"625\" height=\"469\" srcset=\"https:\/\/i0.wp.com\/patrimoine-avesnois.fr\/chemin\/wp-content\/uploads\/2019\/05\/Capture-32.jpg?w=833&amp;ssl=1 833w, https:\/\/i0.wp.com\/patrimoine-avesnois.fr\/chemin\/wp-content\/uploads\/2019\/05\/Capture-32.jpg?resize=300%2C225&amp;ssl=1 300w, https:\/\/i0.wp.com\/patrimoine-avesnois.fr\/chemin\/wp-content\/uploads\/2019\/05\/Capture-32.jpg?resize=768%2C576&amp;ssl=1 768w\" sizes=\"auto, (max-width: 625px) 85vw, 625px\" \/><figcaption><em>Le Centre M\u00e9diath\u00e8que Michel Quentin : la salle du bas sert de restaurant scolaire tandis que la salle du haut est une salle de r\u00e9union.<\/em> <\/figcaption><\/figure><\/div>\n\n\n\n<p>En 1773\u00a0la commune ne comptait que 9 feux et 84 habitants. En 1830, elle d\u00e9nombrait 13 foyers. Neuf Mesnil va alors profiter du d\u00e9veloppement industriel du secteur pour se d\u00e9velopper. Les hauts fourneaux, l\u2019industrie sid\u00e9rurgique et m\u00e9tallurgique vont attirer \u00e0 Hautmont de la main d\u2019\u0153uvre qui se logera dans le petit bourg \u00e0 proximit\u00e9\u00a0: Neuf-Mesnil. En 2016, le village comptait 1337 habitants.<\/p>\n\n\n\n<div class=\"wp-block-image\"><figure class=\"aligncenter\"><img data-recalc-dims=\"1\" loading=\"lazy\" decoding=\"async\" width=\"840\" height=\"634\" data-attachment-id=\"4199\" data-permalink=\"https:\/\/patrimoine-avesnois.fr\/chemin\/neuf-mesnil\/capture-73\/\" data-orig-file=\"https:\/\/i0.wp.com\/patrimoine-avesnois.fr\/chemin\/wp-content\/uploads\/2019\/05\/Capture-31.jpg?fit=1008%2C761&amp;ssl=1\" data-orig-size=\"1008,761\" data-comments-opened=\"1\" data-image-meta=\"{&quot;aperture&quot;:&quot;0&quot;,&quot;credit&quot;:&quot;CARRE&quot;,&quot;camera&quot;:&quot;&quot;,&quot;caption&quot;:&quot;&quot;,&quot;created_timestamp&quot;:&quot;1558381542&quot;,&quot;copyright&quot;:&quot;&quot;,&quot;focal_length&quot;:&quot;0&quot;,&quot;iso&quot;:&quot;0&quot;,&quot;shutter_speed&quot;:&quot;0&quot;,&quot;title&quot;:&quot;&quot;,&quot;orientation&quot;:&quot;0&quot;}\" data-image-title=\"Capture\" data-image-description=\"\" data-image-caption=\"\" data-large-file=\"https:\/\/i0.wp.com\/patrimoine-avesnois.fr\/chemin\/wp-content\/uploads\/2019\/05\/Capture-31.jpg?fit=840%2C634&amp;ssl=1\" src=\"https:\/\/i0.wp.com\/patrimoine-avesnois.fr\/chemin\/wp-content\/uploads\/2019\/05\/Capture-31.jpg?resize=840%2C634\" alt=\"\" class=\"wp-image-4199\" srcset=\"https:\/\/i0.wp.com\/patrimoine-avesnois.fr\/chemin\/wp-content\/uploads\/2019\/05\/Capture-31.jpg?w=1008&amp;ssl=1 1008w, https:\/\/i0.wp.com\/patrimoine-avesnois.fr\/chemin\/wp-content\/uploads\/2019\/05\/Capture-31.jpg?resize=300%2C226&amp;ssl=1 300w, https:\/\/i0.wp.com\/patrimoine-avesnois.fr\/chemin\/wp-content\/uploads\/2019\/05\/Capture-31.jpg?resize=768%2C580&amp;ssl=1 768w\" sizes=\"auto, (max-width: 709px) 85vw, (max-width: 909px) 67vw, (max-width: 1362px) 62vw, 840px\" \/><figcaption>Rond-Point fleuri \u00e0 Neuf-Mesnil<\/figcaption><\/figure><\/div>\n","protected":false},"excerpt":{"rendered":"<p>Neuf-Mesnil tient son nom d\u2019une ferme qui fut le noyau primitif du village. La paroisse de Neuf-Mesnil existait d\u00e9j\u00e0 au XII e si\u00e8cle. Les chanoinesses et les S\u0153urs noires de Maubeuge s&rsquo;y partageaient la d\u00eeme. L&rsquo;\u00e9glise remonte \u00e0 cette p\u00e9riode, mais elle n&rsquo;a conserv\u00e9 de l&rsquo;\u00e9poque que des substructions et des colonnes. Elle a \u00e9t\u00e9 &hellip; <a href=\"https:\/\/patrimoine-avesnois.fr\/chemin\/neuf-mesnil\/\" class=\"more-link\">Continuer la lecture<span class=\"screen-reader-text\"> de &laquo;&nbsp;Neuf-Mesnil&nbsp;&raquo;<\/span><\/a><\/p>\n","protected":false},"author":2,"featured_media":0,"parent":0,"menu_order":0,"comment_status":"closed","ping_status":"closed","template":"","meta":{"jetpack_post_was_ever_published":false,"footnotes":""},"class_list":["post-4186","page","type-page","status-publish","hentry"],"jetpack_sharing_enabled":true,"jetpack_shortlink":"https:\/\/wp.me\/PaOEkN-15w","jetpack-related-posts":[],"_links":{"self":[{"href":"https:\/\/patrimoine-avesnois.fr\/chemin\/wp-json\/wp\/v2\/pages\/4186","targetHints":{"allow":["GET"]}}],"collection":[{"href":"https:\/\/patrimoine-avesnois.fr\/chemin\/wp-json\/wp\/v2\/pages"}],"about":[{"href":"https:\/\/patrimoine-avesnois.fr\/chemin\/wp-json\/wp\/v2\/types\/page"}],"author":[{"embeddable":true,"href":"https:\/\/patrimoine-avesnois.fr\/chemin\/wp-json\/wp\/v2\/users\/2"}],"replies":[{"embeddable":true,"href":"https:\/\/patrimoine-avesnois.fr\/chemin\/wp-json\/wp\/v2\/comments?post=4186"}],"version-history":[{"count":0,"href":"https:\/\/patrimoine-avesnois.fr\/chemin\/wp-json\/wp\/v2\/pages\/4186\/revisions"}],"wp:attachment":[{"href":"https:\/\/patrimoine-avesnois.fr\/chemin\/wp-json\/wp\/v2\/media?parent=4186"}],"curies":[{"name":"wp","href":"https:\/\/api.w.org\/{rel}","templated":true}]}}