{"id":558,"date":"2019-04-02T12:08:11","date_gmt":"2019-04-02T10:08:11","guid":{"rendered":"http:\/\/patrimoine-avesnois.fr\/chemin\/?page_id=558"},"modified":"2025-03-14T14:51:57","modified_gmt":"2025-03-14T13:51:57","slug":"bry","status":"publish","type":"page","link":"https:\/\/patrimoine-avesnois.fr\/chemin\/bry\/","title":{"rendered":"Bry"},"content":{"rendered":"<div class=\"wp-block-image\">\n<figure class=\"aligncenter is-resized\"><img loading=\"lazy\" decoding=\"async\" width=\"953\" height=\"1252\" data-attachment-id=\"559\" data-permalink=\"https:\/\/patrimoine-avesnois.fr\/chemin\/bry\/100_001\/\" data-orig-file=\"https:\/\/i0.wp.com\/patrimoine-avesnois.fr\/chemin\/wp-content\/uploads\/2019\/04\/100_001.jpg?fit=953%2C1252&amp;ssl=1\" data-orig-size=\"953,1252\" data-comments-opened=\"1\" data-image-meta=\"{&quot;aperture&quot;:&quot;0&quot;,&quot;credit&quot;:&quot;&quot;,&quot;camera&quot;:&quot;&quot;,&quot;caption&quot;:&quot;&quot;,&quot;created_timestamp&quot;:&quot;1554159432&quot;,&quot;copyright&quot;:&quot;&quot;,&quot;focal_length&quot;:&quot;0&quot;,&quot;iso&quot;:&quot;0&quot;,&quot;shutter_speed&quot;:&quot;0&quot;,&quot;title&quot;:&quot;&quot;,&quot;orientation&quot;:&quot;1&quot;}\" data-image-title=\"100_001\" data-image-description=\"\" data-image-caption=\"\" data-large-file=\"https:\/\/i0.wp.com\/patrimoine-avesnois.fr\/chemin\/wp-content\/uploads\/2019\/04\/100_001.jpg?fit=779%2C1024&amp;ssl=1\" src=\"https:\/\/i0.wp.com\/patrimoine-avesnois.fr\/chemin\/wp-content\/uploads\/2019\/04\/100_001.jpg?fit=779%2C1024\" alt=\"\" class=\"wp-image-559\" style=\"width:390px;height:512px\" srcset=\"https:\/\/i0.wp.com\/patrimoine-avesnois.fr\/chemin\/wp-content\/uploads\/2019\/04\/100_001.jpg?w=953&amp;ssl=1 953w, https:\/\/i0.wp.com\/patrimoine-avesnois.fr\/chemin\/wp-content\/uploads\/2019\/04\/100_001.jpg?resize=228%2C300&amp;ssl=1 228w, https:\/\/i0.wp.com\/patrimoine-avesnois.fr\/chemin\/wp-content\/uploads\/2019\/04\/100_001.jpg?resize=768%2C1009&amp;ssl=1 768w, https:\/\/i0.wp.com\/patrimoine-avesnois.fr\/chemin\/wp-content\/uploads\/2019\/04\/100_001.jpg?resize=779%2C1024&amp;ssl=1 779w\" sizes=\"auto, (max-width: 709px) 85vw, (max-width: 909px) 67vw, (max-width: 1362px) 62vw, 840px\" \/><figcaption class=\"wp-element-caption\">L&rsquo;\u00e9glise de Bry<\/figcaption><\/figure>\n<\/div>\n\n\n<p>La terre de Bry fut vendue, en 1484, par Charles de Croy, comte de Chimay, \u00e0 Gilles de Ruelin, seigneur d&rsquo;Eth.<br>Le ch\u00e2teau et la cense qui en d\u00e9pendait ont \u00e9t\u00e9, en 1606, fortement endommag\u00e9s par un ouragan.<br>Vers 1700, le village devient propri\u00e9t\u00e9 de la famille Le Fran\u00e7ois. Source :  <br>Bulletin de la Commission historique du d\u00e9partement du Nord de 1866.<\/p>\n\n\n\n<p> Bry \u00e9tait au XX si\u00e8cle un petit village de douaniers. <\/p>\n\n\n<div class=\"wp-block-image\">\n<figure class=\"aligncenter size-large is-resized\"><img data-recalc-dims=\"1\" loading=\"lazy\" decoding=\"async\" width=\"364\" height=\"484\" data-attachment-id=\"16778\" data-permalink=\"https:\/\/patrimoine-avesnois.fr\/chemin\/bry\/bry-eglise\/\" data-orig-file=\"https:\/\/i0.wp.com\/patrimoine-avesnois.fr\/chemin\/wp-content\/uploads\/2021\/12\/bry-eglise.jpg?fit=364%2C484&amp;ssl=1\" data-orig-size=\"364,484\" data-comments-opened=\"1\" data-image-meta=\"{&quot;aperture&quot;:&quot;0&quot;,&quot;credit&quot;:&quot;fr\\u00e9d\\u00e9ric carr\\u00e9&quot;,&quot;camera&quot;:&quot;&quot;,&quot;caption&quot;:&quot;&quot;,&quot;created_timestamp&quot;:&quot;1640726664&quot;,&quot;copyright&quot;:&quot;&quot;,&quot;focal_length&quot;:&quot;0&quot;,&quot;iso&quot;:&quot;0&quot;,&quot;shutter_speed&quot;:&quot;0&quot;,&quot;title&quot;:&quot;&quot;,&quot;orientation&quot;:&quot;1&quot;}\" data-image-title=\"bry-eglise\" data-image-description=\"\" data-image-caption=\"\" data-large-file=\"https:\/\/i0.wp.com\/patrimoine-avesnois.fr\/chemin\/wp-content\/uploads\/2021\/12\/bry-eglise.jpg?fit=364%2C484&amp;ssl=1\" src=\"https:\/\/i0.wp.com\/patrimoine-avesnois.fr\/chemin\/wp-content\/uploads\/2021\/12\/bry-eglise.jpg?resize=364%2C484\" alt=\"\" class=\"wp-image-16778\" style=\"width:395px;height:525px\" srcset=\"https:\/\/i0.wp.com\/patrimoine-avesnois.fr\/chemin\/wp-content\/uploads\/2021\/12\/bry-eglise.jpg?w=364&amp;ssl=1 364w, https:\/\/i0.wp.com\/patrimoine-avesnois.fr\/chemin\/wp-content\/uploads\/2021\/12\/bry-eglise.jpg?resize=226%2C300&amp;ssl=1 226w\" sizes=\"auto, (max-width: 364px) 85vw, 364px\" \/><figcaption class=\"wp-element-caption\">L&rsquo;\u00e9glise actuelle de Bry   <\/figcaption><\/figure>\n<\/div>\n\n\n<p>L&rsquo;\u00e9glise St Laurent de Bry est de 1759. Son int\u00e9rieur m\u00e9rite une visite. On y voit un tabernacle en bois peint et dor\u00e9, en forme de globe c\u00e9leste, ceint des signes du zodiaque. On peut \u00e9galement y regarder un reliquaire et buste de Saint Fiacre sous les traits d&rsquo;un paysan balourd, sans oublier d&rsquo;admirer la chaire et les confessionnaux Louis XVI.<\/p>\n\n\n<div class=\"wp-block-image\">\n<figure class=\"aligncenter is-resized\"><img data-recalc-dims=\"1\" loading=\"lazy\" decoding=\"async\" width=\"840\" height=\"630\" data-attachment-id=\"561\" data-permalink=\"https:\/\/patrimoine-avesnois.fr\/chemin\/bry\/capture1-16\/\" data-orig-file=\"https:\/\/i0.wp.com\/patrimoine-avesnois.fr\/chemin\/wp-content\/uploads\/2019\/04\/Capture1-2.png?fit=897%2C673&amp;ssl=1\" data-orig-size=\"897,673\" data-comments-opened=\"1\" data-image-meta=\"{&quot;aperture&quot;:&quot;0&quot;,&quot;credit&quot;:&quot;&quot;,&quot;camera&quot;:&quot;&quot;,&quot;caption&quot;:&quot;&quot;,&quot;created_timestamp&quot;:&quot;0&quot;,&quot;copyright&quot;:&quot;&quot;,&quot;focal_length&quot;:&quot;0&quot;,&quot;iso&quot;:&quot;0&quot;,&quot;shutter_speed&quot;:&quot;0&quot;,&quot;title&quot;:&quot;&quot;,&quot;orientation&quot;:&quot;0&quot;}\" data-image-title=\"Capture1\" data-image-description=\"\" data-image-caption=\"\" data-large-file=\"https:\/\/i0.wp.com\/patrimoine-avesnois.fr\/chemin\/wp-content\/uploads\/2019\/04\/Capture1-2.png?fit=840%2C630&amp;ssl=1\" src=\"https:\/\/i0.wp.com\/patrimoine-avesnois.fr\/chemin\/wp-content\/uploads\/2019\/04\/Capture1-2.png?resize=840%2C630\" alt=\"\" class=\"wp-image-561\" style=\"width:600px;height:445px\" srcset=\"https:\/\/i0.wp.com\/patrimoine-avesnois.fr\/chemin\/wp-content\/uploads\/2019\/04\/Capture1-2.png?w=897&amp;ssl=1 897w, https:\/\/i0.wp.com\/patrimoine-avesnois.fr\/chemin\/wp-content\/uploads\/2019\/04\/Capture1-2.png?resize=300%2C225&amp;ssl=1 300w, https:\/\/i0.wp.com\/patrimoine-avesnois.fr\/chemin\/wp-content\/uploads\/2019\/04\/Capture1-2.png?resize=768%2C576&amp;ssl=1 768w\" sizes=\"auto, (max-width: 709px) 85vw, (max-width: 909px) 67vw, (max-width: 1362px) 62vw, 840px\" \/><figcaption class=\"wp-element-caption\">Tabernacle class\u00e9 MH<\/figcaption><\/figure>\n<\/div>\n\n<div class=\"wp-block-image\">\n<figure class=\"aligncenter is-resized\"><img data-recalc-dims=\"1\" loading=\"lazy\" decoding=\"async\" width=\"368\" height=\"491\" data-attachment-id=\"562\" data-permalink=\"https:\/\/patrimoine-avesnois.fr\/chemin\/bry\/capture2-12\/\" data-orig-file=\"https:\/\/i0.wp.com\/patrimoine-avesnois.fr\/chemin\/wp-content\/uploads\/2019\/04\/Capture2-2.png?fit=368%2C491&amp;ssl=1\" data-orig-size=\"368,491\" data-comments-opened=\"1\" data-image-meta=\"{&quot;aperture&quot;:&quot;0&quot;,&quot;credit&quot;:&quot;&quot;,&quot;camera&quot;:&quot;&quot;,&quot;caption&quot;:&quot;&quot;,&quot;created_timestamp&quot;:&quot;0&quot;,&quot;copyright&quot;:&quot;&quot;,&quot;focal_length&quot;:&quot;0&quot;,&quot;iso&quot;:&quot;0&quot;,&quot;shutter_speed&quot;:&quot;0&quot;,&quot;title&quot;:&quot;&quot;,&quot;orientation&quot;:&quot;0&quot;}\" data-image-title=\"Capture2\" data-image-description=\"\" data-image-caption=\"\" data-large-file=\"https:\/\/i0.wp.com\/patrimoine-avesnois.fr\/chemin\/wp-content\/uploads\/2019\/04\/Capture2-2.png?fit=368%2C491&amp;ssl=1\" src=\"https:\/\/i0.wp.com\/patrimoine-avesnois.fr\/chemin\/wp-content\/uploads\/2019\/04\/Capture2-2.png?resize=368%2C491\" alt=\"\" class=\"wp-image-562\" style=\"width:600px;height:831px\" srcset=\"https:\/\/i0.wp.com\/patrimoine-avesnois.fr\/chemin\/wp-content\/uploads\/2019\/04\/Capture2-2.png?w=368&amp;ssl=1 368w, https:\/\/i0.wp.com\/patrimoine-avesnois.fr\/chemin\/wp-content\/uploads\/2019\/04\/Capture2-2.png?resize=225%2C300&amp;ssl=1 225w\" sizes=\"auto, (max-width: 368px) 85vw, 368px\" \/><figcaption class=\"wp-element-caption\">Reliquaire St Fiacre class\u00e9 MH <\/figcaption><\/figure>\n<\/div>\n\n<div class=\"wp-block-image\">\n<figure class=\"aligncenter is-resized\"><img data-recalc-dims=\"1\" loading=\"lazy\" decoding=\"async\" width=\"517\" height=\"689\" data-attachment-id=\"560\" data-permalink=\"https:\/\/patrimoine-avesnois.fr\/chemin\/bry\/image-53\/\" data-orig-file=\"https:\/\/i0.wp.com\/patrimoine-avesnois.fr\/chemin\/wp-content\/uploads\/2019\/04\/image-31.png?fit=517%2C689&amp;ssl=1\" data-orig-size=\"517,689\" data-comments-opened=\"1\" data-image-meta=\"{&quot;aperture&quot;:&quot;0&quot;,&quot;credit&quot;:&quot;&quot;,&quot;camera&quot;:&quot;&quot;,&quot;caption&quot;:&quot;&quot;,&quot;created_timestamp&quot;:&quot;0&quot;,&quot;copyright&quot;:&quot;&quot;,&quot;focal_length&quot;:&quot;0&quot;,&quot;iso&quot;:&quot;0&quot;,&quot;shutter_speed&quot;:&quot;0&quot;,&quot;title&quot;:&quot;&quot;,&quot;orientation&quot;:&quot;0&quot;}\" data-image-title=\"image\" data-image-description=\"\" data-image-caption=\"\" data-large-file=\"https:\/\/i0.wp.com\/patrimoine-avesnois.fr\/chemin\/wp-content\/uploads\/2019\/04\/image-31.png?fit=517%2C689&amp;ssl=1\" src=\"https:\/\/i0.wp.com\/patrimoine-avesnois.fr\/chemin\/wp-content\/uploads\/2019\/04\/image-31.png?resize=517%2C689\" alt=\"\" class=\"wp-image-560\" style=\"width:600px;height:802px\" srcset=\"https:\/\/i0.wp.com\/patrimoine-avesnois.fr\/chemin\/wp-content\/uploads\/2019\/04\/image-31.png?w=517&amp;ssl=1 517w, https:\/\/i0.wp.com\/patrimoine-avesnois.fr\/chemin\/wp-content\/uploads\/2019\/04\/image-31.png?resize=225%2C300&amp;ssl=1 225w\" sizes=\"auto, (max-width: 517px) 85vw, 517px\" \/><figcaption class=\"wp-element-caption\">Le Monument aux Morts de Bry  <a href=\"https:\/\/monumentsmorts.univ-lille.fr\/monument\/144\/bry-presdeleglise\/?elm=1\" target=\"_blank\" rel=\"noreferrer noopener\">Universit\u00e9 de Lille 3<\/a><\/figcaption><\/figure>\n<\/div>\n\n<div class=\"wp-block-image\">\n<figure class=\"aligncenter size-full is-resized\"><img data-recalc-dims=\"1\" loading=\"lazy\" decoding=\"async\" width=\"418\" height=\"862\" data-attachment-id=\"21556\" data-permalink=\"https:\/\/patrimoine-avesnois.fr\/chemin\/bry\/maquette\/\" data-orig-file=\"https:\/\/i0.wp.com\/patrimoine-avesnois.fr\/chemin\/wp-content\/uploads\/2025\/03\/Maquette.jpg?fit=418%2C862&amp;ssl=1\" data-orig-size=\"418,862\" data-comments-opened=\"1\" data-image-meta=\"{&quot;aperture&quot;:&quot;0&quot;,&quot;credit&quot;:&quot;CARRE&quot;,&quot;camera&quot;:&quot;&quot;,&quot;caption&quot;:&quot;&quot;,&quot;created_timestamp&quot;:&quot;1741963737&quot;,&quot;copyright&quot;:&quot;&quot;,&quot;focal_length&quot;:&quot;0&quot;,&quot;iso&quot;:&quot;0&quot;,&quot;shutter_speed&quot;:&quot;0&quot;,&quot;title&quot;:&quot;&quot;,&quot;orientation&quot;:&quot;0&quot;}\" data-image-title=\"Maquette\" data-image-description=\"\" data-image-caption=\"\" data-large-file=\"https:\/\/i0.wp.com\/patrimoine-avesnois.fr\/chemin\/wp-content\/uploads\/2025\/03\/Maquette.jpg?fit=418%2C862&amp;ssl=1\" src=\"https:\/\/i0.wp.com\/patrimoine-avesnois.fr\/chemin\/wp-content\/uploads\/2025\/03\/Maquette.jpg?resize=418%2C862&#038;ssl=1\" alt=\"\" class=\"wp-image-21556\" style=\"aspect-ratio:0.8119079837618404;width:504px;height:auto\" srcset=\"https:\/\/i0.wp.com\/patrimoine-avesnois.fr\/chemin\/wp-content\/uploads\/2025\/03\/Maquette.jpg?w=418&amp;ssl=1 418w, https:\/\/i0.wp.com\/patrimoine-avesnois.fr\/chemin\/wp-content\/uploads\/2025\/03\/Maquette.jpg?resize=145%2C300&amp;ssl=1 145w\" sizes=\"auto, (max-width: 418px) 85vw, 418px\" \/><figcaption class=\"wp-element-caption\">Maquette Source ADN Bry 20-115-59<\/figcaption><\/figure>\n<\/div>\n\n<div class=\"wp-block-image\">\n<figure class=\"aligncenter size-large\"><img data-recalc-dims=\"1\" loading=\"lazy\" decoding=\"async\" width=\"524\" height=\"585\" data-attachment-id=\"16780\" data-permalink=\"https:\/\/patrimoine-avesnois.fr\/chemin\/bry\/image-85-8\/\" data-orig-file=\"https:\/\/i0.wp.com\/patrimoine-avesnois.fr\/chemin\/wp-content\/uploads\/2021\/12\/image-85.png?fit=524%2C585&amp;ssl=1\" data-orig-size=\"524,585\" data-comments-opened=\"1\" data-image-meta=\"{&quot;aperture&quot;:&quot;0&quot;,&quot;credit&quot;:&quot;&quot;,&quot;camera&quot;:&quot;&quot;,&quot;caption&quot;:&quot;&quot;,&quot;created_timestamp&quot;:&quot;0&quot;,&quot;copyright&quot;:&quot;&quot;,&quot;focal_length&quot;:&quot;0&quot;,&quot;iso&quot;:&quot;0&quot;,&quot;shutter_speed&quot;:&quot;0&quot;,&quot;title&quot;:&quot;&quot;,&quot;orientation&quot;:&quot;0&quot;}\" data-image-title=\"image-85\" data-image-description=\"\" data-image-caption=\"\" data-large-file=\"https:\/\/i0.wp.com\/patrimoine-avesnois.fr\/chemin\/wp-content\/uploads\/2021\/12\/image-85.png?fit=524%2C585&amp;ssl=1\" src=\"https:\/\/i0.wp.com\/patrimoine-avesnois.fr\/chemin\/wp-content\/uploads\/2021\/12\/image-85.png?resize=524%2C585\" alt=\"\" class=\"wp-image-16780\" srcset=\"https:\/\/i0.wp.com\/patrimoine-avesnois.fr\/chemin\/wp-content\/uploads\/2021\/12\/image-85.png?w=524&amp;ssl=1 524w, https:\/\/i0.wp.com\/patrimoine-avesnois.fr\/chemin\/wp-content\/uploads\/2021\/12\/image-85.png?resize=269%2C300&amp;ssl=1 269w\" sizes=\"auto, (max-width: 524px) 85vw, 524px\" \/><figcaption class=\"wp-element-caption\">La mairie de Bry <a href=\"https:\/\/www.google.com\/maps\/@50.318878,3.6773101,3a,90y,61.87h,94.63t\/data=!3m6!1e1!3m4!1sDn9NB4hwJO-lVXsDG3NcJA!2e0!7i16384!8i8192\" target=\"_blank\" rel=\"noreferrer noopener\">Rue de l\u2019\u00c9glise <\/a><\/figcaption><\/figure>\n<\/div>\n\n<div class=\"wp-block-image\">\n<figure class=\"aligncenter\"><img decoding=\"async\" src=\"http:\/\/i1.wp.com\/www.calvaires-avesnois.fr\/wp-content\/uploads\/2017\/03\/IMG_0183.jpg?resize=488%2C650\" alt=\"Calvaire au cimeti\u00c3\u00a8re\"\/><figcaption class=\"wp-element-caption\">le calvaire au cimeti\u00e8re<\/figcaption><\/figure>\n<\/div>\n\n<div class=\"wp-block-image\">\n<figure class=\"aligncenter is-resized\"><img data-recalc-dims=\"1\" height=\"1024\" width=\"768\" decoding=\"async\" src=\"https:\/\/i0.wp.com\/oratoiresetchapelles-avesnois.fr\/wp-content\/uploads\/2017\/04\/Oratoire-ND-de-Bonsecours-2-768x1024.jpg?resize=768%2C1024\" alt=\"Oratoire N.D de Bonsecours (1810)\" style=\"width:600px;height:785px\"\/><figcaption class=\"wp-element-caption\"> <em>Oratoire N.D de Bonsecours (1810)<\/em> <\/figcaption><\/figure>\n<\/div>\n\n<div class=\"wp-block-image\">\n<figure class=\"aligncenter is-resized\"><img data-recalc-dims=\"1\" height=\"1024\" width=\"768\" decoding=\"async\" src=\"https:\/\/i0.wp.com\/oratoiresetchapelles-avesnois.fr\/wp-content\/uploads\/2017\/04\/Oratoire-ND-de-Lourdes-2-768x1024.jpg?resize=768%2C1024\" alt=\"Oratoire N.D de Lourdes (1815)\" style=\"width:600px;height:793px\"\/><figcaption class=\"wp-element-caption\"> <em>Oratoire N.D de Lourdes (1815)<\/em> <\/figcaption><\/figure>\n<\/div>\n\n<div class=\"wp-block-image\">\n<figure class=\"aligncenter is-resized\"><img data-recalc-dims=\"1\" height=\"1024\" width=\"768\" decoding=\"async\" src=\"https:\/\/i0.wp.com\/oratoiresetchapelles-avesnois.fr\/wp-content\/uploads\/2017\/04\/Chapelle-ND-de-Bonsecours-6-768x1024.jpg?resize=768%2C1024\" alt=\"Chapelle N.D de Bonsecours\" style=\"width:600px;height:797px\"\/><figcaption class=\"wp-element-caption\"> <em>Chapelle N.D de Bonsecours<\/em> <\/figcaption><\/figure>\n<\/div>\n\n\n<p>Plus d&rsquo;explications sur ces 2 oratoires et cette chapelle sur mon site : <br><a href=\"http:\/\/oratoiresetchapelles-avesnois.fr\/bry\/\" target=\"_blank\" rel=\"noreferrer noopener\">http:\/\/oratoiresetchapelles-avesnois.fr\/bry\/<\/a> <\/p>\n\n\n\n<figure class=\"wp-block-image\"><img data-recalc-dims=\"1\" loading=\"lazy\" decoding=\"async\" width=\"840\" height=\"631\" data-attachment-id=\"563\" data-permalink=\"https:\/\/patrimoine-avesnois.fr\/chemin\/bry\/capture-22\/\" data-orig-file=\"https:\/\/i0.wp.com\/patrimoine-avesnois.fr\/chemin\/wp-content\/uploads\/2019\/04\/Capture-2.png?fit=888%2C667&amp;ssl=1\" data-orig-size=\"888,667\" data-comments-opened=\"1\" data-image-meta=\"{&quot;aperture&quot;:&quot;0&quot;,&quot;credit&quot;:&quot;&quot;,&quot;camera&quot;:&quot;&quot;,&quot;caption&quot;:&quot;&quot;,&quot;created_timestamp&quot;:&quot;0&quot;,&quot;copyright&quot;:&quot;&quot;,&quot;focal_length&quot;:&quot;0&quot;,&quot;iso&quot;:&quot;0&quot;,&quot;shutter_speed&quot;:&quot;0&quot;,&quot;title&quot;:&quot;&quot;,&quot;orientation&quot;:&quot;0&quot;}\" data-image-title=\"Capture\" data-image-description=\"\" data-image-caption=\"\" data-large-file=\"https:\/\/i0.wp.com\/patrimoine-avesnois.fr\/chemin\/wp-content\/uploads\/2019\/04\/Capture-2.png?fit=840%2C631&amp;ssl=1\" src=\"https:\/\/i0.wp.com\/patrimoine-avesnois.fr\/chemin\/wp-content\/uploads\/2019\/04\/Capture-2.png?resize=840%2C631\" alt=\"\" class=\"wp-image-563\" srcset=\"https:\/\/i0.wp.com\/patrimoine-avesnois.fr\/chemin\/wp-content\/uploads\/2019\/04\/Capture-2.png?w=888&amp;ssl=1 888w, https:\/\/i0.wp.com\/patrimoine-avesnois.fr\/chemin\/wp-content\/uploads\/2019\/04\/Capture-2.png?resize=300%2C225&amp;ssl=1 300w, https:\/\/i0.wp.com\/patrimoine-avesnois.fr\/chemin\/wp-content\/uploads\/2019\/04\/Capture-2.png?resize=768%2C577&amp;ssl=1 768w\" sizes=\"auto, (max-width: 709px) 85vw, (max-width: 909px) 67vw, (max-width: 1362px) 62vw, 840px\" \/><figcaption class=\"wp-element-caption\">Vue prise de la Belgique <a href=\"https:\/\/www.google.fr\/maps\/@50.320378,3.6843865,3a,75y,281.22h,84.51t\/data=!3m6!1e1!3m4!1s0nw68_36WPs-XGUuT-uZIA!2e0!7i13312!8i6656?hl=fr\" target=\"_blank\" rel=\"noreferrer noopener\">Rue de la Ligne<\/a><\/figcaption><\/figure>\n","protected":false},"excerpt":{"rendered":"<p>La terre de Bry fut vendue, en 1484, par Charles de Croy, comte de Chimay, \u00e0 Gilles de Ruelin, seigneur d&rsquo;Eth.Le ch\u00e2teau et la cense qui en d\u00e9pendait ont \u00e9t\u00e9, en 1606, fortement endommag\u00e9s par un ouragan.Vers 1700, le village devient propri\u00e9t\u00e9 de la famille Le Fran\u00e7ois. Source : Bulletin de la Commission historique du &hellip; <a href=\"https:\/\/patrimoine-avesnois.fr\/chemin\/bry\/\" class=\"more-link\">Continuer la lecture<span class=\"screen-reader-text\"> de &laquo;&nbsp;Bry&nbsp;&raquo;<\/span><\/a><\/p>\n","protected":false},"author":2,"featured_media":0,"parent":0,"menu_order":0,"comment_status":"closed","ping_status":"closed","template":"","meta":{"jetpack_post_was_ever_published":false,"footnotes":""},"class_list":["post-558","page","type-page","status-publish","hentry"],"jetpack_sharing_enabled":true,"jetpack_shortlink":"https:\/\/wp.me\/PaOEkN-90","jetpack-related-posts":[],"_links":{"self":[{"href":"https:\/\/patrimoine-avesnois.fr\/chemin\/wp-json\/wp\/v2\/pages\/558","targetHints":{"allow":["GET"]}}],"collection":[{"href":"https:\/\/patrimoine-avesnois.fr\/chemin\/wp-json\/wp\/v2\/pages"}],"about":[{"href":"https:\/\/patrimoine-avesnois.fr\/chemin\/wp-json\/wp\/v2\/types\/page"}],"author":[{"embeddable":true,"href":"https:\/\/patrimoine-avesnois.fr\/chemin\/wp-json\/wp\/v2\/users\/2"}],"replies":[{"embeddable":true,"href":"https:\/\/patrimoine-avesnois.fr\/chemin\/wp-json\/wp\/v2\/comments?post=558"}],"version-history":[{"count":0,"href":"https:\/\/patrimoine-avesnois.fr\/chemin\/wp-json\/wp\/v2\/pages\/558\/revisions"}],"wp:attachment":[{"href":"https:\/\/patrimoine-avesnois.fr\/chemin\/wp-json\/wp\/v2\/media?parent=558"}],"curies":[{"name":"wp","href":"https:\/\/api.w.org\/{rel}","templated":true}]}}