{"id":5875,"date":"2019-06-13T12:44:23","date_gmt":"2019-06-13T10:44:23","guid":{"rendered":"http:\/\/patrimoine-avesnois.fr\/chemin\/?page_id=5875"},"modified":"2022-01-05T09:42:53","modified_gmt":"2022-01-05T08:42:53","slug":"petit-fayt","status":"publish","type":"page","link":"https:\/\/patrimoine-avesnois.fr\/chemin\/petit-fayt\/","title":{"rendered":"Petit-Fayt"},"content":{"rendered":"\n<div class=\"wp-block-image\"><figure class=\"aligncenter\"><img data-recalc-dims=\"1\" loading=\"lazy\" decoding=\"async\" width=\"840\" height=\"635\" data-attachment-id=\"5876\" data-permalink=\"https:\/\/patrimoine-avesnois.fr\/chemin\/petit-fayt\/771_001\/\" data-orig-file=\"https:\/\/i0.wp.com\/patrimoine-avesnois.fr\/chemin\/wp-content\/uploads\/2019\/06\/771_001.jpg?fit=981%2C742&amp;ssl=1\" data-orig-size=\"981,742\" data-comments-opened=\"1\" data-image-meta=\"{&quot;aperture&quot;:&quot;0&quot;,&quot;credit&quot;:&quot;&quot;,&quot;camera&quot;:&quot;&quot;,&quot;caption&quot;:&quot;&quot;,&quot;created_timestamp&quot;:&quot;1560422774&quot;,&quot;copyright&quot;:&quot;&quot;,&quot;focal_length&quot;:&quot;0&quot;,&quot;iso&quot;:&quot;0&quot;,&quot;shutter_speed&quot;:&quot;0&quot;,&quot;title&quot;:&quot;&quot;,&quot;orientation&quot;:&quot;1&quot;}\" data-image-title=\"771_001\" data-image-description=\"\" data-image-caption=\"\" data-large-file=\"https:\/\/i0.wp.com\/patrimoine-avesnois.fr\/chemin\/wp-content\/uploads\/2019\/06\/771_001.jpg?fit=840%2C635&amp;ssl=1\" src=\"https:\/\/i0.wp.com\/patrimoine-avesnois.fr\/chemin\/wp-content\/uploads\/2019\/06\/771_001.jpg?resize=840%2C635\" alt=\"\" class=\"wp-image-5876\" srcset=\"https:\/\/i0.wp.com\/patrimoine-avesnois.fr\/chemin\/wp-content\/uploads\/2019\/06\/771_001.jpg?w=981&amp;ssl=1 981w, https:\/\/i0.wp.com\/patrimoine-avesnois.fr\/chemin\/wp-content\/uploads\/2019\/06\/771_001.jpg?resize=300%2C227&amp;ssl=1 300w, https:\/\/i0.wp.com\/patrimoine-avesnois.fr\/chemin\/wp-content\/uploads\/2019\/06\/771_001.jpg?resize=768%2C581&amp;ssl=1 768w\" sizes=\"auto, (max-width: 709px) 85vw, (max-width: 909px) 67vw, (max-width: 1362px) 62vw, 840px\" \/><figcaption>Vue a\u00e9rienne de Petit-Fayt<\/figcaption><\/figure><\/div>\n\n\n\n<p>L&rsquo;existence du site de Petit-Fayt, qui n&rsquo;est pas distinct de celui de Grand-Fayt, est attest\u00e9e d\u00e8s 921 par une charte de Charles le Simple qui affecte \u00e0 perp\u00e9tuit\u00e9 ce lieu au service des fr\u00e8res du couvent de Maroilles. <\/p>\n\n\n\n<p>Par la suite Grand-Fayt s&rsquo;appela Fayt-le-Ch\u00e2teau et Petit-Fayt, Fayt-la-Ville (du latin villa : exploitation agricole). Ce dernier village groupait donc les exploitations d\u00e9pendant du ch\u00e2teau, et l&rsquo;ensemble appartenait au XI e si\u00e8cle \u00e0 Wedric-le-Barbu,  le seigneur d&rsquo;Avesnes. <\/p>\n\n\n\n<p>En 1186, Petit-Fayt formait une paroisse du d\u00e9canat d&rsquo;Avesnes, mais, dans la suite, il ne fut plus qu&rsquo;une annexe de celle de Grand-Fayt.&nbsp;<br>Au XIII e&nbsp;si\u00e8cle Philippe de Hainaut, seigneur de Sebourg et d&rsquo;Angre, petit-fils de Bauduin-l&rsquo;Edifieur, comte de Hainaut, poss\u00e9dait la terre de Fayt. <br><br>Les deux Fayts ne form\u00e8rent longtemps qu&rsquo;une seule commune. Ils ne furent s\u00e9par\u00e9s qu&rsquo;en 1845. Une ordonnance du 20 d\u00e9cembre 1847 \u00e9rigea Petit-Fayt en succursale, mais cette paroisse n&rsquo;en continua pas moins \u00e0 \u00eatre dirig\u00e9e par le desservant de Grand-Fayt.<\/p>\n\n\n\n<div class=\"wp-block-image\"><figure class=\"aligncenter is-resized\"><img loading=\"lazy\" decoding=\"async\" data-attachment-id=\"5878\" data-permalink=\"https:\/\/patrimoine-avesnois.fr\/chemin\/petit-fayt\/image-868\/\" data-orig-file=\"https:\/\/i0.wp.com\/patrimoine-avesnois.fr\/chemin\/wp-content\/uploads\/2019\/06\/image-62.png?fit=1589%2C1056&amp;ssl=1\" data-orig-size=\"1589,1056\" data-comments-opened=\"1\" data-image-meta=\"{&quot;aperture&quot;:&quot;0&quot;,&quot;credit&quot;:&quot;&quot;,&quot;camera&quot;:&quot;&quot;,&quot;caption&quot;:&quot;&quot;,&quot;created_timestamp&quot;:&quot;0&quot;,&quot;copyright&quot;:&quot;&quot;,&quot;focal_length&quot;:&quot;0&quot;,&quot;iso&quot;:&quot;0&quot;,&quot;shutter_speed&quot;:&quot;0&quot;,&quot;title&quot;:&quot;&quot;,&quot;orientation&quot;:&quot;0&quot;}\" data-image-title=\"image\" data-image-description=\"\" data-image-caption=\"\" data-large-file=\"https:\/\/i0.wp.com\/patrimoine-avesnois.fr\/chemin\/wp-content\/uploads\/2019\/06\/image-62.png?fit=840%2C559&amp;ssl=1\" src=\"https:\/\/i0.wp.com\/patrimoine-avesnois.fr\/chemin\/wp-content\/uploads\/2019\/06\/image-62.png?fit=840%2C559\" alt=\"\" class=\"wp-image-5878\" width=\"731\" height=\"485\" srcset=\"https:\/\/i0.wp.com\/patrimoine-avesnois.fr\/chemin\/wp-content\/uploads\/2019\/06\/image-62.png?w=1589&amp;ssl=1 1589w, https:\/\/i0.wp.com\/patrimoine-avesnois.fr\/chemin\/wp-content\/uploads\/2019\/06\/image-62.png?resize=300%2C199&amp;ssl=1 300w, https:\/\/i0.wp.com\/patrimoine-avesnois.fr\/chemin\/wp-content\/uploads\/2019\/06\/image-62.png?resize=768%2C510&amp;ssl=1 768w, https:\/\/i0.wp.com\/patrimoine-avesnois.fr\/chemin\/wp-content\/uploads\/2019\/06\/image-62.png?resize=1024%2C681&amp;ssl=1 1024w, https:\/\/i0.wp.com\/patrimoine-avesnois.fr\/chemin\/wp-content\/uploads\/2019\/06\/image-62.png?resize=1200%2C797&amp;ssl=1 1200w\" sizes=\"auto, (max-width: 731px) 85vw, 731px\" \/><figcaption>Eglise et Mairie<\/figcaption><\/figure><\/div>\n\n\n\n<div class=\"wp-block-image\"><figure class=\"aligncenter is-resized\"><img loading=\"lazy\" decoding=\"async\" src=\"https:\/\/upload.wikimedia.org\/wikipedia\/commons\/thumb\/b\/bb\/Eglise_Petit-Fayt.JPG\/1280px-Eglise_Petit-Fayt.JPG\" alt=\"\" width=\"640\" height=\"480\"\/><figcaption>L&rsquo;\u00e9glise de Petit-Fayt Photo 2008 Chatsam <\/figcaption><\/figure><\/div>\n\n\n\n<p>L&rsquo;\u00e9glise de la Visitation avec porche a \u00e9t\u00e9 reconstruite en 1650, et agrandie en 1718-1719 par l&rsquo;adjonction de nefs lat\u00e9rales. <\/p>\n\n\n\n<p>La face est du clocher est perc\u00e9e de petites baies g\u00e9min\u00e9es romanes, vestiges de l&rsquo;\u00e9difice du XIIIe si\u00e8cle : source MH<\/p>\n\n\n\n<p>Notons la pose d&rsquo;un nouveau coq sur le clocher le 28 novembre 2011.<\/p>\n\n\n\n<p>L&rsquo;int\u00e9rieur poss\u00e8de quelques statues int\u00e9ressantes dont un saint Corneille et une Vierge portant l&rsquo;Enfant-J\u00e9sus.<\/p>\n\n\n\n<p>La dalle fun\u00e9raire d&rsquo;Andr\u00e9 Gosse, mort en 1691 et de Marguerite Manesse sa femme&nbsp;est&nbsp;class\u00e9e&nbsp;<a href=\"http:\/\/www2.culture.gouv.fr\/public\/mistral\/palsri_fr?ACTION=CHERCHER&amp;FIELD_1=REF&amp;VALUE_1=PM59001146\" target=\"_blank\" rel=\"noreferrer noopener\" aria-label=\"MH (opens in a new tab)\">MH<\/a> et repr\u00e9sente la mort tenant une b\u00eache et une faux entre deux personnages plac\u00e9s sous un arc en plein cintre. <\/p>\n\n\n\n<div class=\"wp-block-image\"><figure class=\"aligncenter is-resized\"><img loading=\"lazy\" decoding=\"async\" src=\"https:\/\/upload.wikimedia.org\/wikipedia\/commons\/thumb\/8\/87\/MairiePetit-Fayt.JPG\/1280px-MairiePetit-Fayt.JPG\" alt=\"Petit-Fayt\" width=\"640\" height=\"480\"\/><figcaption>La mairie de Petit Fayt &#8211; 1848<br> <\/figcaption><\/figure><\/div>\n\n\n\n<div class=\"wp-block-image\"><figure class=\"aligncenter is-resized\"><img data-recalc-dims=\"1\" loading=\"lazy\" decoding=\"async\" src=\"https:\/\/i0.wp.com\/e-monumen.net\/wp-content\/uploads\/Petit-Fayt-01-850x638.jpg?resize=638%2C479&#038;ssl=1\" alt=\"\" width=\"638\" height=\"479\"\/><figcaption>Le Monument aux Morts de Petit-Fayt.  Photo Micheline Casier (juin 2017).<a href=\"https:\/\/monumentsmorts.univ-lille.fr\/monument\/563\/petit-fayt-presdeleglise\/\" target=\"_blank\" rel=\"noreferrer noopener\" aria-label=\" Universit\u00e9 Lille 3  (opens in a new tab)\"> Universit\u00e9 Lille 3 <\/a><\/figcaption><\/figure><\/div>\n\n\n\n<div class=\"wp-block-image\"><figure class=\"aligncenter is-resized\"><img loading=\"lazy\" decoding=\"async\" src=\"https:\/\/upload.wikimedia.org\/wikipedia\/commons\/thumb\/9\/9e\/Mom_petit-fayt.JPG\/800px-Mom_petit-fayt.JPG\" alt=\"\" width=\"400\" height=\"621\"\/><figcaption>Monument aux morts <\/figcaption><\/figure><\/div>\n\n\n\n<p>Beau monument rectangulaire de pierre bleue de 4 m\u00e8tres de haut pour 1,60 m\u00e8tre de longueur et 1,20 m\u00e8tre de largeur. Il se compose de 3 parties : Sur la partie inf\u00e9rieure, on trouvait \u00e0 l\u2019origine les noms des soldats victimes des trois guerres (1870-1871 \/1914-1918\/ 1939-1945) sur des plaques de marbre rivet\u00e9es aux quatre faces du monument. Les noms \u00e9taient entour\u00e9s d\u2019un c\u00f4t\u00e9 d\u2019une feuille d\u2019olivier et de l\u2019autre d\u2019une feuille de laurier. Plus tard, ces plaques furent enlev\u00e9es et l\u2019on ne trouve aujourd\u2019hui que les noms des soldats grav\u00e9s dans la pierre. <\/p>\n\n\n\n<p>Sculpteur : <a href=\"https:\/\/monumentsmorts.univ-lille.fr\/auteur\/561\/camusetienne\/\" target=\"_blank\" rel=\"noreferrer noopener\" aria-label=\"Etienne Camus (opens in a new tab)\">Etienne Camus<\/a>. Marbrier : <a rel=\"noreferrer noopener\" aria-label=\"Alphonse Moronval (opens in a new tab)\" href=\"https:\/\/monumentsmorts.univ-lille.fr\/auteur\/17\/moronvalalphonse\/\" target=\"_blank\">Alphonse Moronval<\/a> d&rsquo;Avesnes<\/p>\n\n\n\n<div class=\"wp-block-image\"><figure class=\"aligncenter is-resized\"><img loading=\"lazy\" decoding=\"async\" data-attachment-id=\"283\" data-permalink=\"https:\/\/patrimoine-avesnois.fr\/chemin\/beaurepaire-sur-sambre\/attachment\/0043\/\" data-orig-file=\"https:\/\/i0.wp.com\/patrimoine-avesnois.fr\/chemin\/wp-content\/uploads\/2019\/03\/0043.jpg?fit=1826%2C802&amp;ssl=1\" data-orig-size=\"1826,802\" data-comments-opened=\"1\" data-image-meta=\"{&quot;aperture&quot;:&quot;2.8&quot;,&quot;credit&quot;:&quot;&quot;,&quot;camera&quot;:&quot;E3200&quot;,&quot;caption&quot;:&quot;&quot;,&quot;created_timestamp&quot;:&quot;1386341169&quot;,&quot;copyright&quot;:&quot;&quot;,&quot;focal_length&quot;:&quot;5.8&quot;,&quot;iso&quot;:&quot;50&quot;,&quot;shutter_speed&quot;:&quot;0.014224751066856&quot;,&quot;title&quot;:&quot;&quot;,&quot;orientation&quot;:&quot;1&quot;}\" data-image-title=\"0043\" data-image-description=\"\" data-image-caption=\"\" data-large-file=\"https:\/\/i0.wp.com\/patrimoine-avesnois.fr\/chemin\/wp-content\/uploads\/2019\/03\/0043.jpg?fit=840%2C369&amp;ssl=1\" src=\"https:\/\/i2.wp.com\/kiosques-avesnois.fr\/wp-content\/uploads\/2017\/11\/Petit-Fayt-2013.jpg?resize=840%2C679\" alt=\"\" class=\"wp-image-283\" width=\"630\" height=\"509\"\/><figcaption>Petit-Fayt 2013 date de sa restauration et de son inauguration<\/figcaption><\/figure><\/div>\n\n\n\n<p>Kiosque \u00e0 danser circulaire en fonte sur pied unique fabriqu\u00e9 vers 1890 par la fonderie Paradis d\u2019Hautmont.<\/p>\n\n\n\n<div class=\"wp-block-image\"><figure class=\"aligncenter\"><img data-recalc-dims=\"1\" height=\"476\" width=\"840\" decoding=\"async\" src=\"https:\/\/i0.wp.com\/oratoiresetchapelles-avesnois.fr\/wp-content\/uploads\/2017\/08\/Capture-Copie-Copie-Copie-1024x580.png?resize=840%2C476\" alt=\"Carte \u00c3\u00a0 partir de Mappy\"\/><figcaption><a href=\"http:\/\/oratoiresetchapelles-avesnois.fr\/petit-fayt\/\" target=\"_blank\" rel=\"noreferrer noopener\" aria-label=\"10 oratoires et 3 chapelles (opens in a new tab)\">10 oratoires et 3 chapelles<\/a><\/figcaption><\/figure><\/div>\n\n\n\n<p>La principale activit\u00e9 de la commune est la laiterie qui r\u00e9colte tout le lait produit sur l&rsquo;Avesnois ; elle est l&rsquo;h\u00e9riti\u00e8re de la Laiterie coop\u00e9rative des Fayts. <\/p>\n\n\n\n<div class=\"wp-block-image\"><figure class=\"aligncenter is-resized\"><img data-recalc-dims=\"1\" loading=\"lazy\" decoding=\"async\" data-attachment-id=\"5877\" data-permalink=\"https:\/\/patrimoine-avesnois.fr\/chemin\/petit-fayt\/981_001-2\/\" data-orig-file=\"https:\/\/i0.wp.com\/patrimoine-avesnois.fr\/chemin\/wp-content\/uploads\/2019\/06\/981_001.jpg?fit=974%2C679&amp;ssl=1\" data-orig-size=\"974,679\" data-comments-opened=\"1\" data-image-meta=\"{&quot;aperture&quot;:&quot;0&quot;,&quot;credit&quot;:&quot;&quot;,&quot;camera&quot;:&quot;&quot;,&quot;caption&quot;:&quot;&quot;,&quot;created_timestamp&quot;:&quot;1560422676&quot;,&quot;copyright&quot;:&quot;&quot;,&quot;focal_length&quot;:&quot;0&quot;,&quot;iso&quot;:&quot;0&quot;,&quot;shutter_speed&quot;:&quot;0&quot;,&quot;title&quot;:&quot;&quot;,&quot;orientation&quot;:&quot;0&quot;}\" data-image-title=\"981_001\" data-image-description=\"\" data-image-caption=\"\" data-large-file=\"https:\/\/i0.wp.com\/patrimoine-avesnois.fr\/chemin\/wp-content\/uploads\/2019\/06\/981_001.jpg?fit=840%2C586&amp;ssl=1\" src=\"https:\/\/i0.wp.com\/patrimoine-avesnois.fr\/chemin\/wp-content\/uploads\/2019\/06\/981_001.jpg?resize=731%2C509\" alt=\"\" class=\"wp-image-5877\" width=\"731\" height=\"509\" srcset=\"https:\/\/i0.wp.com\/patrimoine-avesnois.fr\/chemin\/wp-content\/uploads\/2019\/06\/981_001.jpg?w=974&amp;ssl=1 974w, https:\/\/i0.wp.com\/patrimoine-avesnois.fr\/chemin\/wp-content\/uploads\/2019\/06\/981_001.jpg?resize=300%2C209&amp;ssl=1 300w, https:\/\/i0.wp.com\/patrimoine-avesnois.fr\/chemin\/wp-content\/uploads\/2019\/06\/981_001.jpg?resize=768%2C535&amp;ssl=1 768w\" sizes=\"auto, (max-width: 731px) 85vw, 731px\" \/><figcaption>Vue a\u00e9rienne de la laiterie<\/figcaption><\/figure><\/div>\n\n\n\n<div class=\"wp-block-image\"><figure class=\"aligncenter\"><img data-recalc-dims=\"1\" loading=\"lazy\" decoding=\"async\" width=\"806\" height=\"504\" data-attachment-id=\"5879\" data-permalink=\"https:\/\/patrimoine-avesnois.fr\/chemin\/petit-fayt\/464_001\/\" data-orig-file=\"https:\/\/i0.wp.com\/patrimoine-avesnois.fr\/chemin\/wp-content\/uploads\/2019\/06\/464_001.jpg?fit=806%2C504&amp;ssl=1\" data-orig-size=\"806,504\" data-comments-opened=\"1\" data-image-meta=\"{&quot;aperture&quot;:&quot;0&quot;,&quot;credit&quot;:&quot;&quot;,&quot;camera&quot;:&quot;&quot;,&quot;caption&quot;:&quot;&quot;,&quot;created_timestamp&quot;:&quot;1560422718&quot;,&quot;copyright&quot;:&quot;&quot;,&quot;focal_length&quot;:&quot;0&quot;,&quot;iso&quot;:&quot;0&quot;,&quot;shutter_speed&quot;:&quot;0&quot;,&quot;title&quot;:&quot;&quot;,&quot;orientation&quot;:&quot;0&quot;}\" data-image-title=\"464_001\" data-image-description=\"\" data-image-caption=\"\" data-large-file=\"https:\/\/i0.wp.com\/patrimoine-avesnois.fr\/chemin\/wp-content\/uploads\/2019\/06\/464_001.jpg?fit=806%2C504&amp;ssl=1\" src=\"https:\/\/i0.wp.com\/patrimoine-avesnois.fr\/chemin\/wp-content\/uploads\/2019\/06\/464_001.jpg?resize=806%2C504\" alt=\"\" class=\"wp-image-5879\" srcset=\"https:\/\/i0.wp.com\/patrimoine-avesnois.fr\/chemin\/wp-content\/uploads\/2019\/06\/464_001.jpg?w=806&amp;ssl=1 806w, https:\/\/i0.wp.com\/patrimoine-avesnois.fr\/chemin\/wp-content\/uploads\/2019\/06\/464_001.jpg?resize=300%2C188&amp;ssl=1 300w, https:\/\/i0.wp.com\/patrimoine-avesnois.fr\/chemin\/wp-content\/uploads\/2019\/06\/464_001.jpg?resize=768%2C480&amp;ssl=1 768w\" sizes=\"auto, (max-width: 806px) 85vw, 806px\" \/><figcaption>La laiterie des Fayts<\/figcaption><\/figure><\/div>\n\n\n\n<ul class=\"wp-block-list\"><li>1891: Cr\u00e9ation par de la SA coop\u00e9rative de la laiterie de Fayt par Auxibe Benvenot.<\/li><li>1935 1937 : Utilisation du lait pour en faire du beurre et du fromage \u00e0 p\u00e2te molle. Source Vezin C et P Vandame<\/li><li>1967 : Fermeture. Les adh\u00e9rents partent surtout \u00e0 la laiterie de l&rsquo;Abbaye de Dompierre-sur-Helpe.<\/li><li>1972 : Achat des b\u00e2timents par l&rsquo;Abbaye. Celle-ci du groupe Ucanel en 1989 ferma en 1992.<\/li><li>1997 : Alliance entre une coop\u00e9rative agricole UCANEL et un g\u00e9ant du lait LACTALIS pour former CANELIA.  <br>Can\u00e9lia compte deux sites de production&nbsp;:<strong> <\/strong>Petit-Fayt sp\u00e9cialis\u00e9 dans la mati\u00e8re grasse et le lait UHT et Rouvroy-su<strong>r<\/strong>-Audry, dans l\u2019Aisne, d\u00e9di\u00e9 \u00e0 la poudre de lait.<\/li><li>2018 : Investissement de  2,2 millions d\u2019euros  pour moderniser l\u2019outil de travail et am\u00e9liorer la qualit\u00e9.<\/li><li>2019 : Suppression d&rsquo;une chaudi\u00e8re de 41 tonnes et de 25 m de haut qui avait \u00e9t\u00e9 install\u00e9e en 1978. Cette chaudi\u00e8re \u00e0 fioul lourd servait \u00e0 fabriquer la vapeur pour pasteuriser les produits laitiers.<\/li><\/ul>\n\n\n\n<figure class=\"wp-block-image\"><img data-recalc-dims=\"1\" loading=\"lazy\" decoding=\"async\" width=\"762\" height=\"571\" data-attachment-id=\"5881\" data-permalink=\"https:\/\/patrimoine-avesnois.fr\/chemin\/petit-fayt\/800px-rue_et_pont_petit-fayt\/\" data-orig-file=\"https:\/\/i0.wp.com\/patrimoine-avesnois.fr\/chemin\/wp-content\/uploads\/2019\/06\/800px-Rue_et_pont_Petit-Fayt.jpg?fit=762%2C571&amp;ssl=1\" data-orig-size=\"762,571\" data-comments-opened=\"1\" data-image-meta=\"{&quot;aperture&quot;:&quot;0&quot;,&quot;credit&quot;:&quot;&quot;,&quot;camera&quot;:&quot;&quot;,&quot;caption&quot;:&quot;&quot;,&quot;created_timestamp&quot;:&quot;1560428316&quot;,&quot;copyright&quot;:&quot;&quot;,&quot;focal_length&quot;:&quot;0&quot;,&quot;iso&quot;:&quot;0&quot;,&quot;shutter_speed&quot;:&quot;0&quot;,&quot;title&quot;:&quot;&quot;,&quot;orientation&quot;:&quot;0&quot;}\" data-image-title=\"800px-Rue_et_pont_Petit-Fayt\" data-image-description=\"\" data-image-caption=\"\" data-large-file=\"https:\/\/i0.wp.com\/patrimoine-avesnois.fr\/chemin\/wp-content\/uploads\/2019\/06\/800px-Rue_et_pont_Petit-Fayt.jpg?fit=762%2C571&amp;ssl=1\" src=\"https:\/\/i0.wp.com\/patrimoine-avesnois.fr\/chemin\/wp-content\/uploads\/2019\/06\/800px-Rue_et_pont_Petit-Fayt.jpg?resize=762%2C571\" alt=\"\" class=\"wp-image-5881\" srcset=\"https:\/\/i0.wp.com\/patrimoine-avesnois.fr\/chemin\/wp-content\/uploads\/2019\/06\/800px-Rue_et_pont_Petit-Fayt.jpg?w=762&amp;ssl=1 762w, https:\/\/i0.wp.com\/patrimoine-avesnois.fr\/chemin\/wp-content\/uploads\/2019\/06\/800px-Rue_et_pont_Petit-Fayt.jpg?resize=300%2C225&amp;ssl=1 300w\" sizes=\"auto, (max-width: 762px) 85vw, 762px\" \/><figcaption>Petit-Fayt<\/figcaption><\/figure>\n","protected":false},"excerpt":{"rendered":"<p>L&rsquo;existence du site de Petit-Fayt, qui n&rsquo;est pas distinct de celui de Grand-Fayt, est attest\u00e9e d\u00e8s 921 par une charte de Charles le Simple qui affecte \u00e0 perp\u00e9tuit\u00e9 ce lieu au service des fr\u00e8res du couvent de Maroilles. Par la suite Grand-Fayt s&rsquo;appela Fayt-le-Ch\u00e2teau et Petit-Fayt, Fayt-la-Ville (du latin villa : exploitation agricole). Ce dernier &hellip; <a href=\"https:\/\/patrimoine-avesnois.fr\/chemin\/petit-fayt\/\" class=\"more-link\">Continuer la lecture<span class=\"screen-reader-text\"> de &laquo;&nbsp;Petit-Fayt&nbsp;&raquo;<\/span><\/a><\/p>\n","protected":false},"author":2,"featured_media":0,"parent":0,"menu_order":0,"comment_status":"closed","ping_status":"closed","template":"","meta":{"jetpack_post_was_ever_published":false,"footnotes":""},"class_list":["post-5875","page","type-page","status-publish","hentry"],"jetpack_sharing_enabled":true,"jetpack_shortlink":"https:\/\/wp.me\/PaOEkN-1wL","jetpack-related-posts":[],"_links":{"self":[{"href":"https:\/\/patrimoine-avesnois.fr\/chemin\/wp-json\/wp\/v2\/pages\/5875","targetHints":{"allow":["GET"]}}],"collection":[{"href":"https:\/\/patrimoine-avesnois.fr\/chemin\/wp-json\/wp\/v2\/pages"}],"about":[{"href":"https:\/\/patrimoine-avesnois.fr\/chemin\/wp-json\/wp\/v2\/types\/page"}],"author":[{"embeddable":true,"href":"https:\/\/patrimoine-avesnois.fr\/chemin\/wp-json\/wp\/v2\/users\/2"}],"replies":[{"embeddable":true,"href":"https:\/\/patrimoine-avesnois.fr\/chemin\/wp-json\/wp\/v2\/comments?post=5875"}],"version-history":[{"count":0,"href":"https:\/\/patrimoine-avesnois.fr\/chemin\/wp-json\/wp\/v2\/pages\/5875\/revisions"}],"wp:attachment":[{"href":"https:\/\/patrimoine-avesnois.fr\/chemin\/wp-json\/wp\/v2\/media?parent=5875"}],"curies":[{"name":"wp","href":"https:\/\/api.w.org\/{rel}","templated":true}]}}