{"id":626,"date":"2019-04-04T11:06:48","date_gmt":"2019-04-04T09:06:48","guid":{"rendered":"http:\/\/patrimoine-avesnois.fr\/chemin\/?page_id=626"},"modified":"2021-12-29T18:52:21","modified_gmt":"2021-12-29T17:52:21","slug":"choisies","status":"publish","type":"page","link":"https:\/\/patrimoine-avesnois.fr\/chemin\/choisies\/","title":{"rendered":"Choisies"},"content":{"rendered":"\n<div class=\"wp-block-image\"><figure class=\"aligncenter is-resized\"><img data-recalc-dims=\"1\" loading=\"lazy\" decoding=\"async\" data-attachment-id=\"627\" data-permalink=\"https:\/\/patrimoine-avesnois.fr\/chemin\/choisies\/image-76\/\" data-orig-file=\"https:\/\/i0.wp.com\/patrimoine-avesnois.fr\/chemin\/wp-content\/uploads\/2019\/04\/image-54.png?fit=492%2C369&amp;ssl=1\" data-orig-size=\"492,369\" data-comments-opened=\"1\" data-image-meta=\"{&quot;aperture&quot;:&quot;0&quot;,&quot;credit&quot;:&quot;&quot;,&quot;camera&quot;:&quot;&quot;,&quot;caption&quot;:&quot;&quot;,&quot;created_timestamp&quot;:&quot;0&quot;,&quot;copyright&quot;:&quot;&quot;,&quot;focal_length&quot;:&quot;0&quot;,&quot;iso&quot;:&quot;0&quot;,&quot;shutter_speed&quot;:&quot;0&quot;,&quot;title&quot;:&quot;&quot;,&quot;orientation&quot;:&quot;0&quot;}\" data-image-title=\"image\" data-image-description=\"\" data-image-caption=\"\" data-large-file=\"https:\/\/i0.wp.com\/patrimoine-avesnois.fr\/chemin\/wp-content\/uploads\/2019\/04\/image-54.png?fit=492%2C369&amp;ssl=1\" src=\"https:\/\/i0.wp.com\/patrimoine-avesnois.fr\/chemin\/wp-content\/uploads\/2019\/04\/image-54.png?resize=600%2C458\" alt=\"\" class=\"wp-image-627\" width=\"600\" height=\"458\"\/><figcaption>La premi\u00e8re photo de Choisies, r\u00e9alis\u00e9e en 1920 par E Desmarez de Maubeuge.<\/figcaption><\/figure><\/div>\n\n\n\n<p>Choisies est le village le moins habit\u00e9 de l&rsquo;arrondissement d&rsquo;Avesnes mais il est cependant fort ancien puisque l&rsquo;un de ses seigneurs, Jean de Choisies, participa \u00e0 la quatri\u00e8me croisade et monta l&rsquo;un des premiers \u00e0 l&rsquo;assaut des murs de Constantinople.  Dans le XVIIe si\u00e8cle, la terre de Choisies fut apport\u00e9e en mariage \u00e0 Charles-Robert, seigneur de Qui\u00e9velon, par Maximilienne de Deker.<\/p>\n\n\n\n<p><\/p>\n\n\n\n<div class=\"wp-block-image\"><figure class=\"aligncenter is-resized\"><img data-recalc-dims=\"1\" loading=\"lazy\" decoding=\"async\" data-attachment-id=\"628\" data-permalink=\"https:\/\/patrimoine-avesnois.fr\/chemin\/choisies\/image-77\/\" data-orig-file=\"https:\/\/i0.wp.com\/patrimoine-avesnois.fr\/chemin\/wp-content\/uploads\/2019\/04\/image-55.png?fit=914%2C685&amp;ssl=1\" data-orig-size=\"914,685\" data-comments-opened=\"1\" data-image-meta=\"{&quot;aperture&quot;:&quot;0&quot;,&quot;credit&quot;:&quot;&quot;,&quot;camera&quot;:&quot;&quot;,&quot;caption&quot;:&quot;&quot;,&quot;created_timestamp&quot;:&quot;0&quot;,&quot;copyright&quot;:&quot;&quot;,&quot;focal_length&quot;:&quot;0&quot;,&quot;iso&quot;:&quot;0&quot;,&quot;shutter_speed&quot;:&quot;0&quot;,&quot;title&quot;:&quot;&quot;,&quot;orientation&quot;:&quot;0&quot;}\" data-image-title=\"image\" data-image-description=\"\" data-image-caption=\"\" data-large-file=\"https:\/\/i0.wp.com\/patrimoine-avesnois.fr\/chemin\/wp-content\/uploads\/2019\/04\/image-55.png?fit=840%2C630&amp;ssl=1\" src=\"https:\/\/i0.wp.com\/patrimoine-avesnois.fr\/chemin\/wp-content\/uploads\/2019\/04\/image-55.png?resize=686%2C514\" alt=\"\" class=\"wp-image-628\" width=\"686\" height=\"514\" srcset=\"https:\/\/i0.wp.com\/patrimoine-avesnois.fr\/chemin\/wp-content\/uploads\/2019\/04\/image-55.png?w=914&amp;ssl=1 914w, https:\/\/i0.wp.com\/patrimoine-avesnois.fr\/chemin\/wp-content\/uploads\/2019\/04\/image-55.png?resize=300%2C225&amp;ssl=1 300w, https:\/\/i0.wp.com\/patrimoine-avesnois.fr\/chemin\/wp-content\/uploads\/2019\/04\/image-55.png?resize=768%2C576&amp;ssl=1 768w\" sizes=\"auto, (max-width: 686px) 85vw, 686px\" \/><figcaption>L&rsquo;\u00e9glise de Choisies<\/figcaption><\/figure><\/div>\n\n\n\n<div class=\"wp-block-image\"><figure class=\"aligncenter\"><img decoding=\"async\" src=\"https:\/\/upload.wikimedia.org\/wikipedia\/commons\/thumb\/a\/a9\/%C3%89glise_de_Choisies.JPG\/450px-%C3%89glise_de_Choisies.JPG\" alt=\"Fichier: \u00c3\u0089glise de Choisies.JPG\"\/><figcaption>L&rsquo;\u00e9glise St Antoine Photo Budotradan<\/figcaption><\/figure><\/div>\n\n\n\n<div class=\"wp-block-image\"><figure class=\"aligncenter is-resized\"><img data-recalc-dims=\"1\" loading=\"lazy\" decoding=\"async\" data-attachment-id=\"629\" data-permalink=\"https:\/\/patrimoine-avesnois.fr\/chemin\/choisies\/image-78\/\" data-orig-file=\"https:\/\/i0.wp.com\/patrimoine-avesnois.fr\/chemin\/wp-content\/uploads\/2019\/04\/image-56.png?fit=352%2C470&amp;ssl=1\" data-orig-size=\"352,470\" data-comments-opened=\"1\" data-image-meta=\"{&quot;aperture&quot;:&quot;0&quot;,&quot;credit&quot;:&quot;&quot;,&quot;camera&quot;:&quot;&quot;,&quot;caption&quot;:&quot;&quot;,&quot;created_timestamp&quot;:&quot;0&quot;,&quot;copyright&quot;:&quot;&quot;,&quot;focal_length&quot;:&quot;0&quot;,&quot;iso&quot;:&quot;0&quot;,&quot;shutter_speed&quot;:&quot;0&quot;,&quot;title&quot;:&quot;&quot;,&quot;orientation&quot;:&quot;0&quot;}\" data-image-title=\"image\" data-image-description=\"\" data-image-caption=\"\" data-large-file=\"https:\/\/i0.wp.com\/patrimoine-avesnois.fr\/chemin\/wp-content\/uploads\/2019\/04\/image-56.png?fit=352%2C470&amp;ssl=1\" src=\"https:\/\/i0.wp.com\/patrimoine-avesnois.fr\/chemin\/wp-content\/uploads\/2019\/04\/image-56.png?resize=450%2C591\" alt=\"\" class=\"wp-image-629\" width=\"450\" height=\"591\"\/><figcaption>Buste reliquaire:  St Antoine ermite <a href=\"http:\/\/www2.culture.gouv.fr\/public\/mistral\/palsri_fr?ACTION=CHERCHER&amp;FIELD_1=REF&amp;VALUE_1=PM59000307\" target=\"_blank\" rel=\"noreferrer noopener\">MH 1992<\/a><\/figcaption><\/figure><\/div>\n\n\n\n<p>L&rsquo;\u00e9glise St Antoine de Choisies est de style roman. Elle fut b\u00e2tie en 1611 et restaur\u00e9e en 1854. Elle fut vendue \u00e0 la R\u00e9volution pour 400 livres au sieur Daussonville de Lille, avec le terrain qui l&rsquo;entourait et les objets qu&rsquo;elle renfermait, \u00e0 l&rsquo;exception de la cloche. Une voiture ayant \u00e9t\u00e9 envoy\u00e9e pour enlever le mobilier eut ses roues de d\u00e9monter la nuit par les habitants de Choisies, ce qui obligea l&rsquo;acqu\u00e9reur \u00e0 revendre l&rsquo;\u00e9glise \u00e0 la commune.<\/p>\n\n\n\n<p>Le buste reliquaire de Saint Antoine, patron de la paroisse, est l&rsquo;objet dans le village d&rsquo;une v\u00e9n\u00e9ration particuli\u00e8re. Il a \u00e9t\u00e9 class\u00e9 MH en 1992 et restaur\u00e9 en 1996.<\/p>\n\n\n\n<div class=\"wp-block-image\"><figure class=\"aligncenter is-resized\"><img loading=\"lazy\" decoding=\"async\" src=\"https:\/\/upload.wikimedia.org\/wikipedia\/commons\/thumb\/4\/49\/Mairie_de_Choisies.JPG\/1280px-Mairie_de_Choisies.JPG\" alt=\"\" width=\"640\" height=\"480\"\/><figcaption>La Mairie de Choisies Photo Budotradan<\/figcaption><\/figure><\/div>\n\n\n\n<p><\/p>\n\n\n\n<div class=\"wp-block-image\"><figure class=\"aligncenter is-resized\"><img data-recalc-dims=\"1\" loading=\"lazy\" decoding=\"async\" src=\"https:\/\/i0.wp.com\/oratoiresetchapelles-avesnois.fr\/wp-content\/uploads\/2016\/12\/28.Choisies-ND-de-Walcourt-768x1024.jpg?resize=450%2C601\" alt=\"N.D de Walcourt\" class=\"wp-image-1082\" width=\"450\" height=\"601\"\/><figcaption>N.D de Walcourt<\/figcaption><\/figure><\/div>\n\n\n\n<p>Chapelle N.D de Walcourt. Elle aurait \u00e9t\u00e9 b\u00e2tie par la famille Bettignies originaire de Beaufort au d\u00e9but du XX si\u00e8cle. A l\u2019int\u00e9rieur sur le mur du fonds il est fait mention de \u00ab&nbsp;Souvenir de mission des paroisses d\u2019Obrechies et de Choisies du 13 au 27 mars 1949. RP Cortey et RP Delcambre missionnaires dioc\u00e9sains.&nbsp;\u00bb Elle se situe chemin de la Fachelle , \u00e0 l\u2019abri de deux pins et cern\u00e9e d\u2019une haie d\u2019aub\u00e9pine.<strong>&amp;<\/strong><\/p>\n\n\n\n<div class=\"wp-block-image\"><figure class=\"aligncenter is-resized\"><img data-recalc-dims=\"1\" loading=\"lazy\" decoding=\"async\" data-attachment-id=\"1227\" data-permalink=\"https:\/\/patrimoine-avesnois.fr\/chemin\/etroeungt\/image-256\/\" data-orig-file=\"https:\/\/i0.wp.com\/patrimoine-avesnois.fr\/chemin\/wp-content\/uploads\/2019\/04\/image-234.png?fit=465%2C349&amp;ssl=1\" data-orig-size=\"465,349\" data-comments-opened=\"1\" data-image-meta=\"{&quot;aperture&quot;:&quot;0&quot;,&quot;credit&quot;:&quot;&quot;,&quot;camera&quot;:&quot;&quot;,&quot;caption&quot;:&quot;&quot;,&quot;created_timestamp&quot;:&quot;0&quot;,&quot;copyright&quot;:&quot;&quot;,&quot;focal_length&quot;:&quot;0&quot;,&quot;iso&quot;:&quot;0&quot;,&quot;shutter_speed&quot;:&quot;0&quot;,&quot;title&quot;:&quot;&quot;,&quot;orientation&quot;:&quot;0&quot;}\" data-image-title=\"image\" data-image-description=\"\" data-image-caption=\"\" data-large-file=\"https:\/\/i0.wp.com\/patrimoine-avesnois.fr\/chemin\/wp-content\/uploads\/2019\/04\/image-234.png?fit=465%2C349&amp;ssl=1\" src=\"https:\/\/i0.wp.com\/oratoiresetchapelles-avesnois.fr\/wp-content\/uploads\/2016\/12\/2.Choisies-Chapelle-ND-des-Sept-Douleurs-Grd-Rue-768x1024.jpg?resize=450%2C646\" alt=\"N.D des Sept Douleurs\" class=\"wp-image-1227\" width=\"450\" height=\"646\"\/><figcaption> <br><em>N.D des Sept Douleurs<\/em> <\/figcaption><\/figure><\/div>\n\n\n\n<p>Chapelle N.D des Sept Douleurs Gd Rue. Belle chapelle avec sa voussure en arc bris\u00e9. La croix est la r\u00e9plique simplifi\u00e9e de celle du clocher de l\u2019\u00e9glise. A l\u2019int\u00e9rieur le dessus de l\u2019autel supporte la statue de N.D des Sept Douleurs. On y trouve \u00e9galement un imposant Christ agonisant clou\u00e9 sur une croix de bois, une Vierge \u00e0 m\u00eame le sol et plusieurs statuettes sur des consoles en bois .<\/p>\n\n\n\n<div class=\"wp-block-image\"><figure class=\"aligncenter is-resized\"><img loading=\"lazy\" decoding=\"async\" data-attachment-id=\"630\" data-permalink=\"https:\/\/patrimoine-avesnois.fr\/chemin\/choisies\/image-79\/\" data-orig-file=\"https:\/\/i0.wp.com\/patrimoine-avesnois.fr\/chemin\/wp-content\/uploads\/2019\/04\/image-57.png?fit=1044%2C783&amp;ssl=1\" data-orig-size=\"1044,783\" data-comments-opened=\"1\" data-image-meta=\"{&quot;aperture&quot;:&quot;0&quot;,&quot;credit&quot;:&quot;&quot;,&quot;camera&quot;:&quot;&quot;,&quot;caption&quot;:&quot;&quot;,&quot;created_timestamp&quot;:&quot;0&quot;,&quot;copyright&quot;:&quot;&quot;,&quot;focal_length&quot;:&quot;0&quot;,&quot;iso&quot;:&quot;0&quot;,&quot;shutter_speed&quot;:&quot;0&quot;,&quot;title&quot;:&quot;&quot;,&quot;orientation&quot;:&quot;0&quot;}\" data-image-title=\"image\" data-image-description=\"\" data-image-caption=\"\" data-large-file=\"https:\/\/i0.wp.com\/patrimoine-avesnois.fr\/chemin\/wp-content\/uploads\/2019\/04\/image-57.png?fit=840%2C630&amp;ssl=1\" src=\"https:\/\/i0.wp.com\/patrimoine-avesnois.fr\/chemin\/wp-content\/uploads\/2019\/04\/image-57.png?fit=840%2C630\" alt=\"\" class=\"wp-image-630\" width=\"630\" height=\"473\" srcset=\"https:\/\/i0.wp.com\/patrimoine-avesnois.fr\/chemin\/wp-content\/uploads\/2019\/04\/image-57.png?w=1044&amp;ssl=1 1044w, https:\/\/i0.wp.com\/patrimoine-avesnois.fr\/chemin\/wp-content\/uploads\/2019\/04\/image-57.png?resize=300%2C225&amp;ssl=1 300w, https:\/\/i0.wp.com\/patrimoine-avesnois.fr\/chemin\/wp-content\/uploads\/2019\/04\/image-57.png?resize=768%2C576&amp;ssl=1 768w, https:\/\/i0.wp.com\/patrimoine-avesnois.fr\/chemin\/wp-content\/uploads\/2019\/04\/image-57.png?resize=1024%2C768&amp;ssl=1 1024w\" sizes=\"auto, (max-width: 630px) 85vw, 630px\" \/><figcaption>La Solre<\/figcaption><\/figure><\/div>\n\n\n\n<div class=\"wp-block-image\"><figure class=\"aligncenter is-resized\"><img data-recalc-dims=\"1\" loading=\"lazy\" decoding=\"async\" data-attachment-id=\"633\" data-permalink=\"https:\/\/patrimoine-avesnois.fr\/chemin\/choisies\/image-80\/\" data-orig-file=\"https:\/\/i0.wp.com\/patrimoine-avesnois.fr\/chemin\/wp-content\/uploads\/2019\/04\/image-58.png?fit=895%2C671&amp;ssl=1\" data-orig-size=\"895,671\" data-comments-opened=\"1\" data-image-meta=\"{&quot;aperture&quot;:&quot;0&quot;,&quot;credit&quot;:&quot;&quot;,&quot;camera&quot;:&quot;&quot;,&quot;caption&quot;:&quot;&quot;,&quot;created_timestamp&quot;:&quot;0&quot;,&quot;copyright&quot;:&quot;&quot;,&quot;focal_length&quot;:&quot;0&quot;,&quot;iso&quot;:&quot;0&quot;,&quot;shutter_speed&quot;:&quot;0&quot;,&quot;title&quot;:&quot;&quot;,&quot;orientation&quot;:&quot;0&quot;}\" data-image-title=\"image\" data-image-description=\"\" data-image-caption=\"\" data-large-file=\"https:\/\/i0.wp.com\/patrimoine-avesnois.fr\/chemin\/wp-content\/uploads\/2019\/04\/image-58.png?fit=840%2C630&amp;ssl=1\" src=\"https:\/\/i0.wp.com\/patrimoine-avesnois.fr\/chemin\/wp-content\/uploads\/2019\/04\/image-58.png?resize=671%2C503\" alt=\"\" class=\"wp-image-633\" width=\"671\" height=\"503\" srcset=\"https:\/\/i0.wp.com\/patrimoine-avesnois.fr\/chemin\/wp-content\/uploads\/2019\/04\/image-58.png?w=895&amp;ssl=1 895w, https:\/\/i0.wp.com\/patrimoine-avesnois.fr\/chemin\/wp-content\/uploads\/2019\/04\/image-58.png?resize=300%2C225&amp;ssl=1 300w, https:\/\/i0.wp.com\/patrimoine-avesnois.fr\/chemin\/wp-content\/uploads\/2019\/04\/image-58.png?resize=768%2C576&amp;ssl=1 768w\" sizes=\"auto, (max-width: 671px) 85vw, 671px\" \/><figcaption>L&rsquo;ancienne petite gare de Choisies<\/figcaption><\/figure><\/div>\n\n\n\n<div class=\"wp-block-image\"><figure class=\"aligncenter is-resized\"><img loading=\"lazy\" decoding=\"async\" src=\"https:\/\/upload.wikimedia.org\/wikipedia\/commons\/thumb\/b\/b0\/Sentier_%C3%A9meraude_%C3%A0_Choisies.JPG\/1280px-Sentier_%C3%A9meraude_%C3%A0_Choisies.JPG\" alt=\"le sentier \u00c3\u00a9meraude\" width=\"689\" height=\"517\"\/><figcaption> Le sentier \u00e9meraude <\/figcaption><\/figure><\/div>\n\n\n\n<p>Le \u00ab\u00a0sentier \u00e9meraude\u00a0\u00bb ou \u00ab\u00a0voie verte de l&rsquo;avesnois\u00a0\u00bb est constitu\u00e9 par une ancienne voie ferr\u00e9e reliant <a href=\"https:\/\/fr.wikipedia.org\/wiki\/Ligne_de_Maubeuge_%C3%A0_Fourmies\" target=\"_blank\" rel=\"noreferrer noopener\">Maubeuge \u00e0 Fourmies<\/a>. Il y avait en effet au lieu-dit le Pont des B\u00eates une petite gare.  <br>Cette voie aujourd&rsquo;hui d\u00e9saffect\u00e9e a \u00e9t\u00e9 am\u00e9nag\u00e9e pour les marcheurs, les cyclotouristes et les cavaliers.  <\/p>\n","protected":false},"excerpt":{"rendered":"<p>Choisies est le village le moins habit\u00e9 de l&rsquo;arrondissement d&rsquo;Avesnes mais il est cependant fort ancien puisque l&rsquo;un de ses seigneurs, Jean de Choisies, participa \u00e0 la quatri\u00e8me croisade et monta l&rsquo;un des premiers \u00e0 l&rsquo;assaut des murs de Constantinople. Dans le XVIIe si\u00e8cle, la terre de Choisies fut apport\u00e9e en mariage \u00e0 Charles-Robert, seigneur &hellip; <a href=\"https:\/\/patrimoine-avesnois.fr\/chemin\/choisies\/\" class=\"more-link\">Continuer la lecture<span class=\"screen-reader-text\"> de &laquo;&nbsp;Choisies&nbsp;&raquo;<\/span><\/a><\/p>\n","protected":false},"author":2,"featured_media":0,"parent":0,"menu_order":0,"comment_status":"closed","ping_status":"closed","template":"","meta":{"jetpack_post_was_ever_published":false,"footnotes":""},"class_list":["post-626","page","type-page","status-publish","hentry"],"jetpack_sharing_enabled":true,"jetpack_shortlink":"https:\/\/wp.me\/PaOEkN-a6","jetpack-related-posts":[],"_links":{"self":[{"href":"https:\/\/patrimoine-avesnois.fr\/chemin\/wp-json\/wp\/v2\/pages\/626","targetHints":{"allow":["GET"]}}],"collection":[{"href":"https:\/\/patrimoine-avesnois.fr\/chemin\/wp-json\/wp\/v2\/pages"}],"about":[{"href":"https:\/\/patrimoine-avesnois.fr\/chemin\/wp-json\/wp\/v2\/types\/page"}],"author":[{"embeddable":true,"href":"https:\/\/patrimoine-avesnois.fr\/chemin\/wp-json\/wp\/v2\/users\/2"}],"replies":[{"embeddable":true,"href":"https:\/\/patrimoine-avesnois.fr\/chemin\/wp-json\/wp\/v2\/comments?post=626"}],"version-history":[{"count":0,"href":"https:\/\/patrimoine-avesnois.fr\/chemin\/wp-json\/wp\/v2\/pages\/626\/revisions"}],"wp:attachment":[{"href":"https:\/\/patrimoine-avesnois.fr\/chemin\/wp-json\/wp\/v2\/media?parent=626"}],"curies":[{"name":"wp","href":"https:\/\/api.w.org\/{rel}","templated":true}]}}