{"id":798,"date":"2019-04-08T11:25:10","date_gmt":"2019-04-08T09:25:10","guid":{"rendered":"http:\/\/patrimoine-avesnois.fr\/chemin\/?page_id=798"},"modified":"2021-12-30T11:20:21","modified_gmt":"2021-12-30T10:20:21","slug":"damousies","status":"publish","type":"page","link":"https:\/\/patrimoine-avesnois.fr\/chemin\/damousies\/","title":{"rendered":"Damousies"},"content":{"rendered":"\n<div class=\"wp-block-image\"><figure class=\"aligncenter is-resized\"><img data-recalc-dims=\"1\" loading=\"lazy\" decoding=\"async\" data-attachment-id=\"799\" data-permalink=\"https:\/\/patrimoine-avesnois.fr\/chemin\/damousies\/image-145\/\" data-orig-file=\"https:\/\/i0.wp.com\/patrimoine-avesnois.fr\/chemin\/wp-content\/uploads\/2019\/04\/image-123.png?fit=441%2C631&amp;ssl=1\" data-orig-size=\"441,631\" data-comments-opened=\"1\" data-image-meta=\"{&quot;aperture&quot;:&quot;0&quot;,&quot;credit&quot;:&quot;&quot;,&quot;camera&quot;:&quot;&quot;,&quot;caption&quot;:&quot;&quot;,&quot;created_timestamp&quot;:&quot;0&quot;,&quot;copyright&quot;:&quot;&quot;,&quot;focal_length&quot;:&quot;0&quot;,&quot;iso&quot;:&quot;0&quot;,&quot;shutter_speed&quot;:&quot;0&quot;,&quot;title&quot;:&quot;&quot;,&quot;orientation&quot;:&quot;0&quot;}\" data-image-title=\"image\" data-image-description=\"\" data-image-caption=\"\" data-large-file=\"https:\/\/i0.wp.com\/patrimoine-avesnois.fr\/chemin\/wp-content\/uploads\/2019\/04\/image-123.png?fit=441%2C631&amp;ssl=1\" src=\"https:\/\/i0.wp.com\/patrimoine-avesnois.fr\/chemin\/wp-content\/uploads\/2019\/04\/image-123.png?resize=600%2C900\" alt=\"\" class=\"wp-image-799\" width=\"600\" height=\"900\"\/><figcaption>L\u00e9glise de Damousies<\/figcaption><\/figure><\/div>\n\n\n\n<p>Damousies relevait de la pairie d&rsquo;Avesnes dont il a toujours suivi la destin\u00e9e. Quant \u00e0 l&rsquo;\u00e9glise, la plus ancienne de l&rsquo;arrondissement avec celle de Qui\u00e9velon, car \u00e9difi\u00e9e vers 1300, elle relevait des hospitaliers de Saint Jean de J\u00e9rusalem. Elle est d\u00e9di\u00e9e \u00e0 Saint G\u00e9ry, diacre de Tr\u00e8ve et nomm\u00e9 \u00e9v\u00eaque de Cambrai en 585 par Childebert II. <\/p>\n\n\n\n<div class=\"wp-block-image\"><figure class=\"aligncenter is-resized\"><img loading=\"lazy\" decoding=\"async\" data-attachment-id=\"800\" data-permalink=\"https:\/\/patrimoine-avesnois.fr\/chemin\/damousies\/image-146\/\" data-orig-file=\"https:\/\/i0.wp.com\/patrimoine-avesnois.fr\/chemin\/wp-content\/uploads\/2019\/04\/image-124.png?fit=799%2C1066&amp;ssl=1\" data-orig-size=\"799,1066\" data-comments-opened=\"1\" data-image-meta=\"{&quot;aperture&quot;:&quot;0&quot;,&quot;credit&quot;:&quot;&quot;,&quot;camera&quot;:&quot;&quot;,&quot;caption&quot;:&quot;&quot;,&quot;created_timestamp&quot;:&quot;0&quot;,&quot;copyright&quot;:&quot;&quot;,&quot;focal_length&quot;:&quot;0&quot;,&quot;iso&quot;:&quot;0&quot;,&quot;shutter_speed&quot;:&quot;0&quot;,&quot;title&quot;:&quot;&quot;,&quot;orientation&quot;:&quot;0&quot;}\" data-image-title=\"image\" data-image-description=\"\" data-image-caption=\"\" data-large-file=\"https:\/\/i0.wp.com\/patrimoine-avesnois.fr\/chemin\/wp-content\/uploads\/2019\/04\/image-124.png?fit=768%2C1024&amp;ssl=1\" src=\"https:\/\/i0.wp.com\/patrimoine-avesnois.fr\/chemin\/wp-content\/uploads\/2019\/04\/image-124.png?fit=768%2C1024\" alt=\"\" class=\"wp-image-800\" width=\"600\" height=\"777\"\/><figcaption><br>L&rsquo;\u00e9glise St G\u00e9ry<\/figcaption><\/figure><\/div>\n\n\n\n<div class=\"wp-block-image\"><figure class=\"aligncenter is-resized\"><img loading=\"lazy\" decoding=\"async\" data-attachment-id=\"802\" data-permalink=\"https:\/\/patrimoine-avesnois.fr\/chemin\/damousies\/image-148\/\" data-orig-file=\"https:\/\/i0.wp.com\/patrimoine-avesnois.fr\/chemin\/wp-content\/uploads\/2019\/04\/image-126.png?fit=800%2C1067&amp;ssl=1\" data-orig-size=\"800,1067\" data-comments-opened=\"1\" data-image-meta=\"{&quot;aperture&quot;:&quot;0&quot;,&quot;credit&quot;:&quot;&quot;,&quot;camera&quot;:&quot;&quot;,&quot;caption&quot;:&quot;&quot;,&quot;created_timestamp&quot;:&quot;0&quot;,&quot;copyright&quot;:&quot;&quot;,&quot;focal_length&quot;:&quot;0&quot;,&quot;iso&quot;:&quot;0&quot;,&quot;shutter_speed&quot;:&quot;0&quot;,&quot;title&quot;:&quot;&quot;,&quot;orientation&quot;:&quot;0&quot;}\" data-image-title=\"image\" data-image-description=\"\" data-image-caption=\"\" data-large-file=\"https:\/\/i0.wp.com\/patrimoine-avesnois.fr\/chemin\/wp-content\/uploads\/2019\/04\/image-126.png?fit=768%2C1024&amp;ssl=1\" src=\"https:\/\/i2.wp.com\/patrimoine-avesnois.fr\/chemin\/wp-content\/uploads\/2019\/04\/image-126.png?fit=768%2C1024\" alt=\"\" class=\"wp-image-802\" width=\"600\" height=\"782\"\/><figcaption><br>Int\u00e9rieur de l&rsquo;\u00e9glise<\/figcaption><\/figure><\/div>\n\n\n\n<p>L&rsquo;\u00e9glise est inscrite au titre des Monuments historiques. Elle est r\u00e9pertori\u00e9e dans la base M\u00e9rim\u00e9e, base de donn\u00e9es sur le patrimoine architectural fran\u00e7ais du minist\u00e8re de la Culture,\u00a0sous la r\u00e9f\u00e9rence\u00a0<a href=\"http:\/\/www.culture.gouv.fr\/public\/mistral\/merimee_fr?ACTION=CHERCHER&amp;FIELD_1=REF&amp;VALUE_1=PA00107445\" target=\"_blank\" rel=\"noreferrer noopener\">PA00107445<\/a>\u00a0.<\/p>\n\n\n\n<div class=\"wp-block-image\"><figure class=\"aligncenter is-resized\"><img data-recalc-dims=\"1\" loading=\"lazy\" decoding=\"async\" data-attachment-id=\"813\" data-permalink=\"https:\/\/patrimoine-avesnois.fr\/chemin\/damousies\/image-152\/\" data-orig-file=\"https:\/\/i0.wp.com\/patrimoine-avesnois.fr\/chemin\/wp-content\/uploads\/2019\/04\/image-130.png?fit=731%2C602&amp;ssl=1\" data-orig-size=\"731,602\" data-comments-opened=\"1\" data-image-meta=\"{&quot;aperture&quot;:&quot;0&quot;,&quot;credit&quot;:&quot;&quot;,&quot;camera&quot;:&quot;&quot;,&quot;caption&quot;:&quot;&quot;,&quot;created_timestamp&quot;:&quot;0&quot;,&quot;copyright&quot;:&quot;&quot;,&quot;focal_length&quot;:&quot;0&quot;,&quot;iso&quot;:&quot;0&quot;,&quot;shutter_speed&quot;:&quot;0&quot;,&quot;title&quot;:&quot;&quot;,&quot;orientation&quot;:&quot;0&quot;}\" data-image-title=\"image\" data-image-description=\"\" data-image-caption=\"\" data-large-file=\"https:\/\/i0.wp.com\/patrimoine-avesnois.fr\/chemin\/wp-content\/uploads\/2019\/04\/image-130.png?fit=731%2C602&amp;ssl=1\" src=\"https:\/\/i0.wp.com\/patrimoine-avesnois.fr\/chemin\/wp-content\/uploads\/2019\/04\/image-130.png?resize=600%2C492\" alt=\"\" class=\"wp-image-813\" width=\"600\" height=\"492\"\/><\/figure><\/div>\n\n\n\n<div class=\"wp-block-image\"><figure class=\"aligncenter is-resized\"><img data-recalc-dims=\"1\" loading=\"lazy\" decoding=\"async\" data-attachment-id=\"2641\" data-permalink=\"https:\/\/patrimoine-avesnois.fr\/chemin\/damousies\/capture-47\/\" data-orig-file=\"https:\/\/i0.wp.com\/patrimoine-avesnois.fr\/chemin\/wp-content\/uploads\/2019\/05\/Capture-6.jpg?fit=511%2C708&amp;ssl=1\" data-orig-size=\"511,708\" data-comments-opened=\"1\" data-image-meta=\"{&quot;aperture&quot;:&quot;0&quot;,&quot;credit&quot;:&quot;CARRE&quot;,&quot;camera&quot;:&quot;&quot;,&quot;caption&quot;:&quot;&quot;,&quot;created_timestamp&quot;:&quot;1556794725&quot;,&quot;copyright&quot;:&quot;&quot;,&quot;focal_length&quot;:&quot;0&quot;,&quot;iso&quot;:&quot;0&quot;,&quot;shutter_speed&quot;:&quot;0&quot;,&quot;title&quot;:&quot;&quot;,&quot;orientation&quot;:&quot;0&quot;}\" data-image-title=\"Capture\" data-image-description=\"\" data-image-caption=\"\" data-large-file=\"https:\/\/i0.wp.com\/patrimoine-avesnois.fr\/chemin\/wp-content\/uploads\/2019\/05\/Capture-6.jpg?fit=511%2C708&amp;ssl=1\" src=\"https:\/\/i0.wp.com\/patrimoine-avesnois.fr\/chemin\/wp-content\/uploads\/2019\/05\/Capture-6.jpg?resize=600%2C832\" alt=\"\" class=\"wp-image-2641\" width=\"600\" height=\"832\" srcset=\"https:\/\/i0.wp.com\/patrimoine-avesnois.fr\/chemin\/wp-content\/uploads\/2019\/05\/Capture-6.jpg?w=511&amp;ssl=1 511w, https:\/\/i0.wp.com\/patrimoine-avesnois.fr\/chemin\/wp-content\/uploads\/2019\/05\/Capture-6.jpg?resize=217%2C300&amp;ssl=1 217w\" sizes=\"auto, (max-width: 600px) 85vw, 600px\" \/><figcaption> Photos : Colette FRANCOIS Commentaires : G\u00e9rald COLLET, Colette FRANCOIS <br>Source CHGB<\/figcaption><\/figure><\/div>\n\n\n\n<div class=\"wp-block-image\"><figure class=\"aligncenter is-resized\"><img data-recalc-dims=\"1\" loading=\"lazy\" decoding=\"async\" data-attachment-id=\"2644\" data-permalink=\"https:\/\/patrimoine-avesnois.fr\/chemin\/damousies\/capture1-27\/\" data-orig-file=\"https:\/\/i0.wp.com\/patrimoine-avesnois.fr\/chemin\/wp-content\/uploads\/2019\/05\/Capture1-1.jpg?fit=495%2C533&amp;ssl=1\" data-orig-size=\"495,533\" data-comments-opened=\"1\" data-image-meta=\"{&quot;aperture&quot;:&quot;0&quot;,&quot;credit&quot;:&quot;CARRE&quot;,&quot;camera&quot;:&quot;&quot;,&quot;caption&quot;:&quot;&quot;,&quot;created_timestamp&quot;:&quot;1556795019&quot;,&quot;copyright&quot;:&quot;&quot;,&quot;focal_length&quot;:&quot;0&quot;,&quot;iso&quot;:&quot;0&quot;,&quot;shutter_speed&quot;:&quot;0&quot;,&quot;title&quot;:&quot;&quot;,&quot;orientation&quot;:&quot;0&quot;}\" data-image-title=\"Capture1\" data-image-description=\"\" data-image-caption=\"\" data-large-file=\"https:\/\/i0.wp.com\/patrimoine-avesnois.fr\/chemin\/wp-content\/uploads\/2019\/05\/Capture1-1.jpg?fit=495%2C533&amp;ssl=1\" src=\"https:\/\/i0.wp.com\/patrimoine-avesnois.fr\/chemin\/wp-content\/uploads\/2019\/05\/Capture1-1.jpg?resize=600%2C648\" alt=\"\" class=\"wp-image-2644\" width=\"600\" height=\"648\"\/><figcaption><em>Photos : Colette FRANCOIS Commentaires : G\u00e9rald COLLET, Colette FRANCOIS <\/em><br><em>Source CHGB<\/em> <\/figcaption><\/figure><\/div>\n\n\n\n<div class=\"wp-block-image\"><figure class=\"aligncenter is-resized\"><img data-recalc-dims=\"1\" loading=\"lazy\" decoding=\"async\" data-attachment-id=\"2645\" data-permalink=\"https:\/\/patrimoine-avesnois.fr\/chemin\/damousies\/capture2-20\/\" data-orig-file=\"https:\/\/i0.wp.com\/patrimoine-avesnois.fr\/chemin\/wp-content\/uploads\/2019\/05\/Capture2-2.jpg?fit=509%2C722&amp;ssl=1\" data-orig-size=\"509,722\" data-comments-opened=\"1\" data-image-meta=\"{&quot;aperture&quot;:&quot;0&quot;,&quot;credit&quot;:&quot;CARRE&quot;,&quot;camera&quot;:&quot;&quot;,&quot;caption&quot;:&quot;&quot;,&quot;created_timestamp&quot;:&quot;1556795066&quot;,&quot;copyright&quot;:&quot;&quot;,&quot;focal_length&quot;:&quot;0&quot;,&quot;iso&quot;:&quot;0&quot;,&quot;shutter_speed&quot;:&quot;0&quot;,&quot;title&quot;:&quot;&quot;,&quot;orientation&quot;:&quot;0&quot;}\" data-image-title=\"Capture2\" data-image-description=\"\" data-image-caption=\"\" data-large-file=\"https:\/\/i0.wp.com\/patrimoine-avesnois.fr\/chemin\/wp-content\/uploads\/2019\/05\/Capture2-2.jpg?fit=509%2C722&amp;ssl=1\" src=\"https:\/\/i0.wp.com\/patrimoine-avesnois.fr\/chemin\/wp-content\/uploads\/2019\/05\/Capture2-2.jpg?resize=600%2C852\" alt=\"\" class=\"wp-image-2645\" width=\"600\" height=\"852\" srcset=\"https:\/\/i0.wp.com\/patrimoine-avesnois.fr\/chemin\/wp-content\/uploads\/2019\/05\/Capture2-2.jpg?w=509&amp;ssl=1 509w, https:\/\/i0.wp.com\/patrimoine-avesnois.fr\/chemin\/wp-content\/uploads\/2019\/05\/Capture2-2.jpg?resize=211%2C300&amp;ssl=1 211w\" sizes=\"auto, (max-width: 600px) 85vw, 600px\" \/><figcaption><em>Photos : Colette FRANCOIS Commentaires : G\u00e9rald COLLET, Colette FRANCOIS <\/em><br><em>Source CHGB <\/em> <\/figcaption><\/figure><\/div>\n\n\n\n<div class=\"wp-block-image\"><figure class=\"aligncenter is-resized\"><img data-recalc-dims=\"1\" loading=\"lazy\" decoding=\"async\" data-attachment-id=\"2646\" data-permalink=\"https:\/\/patrimoine-avesnois.fr\/chemin\/damousies\/capture3-16\/\" data-orig-file=\"https:\/\/i0.wp.com\/patrimoine-avesnois.fr\/chemin\/wp-content\/uploads\/2019\/05\/Capture3.jpg?fit=501%2C350&amp;ssl=1\" data-orig-size=\"501,350\" data-comments-opened=\"1\" data-image-meta=\"{&quot;aperture&quot;:&quot;0&quot;,&quot;credit&quot;:&quot;CARRE&quot;,&quot;camera&quot;:&quot;&quot;,&quot;caption&quot;:&quot;&quot;,&quot;created_timestamp&quot;:&quot;1556795562&quot;,&quot;copyright&quot;:&quot;&quot;,&quot;focal_length&quot;:&quot;0&quot;,&quot;iso&quot;:&quot;0&quot;,&quot;shutter_speed&quot;:&quot;0&quot;,&quot;title&quot;:&quot;&quot;,&quot;orientation&quot;:&quot;0&quot;}\" data-image-title=\"Capture3\" data-image-description=\"\" data-image-caption=\"\" data-large-file=\"https:\/\/i0.wp.com\/patrimoine-avesnois.fr\/chemin\/wp-content\/uploads\/2019\/05\/Capture3.jpg?fit=501%2C350&amp;ssl=1\" src=\"https:\/\/i0.wp.com\/patrimoine-avesnois.fr\/chemin\/wp-content\/uploads\/2019\/05\/Capture3.jpg?resize=600%2C420\" alt=\"\" class=\"wp-image-2646\" width=\"600\" height=\"420\" srcset=\"https:\/\/i0.wp.com\/patrimoine-avesnois.fr\/chemin\/wp-content\/uploads\/2019\/05\/Capture3.jpg?w=501&amp;ssl=1 501w, https:\/\/i0.wp.com\/patrimoine-avesnois.fr\/chemin\/wp-content\/uploads\/2019\/05\/Capture3.jpg?resize=300%2C210&amp;ssl=1 300w\" sizes=\"auto, (max-width: 600px) 85vw, 600px\" \/><figcaption><em>Photos : Colette FRANCOIS Commentaires : G\u00e9rald COLLET, Colette FRANCOIS <\/em><br><em>Source CHGB<\/em> <\/figcaption><\/figure><\/div>\n\n\n\n<p>A l&rsquo;int\u00e9rieur, on y remarquera en particulier la tr\u00e8s belle vo\u00fbte du ch\u0153ur avec ses corbeaux sculpt\u00e9s, un saint Laurent du XVI e si\u00e8cle, un saint Roch (environ 1720) et des pierres tombales de 1315 (Gobier de Damousies) et 1328 (Jean Louvial).<\/p>\n\n\n\n<div class=\"wp-block-image\"><figure class=\"aligncenter size-large\"><img data-recalc-dims=\"1\" loading=\"lazy\" decoding=\"async\" width=\"746\" height=\"559\" data-attachment-id=\"16876\" data-permalink=\"https:\/\/patrimoine-avesnois.fr\/chemin\/damousies\/damousies-2\/\" data-orig-file=\"https:\/\/i0.wp.com\/patrimoine-avesnois.fr\/chemin\/wp-content\/uploads\/2021\/12\/Damousies.jpg?fit=746%2C559&amp;ssl=1\" data-orig-size=\"746,559\" data-comments-opened=\"1\" data-image-meta=\"{&quot;aperture&quot;:&quot;0&quot;,&quot;credit&quot;:&quot;fr\\u00e9d\\u00e9ric carr\\u00e9&quot;,&quot;camera&quot;:&quot;&quot;,&quot;caption&quot;:&quot;&quot;,&quot;created_timestamp&quot;:&quot;1640862551&quot;,&quot;copyright&quot;:&quot;&quot;,&quot;focal_length&quot;:&quot;0&quot;,&quot;iso&quot;:&quot;0&quot;,&quot;shutter_speed&quot;:&quot;0&quot;,&quot;title&quot;:&quot;&quot;,&quot;orientation&quot;:&quot;1&quot;}\" data-image-title=\"Damousies\" data-image-description=\"\" data-image-caption=\"\" data-large-file=\"https:\/\/i0.wp.com\/patrimoine-avesnois.fr\/chemin\/wp-content\/uploads\/2021\/12\/Damousies.jpg?fit=746%2C559&amp;ssl=1\" src=\"https:\/\/i0.wp.com\/patrimoine-avesnois.fr\/chemin\/wp-content\/uploads\/2021\/12\/Damousies.jpg?resize=746%2C559\" alt=\"\" class=\"wp-image-16876\" srcset=\"https:\/\/i0.wp.com\/patrimoine-avesnois.fr\/chemin\/wp-content\/uploads\/2021\/12\/Damousies.jpg?w=746&amp;ssl=1 746w, https:\/\/i0.wp.com\/patrimoine-avesnois.fr\/chemin\/wp-content\/uploads\/2021\/12\/Damousies.jpg?resize=300%2C225&amp;ssl=1 300w\" sizes=\"auto, (max-width: 746px) 85vw, 746px\" \/><figcaption> La Mairie et son Puits fleuri sur la place Photo <a href=\"https:\/\/www.google.fr\/maps\/@50.2187878,4.016342,3a,75y,44.16h,97.02t\/data=!3m6!1e1!3m4!1s9NcwIH1rJk4Dr_rzjL-IUA!2e0!7i16384!8i8192\" target=\"_blank\" rel=\"noreferrer noopener\">Google 08\/2021<\/a><\/figcaption><\/figure><\/div>\n\n\n\n<div class=\"wp-block-image\"><figure class=\"aligncenter size-large is-resized\"><img data-recalc-dims=\"1\" loading=\"lazy\" decoding=\"async\" data-attachment-id=\"16877\" data-permalink=\"https:\/\/patrimoine-avesnois.fr\/chemin\/damousies\/damousies-1\/\" data-orig-file=\"https:\/\/i0.wp.com\/patrimoine-avesnois.fr\/chemin\/wp-content\/uploads\/2021\/12\/Damousies-1.jpg?fit=762%2C570&amp;ssl=1\" data-orig-size=\"762,570\" data-comments-opened=\"1\" data-image-meta=\"{&quot;aperture&quot;:&quot;0&quot;,&quot;credit&quot;:&quot;fr\\u00e9d\\u00e9ric carr\\u00e9&quot;,&quot;camera&quot;:&quot;&quot;,&quot;caption&quot;:&quot;&quot;,&quot;created_timestamp&quot;:&quot;1640862778&quot;,&quot;copyright&quot;:&quot;&quot;,&quot;focal_length&quot;:&quot;0&quot;,&quot;iso&quot;:&quot;0&quot;,&quot;shutter_speed&quot;:&quot;0&quot;,&quot;title&quot;:&quot;&quot;,&quot;orientation&quot;:&quot;1&quot;}\" data-image-title=\"Damousies-1\" data-image-description=\"\" data-image-caption=\"\" data-large-file=\"https:\/\/i0.wp.com\/patrimoine-avesnois.fr\/chemin\/wp-content\/uploads\/2021\/12\/Damousies-1.jpg?fit=762%2C570&amp;ssl=1\" src=\"https:\/\/i0.wp.com\/patrimoine-avesnois.fr\/chemin\/wp-content\/uploads\/2021\/12\/Damousies-1.jpg?resize=602%2C450\" alt=\"\" class=\"wp-image-16877\" width=\"602\" height=\"450\" srcset=\"https:\/\/i0.wp.com\/patrimoine-avesnois.fr\/chemin\/wp-content\/uploads\/2021\/12\/Damousies-1.jpg?w=762&amp;ssl=1 762w, https:\/\/i0.wp.com\/patrimoine-avesnois.fr\/chemin\/wp-content\/uploads\/2021\/12\/Damousies-1.jpg?resize=300%2C224&amp;ssl=1 300w\" sizes=\"auto, (max-width: 602px) 85vw, 602px\" \/><figcaption><br>Le Monument aux Morts <a rel=\"noreferrer noopener\" aria-label=\"Universit\u00e9 Lille 3  (opens in a new tab)\" href=\"https:\/\/monumentsmorts.univ-lille.fr\/monument\/210\/damousies-cimetierecommunal\/\" target=\"_blank\">Universit\u00e9 Lille 3 <\/a>Photo <a href=\"https:\/\/www.google.fr\/maps\/@50.2188625,4.0154831,3a,75y,155.07h,88.18t\/data=!3m6!1e1!3m4!1sP-TiNew_BuDvuaGSrnsVtw!2e0!7i16384!8i8192\" target=\"_blank\" rel=\"noreferrer noopener\">Google 08\/2021<\/a><\/figcaption><\/figure><\/div>\n\n\n\n<div class=\"wp-block-image\"><figure class=\"aligncenter is-resized\"><img loading=\"lazy\" decoding=\"async\" src=\"http:\/\/i0.wp.com\/www.calvaires-avesnois.fr\/wp-content\/uploads\/2016\/09\/26.Damousies-Calvaire-Rte-de-Solre-le-Ch%C3%A2teau-1.jpg?resize=450%2C600\" alt=\"Calvaire de Damousies route de Solre le Ch\u00c3\u0083\u00c2\u00a2teau.    \" width=\"501\" height=\"644\"\/><figcaption><br>Calvaire Route de Solre le Ch\u00e2teau<\/figcaption><\/figure><\/div>\n\n\n\n<div class=\"wp-block-image\"><figure class=\"aligncenter is-resized\"><img data-recalc-dims=\"1\" loading=\"lazy\" decoding=\"async\" data-attachment-id=\"1073\" data-permalink=\"https:\/\/patrimoine-avesnois.fr\/chemin\/elesmes\/image-212\/\" data-orig-file=\"https:\/\/i0.wp.com\/patrimoine-avesnois.fr\/chemin\/wp-content\/uploads\/2019\/04\/image-190.png?fit=687%2C515&amp;ssl=1\" data-orig-size=\"687,515\" data-comments-opened=\"1\" data-image-meta=\"{&quot;aperture&quot;:&quot;0&quot;,&quot;credit&quot;:&quot;&quot;,&quot;camera&quot;:&quot;&quot;,&quot;caption&quot;:&quot;&quot;,&quot;created_timestamp&quot;:&quot;0&quot;,&quot;copyright&quot;:&quot;&quot;,&quot;focal_length&quot;:&quot;0&quot;,&quot;iso&quot;:&quot;0&quot;,&quot;shutter_speed&quot;:&quot;0&quot;,&quot;title&quot;:&quot;&quot;,&quot;orientation&quot;:&quot;0&quot;}\" data-image-title=\"image\" data-image-description=\"\" data-image-caption=\"\" data-large-file=\"https:\/\/i0.wp.com\/patrimoine-avesnois.fr\/chemin\/wp-content\/uploads\/2019\/04\/image-190.png?fit=687%2C515&amp;ssl=1\" src=\"https:\/\/i0.wp.com\/oratoiresetchapelles-avesnois.fr\/wp-content\/uploads\/2016\/12\/39a.Damousies-768x1024.jpg?resize=450%2C667\" alt=\"Oratoire de l'Arbrisseau (1733)\" class=\"wp-image-1073\" width=\"450\" height=\"667\"\/><figcaption>Oratoire de l\u2019Arbrisseau (1733)<\/figcaption><\/figure><\/div>\n\n\n\n<p>Oratoire de l\u2019Arbrisseau. 1733. 19 rue de Beaufort.Sa console est imposante. sa d\u00e9dicace est unique dans notre inventaire.<strong>&amp;<\/strong><\/p>\n\n\n\n<div class=\"wp-block-image\"><figure class=\"aligncenter is-resized\"><img data-recalc-dims=\"1\" loading=\"lazy\" decoding=\"async\" src=\"https:\/\/i0.wp.com\/oratoiresetchapelles-avesnois.fr\/wp-content\/uploads\/2016\/12\/27.Damousies-ND-Lourdes-Rte-de-Solre-le-Ch%C3%A2teau-768x1024.jpg?resize=450%2C601\" alt=\"Notre Dame de Lourdes\" class=\"wp-image-1074\" width=\"450\" height=\"601\"\/><figcaption>Notre Dame de Lourdes<\/figcaption><\/figure><\/div>\n\n\n\n<p>Oratoire N.D de Lourdes. Non Dat\u00e9.Face au calvaire de la route de Solre-le-Ch\u00e2teau. Niche ferm\u00e9e par une vitre.Couronnement en forme de toit \u00e0 double pente surmont\u00e9 d\u2019une croix de pierre.<strong>&amp;<\/strong><\/p>\n\n\n\n<div class=\"wp-block-image\"><figure class=\"aligncenter is-resized\"><img data-recalc-dims=\"1\" loading=\"lazy\" decoding=\"async\" src=\"https:\/\/i0.wp.com\/oratoiresetchapelles-avesnois.fr\/wp-content\/uploads\/2016\/12\/40.Damousies-768x1024.jpg?resize=450%2C639\" alt=\"Ste Philom\u00e8ne\" class=\"wp-image-1075\" width=\"450\" height=\"639\"\/><figcaption>Ste Philom\u00e8ne<\/figcaption><\/figure><\/div>\n\n\n\n<p>Oratoire Ste Philom\u00e8ne. Non dat\u00e9.Chemin d\u2019Hautmont. Niche en pierre pos\u00e9e sur un f\u00fbt en briques.Toit pyramidal recouvert d\u2019ardoises.<strong>&amp;<\/strong><\/p>\n\n\n\n<div class=\"wp-block-image\"><figure class=\"aligncenter is-resized\"><img data-recalc-dims=\"1\" loading=\"lazy\" decoding=\"async\" src=\"https:\/\/i0.wp.com\/oratoiresetchapelles-avesnois.fr\/wp-content\/uploads\/2016\/12\/oratoire-3-rue-de-lArbrisseau-%C3%A0-Damousies-768x1024.jpg?resize=450%2C713\" alt=\"Non d\u00e9di\u00e9\" class=\"wp-image-1076\" width=\"450\" height=\"713\"\/><figcaption>Non d\u00e9di\u00e9<\/figcaption><\/figure><\/div>\n\n\n\n<p>Oratoire non d\u00e9di\u00e9 et non dat\u00e9 situ\u00e9 dans la cour d\u2019une ferme au 3 rue de l\u2019Arbrisseau. Tout en briques avec une grille et une croix en fer.A l\u2019int\u00e9rieur de la niche statue de la Vierge Marie et repr\u00e9sentation du Christ.<\/p>\n\n\n\n<p class=\"has-text-align-center\">***<\/p>\n\n\n\n<p>Le duc d\u2019Orl\u00e9ans y poss\u00e9dait la ferme du lieu (Notice historique sur la terre et pairie d\u2019Avesnes, en Hainaut sign\u00e9&nbsp;Michaux Adrien-Joseph).<\/p>\n\n\n\n<div class=\"wp-block-image\"><figure class=\"aligncenter\"><img decoding=\"async\" data-attachment-id=\"225\" data-permalink=\"https:\/\/patrimoine-avesnois.fr\/chemin\/bavay\/capture7\/\" data-orig-file=\"https:\/\/i0.wp.com\/patrimoine-avesnois.fr\/chemin\/wp-content\/uploads\/2019\/03\/Capture7.png?fit=297%2C397&amp;ssl=1\" data-orig-size=\"297,397\" data-comments-opened=\"1\" data-image-meta=\"{&quot;aperture&quot;:&quot;0&quot;,&quot;credit&quot;:&quot;&quot;,&quot;camera&quot;:&quot;&quot;,&quot;caption&quot;:&quot;&quot;,&quot;created_timestamp&quot;:&quot;0&quot;,&quot;copyright&quot;:&quot;&quot;,&quot;focal_length&quot;:&quot;0&quot;,&quot;iso&quot;:&quot;0&quot;,&quot;shutter_speed&quot;:&quot;0&quot;,&quot;title&quot;:&quot;&quot;,&quot;orientation&quot;:&quot;0&quot;}\" data-image-title=\"Capture7\" data-image-description=\"\" data-image-caption=\"\" data-large-file=\"https:\/\/i0.wp.com\/patrimoine-avesnois.fr\/chemin\/wp-content\/uploads\/2019\/03\/Capture7.png?fit=297%2C397&amp;ssl=1\" src=\"https:\/\/i2.wp.com\/patrimoine-avesnois.fr\/censes\/wp-content\/uploads\/2019\/02\/Capture-116.png?w=840\" alt=\"\" class=\"wp-image-225\"\/><figcaption>Ferme situ\u00e9e sur la<a href=\"https:\/\/www.google.fr\/maps\/@50.2310795,4.0112441,3a,75y,250.9h,82.16t\/data=!3m6!1e1!3m4!1s9w911sZoeymcLIsKbglbfA!2e0!7i13312!8i6656\">&nbsp;D 27<\/a>&nbsp;(Rue de Maubeuge chez M Bernard Huftier)<\/figcaption><\/figure><\/div>\n\n\n\n<div class=\"wp-block-image\"><figure class=\"aligncenter\"><img decoding=\"async\" src=\"https:\/\/upload.wikimedia.org\/wikipedia\/commons\/thumb\/2\/24\/Le_haut_de_damousies180507_%282%29.JPG\/1280px-Le_haut_de_damousies180507_%282%29.JPG\" alt=\"\"\/><figcaption> Le haut de Damousies Photo Budotradan 2007 <\/figcaption><\/figure><\/div>\n","protected":false},"excerpt":{"rendered":"<p>Damousies relevait de la pairie d&rsquo;Avesnes dont il a toujours suivi la destin\u00e9e. Quant \u00e0 l&rsquo;\u00e9glise, la plus ancienne de l&rsquo;arrondissement avec celle de Qui\u00e9velon, car \u00e9difi\u00e9e vers 1300, elle relevait des hospitaliers de Saint Jean de J\u00e9rusalem. Elle est d\u00e9di\u00e9e \u00e0 Saint G\u00e9ry, diacre de Tr\u00e8ve et nomm\u00e9 \u00e9v\u00eaque de Cambrai en 585 par &hellip; <a href=\"https:\/\/patrimoine-avesnois.fr\/chemin\/damousies\/\" class=\"more-link\">Continuer la lecture<span class=\"screen-reader-text\"> de &laquo;&nbsp;Damousies&nbsp;&raquo;<\/span><\/a><\/p>\n","protected":false},"author":2,"featured_media":0,"parent":0,"menu_order":0,"comment_status":"closed","ping_status":"closed","template":"","meta":{"jetpack_post_was_ever_published":false,"footnotes":""},"class_list":["post-798","page","type-page","status-publish","hentry"],"jetpack_sharing_enabled":true,"jetpack_shortlink":"https:\/\/wp.me\/PaOEkN-cS","jetpack-related-posts":[],"_links":{"self":[{"href":"https:\/\/patrimoine-avesnois.fr\/chemin\/wp-json\/wp\/v2\/pages\/798","targetHints":{"allow":["GET"]}}],"collection":[{"href":"https:\/\/patrimoine-avesnois.fr\/chemin\/wp-json\/wp\/v2\/pages"}],"about":[{"href":"https:\/\/patrimoine-avesnois.fr\/chemin\/wp-json\/wp\/v2\/types\/page"}],"author":[{"embeddable":true,"href":"https:\/\/patrimoine-avesnois.fr\/chemin\/wp-json\/wp\/v2\/users\/2"}],"replies":[{"embeddable":true,"href":"https:\/\/patrimoine-avesnois.fr\/chemin\/wp-json\/wp\/v2\/comments?post=798"}],"version-history":[{"count":0,"href":"https:\/\/patrimoine-avesnois.fr\/chemin\/wp-json\/wp\/v2\/pages\/798\/revisions"}],"wp:attachment":[{"href":"https:\/\/patrimoine-avesnois.fr\/chemin\/wp-json\/wp\/v2\/media?parent=798"}],"curies":[{"name":"wp","href":"https:\/\/api.w.org\/{rel}","templated":true}]}}