{"id":957,"date":"2019-04-10T15:07:51","date_gmt":"2019-04-10T13:07:51","guid":{"rendered":"http:\/\/patrimoine-avesnois.fr\/chemin\/?page_id=957"},"modified":"2021-12-30T19:05:37","modified_gmt":"2021-12-30T18:05:37","slug":"eccles","status":"publish","type":"page","link":"https:\/\/patrimoine-avesnois.fr\/chemin\/eccles\/","title":{"rendered":"Eccles"},"content":{"rendered":"\n<figure class=\"wp-block-image\"><img data-recalc-dims=\"1\" loading=\"lazy\" decoding=\"async\" width=\"840\" height=\"561\" data-attachment-id=\"958\" data-permalink=\"https:\/\/patrimoine-avesnois.fr\/chemin\/eccles\/image-189\/\" data-orig-file=\"https:\/\/i0.wp.com\/patrimoine-avesnois.fr\/chemin\/wp-content\/uploads\/2019\/04\/image-167.png?fit=973%2C650&amp;ssl=1\" data-orig-size=\"973,650\" data-comments-opened=\"1\" data-image-meta=\"{&quot;aperture&quot;:&quot;0&quot;,&quot;credit&quot;:&quot;&quot;,&quot;camera&quot;:&quot;&quot;,&quot;caption&quot;:&quot;&quot;,&quot;created_timestamp&quot;:&quot;0&quot;,&quot;copyright&quot;:&quot;&quot;,&quot;focal_length&quot;:&quot;0&quot;,&quot;iso&quot;:&quot;0&quot;,&quot;shutter_speed&quot;:&quot;0&quot;,&quot;title&quot;:&quot;&quot;,&quot;orientation&quot;:&quot;0&quot;}\" data-image-title=\"image\" data-image-description=\"\" data-image-caption=\"\" data-large-file=\"https:\/\/i0.wp.com\/patrimoine-avesnois.fr\/chemin\/wp-content\/uploads\/2019\/04\/image-167.png?fit=840%2C561&amp;ssl=1\" src=\"https:\/\/i0.wp.com\/patrimoine-avesnois.fr\/chemin\/wp-content\/uploads\/2019\/04\/image-167.png?resize=840%2C561\" alt=\"\" class=\"wp-image-958\" srcset=\"https:\/\/i0.wp.com\/patrimoine-avesnois.fr\/chemin\/wp-content\/uploads\/2019\/04\/image-167.png?w=973&amp;ssl=1 973w, https:\/\/i0.wp.com\/patrimoine-avesnois.fr\/chemin\/wp-content\/uploads\/2019\/04\/image-167.png?resize=300%2C200&amp;ssl=1 300w, https:\/\/i0.wp.com\/patrimoine-avesnois.fr\/chemin\/wp-content\/uploads\/2019\/04\/image-167.png?resize=768%2C513&amp;ssl=1 768w\" sizes=\"auto, (max-width: 709px) 85vw, (max-width: 909px) 67vw, (max-width: 1362px) 62vw, 840px\" \/><figcaption>Eccles. Portail de l&rsquo;\u00e9glise Photo A H 1983<\/figcaption><\/figure>\n\n\n\n<p> <br>Eccles tire son nom d\u2019une for\u00eat de ch\u00eanes (en latin aesculetum). C&rsquo;est un village de d\u00e9frichement des XII\u00b0 et XIII\u00b0 si\u00e8cles, ayant conserv\u00e9 le souvenir d\u2019un seigneur ch\u00e2telain, organisateur de la mise en valeur du sol. La ferme dite d&rsquo;Eccles, \u00e0 450 m au nord de l&rsquo;\u00e9glise, pourrait avoir \u00e9t\u00e9 b\u00e2tie sur les ruines d&rsquo;un ch\u00e2teau.  <br>Ancien si\u00e8ge d\u2019une seigneurie, Eccles renfermait aussi plusieurs fiefs relevant de la pairie de Barben\u00e7on.  <\/p>\n\n\n\n<div class=\"wp-block-image\"><figure class=\"aligncenter is-resized\"><img loading=\"lazy\" decoding=\"async\" src=\"https:\/\/upload.wikimedia.org\/wikipedia\/commons\/thumb\/6\/6f\/Eccles_%28Nord%2C_Fr%29_%C3%A9glise%2C_cot%C3%A9_sud.jpg\/1280px-Eccles_%28Nord%2C_Fr%29_%C3%A9glise%2C_cot%C3%A9_sud.jpg\" alt=\"\" width=\"640\" height=\"480\"\/><figcaption>L&rsquo;\u00e9glise d&rsquo;Eccles<br><br><\/figcaption><\/figure><\/div>\n\n\n\n<div class=\"wp-block-image\"><figure class=\"aligncenter is-resized\"><img data-recalc-dims=\"1\" loading=\"lazy\" decoding=\"async\" data-attachment-id=\"961\" data-permalink=\"https:\/\/patrimoine-avesnois.fr\/chemin\/eccles\/image-191\/\" data-orig-file=\"https:\/\/i0.wp.com\/patrimoine-avesnois.fr\/chemin\/wp-content\/uploads\/2019\/04\/image-169.png?fit=628%2C836&amp;ssl=1\" data-orig-size=\"628,836\" data-comments-opened=\"1\" data-image-meta=\"{&quot;aperture&quot;:&quot;0&quot;,&quot;credit&quot;:&quot;&quot;,&quot;camera&quot;:&quot;&quot;,&quot;caption&quot;:&quot;&quot;,&quot;created_timestamp&quot;:&quot;0&quot;,&quot;copyright&quot;:&quot;&quot;,&quot;focal_length&quot;:&quot;0&quot;,&quot;iso&quot;:&quot;0&quot;,&quot;shutter_speed&quot;:&quot;0&quot;,&quot;title&quot;:&quot;&quot;,&quot;orientation&quot;:&quot;0&quot;}\" data-image-title=\"image\" data-image-description=\"\" data-image-caption=\"\" data-large-file=\"https:\/\/i0.wp.com\/patrimoine-avesnois.fr\/chemin\/wp-content\/uploads\/2019\/04\/image-169.png?fit=628%2C836&amp;ssl=1\" src=\"https:\/\/i0.wp.com\/patrimoine-avesnois.fr\/chemin\/wp-content\/uploads\/2019\/04\/image-169.png?resize=377%2C502\" alt=\"\" class=\"wp-image-961\" width=\"377\" height=\"502\" srcset=\"https:\/\/i0.wp.com\/patrimoine-avesnois.fr\/chemin\/wp-content\/uploads\/2019\/04\/image-169.png?w=628&amp;ssl=1 628w, https:\/\/i0.wp.com\/patrimoine-avesnois.fr\/chemin\/wp-content\/uploads\/2019\/04\/image-169.png?resize=225%2C300&amp;ssl=1 225w\" sizes=\"auto, (max-width: 377px) 85vw, 377px\" \/><\/figure><\/div>\n\n\n\n<p><\/p>\n\n\n\n<p>L&rsquo;\u00e9glise serait de 1543 si l&rsquo;on en croit la date grav\u00e9e sur le linteau mais il n&rsquo;est pas impossible que cette cette belle architrave en accolade provienne d&rsquo;un autre \u00e9difice&#8230;.Quoiqu&rsquo;il en soit il faut admirer ces sculptures et moulures dans la jolie pierre grise patin\u00e9e.  <br>A l\u2019int\u00e9rieur se trouve une poutre de gloire (XVI e si\u00e8cle) avec 2 statues class\u00e9es du XV e si\u00e8cle, une Vierge et un Saint Jean. (MH depuis 1947) <br>Un Christ en croix du XIII e si\u00e8cle a \u00e9t\u00e9 retrouv\u00e9 dans le clocher. <\/p>\n\n\n\n<div class=\"wp-block-image\"><figure class=\"aligncenter is-resized\"><img data-recalc-dims=\"1\" loading=\"lazy\" decoding=\"async\" data-attachment-id=\"962\" data-permalink=\"https:\/\/patrimoine-avesnois.fr\/chemin\/eccles\/image-192\/\" data-orig-file=\"https:\/\/i0.wp.com\/patrimoine-avesnois.fr\/chemin\/wp-content\/uploads\/2019\/04\/image-170.png?fit=643%2C857&amp;ssl=1\" data-orig-size=\"643,857\" data-comments-opened=\"1\" data-image-meta=\"{&quot;aperture&quot;:&quot;0&quot;,&quot;credit&quot;:&quot;&quot;,&quot;camera&quot;:&quot;&quot;,&quot;caption&quot;:&quot;&quot;,&quot;created_timestamp&quot;:&quot;0&quot;,&quot;copyright&quot;:&quot;&quot;,&quot;focal_length&quot;:&quot;0&quot;,&quot;iso&quot;:&quot;0&quot;,&quot;shutter_speed&quot;:&quot;0&quot;,&quot;title&quot;:&quot;&quot;,&quot;orientation&quot;:&quot;0&quot;}\" data-image-title=\"image\" data-image-description=\"\" data-image-caption=\"\" data-large-file=\"https:\/\/i0.wp.com\/patrimoine-avesnois.fr\/chemin\/wp-content\/uploads\/2019\/04\/image-170.png?fit=643%2C857&amp;ssl=1\" src=\"https:\/\/i0.wp.com\/patrimoine-avesnois.fr\/chemin\/wp-content\/uploads\/2019\/04\/image-170.png?resize=368%2C490\" alt=\"\" class=\"wp-image-962\" width=\"368\" height=\"490\" srcset=\"https:\/\/i0.wp.com\/patrimoine-avesnois.fr\/chemin\/wp-content\/uploads\/2019\/04\/image-170.png?w=643&amp;ssl=1 643w, https:\/\/i0.wp.com\/patrimoine-avesnois.fr\/chemin\/wp-content\/uploads\/2019\/04\/image-170.png?resize=225%2C300&amp;ssl=1 225w\" sizes=\"auto, (max-width: 368px) 85vw, 368px\" \/><figcaption>Poutre de gloire  qui domine et traverse la nef devant le ch\u0153ur et contenant les 2 statues de la Vierge et de Saint Jean <\/figcaption><\/figure><\/div>\n\n\n\n<div class=\"wp-block-image\"><figure class=\"aligncenter is-resized\"><img data-recalc-dims=\"1\" loading=\"lazy\" decoding=\"async\" data-attachment-id=\"960\" data-permalink=\"https:\/\/patrimoine-avesnois.fr\/chemin\/eccles\/image-190\/\" data-orig-file=\"https:\/\/i0.wp.com\/patrimoine-avesnois.fr\/chemin\/wp-content\/uploads\/2019\/04\/image-168.png?fit=427%2C650&amp;ssl=1\" data-orig-size=\"427,650\" data-comments-opened=\"1\" data-image-meta=\"{&quot;aperture&quot;:&quot;0&quot;,&quot;credit&quot;:&quot;&quot;,&quot;camera&quot;:&quot;&quot;,&quot;caption&quot;:&quot;&quot;,&quot;created_timestamp&quot;:&quot;0&quot;,&quot;copyright&quot;:&quot;&quot;,&quot;focal_length&quot;:&quot;0&quot;,&quot;iso&quot;:&quot;0&quot;,&quot;shutter_speed&quot;:&quot;0&quot;,&quot;title&quot;:&quot;&quot;,&quot;orientation&quot;:&quot;0&quot;}\" data-image-title=\"image\" data-image-description=\"\" data-image-caption=\"\" data-large-file=\"https:\/\/i0.wp.com\/patrimoine-avesnois.fr\/chemin\/wp-content\/uploads\/2019\/04\/image-168.png?fit=427%2C650&amp;ssl=1\" src=\"https:\/\/i0.wp.com\/patrimoine-avesnois.fr\/chemin\/wp-content\/uploads\/2019\/04\/image-168.png?resize=320%2C488\" alt=\"\" class=\"wp-image-960\" width=\"320\" height=\"488\" srcset=\"https:\/\/i0.wp.com\/patrimoine-avesnois.fr\/chemin\/wp-content\/uploads\/2019\/04\/image-168.png?w=427&amp;ssl=1 427w, https:\/\/i0.wp.com\/patrimoine-avesnois.fr\/chemin\/wp-content\/uploads\/2019\/04\/image-168.png?resize=197%2C300&amp;ssl=1 197w\" sizes=\"auto, (max-width: 320px) 85vw, 320px\" \/><figcaption>statues (2) : Vierge (la), saint Jean, vue g\u00e9n\u00e9rale <a href=\"http:\/\/www2.culture.gouv.fr\/public\/mistral\/memoire_fr?ACTION=CHERCHER&amp;FIELD_1=REF&amp;VALUE_1=AP59W00666\" target=\"_blank\" rel=\"noreferrer noopener\" aria-label=\"MH (opens in a new tab)\">MH<\/a><\/figcaption><\/figure><\/div>\n\n\n\n<div class=\"wp-block-image\"><figure class=\"aligncenter is-resized\"><img loading=\"lazy\" decoding=\"async\" src=\"https:\/\/upload.wikimedia.org\/wikipedia\/commons\/thumb\/9\/9f\/Eccles_%28Nord%2C_Fr%29_mairie.jpg\/1280px-Eccles_%28Nord%2C_Fr%29_mairie.jpg\" alt=\"Eccles (Nord)\" width=\"640\" height=\"480\"\/><figcaption>Mairie d&rsquo;Eccles<\/figcaption><\/figure><\/div>\n\n\n\n<div class=\"wp-block-image\"><figure class=\"aligncenter is-resized\"><img loading=\"lazy\" decoding=\"async\" src=\"https:\/\/upload.wikimedia.org\/wikipedia\/commons\/thumb\/5\/53\/Eccles_%28Nord%2C_Fr%29_monument_aux_morts.jpg\/800px-Eccles_%28Nord%2C_Fr%29_monument_aux_morts.jpg\" alt=\"Eccles (Nord, Fr) monument aux morts.jpg\" width=\"400\" height=\"534\"\/><figcaption>Monument aux Morts d&rsquo;Eccles <a href=\"https:\/\/monumentsmorts.univ-lille.fr\/monument\/229\/eccles-cimetierecommunal\/\" target=\"_blank\" rel=\"noreferrer noopener\" aria-label=\"Universit\u00e9 Lille 3  (opens in a new tab)\">Universit\u00e9 Lille 3 <\/a><\/figcaption><\/figure><\/div>\n\n\n\n<div class=\"wp-block-image\"><figure class=\"aligncenter is-resized\"><img loading=\"lazy\" decoding=\"async\" src=\"https:\/\/upload.wikimedia.org\/wikipedia\/commons\/thumb\/d\/dc\/Eccles_%28Nord%2C_Fr%29_chapelle_Notre_Dame_de_Liesse.jpg\/800px-Eccles_%28Nord%2C_Fr%29_chapelle_Notre_Dame_de_Liesse.jpg\" alt=\"\" width=\"400\" height=\"534\"\/><figcaption>Chapelle N.D de Liesse 1868<\/figcaption><\/figure><\/div>\n\n\n\n<p>Elle a \u00e9t\u00e9 \u00e9lev\u00e9e par la famille Brogn\u00e9 au lieu-dit La Folie. Elle garde le souvenir du d\u00e9c\u00e8s de leur fille de 18 ans le 20 juin 1873. Voir mon <a rel=\"noreferrer noopener\" aria-label=\"site  (opens in a new tab)\" href=\"http:\/\/oratoiresetchapelles-avesnois.fr\/eccles\/\" target=\"_blank\">site <\/a>&nbsp; <\/p>\n\n\n\n<div class=\"wp-block-image\"><figure class=\"aligncenter is-resized\"><img loading=\"lazy\" decoding=\"async\" src=\"https:\/\/upload.wikimedia.org\/wikipedia\/commons\/thumb\/2\/2f\/Eccles_%28Nord%2C_Fr%29_chapelle-niche_dans_un_mur.jpg\/800px-Eccles_%28Nord%2C_Fr%29_chapelle-niche_dans_un_mur.jpg\" alt=\"\" width=\"425\" height=\"553\"\/><figcaption>Une niche <a href=\"https:\/\/www.google.fr\/maps\/@50.2049536,4.1012824,3a,75y,281.04h,91.11t\/data=!3m6!1e1!3m4!1s6Gll-yLiQmbzGY96niLhcQ!2e0!7i13312!8i6656?hl=fr\" target=\"_blank\" rel=\"noreferrer noopener\" aria-label=\"route de Jeumont (opens in a new tab)\">route de Jeumont<\/a><\/figcaption><\/figure><\/div>\n\n\n\n<div class=\"wp-block-image\"><figure class=\"aligncenter is-resized\"><img data-recalc-dims=\"1\" loading=\"lazy\" decoding=\"async\" data-attachment-id=\"988\" data-permalink=\"https:\/\/patrimoine-avesnois.fr\/chemin\/eccles\/capture-25\/\" data-orig-file=\"https:\/\/i0.wp.com\/patrimoine-avesnois.fr\/chemin\/wp-content\/uploads\/2019\/04\/Capture-5.png?fit=343%2C458&amp;ssl=1\" data-orig-size=\"343,458\" data-comments-opened=\"1\" data-image-meta=\"{&quot;aperture&quot;:&quot;0&quot;,&quot;credit&quot;:&quot;&quot;,&quot;camera&quot;:&quot;&quot;,&quot;caption&quot;:&quot;&quot;,&quot;created_timestamp&quot;:&quot;0&quot;,&quot;copyright&quot;:&quot;&quot;,&quot;focal_length&quot;:&quot;0&quot;,&quot;iso&quot;:&quot;0&quot;,&quot;shutter_speed&quot;:&quot;0&quot;,&quot;title&quot;:&quot;&quot;,&quot;orientation&quot;:&quot;0&quot;}\" data-image-title=\"Capture\" data-image-description=\"\" data-image-caption=\"\" data-large-file=\"https:\/\/i0.wp.com\/patrimoine-avesnois.fr\/chemin\/wp-content\/uploads\/2019\/04\/Capture-5.png?fit=343%2C458&amp;ssl=1\" src=\"https:\/\/i0.wp.com\/patrimoine-avesnois.fr\/chemin\/wp-content\/uploads\/2019\/04\/Capture-5.png?resize=425%2C553\" alt=\"\" class=\"wp-image-988\" width=\"425\" height=\"553\"\/><figcaption><em>Dans le village, route de Solre le Ch\u00e2teau, une niche d\u00e9di\u00e9e \u00e0 Saint Donat date de 1722. <\/em><a rel=\"noreferrer noopener\" href=\"https:\/\/www.google.fr\/maps\/@50.2048034,4.1012059,3a,41.3y,287.45h,88.84t\/data=!3m6!1e1!3m4!1s_3On1kvGPdTGOqPU7spy3A!2e0!7i13312!8i6656\" target=\"_blank\">route de Jeumont<\/a> <\/figcaption><\/figure><\/div>\n\n\n\n<p>Le petit ruisseau dit de la Ha\u00efette venant du bois d\u2019Hestrud est un affluent de la petite Solre. A proximit\u00e9, l\u2019\u00e9tang de Borzies, entour\u00e9 des bois des Nielles et de Solre, re\u00e7oit ses eaux du ruisseau de l\u2019Ecrevisse, qui se jette dans la Solre au Moulin de Reumont. <br>La for\u00eat et l&rsquo;\u00e9tang de Borzies sont des endroits tr\u00e8s agr\u00e9ables pour la promenade.<\/p>\n\n\n\n<div class=\"wp-block-image\"><figure class=\"aligncenter is-resized\"><img loading=\"lazy\" decoding=\"async\" data-attachment-id=\"965\" data-permalink=\"https:\/\/patrimoine-avesnois.fr\/chemin\/eccles\/image-194\/\" data-orig-file=\"https:\/\/i0.wp.com\/patrimoine-avesnois.fr\/chemin\/wp-content\/uploads\/2019\/04\/image-172.png?fit=1243%2C745&amp;ssl=1\" data-orig-size=\"1243,745\" data-comments-opened=\"1\" data-image-meta=\"{&quot;aperture&quot;:&quot;0&quot;,&quot;credit&quot;:&quot;&quot;,&quot;camera&quot;:&quot;&quot;,&quot;caption&quot;:&quot;&quot;,&quot;created_timestamp&quot;:&quot;0&quot;,&quot;copyright&quot;:&quot;&quot;,&quot;focal_length&quot;:&quot;0&quot;,&quot;iso&quot;:&quot;0&quot;,&quot;shutter_speed&quot;:&quot;0&quot;,&quot;title&quot;:&quot;&quot;,&quot;orientation&quot;:&quot;0&quot;}\" data-image-title=\"image\" data-image-description=\"\" data-image-caption=\"\" data-large-file=\"https:\/\/i0.wp.com\/patrimoine-avesnois.fr\/chemin\/wp-content\/uploads\/2019\/04\/image-172.png?fit=840%2C504&amp;ssl=1\" src=\"https:\/\/i2.wp.com\/patrimoine-avesnois.fr\/chemin\/wp-content\/uploads\/2019\/04\/image-172.png?fit=840%2C504\" alt=\"\" class=\"wp-image-965\" width=\"629\" height=\"377\" srcset=\"https:\/\/i0.wp.com\/patrimoine-avesnois.fr\/chemin\/wp-content\/uploads\/2019\/04\/image-172.png?w=1243&amp;ssl=1 1243w, https:\/\/i0.wp.com\/patrimoine-avesnois.fr\/chemin\/wp-content\/uploads\/2019\/04\/image-172.png?resize=300%2C180&amp;ssl=1 300w, https:\/\/i0.wp.com\/patrimoine-avesnois.fr\/chemin\/wp-content\/uploads\/2019\/04\/image-172.png?resize=768%2C460&amp;ssl=1 768w, https:\/\/i0.wp.com\/patrimoine-avesnois.fr\/chemin\/wp-content\/uploads\/2019\/04\/image-172.png?resize=1024%2C614&amp;ssl=1 1024w, https:\/\/i0.wp.com\/patrimoine-avesnois.fr\/chemin\/wp-content\/uploads\/2019\/04\/image-172.png?resize=1200%2C719&amp;ssl=1 1200w\" sizes=\"auto, (max-width: 629px) 85vw, 629px\" \/><figcaption><br>L&rsquo;\u00e9tang de Borzies<\/figcaption><\/figure><\/div>\n\n\n\n<div class=\"wp-block-image\"><figure class=\"aligncenter is-resized\"><img data-recalc-dims=\"1\" loading=\"lazy\" decoding=\"async\" src=\"https:\/\/i0.wp.com\/www.utel-maubeuge.fr\/images\/Randonnees\/2018\/2018.10.10.Eccles\/003.jpg?resize=600%2C338&#038;ssl=1\" alt=\"\" width=\"600\" height=\"338\"\/><figcaption>Les environs d&rsquo;Eccles<\/figcaption><\/figure><\/div>\n","protected":false},"excerpt":{"rendered":"<p>Eccles tire son nom d\u2019une for\u00eat de ch\u00eanes (en latin aesculetum). C&rsquo;est un village de d\u00e9frichement des XII\u00b0 et XIII\u00b0 si\u00e8cles, ayant conserv\u00e9 le souvenir d\u2019un seigneur ch\u00e2telain, organisateur de la mise en valeur du sol. La ferme dite d&rsquo;Eccles, \u00e0 450 m au nord de l&rsquo;\u00e9glise, pourrait avoir \u00e9t\u00e9 b\u00e2tie sur les ruines d&rsquo;un &hellip; <a href=\"https:\/\/patrimoine-avesnois.fr\/chemin\/eccles\/\" class=\"more-link\">Continuer la lecture<span class=\"screen-reader-text\"> de &laquo;&nbsp;Eccles&nbsp;&raquo;<\/span><\/a><\/p>\n","protected":false},"author":2,"featured_media":0,"parent":0,"menu_order":0,"comment_status":"closed","ping_status":"closed","template":"","meta":{"jetpack_post_was_ever_published":false,"footnotes":""},"class_list":["post-957","page","type-page","status-publish","hentry"],"jetpack_sharing_enabled":true,"jetpack_shortlink":"https:\/\/wp.me\/PaOEkN-fr","jetpack-related-posts":[],"_links":{"self":[{"href":"https:\/\/patrimoine-avesnois.fr\/chemin\/wp-json\/wp\/v2\/pages\/957","targetHints":{"allow":["GET"]}}],"collection":[{"href":"https:\/\/patrimoine-avesnois.fr\/chemin\/wp-json\/wp\/v2\/pages"}],"about":[{"href":"https:\/\/patrimoine-avesnois.fr\/chemin\/wp-json\/wp\/v2\/types\/page"}],"author":[{"embeddable":true,"href":"https:\/\/patrimoine-avesnois.fr\/chemin\/wp-json\/wp\/v2\/users\/2"}],"replies":[{"embeddable":true,"href":"https:\/\/patrimoine-avesnois.fr\/chemin\/wp-json\/wp\/v2\/comments?post=957"}],"version-history":[{"count":0,"href":"https:\/\/patrimoine-avesnois.fr\/chemin\/wp-json\/wp\/v2\/pages\/957\/revisions"}],"wp:attachment":[{"href":"https:\/\/patrimoine-avesnois.fr\/chemin\/wp-json\/wp\/v2\/media?parent=957"}],"curies":[{"name":"wp","href":"https:\/\/api.w.org\/{rel}","templated":true}]}}