{"id":308,"date":"2023-05-04T22:43:48","date_gmt":"2023-05-04T20:43:48","guid":{"rendered":"http:\/\/patrimoine-avesnois.fr\/eglisesfortifiees\/?page_id=308"},"modified":"2023-05-17T19:40:58","modified_gmt":"2023-05-17T17:40:58","slug":"les-eglises-fortifiees-et-leur-contexte-a-travers-un-document","status":"publish","type":"page","link":"https:\/\/patrimoine-avesnois.fr\/eglisesfortifiees\/les-eglises-fortifiees-et-leur-contexte-a-travers-un-document\/","title":{"rendered":"Les \u00e9glises fortifi\u00e9es et leur contexte \u00e0 travers un document"},"content":{"rendered":"\n<p>En introduction j&rsquo;ai indiqu\u00e9 que la f\u00e2cheuse situation de l&rsquo;extr\u00e9mit\u00e9 sud du Hainaut, caract\u00e9ris\u00e9e au d\u00e9but du XVII e si\u00e8cle par des exp\u00e9ditions renouvel\u00e9es sans cesse et toujours avec le m\u00eame acharnement de pillage et de d\u00e9vastation d&rsquo;une localit\u00e9 ennemie fut \u00e0 l&rsquo;origine de la fortification des \u00e9glises.<\/p>\n\n\n\n<p>Voici un document officiel de 1604 : Quahier (cahier) de l&rsquo;assiette du XX denier dans la commune de Taisni\u00e8res en Thi\u00e9rache. On y lit que la rentr\u00e9e de de XX \u00e8 a \u00e9t\u00e9 extraordinairement difficile \u00a0\u00bb <em>\u00e0 raison des tempestes, de concussions, ravaiges, pilleries et brigandaiges qui sont survenues par moyens des guerres civilles et intestines resenties en chaque canton de ce pays, sans exception aucune et notamment en ces frontieres de Franche, lesquelles ont beaucoup plus patyz, endurez et suportez de pertes et etremitez que le plain pays, \u00e0 cause des courses que l&rsquo;ennemy faisoit sur lesdites frntierres, par lesquelles la plupart des ediffices de maisons et aultres en chasque villaige d&rsquo;icelles, ont \u00e9t\u00e9 brusl\u00e9es, ruyn\u00e9es et bien nombre de personnes tuez et les aultres emmen\u00e9es captives et prisonnierres; de sortes que la plus grande partie des terres jardins et pastures sont demeur\u00e9es st\u00e9riles et vaghes, sans en avoir peu thirer aulcuns profitz, selon qu&rsquo;est notoire \u00e0 un chasqun pour estre les aulcuns tr\u00e8s pauvres pour cejourd&rsquo;huy, n&rsquo;ayant pas ainsy moyen de cultiver et labourer leurs terres.<\/em><\/p>\n\n\n\n<p>Ce document, mieux que tout autre, fait voir l&rsquo;\u00e9tat de d\u00e9tresse dans lequel la fronti\u00e8re \u00e9tait plong\u00e9e plusieurs ann\u00e9es apr\u00e8s la paix de Vervins (1598).<\/p>\n","protected":false},"excerpt":{"rendered":"<p>En introduction j&rsquo;ai indiqu\u00e9 que la f\u00e2cheuse situation de l&rsquo;extr\u00e9mit\u00e9 sud du Hainaut, caract\u00e9ris\u00e9e au d\u00e9but du XVII e si\u00e8cle par des exp\u00e9ditions renouvel\u00e9es sans cesse et toujours avec le m\u00eame acharnement de pillage et de d\u00e9vastation d&rsquo;une localit\u00e9 ennemie fut \u00e0 l&rsquo;origine de la fortification des \u00e9glises. Voici un document officiel de 1604 : &hellip; <a href=\"https:\/\/patrimoine-avesnois.fr\/eglisesfortifiees\/les-eglises-fortifiees-et-leur-contexte-a-travers-un-document\/\" class=\"more-link\">Continuer la lecture<span class=\"screen-reader-text\"> de &laquo;&nbsp;Les \u00e9glises fortifi\u00e9es et leur contexte \u00e0 travers un document&nbsp;&raquo;<\/span><\/a><\/p>\n","protected":false},"author":2,"featured_media":0,"parent":0,"menu_order":4,"comment_status":"closed","ping_status":"closed","template":"","meta":{"jetpack_post_was_ever_published":false,"footnotes":""},"class_list":["post-308","page","type-page","status-publish","hentry"],"jetpack_sharing_enabled":true,"jetpack_shortlink":"https:\/\/wp.me\/PacK2X-4Y","jetpack-related-posts":[],"_links":{"self":[{"href":"https:\/\/patrimoine-avesnois.fr\/eglisesfortifiees\/wp-json\/wp\/v2\/pages\/308","targetHints":{"allow":["GET"]}}],"collection":[{"href":"https:\/\/patrimoine-avesnois.fr\/eglisesfortifiees\/wp-json\/wp\/v2\/pages"}],"about":[{"href":"https:\/\/patrimoine-avesnois.fr\/eglisesfortifiees\/wp-json\/wp\/v2\/types\/page"}],"author":[{"embeddable":true,"href":"https:\/\/patrimoine-avesnois.fr\/eglisesfortifiees\/wp-json\/wp\/v2\/users\/2"}],"replies":[{"embeddable":true,"href":"https:\/\/patrimoine-avesnois.fr\/eglisesfortifiees\/wp-json\/wp\/v2\/comments?post=308"}],"version-history":[{"count":1,"href":"https:\/\/patrimoine-avesnois.fr\/eglisesfortifiees\/wp-json\/wp\/v2\/pages\/308\/revisions"}],"predecessor-version":[{"id":309,"href":"https:\/\/patrimoine-avesnois.fr\/eglisesfortifiees\/wp-json\/wp\/v2\/pages\/308\/revisions\/309"}],"wp:attachment":[{"href":"https:\/\/patrimoine-avesnois.fr\/eglisesfortifiees\/wp-json\/wp\/v2\/media?parent=308"}],"curies":[{"name":"wp","href":"https:\/\/api.w.org\/{rel}","templated":true}]}}