{"id":34,"date":"2018-08-13T19:12:58","date_gmt":"2018-08-13T17:12:58","guid":{"rendered":"http:\/\/patrimoine-avesnois.fr\/eglisesfortifiees\/?page_id=34"},"modified":"2023-05-17T19:43:56","modified_gmt":"2023-05-17T17:43:56","slug":"leglise-de-limont-fontaine","status":"publish","type":"page","link":"https:\/\/patrimoine-avesnois.fr\/eglisesfortifiees\/leglise-de-limont-fontaine\/","title":{"rendered":"L&rsquo;Eglise de Limont-Fontaine"},"content":{"rendered":"<p style=\"text-align: center;\"><img data-recalc-dims=\"1\" loading=\"lazy\" decoding=\"async\" data-attachment-id=\"35\" data-permalink=\"https:\/\/patrimoine-avesnois.fr\/eglisesfortifiees\/leglise-de-limont-fontaine\/limon3\/\" data-orig-file=\"https:\/\/i0.wp.com\/patrimoine-avesnois.fr\/eglisesfortifiees\/wp-content\/uploads\/2018\/08\/Limon3.jpg?fit=2592%2C4608&amp;ssl=1\" data-orig-size=\"2592,4608\" data-comments-opened=\"1\" data-image-meta=\"{&quot;aperture&quot;:&quot;9.3&quot;,&quot;credit&quot;:&quot;&quot;,&quot;camera&quot;:&quot;DMC-SZ10&quot;,&quot;caption&quot;:&quot;&quot;,&quot;created_timestamp&quot;:&quot;1534156972&quot;,&quot;copyright&quot;:&quot;&quot;,&quot;focal_length&quot;:&quot;6.8&quot;,&quot;iso&quot;:&quot;100&quot;,&quot;shutter_speed&quot;:&quot;0.003125&quot;,&quot;title&quot;:&quot;&quot;,&quot;orientation&quot;:&quot;1&quot;}\" data-image-title=\"Limon3\" data-image-description=\"\" data-image-caption=\"\" data-medium-file=\"https:\/\/i0.wp.com\/patrimoine-avesnois.fr\/eglisesfortifiees\/wp-content\/uploads\/2018\/08\/Limon3.jpg?fit=169%2C300&amp;ssl=1\" data-large-file=\"https:\/\/i0.wp.com\/patrimoine-avesnois.fr\/eglisesfortifiees\/wp-content\/uploads\/2018\/08\/Limon3.jpg?fit=576%2C1024&amp;ssl=1\" class=\"alignnone wp-image-35\" src=\"https:\/\/i0.wp.com\/patrimoine-avesnois.fr\/eglisesfortifiees\/wp-content\/uploads\/2018\/08\/Limon3.jpg?resize=450%2C800\" alt=\"\" width=\"450\" height=\"800\" srcset=\"https:\/\/i0.wp.com\/patrimoine-avesnois.fr\/eglisesfortifiees\/wp-content\/uploads\/2018\/08\/Limon3.jpg?resize=576%2C1024&amp;ssl=1 576w, https:\/\/i0.wp.com\/patrimoine-avesnois.fr\/eglisesfortifiees\/wp-content\/uploads\/2018\/08\/Limon3.jpg?resize=169%2C300&amp;ssl=1 169w, https:\/\/i0.wp.com\/patrimoine-avesnois.fr\/eglisesfortifiees\/wp-content\/uploads\/2018\/08\/Limon3.jpg?resize=768%2C1365&amp;ssl=1 768w, https:\/\/i0.wp.com\/patrimoine-avesnois.fr\/eglisesfortifiees\/wp-content\/uploads\/2018\/08\/Limon3.jpg?resize=1200%2C2133&amp;ssl=1 1200w, https:\/\/i0.wp.com\/patrimoine-avesnois.fr\/eglisesfortifiees\/wp-content\/uploads\/2018\/08\/Limon3.jpg?w=1680 1680w, https:\/\/i0.wp.com\/patrimoine-avesnois.fr\/eglisesfortifiees\/wp-content\/uploads\/2018\/08\/Limon3.jpg?w=2520 2520w\" sizes=\"auto, (max-width: 450px) 85vw, 450px\" \/><\/p>\n<p style=\"text-align: center;\"><img data-recalc-dims=\"1\" loading=\"lazy\" decoding=\"async\" data-attachment-id=\"36\" data-permalink=\"https:\/\/patrimoine-avesnois.fr\/eglisesfortifiees\/leglise-de-limont-fontaine\/limon1\/\" data-orig-file=\"https:\/\/i0.wp.com\/patrimoine-avesnois.fr\/eglisesfortifiees\/wp-content\/uploads\/2018\/08\/Limon1.jpg?fit=4018%2C2592&amp;ssl=1\" data-orig-size=\"4018,2592\" data-comments-opened=\"1\" data-image-meta=\"{&quot;aperture&quot;:&quot;7.8&quot;,&quot;credit&quot;:&quot;&quot;,&quot;camera&quot;:&quot;DMC-SZ10&quot;,&quot;caption&quot;:&quot;&quot;,&quot;created_timestamp&quot;:&quot;1534156842&quot;,&quot;copyright&quot;:&quot;&quot;,&quot;focal_length&quot;:&quot;4.3&quot;,&quot;iso&quot;:&quot;100&quot;,&quot;shutter_speed&quot;:&quot;0.004&quot;,&quot;title&quot;:&quot;&quot;,&quot;orientation&quot;:&quot;1&quot;}\" data-image-title=\"Limon1\" data-image-description=\"\" data-image-caption=\"\" data-medium-file=\"https:\/\/i0.wp.com\/patrimoine-avesnois.fr\/eglisesfortifiees\/wp-content\/uploads\/2018\/08\/Limon1.jpg?fit=300%2C194&amp;ssl=1\" data-large-file=\"https:\/\/i0.wp.com\/patrimoine-avesnois.fr\/eglisesfortifiees\/wp-content\/uploads\/2018\/08\/Limon1.jpg?fit=840%2C542&amp;ssl=1\" class=\"aligncenter wp-image-36 size-large\" src=\"https:\/\/i0.wp.com\/patrimoine-avesnois.fr\/eglisesfortifiees\/wp-content\/uploads\/2018\/08\/Limon1.jpg?resize=840%2C542\" alt=\"\" width=\"840\" height=\"542\" srcset=\"https:\/\/i0.wp.com\/patrimoine-avesnois.fr\/eglisesfortifiees\/wp-content\/uploads\/2018\/08\/Limon1.jpg?resize=1024%2C661&amp;ssl=1 1024w, https:\/\/i0.wp.com\/patrimoine-avesnois.fr\/eglisesfortifiees\/wp-content\/uploads\/2018\/08\/Limon1.jpg?resize=300%2C194&amp;ssl=1 300w, https:\/\/i0.wp.com\/patrimoine-avesnois.fr\/eglisesfortifiees\/wp-content\/uploads\/2018\/08\/Limon1.jpg?resize=768%2C495&amp;ssl=1 768w, https:\/\/i0.wp.com\/patrimoine-avesnois.fr\/eglisesfortifiees\/wp-content\/uploads\/2018\/08\/Limon1.jpg?resize=1200%2C774&amp;ssl=1 1200w, https:\/\/i0.wp.com\/patrimoine-avesnois.fr\/eglisesfortifiees\/wp-content\/uploads\/2018\/08\/Limon1.jpg?w=1680 1680w, https:\/\/i0.wp.com\/patrimoine-avesnois.fr\/eglisesfortifiees\/wp-content\/uploads\/2018\/08\/Limon1.jpg?w=2520 2520w\" sizes=\"auto, (max-width: 709px) 85vw, (max-width: 909px) 67vw, (max-width: 1362px) 62vw, 840px\" \/><\/p>\n<p style=\"text-align: center;\"><img data-recalc-dims=\"1\" loading=\"lazy\" decoding=\"async\" data-attachment-id=\"37\" data-permalink=\"https:\/\/patrimoine-avesnois.fr\/eglisesfortifiees\/leglise-de-limont-fontaine\/limon2-2\/\" data-orig-file=\"https:\/\/i0.wp.com\/patrimoine-avesnois.fr\/eglisesfortifiees\/wp-content\/uploads\/2018\/08\/Limon2-2.jpg?fit=4317%2C2590&amp;ssl=1\" data-orig-size=\"4317,2590\" data-comments-opened=\"1\" data-image-meta=\"{&quot;aperture&quot;:&quot;7.8&quot;,&quot;credit&quot;:&quot;&quot;,&quot;camera&quot;:&quot;DMC-SZ10&quot;,&quot;caption&quot;:&quot;&quot;,&quot;created_timestamp&quot;:&quot;1534156878&quot;,&quot;copyright&quot;:&quot;&quot;,&quot;focal_length&quot;:&quot;4.3&quot;,&quot;iso&quot;:&quot;100&quot;,&quot;shutter_speed&quot;:&quot;0.003125&quot;,&quot;title&quot;:&quot;&quot;,&quot;orientation&quot;:&quot;1&quot;}\" data-image-title=\"Limon2 (2)\" data-image-description=\"\" data-image-caption=\"\" data-medium-file=\"https:\/\/i0.wp.com\/patrimoine-avesnois.fr\/eglisesfortifiees\/wp-content\/uploads\/2018\/08\/Limon2-2.jpg?fit=300%2C180&amp;ssl=1\" data-large-file=\"https:\/\/i0.wp.com\/patrimoine-avesnois.fr\/eglisesfortifiees\/wp-content\/uploads\/2018\/08\/Limon2-2.jpg?fit=840%2C504&amp;ssl=1\" class=\"alignnone size-large wp-image-37\" src=\"https:\/\/i0.wp.com\/patrimoine-avesnois.fr\/eglisesfortifiees\/wp-content\/uploads\/2018\/08\/Limon2-2.jpg?resize=840%2C504\" alt=\"\" width=\"840\" height=\"504\" srcset=\"https:\/\/i0.wp.com\/patrimoine-avesnois.fr\/eglisesfortifiees\/wp-content\/uploads\/2018\/08\/Limon2-2.jpg?resize=1024%2C614&amp;ssl=1 1024w, https:\/\/i0.wp.com\/patrimoine-avesnois.fr\/eglisesfortifiees\/wp-content\/uploads\/2018\/08\/Limon2-2.jpg?resize=300%2C180&amp;ssl=1 300w, https:\/\/i0.wp.com\/patrimoine-avesnois.fr\/eglisesfortifiees\/wp-content\/uploads\/2018\/08\/Limon2-2.jpg?resize=768%2C461&amp;ssl=1 768w, https:\/\/i0.wp.com\/patrimoine-avesnois.fr\/eglisesfortifiees\/wp-content\/uploads\/2018\/08\/Limon2-2.jpg?resize=1200%2C720&amp;ssl=1 1200w, https:\/\/i0.wp.com\/patrimoine-avesnois.fr\/eglisesfortifiees\/wp-content\/uploads\/2018\/08\/Limon2-2.jpg?w=1680 1680w, https:\/\/i0.wp.com\/patrimoine-avesnois.fr\/eglisesfortifiees\/wp-content\/uploads\/2018\/08\/Limon2-2.jpg?w=2520 2520w\" sizes=\"auto, (max-width: 709px) 85vw, (max-width: 909px) 67vw, (max-width: 1362px) 62vw, 840px\" \/><\/p>\n<p style=\"text-align: center;\">L&rsquo;\u00e9glise de Fontaine<\/p>\n<p>Le territoire \u00e9tait autrefois divis\u00e9 en deux paroisses\u00a0: Limont et Fontaine.\u00a0 \u00a0 \u00a0 \u00a0 \u00a0 \u00a0 \u00a0 \u00a0 \u00a0 \u00a0 \u00a0 \u00a0 \u00a0 \u00a0 \u00a0 \u00a0 \u00a0 \u00a0 \u00a0 \u00a0 \u00a0 \u00a0 \u00a0 \u00a0 \u00a0 Le\u00a0hameau\u00a0de Fontaine a conserv\u00e9 son\u00a0\u00e9glise, ancienne chapelle de l&rsquo;abbaye d\u2019Hautmont.<\/p>\n<p>La chapelle Saint Nicolas de style roman remonte au XIII\u00e8me si\u00e8cle.\u00a0 \u00a0 \u00a0 \u00a0 \u00a0 \u00a0 \u00a0 \u00a0 \u00a0 \u00a0 \u00a0 \u00a0 \u00a0 \u00a0 \u00a0 \u00a0 \u00a0 \u00a0 \u00a0 \u00a0 \u00a0 \u00a0 \u00a0 \u00a0 \u00a0 \u00a0 \u00a0 \u00a0 \u00a0 \u00a0 \u00a0 \u00a0 \u00a0 \u00a0 \u00a0 \u00a0 \u00a0 Elle avait une ceinture fortifi\u00e9e qui l\u2019entourait totalement.<br \/>\nElle se compose d\u2019une simple nef couverte d&rsquo;une vo\u00fbte bris\u00e9e, d\u2019un chevet \u00e0 pans coup\u00e9s, d\u2019un clocher juch\u00e9 sur le toit au dessus de la fa\u00e7ade<\/p>\n","protected":false},"excerpt":{"rendered":"<p>L&rsquo;\u00e9glise de Fontaine Le territoire \u00e9tait autrefois divis\u00e9 en deux paroisses\u00a0: Limont et Fontaine.\u00a0 \u00a0 \u00a0 \u00a0 \u00a0 \u00a0 \u00a0 \u00a0 \u00a0 \u00a0 \u00a0 \u00a0 \u00a0 \u00a0 \u00a0 \u00a0 \u00a0 \u00a0 \u00a0 \u00a0 \u00a0 \u00a0 \u00a0 \u00a0 \u00a0 Le\u00a0hameau\u00a0de Fontaine a conserv\u00e9 son\u00a0\u00e9glise, ancienne chapelle de l&rsquo;abbaye d\u2019Hautmont. La chapelle Saint Nicolas de style roman &hellip; <a href=\"https:\/\/patrimoine-avesnois.fr\/eglisesfortifiees\/leglise-de-limont-fontaine\/\" class=\"more-link\">Continuer la lecture<span class=\"screen-reader-text\"> de &laquo;&nbsp;L&rsquo;Eglise de Limont-Fontaine&nbsp;&raquo;<\/span><\/a><\/p>\n","protected":false},"author":2,"featured_media":0,"parent":0,"menu_order":19,"comment_status":"closed","ping_status":"closed","template":"","meta":{"jetpack_post_was_ever_published":false,"footnotes":""},"class_list":["post-34","page","type-page","status-publish","hentry"],"jetpack_sharing_enabled":true,"jetpack_shortlink":"https:\/\/wp.me\/PacK2X-y","jetpack-related-posts":[],"_links":{"self":[{"href":"https:\/\/patrimoine-avesnois.fr\/eglisesfortifiees\/wp-json\/wp\/v2\/pages\/34","targetHints":{"allow":["GET"]}}],"collection":[{"href":"https:\/\/patrimoine-avesnois.fr\/eglisesfortifiees\/wp-json\/wp\/v2\/pages"}],"about":[{"href":"https:\/\/patrimoine-avesnois.fr\/eglisesfortifiees\/wp-json\/wp\/v2\/types\/page"}],"author":[{"embeddable":true,"href":"https:\/\/patrimoine-avesnois.fr\/eglisesfortifiees\/wp-json\/wp\/v2\/users\/2"}],"replies":[{"embeddable":true,"href":"https:\/\/patrimoine-avesnois.fr\/eglisesfortifiees\/wp-json\/wp\/v2\/comments?post=34"}],"version-history":[{"count":1,"href":"https:\/\/patrimoine-avesnois.fr\/eglisesfortifiees\/wp-json\/wp\/v2\/pages\/34\/revisions"}],"predecessor-version":[{"id":38,"href":"https:\/\/patrimoine-avesnois.fr\/eglisesfortifiees\/wp-json\/wp\/v2\/pages\/34\/revisions\/38"}],"wp:attachment":[{"href":"https:\/\/patrimoine-avesnois.fr\/eglisesfortifiees\/wp-json\/wp\/v2\/media?parent=34"}],"curies":[{"name":"wp","href":"https:\/\/api.w.org\/{rel}","templated":true}]}}