{"id":102,"date":"2021-07-01T18:53:17","date_gmt":"2021-07-01T16:53:17","guid":{"rendered":"https:\/\/patrimoine-avesnois.fr\/fontaines\/?page_id=102"},"modified":"2021-07-25T13:57:33","modified_gmt":"2021-07-25T11:57:33","slug":"bousignies-sur-roc-fontaines-et-source-petrifiante","status":"publish","type":"page","link":"https:\/\/patrimoine-avesnois.fr\/fontaines\/bousignies-sur-roc-fontaines-et-source-petrifiante\/","title":{"rendered":"Bousignies-sur-Roc : lavoir, fontaine et source \u00ab\u00a0p\u00e9trifiante\u00a0\u00bb"},"content":{"rendered":"\n<div class=\"wp-block-image\"><figure class=\"aligncenter\"><img decoding=\"async\" src=\"https:\/\/i2.wp.com\/patrimoine-avesnois.fr\/chemin\/wp-content\/uploads\/2021\/06\/15-1.jpg?fit=840%2C532\" alt=\"\" class=\"wp-image-13463\"\/><figcaption>Les Fontaines sur le cadastre de Bousignies-sur-Roc en 1902 ADN P 31 \/ 673 <a rel=\"noreferrer noopener\" href=\"https:\/\/archivesdepartementales.lenord.fr\/ark:\/33518\/pn1krcj0h763\/f56e91f3-cb9e-4ab8-a53c-6a5b2a8c544f\" target=\"_blank\">Vue 15\/22<\/a> :<\/figcaption><\/figure><\/div>\n\n\n\n<p>Le cadastre de Bousignies-sur-Roc en 1902 indique plusieurs fontaines : celles du Pont Neuf et du Pont de Roue S\u00e8che. Au Pont Neuf il y a une fontaine et un lavoir encore visible de nos jours. Il a \u00e9t\u00e9 restaur\u00e9 en 1980 par la Municipalit\u00e9.<\/p>\n\n\n\n<div class=\"wp-block-image\"><figure class=\"aligncenter is-resized\"><img loading=\"lazy\" decoding=\"async\" src=\"https:\/\/i0.wp.com\/patrimoine-avesnois.fr\/chemin\/wp-content\/uploads\/2021\/06\/lavoir.jpg?resize=630%2C414\" alt=\"\" class=\"wp-image-13464\" width=\"840\" height=\"552\"\/><figcaption>Le Lavoir de Bousignies<\/figcaption><\/figure><\/div>\n\n\n\n<div class=\"wp-block-image\"><figure class=\"aligncenter is-resized\"><img loading=\"lazy\" decoding=\"async\" src=\"https:\/\/i0.wp.com\/patrimoine-avesnois.fr\/chemin\/wp-content\/uploads\/2021\/06\/lavoir1.jpg?resize=630%2C446\" alt=\"\" class=\"wp-image-13465\" width=\"840\" height=\"595\"\/><figcaption>Autre carte postale du lavoir<\/figcaption><\/figure><\/div>\n\n\n\n<div class=\"wp-block-image\"><figure class=\"aligncenter is-resized\"><img loading=\"lazy\" decoding=\"async\" src=\"https:\/\/i0.wp.com\/patrimoine-avesnois.fr\/chemin\/wp-content\/uploads\/2021\/06\/R-Pont-Neuf.jpg?resize=630%2C475\" alt=\"\" class=\"wp-image-13466\" width=\"840\" height=\"633\"\/><figcaption>Le lavoir <a href=\"https:\/\/www.google.com\/maps\/@50.2618083,4.1784658,3a,75y,49.56h,90t\/data=!3m7!1e1!3m5!1sBDMD0rOoxKuIT1-QYqJ7pA!2e0!6shttps:%2F%2Fstreetviewpixels-pa.googleapis.com%2Fv1%2Fthumbnail%3Fpanoid%3DBDMD0rOoxKuIT1-QYqJ7pA%26cb_client%3Dmaps_sv.tactile.gps%26w%3D203%26h%3D100%26yaw%3D312.66058%26pitch%3D0%26thumbfov%3D100!7i13312!8i6656?hl=fr\" target=\"_blank\" rel=\"noreferrer noopener\">Rue du Pont Neuf<\/a><\/figcaption><\/figure><\/div>\n\n\n\n<div class=\"wp-block-image\"><figure class=\"aligncenter size-full is-resized\"><img data-recalc-dims=\"1\" loading=\"lazy\" decoding=\"async\" src=\"https:\/\/i0.wp.com\/patrimoine-avesnois.fr\/fontaines\/wp-content\/uploads\/2021\/07\/lavoir-de-Bousignies-sur-Roc.webp?resize=840%2C635&#038;ssl=1\" alt=\"\" class=\"wp-image-688\" width=\"840\" height=\"635\" srcset=\"https:\/\/i0.wp.com\/patrimoine-avesnois.fr\/fontaines\/wp-content\/uploads\/2021\/07\/lavoir-de-Bousignies-sur-Roc.webp?w=630&amp;ssl=1 630w, https:\/\/i0.wp.com\/patrimoine-avesnois.fr\/fontaines\/wp-content\/uploads\/2021\/07\/lavoir-de-Bousignies-sur-Roc.webp?resize=300%2C226&amp;ssl=1 300w\" sizes=\"auto, (max-width: 709px) 85vw, (max-width: 909px) 67vw, (max-width: 1362px) 62vw, 840px\" \/><figcaption>Le lavoir de Bousignies-sur-Roc<\/figcaption><\/figure><\/div>\n\n\n\n<div class=\"wp-block-image\"><figure class=\"aligncenter\"><img decoding=\"async\" src=\"https:\/\/i0.wp.com\/patrimoine-avesnois.fr\/chemin\/wp-content\/uploads\/2021\/06\/5.Lavoir-rue-du-Pont-Neuf-\u00e0-Bousignies-1.jpg?fit=840%2C480\" alt=\"\" class=\"wp-image-13548\"\/><figcaption>Le lavoir de Bousignies-sur-Roc<\/figcaption><\/figure><\/div>\n\n\n\n<div class=\"wp-block-image\"><figure class=\"aligncenter\"><img decoding=\"async\" src=\"https:\/\/i0.wp.com\/patrimoine-avesnois.fr\/chemin\/wp-content\/uploads\/2021\/06\/image-46.png?w=840\" alt=\"\" class=\"wp-image-13549\"\/><figcaption>Source du lavoir de Bousignies-sur-Roc Int\u00e9rieur du lavoir de Bousignies-sur-Roc<\/figcaption><\/figure><\/div>\n\n\n\n<p class=\"has-text-align-center\">***<\/p>\n\n\n\n<div class=\"wp-block-image\"><figure class=\"aligncenter\"><img decoding=\"async\" src=\"https:\/\/i2.wp.com\/patrimoine-avesnois.fr\/chemin\/wp-content\/uploads\/2021\/06\/image-42.png?fit=840%2C539\" alt=\"\" class=\"wp-image-13474\"\/><figcaption><em>Le Pont de Rous\u00e8che<\/em><\/figcaption><\/figure><\/div>\n\n\n\n<p>Cette carte postale date de 1910. La photographie a \u00e9t\u00e9 prise sur la rive gauche. A quelques m\u00e8tres derri\u00e8re les buissons de gauche se trouvaient, ici dissimul\u00e9s, une fontaine et un lavoir. Ils ont disparu avec le temps. Il est vrai que l\u2019endroit a chang\u00e9 plusieurs fois de visage. Ainsi en 1930 le pont jug\u00e9 trop v\u00e9tuste est d\u00e9mantel\u00e9 et reb\u00e2tit en ciment arm\u00e9. En 1940 ce pont, pr\u00e9cieux pour le dispositif militaire de la \u00ab&nbsp;dr\u00f4le de guerre&nbsp;\u00bb est min\u00e9. Il saute le 17 mai 1940. Inutilement d\u2019ailleurs car les Panzerdivisionnen allemandes passent \u00e0 guet des ruisseaux bien plus importants que la Hantes. Le pont est reconstruit en 1942, tel qu\u2019en 1930 tel qu\u2019il est aujourd\u2019hui.<\/p>\n\n\n\n<p class=\"has-text-align-center\">***<\/p>\n\n\n\n<div class=\"wp-block-image\"><figure class=\"aligncenter size-full is-resized\"><img data-recalc-dims=\"1\" decoding=\"async\" src=\"https:\/\/i0.wp.com\/patrimoine-avesnois.fr\/fontaines\/wp-content\/uploads\/2021\/07\/Fontaine-Rue-Basse-a-Bousignies-sur-Roc.webp?w=840&#038;ssl=1\" alt=\"\" class=\"wp-image-690\"  srcset=\"https:\/\/i0.wp.com\/patrimoine-avesnois.fr\/fontaines\/wp-content\/uploads\/2021\/07\/Fontaine-Rue-Basse-a-Bousignies-sur-Roc.webp?w=839&amp;ssl=1 839w, https:\/\/i0.wp.com\/patrimoine-avesnois.fr\/fontaines\/wp-content\/uploads\/2021\/07\/Fontaine-Rue-Basse-a-Bousignies-sur-Roc.webp?resize=300%2C225&amp;ssl=1 300w, https:\/\/i0.wp.com\/patrimoine-avesnois.fr\/fontaines\/wp-content\/uploads\/2021\/07\/Fontaine-Rue-Basse-a-Bousignies-sur-Roc.webp?resize=768%2C575&amp;ssl=1 768w\" sizes=\"(max-width: 839px) 85vw, 839px\" \/><figcaption>Fontaine Rue Basse \u00e0 Bousignies-sur-Roc Photo mapio<\/figcaption><\/figure><\/div>\n\n\n\n<div class=\"wp-block-image\"><figure class=\"aligncenter\"><img decoding=\"async\" src=\"https:\/\/i2.wp.com\/patrimoine-avesnois.fr\/chemin\/wp-content\/uploads\/2021\/06\/8.Bousignies-Pompe-pr\u00e8s-d-e-la-Hante.jpg?fit=840%2C468\" alt=\"\" class=\"wp-image-13551\"\/><figcaption>Fontaine Rue Basse \u00e0 Bousignies-sur-Roc<\/figcaption><\/figure><\/div>\n\n\n\n<div class=\"wp-block-image\"><figure class=\"aligncenter\"><img decoding=\"async\" src=\"https:\/\/i2.wp.com\/patrimoine-avesnois.fr\/chemin\/wp-content\/uploads\/2021\/06\/9.Panneau-pr\u00e8s-de-la-pompe-le-long-de-la-Hantes-\u00e0-Bousignies.jpg?resize=630%2C594\" alt=\"\" class=\"wp-image-13552\"\/><\/figure><\/div>\n\n\n\n<p class=\"has-text-align-center\">***<\/p>\n\n\n\n<div class=\"wp-block-image\"><figure class=\"aligncenter\"><img decoding=\"async\" src=\"https:\/\/i1.wp.com\/patrimoine-avesnois.fr\/chemin\/wp-content\/uploads\/2021\/06\/10.Bousignies-peut-\u00eatre-un-autre-lavoir-le-long-de-la-Hantes-1.jpg?fit=840%2C630\" alt=\"\" class=\"wp-image-13555\"\/><figcaption>Anciens Bassins \u00e0 Bousignies-sur-Roc<\/figcaption><\/figure><\/div>\n\n\n\n<p class=\"has-text-align-center\">***<\/p>\n\n\n\n<div class=\"wp-block-image\"><figure class=\"aligncenter size-full\"><img data-recalc-dims=\"1\" loading=\"lazy\" decoding=\"async\" width=\"693\" height=\"668\" src=\"https:\/\/i0.wp.com\/patrimoine-avesnois.fr\/fontaines\/wp-content\/uploads\/2021\/07\/Source-petrifiante-BOUSIGNIES-SUR-ROC.webp?resize=693%2C668&#038;ssl=1\" alt=\"\" class=\"wp-image-691\" srcset=\"https:\/\/i0.wp.com\/patrimoine-avesnois.fr\/fontaines\/wp-content\/uploads\/2021\/07\/Source-petrifiante-BOUSIGNIES-SUR-ROC.webp?w=693&amp;ssl=1 693w, https:\/\/i0.wp.com\/patrimoine-avesnois.fr\/fontaines\/wp-content\/uploads\/2021\/07\/Source-petrifiante-BOUSIGNIES-SUR-ROC.webp?resize=300%2C289&amp;ssl=1 300w\" sizes=\"auto, (max-width: 693px) 85vw, 693px\" \/><figcaption><em>La \u00ab&nbsp;source p\u00e9trifiante&nbsp;\u00bb<\/em><\/figcaption><\/figure><\/div>\n\n\n\n<p>La commune a la particularit\u00e9 de poss\u00e9der, sur son territoire, une \u00ab\u00a0source p\u00e9trifiante\u00a0\u00bb\u00a0; en fait, une source naturellement satur\u00e9e en carbonate de chaux du m\u00eame type que celle de Saint-Alyre, pr\u00e8s de Clermont-Ferrand. Elle se trouve au sommet d\u2019une colline bois\u00e9e, nomm\u00e9e Bois de Squinchaux. Elle se jette dans la Hante, \u00e0 quelques centaines de m\u00e8tres de sa naissance.<\/p>\n","protected":false},"excerpt":{"rendered":"<p>Le cadastre de Bousignies-sur-Roc en 1902 indique plusieurs fontaines : celles du Pont Neuf et du Pont de Roue S\u00e8che. Au Pont Neuf il y a une fontaine et un lavoir encore visible de nos jours. Il a \u00e9t\u00e9 restaur\u00e9 en 1980 par la Municipalit\u00e9. *** Cette carte postale date de 1910. La photographie a &hellip; <a href=\"https:\/\/patrimoine-avesnois.fr\/fontaines\/bousignies-sur-roc-fontaines-et-source-petrifiante\/\" class=\"more-link\">Continuer la lecture<span class=\"screen-reader-text\"> de &laquo;&nbsp;Bousignies-sur-Roc : lavoir, fontaine et source \u00ab\u00a0p\u00e9trifiante\u00a0\u00bb&nbsp;&raquo;<\/span><\/a><\/p>\n","protected":false},"author":2,"featured_media":0,"parent":0,"menu_order":0,"comment_status":"closed","ping_status":"closed","template":"","meta":{"footnotes":""},"class_list":["post-102","page","type-page","status-publish","hentry"],"jetpack_sharing_enabled":true,"_links":{"self":[{"href":"https:\/\/patrimoine-avesnois.fr\/fontaines\/wp-json\/wp\/v2\/pages\/102","targetHints":{"allow":["GET"]}}],"collection":[{"href":"https:\/\/patrimoine-avesnois.fr\/fontaines\/wp-json\/wp\/v2\/pages"}],"about":[{"href":"https:\/\/patrimoine-avesnois.fr\/fontaines\/wp-json\/wp\/v2\/types\/page"}],"author":[{"embeddable":true,"href":"https:\/\/patrimoine-avesnois.fr\/fontaines\/wp-json\/wp\/v2\/users\/2"}],"replies":[{"embeddable":true,"href":"https:\/\/patrimoine-avesnois.fr\/fontaines\/wp-json\/wp\/v2\/comments?post=102"}],"version-history":[{"count":6,"href":"https:\/\/patrimoine-avesnois.fr\/fontaines\/wp-json\/wp\/v2\/pages\/102\/revisions"}],"predecessor-version":[{"id":695,"href":"https:\/\/patrimoine-avesnois.fr\/fontaines\/wp-json\/wp\/v2\/pages\/102\/revisions\/695"}],"wp:attachment":[{"href":"https:\/\/patrimoine-avesnois.fr\/fontaines\/wp-json\/wp\/v2\/media?parent=102"}],"curies":[{"name":"wp","href":"https:\/\/api.w.org\/{rel}","templated":true}]}}