{"id":106,"date":"2021-07-01T18:55:59","date_gmt":"2021-07-01T16:55:59","guid":{"rendered":"https:\/\/patrimoine-avesnois.fr\/fontaines\/?page_id=106"},"modified":"2021-09-13T11:20:15","modified_gmt":"2021-09-13T09:20:15","slug":"boussieres-sur-sambre","status":"publish","type":"page","link":"https:\/\/patrimoine-avesnois.fr\/fontaines\/boussieres-sur-sambre\/","title":{"rendered":"Boussi\u00e8res-sur-Sambre"},"content":{"rendered":"\n<div class=\"wp-block-image\"><figure class=\"aligncenter size-large is-resized\"><img data-recalc-dims=\"1\" loading=\"lazy\" decoding=\"async\" src=\"https:\/\/i0.wp.com\/patrimoine-avesnois.fr\/fontaines\/wp-content\/uploads\/2021\/07\/Fontaine-Boussieres-sur-sambre.jpg?resize=768%2C540&#038;ssl=1\" alt=\"\" class=\"wp-image-1162\" width=\"768\" height=\"540\" srcset=\"https:\/\/i0.wp.com\/patrimoine-avesnois.fr\/fontaines\/wp-content\/uploads\/2021\/07\/Fontaine-Boussieres-sur-sambre.jpg?resize=1024%2C720&amp;ssl=1 1024w, https:\/\/i0.wp.com\/patrimoine-avesnois.fr\/fontaines\/wp-content\/uploads\/2021\/07\/Fontaine-Boussieres-sur-sambre.jpg?resize=300%2C211&amp;ssl=1 300w, https:\/\/i0.wp.com\/patrimoine-avesnois.fr\/fontaines\/wp-content\/uploads\/2021\/07\/Fontaine-Boussieres-sur-sambre.jpg?resize=768%2C540&amp;ssl=1 768w, https:\/\/i0.wp.com\/patrimoine-avesnois.fr\/fontaines\/wp-content\/uploads\/2021\/07\/Fontaine-Boussieres-sur-sambre.jpg?resize=1200%2C844&amp;ssl=1 1200w, https:\/\/i0.wp.com\/patrimoine-avesnois.fr\/fontaines\/wp-content\/uploads\/2021\/07\/Fontaine-Boussieres-sur-sambre.jpg?w=1273&amp;ssl=1 1273w\" sizes=\"auto, (max-width: 768px) 85vw, 768px\" \/><figcaption>Fontaine pr\u00e8s de la Salle des f\u00eates de  Boussieres-sur-Sambre. <a href=\"https:\/\/s-pass.org\/fr\/portail\/388\/observatoire\/index.html?tags[]=PLACE%20PUBLIQUE\" data-type=\"URL\" data-id=\"https:\/\/s-pass.org\/fr\/portail\/388\/observatoire\/index.html?tags[]=PLACE%20PUBLIQUE\" target=\"_blank\" rel=\"noreferrer noopener\">\u00a9Christophe ROUVRES, CAUE du Nord<\/a><\/figcaption><\/figure><\/div>\n\n\n\n<p class=\"has-text-align-center\">***<\/p>\n\n\n\n<div class=\"wp-block-image\"><figure class=\"aligncenter size-large is-resized\"><img data-recalc-dims=\"1\" loading=\"lazy\" decoding=\"async\" src=\"https:\/\/i0.wp.com\/patrimoine-avesnois.fr\/fontaines\/wp-content\/uploads\/2021\/09\/Boussiere-sur-Sambre-Fontaine-au-borde-de-la-Sambre-1.jpg?resize=412%2C550&#038;ssl=1\" alt=\"\" class=\"wp-image-1373\" width=\"412\" height=\"550\" srcset=\"https:\/\/i0.wp.com\/patrimoine-avesnois.fr\/fontaines\/wp-content\/uploads\/2021\/09\/Boussiere-sur-Sambre-Fontaine-au-borde-de-la-Sambre-1.jpg?resize=767%2C1024&amp;ssl=1 767w, https:\/\/i0.wp.com\/patrimoine-avesnois.fr\/fontaines\/wp-content\/uploads\/2021\/09\/Boussiere-sur-Sambre-Fontaine-au-borde-de-la-Sambre-1.jpg?resize=225%2C300&amp;ssl=1 225w, https:\/\/i0.wp.com\/patrimoine-avesnois.fr\/fontaines\/wp-content\/uploads\/2021\/09\/Boussiere-sur-Sambre-Fontaine-au-borde-de-la-Sambre-1.jpg?resize=768%2C1025&amp;ssl=1 768w, https:\/\/i0.wp.com\/patrimoine-avesnois.fr\/fontaines\/wp-content\/uploads\/2021\/09\/Boussiere-sur-Sambre-Fontaine-au-borde-de-la-Sambre-1.jpg?w=996&amp;ssl=1 996w\" sizes=\"auto, (max-width: 412px) 85vw, 412px\" \/><figcaption>Fontaine \u00e0 Boussi\u00e8res-sur-Sambre (pr\u00e8s de la Sambre)<\/figcaption><\/figure><\/div>\n","protected":false},"excerpt":{"rendered":"<p>***<\/p>\n","protected":false},"author":2,"featured_media":0,"parent":0,"menu_order":0,"comment_status":"closed","ping_status":"closed","template":"","meta":{"footnotes":""},"class_list":["post-106","page","type-page","status-publish","hentry"],"jetpack_sharing_enabled":true,"_links":{"self":[{"href":"https:\/\/patrimoine-avesnois.fr\/fontaines\/wp-json\/wp\/v2\/pages\/106","targetHints":{"allow":["GET"]}}],"collection":[{"href":"https:\/\/patrimoine-avesnois.fr\/fontaines\/wp-json\/wp\/v2\/pages"}],"about":[{"href":"https:\/\/patrimoine-avesnois.fr\/fontaines\/wp-json\/wp\/v2\/types\/page"}],"author":[{"embeddable":true,"href":"https:\/\/patrimoine-avesnois.fr\/fontaines\/wp-json\/wp\/v2\/users\/2"}],"replies":[{"embeddable":true,"href":"https:\/\/patrimoine-avesnois.fr\/fontaines\/wp-json\/wp\/v2\/comments?post=106"}],"version-history":[{"count":4,"href":"https:\/\/patrimoine-avesnois.fr\/fontaines\/wp-json\/wp\/v2\/pages\/106\/revisions"}],"predecessor-version":[{"id":1374,"href":"https:\/\/patrimoine-avesnois.fr\/fontaines\/wp-json\/wp\/v2\/pages\/106\/revisions\/1374"}],"wp:attachment":[{"href":"https:\/\/patrimoine-avesnois.fr\/fontaines\/wp-json\/wp\/v2\/media?parent=106"}],"curies":[{"name":"wp","href":"https:\/\/api.w.org\/{rel}","templated":true}]}}