{"id":1119,"date":"2021-07-28T19:54:35","date_gmt":"2021-07-28T17:54:35","guid":{"rendered":"https:\/\/patrimoine-avesnois.fr\/fontaines\/?page_id=1119"},"modified":"2022-01-26T14:26:25","modified_gmt":"2022-01-26T13:26:25","slug":"marpent-le-puits-de-la-place","status":"publish","type":"page","link":"https:\/\/patrimoine-avesnois.fr\/fontaines\/marpent-le-puits-de-la-place\/","title":{"rendered":"Marpent : le Puits de la Place"},"content":{"rendered":"\n<div class=\"wp-block-image\"><figure class=\"aligncenter size-full is-resized\"><img data-recalc-dims=\"1\" loading=\"lazy\" decoding=\"async\" src=\"https:\/\/i0.wp.com\/patrimoine-avesnois.fr\/fontaines\/wp-content\/uploads\/2022\/01\/Capture-15.jpg?resize=695%2C498&#038;ssl=1\" alt=\"\" class=\"wp-image-1733\" width=\"695\" height=\"498\" srcset=\"https:\/\/i0.wp.com\/patrimoine-avesnois.fr\/fontaines\/wp-content\/uploads\/2022\/01\/Capture-15.jpg?w=535&amp;ssl=1 535w, https:\/\/i0.wp.com\/patrimoine-avesnois.fr\/fontaines\/wp-content\/uploads\/2022\/01\/Capture-15.jpg?resize=300%2C215&amp;ssl=1 300w\" sizes=\"auto, (max-width: 695px) 85vw, 695px\" \/><figcaption>Fontaines de la Place du Puits Marpent Cadastre Marpent 1845 ADN P 31 \/ 742 <a rel=\"noreferrer noopener\" href=\"https:\/\/archivesdepartementales.lenord.fr\/ark:\/33518\/l3wq80pnm9cg\/12aee13a-3e8e-457c-b6ed-ba216ece836c\" data-type=\"URL\" data-id=\"https:\/\/archivesdepartementales.lenord.fr\/ark:\/33518\/l3wq80pnm9cg\/12aee13a-3e8e-457c-b6ed-ba216ece836c\" target=\"_blank\">Vue 5\/6<\/a><\/figcaption><\/figure><\/div>\n\n\n\n<figure class=\"wp-block-image size-large is-resized\"><img data-recalc-dims=\"1\" loading=\"lazy\" decoding=\"async\" src=\"https:\/\/i0.wp.com\/patrimoine-avesnois.fr\/fontaines\/wp-content\/uploads\/2021\/07\/Place-du-Puits-Marpent.jpg?resize=768%2C495&#038;ssl=1\" alt=\"\" class=\"wp-image-1121\" width=\"768\" height=\"495\" srcset=\"https:\/\/i0.wp.com\/patrimoine-avesnois.fr\/fontaines\/wp-content\/uploads\/2021\/07\/Place-du-Puits-Marpent.jpg?resize=1024%2C660&amp;ssl=1 1024w, https:\/\/i0.wp.com\/patrimoine-avesnois.fr\/fontaines\/wp-content\/uploads\/2021\/07\/Place-du-Puits-Marpent.jpg?resize=300%2C193&amp;ssl=1 300w, https:\/\/i0.wp.com\/patrimoine-avesnois.fr\/fontaines\/wp-content\/uploads\/2021\/07\/Place-du-Puits-Marpent.jpg?resize=768%2C495&amp;ssl=1 768w, https:\/\/i0.wp.com\/patrimoine-avesnois.fr\/fontaines\/wp-content\/uploads\/2021\/07\/Place-du-Puits-Marpent.jpg?resize=1536%2C990&amp;ssl=1 1536w, https:\/\/i0.wp.com\/patrimoine-avesnois.fr\/fontaines\/wp-content\/uploads\/2021\/07\/Place-du-Puits-Marpent.jpg?resize=1200%2C774&amp;ssl=1 1200w, https:\/\/i0.wp.com\/patrimoine-avesnois.fr\/fontaines\/wp-content\/uploads\/2021\/07\/Place-du-Puits-Marpent.jpg?w=1585&amp;ssl=1 1585w\" sizes=\"auto, (max-width: 768px) 85vw, 768px\" \/><figcaption>Place du Puits Marpent<\/figcaption><\/figure>\n\n\n\n<p>Sur cette carte postale du d\u00e9but du XX e si\u00e8cle repr\u00e9sentant la Place de Marpent figure sur la droite la fontaine et sa pompe \u00e0 eau \u00e0 bras. Par rapport au cadastre de 1845, la fontaine a \u00e9t\u00e9 d\u00e9plac\u00e9e de quelques m\u00e8tres \u00e9tant donn\u00e9 l&rsquo;\u00e9rection au carrefour de nouvelles constructions.<\/p>\n\n\n\n<div class=\"wp-block-image\"><figure class=\"aligncenter size-full is-resized\"><img data-recalc-dims=\"1\" loading=\"lazy\" decoding=\"async\" src=\"https:\/\/i0.wp.com\/patrimoine-avesnois.fr\/fontaines\/wp-content\/uploads\/2022\/01\/Capture-13.jpg?resize=768%2C576&#038;ssl=1\" alt=\"\" class=\"wp-image-1726\" width=\"768\" height=\"576\" srcset=\"https:\/\/i0.wp.com\/patrimoine-avesnois.fr\/fontaines\/wp-content\/uploads\/2022\/01\/Capture-13.jpg?w=744&amp;ssl=1 744w, https:\/\/i0.wp.com\/patrimoine-avesnois.fr\/fontaines\/wp-content\/uploads\/2022\/01\/Capture-13.jpg?resize=300%2C225&amp;ssl=1 300w\" sizes=\"auto, (max-width: 768px) 85vw, 768px\" \/><figcaption>La place est devenue un carrefour : Rue de la R\u00e9publique X Rue R Salengro Photo <a href=\"https:\/\/www.google.fr\/maps\/place\/Rue+de+la+R%C3%A9publique,+Marpent\/@50.2918312,4.0806884,3a,75y,51.68h,86.03t\/data=!3m6!1e1!3m4!1sFGGXl4emcguxBAJm70ORQA!2e0!7i16384!8i8192!4m5!3m4!1s0x47c240342071cdf5:0x177e5714b512f06e!8m2!3d50.2933003!4d4.0836792\" data-type=\"URL\" data-id=\"https:\/\/www.google.fr\/maps\/place\/Rue+de+la+R%C3%A9publique,+Marpent\/@50.2918312,4.0806884,3a,75y,51.68h,86.03t\/data=!3m6!1e1!3m4!1sFGGXl4emcguxBAJm70ORQA!2e0!7i16384!8i8192!4m5!3m4!1s0x47c240342071cdf5:0x177e5714b512f06e!8m2!3d50.2933003!4d4.0836792\" target=\"_blank\" rel=\"noreferrer noopener\">Google 2020<\/a><\/figcaption><\/figure><\/div>\n","protected":false},"excerpt":{"rendered":"<p>Sur cette carte postale du d\u00e9but du XX e si\u00e8cle repr\u00e9sentant la Place de Marpent figure sur la droite la fontaine et sa pompe \u00e0 eau \u00e0 bras. Par rapport au cadastre de 1845, la fontaine a \u00e9t\u00e9 d\u00e9plac\u00e9e de quelques m\u00e8tres \u00e9tant donn\u00e9 l&rsquo;\u00e9rection au carrefour de nouvelles constructions.<\/p>\n","protected":false},"author":2,"featured_media":0,"parent":0,"menu_order":0,"comment_status":"closed","ping_status":"closed","template":"","meta":{"footnotes":""},"class_list":["post-1119","page","type-page","status-publish","hentry"],"jetpack_sharing_enabled":true,"_links":{"self":[{"href":"https:\/\/patrimoine-avesnois.fr\/fontaines\/wp-json\/wp\/v2\/pages\/1119","targetHints":{"allow":["GET"]}}],"collection":[{"href":"https:\/\/patrimoine-avesnois.fr\/fontaines\/wp-json\/wp\/v2\/pages"}],"about":[{"href":"https:\/\/patrimoine-avesnois.fr\/fontaines\/wp-json\/wp\/v2\/types\/page"}],"author":[{"embeddable":true,"href":"https:\/\/patrimoine-avesnois.fr\/fontaines\/wp-json\/wp\/v2\/users\/2"}],"replies":[{"embeddable":true,"href":"https:\/\/patrimoine-avesnois.fr\/fontaines\/wp-json\/wp\/v2\/comments?post=1119"}],"version-history":[{"count":7,"href":"https:\/\/patrimoine-avesnois.fr\/fontaines\/wp-json\/wp\/v2\/pages\/1119\/revisions"}],"predecessor-version":[{"id":1736,"href":"https:\/\/patrimoine-avesnois.fr\/fontaines\/wp-json\/wp\/v2\/pages\/1119\/revisions\/1736"}],"wp:attachment":[{"href":"https:\/\/patrimoine-avesnois.fr\/fontaines\/wp-json\/wp\/v2\/media?parent=1119"}],"curies":[{"name":"wp","href":"https:\/\/api.w.org\/{rel}","templated":true}]}}