{"id":13,"date":"2021-07-01T11:32:40","date_gmt":"2021-07-01T09:32:40","guid":{"rendered":"https:\/\/patrimoine-avesnois.fr\/fontaines\/?page_id=13"},"modified":"2021-11-05T11:03:30","modified_gmt":"2021-11-05T10:03:30","slug":"fontaines-lavoirs-abreuvoirs-dhier-et-daujourdhui-en-avesnois","status":"publish","type":"page","link":"https:\/\/patrimoine-avesnois.fr\/fontaines\/","title":{"rendered":"Fontaines Lavoirs Abreuvoirs d&rsquo;Hier et d&rsquo;Aujourd\u2019hui en Avesnois"},"content":{"rendered":"\n<p><em>Fontaine<\/em> tire son nom du latin <em>fontanum<\/em> ou <em>fontana<\/em> dans sa forme f\u00e9minine qui signifie l&rsquo;ensemble des sources. Celui-ci est form\u00e9 sur le mot <em>fons\/fontis<\/em> qu&rsquo;il faut prendre dans son sens original de <em>source<\/em>. Le sens de <em>fontaine<\/em> sera beaucoup plus tardif.<\/p>\n\n\n\n<p>La pr\u00e9sence de l\u2019eau et de ces multiples sources favoris\u00e8rent la fixation de nombreux villages dans notre r\u00e9gion. Au fil du temps, pour faciliter l\u2019acc\u00e8s \u00e0 ce bien vital on \u00e9difia des petites constructions ma\u00e7onn\u00e9es autour du point d\u2019\u00e9mergence des eaux formant de petits r\u00e9servoirs ou bien encore on installa des pompes \u00e0 bras dont certaines furent habill\u00e9es acc\u00e9dant ainsi \u00e0 une dimension ornementale.<\/p>\n\n\n\n<p>Ces fontaines publiques \u00e9taient avec les cours d\u2019eau et les puits les seuls lieux d\u2019alimentation en eau potable. Elles \u00e9taient donc sur les places communales ou aux abords des cours d\u2019eau. Elles pouvaient \u00eatre associ\u00e9es \u00e0 un lavoir ou bien encore \u00e0 un abreuvoir. Elles se rencontraient ainsi dans presque chaque village.<\/p>\n\n\n\n<p>Elles constituaient alors un lieu majeur de la sociabilit\u00e9 villageoise, un lieu d\u2019\u00e9changes, de discussions et parfois aussi de conflits car elles pouvaient manquer d\u2019eau.<\/p>\n\n\n\n<p>De nos jours si les fontaines ont perdu leur usage domestique elles n\u2019en restent pas moins des \u00e9l\u00e9ments appr\u00e9ci\u00e9s de notre architecture communale. D\u2019hier \u00e0 aujourd\u2019hui, des fontaines disparues aux nouvelles fontaines, notre inventaire a pour but de r\u00e9pertorier les ouvrages actuels mais aussi dans une moindre mesure, faute de documents, de citer les tr\u00e8s nombreux \u00e9difices disparus avec l\u2019arriv\u00e9e de l\u2019eau courante dans chaque habitation.<\/p>\n","protected":false},"excerpt":{"rendered":"<p>Fontaine tire son nom du latin fontanum ou fontana dans sa forme f\u00e9minine qui signifie l&rsquo;ensemble des sources. Celui-ci est form\u00e9 sur le mot fons\/fontis qu&rsquo;il faut prendre dans son sens original de source. Le sens de fontaine sera beaucoup plus tardif. La pr\u00e9sence de l\u2019eau et de ces multiples sources favoris\u00e8rent la fixation de &hellip; <a href=\"https:\/\/patrimoine-avesnois.fr\/fontaines\/\" class=\"more-link\">Continuer la lecture<span class=\"screen-reader-text\"> de &laquo;&nbsp;Fontaines Lavoirs Abreuvoirs d&rsquo;Hier et d&rsquo;Aujourd\u2019hui en Avesnois&nbsp;&raquo;<\/span><\/a><\/p>\n","protected":false},"author":2,"featured_media":0,"parent":0,"menu_order":0,"comment_status":"closed","ping_status":"closed","template":"","meta":{"footnotes":""},"class_list":["post-13","page","type-page","status-publish","hentry"],"jetpack_sharing_enabled":true,"_links":{"self":[{"href":"https:\/\/patrimoine-avesnois.fr\/fontaines\/wp-json\/wp\/v2\/pages\/13","targetHints":{"allow":["GET"]}}],"collection":[{"href":"https:\/\/patrimoine-avesnois.fr\/fontaines\/wp-json\/wp\/v2\/pages"}],"about":[{"href":"https:\/\/patrimoine-avesnois.fr\/fontaines\/wp-json\/wp\/v2\/types\/page"}],"author":[{"embeddable":true,"href":"https:\/\/patrimoine-avesnois.fr\/fontaines\/wp-json\/wp\/v2\/users\/2"}],"replies":[{"embeddable":true,"href":"https:\/\/patrimoine-avesnois.fr\/fontaines\/wp-json\/wp\/v2\/comments?post=13"}],"version-history":[{"count":3,"href":"https:\/\/patrimoine-avesnois.fr\/fontaines\/wp-json\/wp\/v2\/pages\/13\/revisions"}],"predecessor-version":[{"id":1444,"href":"https:\/\/patrimoine-avesnois.fr\/fontaines\/wp-json\/wp\/v2\/pages\/13\/revisions\/1444"}],"wp:attachment":[{"href":"https:\/\/patrimoine-avesnois.fr\/fontaines\/wp-json\/wp\/v2\/media?parent=13"}],"curies":[{"name":"wp","href":"https:\/\/api.w.org\/{rel}","templated":true}]}}