{"id":1408,"date":"2021-10-05T18:32:19","date_gmt":"2021-10-05T16:32:19","guid":{"rendered":"https:\/\/patrimoine-avesnois.fr\/fontaines\/?page_id=1408"},"modified":"2023-05-15T18:41:59","modified_gmt":"2023-05-15T16:41:59","slug":"rainsars-la-fontaine-dun-temps-immemorial-et-labreuvoir-public-de-1857","status":"publish","type":"page","link":"https:\/\/patrimoine-avesnois.fr\/fontaines\/rainsars-la-fontaine-dun-temps-immemorial-et-labreuvoir-public-de-1857\/","title":{"rendered":"Rainsars : La Fontaine d&rsquo;un temps imm\u00e9morial et l\u2019abreuvoir public de 1857"},"content":{"rendered":"\n<p>La Fontaine et l\u2019abreuvoir public : (Journal de Fourmies 24\/05\/1896)<\/p>\n\n\n\n<p>Une f\u00eate exceptionnelle a eu lieu \u00e0 Rainsars ce dimanche 17 mai, \u00e0 l&rsquo;occasion de l&rsquo;heureux r\u00e9sultat obtenu par la commune dans le proc\u00e8s \u00e0 elle intent\u00e9 par le sieur Bailly E., concernant la fontaine et l&rsquo;abreuvoir publics qu&rsquo;il pr\u00e9tendait accaparer. Une d\u00e9l\u00e9gation de la musique de Sains vint pr\u00eater son concours pour le bapt\u00eame des dits abreuvoir et fontaine.<\/p>\n\n\n\n<p>Il reste \u00e0 croire que messire Bailly a eu certainement beaucoup de peine \u00e0 dig\u00e9rer la carte \u00e0 payer ses folies.<\/p>\n\n\n\n<p>La nuit pr\u00e9c\u00e9dant ce bapt\u00eame, certain personnage avait fait placarder un petit poulet fielleux qui frise l&rsquo;insulte, la menace et la diffamation ; en outre, faisant allusion \u00e0 des personnalit\u00e9s mortes depuis longtemps, et cela sans avoir os\u00e9 mettre sa signature.<\/p>\n\n\n\n<p>Ceci donne la mesure de son courage. Le soir un petit banquet r\u00e9unissait les membres du conseil municipal et un bon nombre d&rsquo;\u00e9lecteurs. Au d\u00e9ssert, M. D\u00e9tr\u00e9e, maire, y pronon\u00e7a le discours suivant :<\/p>\n\n\n\n<p><em>Messieurs,<\/em><\/p>\n\n\n\n<p><em>Je ne saurais laisser terminer cette soir\u00e9e sans vous dire combien je suis heureux de pr\u00e9sider cette petite r\u00e9union, inutile de vous r\u00e9p\u00e9ter le motif qui nous a pouss\u00e9s \u00e0 organiser cette petite f\u00eate d&rsquo;aujourd&rsquo;hui, qui se termine par ce banquet auquel un assez grand nombre ont bien voulu souscrire. Je les en remercie sinc\u00e8rement.<\/em><\/p>\n\n\n\n<p><em>Soucieux du devoir qui m&rsquo;a \u00e9t\u00e9 impos\u00e9 en acceptant le mandat de conseiller municipal et les d\u00e9licates fonctions de maire, je crois pouvoir dire que je n&rsquo;y ai pas failli. J&rsquo;ai fait droit A tous j&rsquo;ai soutenu les int\u00e9r\u00eats de chacun dans la m\u00eame proportion et principalement ceux de la commune. Vous en avez la preuve, Messieurs, dans ce qui a \u00e9t\u00e9 fait au sujet de notre fontaine et de notre abreuvoir publics qui avaient \u00e9t\u00e9 construits par nos anc\u00eatres avec les deniers de la commune, au profit de tous les habitants. La fontaine existait depuis un temps imm\u00e9morial sur le terrain communal, l&rsquo;abreuvoir fut construit en 1857, en partie sur le terrain communal et en partie sur le petit bout de terrain \u00e9chang\u00e9 \u00e0 l&rsquo;amiable.<\/em><\/p>\n\n\n\n<p><em>Tout cela se passait tr\u00e8s bien ; tout le monde \u00e9tait content de se servir de l\u2019eau pour abreuver ses bestiaux en temps de s\u00e9cheresse. Rappeliez- vous les ann\u00e9es 1892 et l893, quels services ce r\u00e9servoir nous a rendus.<\/em><\/p>\n\n\n\n<p><em>Eh bien ! au moment o\u00f9 l&rsquo;on se croyait tranquille, o\u00f9 le conseil municipal, se trouvant fort de son union, dirigeait les nuances de la commune le mieux possible, cherchant \u00e0 faire le bien- \u00eatre de tout le monde, il r\u00e9ussissait \u00e0 mener \u00e0 bonne fin les travaux suivants :<\/em><\/p>\n\n\n\n<p><em>1 Remplacement de l&rsquo;institutrice par un instituteur ; \u201e<\/em><\/p>\n\n\n\n<p><em>2 Prolongement et empierrement d environ 1300 m\u00e8tres de chemins ruraux et servitudes ;<\/em><\/p>\n\n\n\n<p><em>3 Entr\u00e9e de 550 m\u00e8tres de chemins ruraux dans le service vicinal (dit chemins des combes et de Noire terre).<\/em><\/p>\n\n\n\n<p><em>4 Entourage de la place publique ;<\/em><\/p>\n\n\n\n<p><em>5 Arrangement de la cour de la mairie, citerne et pompe pour am\u00e9nagement de l&rsquo;instituteur ;<\/em><\/p>\n\n\n\n<p><em>6 Meilleur entretien de nos routes, etc.<\/em><\/p>\n\n\n\n<p><em>Et cela sans augmentation de centimes additionnels&#8230;<\/em><\/p>\n\n\n\n<p><em>En quatre ann\u00e9es, au moment dis je, Messieurs, o\u00f9 l&rsquo;esprit d&rsquo;apaisement et de tranquillit\u00e9 commen\u00e7ait \u00e0 r\u00e9gner dans notre commune, une personne que vous connaissez tous, a eu la malheureuse id\u00e9e de r\u00e9clamer la fontaine et l&rsquo;abreuvoir comme lui appartenant. Elle a voulu nous emp\u00eacher d&rsquo;y acc\u00e9der. Qui aurait jamais pu croire que quelqu&rsquo;un aurait os\u00e9 faire une r\u00e9clamation aussi saugrenue&nbsp;! Et cependant elle a \u00e9t\u00e9 faite.<\/em><\/p>\n\n\n\n<p><em>Mais aussit\u00f4t, Messieurs, votre maire r\u00e9unissait son conseil municipal en s\u00e9ance extraordinaire. Le conseil, \u00e0 l&rsquo;unanimit\u00e9, d\u00e9cida de poursuivre par les voies de droit et par les tribunaux comp\u00e9tents, ce perturbateur.<\/em><\/p>\n\n\n\n<p><em>Pas d&rsquo;h\u00e9sitation&nbsp;! La bataille fut aussit\u00f4t engag\u00e9e. Le maire a, comme un g\u00e9n\u00e9ral commandant un corps d&rsquo;arm\u00e9e en cas de mobilisation, mont\u00e9 sur son cheval de bataille, accompagn\u00e9 de ses aides de camp, pris la d\u00e9cision de d\u00e9ployer toutes ses forces pour r\u00e9pondre \u00e0 un ennemi redoutable, puisqu&rsquo;il est retors en cette mati\u00e8re.<\/em><\/p>\n\n\n\n<p><em>Nous \u00e9tant mis sur la d\u00e9fensive et nos positions \u00e9tant bien choisies, nous \u00e9tions redoutables aussi. Nous \u00e9tions \u00e0 m\u00eame de riposter. Notre adversaire ne croyait pas que nous aurions r\u00e9sist\u00e9 jusqu&rsquo;au bout, sans doute. Il ne savait pas que nous avions, derri\u00e8re nous, une arm\u00e9e de r\u00e9serve aussi redoutable que la premi\u00e8re.<\/em><\/p>\n\n\n\n<p><em>Cette deuxi\u00e8me arm\u00e9e, Messieurs, \u00e9tait compos\u00e9e de vieux grenadiers, \u00e0 la moustache grise, \u00e0 la d\u00e9marche branlante, mais \u00e0 l&rsquo;\u0153il vif et ne reculant devant aucun danger. C \u00e9taient les vieillards de notre commune que l&rsquo;on voyait arriver \u00e0 la mairie, la t\u00e8te baute, montant les escaliers p\u00e9niblement, mais courageusement, tiers de leur mission. Ils venaient faire une d\u00e9position libre, nette, sinc\u00e8re, \u00e9crasante. Ils donnaient ainsi le coup d\u00e9cisif qui a \u00e9t\u00e9 terrible pour l\u2019adversaire, puisqu&rsquo;il a battu en retraite.<\/em><\/p>\n\n\n\n<p><em>Eli bien ! Messieurs, c&rsquo;est \u00e0 nous, jeunes encore, de profiter de la le\u00e7on que nous ont donn\u00e9e ces vieillards. C&rsquo;est l&rsquo;exemple de la justice, du droit, du devoir auxquels tout bon citoyen fran\u00e7ais ne doit jamais faillir.<\/em><\/p>\n\n\n\n<p><em>Je vous engage, Messieurs, \u00e0 lever vos verres \u00e0 la sant\u00e9 de la justice et \u00e0 celle de nos vieux braves.<\/em><\/p>\n\n\n\n<p><em>Vive Rainsars&nbsp;! Vive la France&nbsp;! Vive la R\u00e9publique&nbsp;! DETR\u00c8E Ernest.<\/em><\/p>\n\n\n\n<p>***<\/p>\n\n\n\n<p>Le dossier relatif \u00e0 l&rsquo;action en justice intent\u00e9e \u00e0 la commune par le sieur Bailly, pour revendiquer la propri\u00e9t\u00e9 de l&rsquo;abreuvoir et de la fontaine situ\u00e9s dans sa p\u00e2ture se trouve aux Archives D\u00e9partementales du Nord dans la s\u00e9rie 2 O c\u00f4te 490 liasse 9.<\/p>\n","protected":false},"excerpt":{"rendered":"<p>La Fontaine et l\u2019abreuvoir public : (Journal de Fourmies 24\/05\/1896) Une f\u00eate exceptionnelle a eu lieu \u00e0 Rainsars ce dimanche 17 mai, \u00e0 l&rsquo;occasion de l&rsquo;heureux r\u00e9sultat obtenu par la commune dans le proc\u00e8s \u00e0 elle intent\u00e9 par le sieur Bailly E., concernant la fontaine et l&rsquo;abreuvoir publics qu&rsquo;il pr\u00e9tendait accaparer. Une d\u00e9l\u00e9gation de la &hellip; <a href=\"https:\/\/patrimoine-avesnois.fr\/fontaines\/rainsars-la-fontaine-dun-temps-immemorial-et-labreuvoir-public-de-1857\/\" class=\"more-link\">Continuer la lecture<span class=\"screen-reader-text\"> de &laquo;&nbsp;Rainsars : La Fontaine d&rsquo;un temps imm\u00e9morial et l\u2019abreuvoir public de 1857&nbsp;&raquo;<\/span><\/a><\/p>\n","protected":false},"author":2,"featured_media":0,"parent":0,"menu_order":0,"comment_status":"closed","ping_status":"closed","template":"","meta":{"footnotes":""},"class_list":["post-1408","page","type-page","status-publish","hentry"],"jetpack_sharing_enabled":true,"_links":{"self":[{"href":"https:\/\/patrimoine-avesnois.fr\/fontaines\/wp-json\/wp\/v2\/pages\/1408","targetHints":{"allow":["GET"]}}],"collection":[{"href":"https:\/\/patrimoine-avesnois.fr\/fontaines\/wp-json\/wp\/v2\/pages"}],"about":[{"href":"https:\/\/patrimoine-avesnois.fr\/fontaines\/wp-json\/wp\/v2\/types\/page"}],"author":[{"embeddable":true,"href":"https:\/\/patrimoine-avesnois.fr\/fontaines\/wp-json\/wp\/v2\/users\/2"}],"replies":[{"embeddable":true,"href":"https:\/\/patrimoine-avesnois.fr\/fontaines\/wp-json\/wp\/v2\/comments?post=1408"}],"version-history":[{"count":3,"href":"https:\/\/patrimoine-avesnois.fr\/fontaines\/wp-json\/wp\/v2\/pages\/1408\/revisions"}],"predecessor-version":[{"id":1927,"href":"https:\/\/patrimoine-avesnois.fr\/fontaines\/wp-json\/wp\/v2\/pages\/1408\/revisions\/1927"}],"wp:attachment":[{"href":"https:\/\/patrimoine-avesnois.fr\/fontaines\/wp-json\/wp\/v2\/media?parent=1408"}],"curies":[{"name":"wp","href":"https:\/\/api.w.org\/{rel}","templated":true}]}}