{"id":15,"date":"2021-07-01T11:40:00","date_gmt":"2021-07-01T09:40:00","guid":{"rendered":"https:\/\/patrimoine-avesnois.fr\/fontaines\/?page_id=15"},"modified":"2021-07-28T20:38:42","modified_gmt":"2021-07-28T18:38:42","slug":"aibes-sa-fontaine-st-martin","status":"publish","type":"page","link":"https:\/\/patrimoine-avesnois.fr\/fontaines\/aibes-sa-fontaine-st-martin\/","title":{"rendered":"Aibes : la fontaine St Martin"},"content":{"rendered":"\n<div class=\"wp-block-image\"><figure class=\"aligncenter size-full\"><img data-recalc-dims=\"1\" loading=\"lazy\" decoding=\"async\" width=\"630\" height=\"473\" src=\"https:\/\/i0.wp.com\/patrimoine-avesnois.fr\/fontaines\/wp-content\/uploads\/2021\/07\/La-Fontaine-St-Martin-AIBES-1.webp?resize=630%2C473&#038;ssl=1\" alt=\"\" class=\"wp-image-1125\" srcset=\"https:\/\/i0.wp.com\/patrimoine-avesnois.fr\/fontaines\/wp-content\/uploads\/2021\/07\/La-Fontaine-St-Martin-AIBES-1.webp?w=630&amp;ssl=1 630w, https:\/\/i0.wp.com\/patrimoine-avesnois.fr\/fontaines\/wp-content\/uploads\/2021\/07\/La-Fontaine-St-Martin-AIBES-1.webp?resize=300%2C225&amp;ssl=1 300w\" sizes=\"auto, (max-width: 630px) 85vw, 630px\" \/><figcaption> Cadastre <em>d&rsquo;Aibes 1902 ADN P 31 \/ 646 <\/em><a rel=\"noreferrer noopener\" href=\"https:\/\/archivesdepartementales.lenord.fr\/ark:\/33518\/10twlbchxfz8\/1a33dbe5-17d1-44ef-89cf-978d3a252b34\" target=\"_blank\">Vue 16\/19<\/a> <\/figcaption><\/figure><\/div>\n\n\n\n<div class=\"wp-block-image\"><figure class=\"aligncenter size-full is-resized\"><img data-recalc-dims=\"1\" loading=\"lazy\" decoding=\"async\" src=\"https:\/\/i0.wp.com\/patrimoine-avesnois.fr\/fontaines\/wp-content\/uploads\/2021\/07\/La-Fontaine-St-Martin-AIBES-1.jpg?resize=630%2C472&#038;ssl=1\" alt=\"\" class=\"wp-image-1127\" width=\"630\" height=\"472\" srcset=\"https:\/\/i0.wp.com\/patrimoine-avesnois.fr\/fontaines\/wp-content\/uploads\/2021\/07\/La-Fontaine-St-Martin-AIBES-1.jpg?w=772&amp;ssl=1 772w, https:\/\/i0.wp.com\/patrimoine-avesnois.fr\/fontaines\/wp-content\/uploads\/2021\/07\/La-Fontaine-St-Martin-AIBES-1.jpg?resize=300%2C225&amp;ssl=1 300w, https:\/\/i0.wp.com\/patrimoine-avesnois.fr\/fontaines\/wp-content\/uploads\/2021\/07\/La-Fontaine-St-Martin-AIBES-1.jpg?resize=768%2C576&amp;ssl=1 768w\" sizes=\"auto, (max-width: 630px) 85vw, 630px\" \/><figcaption>Cadastre <em>d&rsquo;Aibes 1902 ADN P 31 \/ 646 <\/em><a rel=\"noreferrer noopener\" href=\"https:\/\/archivesdepartementales.lenord.fr\/ark:\/33518\/10twlbchxfz8\/1a33dbe5-17d1-44ef-89cf-978d3a252b34\" target=\"_blank\">Vue 16\/19<\/a><\/figcaption><\/figure><\/div>\n\n\n\n<div class=\"wp-block-image\"><figure class=\"aligncenter size-full is-resized\"><img data-recalc-dims=\"1\" loading=\"lazy\" decoding=\"async\" src=\"https:\/\/i0.wp.com\/patrimoine-avesnois.fr\/fontaines\/wp-content\/uploads\/2021\/07\/La-Fontaine-St-Martin-AIBES.jpg?resize=630%2C465&#038;ssl=1\" alt=\"\" class=\"wp-image-631\" width=\"630\" height=\"465\" srcset=\"https:\/\/i0.wp.com\/patrimoine-avesnois.fr\/fontaines\/wp-content\/uploads\/2021\/07\/La-Fontaine-St-Martin-AIBES.jpg?w=556&amp;ssl=1 556w, https:\/\/i0.wp.com\/patrimoine-avesnois.fr\/fontaines\/wp-content\/uploads\/2021\/07\/La-Fontaine-St-Martin-AIBES.jpg?resize=300%2C222&amp;ssl=1 300w\" sizes=\"auto, (max-width: 630px) 85vw, 630px\" \/><figcaption> La Fontaine Saint Martin \u00e0 Aibes <a rel=\"noreferrer noopener\" href=\"https:\/\/www.google.fr\/maps\/@50.2360091,4.0927438,3a,90y,232h,84.06t\/data=!3m6!1e1!3m4!1sdk0rNcXmkAnfAnY4yv_9tA!2e0!7i13312!8i6656?hl=fr\" target=\"_blank\">Rue de la Fontaine<\/a> <\/figcaption><\/figure><\/div>\n\n\n\n<div class=\"wp-block-image\"><figure class=\"aligncenter\"><img decoding=\"async\" src=\"https:\/\/i1.wp.com\/patrimoine-avesnois.fr\/chemin\/wp-content\/uploads\/2021\/06\/2.Lavoir-Aibes-3-1.jpg?fit=840%2C630\" alt=\"\" class=\"wp-image-13533\"\/><figcaption>Fontaine Lavoir \u00e0 Aibes<\/figcaption><\/figure><\/div>\n\n\n\n<div class=\"wp-block-image\"><figure class=\"aligncenter\"><img decoding=\"async\" src=\"https:\/\/i0.wp.com\/patrimoine-avesnois.fr\/chemin\/wp-content\/uploads\/2021\/06\/1.Lavoir-Aibes-2.jpg?fit=840%2C404\" alt=\"\" class=\"wp-image-13534\"\/><figcaption>Autre vue du lavoir<\/figcaption><\/figure><\/div>\n\n\n\n<p>La loi du 3 F\u00e9vrier 1851 vote un cr\u00e9dit sp\u00e9cial pour subventionner \u00e0 hauteur de 30 % la construction des lavoirs. Le Lavoir \u00e9tait un lieu \u00e9minemment social dans chaque village : les femmes se retrouvaient pour y faire la lessive et \u00e9changeaient les derni\u00e8res nouvelles du village. Ici \u00e0 Aibes la fontaine porte le nom de Saint Martin qui est le Saint Patron de la Paroisse. La tradition veut que le lavoir donne naissance \u00e0 La Solre. Il n&rsquo;en est rien : la Solre prend sa source au Hameau  \u00ab l&rsquo;\u00c9pine \u00bb sur le territoire de Solre-le-Ch\u00e2teau et ne traverse pas Aibes. La confusion provient du fait qu&rsquo;un petit ruisseau au nom de ruisseau de Solre s&rsquo;\u00e9coulait sur le territoire (Cf <a rel=\"noreferrer noopener\" href=\"https:\/\/archivesdepartementales.lenord.fr\/ark:\/33518\/10twlbchxfz8\/b323a2ab-73a5-4d47-80f9-a8da1eecbfd2\" data-type=\"URL\" data-id=\"https:\/\/archivesdepartementales.lenord.fr\/ark:\/33518\/10twlbchxfz8\/b323a2ab-73a5-4d47-80f9-a8da1eecbfd2\" target=\"_blank\">Cadastre Aibes 1828<\/a>).<\/p>\n","protected":false},"excerpt":{"rendered":"<p>La loi du 3 F\u00e9vrier 1851 vote un cr\u00e9dit sp\u00e9cial pour subventionner \u00e0 hauteur de 30 % la construction des lavoirs. Le Lavoir \u00e9tait un lieu \u00e9minemment social dans chaque village : les femmes se retrouvaient pour y faire la lessive et \u00e9changeaient les derni\u00e8res nouvelles du village. Ici \u00e0 Aibes la fontaine porte le &hellip; <a href=\"https:\/\/patrimoine-avesnois.fr\/fontaines\/aibes-sa-fontaine-st-martin\/\" class=\"more-link\">Continuer la lecture<span class=\"screen-reader-text\"> de &laquo;&nbsp;Aibes : la fontaine St Martin&nbsp;&raquo;<\/span><\/a><\/p>\n","protected":false},"author":2,"featured_media":0,"parent":0,"menu_order":0,"comment_status":"closed","ping_status":"closed","template":"","meta":{"footnotes":""},"class_list":["post-15","page","type-page","status-publish","hentry"],"jetpack_sharing_enabled":true,"_links":{"self":[{"href":"https:\/\/patrimoine-avesnois.fr\/fontaines\/wp-json\/wp\/v2\/pages\/15","targetHints":{"allow":["GET"]}}],"collection":[{"href":"https:\/\/patrimoine-avesnois.fr\/fontaines\/wp-json\/wp\/v2\/pages"}],"about":[{"href":"https:\/\/patrimoine-avesnois.fr\/fontaines\/wp-json\/wp\/v2\/types\/page"}],"author":[{"embeddable":true,"href":"https:\/\/patrimoine-avesnois.fr\/fontaines\/wp-json\/wp\/v2\/users\/2"}],"replies":[{"embeddable":true,"href":"https:\/\/patrimoine-avesnois.fr\/fontaines\/wp-json\/wp\/v2\/comments?post=15"}],"version-history":[{"count":11,"href":"https:\/\/patrimoine-avesnois.fr\/fontaines\/wp-json\/wp\/v2\/pages\/15\/revisions"}],"predecessor-version":[{"id":1128,"href":"https:\/\/patrimoine-avesnois.fr\/fontaines\/wp-json\/wp\/v2\/pages\/15\/revisions\/1128"}],"wp:attachment":[{"href":"https:\/\/patrimoine-avesnois.fr\/fontaines\/wp-json\/wp\/v2\/media?parent=15"}],"curies":[{"name":"wp","href":"https:\/\/api.w.org\/{rel}","templated":true}]}}