{"id":151,"date":"2021-07-02T10:42:13","date_gmt":"2021-07-02T08:42:13","guid":{"rendered":"https:\/\/patrimoine-avesnois.fr\/fontaines\/?page_id=151"},"modified":"2023-05-15T14:17:35","modified_gmt":"2023-05-15T12:17:35","slug":"cousolre-la-fontaine-ste-aldegonde","status":"publish","type":"page","link":"https:\/\/patrimoine-avesnois.fr\/fontaines\/cousolre-la-fontaine-ste-aldegonde\/","title":{"rendered":"Cousolre : la fontaine Ste Aldegonde, la fontaine aux Malades, le lavoir du Marais et l&rsquo;abreuvoir de G\u00e9rard-Croix"},"content":{"rendered":"<div class=\"wp-block-image\">\n<figure class=\"aligncenter\"><img decoding=\"async\" src=\"https:\/\/i1.wp.com\/patrimoine-avesnois.fr\/chemin\/wp-content\/uploads\/2021\/06\/Capture-82.jpg?resize=630%2C473\" alt=\"\" class=\"wp-image-13515\"\/><figcaption class=\"wp-element-caption\">Fontaine Ste Aldegonde Hameau Marcigny Cadastre Cousolre 1902 ADN P 31\/682 <a rel=\"noreferrer noopener\" href=\"https:\/\/archivesdepartementales.lenord.fr\/ark:\/33518\/780pgtwdkrmv\/039e22e5-9f5e-472c-92aa-b487bacfdd80\" target=\"_blank\">Vue 13\/39<\/a><\/figcaption><\/figure>\n<\/div>\n\n<div class=\"wp-block-image\">\n<figure class=\"aligncenter size-full\"><img data-recalc-dims=\"1\" loading=\"lazy\" decoding=\"async\" width=\"630\" height=\"470\" src=\"https:\/\/i0.wp.com\/patrimoine-avesnois.fr\/fontaines\/wp-content\/uploads\/2021\/07\/Fontaine-Ste-Aldegonde-Hameau-de-Marsignies-COUSOLRE.webp?resize=630%2C470&#038;ssl=1\" alt=\"\" class=\"wp-image-705\" srcset=\"https:\/\/i0.wp.com\/patrimoine-avesnois.fr\/fontaines\/wp-content\/uploads\/2021\/07\/Fontaine-Ste-Aldegonde-Hameau-de-Marsignies-COUSOLRE.webp?w=630&amp;ssl=1 630w, https:\/\/i0.wp.com\/patrimoine-avesnois.fr\/fontaines\/wp-content\/uploads\/2021\/07\/Fontaine-Ste-Aldegonde-Hameau-de-Marsignies-COUSOLRE.webp?resize=300%2C224&amp;ssl=1 300w\" sizes=\"auto, (max-width: 630px) 85vw, 630px\" \/><figcaption class=\"wp-element-caption\"><a href=\"https:\/\/www.google.com\/maps\/@50.2292724,4.1635365,3a,75y,168.48h,66.03t\/data=!3m6!1e1!3m4!1sBWj7dzz5S6UBiVV0h0jNAQ!2e0!7i16384!8i8192?hl=fr\" target=\"_blank\" rel=\"noreferrer noopener\">Hameau de Marsignies<\/a><\/figcaption><\/figure>\n<\/div>\n\n<div class=\"wp-block-image\">\n<figure class=\"aligncenter size-full is-resized\"><img data-recalc-dims=\"1\" loading=\"lazy\" decoding=\"async\" src=\"https:\/\/i0.wp.com\/patrimoine-avesnois.fr\/fontaines\/wp-content\/uploads\/2021\/07\/Fontaine-Ste-Aldegonde-Hameau-de-Marsignies-Cousolre.png?resize=349%2C625&#038;ssl=1\" alt=\"\" class=\"wp-image-707\" width=\"349\" height=\"625\" srcset=\"https:\/\/i0.wp.com\/patrimoine-avesnois.fr\/fontaines\/wp-content\/uploads\/2021\/07\/Fontaine-Ste-Aldegonde-Hameau-de-Marsignies-Cousolre.png?w=292&amp;ssl=1 292w, https:\/\/i0.wp.com\/patrimoine-avesnois.fr\/fontaines\/wp-content\/uploads\/2021\/07\/Fontaine-Ste-Aldegonde-Hameau-de-Marsignies-Cousolre.png?resize=167%2C300&amp;ssl=1 167w\" sizes=\"auto, (max-width: 349px) 85vw, 349px\" \/><figcaption class=\"wp-element-caption\">Fontaine Ste Aldegonde Hameau de Marsignies<\/figcaption><\/figure>\n<\/div>\n\n\n<p class=\"has-text-align-center\">***<\/p>\n\n\n<div class=\"wp-block-image\">\n<figure class=\"aligncenter size-large is-resized\"><img data-recalc-dims=\"1\" loading=\"lazy\" decoding=\"async\" src=\"https:\/\/i0.wp.com\/patrimoine-avesnois.fr\/fontaines\/wp-content\/uploads\/2021\/07\/Cousolre-15.jpg?resize=630%2C472&#038;ssl=1\" alt=\"\" class=\"wp-image-526\" width=\"630\" height=\"472\" srcset=\"https:\/\/i0.wp.com\/patrimoine-avesnois.fr\/fontaines\/wp-content\/uploads\/2021\/07\/Cousolre-15.jpg?w=541&amp;ssl=1 541w, https:\/\/i0.wp.com\/patrimoine-avesnois.fr\/fontaines\/wp-content\/uploads\/2021\/07\/Cousolre-15.jpg?resize=300%2C225&amp;ssl=1 300w\" sizes=\"auto, (max-width: 630px) 85vw, 630px\" \/><figcaption class=\"wp-element-caption\">Source de la Fontaine aux Malades Bois de la Halle Cadastre Cousolre 1902 ADN P 31 \/ 682<a href=\"https:\/\/archivesdepartementales.lenord.fr\/ark:\/33518\/780pgtwdkrmv\/a7c95369-0352-439b-b296-4e76733e8f91\" data-type=\"URL\" data-id=\"https:\/\/archivesdepartementales.lenord.fr\/ark:\/33518\/780pgtwdkrmv\/a7c95369-0352-439b-b296-4e76733e8f91\" target=\"_blank\" rel=\"noreferrer noopener\"> Vue 15\/39<\/a><\/figcaption><\/figure>\n<\/div>\n\n<div class=\"wp-block-image\">\n<figure class=\"aligncenter size-full is-resized\"><img data-recalc-dims=\"1\" loading=\"lazy\" decoding=\"async\" src=\"https:\/\/i0.wp.com\/patrimoine-avesnois.fr\/fontaines\/wp-content\/uploads\/2021\/07\/Fontaine-aux-Malades-Bois-de-la-Halle-Cousolre.png?resize=630%2C467&#038;ssl=1\" alt=\"\" class=\"wp-image-708\" width=\"630\" height=\"467\" srcset=\"https:\/\/i0.wp.com\/patrimoine-avesnois.fr\/fontaines\/wp-content\/uploads\/2021\/07\/Fontaine-aux-Malades-Bois-de-la-Halle-Cousolre.png?w=628&amp;ssl=1 628w, https:\/\/i0.wp.com\/patrimoine-avesnois.fr\/fontaines\/wp-content\/uploads\/2021\/07\/Fontaine-aux-Malades-Bois-de-la-Halle-Cousolre.png?resize=300%2C222&amp;ssl=1 300w\" sizes=\"auto, (max-width: 630px) 85vw, 630px\" \/><figcaption class=\"wp-element-caption\">La Fontaine aux Malades  Bois de la Halle Cousolre<\/figcaption><\/figure>\n<\/div>\n\n\n<p class=\"has-text-align-center\">***<\/p>\n\n\n<div class=\"wp-block-image\">\n<figure class=\"aligncenter size-full is-resized\"><img data-recalc-dims=\"1\" loading=\"lazy\" decoding=\"async\" src=\"https:\/\/i0.wp.com\/patrimoine-avesnois.fr\/fontaines\/wp-content\/uploads\/2023\/05\/Cousolre.jpg?resize=630%2C434&#038;ssl=1\" alt=\"\" class=\"wp-image-1867\" width=\"630\" height=\"434\" srcset=\"https:\/\/i0.wp.com\/patrimoine-avesnois.fr\/fontaines\/wp-content\/uploads\/2023\/05\/Cousolre.jpg?w=943&amp;ssl=1 943w, https:\/\/i0.wp.com\/patrimoine-avesnois.fr\/fontaines\/wp-content\/uploads\/2023\/05\/Cousolre.jpg?resize=300%2C207&amp;ssl=1 300w, https:\/\/i0.wp.com\/patrimoine-avesnois.fr\/fontaines\/wp-content\/uploads\/2023\/05\/Cousolre.jpg?resize=768%2C530&amp;ssl=1 768w\" sizes=\"auto, (max-width: 630px) 85vw, 630px\" \/><figcaption class=\"wp-element-caption\">Le lavoir public Place du Marais ADN Cadastre Cousolre 1902 P 31 \/ 682 <a href=\"https:\/\/archivesdepartementales.lenord.fr\/ark:\/33518\/780pgtwdkrmv\/478de0ce-d4a8-40c2-a355-88b5b7dae0be\" data-type=\"URL\" data-id=\"https:\/\/archivesdepartementales.lenord.fr\/ark:\/33518\/780pgtwdkrmv\/478de0ce-d4a8-40c2-a355-88b5b7dae0be\" target=\"_blank\" rel=\"noreferrer noopener\">Vue 20\/39<\/a><\/figcaption><\/figure>\n<\/div>\n\n\n<p>En 1912 et 1913 on construisit un lavoir et un puisard avec couverture de la fontaine dite \u00a0\u00bb du marais\u00a0\u00bb (ADN S\u00e9rie 2 o 155\/62). <\/p>\n\n\n\n<p class=\"has-text-align-center\">***<\/p>\n\n\n<div class=\"wp-block-image\">\n<figure class=\"aligncenter size-full is-resized\"><img data-recalc-dims=\"1\" loading=\"lazy\" decoding=\"async\" src=\"https:\/\/i0.wp.com\/patrimoine-avesnois.fr\/fontaines\/wp-content\/uploads\/2021\/07\/abreuvoir-de-Gerard-Croix-Cousolre.jpg?resize=630%2C410&#038;ssl=1\" alt=\"\" class=\"wp-image-709\" width=\"630\" height=\"410\" srcset=\"https:\/\/i0.wp.com\/patrimoine-avesnois.fr\/fontaines\/wp-content\/uploads\/2021\/07\/abreuvoir-de-Gerard-Croix-Cousolre.jpg?w=814&amp;ssl=1 814w, https:\/\/i0.wp.com\/patrimoine-avesnois.fr\/fontaines\/wp-content\/uploads\/2021\/07\/abreuvoir-de-Gerard-Croix-Cousolre.jpg?resize=300%2C195&amp;ssl=1 300w, https:\/\/i0.wp.com\/patrimoine-avesnois.fr\/fontaines\/wp-content\/uploads\/2021\/07\/abreuvoir-de-Gerard-Croix-Cousolre.jpg?resize=768%2C499&amp;ssl=1 768w\" sizes=\"auto, (max-width: 630px) 85vw, 630px\" \/><figcaption class=\"wp-element-caption\">L&rsquo;abreuvoir de G\u00e9rard-Croix Cousolre<\/figcaption><\/figure>\n<\/div>\n\n\n<p>L&rsquo;abreuvoir alimentait en eau les animaux de la Cense G\u00e9rard-Croix dont le nom apparait en 1440 sous la forme G\u00e9raucroix (G\u00e9raud est l&rsquo;ancienne forme de G\u00e9rard, Croix pour d\u00e9signer probablement \u00e0 cet endroit le point de rencontre de l\u2019ancien chemin de Mons avec celui de Bousignies \u00e0 Maubeuge).<\/p>\n","protected":false},"excerpt":{"rendered":"<p>*** *** En 1912 et 1913 on construisit un lavoir et un puisard avec couverture de la fontaine dite \u00a0\u00bb du marais\u00a0\u00bb (ADN S\u00e9rie 2 o 155\/62). *** L&rsquo;abreuvoir alimentait en eau les animaux de la Cense G\u00e9rard-Croix dont le nom apparait en 1440 sous la forme G\u00e9raucroix (G\u00e9raud est l&rsquo;ancienne forme de G\u00e9rard, Croix &hellip; <a href=\"https:\/\/patrimoine-avesnois.fr\/fontaines\/cousolre-la-fontaine-ste-aldegonde\/\" class=\"more-link\">Continuer la lecture<span class=\"screen-reader-text\"> de &laquo;&nbsp;Cousolre : la fontaine Ste Aldegonde, la fontaine aux Malades, le lavoir du Marais et l&rsquo;abreuvoir de G\u00e9rard-Croix&nbsp;&raquo;<\/span><\/a><\/p>\n","protected":false},"author":2,"featured_media":0,"parent":0,"menu_order":0,"comment_status":"closed","ping_status":"closed","template":"","meta":{"footnotes":""},"class_list":["post-151","page","type-page","status-publish","hentry"],"jetpack_sharing_enabled":true,"_links":{"self":[{"href":"https:\/\/patrimoine-avesnois.fr\/fontaines\/wp-json\/wp\/v2\/pages\/151","targetHints":{"allow":["GET"]}}],"collection":[{"href":"https:\/\/patrimoine-avesnois.fr\/fontaines\/wp-json\/wp\/v2\/pages"}],"about":[{"href":"https:\/\/patrimoine-avesnois.fr\/fontaines\/wp-json\/wp\/v2\/types\/page"}],"author":[{"embeddable":true,"href":"https:\/\/patrimoine-avesnois.fr\/fontaines\/wp-json\/wp\/v2\/users\/2"}],"replies":[{"embeddable":true,"href":"https:\/\/patrimoine-avesnois.fr\/fontaines\/wp-json\/wp\/v2\/comments?post=151"}],"version-history":[{"count":10,"href":"https:\/\/patrimoine-avesnois.fr\/fontaines\/wp-json\/wp\/v2\/pages\/151\/revisions"}],"predecessor-version":[{"id":1868,"href":"https:\/\/patrimoine-avesnois.fr\/fontaines\/wp-json\/wp\/v2\/pages\/151\/revisions\/1868"}],"wp:attachment":[{"href":"https:\/\/patrimoine-avesnois.fr\/fontaines\/wp-json\/wp\/v2\/media?parent=151"}],"curies":[{"name":"wp","href":"https:\/\/api.w.org\/{rel}","templated":true}]}}