{"id":157,"date":"2021-07-02T10:45:43","date_gmt":"2021-07-02T08:45:43","guid":{"rendered":"https:\/\/patrimoine-avesnois.fr\/fontaines\/?page_id=157"},"modified":"2023-05-15T14:27:25","modified_gmt":"2023-05-15T12:27:25","slug":"dimechaux-la-fontaine-st-maurice","status":"publish","type":"page","link":"https:\/\/patrimoine-avesnois.fr\/fontaines\/dimechaux-la-fontaine-st-maurice\/","title":{"rendered":"Dimechaux : la fontaine St Maurice"},"content":{"rendered":"<div class=\"wp-block-image\">\n<figure class=\"aligncenter\"><img decoding=\"async\" src=\"https:\/\/i2.wp.com\/patrimoine-avesnois.fr\/chemin\/wp-content\/uploads\/2021\/06\/Capture-85.jpg?resize=630%2C472\" alt=\"\" class=\"wp-image-13522\"\/><figcaption class=\"wp-element-caption\">Fontaine Cadastre Dimechaux ADN 1828 P 31 \/ 685 <a href=\"https:\/\/archivesdepartementales.lenord.fr\/ark:\/33518\/rb294xl3chz0\/43244617-6b09-4b91-a87e-69c7c2700135\" target=\"_blank\" rel=\"noreferrer noopener\">Vue 4\/10<\/a><\/figcaption><\/figure>\n<\/div>\n\n<div class=\"wp-block-image\">\n<figure class=\"aligncenter\"><img decoding=\"async\" src=\"https:\/\/i0.wp.com\/patrimoine-avesnois.fr\/chemin\/wp-content\/uploads\/2021\/06\/Capture-86.jpg?resize=630%2C473\" alt=\"\" class=\"wp-image-13523\"\/><figcaption class=\"wp-element-caption\">Fontaine St Maurice Cadastre Dimechaux ADN 1901 P 31 \/ 685 <a href=\"https:\/\/archivesdepartementales.lenord.fr\/ark:\/33518\/rb294xl3chz0\/06a70325-eb1e-491c-9887-94afc3abadbf\" target=\"_blank\" rel=\"noreferrer noopener\">Vue 8\/10<\/a><\/figcaption><\/figure>\n<\/div>\n\n<div class=\"wp-block-image\">\n<figure class=\"aligncenter size-full\"><img data-recalc-dims=\"1\" loading=\"lazy\" decoding=\"async\" width=\"630\" height=\"475\" src=\"https:\/\/i0.wp.com\/patrimoine-avesnois.fr\/fontaines\/wp-content\/uploads\/2021\/07\/Fontaine-St-Maurice-a-Dimechaux.webp?resize=630%2C475&#038;ssl=1\" alt=\"\" class=\"wp-image-713\" srcset=\"https:\/\/i0.wp.com\/patrimoine-avesnois.fr\/fontaines\/wp-content\/uploads\/2021\/07\/Fontaine-St-Maurice-a-Dimechaux.webp?w=630&amp;ssl=1 630w, https:\/\/i0.wp.com\/patrimoine-avesnois.fr\/fontaines\/wp-content\/uploads\/2021\/07\/Fontaine-St-Maurice-a-Dimechaux.webp?resize=300%2C226&amp;ssl=1 300w\" sizes=\"auto, (max-width: 630px) 85vw, 630px\" \/><figcaption class=\"wp-element-caption\">Photo de la Fontaine St Maurice avant restauration Photo <a rel=\"noreferrer noopener\" href=\"https:\/\/www.s-pass.org\/fr\/portail\/104\/observatoire\/1521\/restauration-de-la-fontaine-saint-maurice-dimechaux-59.html\" target=\"_blank\">pass.org<\/a><\/figcaption><\/figure>\n<\/div>\n\n<div class=\"wp-block-image\">\n<figure class=\"aligncenter\"><img decoding=\"async\" src=\"https:\/\/i0.wp.com\/patrimoine-avesnois.fr\/chemin\/wp-content\/uploads\/2021\/06\/Fontaine-St-Maurice-Dimechaux-1.jpg?fit=840%2C404\" alt=\"\" class=\"wp-image-13562\"\/><figcaption class=\"wp-element-caption\">Fontaine St Maurice \u00e0 Dimechaux<\/figcaption><\/figure>\n<\/div>\n\n<div class=\"wp-block-image\">\n<figure class=\"aligncenter\"><img decoding=\"async\" src=\"https:\/\/i1.wp.com\/patrimoine-avesnois.fr\/chemin\/wp-content\/uploads\/2021\/06\/Fontaine-St-Maurice-Dimechaux-2.jpg?fit=840%2C404\" alt=\"\" class=\"wp-image-13563\"\/><figcaption class=\"wp-element-caption\">Fontaine St Maurice \u00e0 Dimechaux<\/figcaption><\/figure>\n<\/div>\n\n\n<p>Cette fontaine construite avant le XVIII \u00e8me si\u00e8cle a \u00e9t\u00e9 restaur\u00e9e en 2010 \u00e0 l\u2019identique dans le cadre du projet Interreg IV Trans-formation du patrimoine, avec le soutien financier de l\u2019Union Europ\u00e9enne, en partenariat avec la commune.<\/p>\n\n\n\n<p>Pr\u00e8s de cette fontaine, on construisit en 1858 un abreuvoir- Convention avec<br>la soci\u00e9t\u00e9 des Hauts Fourneaux d&rsquo;Hautmont (ADN S\u00e9rie 2 O 172\/33).<\/p>\n","protected":false},"excerpt":{"rendered":"<p>Cette fontaine construite avant le XVIII \u00e8me si\u00e8cle a \u00e9t\u00e9 restaur\u00e9e en 2010 \u00e0 l\u2019identique dans le cadre du projet Interreg IV Trans-formation du patrimoine, avec le soutien financier de l\u2019Union Europ\u00e9enne, en partenariat avec la commune. Pr\u00e8s de cette fontaine, on construisit en 1858 un abreuvoir- Convention avecla soci\u00e9t\u00e9 des Hauts Fourneaux d&rsquo;Hautmont (ADN &hellip; <a href=\"https:\/\/patrimoine-avesnois.fr\/fontaines\/dimechaux-la-fontaine-st-maurice\/\" class=\"more-link\">Continuer la lecture<span class=\"screen-reader-text\"> de &laquo;&nbsp;Dimechaux : la fontaine St Maurice&nbsp;&raquo;<\/span><\/a><\/p>\n","protected":false},"author":2,"featured_media":0,"parent":0,"menu_order":0,"comment_status":"closed","ping_status":"closed","template":"","meta":{"footnotes":""},"class_list":["post-157","page","type-page","status-publish","hentry"],"jetpack_sharing_enabled":true,"_links":{"self":[{"href":"https:\/\/patrimoine-avesnois.fr\/fontaines\/wp-json\/wp\/v2\/pages\/157","targetHints":{"allow":["GET"]}}],"collection":[{"href":"https:\/\/patrimoine-avesnois.fr\/fontaines\/wp-json\/wp\/v2\/pages"}],"about":[{"href":"https:\/\/patrimoine-avesnois.fr\/fontaines\/wp-json\/wp\/v2\/types\/page"}],"author":[{"embeddable":true,"href":"https:\/\/patrimoine-avesnois.fr\/fontaines\/wp-json\/wp\/v2\/users\/2"}],"replies":[{"embeddable":true,"href":"https:\/\/patrimoine-avesnois.fr\/fontaines\/wp-json\/wp\/v2\/comments?post=157"}],"version-history":[{"count":4,"href":"https:\/\/patrimoine-avesnois.fr\/fontaines\/wp-json\/wp\/v2\/pages\/157\/revisions"}],"predecessor-version":[{"id":1870,"href":"https:\/\/patrimoine-avesnois.fr\/fontaines\/wp-json\/wp\/v2\/pages\/157\/revisions\/1870"}],"wp:attachment":[{"href":"https:\/\/patrimoine-avesnois.fr\/fontaines\/wp-json\/wp\/v2\/media?parent=157"}],"curies":[{"name":"wp","href":"https:\/\/api.w.org\/{rel}","templated":true}]}}