{"id":163,"date":"2021-07-02T10:52:43","date_gmt":"2021-07-02T08:52:43","guid":{"rendered":"https:\/\/patrimoine-avesnois.fr\/fontaines\/?page_id=163"},"modified":"2023-05-15T14:33:29","modified_gmt":"2023-05-15T12:33:29","slug":"dompierre-sur-helpe-la-fontaine-st-etton","status":"publish","type":"page","link":"https:\/\/patrimoine-avesnois.fr\/fontaines\/dompierre-sur-helpe-la-fontaine-st-etton\/","title":{"rendered":"Dompierre-sur-Helpe : la fontaine St Etton"},"content":{"rendered":"<div class=\"wp-block-image\">\n<figure class=\"aligncenter size-full\"><img data-recalc-dims=\"1\" loading=\"lazy\" decoding=\"async\" width=\"450\" height=\"599\" src=\"https:\/\/i0.wp.com\/patrimoine-avesnois.fr\/fontaines\/wp-content\/uploads\/2021\/07\/Fontaine-St-Etton-Dompierre-sur-Helpe.webp?resize=450%2C599&#038;ssl=1\" alt=\"\" class=\"wp-image-719\" srcset=\"https:\/\/i0.wp.com\/patrimoine-avesnois.fr\/fontaines\/wp-content\/uploads\/2021\/07\/Fontaine-St-Etton-Dompierre-sur-Helpe.webp?w=450&amp;ssl=1 450w, https:\/\/i0.wp.com\/patrimoine-avesnois.fr\/fontaines\/wp-content\/uploads\/2021\/07\/Fontaine-St-Etton-Dompierre-sur-Helpe.webp?resize=225%2C300&amp;ssl=1 225w\" sizes=\"auto, (max-width: 450px) 85vw, 450px\" \/><figcaption class=\"wp-element-caption\">La Fontaine St Etton <a rel=\"noreferrer noopener\" href=\"https:\/\/www.google.fr\/maps\/@50.1426815,3.864352,3a,30y,216.34h,77.94t\/data=!3m6!1e1!3m4!1sb4zMsIzdFaB408OU_pbyOg!2e0!7i16384!8i8192?hl=fr\" target=\"_blank\">Rue de la Brasserie<\/a><\/figcaption><\/figure>\n<\/div>\n\n\n<p>La fontaine a \u00e9t\u00e9 recouverte d\u2019une pierre portant la date de 1623. C\u2019est l\u00e0 que selon la tradition un jeune bouvier sourd et muet fut gu\u00e9ri par saint Etton, ce saint irlandais venu \u00e9vang\u00e9liser l\u2019Avesnois au VII e si\u00e8cle.<\/p>\n\n\n\n<p>Voici le r\u00e9cit de cette l\u00e9gende selon l\u2019abb\u00e9 Delobelle&nbsp;<em>:<\/em><\/p>\n\n\n\n<p><em>\u00ab&nbsp; Un jour, Etton, trouva endormi dans une prairie un bouvier muet de naissance qui se trouvait au milieu de son troupeau Le Saint homme le toucha de son b\u00e2ton et le paysan se mit \u00e0 parler. Telle est l\u2019origine des baguettes de St Etton&nbsp;\u00bb<\/em><\/p>\n\n\n\n<p>Le jour de l\u2019Ascension, un grand nombre de p\u00e8lerins viennent donc tremper une baguette dans cette fontaine miraculeuse avant de la faire b\u00e9nir par le pr\u00eatre. Le passage de la baguette sur le dos de leurs animaux les prot\u00e8ge alors de tous maux. Une statue du saint y fut \u00e9rig\u00e9e et b\u00e9nite le 11 septembre 1887.<\/p>\n\n\n\n<p>La fontaine publique fut r\u00e9par\u00e9e entre 1828 et 1830, ce qui n\u00e9cessita une imposition de 245 francs (ADN S\u00e9rie 2 O 175\/81 et 175\/131).<\/p>\n","protected":false},"excerpt":{"rendered":"<p>La fontaine a \u00e9t\u00e9 recouverte d\u2019une pierre portant la date de 1623. C\u2019est l\u00e0 que selon la tradition un jeune bouvier sourd et muet fut gu\u00e9ri par saint Etton, ce saint irlandais venu \u00e9vang\u00e9liser l\u2019Avesnois au VII e si\u00e8cle. Voici le r\u00e9cit de cette l\u00e9gende selon l\u2019abb\u00e9 Delobelle&nbsp;: \u00ab&nbsp; Un jour, Etton, trouva endormi dans &hellip; <a href=\"https:\/\/patrimoine-avesnois.fr\/fontaines\/dompierre-sur-helpe-la-fontaine-st-etton\/\" class=\"more-link\">Continuer la lecture<span class=\"screen-reader-text\"> de &laquo;&nbsp;Dompierre-sur-Helpe : la fontaine St Etton&nbsp;&raquo;<\/span><\/a><\/p>\n","protected":false},"author":2,"featured_media":0,"parent":0,"menu_order":0,"comment_status":"closed","ping_status":"closed","template":"","meta":{"footnotes":""},"class_list":["post-163","page","type-page","status-publish","hentry"],"jetpack_sharing_enabled":true,"_links":{"self":[{"href":"https:\/\/patrimoine-avesnois.fr\/fontaines\/wp-json\/wp\/v2\/pages\/163","targetHints":{"allow":["GET"]}}],"collection":[{"href":"https:\/\/patrimoine-avesnois.fr\/fontaines\/wp-json\/wp\/v2\/pages"}],"about":[{"href":"https:\/\/patrimoine-avesnois.fr\/fontaines\/wp-json\/wp\/v2\/types\/page"}],"author":[{"embeddable":true,"href":"https:\/\/patrimoine-avesnois.fr\/fontaines\/wp-json\/wp\/v2\/users\/2"}],"replies":[{"embeddable":true,"href":"https:\/\/patrimoine-avesnois.fr\/fontaines\/wp-json\/wp\/v2\/comments?post=163"}],"version-history":[{"count":4,"href":"https:\/\/patrimoine-avesnois.fr\/fontaines\/wp-json\/wp\/v2\/pages\/163\/revisions"}],"predecessor-version":[{"id":1872,"href":"https:\/\/patrimoine-avesnois.fr\/fontaines\/wp-json\/wp\/v2\/pages\/163\/revisions\/1872"}],"wp:attachment":[{"href":"https:\/\/patrimoine-avesnois.fr\/fontaines\/wp-json\/wp\/v2\/media?parent=163"}],"curies":[{"name":"wp","href":"https:\/\/api.w.org\/{rel}","templated":true}]}}