{"id":170,"date":"2021-07-02T11:01:37","date_gmt":"2021-07-02T09:01:37","guid":{"rendered":"https:\/\/patrimoine-avesnois.fr\/fontaines\/?page_id=170"},"modified":"2023-05-15T14:54:15","modified_gmt":"2023-05-15T12:54:15","slug":"eccles-la-fontaine-de-hayette","status":"publish","type":"page","link":"https:\/\/patrimoine-avesnois.fr\/fontaines\/eccles-la-fontaine-de-hayette\/","title":{"rendered":"Eccles : la fontaine de Hayette et l&rsquo;abreuvoir communal"},"content":{"rendered":"<div class=\"wp-block-image\">\n<figure class=\"aligncenter\"><img decoding=\"async\" src=\"https:\/\/i0.wp.com\/patrimoine-avesnois.fr\/chemin\/wp-content\/uploads\/2021\/06\/Capture-96.jpg?resize=630%2C473\" alt=\"\" class=\"wp-image-13580\"\/><figcaption class=\"wp-element-caption\">Cadastre Eccles 1828 ADN P 31 \/ 689 <a href=\"https:\/\/archivesdepartementales.lenord.fr\/ark:\/33518\/v2s8zn1mdgf7\/7a08be7f-ed82-4fa8-9ab3-8d1b9b25872f\" target=\"_blank\" rel=\"noreferrer noopener\">Vue 3\/7<\/a><\/figcaption><\/figure>\n<\/div>\n\n<div class=\"wp-block-image\">\n<figure class=\"aligncenter is-resized\"><img loading=\"lazy\" decoding=\"async\" src=\"https:\/\/i2.wp.com\/patrimoine-avesnois.fr\/chemin\/wp-content\/uploads\/2021\/06\/Capture-97.jpg?w=840\" alt=\"\" class=\"wp-image-13581\" width=\"630\" height=\"472\"\/><figcaption class=\"wp-element-caption\">Fontaine sur le sentier de Solrinnes Cadastre Eccles 1901 ADN P 31 \/ 689 <a href=\"https:\/\/archivesdepartementales.lenord.fr\/ark:\/33518\/v2s8zn1mdgf7\/161d3363-687f-4f35-b88f-41c1116c0c0e\" target=\"_blank\" rel=\"noreferrer noopener\">Vue 4\/7<\/a><\/figcaption><\/figure>\n<\/div>\n\n<div class=\"wp-block-image\">\n<figure class=\"aligncenter size-full\"><img data-recalc-dims=\"1\" loading=\"lazy\" decoding=\"async\" width=\"630\" height=\"473\" src=\"https:\/\/i0.wp.com\/patrimoine-avesnois.fr\/fontaines\/wp-content\/uploads\/2021\/07\/Fontaine-ECCLES.webp?resize=630%2C473&#038;ssl=1\" alt=\"\" class=\"wp-image-731\" srcset=\"https:\/\/i0.wp.com\/patrimoine-avesnois.fr\/fontaines\/wp-content\/uploads\/2021\/07\/Fontaine-ECCLES.webp?w=630&amp;ssl=1 630w, https:\/\/i0.wp.com\/patrimoine-avesnois.fr\/fontaines\/wp-content\/uploads\/2021\/07\/Fontaine-ECCLES.webp?resize=300%2C225&amp;ssl=1 300w\" sizes=\"auto, (max-width: 630px) 85vw, 630px\" \/><figcaption class=\"wp-element-caption\">Fontaine Rue Colette <a rel=\"noreferrer noopener\" href=\"https:\/\/www.google.com\/maps\/place\/59740+Eccles\/@50.2062299,4.0986005,117m\/data=!3m1!1e3!4m5!3m4!1s0x47c26b4fbda5e20b:0xe3944bb471131e1b!8m2!3d50.2052369!4d4.101815?hl=fr\" target=\"_blank\">Vue satellite Eccles<\/a><\/figcaption><\/figure>\n<\/div>\n\n\n<p class=\"has-text-align-center\">***<\/p>\n\n\n<div class=\"wp-block-image\">\n<figure class=\"aligncenter size-full is-resized\"><img data-recalc-dims=\"1\" loading=\"lazy\" decoding=\"async\" src=\"https:\/\/i0.wp.com\/patrimoine-avesnois.fr\/fontaines\/wp-content\/uploads\/2023\/05\/image-1.png?resize=630%2C455&#038;ssl=1\" alt=\"\" class=\"wp-image-1874\" width=\"630\" height=\"455\" srcset=\"https:\/\/i0.wp.com\/patrimoine-avesnois.fr\/fontaines\/wp-content\/uploads\/2023\/05\/image-1.png?w=836&amp;ssl=1 836w, https:\/\/i0.wp.com\/patrimoine-avesnois.fr\/fontaines\/wp-content\/uploads\/2023\/05\/image-1.png?resize=300%2C216&amp;ssl=1 300w, https:\/\/i0.wp.com\/patrimoine-avesnois.fr\/fontaines\/wp-content\/uploads\/2023\/05\/image-1.png?resize=768%2C554&amp;ssl=1 768w\" sizes=\"auto, (max-width: 630px) 85vw, 630px\" \/><figcaption class=\"wp-element-caption\">L&rsquo;abreuvoir public ADN Cadastre Eccles 1901 p 31\/68 <a href=\"https:\/\/archivesdepartementales.lenord.fr\/ark:\/33518\/v2s8zn1mdgf7\/89af4b9b-3d56-4465-a790-8c853f8d6bf1\" data-type=\"URL\" data-id=\"https:\/\/archivesdepartementales.lenord.fr\/ark:\/33518\/v2s8zn1mdgf7\/89af4b9b-3d56-4465-a790-8c853f8d6bf1\" target=\"_blank\" rel=\"noreferrer noopener\">Vue 5\/7<\/a><\/figcaption><\/figure>\n<\/div>\n\n\n<p>L&rsquo;abreuvoir fut construit en 1831 avec fourniture de pains aux ouvriers. Il y eut des plaintes en 1856 concernant son emplacement. On le reconstruisit en 1878-1879 et fit l&rsquo;objet de r\u00e9parations en 1909 suite \u00e0 l&rsquo;approbation d&rsquo;un march\u00e9 de gr\u00e9 \u00e0 gr\u00e9 (ADN S\u00e9rie 2O \/ 183\/ 28-19-29-30).<\/p>\n","protected":false},"excerpt":{"rendered":"<p>*** L&rsquo;abreuvoir fut construit en 1831 avec fourniture de pains aux ouvriers. Il y eut des plaintes en 1856 concernant son emplacement. On le reconstruisit en 1878-1879 et fit l&rsquo;objet de r\u00e9parations en 1909 suite \u00e0 l&rsquo;approbation d&rsquo;un march\u00e9 de gr\u00e9 \u00e0 gr\u00e9 (ADN S\u00e9rie 2O \/ 183\/ 28-19-29-30).<\/p>\n","protected":false},"author":2,"featured_media":0,"parent":0,"menu_order":0,"comment_status":"closed","ping_status":"closed","template":"","meta":{"footnotes":""},"class_list":["post-170","page","type-page","status-publish","hentry"],"jetpack_sharing_enabled":true,"_links":{"self":[{"href":"https:\/\/patrimoine-avesnois.fr\/fontaines\/wp-json\/wp\/v2\/pages\/170","targetHints":{"allow":["GET"]}}],"collection":[{"href":"https:\/\/patrimoine-avesnois.fr\/fontaines\/wp-json\/wp\/v2\/pages"}],"about":[{"href":"https:\/\/patrimoine-avesnois.fr\/fontaines\/wp-json\/wp\/v2\/types\/page"}],"author":[{"embeddable":true,"href":"https:\/\/patrimoine-avesnois.fr\/fontaines\/wp-json\/wp\/v2\/users\/2"}],"replies":[{"embeddable":true,"href":"https:\/\/patrimoine-avesnois.fr\/fontaines\/wp-json\/wp\/v2\/comments?post=170"}],"version-history":[{"count":4,"href":"https:\/\/patrimoine-avesnois.fr\/fontaines\/wp-json\/wp\/v2\/pages\/170\/revisions"}],"predecessor-version":[{"id":1875,"href":"https:\/\/patrimoine-avesnois.fr\/fontaines\/wp-json\/wp\/v2\/pages\/170\/revisions\/1875"}],"wp:attachment":[{"href":"https:\/\/patrimoine-avesnois.fr\/fontaines\/wp-json\/wp\/v2\/media?parent=170"}],"curies":[{"name":"wp","href":"https:\/\/api.w.org\/{rel}","templated":true}]}}