{"id":179,"date":"2021-07-02T11:11:42","date_gmt":"2021-07-02T09:11:42","guid":{"rendered":"https:\/\/patrimoine-avesnois.fr\/fontaines\/?page_id=179"},"modified":"2021-07-25T15:22:49","modified_gmt":"2021-07-25T13:22:49","slug":"elesmes-la-fontaine-louis-xiv-dantan","status":"publish","type":"page","link":"https:\/\/patrimoine-avesnois.fr\/fontaines\/elesmes-la-fontaine-louis-xiv-dantan\/","title":{"rendered":"\u00c9lesmes : la fontaine Louis XIV d&rsquo;antan"},"content":{"rendered":"\n<div class=\"wp-block-image\"><figure class=\"aligncenter is-resized\"><img loading=\"lazy\" decoding=\"async\" src=\"https:\/\/i2.wp.com\/patrimoine-avesnois.fr\/chemin\/wp-content\/uploads\/2021\/06\/image-58.png?resize=530%2C337\" alt=\"\" class=\"wp-image-13608\" width=\"590\" height=\"376\"\/><figcaption>Recherches historiques sur Maubeuge et son canton Z Pi\u00e9rart<\/figcaption><\/figure><\/div>\n\n\n\n<div class=\"wp-block-image\"><figure class=\"aligncenter\"><img decoding=\"async\" src=\"https:\/\/i2.wp.com\/patrimoine-avesnois.fr\/chemin\/wp-content\/uploads\/2021\/06\/image-62.png?resize=614%2C420\" alt=\"\" class=\"wp-image-13614\"\/><\/figure><\/div>\n\n\n\n<div class=\"wp-block-image\"><figure class=\"aligncenter size-full\"><img data-recalc-dims=\"1\" loading=\"lazy\" decoding=\"async\" width=\"614\" height=\"435\" src=\"https:\/\/i0.wp.com\/patrimoine-avesnois.fr\/fontaines\/wp-content\/uploads\/2021\/07\/fontaine-Louis-XIV-ELESMES.webp?resize=614%2C435&#038;ssl=1\" alt=\"\" class=\"wp-image-744\" srcset=\"https:\/\/i0.wp.com\/patrimoine-avesnois.fr\/fontaines\/wp-content\/uploads\/2021\/07\/fontaine-Louis-XIV-ELESMES.webp?w=614&amp;ssl=1 614w, https:\/\/i0.wp.com\/patrimoine-avesnois.fr\/fontaines\/wp-content\/uploads\/2021\/07\/fontaine-Louis-XIV-ELESMES.webp?resize=300%2C213&amp;ssl=1 300w\" sizes=\"auto, (max-width: 614px) 85vw, 614px\" \/><figcaption>\u00c9lesmes <a rel=\"noreferrer noopener\" href=\"https:\/\/www.google.com\/maps\/@50.3149473,4.0123835,3a,85.4y,187.94h,90.97t\/data=!3m6!1e1!3m4!1sEigJCnUF5Bcrte_7yQCVxg!2e0!7i16384!8i8192?hl=fr\" target=\"_blank\">Route de Binche<\/a> Emplacement approximatif de l\u2019ancienne fontaine Louis XIV<\/figcaption><\/figure><\/div>\n\n\n\n<p>La Fontaine Louis XIV \u00e0 \u00c9lesmes se situait donc au XVII e si\u00e8cle le long de l\u2019actuelle route de Binche.<\/p>\n","protected":false},"excerpt":{"rendered":"<p>La Fontaine Louis XIV \u00e0 \u00c9lesmes se situait donc au XVII e si\u00e8cle le long de l\u2019actuelle route de Binche.<\/p>\n","protected":false},"author":2,"featured_media":0,"parent":0,"menu_order":0,"comment_status":"closed","ping_status":"closed","template":"","meta":{"footnotes":""},"class_list":["post-179","page","type-page","status-publish","hentry"],"jetpack_sharing_enabled":true,"_links":{"self":[{"href":"https:\/\/patrimoine-avesnois.fr\/fontaines\/wp-json\/wp\/v2\/pages\/179","targetHints":{"allow":["GET"]}}],"collection":[{"href":"https:\/\/patrimoine-avesnois.fr\/fontaines\/wp-json\/wp\/v2\/pages"}],"about":[{"href":"https:\/\/patrimoine-avesnois.fr\/fontaines\/wp-json\/wp\/v2\/types\/page"}],"author":[{"embeddable":true,"href":"https:\/\/patrimoine-avesnois.fr\/fontaines\/wp-json\/wp\/v2\/users\/2"}],"replies":[{"embeddable":true,"href":"https:\/\/patrimoine-avesnois.fr\/fontaines\/wp-json\/wp\/v2\/comments?post=179"}],"version-history":[{"count":2,"href":"https:\/\/patrimoine-avesnois.fr\/fontaines\/wp-json\/wp\/v2\/pages\/179\/revisions"}],"predecessor-version":[{"id":745,"href":"https:\/\/patrimoine-avesnois.fr\/fontaines\/wp-json\/wp\/v2\/pages\/179\/revisions\/745"}],"wp:attachment":[{"href":"https:\/\/patrimoine-avesnois.fr\/fontaines\/wp-json\/wp\/v2\/media?parent=179"}],"curies":[{"name":"wp","href":"https:\/\/api.w.org\/{rel}","templated":true}]}}