{"id":182,"date":"2021-07-02T11:13:53","date_gmt":"2021-07-02T09:13:53","guid":{"rendered":"https:\/\/patrimoine-avesnois.fr\/fontaines\/?page_id=182"},"modified":"2023-05-15T15:07:18","modified_gmt":"2023-05-15T13:07:18","slug":"englefontaine-la-fontaine-st-georges","status":"publish","type":"page","link":"https:\/\/patrimoine-avesnois.fr\/fontaines\/englefontaine-la-fontaine-st-georges\/","title":{"rendered":"Englefontaine : la fontaine St Georges"},"content":{"rendered":"\n<p>Lors du passage de&nbsp;<a href=\"https:\/\/fr.wikipedia.org\/wiki\/Georges_de_Lydda\">Saint Georges<\/a>&nbsp;accompagn\u00e9 d\u2019un groupe de soldats anglais, son cheval aurait fait jaillir une fontaine \u00e0 l\u2019aide de ses sabots.<\/p>\n\n\n<div class=\"wp-block-image\">\n<figure class=\"aligncenter\"><img decoding=\"async\" src=\"https:\/\/i2.wp.com\/patrimoine-avesnois.fr\/chemin\/wp-content\/uploads\/2019\/04\/image-192.png?fit=840%2C549\" alt=\"\" class=\"wp-image-1085\"\/><figcaption class=\"wp-element-caption\">La Fontaine Saint Georges<\/figcaption><\/figure>\n<\/div>\n\n<div class=\"wp-block-image\">\n<figure class=\"aligncenter\"><img decoding=\"async\" src=\"https:\/\/i1.wp.com\/patrimoine-avesnois.fr\/chemin\/wp-content\/uploads\/2019\/04\/image-195.png?fit=840%2C505\" alt=\"\" class=\"wp-image-1092\"\/><figcaption class=\"wp-element-caption\">Fontaine et chapelle St Georges<\/figcaption><\/figure>\n<\/div>\n\n\n<figure class=\"wp-block-image size-full is-resized\"><img data-recalc-dims=\"1\" decoding=\"async\" src=\"https:\/\/i0.wp.com\/patrimoine-avesnois.fr\/fontaines\/wp-content\/uploads\/2021\/07\/Fontaine-St-Georges-ENGLEFONTAINE.webp?w=840&#038;ssl=1\" alt=\"\" class=\"wp-image-746\"  srcset=\"https:\/\/i0.wp.com\/patrimoine-avesnois.fr\/fontaines\/wp-content\/uploads\/2021\/07\/Fontaine-St-Georges-ENGLEFONTAINE.webp?w=839&amp;ssl=1 839w, https:\/\/i0.wp.com\/patrimoine-avesnois.fr\/fontaines\/wp-content\/uploads\/2021\/07\/Fontaine-St-Georges-ENGLEFONTAINE.webp?resize=300%2C225&amp;ssl=1 300w, https:\/\/i0.wp.com\/patrimoine-avesnois.fr\/fontaines\/wp-content\/uploads\/2021\/07\/Fontaine-St-Georges-ENGLEFONTAINE.webp?resize=768%2C576&amp;ssl=1 768w\" sizes=\"(max-width: 839px) 85vw, 839px\" \/><figcaption class=\"wp-element-caption\">Fontaine St Georges<\/figcaption><\/figure>\n\n\n<div class=\"wp-block-image\">\n<figure class=\"aligncenter\"><img decoding=\"async\" src=\"https:\/\/i1.wp.com\/patrimoine-avesnois.fr\/chemin\/wp-content\/uploads\/2021\/06\/image-64.png?w=840\" alt=\"\" class=\"wp-image-13617\"\/><figcaption class=\"wp-element-caption\">Fontaine St Georges Photo <a href=\"https:\/\/www.englefontaine.fr\/patrimoine\/\" target=\"_blank\" rel=\"noreferrer noopener\">Mairie Englefontaine<\/a><\/figcaption><\/figure>\n<\/div>\n\n<div class=\"wp-block-image\">\n<figure class=\"aligncenter\"><img decoding=\"async\" src=\"https:\/\/i0.wp.com\/patrimoine-avesnois.fr\/chemin\/wp-content\/uploads\/2019\/04\/image-193.png?resize=840%2C595\" alt=\"\" class=\"wp-image-1086\"\/><figcaption class=\"wp-element-caption\">Photos Melvin D<\/figcaption><\/figure>\n<\/div>\n\n\n<p>On acc\u00e8de \u00e0 la fontaine par un petit sentier. Elle se trouve en bordure du ruisseau Saint Georges et est form\u00e9e de trois bassins rectangulaires, s\u2019\u00e9tendant sous un apprentis : les femmes venaient rincer leurs linges dans les deux lavoirs qui suivent le puisoir. Un bas relief sculpt\u00e9 en 1948 par un artisan local et une chapelle voisine \u00e9voquent le souvenir du saint. En g\u00e9n\u00e9ral on y vient pour la gu\u00e9rison des dartres.<\/p>\n\n\n\n<p>En 1878 on construisit \u00e0 l&rsquo;abreuvoir un mur de quai qui obligea la commune \u00e0 une imposition extraordinaire (ADN S\u00e9rie 2 O \/31-91).<\/p>\n","protected":false},"excerpt":{"rendered":"<p>Lors du passage de&nbsp;Saint Georges&nbsp;accompagn\u00e9 d\u2019un groupe de soldats anglais, son cheval aurait fait jaillir une fontaine \u00e0 l\u2019aide de ses sabots. On acc\u00e8de \u00e0 la fontaine par un petit sentier. Elle se trouve en bordure du ruisseau Saint Georges et est form\u00e9e de trois bassins rectangulaires, s\u2019\u00e9tendant sous un apprentis : les femmes venaient &hellip; <a href=\"https:\/\/patrimoine-avesnois.fr\/fontaines\/englefontaine-la-fontaine-st-georges\/\" class=\"more-link\">Continuer la lecture<span class=\"screen-reader-text\"> de &laquo;&nbsp;Englefontaine : la fontaine St Georges&nbsp;&raquo;<\/span><\/a><\/p>\n","protected":false},"author":2,"featured_media":0,"parent":0,"menu_order":0,"comment_status":"closed","ping_status":"closed","template":"","meta":{"footnotes":""},"class_list":["post-182","page","type-page","status-publish","hentry"],"jetpack_sharing_enabled":true,"_links":{"self":[{"href":"https:\/\/patrimoine-avesnois.fr\/fontaines\/wp-json\/wp\/v2\/pages\/182","targetHints":{"allow":["GET"]}}],"collection":[{"href":"https:\/\/patrimoine-avesnois.fr\/fontaines\/wp-json\/wp\/v2\/pages"}],"about":[{"href":"https:\/\/patrimoine-avesnois.fr\/fontaines\/wp-json\/wp\/v2\/types\/page"}],"author":[{"embeddable":true,"href":"https:\/\/patrimoine-avesnois.fr\/fontaines\/wp-json\/wp\/v2\/users\/2"}],"replies":[{"embeddable":true,"href":"https:\/\/patrimoine-avesnois.fr\/fontaines\/wp-json\/wp\/v2\/comments?post=182"}],"version-history":[{"count":5,"href":"https:\/\/patrimoine-avesnois.fr\/fontaines\/wp-json\/wp\/v2\/pages\/182\/revisions"}],"predecessor-version":[{"id":1877,"href":"https:\/\/patrimoine-avesnois.fr\/fontaines\/wp-json\/wp\/v2\/pages\/182\/revisions\/1877"}],"wp:attachment":[{"href":"https:\/\/patrimoine-avesnois.fr\/fontaines\/wp-json\/wp\/v2\/media?parent=182"}],"curies":[{"name":"wp","href":"https:\/\/api.w.org\/{rel}","templated":true}]}}