{"id":193,"date":"2021-07-02T11:27:43","date_gmt":"2021-07-02T09:27:43","guid":{"rendered":"https:\/\/patrimoine-avesnois.fr\/fontaines\/?page_id=193"},"modified":"2025-03-02T10:45:24","modified_gmt":"2025-03-02T09:45:24","slug":"etroeungt","status":"publish","type":"page","link":"https:\/\/patrimoine-avesnois.fr\/fontaines\/etroeungt\/","title":{"rendered":"Etroeungt : les lavoirs Fostier et Proteau-L&rsquo;abreuvoir de la rue de la Filature"},"content":{"rendered":"<div class=\"wp-block-image\">\n<figure class=\"aligncenter size-full is-resized\"><img data-recalc-dims=\"1\" loading=\"lazy\" decoding=\"async\" width=\"493\" height=\"616\" src=\"https:\/\/i0.wp.com\/patrimoine-avesnois.fr\/fontaines\/wp-content\/uploads\/2025\/03\/IMG_3487.jpg?resize=493%2C616&#038;ssl=1\" alt=\"\" class=\"wp-image-2149\" style=\"width:454px\" srcset=\"https:\/\/i0.wp.com\/patrimoine-avesnois.fr\/fontaines\/wp-content\/uploads\/2025\/03\/IMG_3487.jpg?w=493&amp;ssl=1 493w, https:\/\/i0.wp.com\/patrimoine-avesnois.fr\/fontaines\/wp-content\/uploads\/2025\/03\/IMG_3487.jpg?resize=240%2C300&amp;ssl=1 240w\" sizes=\"auto, (max-width: 493px) 85vw, 493px\" \/><figcaption class=\"wp-element-caption\">Lavoir Rue Fostier<\/figcaption><\/figure>\n<\/div>\n\n\n<p class=\"has-text-align-left\">Un lavoir du XIX e si\u00e8cle en pierre et bois est situ\u00e9 68 rue Jean Fostier au milieu de diff\u00e9rentes propri\u00e9t\u00e9s et l\u2019on n\u2019y acc\u00e8de que par de petites ruelles.<\/p>\n\n\n\n<p class=\"has-text-align-center\">***<\/p>\n\n\n<div class=\"wp-block-image\">\n<figure class=\"aligncenter size-full is-resized\"><img data-recalc-dims=\"1\" loading=\"lazy\" decoding=\"async\" width=\"698\" height=\"933\" src=\"https:\/\/i0.wp.com\/patrimoine-avesnois.fr\/fontaines\/wp-content\/uploads\/2025\/03\/image.png?resize=698%2C933&#038;ssl=1\" alt=\"\" class=\"wp-image-2145\" style=\"width:454px;height:auto\" srcset=\"https:\/\/i0.wp.com\/patrimoine-avesnois.fr\/fontaines\/wp-content\/uploads\/2025\/03\/image.png?w=698&amp;ssl=1 698w, https:\/\/i0.wp.com\/patrimoine-avesnois.fr\/fontaines\/wp-content\/uploads\/2025\/03\/image.png?resize=224%2C300&amp;ssl=1 224w\" sizes=\"auto, (max-width: 698px) 85vw, 698px\" \/><figcaption class=\"wp-element-caption\">Lavoir Rue des fontaines<\/figcaption><\/figure>\n<\/div>\n\n\n<p>Dans la Rue des fontaines, en 1830, une source fut am\u00e9nag\u00e9e en lavoir par Jean Proteau, ancien grognard de Napol\u00e9on, et maire entre 1826 et 1837.<\/p>\n\n\n\n<p class=\"has-text-align-center\">***<\/p>\n\n\n<div class=\"wp-block-image is-resized\">\n<figure class=\"aligncenter size-full\"><img data-recalc-dims=\"1\" loading=\"lazy\" decoding=\"async\" width=\"840\" height=\"531\" src=\"https:\/\/i0.wp.com\/patrimoine-avesnois.fr\/fontaines\/wp-content\/uploads\/2021\/07\/Abreuvoir-Etroeungt.jpg?resize=840%2C531&#038;ssl=1\" alt=\"\" class=\"wp-image-1138\" srcset=\"https:\/\/i0.wp.com\/patrimoine-avesnois.fr\/fontaines\/wp-content\/uploads\/2021\/07\/Abreuvoir-Etroeungt.jpg?w=966&amp;ssl=1 966w, https:\/\/i0.wp.com\/patrimoine-avesnois.fr\/fontaines\/wp-content\/uploads\/2021\/07\/Abreuvoir-Etroeungt.jpg?resize=300%2C190&amp;ssl=1 300w, https:\/\/i0.wp.com\/patrimoine-avesnois.fr\/fontaines\/wp-content\/uploads\/2021\/07\/Abreuvoir-Etroeungt.jpg?resize=768%2C486&amp;ssl=1 768w\" sizes=\"auto, (max-width: 709px) 85vw, (max-width: 909px) 67vw, (max-width: 1362px) 62vw, 840px\" \/><figcaption class=\"wp-element-caption\">Abreuvoir et Rue de la Filature<\/figcaption><\/figure>\n<\/div>\n\n<div class=\"wp-block-image\">\n<figure class=\"aligncenter size-large\"><img data-recalc-dims=\"1\" loading=\"lazy\" decoding=\"async\" width=\"840\" height=\"533\" src=\"https:\/\/i0.wp.com\/patrimoine-avesnois.fr\/fontaines\/wp-content\/uploads\/2025\/03\/image-2.png?resize=840%2C533&#038;ssl=1\" alt=\"\" class=\"wp-image-2152\" srcset=\"https:\/\/i0.wp.com\/patrimoine-avesnois.fr\/fontaines\/wp-content\/uploads\/2025\/03\/image-2.png?resize=1024%2C650&amp;ssl=1 1024w, https:\/\/i0.wp.com\/patrimoine-avesnois.fr\/fontaines\/wp-content\/uploads\/2025\/03\/image-2.png?resize=300%2C191&amp;ssl=1 300w, https:\/\/i0.wp.com\/patrimoine-avesnois.fr\/fontaines\/wp-content\/uploads\/2025\/03\/image-2.png?resize=768%2C488&amp;ssl=1 768w, https:\/\/i0.wp.com\/patrimoine-avesnois.fr\/fontaines\/wp-content\/uploads\/2025\/03\/image-2.png?w=1113&amp;ssl=1 1113w\" sizes=\"auto, (max-width: 709px) 85vw, (max-width: 909px) 67vw, (max-width: 1362px) 62vw, 840px\" \/><figcaption class=\"wp-element-caption\">L&rsquo;endroit de nos jours Photo Google 2013<\/figcaption><\/figure>\n<\/div>\n\n\n<p><\/p>\n","protected":false},"excerpt":{"rendered":"<p>Un lavoir du XIX e si\u00e8cle en pierre et bois est situ\u00e9 68 rue Jean Fostier au milieu de diff\u00e9rentes propri\u00e9t\u00e9s et l\u2019on n\u2019y acc\u00e8de que par de petites ruelles. *** Dans la Rue des fontaines, en 1830, une source fut am\u00e9nag\u00e9e en lavoir par Jean Proteau, ancien grognard de Napol\u00e9on, et maire entre 1826 &hellip; <a href=\"https:\/\/patrimoine-avesnois.fr\/fontaines\/etroeungt\/\" class=\"more-link\">Continuer la lecture<span class=\"screen-reader-text\"> de &laquo;&nbsp;Etroeungt : les lavoirs Fostier et Proteau-L&rsquo;abreuvoir de la rue de la Filature&nbsp;&raquo;<\/span><\/a><\/p>\n","protected":false},"author":2,"featured_media":0,"parent":0,"menu_order":0,"comment_status":"closed","ping_status":"closed","template":"","meta":{"footnotes":""},"class_list":["post-193","page","type-page","status-publish","hentry"],"jetpack_sharing_enabled":true,"_links":{"self":[{"href":"https:\/\/patrimoine-avesnois.fr\/fontaines\/wp-json\/wp\/v2\/pages\/193","targetHints":{"allow":["GET"]}}],"collection":[{"href":"https:\/\/patrimoine-avesnois.fr\/fontaines\/wp-json\/wp\/v2\/pages"}],"about":[{"href":"https:\/\/patrimoine-avesnois.fr\/fontaines\/wp-json\/wp\/v2\/types\/page"}],"author":[{"embeddable":true,"href":"https:\/\/patrimoine-avesnois.fr\/fontaines\/wp-json\/wp\/v2\/users\/2"}],"replies":[{"embeddable":true,"href":"https:\/\/patrimoine-avesnois.fr\/fontaines\/wp-json\/wp\/v2\/comments?post=193"}],"version-history":[{"count":8,"href":"https:\/\/patrimoine-avesnois.fr\/fontaines\/wp-json\/wp\/v2\/pages\/193\/revisions"}],"predecessor-version":[{"id":2153,"href":"https:\/\/patrimoine-avesnois.fr\/fontaines\/wp-json\/wp\/v2\/pages\/193\/revisions\/2153"}],"wp:attachment":[{"href":"https:\/\/patrimoine-avesnois.fr\/fontaines\/wp-json\/wp\/v2\/media?parent=193"}],"curies":[{"name":"wp","href":"https:\/\/api.w.org\/{rel}","templated":true}]}}