{"id":1960,"date":"2023-07-01T19:08:27","date_gmt":"2023-07-01T17:08:27","guid":{"rendered":"https:\/\/patrimoine-avesnois.fr\/fontaines\/?page_id=1960"},"modified":"2023-07-01T19:10:03","modified_gmt":"2023-07-01T17:10:03","slug":"sains-du-nord-ses-aqueducs-et-ses-abreuvoirs","status":"publish","type":"page","link":"https:\/\/patrimoine-avesnois.fr\/fontaines\/sains-du-nord-ses-aqueducs-et-ses-abreuvoirs\/","title":{"rendered":"Sains du Nord : ses aqueducs et ses abreuvoirs"},"content":{"rendered":"\n<p>Entre 1867 et 1868 on am\u00e9nagea sur la Place Publique un aqueduc puis on construisit 2 aqueducs Chemin Martinet.  <\/p>\n\n\n\n<p>La commune proc\u00e9da entre 1879 et 1881 \u00e0 la construction d&rsquo;abreuvoirs. Ant\u00e9rieurement il en existait d\u00e9j\u00e0 un rue du cur\u00e9.<\/p>\n\n\n\n<p>En 1882, la construction d&rsquo;un aqueduc vit le jour sur le ruisseau du pont Triquet. <\/p>\n\n\n\n<p>En 1892 des travaux furent entrepris en vue de l&rsquo;\u00e9tablissement de murs de sout\u00e8nement \u00e0 l&rsquo;abreuvoir de la Cure.<\/p>\n\n\n\n<p>En 1893 on en fit de m\u00eame \u00e0 l&rsquo;abreuvoir du Moulin \u00e0 Vent.<\/p>\n\n\n\n<p>En 1896 d&rsquo;autres constructions d&rsquo;aqueducs virent le jour dans la commune.<\/p>\n","protected":false},"excerpt":{"rendered":"<p>Entre 1867 et 1868 on am\u00e9nagea sur la Place Publique un aqueduc puis on construisit 2 aqueducs Chemin Martinet. La commune proc\u00e9da entre 1879 et 1881 \u00e0 la construction d&rsquo;abreuvoirs. Ant\u00e9rieurement il en existait d\u00e9j\u00e0 un rue du cur\u00e9. En 1882, la construction d&rsquo;un aqueduc vit le jour sur le ruisseau du pont Triquet. En &hellip; <a href=\"https:\/\/patrimoine-avesnois.fr\/fontaines\/sains-du-nord-ses-aqueducs-et-ses-abreuvoirs\/\" class=\"more-link\">Continuer la lecture<span class=\"screen-reader-text\"> de &laquo;&nbsp;Sains du Nord : ses aqueducs et ses abreuvoirs&nbsp;&raquo;<\/span><\/a><\/p>\n","protected":false},"author":2,"featured_media":0,"parent":0,"menu_order":0,"comment_status":"closed","ping_status":"closed","template":"","meta":{"footnotes":""},"class_list":["post-1960","page","type-page","status-publish","hentry"],"jetpack_sharing_enabled":true,"_links":{"self":[{"href":"https:\/\/patrimoine-avesnois.fr\/fontaines\/wp-json\/wp\/v2\/pages\/1960","targetHints":{"allow":["GET"]}}],"collection":[{"href":"https:\/\/patrimoine-avesnois.fr\/fontaines\/wp-json\/wp\/v2\/pages"}],"about":[{"href":"https:\/\/patrimoine-avesnois.fr\/fontaines\/wp-json\/wp\/v2\/types\/page"}],"author":[{"embeddable":true,"href":"https:\/\/patrimoine-avesnois.fr\/fontaines\/wp-json\/wp\/v2\/users\/2"}],"replies":[{"embeddable":true,"href":"https:\/\/patrimoine-avesnois.fr\/fontaines\/wp-json\/wp\/v2\/comments?post=1960"}],"version-history":[{"count":2,"href":"https:\/\/patrimoine-avesnois.fr\/fontaines\/wp-json\/wp\/v2\/pages\/1960\/revisions"}],"predecessor-version":[{"id":1963,"href":"https:\/\/patrimoine-avesnois.fr\/fontaines\/wp-json\/wp\/v2\/pages\/1960\/revisions\/1963"}],"wp:attachment":[{"href":"https:\/\/patrimoine-avesnois.fr\/fontaines\/wp-json\/wp\/v2\/media?parent=1960"}],"curies":[{"name":"wp","href":"https:\/\/api.w.org\/{rel}","templated":true}]}}