{"id":201,"date":"2021-07-02T11:36:27","date_gmt":"2021-07-02T09:36:27","guid":{"rendered":"https:\/\/patrimoine-avesnois.fr\/fontaines\/?page_id=201"},"modified":"2023-05-15T15:36:57","modified_gmt":"2023-05-15T13:36:57","slug":"felleries-la-fontaine-du-grand-mont","status":"publish","type":"page","link":"https:\/\/patrimoine-avesnois.fr\/fontaines\/felleries-la-fontaine-du-grand-mont\/","title":{"rendered":"Felleries : la fontaine du Grand Mont"},"content":{"rendered":"<div class=\"wp-block-image\">\n<figure class=\"aligncenter\"><img decoding=\"async\" src=\"https:\/\/i1.wp.com\/patrimoine-avesnois.fr\/chemin\/wp-content\/uploads\/2021\/06\/Capture-105.jpg?w=840\" alt=\"\" class=\"wp-image-13633\"\/><figcaption class=\"wp-element-caption\">Cadastre Felleries 1868 ADN P 31 \/ 698 <a href=\"https:\/\/archivesdepartementales.lenord.fr\/ark:\/33518\/dv3q2gmk40r9\/0e9bd1cc-096f-4072-9838-bdb9b868d541\" target=\"_blank\" rel=\"noreferrer noopener\">Vue 18\/32<\/a><\/figcaption><\/figure>\n<\/div>\n\n<div class=\"wp-block-image\">\n<figure class=\"aligncenter size-full\"><img data-recalc-dims=\"1\" loading=\"lazy\" decoding=\"async\" width=\"565\" height=\"423\" src=\"https:\/\/i0.wp.com\/patrimoine-avesnois.fr\/fontaines\/wp-content\/uploads\/2021\/07\/fontaine-du-Grand-Mont-FELLERIES.webp?resize=565%2C423&#038;ssl=1\" alt=\"\" class=\"wp-image-763\" srcset=\"https:\/\/i0.wp.com\/patrimoine-avesnois.fr\/fontaines\/wp-content\/uploads\/2021\/07\/fontaine-du-Grand-Mont-FELLERIES.webp?w=565&amp;ssl=1 565w, https:\/\/i0.wp.com\/patrimoine-avesnois.fr\/fontaines\/wp-content\/uploads\/2021\/07\/fontaine-du-Grand-Mont-FELLERIES.webp?resize=300%2C225&amp;ssl=1 300w\" sizes=\"auto, (max-width: 565px) 85vw, 565px\" \/><figcaption class=\"wp-element-caption\">Fontaine <a href=\"https:\/\/www.google.com\/maps\/@50.1464527,4.0360478,3a,75y,178.63h,73.49t\/data=!3m6!1e1!3m4!1s5cDnuNyMXFEW9e5RGzuSRQ!2e0!7i13312!8i6656?hl=fr\" target=\"_blank\" rel=\"noreferrer noopener\">Rue du Grand Mont<\/a> Felleries<\/figcaption><\/figure>\n<\/div>\n\n\n<p>Cette fontaine est peut-\u00eatre \u00e0 l&rsquo;origine soit du lavoir public qui fut d\u00e9plac\u00e9 en 1870 par le sieur Roland avec plainte des habitants et mise en demeure pour le r\u00e9tablissement, soit de la construction entre 1874 et 1876 d&rsquo;un aqueduc et l&rsquo;\u00e9tablissement d&rsquo;un abreuvoir, celui-ci occasionnant en 1883 une contestation des droits de propri\u00e9t\u00e9 avec action en justice (ADN S\u00e9rie 2O\/223\/60-79-8).<\/p>\n","protected":false},"excerpt":{"rendered":"<p>Cette fontaine est peut-\u00eatre \u00e0 l&rsquo;origine soit du lavoir public qui fut d\u00e9plac\u00e9 en 1870 par le sieur Roland avec plainte des habitants et mise en demeure pour le r\u00e9tablissement, soit de la construction entre 1874 et 1876 d&rsquo;un aqueduc et l&rsquo;\u00e9tablissement d&rsquo;un abreuvoir, celui-ci occasionnant en 1883 une contestation des droits de propri\u00e9t\u00e9 avec &hellip; <a href=\"https:\/\/patrimoine-avesnois.fr\/fontaines\/felleries-la-fontaine-du-grand-mont\/\" class=\"more-link\">Continuer la lecture<span class=\"screen-reader-text\"> de &laquo;&nbsp;Felleries : la fontaine du Grand Mont&nbsp;&raquo;<\/span><\/a><\/p>\n","protected":false},"author":2,"featured_media":0,"parent":0,"menu_order":0,"comment_status":"closed","ping_status":"closed","template":"","meta":{"footnotes":""},"class_list":["post-201","page","type-page","status-publish","hentry"],"jetpack_sharing_enabled":true,"_links":{"self":[{"href":"https:\/\/patrimoine-avesnois.fr\/fontaines\/wp-json\/wp\/v2\/pages\/201","targetHints":{"allow":["GET"]}}],"collection":[{"href":"https:\/\/patrimoine-avesnois.fr\/fontaines\/wp-json\/wp\/v2\/pages"}],"about":[{"href":"https:\/\/patrimoine-avesnois.fr\/fontaines\/wp-json\/wp\/v2\/types\/page"}],"author":[{"embeddable":true,"href":"https:\/\/patrimoine-avesnois.fr\/fontaines\/wp-json\/wp\/v2\/users\/2"}],"replies":[{"embeddable":true,"href":"https:\/\/patrimoine-avesnois.fr\/fontaines\/wp-json\/wp\/v2\/comments?post=201"}],"version-history":[{"count":6,"href":"https:\/\/patrimoine-avesnois.fr\/fontaines\/wp-json\/wp\/v2\/pages\/201\/revisions"}],"predecessor-version":[{"id":1884,"href":"https:\/\/patrimoine-avesnois.fr\/fontaines\/wp-json\/wp\/v2\/pages\/201\/revisions\/1884"}],"wp:attachment":[{"href":"https:\/\/patrimoine-avesnois.fr\/fontaines\/wp-json\/wp\/v2\/media?parent=201"}],"curies":[{"name":"wp","href":"https:\/\/api.w.org\/{rel}","templated":true}]}}