{"id":2162,"date":"2025-03-13T12:32:15","date_gmt":"2025-03-13T11:32:15","guid":{"rendered":"https:\/\/patrimoine-avesnois.fr\/fontaines\/?page_id=2162"},"modified":"2025-03-13T12:59:50","modified_gmt":"2025-03-13T11:59:50","slug":"semeries","status":"publish","type":"page","link":"https:\/\/patrimoine-avesnois.fr\/fontaines\/semeries\/","title":{"rendered":"S\u00e9meries : la pompe de la Belleuse"},"content":{"rendered":"<div class=\"wp-block-image\">\n<figure class=\"aligncenter size-large\"><img data-recalc-dims=\"1\" loading=\"lazy\" decoding=\"async\" width=\"768\" height=\"1024\" src=\"https:\/\/i0.wp.com\/patrimoine-avesnois.fr\/fontaines\/wp-content\/uploads\/2025\/03\/IMG_3649.jpeg?resize=768%2C1024&#038;ssl=1\" alt=\"\" class=\"wp-image-2163\" srcset=\"https:\/\/i0.wp.com\/patrimoine-avesnois.fr\/fontaines\/wp-content\/uploads\/2025\/03\/IMG_3649.jpeg?resize=768%2C1024&amp;ssl=1 768w, https:\/\/i0.wp.com\/patrimoine-avesnois.fr\/fontaines\/wp-content\/uploads\/2025\/03\/IMG_3649.jpeg?resize=225%2C300&amp;ssl=1 225w, https:\/\/i0.wp.com\/patrimoine-avesnois.fr\/fontaines\/wp-content\/uploads\/2025\/03\/IMG_3649.jpeg?resize=1152%2C1536&amp;ssl=1 1152w, https:\/\/i0.wp.com\/patrimoine-avesnois.fr\/fontaines\/wp-content\/uploads\/2025\/03\/IMG_3649.jpeg?resize=1200%2C1600&amp;ssl=1 1200w, https:\/\/i0.wp.com\/patrimoine-avesnois.fr\/fontaines\/wp-content\/uploads\/2025\/03\/IMG_3649.jpeg?w=1536&amp;ssl=1 1536w\" sizes=\"auto, (max-width: 768px) 85vw, 768px\" \/><\/figure>\n<\/div>\n\n\n<p>Pompe situ\u00e9e rue de Ramousies D 133. Elle est aliment\u00e9e par les eaux de La Belleuse, lesquelles se jettent \u00e0 une centaine de m\u00e8tres en aval dans l&rsquo;Helpe Majeure. Cette petite rivi\u00e8re s&rsquo;appelait auparavant le ruisseau de Felleries. Cette pompe \u00e9lectrique permet d&rsquo;alimenter en eau les agriculteurs du village.<\/p>\n","protected":false},"excerpt":{"rendered":"<p>Pompe situ\u00e9e rue de Ramousies D 133. Elle est aliment\u00e9e par les eaux de La Belleuse, lesquelles se jettent \u00e0 une centaine de m\u00e8tres en aval dans l&rsquo;Helpe Majeure. Cette petite rivi\u00e8re s&rsquo;appelait auparavant le ruisseau de Felleries. Cette pompe \u00e9lectrique permet d&rsquo;alimenter en eau les agriculteurs du village.<\/p>\n","protected":false},"author":2,"featured_media":0,"parent":0,"menu_order":0,"comment_status":"closed","ping_status":"closed","template":"","meta":{"footnotes":""},"class_list":["post-2162","page","type-page","status-publish","hentry"],"jetpack_sharing_enabled":true,"_links":{"self":[{"href":"https:\/\/patrimoine-avesnois.fr\/fontaines\/wp-json\/wp\/v2\/pages\/2162","targetHints":{"allow":["GET"]}}],"collection":[{"href":"https:\/\/patrimoine-avesnois.fr\/fontaines\/wp-json\/wp\/v2\/pages"}],"about":[{"href":"https:\/\/patrimoine-avesnois.fr\/fontaines\/wp-json\/wp\/v2\/types\/page"}],"author":[{"embeddable":true,"href":"https:\/\/patrimoine-avesnois.fr\/fontaines\/wp-json\/wp\/v2\/users\/2"}],"replies":[{"embeddable":true,"href":"https:\/\/patrimoine-avesnois.fr\/fontaines\/wp-json\/wp\/v2\/comments?post=2162"}],"version-history":[{"count":3,"href":"https:\/\/patrimoine-avesnois.fr\/fontaines\/wp-json\/wp\/v2\/pages\/2162\/revisions"}],"predecessor-version":[{"id":2168,"href":"https:\/\/patrimoine-avesnois.fr\/fontaines\/wp-json\/wp\/v2\/pages\/2162\/revisions\/2168"}],"wp:attachment":[{"href":"https:\/\/patrimoine-avesnois.fr\/fontaines\/wp-json\/wp\/v2\/media?parent=2162"}],"curies":[{"name":"wp","href":"https:\/\/api.w.org\/{rel}","templated":true}]}}