{"id":221,"date":"2021-07-02T12:32:57","date_gmt":"2021-07-02T10:32:57","guid":{"rendered":"https:\/\/patrimoine-avesnois.fr\/fontaines\/?page_id=221"},"modified":"2023-05-15T16:09:29","modified_gmt":"2023-05-15T14:09:29","slug":"fontaine-au-bois-le-lavoir-de-lhirondelle","status":"publish","type":"page","link":"https:\/\/patrimoine-avesnois.fr\/fontaines\/fontaine-au-bois-le-lavoir-de-lhirondelle\/","title":{"rendered":"Fontaine-au-Bois : le lavoir de l&rsquo;Hirondelle"},"content":{"rendered":"<div class=\"wp-block-image\">\n<figure class=\"aligncenter is-resized\"><img decoding=\"async\" src=\"https:\/\/i1.wp.com\/patrimoine-avesnois.fr\/chemin\/wp-content\/uploads\/2021\/06\/Capture-127.jpg?w=840\" alt=\"\" class=\"wp-image-13686\" width=\"728\"\/><figcaption class=\"wp-element-caption\">Cadastre Fontaine-au-Bois 1831 ADN P 31 \/ 705 <a href=\"https:\/\/archivesdepartementales.lenord.fr\/ark:\/33518\/9bq156wkcmf2\/f0299198-6383-4c5d-b123-797f7232a4bf\" target=\"_blank\" rel=\"noreferrer noopener\">Vue 2\/15<\/a><\/figcaption><\/figure>\n<\/div>\n\n<div class=\"wp-block-image\">\n<figure class=\"aligncenter size-full is-resized\"><img data-recalc-dims=\"1\" loading=\"lazy\" decoding=\"async\" src=\"https:\/\/i0.wp.com\/patrimoine-avesnois.fr\/fontaines\/wp-content\/uploads\/2021\/12\/image-5.png?resize=728%2C485&#038;ssl=1\" alt=\"\" class=\"wp-image-1496\" width=\"728\" height=\"485\" srcset=\"https:\/\/i0.wp.com\/patrimoine-avesnois.fr\/fontaines\/wp-content\/uploads\/2021\/12\/image-5.png?w=366&amp;ssl=1 366w, https:\/\/i0.wp.com\/patrimoine-avesnois.fr\/fontaines\/wp-content\/uploads\/2021\/12\/image-5.png?resize=300%2C200&amp;ssl=1 300w\" sizes=\"auto, (max-width: 728px) 85vw, 728px\" \/><figcaption class=\"wp-element-caption\">Lavoir de Fontaine-au-Bois avant restauration Photo <a rel=\"noreferrer noopener\" href=\"http:\/\/landrecies.free.fr\/fontaine.html\" data-type=\"URL\" data-id=\"http:\/\/landrecies.free.fr\/fontaine.html\" target=\"_blank\">Landrecies.free.fr<\/a><\/figcaption><\/figure>\n<\/div>\n\n<div class=\"wp-block-image\">\n<figure class=\"aligncenter size-full is-resized\"><img data-recalc-dims=\"1\" loading=\"lazy\" decoding=\"async\" src=\"https:\/\/i0.wp.com\/patrimoine-avesnois.fr\/fontaines\/wp-content\/uploads\/2021\/07\/lavoir-de-Fontaine-au-Bois-1.webp?resize=728%2C562&#038;ssl=1\" alt=\"\" class=\"wp-image-787\" width=\"728\" height=\"562\" srcset=\"https:\/\/i0.wp.com\/patrimoine-avesnois.fr\/fontaines\/wp-content\/uploads\/2021\/07\/lavoir-de-Fontaine-au-Bois-1.webp?w=645&amp;ssl=1 645w, https:\/\/i0.wp.com\/patrimoine-avesnois.fr\/fontaines\/wp-content\/uploads\/2021\/07\/lavoir-de-Fontaine-au-Bois-1.webp?resize=300%2C232&amp;ssl=1 300w\" sizes=\"auto, (max-width: 728px) 85vw, 728px\" \/><figcaption class=\"wp-element-caption\">Lavoir de Fontaine-au-Bois <a href=\"https:\/\/www.google.fr\/maps\/@50.1444654,3.641819,3a,45y,0.57h,79.72t\/data=!3m6!1e1!3m4!1s21hAj6T3VvJ5y0IGQlf6Lg!2e0!7i16384!8i8192\" target=\"_blank\" rel=\"noreferrer noopener\">Rue de Bousies<\/a><\/figcaption><\/figure>\n<\/div>\n\n<div class=\"wp-block-image\">\n<figure class=\"aligncenter size-full is-resized\"><img data-recalc-dims=\"1\" loading=\"lazy\" decoding=\"async\" src=\"https:\/\/i0.wp.com\/patrimoine-avesnois.fr\/fontaines\/wp-content\/uploads\/2021\/07\/lavoir-de-Fontaine-au-Bois.webp?resize=728%2C545&#038;ssl=1\" alt=\"\" class=\"wp-image-785\" width=\"728\" height=\"545\" srcset=\"https:\/\/i0.wp.com\/patrimoine-avesnois.fr\/fontaines\/wp-content\/uploads\/2021\/07\/lavoir-de-Fontaine-au-Bois.webp?w=708&amp;ssl=1 708w, https:\/\/i0.wp.com\/patrimoine-avesnois.fr\/fontaines\/wp-content\/uploads\/2021\/07\/lavoir-de-Fontaine-au-Bois.webp?resize=300%2C225&amp;ssl=1 300w\" sizes=\"auto, (max-width: 728px) 85vw, 728px\" \/><figcaption class=\"wp-element-caption\">Lavoir Fontaine-au-Bois Photo wikipedia<\/figcaption><\/figure>\n<\/div>\n\n\n<p>Lavoir, existant depuis le XV\u00e8me si\u00e8cle, source de l\u2019Hirondelle qui s\u2019\u00e9coule en direction du village de Bousies. Il avait \u00e9t\u00e9 restaur\u00e9 en 1921 avant de l&rsquo;\u00eatre de nouveau en 2017.<\/p>\n","protected":false},"excerpt":{"rendered":"<p>Lavoir, existant depuis le XV\u00e8me si\u00e8cle, source de l\u2019Hirondelle qui s\u2019\u00e9coule en direction du village de Bousies. Il avait \u00e9t\u00e9 restaur\u00e9 en 1921 avant de l&rsquo;\u00eatre de nouveau en 2017.<\/p>\n","protected":false},"author":2,"featured_media":0,"parent":0,"menu_order":0,"comment_status":"closed","ping_status":"closed","template":"","meta":{"footnotes":""},"class_list":["post-221","page","type-page","status-publish","hentry"],"jetpack_sharing_enabled":true,"_links":{"self":[{"href":"https:\/\/patrimoine-avesnois.fr\/fontaines\/wp-json\/wp\/v2\/pages\/221","targetHints":{"allow":["GET"]}}],"collection":[{"href":"https:\/\/patrimoine-avesnois.fr\/fontaines\/wp-json\/wp\/v2\/pages"}],"about":[{"href":"https:\/\/patrimoine-avesnois.fr\/fontaines\/wp-json\/wp\/v2\/types\/page"}],"author":[{"embeddable":true,"href":"https:\/\/patrimoine-avesnois.fr\/fontaines\/wp-json\/wp\/v2\/users\/2"}],"replies":[{"embeddable":true,"href":"https:\/\/patrimoine-avesnois.fr\/fontaines\/wp-json\/wp\/v2\/comments?post=221"}],"version-history":[{"count":6,"href":"https:\/\/patrimoine-avesnois.fr\/fontaines\/wp-json\/wp\/v2\/pages\/221\/revisions"}],"predecessor-version":[{"id":1892,"href":"https:\/\/patrimoine-avesnois.fr\/fontaines\/wp-json\/wp\/v2\/pages\/221\/revisions\/1892"}],"wp:attachment":[{"href":"https:\/\/patrimoine-avesnois.fr\/fontaines\/wp-json\/wp\/v2\/media?parent=221"}],"curies":[{"name":"wp","href":"https:\/\/api.w.org\/{rel}","templated":true}]}}