{"id":224,"date":"2021-07-02T12:37:16","date_gmt":"2021-07-02T10:37:16","guid":{"rendered":"https:\/\/patrimoine-avesnois.fr\/fontaines\/?page_id=224"},"modified":"2023-05-15T16:16:10","modified_gmt":"2023-05-15T14:16:10","slug":"forest-en-cambresis-la-fontaine-blanche-et-lancien-abreuvoir","status":"publish","type":"page","link":"https:\/\/patrimoine-avesnois.fr\/fontaines\/forest-en-cambresis-la-fontaine-blanche-et-lancien-abreuvoir\/","title":{"rendered":"Forest-en-Cambr\u00e9sis : la fontaine Blanche, l&rsquo;ancien abreuvoir et le puits de la maladrerie"},"content":{"rendered":"<div class=\"wp-block-image\">\n<figure class=\"aligncenter size-large is-resized\"><img data-recalc-dims=\"1\" loading=\"lazy\" decoding=\"async\" src=\"https:\/\/i0.wp.com\/patrimoine-avesnois.fr\/fontaines\/wp-content\/uploads\/2021\/07\/image-4.png?resize=840%2C310&#038;ssl=1\" alt=\"\" class=\"wp-image-226\" width=\"840\" height=\"310\" srcset=\"https:\/\/i0.wp.com\/patrimoine-avesnois.fr\/fontaines\/wp-content\/uploads\/2021\/07\/image-4.png?w=779&amp;ssl=1 779w, https:\/\/i0.wp.com\/patrimoine-avesnois.fr\/fontaines\/wp-content\/uploads\/2021\/07\/image-4.png?resize=300%2C111&amp;ssl=1 300w, https:\/\/i0.wp.com\/patrimoine-avesnois.fr\/fontaines\/wp-content\/uploads\/2021\/07\/image-4.png?resize=768%2C283&amp;ssl=1 768w\" sizes=\"auto, (max-width: 709px) 85vw, (max-width: 909px) 67vw, (max-width: 1362px) 62vw, 840px\" \/><\/figure>\n<\/div>\n\n\n<p>La Fontaine Blanche figure sur le cadastre de Forest-en-Cambr\u00e9sis en 1831 et en 1931<\/p>\n\n\n<div class=\"wp-block-image\">\n<figure class=\"aligncenter size-full is-resized\"><img data-recalc-dims=\"1\" loading=\"lazy\" decoding=\"async\" src=\"https:\/\/i0.wp.com\/patrimoine-avesnois.fr\/fontaines\/wp-content\/uploads\/2021\/07\/Fontaine-Blanche-Forest-en-Cambresis.webp?resize=780%2C586&#038;ssl=1\" alt=\"\" class=\"wp-image-789\" width=\"780\" height=\"586\" srcset=\"https:\/\/i0.wp.com\/patrimoine-avesnois.fr\/fontaines\/wp-content\/uploads\/2021\/07\/Fontaine-Blanche-Forest-en-Cambresis.webp?w=593&amp;ssl=1 593w, https:\/\/i0.wp.com\/patrimoine-avesnois.fr\/fontaines\/wp-content\/uploads\/2021\/07\/Fontaine-Blanche-Forest-en-Cambresis.webp?resize=300%2C225&amp;ssl=1 300w\" sizes=\"auto, (max-width: 780px) 85vw, 780px\" \/><figcaption class=\"wp-element-caption\">Fontaine Blanche Forest-en-Cambr\u00e9sis <a href=\"https:\/\/www.google.fr\/maps\/place\/Forest-en-Cambr%C3%A9sis\/@50.1228918,3.5610108,738m\/data=!3m1!1e3!4m5!3m4!1s0x47c28f73f047e485:0x40af13e816469d0!8m2!3d50.140935!4d3.569596\" target=\"_blank\" rel=\"noreferrer noopener\">Richemont<\/a><\/figcaption><\/figure>\n<\/div>\n\n\n<p class=\"has-text-align-center\">***<\/p>\n\n\n<div class=\"wp-block-image\">\n<figure class=\"aligncenter is-resized\"><img loading=\"lazy\" decoding=\"async\" src=\"https:\/\/i0.wp.com\/patrimoine-avesnois.fr\/chemin\/wp-content\/uploads\/2021\/06\/image-74.png?resize=546%2C386\" alt=\"\" class=\"wp-image-13679\" width=\"650\" height=\"460\"\/><figcaption class=\"wp-element-caption\">L\u2019Abreuvoir Section A N\u00b0 888 Cadastre 1831 Forest-en-Cambr\u00e9sis ADN P 31 \/ 706 <a rel=\"noreferrer noopener\" href=\"https:\/\/archivesdepartementales.lenord.fr\/ark:\/33518\/b2d61hkclmtv\/4fa20bce-74b4-4ca7-993c-a66ac4c66336\" target=\"_blank\">Vue 3\/17<\/a><\/figcaption><\/figure>\n<\/div>\n\n<div class=\"wp-block-image\">\n<figure class=\"aligncenter is-resized\"><img loading=\"lazy\" decoding=\"async\" src=\"https:\/\/i2.wp.com\/patrimoine-avesnois.fr\/chemin\/wp-content\/uploads\/2021\/06\/image-73.png?resize=557%2C386\" alt=\"\" class=\"wp-image-13678\" width=\"650\" height=\"450\"\/><figcaption class=\"wp-element-caption\">L\u2019Abreuvoir Cadastre 1931 Forest-en-Cambr\u00e9sis ADN P 31 \/ 706 <a href=\"https:\/\/archivesdepartementales.lenord.fr\/ark:\/33518\/b2d61hkclmtv\/bdba7b7a-671c-4251-b115-d514bd8b01ca\" target=\"_blank\" rel=\"noreferrer noopener\">Vue 13\/17<\/a><\/figcaption><\/figure>\n<\/div>\n\n<div class=\"wp-block-image\">\n<figure class=\"aligncenter size-full is-resized\"><img data-recalc-dims=\"1\" loading=\"lazy\" decoding=\"async\" src=\"https:\/\/i0.wp.com\/patrimoine-avesnois.fr\/fontaines\/wp-content\/uploads\/2021\/12\/image-4.png?resize=740%2C485&#038;ssl=1\" alt=\"\" class=\"wp-image-1492\" width=\"740\" height=\"485\" srcset=\"https:\/\/i0.wp.com\/patrimoine-avesnois.fr\/fontaines\/wp-content\/uploads\/2021\/12\/image-4.png?w=920&amp;ssl=1 920w, https:\/\/i0.wp.com\/patrimoine-avesnois.fr\/fontaines\/wp-content\/uploads\/2021\/12\/image-4.png?resize=300%2C197&amp;ssl=1 300w, https:\/\/i0.wp.com\/patrimoine-avesnois.fr\/fontaines\/wp-content\/uploads\/2021\/12\/image-4.png?resize=768%2C503&amp;ssl=1 768w\" sizes=\"auto, (max-width: 740px) 85vw, 740px\" \/><\/figure>\n<\/div>\n\n<div class=\"wp-block-image\">\n<figure class=\"aligncenter size-full is-resized\"><img data-recalc-dims=\"1\" loading=\"lazy\" decoding=\"async\" src=\"https:\/\/i0.wp.com\/patrimoine-avesnois.fr\/fontaines\/wp-content\/uploads\/2021\/07\/Abreuvoir-Forest-en-Cambresis.jpg?resize=740%2C470&#038;ssl=1\" alt=\"\" class=\"wp-image-1140\" width=\"740\" height=\"470\" srcset=\"https:\/\/i0.wp.com\/patrimoine-avesnois.fr\/fontaines\/wp-content\/uploads\/2021\/07\/Abreuvoir-Forest-en-Cambresis.jpg?w=813&amp;ssl=1 813w, https:\/\/i0.wp.com\/patrimoine-avesnois.fr\/fontaines\/wp-content\/uploads\/2021\/07\/Abreuvoir-Forest-en-Cambresis.jpg?resize=300%2C190&amp;ssl=1 300w\" sizes=\"auto, (max-width: 740px) 85vw, 740px\" \/><figcaption class=\"wp-element-caption\">Abreuvoir Forest en Cambr\u00e9sis<\/figcaption><\/figure>\n<\/div>\n\n\n<p>Les murs de l&rsquo;abreuvoir n\u00e9cessit\u00e8rent des travaux de r\u00e9paration entre 1809 et  1830 et fut de nouveau r\u00e9par\u00e9 et agrandi en 1901 (ADN S\u00e9rie 2O\/243\/39-40).<\/p>\n\n\n<div class=\"wp-block-image\">\n<figure class=\"aligncenter size-full is-resized\"><img data-recalc-dims=\"1\" loading=\"lazy\" decoding=\"async\" src=\"https:\/\/i0.wp.com\/patrimoine-avesnois.fr\/fontaines\/wp-content\/uploads\/2021\/07\/Abreuvoir-Forest-en-Cambresis-.webp?resize=780%2C585&#038;ssl=1\" alt=\"\" class=\"wp-image-791\" width=\"780\" height=\"585\" srcset=\"https:\/\/i0.wp.com\/patrimoine-avesnois.fr\/fontaines\/wp-content\/uploads\/2021\/07\/Abreuvoir-Forest-en-Cambresis-.webp?w=655&amp;ssl=1 655w, https:\/\/i0.wp.com\/patrimoine-avesnois.fr\/fontaines\/wp-content\/uploads\/2021\/07\/Abreuvoir-Forest-en-Cambresis-.webp?resize=300%2C225&amp;ssl=1 300w\" sizes=\"auto, (max-width: 780px) 85vw, 780px\" \/><figcaption class=\"wp-element-caption\">Emplacement de l&rsquo;ancien abreuvoir Rue de la Chaus\u00e9e Brunehaut <a rel=\"noreferrer noopener\" href=\"https:\/\/www.google.fr\/maps\/@50.1402887,3.5706777,3a,90y,307.27h,93.73t\/data=!3m6!1e1!3m4!1sV1BFvjqi8HogjkGbOaWnCw!2e0!7i16384!8i8192\" target=\"_blank\">47 D 932<\/a> Forest-en-Cambr\u00e9sis<\/figcaption><\/figure>\n<\/div>\n\n<div class=\"wp-block-image\">\n<figure class=\"aligncenter size-full is-resized\"><img data-recalc-dims=\"1\" loading=\"lazy\" decoding=\"async\" src=\"https:\/\/i0.wp.com\/patrimoine-avesnois.fr\/fontaines\/wp-content\/uploads\/2021\/12\/image-1.png?resize=785%2C529&#038;ssl=1\" alt=\"\" class=\"wp-image-1485\" width=\"785\" height=\"529\" srcset=\"https:\/\/i0.wp.com\/patrimoine-avesnois.fr\/fontaines\/wp-content\/uploads\/2021\/12\/image-1.png?w=769&amp;ssl=1 769w, https:\/\/i0.wp.com\/patrimoine-avesnois.fr\/fontaines\/wp-content\/uploads\/2021\/12\/image-1.png?resize=300%2C202&amp;ssl=1 300w\" sizes=\"auto, (max-width: 785px) 85vw, 785px\" \/><\/figure>\n<\/div>\n\n<div class=\"wp-block-image\">\n<figure class=\"aligncenter size-full is-resized\"><img data-recalc-dims=\"1\" loading=\"lazy\" decoding=\"async\" src=\"https:\/\/i0.wp.com\/patrimoine-avesnois.fr\/fontaines\/wp-content\/uploads\/2021\/12\/image-2.png?resize=785%2C398&#038;ssl=1\" alt=\"\" class=\"wp-image-1486\" width=\"785\" height=\"398\" srcset=\"https:\/\/i0.wp.com\/patrimoine-avesnois.fr\/fontaines\/wp-content\/uploads\/2021\/12\/image-2.png?w=847&amp;ssl=1 847w, https:\/\/i0.wp.com\/patrimoine-avesnois.fr\/fontaines\/wp-content\/uploads\/2021\/12\/image-2.png?resize=300%2C152&amp;ssl=1 300w, https:\/\/i0.wp.com\/patrimoine-avesnois.fr\/fontaines\/wp-content\/uploads\/2021\/12\/image-2.png?resize=768%2C389&amp;ssl=1 768w\" sizes=\"auto, (max-width: 785px) 85vw, 785px\" \/><figcaption class=\"wp-element-caption\">Extraits Monographie communale de Forest ADN Mus\u00e9e 514 <\/figcaption><\/figure>\n<\/div>\n\n\n<p>La monographie de 1900 nous r\u00e9v\u00e8le qu&rsquo;au lieu dit Le Rejet existait une maladrerie mentionn\u00e9e entre 1265 et 1603. \u00ab De l&rsquo;ancienne maladrerie , il ne reste qu&rsquo;un puits tr\u00e8s remarquablement construit en pierres de taille \u00bb. Il a \u00e9t\u00e9 d\u00e9truit apr\u00e8s la seconde guerre mondiale.<\/p>\n","protected":false},"excerpt":{"rendered":"<p>La Fontaine Blanche figure sur le cadastre de Forest-en-Cambr\u00e9sis en 1831 et en 1931 *** Les murs de l&rsquo;abreuvoir n\u00e9cessit\u00e8rent des travaux de r\u00e9paration entre 1809 et 1830 et fut de nouveau r\u00e9par\u00e9 et agrandi en 1901 (ADN S\u00e9rie 2O\/243\/39-40). La monographie de 1900 nous r\u00e9v\u00e8le qu&rsquo;au lieu dit Le Rejet existait une maladrerie mentionn\u00e9e &hellip; <a href=\"https:\/\/patrimoine-avesnois.fr\/fontaines\/forest-en-cambresis-la-fontaine-blanche-et-lancien-abreuvoir\/\" class=\"more-link\">Continuer la lecture<span class=\"screen-reader-text\"> de &laquo;&nbsp;Forest-en-Cambr\u00e9sis : la fontaine Blanche, l&rsquo;ancien abreuvoir et le puits de la maladrerie&nbsp;&raquo;<\/span><\/a><\/p>\n","protected":false},"author":2,"featured_media":0,"parent":0,"menu_order":0,"comment_status":"closed","ping_status":"closed","template":"","meta":{"footnotes":""},"class_list":["post-224","page","type-page","status-publish","hentry"],"jetpack_sharing_enabled":true,"_links":{"self":[{"href":"https:\/\/patrimoine-avesnois.fr\/fontaines\/wp-json\/wp\/v2\/pages\/224","targetHints":{"allow":["GET"]}}],"collection":[{"href":"https:\/\/patrimoine-avesnois.fr\/fontaines\/wp-json\/wp\/v2\/pages"}],"about":[{"href":"https:\/\/patrimoine-avesnois.fr\/fontaines\/wp-json\/wp\/v2\/types\/page"}],"author":[{"embeddable":true,"href":"https:\/\/patrimoine-avesnois.fr\/fontaines\/wp-json\/wp\/v2\/users\/2"}],"replies":[{"embeddable":true,"href":"https:\/\/patrimoine-avesnois.fr\/fontaines\/wp-json\/wp\/v2\/comments?post=224"}],"version-history":[{"count":10,"href":"https:\/\/patrimoine-avesnois.fr\/fontaines\/wp-json\/wp\/v2\/pages\/224\/revisions"}],"predecessor-version":[{"id":1894,"href":"https:\/\/patrimoine-avesnois.fr\/fontaines\/wp-json\/wp\/v2\/pages\/224\/revisions\/1894"}],"wp:attachment":[{"href":"https:\/\/patrimoine-avesnois.fr\/fontaines\/wp-json\/wp\/v2\/media?parent=224"}],"curies":[{"name":"wp","href":"https:\/\/api.w.org\/{rel}","templated":true}]}}