{"id":236,"date":"2021-07-02T12:43:09","date_gmt":"2021-07-02T10:43:09","guid":{"rendered":"https:\/\/patrimoine-avesnois.fr\/fontaines\/?page_id=236"},"modified":"2023-05-15T16:30:01","modified_gmt":"2023-05-15T14:30:01","slug":"glageon-le-lavoir-deplace","status":"publish","type":"page","link":"https:\/\/patrimoine-avesnois.fr\/fontaines\/glageon-le-lavoir-deplace\/","title":{"rendered":"Glageon : le lavoir d\u00e9plac\u00e9"},"content":{"rendered":"<div class=\"wp-block-image\">\n<figure class=\"aligncenter\"><img decoding=\"async\" src=\"https:\/\/i2.wp.com\/p0.storage.canalblog.com\/06\/82\/783846\/86848979_p.jpg?w=840&amp;ssl=1\" alt=\"GLAGEON-Le Lavoir (2)\"\/><figcaption class=\"wp-element-caption\">L\u2019ancien lavoir <a href=\"https:\/\/www.google.fr\/maps\/@50.0523276,4.0729743,3a,90y,50.75h,80.82t\/data=!3m6!1e1!3m4!1sO8l_r5fMSGRPnvy8ZdeV5A!2e0!7i13312!8i6656\" target=\"_blank\" rel=\"noreferrer noopener\">Rue des Carri\u00e8res<\/a> Cr\u00e9dit Photo G\u00e9rard Lemaire<\/figcaption><\/figure>\n<\/div>\n\n<div class=\"wp-block-image\">\n<figure class=\"aligncenter\"><img decoding=\"async\" src=\"https:\/\/i1.wp.com\/upload.wikimedia.org\/wikipedia\/commons\/thumb\/2\/2e\/Glageon_%28Nord%2C_Fr%29_lavoir.jpg\/800px-Glageon_%28Nord%2C_Fr%29_lavoir.jpg?resize=600%2C450&amp;ssl=1\" alt=\"Glageon (Nord, Fr) lavoir\"\/><figcaption class=\"wp-element-caption\">Le Lavoir de Glageon <a href=\"https:\/\/www.google.fr\/maps\/@50.0563695,4.076172,3a,90y,279.65h,81.11t\/data=!3m6!1e1!3m4!1s7ZQ5IWnJkIcQWEobch73KA!2e0!7i16384!8i8192\" target=\"_blank\" rel=\"noreferrer noopener\">Rue Hector Dufresnes<\/a><\/figcaption><\/figure>\n<\/div>\n\n\n<p>Le lavoir de Glageon, construit en 1714 a \u00e9t\u00e9 restaur\u00e9 en 2004. Il \u00e9tait jusqu\u2019alors Rue des Carri\u00e8res o\u00f9 en 1929 on lui avait ajout\u00e9 une \u00ab\u00a0lampe \u00e9lectrique\u00a0\u00bb (Journal de Fourmies du 24 ao\u00fbt 1929) alors que le Conseil Municipal dans sa s\u00e9ance du 9 mai 1903 avait rejet\u00e9 la pose d&rsquo;une lanterne d&rsquo;\u00e9clairage public jugeant la canalisation trop co\u00fbteuse et le quartier d\u00e9j\u00e0 peu important \u00e0 prendre de l&rsquo;extension (Journal de Fourmies du 17 mai 1903). Il a \u00e9t\u00e9 remont\u00e9 Rue Hector Dufrennes, au bord du Rieu des Hameaux.<\/p>\n\n\n\n<p class=\"has-text-align-center\">***<\/p>\n\n\n\n<p>Glageon Couplevoie :<\/p>\n\n\n<div class=\"wp-block-image\">\n<figure class=\"aligncenter\"><img decoding=\"async\" src=\"https:\/\/i2.wp.com\/patrimoine-avesnois.fr\/chemin\/wp-content\/uploads\/2021\/06\/Capture-129.jpg?w=840\" alt=\"\" class=\"wp-image-13704\"\/><figcaption class=\"wp-element-caption\">Rue de la Terre Guillaume Cadastre Glageon 1828 ADN P 31 \/ 710 <a rel=\"noreferrer noopener\" href=\"https:\/\/archivesdepartementales.lenord.fr\/ark:\/33518\/gxjmbwk3f7p9\/9291712a-210b-400b-aa38-6740d861693d\" target=\"_blank\">Vue 7 \/23<\/a><br>Cette rue porta par la suite le nom de Chemin Rural du Lavoir (<a href=\"https:\/\/archivesdepartementales.lenord.fr\/ark:\/33518\/gxjmbwk3f7p9\/9d1013f2-3550-4a86-9d3f-87297d9e09c5\" target=\"_blank\" rel=\"noreferrer noopener\">Cadastre 1885<\/a>)<\/figcaption><\/figure>\n<\/div>\n\n\n<p>Au hameau de Couplevoie un lavoir fut construit en 1849 (ADN S\u00e9rie 2 O 257\/105). Celui-ci a \u00e9t\u00e9 remplac\u00e9 par une station d\u2019\u00e9puration :<\/p>\n\n\n<div class=\"wp-block-image\">\n<figure class=\"aligncenter size-full\"><img data-recalc-dims=\"1\" loading=\"lazy\" decoding=\"async\" width=\"640\" height=\"386\" src=\"https:\/\/i0.wp.com\/patrimoine-avesnois.fr\/fontaines\/wp-content\/uploads\/2021\/07\/Rue-du-Lavoir-Couplevoie-Glageon.webp?resize=640%2C386&#038;ssl=1\" alt=\"\" class=\"wp-image-797\" srcset=\"https:\/\/i0.wp.com\/patrimoine-avesnois.fr\/fontaines\/wp-content\/uploads\/2021\/07\/Rue-du-Lavoir-Couplevoie-Glageon.webp?w=640&amp;ssl=1 640w, https:\/\/i0.wp.com\/patrimoine-avesnois.fr\/fontaines\/wp-content\/uploads\/2021\/07\/Rue-du-Lavoir-Couplevoie-Glageon.webp?resize=300%2C181&amp;ssl=1 300w\" sizes=\"auto, (max-width: 640px) 85vw, 640px\" \/><figcaption class=\"wp-element-caption\"><a href=\"https:\/\/www.google.com\/maps\/@50.0426666,4.0518741,3a,90y,338.69h,77.75t\/data=!3m7!1e1!3m5!1sAqyyMUerkflGzAnkgmyqRg!2e0!6shttps:%2F%2Fstreetviewpixels-pa.googleapis.com%2Fv1%2Fthumbnail%3Fpanoid%3DAqyyMUerkflGzAnkgmyqRg%26cb_client%3Dmaps_sv.tactile.gps%26w%3D203%26h%3D100%26yaw%3D349.385%26pitch%3D0%26thumbfov%3D100!7i13312!8i6656?hl=fr\" target=\"_blank\" rel=\"noreferrer noopener\">Rue du Lavoir<\/a> Couplevoie Glageon<\/figcaption><\/figure>\n<\/div>","protected":false},"excerpt":{"rendered":"<p>Le lavoir de Glageon, construit en 1714 a \u00e9t\u00e9 restaur\u00e9 en 2004. Il \u00e9tait jusqu\u2019alors Rue des Carri\u00e8res o\u00f9 en 1929 on lui avait ajout\u00e9 une \u00ab\u00a0lampe \u00e9lectrique\u00a0\u00bb (Journal de Fourmies du 24 ao\u00fbt 1929) alors que le Conseil Municipal dans sa s\u00e9ance du 9 mai 1903 avait rejet\u00e9 la pose d&rsquo;une lanterne d&rsquo;\u00e9clairage public &hellip; <a href=\"https:\/\/patrimoine-avesnois.fr\/fontaines\/glageon-le-lavoir-deplace\/\" class=\"more-link\">Continuer la lecture<span class=\"screen-reader-text\"> de &laquo;&nbsp;Glageon : le lavoir d\u00e9plac\u00e9&nbsp;&raquo;<\/span><\/a><\/p>\n","protected":false},"author":2,"featured_media":0,"parent":0,"menu_order":0,"comment_status":"closed","ping_status":"closed","template":"","meta":{"footnotes":""},"class_list":["post-236","page","type-page","status-publish","hentry"],"jetpack_sharing_enabled":true,"_links":{"self":[{"href":"https:\/\/patrimoine-avesnois.fr\/fontaines\/wp-json\/wp\/v2\/pages\/236","targetHints":{"allow":["GET"]}}],"collection":[{"href":"https:\/\/patrimoine-avesnois.fr\/fontaines\/wp-json\/wp\/v2\/pages"}],"about":[{"href":"https:\/\/patrimoine-avesnois.fr\/fontaines\/wp-json\/wp\/v2\/types\/page"}],"author":[{"embeddable":true,"href":"https:\/\/patrimoine-avesnois.fr\/fontaines\/wp-json\/wp\/v2\/users\/2"}],"replies":[{"embeddable":true,"href":"https:\/\/patrimoine-avesnois.fr\/fontaines\/wp-json\/wp\/v2\/comments?post=236"}],"version-history":[{"count":8,"href":"https:\/\/patrimoine-avesnois.fr\/fontaines\/wp-json\/wp\/v2\/pages\/236\/revisions"}],"predecessor-version":[{"id":1896,"href":"https:\/\/patrimoine-avesnois.fr\/fontaines\/wp-json\/wp\/v2\/pages\/236\/revisions\/1896"}],"wp:attachment":[{"href":"https:\/\/patrimoine-avesnois.fr\/fontaines\/wp-json\/wp\/v2\/media?parent=236"}],"curies":[{"name":"wp","href":"https:\/\/api.w.org\/{rel}","templated":true}]}}