{"id":253,"date":"2021-07-02T13:21:14","date_gmt":"2021-07-02T11:21:14","guid":{"rendered":"https:\/\/patrimoine-avesnois.fr\/fontaines\/?page_id=253"},"modified":"2021-12-10T10:05:09","modified_gmt":"2021-12-10T09:05:09","slug":"gussignies-le-puits-de-la-marchelle","status":"publish","type":"page","link":"https:\/\/patrimoine-avesnois.fr\/fontaines\/gussignies-le-puits-de-la-marchelle\/","title":{"rendered":"Gussignies : le puits de la Marchelle"},"content":{"rendered":"\n<div class=\"wp-block-image\"><figure class=\"aligncenter is-resized\"><img loading=\"lazy\" decoding=\"async\" src=\"https:\/\/i0.wp.com\/patrimoine-avesnois.fr\/chemin\/wp-content\/uploads\/2021\/06\/Capture-130.jpg?w=840\" alt=\"\" class=\"wp-image-13729\" width=\"632\" height=\"473\"\/><figcaption>Cadastre 1913 ADN P 31 \/ 714 <a href=\"https:\/\/archivesdepartementales.lenord.fr\/ark:\/33518\/d3vzcftkls5j\/ac105154-63ac-4598-870c-0d6a3d32554a\" target=\"_blank\" rel=\"noreferrer noopener\">Vue 6\/9<\/a><\/figcaption><\/figure><\/div>\n\n\n\n<div class=\"wp-block-image\"><figure class=\"aligncenter size-large is-resized\"><img data-recalc-dims=\"1\" loading=\"lazy\" decoding=\"async\" src=\"https:\/\/i0.wp.com\/patrimoine-avesnois.fr\/fontaines\/wp-content\/uploads\/2021\/09\/Gussignies-Puits-de-la-marchelle-3.jpg?resize=305%2C512&#038;ssl=1\" alt=\"\" class=\"wp-image-1375\" width=\"305\" height=\"512\" srcset=\"https:\/\/i0.wp.com\/patrimoine-avesnois.fr\/fontaines\/wp-content\/uploads\/2021\/09\/Gussignies-Puits-de-la-marchelle-3.jpg?resize=609%2C1024&amp;ssl=1 609w, https:\/\/i0.wp.com\/patrimoine-avesnois.fr\/fontaines\/wp-content\/uploads\/2021\/09\/Gussignies-Puits-de-la-marchelle-3.jpg?resize=178%2C300&amp;ssl=1 178w, https:\/\/i0.wp.com\/patrimoine-avesnois.fr\/fontaines\/wp-content\/uploads\/2021\/09\/Gussignies-Puits-de-la-marchelle-3.jpg?resize=768%2C1291&amp;ssl=1 768w, https:\/\/i0.wp.com\/patrimoine-avesnois.fr\/fontaines\/wp-content\/uploads\/2021\/09\/Gussignies-Puits-de-la-marchelle-3.jpg?resize=914%2C1536&amp;ssl=1 914w, https:\/\/i0.wp.com\/patrimoine-avesnois.fr\/fontaines\/wp-content\/uploads\/2021\/09\/Gussignies-Puits-de-la-marchelle-3.jpg?w=996&amp;ssl=1 996w\" sizes=\"auto, (max-width: 305px) 85vw, 305px\" \/><figcaption>Puits de la Marchelle (1810) Ruelle des Marchelles <\/figcaption><\/figure><\/div>\n\n\n\n<figure class=\"wp-block-image size-large is-resized\"><img data-recalc-dims=\"1\" loading=\"lazy\" decoding=\"async\" src=\"https:\/\/i0.wp.com\/patrimoine-avesnois.fr\/fontaines\/wp-content\/uploads\/2021\/09\/Gussignies-Puits-de-la-marchelle-1.jpg?resize=768%2C369&#038;ssl=1\" alt=\"\" class=\"wp-image-1361\" width=\"768\" height=\"369\" srcset=\"https:\/\/i0.wp.com\/patrimoine-avesnois.fr\/fontaines\/wp-content\/uploads\/2021\/09\/Gussignies-Puits-de-la-marchelle-1.jpg?resize=1024%2C492&amp;ssl=1 1024w, https:\/\/i0.wp.com\/patrimoine-avesnois.fr\/fontaines\/wp-content\/uploads\/2021\/09\/Gussignies-Puits-de-la-marchelle-1.jpg?resize=300%2C144&amp;ssl=1 300w, https:\/\/i0.wp.com\/patrimoine-avesnois.fr\/fontaines\/wp-content\/uploads\/2021\/09\/Gussignies-Puits-de-la-marchelle-1.jpg?resize=768%2C369&amp;ssl=1 768w, https:\/\/i0.wp.com\/patrimoine-avesnois.fr\/fontaines\/wp-content\/uploads\/2021\/09\/Gussignies-Puits-de-la-marchelle-1.jpg?resize=1536%2C738&amp;ssl=1 1536w, https:\/\/i0.wp.com\/patrimoine-avesnois.fr\/fontaines\/wp-content\/uploads\/2021\/09\/Gussignies-Puits-de-la-marchelle-1.jpg?resize=2048%2C985&amp;ssl=1 2048w, https:\/\/i0.wp.com\/patrimoine-avesnois.fr\/fontaines\/wp-content\/uploads\/2021\/09\/Gussignies-Puits-de-la-marchelle-1.jpg?resize=1200%2C577&amp;ssl=1 1200w, https:\/\/i0.wp.com\/patrimoine-avesnois.fr\/fontaines\/wp-content\/uploads\/2021\/09\/Gussignies-Puits-de-la-marchelle-1.jpg?w=1680&amp;ssl=1 1680w\" sizes=\"auto, (max-width: 768px) 85vw, 768px\" \/><\/figure>\n\n\n\n<p>L&rsquo;Histoire du Puits de la Marchelle :<\/p>\n\n\n\n<p> le 10 Mai 1810 le conseil municipal de l&rsquo;\u00e9poque estime que la construction d&rsquo;une fontaine appel\u00e9e \u00ab\u00a0Marchelle\u00a0\u00bb est d&rsquo;un int\u00e9r\u00eat indispensable pour les habitants de la commune de Gussignies.<\/p>\n\n\n\n<p>A l&rsquo;origine de Marchelle est le mot \u00ab\u00a0marche\u00a0\u00bb. Un plan retrouv\u00e9 dans les archives communales situe un escalier derri\u00e8re le puits. En sondant le sol, on sent les marches en pierre toujours l\u00e0. Elles menaient \u00e0 la fontaine publique.<\/p>\n\n\n\n<div class=\"wp-block-image\"><figure class=\"aligncenter size-full\"><img data-recalc-dims=\"1\" loading=\"lazy\" decoding=\"async\" width=\"433\" height=\"563\" src=\"https:\/\/i0.wp.com\/patrimoine-avesnois.fr\/fontaines\/wp-content\/uploads\/2021\/09\/image.png?resize=433%2C563&#038;ssl=1\" alt=\"\" class=\"wp-image-1362\" srcset=\"https:\/\/i0.wp.com\/patrimoine-avesnois.fr\/fontaines\/wp-content\/uploads\/2021\/09\/image.png?w=433&amp;ssl=1 433w, https:\/\/i0.wp.com\/patrimoine-avesnois.fr\/fontaines\/wp-content\/uploads\/2021\/09\/image.png?resize=231%2C300&amp;ssl=1 231w\" sizes=\"auto, (max-width: 433px) 85vw, 433px\" \/><\/figure><\/div>\n\n\n\n<p class=\"has-text-align-center\"><\/p>\n\n\n\n<div class=\"wp-block-image\"><figure class=\"aligncenter size-large is-resized\"><img data-recalc-dims=\"1\" loading=\"lazy\" decoding=\"async\" src=\"https:\/\/i0.wp.com\/patrimoine-avesnois.fr\/fontaines\/wp-content\/uploads\/2021\/12\/image.png?resize=512%2C380&#038;ssl=1\" alt=\"\" class=\"wp-image-1474\" width=\"512\" height=\"380\" srcset=\"https:\/\/i0.wp.com\/patrimoine-avesnois.fr\/fontaines\/wp-content\/uploads\/2021\/12\/image.png?resize=1024%2C759&amp;ssl=1 1024w, https:\/\/i0.wp.com\/patrimoine-avesnois.fr\/fontaines\/wp-content\/uploads\/2021\/12\/image.png?resize=300%2C222&amp;ssl=1 300w, https:\/\/i0.wp.com\/patrimoine-avesnois.fr\/fontaines\/wp-content\/uploads\/2021\/12\/image.png?resize=768%2C569&amp;ssl=1 768w, https:\/\/i0.wp.com\/patrimoine-avesnois.fr\/fontaines\/wp-content\/uploads\/2021\/12\/image.png?resize=1200%2C889&amp;ssl=1 1200w, https:\/\/i0.wp.com\/patrimoine-avesnois.fr\/fontaines\/wp-content\/uploads\/2021\/12\/image.png?w=1209&amp;ssl=1 1209w\" sizes=\"auto, (max-width: 512px) 85vw, 512px\" \/><figcaption>L&rsquo;entr\u00e9e du puits cach\u00e9 derri\u00e8re la v\u00e9g\u00e9tation (Novembre 2021)<\/figcaption><\/figure><\/div>\n\n\n\n<p>Il se situe sur le trac\u00e9 du circuit de la vall\u00e9e du Marbre qui descend vers la brasserie Au Baron. La commune soucieuse de son patrimoine l&rsquo;a r\u00e9nov\u00e9 en fin d&rsquo;ann\u00e9e 2021 et remis en \u00e9tat sa poulie. Une partie des habitants ont pr\u00eat\u00e9 main forte \u00e0 la restauration  de ce puits qui n&rsquo;est \u00e0 ce jour pas ass\u00e9ch\u00e9.<\/p>\n\n\n\n<p class=\"has-text-align-center\"><\/p>\n\n\n\n<p class=\"has-text-align-center\"><\/p>\n\n\n\n<p> <\/p>\n","protected":false},"excerpt":{"rendered":"<p>L&rsquo;Histoire du Puits de la Marchelle : le 10 Mai 1810 le conseil municipal de l&rsquo;\u00e9poque estime que la construction d&rsquo;une fontaine appel\u00e9e \u00ab\u00a0Marchelle\u00a0\u00bb est d&rsquo;un int\u00e9r\u00eat indispensable pour les habitants de la commune de Gussignies. A l&rsquo;origine de Marchelle est le mot \u00ab\u00a0marche\u00a0\u00bb. Un plan retrouv\u00e9 dans les archives communales situe un escalier derri\u00e8re &hellip; <a href=\"https:\/\/patrimoine-avesnois.fr\/fontaines\/gussignies-le-puits-de-la-marchelle\/\" class=\"more-link\">Continuer la lecture<span class=\"screen-reader-text\"> de &laquo;&nbsp;Gussignies : le puits de la Marchelle&nbsp;&raquo;<\/span><\/a><\/p>\n","protected":false},"author":2,"featured_media":0,"parent":0,"menu_order":0,"comment_status":"closed","ping_status":"closed","template":"","meta":{"footnotes":""},"class_list":["post-253","page","type-page","status-publish","hentry"],"jetpack_sharing_enabled":true,"_links":{"self":[{"href":"https:\/\/patrimoine-avesnois.fr\/fontaines\/wp-json\/wp\/v2\/pages\/253","targetHints":{"allow":["GET"]}}],"collection":[{"href":"https:\/\/patrimoine-avesnois.fr\/fontaines\/wp-json\/wp\/v2\/pages"}],"about":[{"href":"https:\/\/patrimoine-avesnois.fr\/fontaines\/wp-json\/wp\/v2\/types\/page"}],"author":[{"embeddable":true,"href":"https:\/\/patrimoine-avesnois.fr\/fontaines\/wp-json\/wp\/v2\/users\/2"}],"replies":[{"embeddable":true,"href":"https:\/\/patrimoine-avesnois.fr\/fontaines\/wp-json\/wp\/v2\/comments?post=253"}],"version-history":[{"count":7,"href":"https:\/\/patrimoine-avesnois.fr\/fontaines\/wp-json\/wp\/v2\/pages\/253\/revisions"}],"predecessor-version":[{"id":1476,"href":"https:\/\/patrimoine-avesnois.fr\/fontaines\/wp-json\/wp\/v2\/pages\/253\/revisions\/1476"}],"wp:attachment":[{"href":"https:\/\/patrimoine-avesnois.fr\/fontaines\/wp-json\/wp\/v2\/media?parent=253"}],"curies":[{"name":"wp","href":"https:\/\/api.w.org\/{rel}","templated":true}]}}