{"id":270,"date":"2021-07-02T14:04:08","date_gmt":"2021-07-02T12:04:08","guid":{"rendered":"https:\/\/patrimoine-avesnois.fr\/fontaines\/?page_id=270"},"modified":"2023-05-15T16:51:23","modified_gmt":"2023-05-15T14:51:23","slug":"hecq-la-fontaine-st-saulve","status":"publish","type":"page","link":"https:\/\/patrimoine-avesnois.fr\/fontaines\/hecq-la-fontaine-st-saulve\/","title":{"rendered":"Hecq : la fontaine St Saulve"},"content":{"rendered":"<div class=\"wp-block-image\">\n<figure class=\"aligncenter is-resized\"><img loading=\"lazy\" decoding=\"async\" src=\"https:\/\/i2.wp.com\/patrimoine-avesnois.fr\/chemin\/wp-content\/uploads\/2021\/06\/image-96.png?w=840\" alt=\"\" class=\"wp-image-13754\" width=\"478\" height=\"328\"\/><figcaption class=\"wp-element-caption\">Fontaine St Saulve Cadastre Hecq 1930 ADN P 31 \/ 718 <a rel=\"noreferrer noopener\" href=\"https:\/\/archivesdepartementales.lenord.fr\/ark:\/33518\/m7hs4cqpdlfb\/b687c670-4f8e-4c51-8e30-d37178af7725\" target=\"_blank\">Vue 6\/6<\/a><\/figcaption><\/figure>\n<\/div>\n\n\n<p>En 1925 la mairie fit l&rsquo;acquisition d&rsquo;un terrain appartenant \u00e0 Mr Hautcoeur Joveniaux en vue d&rsquo;\u00e9tablir un chemin donnant acc\u00e8s \u00e0 la fontaine communale (ADN S\u00e9rie O \/290\/45).<\/p>\n\n\n<div class=\"wp-block-image\">\n<figure class=\"aligncenter is-resized\"><img loading=\"lazy\" decoding=\"async\" src=\"https:\/\/i2.wp.com\/patrimoine-avesnois.fr\/chemin\/wp-content\/uploads\/2021\/06\/image-98.png?resize=602%2C441\" alt=\"\" class=\"wp-image-13756\" width=\"490\" height=\"359\"\/><figcaption class=\"wp-element-caption\">Ancien Etang : Cadastre Hecq 1930 ADN P 31 \/ 718 <a rel=\"noreferrer noopener\" href=\"https:\/\/archivesdepartementales.lenord.fr\/ark:\/33518\/m7hs4cqpdlfb\/f70326df-7250-4b90-8d1f-801795f3ea4b\" target=\"_blank\">Vue 5\/6<\/a><\/figcaption><\/figure>\n<\/div>\n\n<div class=\"wp-block-image\">\n<figure class=\"aligncenter is-resized\"><img loading=\"lazy\" decoding=\"async\" src=\"https:\/\/i0.wp.com\/patrimoine-avesnois.fr\/chemin\/wp-content\/uploads\/2021\/06\/Fontaine-1-1.jpg\" alt=\"\" width=\"344\" height=\"258\"\/><\/figure>\n<\/div>\n\n<div class=\"wp-block-image\">\n<figure class=\"aligncenter size-full is-resized\"><img data-recalc-dims=\"1\" loading=\"lazy\" decoding=\"async\" src=\"https:\/\/i0.wp.com\/patrimoine-avesnois.fr\/fontaines\/wp-content\/uploads\/2022\/01\/Lavoir-Hecq.jpg?resize=495%2C331&#038;ssl=1\" alt=\"\" class=\"wp-image-1515\" width=\"495\" height=\"331\"\/><figcaption class=\"wp-element-caption\">Lavoir Hecq<\/figcaption><\/figure>\n<\/div>\n\n\n<p>L\u2019ancien lavoir public se d\u00e9voile au d\u00e9tour d\u2019une petite clairi\u00e8re. En forme de rectangle de deux m\u00e8tres sur quatre, le lavoir est s\u00e9par\u00e9 en deux. D\u2019un c\u00f4t\u00e9 se trouve la source, de l\u2019autre, le bassin qui servait \u00e0 laver le linge.<\/p>\n\n\n\n<p>La l\u00e9gende raconte que l\u2019eau du lavoir avait un pouvoir magique. Elle \u00e9tait reconnue pour blanchir le linge. On venait de bien loin, m\u00eame de Landrecies, pour simplement rincer tout ce qui devait \u00eatre tr\u00e8s blanc dans la fontaine Saint-Saulve.<\/p>\n\n\n\n<p>Ce lavoir est livr\u00e9 aux herbes hautes et m\u00e9riterait une restauration car l\u2019endroit est vraiment bucolique.<\/p>\n","protected":false},"excerpt":{"rendered":"<p>En 1925 la mairie fit l&rsquo;acquisition d&rsquo;un terrain appartenant \u00e0 Mr Hautcoeur Joveniaux en vue d&rsquo;\u00e9tablir un chemin donnant acc\u00e8s \u00e0 la fontaine communale (ADN S\u00e9rie O \/290\/45). L\u2019ancien lavoir public se d\u00e9voile au d\u00e9tour d\u2019une petite clairi\u00e8re. En forme de rectangle de deux m\u00e8tres sur quatre, le lavoir est s\u00e9par\u00e9 en deux. D\u2019un c\u00f4t\u00e9 &hellip; <a href=\"https:\/\/patrimoine-avesnois.fr\/fontaines\/hecq-la-fontaine-st-saulve\/\" class=\"more-link\">Continuer la lecture<span class=\"screen-reader-text\"> de &laquo;&nbsp;Hecq : la fontaine St Saulve&nbsp;&raquo;<\/span><\/a><\/p>\n","protected":false},"author":2,"featured_media":0,"parent":0,"menu_order":0,"comment_status":"closed","ping_status":"closed","template":"","meta":{"footnotes":""},"class_list":["post-270","page","type-page","status-publish","hentry"],"jetpack_sharing_enabled":true,"_links":{"self":[{"href":"https:\/\/patrimoine-avesnois.fr\/fontaines\/wp-json\/wp\/v2\/pages\/270","targetHints":{"allow":["GET"]}}],"collection":[{"href":"https:\/\/patrimoine-avesnois.fr\/fontaines\/wp-json\/wp\/v2\/pages"}],"about":[{"href":"https:\/\/patrimoine-avesnois.fr\/fontaines\/wp-json\/wp\/v2\/types\/page"}],"author":[{"embeddable":true,"href":"https:\/\/patrimoine-avesnois.fr\/fontaines\/wp-json\/wp\/v2\/users\/2"}],"replies":[{"embeddable":true,"href":"https:\/\/patrimoine-avesnois.fr\/fontaines\/wp-json\/wp\/v2\/comments?post=270"}],"version-history":[{"count":5,"href":"https:\/\/patrimoine-avesnois.fr\/fontaines\/wp-json\/wp\/v2\/pages\/270\/revisions"}],"predecessor-version":[{"id":1902,"href":"https:\/\/patrimoine-avesnois.fr\/fontaines\/wp-json\/wp\/v2\/pages\/270\/revisions\/1902"}],"wp:attachment":[{"href":"https:\/\/patrimoine-avesnois.fr\/fontaines\/wp-json\/wp\/v2\/media?parent=270"}],"curies":[{"name":"wp","href":"https:\/\/api.w.org\/{rel}","templated":true}]}}