{"id":287,"date":"2021-07-02T14:23:51","date_gmt":"2021-07-02T12:23:51","guid":{"rendered":"https:\/\/patrimoine-avesnois.fr\/fontaines\/?page_id=287"},"modified":"2023-05-15T17:05:59","modified_gmt":"2023-05-15T15:05:59","slug":"jeumont-ses-fontaines-oubliees","status":"publish","type":"page","link":"https:\/\/patrimoine-avesnois.fr\/fontaines\/jeumont-ses-fontaines-oubliees\/","title":{"rendered":"Jeumont : la fontaine aux galets et ses fontaines oubli\u00e9es"},"content":{"rendered":"<div class=\"wp-block-image\">\n<figure class=\"aligncenter size-full is-resized\"><img data-recalc-dims=\"1\" loading=\"lazy\" decoding=\"async\" src=\"https:\/\/i0.wp.com\/patrimoine-avesnois.fr\/fontaines\/wp-content\/uploads\/2022\/01\/Fontaine-Jeumont.jpg?resize=439%2C585&#038;ssl=1\" alt=\"\" class=\"wp-image-1621\" width=\"439\" height=\"585\" srcset=\"https:\/\/i0.wp.com\/patrimoine-avesnois.fr\/fontaines\/wp-content\/uploads\/2022\/01\/Fontaine-Jeumont.jpg?w=585&amp;ssl=1 585w, https:\/\/i0.wp.com\/patrimoine-avesnois.fr\/fontaines\/wp-content\/uploads\/2022\/01\/Fontaine-Jeumont.jpg?resize=225%2C300&amp;ssl=1 225w\" sizes=\"auto, (max-width: 439px) 85vw, 439px\" \/><figcaption class=\"wp-element-caption\">Fontaine aux galets rue Hector Despret Photo <a href=\"https:\/\/www.google.fr\/maps\/place\/Traiteur+Lina\/@50.2961109,4.0957194,3a,60y,23.68h,81.48t\/data=!3m6!1e1!3m4!1shgxAjdCjTi6J2VBCUjp8Wg!2e0!7i16384!8i8192!4m13!1m7!3m6!1s0x47c2403f66d0d40b:0x5eb36a48d89fbcaa!2sRue+Hector+Despret,+59460+Jeumont!3b1!8m2!3d50.296403!4d4.0979779!3m4!1s0x47c2403f3f15dd7d:0x7c56f49e0a335144!8m2!3d50.2953117!4d4.0974084\" data-type=\"URL\" data-id=\"https:\/\/www.google.fr\/maps\/place\/Traiteur+Lina\/@50.2961109,4.0957194,3a,60y,23.68h,81.48t\/data=!3m6!1e1!3m4!1shgxAjdCjTi6J2VBCUjp8Wg!2e0!7i16384!8i8192!4m13!1m7!3m6!1s0x47c2403f66d0d40b:0x5eb36a48d89fbcaa!2sRue+Hector+Despret,+59460+Jeumont!3b1!8m2!3d50.296403!4d4.0979779!3m4!1s0x47c2403f3f15dd7d:0x7c56f49e0a335144!8m2!3d50.2953117!4d4.0974084\" target=\"_blank\" rel=\"noreferrer noopener\">Google 09\/2020<\/a><\/figcaption><\/figure>\n<\/div>\n\n\n<p>Cette fontaine est la seule actuellement \u00e0 Jeumont. Elle est constitu\u00e9e de 4 blocs de pierre qui se dressent au milieu d&rsquo;un bassin cylindrique en b\u00e9ton, lui m\u00eame entour\u00e9 de galets ciment\u00e9s donnant \u00e0 l&rsquo;ensemble un aspect \u00e0 la fois rustique et moderne.<\/p>\n\n\n\n<p class=\"has-text-align-center\">***<\/p>\n\n\n<div class=\"wp-block-image\">\n<figure class=\"aligncenter\"><img decoding=\"async\" src=\"https:\/\/i0.wp.com\/patrimoine-avesnois.fr\/chemin\/wp-content\/uploads\/2021\/06\/Captur-31.jpg?resize=628%2C471\" alt=\"\" class=\"wp-image-13811\"\/><figcaption class=\"wp-element-caption\">Fontaine \u00e0 Lambre\u00e7on Jeumont Cadastre 1845 ADN P 31 \/ 723 <a rel=\"noreferrer noopener\" href=\"https:\/\/archivesdepartementales.lenord.fr\/ark:\/33518\/xp1dz9nf2wgq\/7a9f073e-9ad5-4d0e-baab-08f770a8b0a8\" target=\"_blank\">Vue 13\/15<\/a><\/figcaption><\/figure>\n<\/div>\n\n<div class=\"wp-block-image\">\n<figure class=\"aligncenter size-full\"><img data-recalc-dims=\"1\" loading=\"lazy\" decoding=\"async\" width=\"769\" height=\"576\" src=\"https:\/\/i0.wp.com\/patrimoine-avesnois.fr\/fontaines\/wp-content\/uploads\/2021\/07\/Fontaine-de-Lambrecon.webp?resize=769%2C576&#038;ssl=1\" alt=\"\" class=\"wp-image-856\" srcset=\"https:\/\/i0.wp.com\/patrimoine-avesnois.fr\/fontaines\/wp-content\/uploads\/2021\/07\/Fontaine-de-Lambrecon.webp?w=769&amp;ssl=1 769w, https:\/\/i0.wp.com\/patrimoine-avesnois.fr\/fontaines\/wp-content\/uploads\/2021\/07\/Fontaine-de-Lambrecon.webp?resize=300%2C225&amp;ssl=1 300w\" sizes=\"auto, (max-width: 769px) 85vw, 769px\" \/><figcaption class=\"wp-element-caption\">Petit chemin menant \u00e0 la Fontaine de Lambre\u00e7on <a href=\"https:\/\/www.google.fr\/maps\/@50.2847632,4.1028388,3a,75y,86.18h,83.72t\/data=!3m6!1e1!3m4!1szDQyeTJL1_l9mLqL-PZIGg!2e0!7i16384!8i8192\" target=\"_blank\" rel=\"noreferrer noopener\">Avenue du G\u00e9n\u00e9ral de Gaulle<\/a><\/figcaption><\/figure>\n<\/div>\n\n\n<p class=\"has-text-align-center\">***<\/p>\n\n\n<div class=\"wp-block-image\">\n<figure class=\"aligncenter\"><img decoding=\"async\" src=\"https:\/\/i0.wp.com\/patrimoine-avesnois.fr\/chemin\/wp-content\/uploads\/2021\/06\/Captur1845.jpg?resize=628%2C471\" alt=\"\" class=\"wp-image-13813\"\/><figcaption class=\"wp-element-caption\">Fontaine du village Jeumont Cadastre 1845 ADN P 31 \/ 723 <a href=\"https:\/\/archivesdepartementales.lenord.fr\/ark:\/33518\/xp1dz9nf2wgq\/92a7d458-80fa-4cba-9527-2823f04c77e0\" target=\"_blank\" rel=\"noreferrer noopener\">Vue 11\/15<\/a><\/figcaption><\/figure>\n<\/div>\n\n\n<p>En 1856 et 1858 \u00e0 cette fontaine publique on y prolongea des tuyaux souterrains et on y apporta une canalisation d&rsquo;eau. Elle fut r\u00e9par\u00e9e en 1861 et reconstruite entre 1890 et 1893 (ADN S\u00e9rie 2O\/318\/96 \u00e0 100). <\/p>\n\n\n<div class=\"wp-block-image\">\n<figure class=\"aligncenter size-full\"><img data-recalc-dims=\"1\" loading=\"lazy\" decoding=\"async\" width=\"769\" height=\"577\" src=\"https:\/\/i0.wp.com\/patrimoine-avesnois.fr\/fontaines\/wp-content\/uploads\/2021\/07\/Fontaine-du-Village.webp?resize=769%2C577&#038;ssl=1\" alt=\"\" class=\"wp-image-858\" srcset=\"https:\/\/i0.wp.com\/patrimoine-avesnois.fr\/fontaines\/wp-content\/uploads\/2021\/07\/Fontaine-du-Village.webp?w=769&amp;ssl=1 769w, https:\/\/i0.wp.com\/patrimoine-avesnois.fr\/fontaines\/wp-content\/uploads\/2021\/07\/Fontaine-du-Village.webp?resize=300%2C225&amp;ssl=1 300w\" sizes=\"auto, (max-width: 769px) 85vw, 769px\" \/><figcaption class=\"wp-element-caption\">Emplacement de l\u2019ancienne Fontaine du Village<a href=\"https:\/\/www.google.fr\/maps\/@50.2944893,4.1018898,3a,37.5y,115.22h,85.85t\/data=!3m6!1e1!3m4!1s9DZjoj7WuTGu9sJMCH4GWw!2e0!7i16384!8i8192\" target=\"_blank\" rel=\"noreferrer noopener\"> Avenue du G\u00e9n\u00e9ral de Gaulle<\/a><\/figcaption><\/figure>\n<\/div>\n\n\n<p class=\"has-text-align-center\">***<\/p>\n\n\n<div class=\"wp-block-image\">\n<figure class=\"aligncenter\"><img decoding=\"async\" src=\"https:\/\/i0.wp.com\/patrimoine-avesnois.fr\/chemin\/wp-content\/uploads\/2021\/06\/Capture-146.jpg?resize=628%2C468\" alt=\"\" class=\"wp-image-13817\"\/><figcaption class=\"wp-element-caption\">Fontaine Teint-Cul Jeumont Cadastre 1845 ADN P 31 \/ 723 <a href=\"https:\/\/archivesdepartementales.lenord.fr\/ark:\/33518\/xp1dz9nf2wgq\/23552a3e-1fec-4e06-9222-ab84b81d6f13\">Vue 7\/15<\/a><\/figcaption><\/figure>\n<\/div>\n\n<div class=\"wp-block-image\">\n<figure class=\"aligncenter\"><img decoding=\"async\" src=\"https:\/\/i1.wp.com\/patrimoine-avesnois.fr\/chemin\/wp-content\/uploads\/2021\/06\/Capture-147.jpg?resize=769%2C576\" alt=\"\" class=\"wp-image-13819\"\/><figcaption class=\"wp-element-caption\">Emplacement de l\u2019ancienne Fontaine Teint-Cul <a href=\"https:\/\/www.google.fr\/maps\/@50.2861994,4.0886088,3a,75y,36.64h,91.24t\/data=!3m6!1e1!3m4!1szFeU7H_zETQ-leoujmBAPg!2e0!7i16384!8i8192\" target=\"_blank\" rel=\"noreferrer noopener\">Rue de Colleret<\/a><\/figcaption><\/figure>\n<\/div>\n\n<div class=\"wp-block-image\">\n<figure class=\"aligncenter\"><img decoding=\"async\" src=\"https:\/\/i1.wp.com\/patrimoine-avesnois.fr\/chemin\/wp-content\/uploads\/2021\/06\/image-116.png?fit=840%2C523\" alt=\"\" class=\"wp-image-13821\"\/><figcaption class=\"wp-element-caption\">Carte postale de Jeumont avec au bord de la route une fontaine.<\/figcaption><\/figure>\n<\/div>","protected":false},"excerpt":{"rendered":"<p>Cette fontaine est la seule actuellement \u00e0 Jeumont. Elle est constitu\u00e9e de 4 blocs de pierre qui se dressent au milieu d&rsquo;un bassin cylindrique en b\u00e9ton, lui m\u00eame entour\u00e9 de galets ciment\u00e9s donnant \u00e0 l&rsquo;ensemble un aspect \u00e0 la fois rustique et moderne. *** *** En 1856 et 1858 \u00e0 cette fontaine publique on y &hellip; <a href=\"https:\/\/patrimoine-avesnois.fr\/fontaines\/jeumont-ses-fontaines-oubliees\/\" class=\"more-link\">Continuer la lecture<span class=\"screen-reader-text\"> de &laquo;&nbsp;Jeumont : la fontaine aux galets et ses fontaines oubli\u00e9es&nbsp;&raquo;<\/span><\/a><\/p>\n","protected":false},"author":2,"featured_media":0,"parent":0,"menu_order":0,"comment_status":"closed","ping_status":"closed","template":"","meta":{"footnotes":""},"class_list":["post-287","page","type-page","status-publish","hentry"],"jetpack_sharing_enabled":true,"_links":{"self":[{"href":"https:\/\/patrimoine-avesnois.fr\/fontaines\/wp-json\/wp\/v2\/pages\/287","targetHints":{"allow":["GET"]}}],"collection":[{"href":"https:\/\/patrimoine-avesnois.fr\/fontaines\/wp-json\/wp\/v2\/pages"}],"about":[{"href":"https:\/\/patrimoine-avesnois.fr\/fontaines\/wp-json\/wp\/v2\/types\/page"}],"author":[{"embeddable":true,"href":"https:\/\/patrimoine-avesnois.fr\/fontaines\/wp-json\/wp\/v2\/users\/2"}],"replies":[{"embeddable":true,"href":"https:\/\/patrimoine-avesnois.fr\/fontaines\/wp-json\/wp\/v2\/comments?post=287"}],"version-history":[{"count":5,"href":"https:\/\/patrimoine-avesnois.fr\/fontaines\/wp-json\/wp\/v2\/pages\/287\/revisions"}],"predecessor-version":[{"id":1905,"href":"https:\/\/patrimoine-avesnois.fr\/fontaines\/wp-json\/wp\/v2\/pages\/287\/revisions\/1905"}],"wp:attachment":[{"href":"https:\/\/patrimoine-avesnois.fr\/fontaines\/wp-json\/wp\/v2\/media?parent=287"}],"curies":[{"name":"wp","href":"https:\/\/api.w.org\/{rel}","templated":true}]}}