{"id":295,"date":"2021-07-02T14:32:33","date_gmt":"2021-07-02T12:32:33","guid":{"rendered":"https:\/\/patrimoine-avesnois.fr\/fontaines\/?page_id=295"},"modified":"2023-05-15T17:11:12","modified_gmt":"2023-05-15T15:11:12","slug":"la-longueville-la-fontaine-ste-aldegonde","status":"publish","type":"page","link":"https:\/\/patrimoine-avesnois.fr\/fontaines\/la-longueville-la-fontaine-ste-aldegonde\/","title":{"rendered":"La Longueville : la fontaine Ste Aldegonde"},"content":{"rendered":"<div class=\"wp-block-image\">\n<figure class=\"aligncenter\"><img decoding=\"async\" src=\"https:\/\/i1.wp.com\/patrimoine-avesnois.fr\/chemin\/wp-content\/uploads\/2021\/06\/image-118.png?w=840\" alt=\"\" class=\"wp-image-13831\"\/><figcaption class=\"wp-element-caption\">Fontaine Ste Aldegonde La Longueville Cadastre 1921 ADN P 31 \/ 726 <a href=\"https:\/\/archivesdepartementales.lenord.fr\/ark:\/33518\/x51kv63pg4m9\/fa195b08-00d6-4152-97bb-6cff0eb74522\" target=\"_blank\" rel=\"noreferrer noopener\">Vue 30\/36<\/a><\/figcaption><\/figure>\n<\/div>\n\n<div class=\"wp-block-image\">\n<figure class=\"aligncenter size-full is-resized\"><img data-recalc-dims=\"1\" loading=\"lazy\" decoding=\"async\" src=\"https:\/\/i0.wp.com\/patrimoine-avesnois.fr\/fontaines\/wp-content\/uploads\/2021\/07\/La-fontaine-Ste-Aldegonde-a-la-Longueville.webp?resize=840%2C630&#038;ssl=1\" alt=\"\" class=\"wp-image-866\" width=\"840\" height=\"630\"\/><figcaption class=\"wp-element-caption\"><em>La fontaine Ste Aldegonde \u00e0 la Longueville<\/em><\/figcaption><\/figure>\n<\/div>\n\n\n<p>Une l\u00e9gende entoure la cr\u00e9ation de cette fontaine. Un prince anglais nomm\u00e9 \u00ab&nbsp;Eudon&nbsp;\u00bb souhaitait ardemment conqu\u00e9rir Sainte Aldegonde, la fille du seigneur de Coulsore, Walbert IV. Celle-ci n\u2019\u00e9tait pas de cet avis. Un jour, il se trouva face \u00e0 face avec elle \u00e0 La Longueville. Alors qu\u2019elle essayait de s\u2019\u00e9loigner, le prince tenta de la retenir par ses v\u00eatements, mais aussit\u00f4t touch\u00e9e, la belle disparut. Il n\u2019avait plus en main qu\u2019une grenouille qu\u2019il jeta. D\u00e8s que le batracien toucha le sol, une source jaillit \u00e0 l\u2019endroit m\u00eame. Bibliographie : Livre \u00ab Guide de Flandre et Artois myst\u00e9rieux&nbsp;\u00bb<\/p>\n\n\n<div class=\"wp-block-image\">\n<figure class=\"aligncenter size-large\"><img data-recalc-dims=\"1\" loading=\"lazy\" decoding=\"async\" width=\"768\" height=\"1024\" src=\"https:\/\/i0.wp.com\/patrimoine-avesnois.fr\/fontaines\/wp-content\/uploads\/2022\/08\/Fontaine-Ste-Aldegonde-La-Longueville-2.jpg?resize=768%2C1024&#038;ssl=1\" alt=\"\" class=\"wp-image-1834\" srcset=\"https:\/\/i0.wp.com\/patrimoine-avesnois.fr\/fontaines\/wp-content\/uploads\/2022\/08\/Fontaine-Ste-Aldegonde-La-Longueville-2-scaled.jpg?resize=768%2C1024&amp;ssl=1 768w, https:\/\/i0.wp.com\/patrimoine-avesnois.fr\/fontaines\/wp-content\/uploads\/2022\/08\/Fontaine-Ste-Aldegonde-La-Longueville-2-scaled.jpg?resize=225%2C300&amp;ssl=1 225w, https:\/\/i0.wp.com\/patrimoine-avesnois.fr\/fontaines\/wp-content\/uploads\/2022\/08\/Fontaine-Ste-Aldegonde-La-Longueville-2-scaled.jpg?resize=1152%2C1536&amp;ssl=1 1152w, https:\/\/i0.wp.com\/patrimoine-avesnois.fr\/fontaines\/wp-content\/uploads\/2022\/08\/Fontaine-Ste-Aldegonde-La-Longueville-2-scaled.jpg?resize=1536%2C2048&amp;ssl=1 1536w, https:\/\/i0.wp.com\/patrimoine-avesnois.fr\/fontaines\/wp-content\/uploads\/2022\/08\/Fontaine-Ste-Aldegonde-La-Longueville-2-scaled.jpg?resize=1200%2C1600&amp;ssl=1 1200w, https:\/\/i0.wp.com\/patrimoine-avesnois.fr\/fontaines\/wp-content\/uploads\/2022\/08\/Fontaine-Ste-Aldegonde-La-Longueville-2-scaled.jpg?w=1920&amp;ssl=1 1920w, https:\/\/i0.wp.com\/patrimoine-avesnois.fr\/fontaines\/wp-content\/uploads\/2022\/08\/Fontaine-Ste-Aldegonde-La-Longueville-2-scaled.jpg?w=1680&amp;ssl=1 1680w\" sizes=\"auto, (max-width: 768px) 85vw, 768px\" \/><figcaption class=\"wp-element-caption\">Fontaine Ste Aldegonde La Longueville r\u00e9nov\u00e9e en 2022 (Photo B Barant). <br>Une reconstruction avait d\u00e9j\u00e0 eu lieu en 1810 (ADN 2 O \/ 326\/55)<\/figcaption><\/figure>\n<\/div>\n\n<div class=\"wp-block-image\">\n<figure class=\"aligncenter size-large\"><img data-recalc-dims=\"1\" loading=\"lazy\" decoding=\"async\" width=\"768\" height=\"1024\" src=\"https:\/\/i0.wp.com\/patrimoine-avesnois.fr\/fontaines\/wp-content\/uploads\/2022\/08\/Fontaine-Ste-Aldegonde-La-Longueville.jpg?resize=768%2C1024&#038;ssl=1\" alt=\"\" class=\"wp-image-1836\" srcset=\"https:\/\/i0.wp.com\/patrimoine-avesnois.fr\/fontaines\/wp-content\/uploads\/2022\/08\/Fontaine-Ste-Aldegonde-La-Longueville.jpg?resize=768%2C1024&amp;ssl=1 768w, https:\/\/i0.wp.com\/patrimoine-avesnois.fr\/fontaines\/wp-content\/uploads\/2022\/08\/Fontaine-Ste-Aldegonde-La-Longueville.jpg?resize=225%2C300&amp;ssl=1 225w, https:\/\/i0.wp.com\/patrimoine-avesnois.fr\/fontaines\/wp-content\/uploads\/2022\/08\/Fontaine-Ste-Aldegonde-La-Longueville.jpg?resize=1152%2C1536&amp;ssl=1 1152w, https:\/\/i0.wp.com\/patrimoine-avesnois.fr\/fontaines\/wp-content\/uploads\/2022\/08\/Fontaine-Ste-Aldegonde-La-Longueville.jpg?resize=1200%2C1600&amp;ssl=1 1200w, https:\/\/i0.wp.com\/patrimoine-avesnois.fr\/fontaines\/wp-content\/uploads\/2022\/08\/Fontaine-Ste-Aldegonde-La-Longueville.jpg?w=1374&amp;ssl=1 1374w\" sizes=\"auto, (max-width: 768px) 85vw, 768px\" \/><figcaption class=\"wp-element-caption\">Fontaine Ste Aldegonde et lavoir La Longueville (Photo B Barant)<\/figcaption><\/figure>\n<\/div>\n\n\n<p>Le lavoir juste&nbsp;\u00e0 cot\u00e9 de la fontaine a \u00e9t\u00e9 remis en valeur. Au dire des anciens il servait d&rsquo;abreuvoir aux&nbsp;chevaux.<\/p>\n","protected":false},"excerpt":{"rendered":"<p>Une l\u00e9gende entoure la cr\u00e9ation de cette fontaine. Un prince anglais nomm\u00e9 \u00ab&nbsp;Eudon&nbsp;\u00bb souhaitait ardemment conqu\u00e9rir Sainte Aldegonde, la fille du seigneur de Coulsore, Walbert IV. Celle-ci n\u2019\u00e9tait pas de cet avis. Un jour, il se trouva face \u00e0 face avec elle \u00e0 La Longueville. Alors qu\u2019elle essayait de s\u2019\u00e9loigner, le prince tenta de la &hellip; <a href=\"https:\/\/patrimoine-avesnois.fr\/fontaines\/la-longueville-la-fontaine-ste-aldegonde\/\" class=\"more-link\">Continuer la lecture<span class=\"screen-reader-text\"> de &laquo;&nbsp;La Longueville : la fontaine Ste Aldegonde&nbsp;&raquo;<\/span><\/a><\/p>\n","protected":false},"author":2,"featured_media":0,"parent":0,"menu_order":0,"comment_status":"closed","ping_status":"closed","template":"","meta":{"footnotes":""},"class_list":["post-295","page","type-page","status-publish","hentry"],"jetpack_sharing_enabled":true,"_links":{"self":[{"href":"https:\/\/patrimoine-avesnois.fr\/fontaines\/wp-json\/wp\/v2\/pages\/295","targetHints":{"allow":["GET"]}}],"collection":[{"href":"https:\/\/patrimoine-avesnois.fr\/fontaines\/wp-json\/wp\/v2\/pages"}],"about":[{"href":"https:\/\/patrimoine-avesnois.fr\/fontaines\/wp-json\/wp\/v2\/types\/page"}],"author":[{"embeddable":true,"href":"https:\/\/patrimoine-avesnois.fr\/fontaines\/wp-json\/wp\/v2\/users\/2"}],"replies":[{"embeddable":true,"href":"https:\/\/patrimoine-avesnois.fr\/fontaines\/wp-json\/wp\/v2\/comments?post=295"}],"version-history":[{"count":5,"href":"https:\/\/patrimoine-avesnois.fr\/fontaines\/wp-json\/wp\/v2\/pages\/295\/revisions"}],"predecessor-version":[{"id":1907,"href":"https:\/\/patrimoine-avesnois.fr\/fontaines\/wp-json\/wp\/v2\/pages\/295\/revisions\/1907"}],"wp:attachment":[{"href":"https:\/\/patrimoine-avesnois.fr\/fontaines\/wp-json\/wp\/v2\/media?parent=295"}],"curies":[{"name":"wp","href":"https:\/\/api.w.org\/{rel}","templated":true}]}}